{"id":5733,"date":"2025-04-03T18:03:14","date_gmt":"2025-04-03T18:03:14","guid":{"rendered":"https:\/\/eu.motorad.com\/kuehlmitteltemperatursensoren-geber\/"},"modified":"2025-06-13T12:48:35","modified_gmt":"2025-06-13T12:48:35","slug":"kuehlmitteltemperatursensoren-geber","status":"publish","type":"page","link":"https:\/\/eu.motorad.com\/de\/produkte\/antriebsstrangsteuerungen\/kuehlmitteltemperatursensoren-geber\/","title":{"rendered":"K\u00dcHLMITTELTEMPERATURSENSOREN\/-GEBER"},"content":{"rendered":"<h1 style=\"margin-top:var(--wp--preset--spacing--60);margin-bottom:var(--wp--preset--spacing--60);\" class=\"wp-block-post-title\">K\u00dcHLMITTELTEMPERATURSENSOREN\/-GEBER<\/h1>\n<p>MotoRad K\u00fchlmitteltemperatursensoren liefern pr\u00e4zise Daten an das PCM, um eine ordnungsgem\u00e4\u00dfe Steuerung des Kraftstoffeinspritzsystems, der Z\u00fcndung und variablen Ventilsteuerung, der Getriebeschaltung und weiterer Funktionen Ihres Fahrzeugs zu gew\u00e4hrleisten. Sie werden unter Verwendung h\u00f6chstwertiger, OEM-zugelassener Materialien hergestellt, um eine erh\u00f6hte Haltbarkeit selbst bei extremsten Temperaturen zu garantieren. S\u00e4mtliche MotoRad K\u00fchlmitteltemperatursensoren sind darauf ausgelegt, die OEM-Spezifikationen in unseren ISO TS16949-zertifizierten Produktionsst\u00e4tten zu erf\u00fcllen oder zu \u00fcbertreffen.  <\/p>\n\n<div class=\"wp-block-columns is-layout-flex wp-container-core-columns-is-layout-95393138 wp-block-columns-is-layout-flex\" style=\"margin-top:var(--wp--preset--spacing--60);margin-bottom:var(--wp--preset--spacing--60)\">\n<div class=\"wp-block-column is-layout-flow wp-block-column-is-layout-flow\">\n<figure class=\"wp-block-image size-full\"><img loading=\"lazy\" decoding=\"async\" width=\"500\" height=\"500\" src=\"https:\/\/eu.motorad.com\/wp-content\/uploads\/2025\/04\/1TS1001_Angle.jpg\" alt=\"\" class=\"wp-image-4072\" srcset=\"https:\/\/eu.motorad.com\/wp-content\/uploads\/2025\/04\/1TS1001_Angle.jpg 500w, https:\/\/eu.motorad.com\/wp-content\/uploads\/2025\/04\/1TS1001_Angle-300x300.jpg 300w, https:\/\/eu.motorad.com\/wp-content\/uploads\/2025\/04\/1TS1001_Angle-150x150.jpg 150w\" sizes=\"auto, (max-width: 500px) 100vw, 500px\" \/><\/figure>\n<\/div>\n\n\n\n<div class=\"wp-block-column is-layout-flow wp-block-column-is-layout-flow\">\n<figure class=\"wp-block-image size-full\"><img loading=\"lazy\" decoding=\"async\" width=\"500\" height=\"500\" src=\"https:\/\/eu.motorad.com\/wp-content\/uploads\/2025\/04\/1TS1008_Angle-1.jpg\" alt=\"\" class=\"wp-image-4079\" srcset=\"https:\/\/eu.motorad.com\/wp-content\/uploads\/2025\/04\/1TS1008_Angle-1.jpg 500w, https:\/\/eu.motorad.com\/wp-content\/uploads\/2025\/04\/1TS1008_Angle-1-300x300.jpg 300w, https:\/\/eu.motorad.com\/wp-content\/uploads\/2025\/04\/1TS1008_Angle-1-150x150.jpg 150w\" sizes=\"auto, (max-width: 500px) 100vw, 500px\" \/><\/figure>\n<\/div>\n\n\n\n<div class=\"wp-block-column is-layout-flow wp-block-column-is-layout-flow\">\n<figure class=\"wp-block-image size-full\"><img loading=\"lazy\" decoding=\"async\" width=\"500\" height=\"500\" src=\"https:\/\/eu.motorad.com\/wp-content\/uploads\/2025\/04\/1TS1031_Angle.jpg\" alt=\"\" class=\"wp-image-4086\" srcset=\"https:\/\/eu.motorad.com\/wp-content\/uploads\/2025\/04\/1TS1031_Angle.jpg 500w, https:\/\/eu.motorad.com\/wp-content\/uploads\/2025\/04\/1TS1031_Angle-300x300.jpg 300w, https:\/\/eu.motorad.com\/wp-content\/uploads\/2025\/04\/1TS1031_Angle-150x150.jpg 150w\" sizes=\"auto, (max-width: 500px) 100vw, 500px\" \/><\/figure>\n<\/div>\n\n\n\n<div class=\"wp-block-column is-layout-flow wp-block-column-is-layout-flow\">\n<figure class=\"wp-block-image size-full\"><img loading=\"lazy\" decoding=\"async\" width=\"500\" height=\"500\" src=\"https:\/\/eu.motorad.com\/wp-content\/uploads\/2025\/04\/1TS1037_Angle.jpg\" alt=\"\" class=\"wp-image-4093\" srcset=\"https:\/\/eu.motorad.com\/wp-content\/uploads\/2025\/04\/1TS1037_Angle.jpg 500w, https:\/\/eu.motorad.com\/wp-content\/uploads\/2025\/04\/1TS1037_Angle-300x300.jpg 300w, https:\/\/eu.motorad.com\/wp-content\/uploads\/2025\/04\/1TS1037_Angle-150x150.jpg 150w\" sizes=\"auto, (max-width: 500px) 100vw, 500px\" \/><\/figure>\n<\/div>\n\n\n\n<div class=\"wp-block-column is-layout-flow wp-block-column-is-layout-flow\">\n<figure class=\"wp-block-image size-full\"><img loading=\"lazy\" decoding=\"async\" width=\"500\" height=\"500\" src=\"https:\/\/eu.motorad.com\/wp-content\/uploads\/2025\/04\/1TS1055_Angle.jpg\" alt=\"\" class=\"wp-image-4100\" srcset=\"https:\/\/eu.motorad.com\/wp-content\/uploads\/2025\/04\/1TS1055_Angle.jpg 500w, https:\/\/eu.motorad.com\/wp-content\/uploads\/2025\/04\/1TS1055_Angle-300x300.jpg 300w, https:\/\/eu.motorad.com\/wp-content\/uploads\/2025\/04\/1TS1055_Angle-150x150.jpg 150w\" sizes=\"auto, (max-width: 500px) 100vw, 500px\" \/><\/figure>\n<\/div>\n\n\n\n<div class=\"wp-block-column is-layout-flow wp-block-column-is-layout-flow\">\n<figure class=\"wp-block-image size-full\"><img loading=\"lazy\" decoding=\"async\" width=\"500\" height=\"500\" src=\"https:\/\/eu.motorad.com\/wp-content\/uploads\/2025\/04\/1TS1068_Angle.jpg\" alt=\"\" class=\"wp-image-4107\" srcset=\"https:\/\/eu.motorad.com\/wp-content\/uploads\/2025\/04\/1TS1068_Angle.jpg 500w, https:\/\/eu.motorad.com\/wp-content\/uploads\/2025\/04\/1TS1068_Angle-300x300.jpg 300w, https:\/\/eu.motorad.com\/wp-content\/uploads\/2025\/04\/1TS1068_Angle-150x150.jpg 150w\" sizes=\"auto, (max-width: 500px) 100vw, 500px\" \/><\/figure>\n<\/div>\n<\/div>\n\n<ul class=\"wp-block-list\">\n<li>100% werkseitig widerstandskalibriert, um Pr\u00e4zisionstoleranzen zu gew\u00e4hrleisten, was zu \u00e4u\u00dferst genauen Temperaturmessungen f\u00fcr optimale Leistung f\u00fchrt.<\/li>\n\n\n\n<li>Gewindedichtmittel und\/oder O-Ring bei allen zutreffenden Sensoren vorinstalliert, um eine leckagefreie Funktion sicherzustellen.<\/li>\n\n\n\n<li>Pr\u00e4zisionsgefertigtes Messinggeh\u00e4use f\u00fcr \u00fcberlegene Korrosionsbest\u00e4ndigkeit.<\/li>\n\n\n\n<li>OE-pr\u00e4zisionsabgestimmter Thermistor, der gew\u00e4hrleistet, dass MotoRad Sensoren in allen Temperaturpositionen mit den Ausgangswiderst\u00e4nden der Originalausr\u00fcstung \u00fcbereinstimmen.<\/li>\n\n\n\n<li>Umfangreiche Produkttests umfassen Salzspr\u00fchnebel, Hochtemperatur-\/Niedertemperatur-Schlagpr\u00fcfung, thermische Vibration, Haltbarkeit, statische Elektrizit\u00e4t und Mikrozug, neben anderen<br\/>Tests, um sicherzustellen, dass alle Sensoren die OEM-Spezifikationen erf\u00fcllen oder \u00fcbertreffen.<\/li>\n<\/ul>\n\n<figure class=\"wp-block-image aligncenter size-full\" style=\"margin-top:var(--wp--preset--spacing--60);margin-bottom:var(--wp--preset--spacing--60)\"><img loading=\"lazy\" decoding=\"async\" width=\"1233\" height=\"679\" src=\"https:\/\/eu.motorad.com\/wp-content\/uploads\/2025\/04\/cts1-1.jpg\" alt=\"\" class=\"wp-image-4115\" srcset=\"https:\/\/eu.motorad.com\/wp-content\/uploads\/2025\/04\/cts1-1.jpg 1233w, https:\/\/eu.motorad.com\/wp-content\/uploads\/2025\/04\/cts1-1-300x165.jpg 300w, https:\/\/eu.motorad.com\/wp-content\/uploads\/2025\/04\/cts1-1-1024x564.jpg 1024w, https:\/\/eu.motorad.com\/wp-content\/uploads\/2025\/04\/cts1-1-768x423.jpg 768w\" sizes=\"auto, (max-width: 1233px) 100vw, 1233px\" \/><\/figure>\n\n<div class=\"wp-block-buttons is-layout-flex wp-block-buttons-is-layout-flex\" style=\"margin-top:var(--wp--preset--spacing--60);margin-bottom:var(--wp--preset--spacing--70)\">\n<div class=\"wp-block-button\"><a class=\"wp-block-button__link wp-element-button\" href=\"https:\/\/eu.motorad.com\/products\/\">Finden Sie Sensoren f\u00fcr Ihre Anwendung<\/a><\/div>\n<\/div>\n","protected":false},"excerpt":{"rendered":"<p>MotoRad K\u00fchlmitteltemperatursensoren liefern pr\u00e4zise Daten an das PCM, um eine ordnungsgem\u00e4\u00dfe Steuerung des Kraftstoffeinspritzsystems, der Z\u00fcndung und variablen Ventilsteuerung, der [&#8230;]<\/p>\n","protected":false},"author":1,"featured_media":0,"parent":5873,"menu_order":0,"comment_status":"closed","ping_status":"closed","template":"","meta":{"_acf_changed":false,"footnotes":""},"class_list":["post-5733","page","type-page","status-publish","hentry"],"acf":[],"yoast_head":"<!-- This site is optimized with the Yoast SEO Premium plugin v27.2 (Yoast SEO v27.2) - https:\/\/yoast.com\/product\/yoast-seo-premium-wordpress\/ -->\n<title>K\u00dcHLMITTELTEMPERATURSENSOREN\/-GEBER - MotoRad<\/title>\n<meta name=\"description\" content=\"MotoRad - K\u00dcHLMITTELTEMPERATURSENSOREN\/-GEBER %\" \/>\n<meta name=\"robots\" content=\"index, follow, max-snippet:-1, max-image-preview:large, max-video-preview:-1\" \/>\n<link rel=\"canonical\" href=\"https:\/\/eu.motorad.com\/de\/produkte\/antriebsstrangsteuerungen\/kuehlmitteltemperatursensoren-geber\/\" \/>\n<meta property=\"og:locale\" content=\"de_DE\" \/>\n<meta property=\"og:type\" content=\"article\" \/>\n<meta property=\"og:title\" content=\"K\u00dcHLMITTELTEMPERATURSENSOREN\/-GEBER\" \/>\n<meta property=\"og:description\" content=\"MotoRad - K\u00dcHLMITTELTEMPERATURSENSOREN\/-GEBER %\" \/>\n<meta property=\"og:url\" content=\"https:\/\/eu.motorad.com\/de\/produkte\/antriebsstrangsteuerungen\/kuehlmitteltemperatursensoren-geber\/\" \/>\n<meta property=\"og:site_name\" content=\"MotoRad\" \/>\n<meta property=\"article:modified_time\" content=\"2025-06-13T12:48:35+00:00\" \/>\n<meta property=\"og:image\" content=\"https:\/\/eu.motorad.com\/wp-content\/uploads\/2025\/04\/1TS1001_Angle.jpg\" \/>\n\t<meta property=\"og:image:width\" content=\"500\" \/>\n\t<meta property=\"og:image:height\" content=\"500\" \/>\n\t<meta property=\"og:image:type\" content=\"image\/jpeg\" \/>\n<meta name=\"twitter:card\" content=\"summary_large_image\" \/>\n<meta name=\"twitter:label1\" content=\"Est. reading time\" \/>\n\t<meta name=\"twitter:data1\" content=\"1\u00a0Minute\" \/>\n<script type=\"application\/ld+json\" class=\"yoast-schema-graph\">{\"@context\":\"https:\/\/schema.org\",\"@graph\":[{\"@type\":\"WebPage\",\"@id\":\"https:\/\/eu.motorad.com\/de\/produkte\/antriebsstrangsteuerungen\/kuehlmitteltemperatursensoren-geber\/\",\"url\":\"https:\/\/eu.motorad.com\/de\/produkte\/antriebsstrangsteuerungen\/kuehlmitteltemperatursensoren-geber\/\",\"name\":\"K\u00dcHLMITTELTEMPERATURSENSOREN\/-GEBER - MotoRad\",\"isPartOf\":{\"@id\":\"https:\/\/eu.motorad.com\/de\/#website\"},\"primaryImageOfPage\":{\"@id\":\"https:\/\/eu.motorad.com\/de\/produkte\/antriebsstrangsteuerungen\/kuehlmitteltemperatursensoren-geber\/#primaryimage\"},\"image\":{\"@id\":\"https:\/\/eu.motorad.com\/de\/produkte\/antriebsstrangsteuerungen\/kuehlmitteltemperatursensoren-geber\/#primaryimage\"},\"thumbnailUrl\":\"https:\/\/eu.motorad.com\/wp-content\/uploads\/2025\/04\/1TS1001_Angle.jpg\",\"datePublished\":\"2025-04-03T18:03:14+00:00\",\"dateModified\":\"2025-06-13T12:48:35+00:00\",\"description\":\"MotoRad - K\u00dcHLMITTELTEMPERATURSENSOREN\/-GEBER %\",\"breadcrumb\":{\"@id\":\"https:\/\/eu.motorad.com\/de\/produkte\/antriebsstrangsteuerungen\/kuehlmitteltemperatursensoren-geber\/#breadcrumb\"},\"inLanguage\":\"de\",\"potentialAction\":[{\"@type\":\"ReadAction\",\"target\":[\"https:\/\/eu.motorad.com\/de\/produkte\/antriebsstrangsteuerungen\/kuehlmitteltemperatursensoren-geber\/\"]}]},{\"@type\":\"ImageObject\",\"inLanguage\":\"de\",\"@id\":\"https:\/\/eu.motorad.com\/de\/produkte\/antriebsstrangsteuerungen\/kuehlmitteltemperatursensoren-geber\/#primaryimage\",\"url\":\"https:\/\/eu.motorad.com\/wp-content\/uploads\/2025\/04\/1TS1001_Angle.jpg\",\"contentUrl\":\"https:\/\/eu.motorad.com\/wp-content\/uploads\/2025\/04\/1TS1001_Angle.jpg\"},{\"@type\":\"BreadcrumbList\",\"@id\":\"https:\/\/eu.motorad.com\/de\/produkte\/antriebsstrangsteuerungen\/kuehlmitteltemperatursensoren-geber\/#breadcrumb\",\"itemListElement\":[{\"@type\":\"ListItem\",\"position\":1,\"name\":\"Home\",\"item\":\"https:\/\/motoradnew.test\/de\/hauptseite\/\"},{\"@type\":\"ListItem\",\"position\":2,\"name\":\"Produkte\",\"item\":\"https:\/\/motoradnew.test\/de\/produkte\/\"},{\"@type\":\"ListItem\",\"position\":3,\"name\":\"Antriebsstrangsteuerungen\",\"item\":\"https:\/\/motoradnew.test\/de\/produkte\/antriebsstrangsteuerungen\/\"},{\"@type\":\"ListItem\",\"position\":4,\"name\":\"K\u00dcHLMITTELTEMPERATURSENSOREN\/-GEBER\"}]},{\"@type\":\"WebSite\",\"@id\":\"https:\/\/eu.motorad.com\/de\/#website\",\"url\":\"https:\/\/eu.motorad.com\/de\/\",\"name\":\"MotoRad\",\"description\":\"Trusted to Deliver Better - Thermal Management, Emissions, Powertrain Controls\",\"potentialAction\":[{\"@type\":\"SearchAction\",\"target\":{\"@type\":\"EntryPoint\",\"urlTemplate\":\"https:\/\/eu.motorad.com\/de\/?s={search_term_string}\"},\"query-input\":{\"@type\":\"PropertyValueSpecification\",\"valueRequired\":true,\"valueName\":\"search_term_string\"}}],\"inLanguage\":\"de\"}]}<\/script>\n<!-- \/ Yoast SEO Premium plugin. -->","yoast_head_json":{"title":"K\u00dcHLMITTELTEMPERATURSENSOREN\/-GEBER - MotoRad","description":"MotoRad - K\u00dcHLMITTELTEMPERATURSENSOREN\/-GEBER %","robots":{"index":"index","follow":"follow","max-snippet":"max-snippet:-1","max-image-preview":"max-image-preview:large","max-video-preview":"max-video-preview:-1"},"canonical":"https:\/\/eu.motorad.com\/de\/produkte\/antriebsstrangsteuerungen\/kuehlmitteltemperatursensoren-geber\/","og_locale":"de_DE","og_type":"article","og_title":"K\u00dcHLMITTELTEMPERATURSENSOREN\/-GEBER","og_description":"MotoRad - K\u00dcHLMITTELTEMPERATURSENSOREN\/-GEBER %","og_url":"https:\/\/eu.motorad.com\/de\/produkte\/antriebsstrangsteuerungen\/kuehlmitteltemperatursensoren-geber\/","og_site_name":"MotoRad","article_modified_time":"2025-06-13T12:48:35+00:00","og_image":[{"width":500,"height":500,"url":"https:\/\/eu.motorad.com\/wp-content\/uploads\/2025\/04\/1TS1001_Angle.jpg","type":"image\/jpeg"}],"twitter_card":"summary_large_image","twitter_misc":{"Est. reading time":"1\u00a0Minute"},"schema":{"@context":"https:\/\/schema.org","@graph":[{"@type":"WebPage","@id":"https:\/\/eu.motorad.com\/de\/produkte\/antriebsstrangsteuerungen\/kuehlmitteltemperatursensoren-geber\/","url":"https:\/\/eu.motorad.com\/de\/produkte\/antriebsstrangsteuerungen\/kuehlmitteltemperatursensoren-geber\/","name":"K\u00dcHLMITTELTEMPERATURSENSOREN\/-GEBER - MotoRad","isPartOf":{"@id":"https:\/\/eu.motorad.com\/de\/#website"},"primaryImageOfPage":{"@id":"https:\/\/eu.motorad.com\/de\/produkte\/antriebsstrangsteuerungen\/kuehlmitteltemperatursensoren-geber\/#primaryimage"},"image":{"@id":"https:\/\/eu.motorad.com\/de\/produkte\/antriebsstrangsteuerungen\/kuehlmitteltemperatursensoren-geber\/#primaryimage"},"thumbnailUrl":"https:\/\/eu.motorad.com\/wp-content\/uploads\/2025\/04\/1TS1001_Angle.jpg","datePublished":"2025-04-03T18:03:14+00:00","dateModified":"2025-06-13T12:48:35+00:00","description":"MotoRad - K\u00dcHLMITTELTEMPERATURSENSOREN\/-GEBER %","breadcrumb":{"@id":"https:\/\/eu.motorad.com\/de\/produkte\/antriebsstrangsteuerungen\/kuehlmitteltemperatursensoren-geber\/#breadcrumb"},"inLanguage":"de","potentialAction":[{"@type":"ReadAction","target":["https:\/\/eu.motorad.com\/de\/produkte\/antriebsstrangsteuerungen\/kuehlmitteltemperatursensoren-geber\/"]}]},{"@type":"ImageObject","inLanguage":"de","@id":"https:\/\/eu.motorad.com\/de\/produkte\/antriebsstrangsteuerungen\/kuehlmitteltemperatursensoren-geber\/#primaryimage","url":"https:\/\/eu.motorad.com\/wp-content\/uploads\/2025\/04\/1TS1001_Angle.jpg","contentUrl":"https:\/\/eu.motorad.com\/wp-content\/uploads\/2025\/04\/1TS1001_Angle.jpg"},{"@type":"BreadcrumbList","@id":"https:\/\/eu.motorad.com\/de\/produkte\/antriebsstrangsteuerungen\/kuehlmitteltemperatursensoren-geber\/#breadcrumb","itemListElement":[{"@type":"ListItem","position":1,"name":"Home","item":"https:\/\/motoradnew.test\/de\/hauptseite\/"},{"@type":"ListItem","position":2,"name":"Produkte","item":"https:\/\/motoradnew.test\/de\/produkte\/"},{"@type":"ListItem","position":3,"name":"Antriebsstrangsteuerungen","item":"https:\/\/motoradnew.test\/de\/produkte\/antriebsstrangsteuerungen\/"},{"@type":"ListItem","position":4,"name":"K\u00dcHLMITTELTEMPERATURSENSOREN\/-GEBER"}]},{"@type":"WebSite","@id":"https:\/\/eu.motorad.com\/de\/#website","url":"https:\/\/eu.motorad.com\/de\/","name":"MotoRad","description":"Trusted to Deliver Better - Thermal Management, Emissions, Powertrain Controls","potentialAction":[{"@type":"SearchAction","target":{"@type":"EntryPoint","urlTemplate":"https:\/\/eu.motorad.com\/de\/?s={search_term_string}"},"query-input":{"@type":"PropertyValueSpecification","valueRequired":true,"valueName":"search_term_string"}}],"inLanguage":"de"}]}},"_links":{"self":[{"href":"https:\/\/eu.motorad.com\/de\/wp-json\/wp\/v2\/pages\/5733","targetHints":{"allow":["GET"]}}],"collection":[{"href":"https:\/\/eu.motorad.com\/de\/wp-json\/wp\/v2\/pages"}],"about":[{"href":"https:\/\/eu.motorad.com\/de\/wp-json\/wp\/v2\/types\/page"}],"author":[{"embeddable":true,"href":"https:\/\/eu.motorad.com\/de\/wp-json\/wp\/v2\/users\/1"}],"replies":[{"embeddable":true,"href":"https:\/\/eu.motorad.com\/de\/wp-json\/wp\/v2\/comments?post=5733"}],"version-history":[{"count":1,"href":"https:\/\/eu.motorad.com\/de\/wp-json\/wp\/v2\/pages\/5733\/revisions"}],"predecessor-version":[{"id":5734,"href":"https:\/\/eu.motorad.com\/de\/wp-json\/wp\/v2\/pages\/5733\/revisions\/5734"}],"up":[{"embeddable":true,"href":"https:\/\/eu.motorad.com\/de\/wp-json\/wp\/v2\/pages\/5873"}],"wp:attachment":[{"href":"https:\/\/eu.motorad.com\/de\/wp-json\/wp\/v2\/media?parent=5733"}],"curies":[{"name":"wp","href":"https:\/\/api.w.org\/{rel}","templated":true}]}}