{"id":5808,"date":"2025-04-03T18:00:34","date_gmt":"2025-04-03T18:00:34","guid":{"rendered":"https:\/\/eu.motorad.com\/vvt-magnetventile\/"},"modified":"2025-06-13T12:48:35","modified_gmt":"2025-06-13T12:48:35","slug":"vvt-magnetventile","status":"publish","type":"page","link":"https:\/\/eu.motorad.com\/de\/produkte\/antriebsstrangsteuerungen\/vvt-magnetventile\/","title":{"rendered":"VVT-MAGNETVENTILE"},"content":{"rendered":"<h1 style=\"margin-top:var(--wp--preset--spacing--60);margin-bottom:var(--wp--preset--spacing--60);\" class=\"wp-block-post-title\">VVT-MAGNETVENTILE<\/h1>\n<p>MotoRad VVT-Magnetventile funktionieren unter extremen Betriebsbedingungen und stellen gleichzeitig die Kraftstoffeffizienz wieder her und reduzieren die Emissionen. Sie sind so konstruiert, dass sie verschiedenen \u00d6lformulierungen und Verunreinigungen standhalten. Alle MotoRad VVT-Magnetventile werden in unseren ISO TS76949-zertifizierten Produktionsanlagen entwickelt, um die OEM-Spezifikationen zu erf\u00fcllen oder zu \u00fcbertreffen.  <\/p>\n\n<div class=\"wp-block-columns is-layout-flex wp-container-core-columns-is-layout-45c10ec9 wp-block-columns-is-layout-flex\" style=\"margin-top:var(--wp--preset--spacing--60);margin-bottom:var(--wp--preset--spacing--60)\">\n<div class=\"wp-block-column is-layout-flow wp-block-column-is-layout-flow\">\n<figure class=\"wp-block-image size-full\"><img loading=\"lazy\" decoding=\"async\" width=\"500\" height=\"500\" src=\"https:\/\/eu.motorad.com\/wp-content\/uploads\/2025\/04\/1VS104_Angle.jpg\" alt=\"\" class=\"wp-image-4025\" srcset=\"https:\/\/eu.motorad.com\/wp-content\/uploads\/2025\/04\/1VS104_Angle.jpg 500w, https:\/\/eu.motorad.com\/wp-content\/uploads\/2025\/04\/1VS104_Angle-300x300.jpg 300w, https:\/\/eu.motorad.com\/wp-content\/uploads\/2025\/04\/1VS104_Angle-150x150.jpg 150w\" sizes=\"auto, (max-width: 500px) 100vw, 500px\" \/><\/figure>\n<\/div>\n\n\n\n<div class=\"wp-block-column is-layout-flow wp-block-column-is-layout-flow\">\n<figure class=\"wp-block-image size-full\"><img loading=\"lazy\" decoding=\"async\" width=\"500\" height=\"500\" src=\"https:\/\/eu.motorad.com\/wp-content\/uploads\/2025\/04\/1VS109_Angle.jpg\" alt=\"\" class=\"wp-image-4032\" srcset=\"https:\/\/eu.motorad.com\/wp-content\/uploads\/2025\/04\/1VS109_Angle.jpg 500w, https:\/\/eu.motorad.com\/wp-content\/uploads\/2025\/04\/1VS109_Angle-300x300.jpg 300w, https:\/\/eu.motorad.com\/wp-content\/uploads\/2025\/04\/1VS109_Angle-150x150.jpg 150w\" sizes=\"auto, (max-width: 500px) 100vw, 500px\" \/><\/figure>\n<\/div>\n\n\n\n<div class=\"wp-block-column is-layout-flow wp-block-column-is-layout-flow\">\n<figure class=\"wp-block-image size-full\"><img loading=\"lazy\" decoding=\"async\" width=\"500\" height=\"500\" src=\"https:\/\/eu.motorad.com\/wp-content\/uploads\/2025\/04\/1VS130_Angle.jpg\" alt=\"\" class=\"wp-image-4039\" srcset=\"https:\/\/eu.motorad.com\/wp-content\/uploads\/2025\/04\/1VS130_Angle.jpg 500w, https:\/\/eu.motorad.com\/wp-content\/uploads\/2025\/04\/1VS130_Angle-300x300.jpg 300w, https:\/\/eu.motorad.com\/wp-content\/uploads\/2025\/04\/1VS130_Angle-150x150.jpg 150w\" sizes=\"auto, (max-width: 500px) 100vw, 500px\" \/><\/figure>\n<\/div>\n\n\n\n<div class=\"wp-block-column is-layout-flow wp-block-column-is-layout-flow\">\n<figure class=\"wp-block-image size-full\"><img loading=\"lazy\" decoding=\"async\" width=\"500\" height=\"500\" src=\"https:\/\/eu.motorad.com\/wp-content\/uploads\/2025\/04\/1VS139_Angle.jpg\" alt=\"\" class=\"wp-image-4046\" srcset=\"https:\/\/eu.motorad.com\/wp-content\/uploads\/2025\/04\/1VS139_Angle.jpg 500w, https:\/\/eu.motorad.com\/wp-content\/uploads\/2025\/04\/1VS139_Angle-300x300.jpg 300w, https:\/\/eu.motorad.com\/wp-content\/uploads\/2025\/04\/1VS139_Angle-150x150.jpg 150w\" sizes=\"auto, (max-width: 500px) 100vw, 500px\" \/><\/figure>\n<\/div>\n\n\n\n<div class=\"wp-block-column is-layout-flow wp-block-column-is-layout-flow\">\n<figure class=\"wp-block-image size-full\"><img loading=\"lazy\" decoding=\"async\" width=\"500\" height=\"500\" src=\"https:\/\/eu.motorad.com\/wp-content\/uploads\/2025\/04\/1VS141_Angle-1.jpg\" alt=\"\" class=\"wp-image-4053\" srcset=\"https:\/\/eu.motorad.com\/wp-content\/uploads\/2025\/04\/1VS141_Angle-1.jpg 500w, https:\/\/eu.motorad.com\/wp-content\/uploads\/2025\/04\/1VS141_Angle-1-300x300.jpg 300w, https:\/\/eu.motorad.com\/wp-content\/uploads\/2025\/04\/1VS141_Angle-1-150x150.jpg 150w\" sizes=\"auto, (max-width: 500px) 100vw, 500px\" \/><\/figure>\n<\/div>\n\n\n\n<div class=\"wp-block-column is-layout-flow wp-block-column-is-layout-flow\">\n<figure class=\"wp-block-image size-full\"><img loading=\"lazy\" decoding=\"async\" width=\"500\" height=\"500\" src=\"https:\/\/eu.motorad.com\/wp-content\/uploads\/2025\/04\/1VS180_Angle.jpg\" alt=\"\" class=\"wp-image-4060\" srcset=\"https:\/\/eu.motorad.com\/wp-content\/uploads\/2025\/04\/1VS180_Angle.jpg 500w, https:\/\/eu.motorad.com\/wp-content\/uploads\/2025\/04\/1VS180_Angle-300x300.jpg 300w, https:\/\/eu.motorad.com\/wp-content\/uploads\/2025\/04\/1VS180_Angle-150x150.jpg 150w\" sizes=\"auto, (max-width: 500px) 100vw, 500px\" \/><\/figure>\n<\/div>\n<\/div>\n\n<ul class=\"wp-block-list\">\n<li style=\"margin-bottom:var(--wp--preset--spacing--20)\">Maschinell polierte Ventilk\u00f6rper reduzieren signifikant die Reibung und den Verschlei\u00df \u00fcber die Zeit.<\/li>\n\n\n\n<li style=\"margin-bottom:var(--wp--preset--spacing--20)\">Die Komplettl\u00f6sung beinhaltet hochwertige Dichtungen und O-Ringe.<\/li>\n\n\n\n<li style=\"margin-bottom:var(--wp--preset--spacing--20)\">Entwickelt zur Optimierung der Kraftstoffeffizienz und zur Reduzierung von Emissionen.<\/li>\n\n\n\n<li style=\"margin-bottom:var(--wp--preset--spacing--20)\">Umfangreiche Produkthaltbarkeitstests beinhalten unter anderem Pr\u00fcfungen auf extreme Temperaturen, Vibrationen, Druck, Feuchtigkeit und Korrosionsbest\u00e4ndigkeit, um sicherzustellen, dass alle VVT-Magnetventile die OEM-Spezifikationen erf\u00fcllen oder \u00fcbertreffen.<\/li>\n\n\n\n<li style=\"margin-bottom:var(--wp--preset--spacing--20)\">OE-konformer Filtrationssieb zur Reduzierung von Verunreinigungen.<\/li>\n<\/ul>\n\n<div class=\"wp-block-buttons is-layout-flex wp-block-buttons-is-layout-flex\" style=\"margin-top:var(--wp--preset--spacing--60);margin-bottom:var(--wp--preset--spacing--70)\">\n<div class=\"wp-block-button\"><a class=\"wp-block-button__link wp-element-button\" href=\"https:\/\/eu.motorad.com\/products\/\">Finden Sie das VVT-Magnetventil f\u00fcr Ihre Anwendung<\/a><\/div>\n<\/div>\n","protected":false},"excerpt":{"rendered":"<p>MotoRad VVT-Magnetventile funktionieren unter extremen Betriebsbedingungen und stellen gleichzeitig die Kraftstoffeffizienz wieder her und reduzieren die Emissionen. Sie sind so [&#8230;]<\/p>\n","protected":false},"author":1,"featured_media":0,"parent":5873,"menu_order":0,"comment_status":"closed","ping_status":"closed","template":"","meta":{"_acf_changed":false,"footnotes":""},"class_list":["post-5808","page","type-page","status-publish","hentry"],"acf":[],"yoast_head":"<!-- This site is optimized with the Yoast SEO Premium plugin v27.2 (Yoast SEO v27.2) - https:\/\/yoast.com\/product\/yoast-seo-premium-wordpress\/ -->\n<title>VVT-MAGNETVENTILE - MotoRad<\/title>\n<meta name=\"description\" content=\"MotoRad - VVT-MAGNETVENTILE %\" \/>\n<meta name=\"robots\" content=\"index, follow, max-snippet:-1, max-image-preview:large, max-video-preview:-1\" \/>\n<link rel=\"canonical\" href=\"https:\/\/eu.motorad.com\/de\/produkte\/antriebsstrangsteuerungen\/vvt-magnetventile\/\" \/>\n<meta property=\"og:locale\" content=\"de_DE\" \/>\n<meta property=\"og:type\" content=\"article\" \/>\n<meta property=\"og:title\" content=\"VVT-MAGNETVENTILE\" \/>\n<meta property=\"og:description\" content=\"MotoRad - VVT-MAGNETVENTILE %\" \/>\n<meta property=\"og:url\" content=\"https:\/\/eu.motorad.com\/de\/produkte\/antriebsstrangsteuerungen\/vvt-magnetventile\/\" \/>\n<meta property=\"og:site_name\" content=\"MotoRad\" \/>\n<meta property=\"article:modified_time\" content=\"2025-06-13T12:48:35+00:00\" \/>\n<meta property=\"og:image\" content=\"https:\/\/eu.motorad.com\/wp-content\/uploads\/2025\/04\/1VS104_Angle.jpg\" \/>\n\t<meta property=\"og:image:width\" content=\"500\" \/>\n\t<meta property=\"og:image:height\" content=\"500\" \/>\n\t<meta property=\"og:image:type\" content=\"image\/jpeg\" \/>\n<meta name=\"twitter:card\" content=\"summary_large_image\" \/>\n<meta name=\"twitter:label1\" content=\"Est. reading time\" \/>\n\t<meta name=\"twitter:data1\" content=\"1\u00a0Minute\" \/>\n<script type=\"application\/ld+json\" class=\"yoast-schema-graph\">{\"@context\":\"https:\/\/schema.org\",\"@graph\":[{\"@type\":\"WebPage\",\"@id\":\"https:\/\/eu.motorad.com\/de\/produkte\/antriebsstrangsteuerungen\/vvt-magnetventile\/\",\"url\":\"https:\/\/eu.motorad.com\/de\/produkte\/antriebsstrangsteuerungen\/vvt-magnetventile\/\",\"name\":\"VVT-MAGNETVENTILE - MotoRad\",\"isPartOf\":{\"@id\":\"https:\/\/eu.motorad.com\/de\/#website\"},\"primaryImageOfPage\":{\"@id\":\"https:\/\/eu.motorad.com\/de\/produkte\/antriebsstrangsteuerungen\/vvt-magnetventile\/#primaryimage\"},\"image\":{\"@id\":\"https:\/\/eu.motorad.com\/de\/produkte\/antriebsstrangsteuerungen\/vvt-magnetventile\/#primaryimage\"},\"thumbnailUrl\":\"https:\/\/eu.motorad.com\/wp-content\/uploads\/2025\/04\/1VS104_Angle.jpg\",\"datePublished\":\"2025-04-03T18:00:34+00:00\",\"dateModified\":\"2025-06-13T12:48:35+00:00\",\"description\":\"MotoRad - VVT-MAGNETVENTILE %\",\"breadcrumb\":{\"@id\":\"https:\/\/eu.motorad.com\/de\/produkte\/antriebsstrangsteuerungen\/vvt-magnetventile\/#breadcrumb\"},\"inLanguage\":\"de\",\"potentialAction\":[{\"@type\":\"ReadAction\",\"target\":[\"https:\/\/eu.motorad.com\/de\/produkte\/antriebsstrangsteuerungen\/vvt-magnetventile\/\"]}]},{\"@type\":\"ImageObject\",\"inLanguage\":\"de\",\"@id\":\"https:\/\/eu.motorad.com\/de\/produkte\/antriebsstrangsteuerungen\/vvt-magnetventile\/#primaryimage\",\"url\":\"https:\/\/eu.motorad.com\/wp-content\/uploads\/2025\/04\/1VS104_Angle.jpg\",\"contentUrl\":\"https:\/\/eu.motorad.com\/wp-content\/uploads\/2025\/04\/1VS104_Angle.jpg\"},{\"@type\":\"BreadcrumbList\",\"@id\":\"https:\/\/eu.motorad.com\/de\/produkte\/antriebsstrangsteuerungen\/vvt-magnetventile\/#breadcrumb\",\"itemListElement\":[{\"@type\":\"ListItem\",\"position\":1,\"name\":\"Home\",\"item\":\"https:\/\/motoradnew.test\/de\/hauptseite\/\"},{\"@type\":\"ListItem\",\"position\":2,\"name\":\"Produkte\",\"item\":\"https:\/\/motoradnew.test\/de\/produkte\/\"},{\"@type\":\"ListItem\",\"position\":3,\"name\":\"Antriebsstrangsteuerungen\",\"item\":\"https:\/\/motoradnew.test\/de\/produkte\/antriebsstrangsteuerungen\/\"},{\"@type\":\"ListItem\",\"position\":4,\"name\":\"VVT-MAGNETVENTILE\"}]},{\"@type\":\"WebSite\",\"@id\":\"https:\/\/eu.motorad.com\/de\/#website\",\"url\":\"https:\/\/eu.motorad.com\/de\/\",\"name\":\"MotoRad\",\"description\":\"Trusted to Deliver Better - Thermal Management, Emissions, Powertrain Controls\",\"potentialAction\":[{\"@type\":\"SearchAction\",\"target\":{\"@type\":\"EntryPoint\",\"urlTemplate\":\"https:\/\/eu.motorad.com\/de\/?s={search_term_string}\"},\"query-input\":{\"@type\":\"PropertyValueSpecification\",\"valueRequired\":true,\"valueName\":\"search_term_string\"}}],\"inLanguage\":\"de\"}]}<\/script>\n<!-- \/ Yoast SEO Premium plugin. -->","yoast_head_json":{"title":"VVT-MAGNETVENTILE - MotoRad","description":"MotoRad - VVT-MAGNETVENTILE %","robots":{"index":"index","follow":"follow","max-snippet":"max-snippet:-1","max-image-preview":"max-image-preview:large","max-video-preview":"max-video-preview:-1"},"canonical":"https:\/\/eu.motorad.com\/de\/produkte\/antriebsstrangsteuerungen\/vvt-magnetventile\/","og_locale":"de_DE","og_type":"article","og_title":"VVT-MAGNETVENTILE","og_description":"MotoRad - VVT-MAGNETVENTILE %","og_url":"https:\/\/eu.motorad.com\/de\/produkte\/antriebsstrangsteuerungen\/vvt-magnetventile\/","og_site_name":"MotoRad","article_modified_time":"2025-06-13T12:48:35+00:00","og_image":[{"width":500,"height":500,"url":"https:\/\/eu.motorad.com\/wp-content\/uploads\/2025\/04\/1VS104_Angle.jpg","type":"image\/jpeg"}],"twitter_card":"summary_large_image","twitter_misc":{"Est. reading time":"1\u00a0Minute"},"schema":{"@context":"https:\/\/schema.org","@graph":[{"@type":"WebPage","@id":"https:\/\/eu.motorad.com\/de\/produkte\/antriebsstrangsteuerungen\/vvt-magnetventile\/","url":"https:\/\/eu.motorad.com\/de\/produkte\/antriebsstrangsteuerungen\/vvt-magnetventile\/","name":"VVT-MAGNETVENTILE - MotoRad","isPartOf":{"@id":"https:\/\/eu.motorad.com\/de\/#website"},"primaryImageOfPage":{"@id":"https:\/\/eu.motorad.com\/de\/produkte\/antriebsstrangsteuerungen\/vvt-magnetventile\/#primaryimage"},"image":{"@id":"https:\/\/eu.motorad.com\/de\/produkte\/antriebsstrangsteuerungen\/vvt-magnetventile\/#primaryimage"},"thumbnailUrl":"https:\/\/eu.motorad.com\/wp-content\/uploads\/2025\/04\/1VS104_Angle.jpg","datePublished":"2025-04-03T18:00:34+00:00","dateModified":"2025-06-13T12:48:35+00:00","description":"MotoRad - VVT-MAGNETVENTILE %","breadcrumb":{"@id":"https:\/\/eu.motorad.com\/de\/produkte\/antriebsstrangsteuerungen\/vvt-magnetventile\/#breadcrumb"},"inLanguage":"de","potentialAction":[{"@type":"ReadAction","target":["https:\/\/eu.motorad.com\/de\/produkte\/antriebsstrangsteuerungen\/vvt-magnetventile\/"]}]},{"@type":"ImageObject","inLanguage":"de","@id":"https:\/\/eu.motorad.com\/de\/produkte\/antriebsstrangsteuerungen\/vvt-magnetventile\/#primaryimage","url":"https:\/\/eu.motorad.com\/wp-content\/uploads\/2025\/04\/1VS104_Angle.jpg","contentUrl":"https:\/\/eu.motorad.com\/wp-content\/uploads\/2025\/04\/1VS104_Angle.jpg"},{"@type":"BreadcrumbList","@id":"https:\/\/eu.motorad.com\/de\/produkte\/antriebsstrangsteuerungen\/vvt-magnetventile\/#breadcrumb","itemListElement":[{"@type":"ListItem","position":1,"name":"Home","item":"https:\/\/motoradnew.test\/de\/hauptseite\/"},{"@type":"ListItem","position":2,"name":"Produkte","item":"https:\/\/motoradnew.test\/de\/produkte\/"},{"@type":"ListItem","position":3,"name":"Antriebsstrangsteuerungen","item":"https:\/\/motoradnew.test\/de\/produkte\/antriebsstrangsteuerungen\/"},{"@type":"ListItem","position":4,"name":"VVT-MAGNETVENTILE"}]},{"@type":"WebSite","@id":"https:\/\/eu.motorad.com\/de\/#website","url":"https:\/\/eu.motorad.com\/de\/","name":"MotoRad","description":"Trusted to Deliver Better - Thermal Management, Emissions, Powertrain Controls","potentialAction":[{"@type":"SearchAction","target":{"@type":"EntryPoint","urlTemplate":"https:\/\/eu.motorad.com\/de\/?s={search_term_string}"},"query-input":{"@type":"PropertyValueSpecification","valueRequired":true,"valueName":"search_term_string"}}],"inLanguage":"de"}]}},"_links":{"self":[{"href":"https:\/\/eu.motorad.com\/de\/wp-json\/wp\/v2\/pages\/5808","targetHints":{"allow":["GET"]}}],"collection":[{"href":"https:\/\/eu.motorad.com\/de\/wp-json\/wp\/v2\/pages"}],"about":[{"href":"https:\/\/eu.motorad.com\/de\/wp-json\/wp\/v2\/types\/page"}],"author":[{"embeddable":true,"href":"https:\/\/eu.motorad.com\/de\/wp-json\/wp\/v2\/users\/1"}],"replies":[{"embeddable":true,"href":"https:\/\/eu.motorad.com\/de\/wp-json\/wp\/v2\/comments?post=5808"}],"version-history":[{"count":1,"href":"https:\/\/eu.motorad.com\/de\/wp-json\/wp\/v2\/pages\/5808\/revisions"}],"predecessor-version":[{"id":5810,"href":"https:\/\/eu.motorad.com\/de\/wp-json\/wp\/v2\/pages\/5808\/revisions\/5810"}],"up":[{"embeddable":true,"href":"https:\/\/eu.motorad.com\/de\/wp-json\/wp\/v2\/pages\/5873"}],"wp:attachment":[{"href":"https:\/\/eu.motorad.com\/de\/wp-json\/wp\/v2\/media?parent=5808"}],"curies":[{"name":"wp","href":"https:\/\/api.w.org\/{rel}","templated":true}]}}