{"id":5834,"date":"2025-04-03T18:54:33","date_gmt":"2025-04-03T18:54:33","guid":{"rendered":"https:\/\/eu.motorad.com\/evap-system\/tankentlueftungsventile\/"},"modified":"2025-06-13T12:48:14","modified_gmt":"2025-06-13T12:48:14","slug":"tankentlueftungsventile","status":"publish","type":"page","link":"https:\/\/eu.motorad.com\/de\/produkte\/evap-system\/tankentlueftungsventile\/","title":{"rendered":"Tankentl\u00fcftungsventile"},"content":{"rendered":"<h1 style=\"margin-top:var(--wp--preset--spacing--60);margin-bottom:var(--wp--preset--spacing--60);\" class=\"wp-block-post-title\">Tankentl\u00fcftungsventile<\/h1>\n<div class=\"wp-block-columns is-layout-flex wp-container-core-columns-is-layout-d07913d3 wp-block-columns-is-layout-flex\" style=\"margin-bottom:var(--wp--preset--spacing--60)\">\n<div class=\"wp-block-column is-layout-flow wp-block-column-is-layout-flow\" style=\"flex-basis:33.33%\">\n<figure class=\"wp-block-image size-full\"><img loading=\"lazy\" decoding=\"async\" width=\"2560\" height=\"2560\" src=\"https:\/\/eu.motorad.com\/wp-content\/uploads\/2025\/04\/EVP0096_Angle-scaled-1.jpg\" alt=\"\" class=\"wp-image-4511\" srcset=\"https:\/\/eu.motorad.com\/wp-content\/uploads\/2025\/04\/EVP0096_Angle-scaled-1.jpg 2560w, https:\/\/eu.motorad.com\/wp-content\/uploads\/2025\/04\/EVP0096_Angle-scaled-1-300x300.jpg 300w, https:\/\/eu.motorad.com\/wp-content\/uploads\/2025\/04\/EVP0096_Angle-scaled-1-1024x1024.jpg 1024w, https:\/\/eu.motorad.com\/wp-content\/uploads\/2025\/04\/EVP0096_Angle-scaled-1-150x150.jpg 150w, https:\/\/eu.motorad.com\/wp-content\/uploads\/2025\/04\/EVP0096_Angle-scaled-1-768x768.jpg 768w, https:\/\/eu.motorad.com\/wp-content\/uploads\/2025\/04\/EVP0096_Angle-scaled-1-1536x1536.jpg 1536w, https:\/\/eu.motorad.com\/wp-content\/uploads\/2025\/04\/EVP0096_Angle-scaled-1-2048x2048.jpg 2048w\" sizes=\"auto, (max-width: 2560px) 100vw, 2560px\" \/><\/figure>\n<\/div>\n\n\n\n<div class=\"wp-block-column is-layout-flow wp-block-column-is-layout-flow\" style=\"flex-basis:66.66%\">\n<p>Das Tankentl\u00fcftungsventil spielt eine entscheidende Rolle im Emissionskontrollsystem eines Kraftfahrzeugs, indem es dazu beitr\u00e4gt, sch\u00e4dliche Schadstoffe zu reduzieren, die in die Umwelt gelangen k\u00f6nnen. Dieses Ventil reguliert die Freisetzung von Kraftstoffd\u00e4mpfen aus dem Kraftstofftank, indem es diese in das Ansaugkr\u00fcmmer des Motors leitet, wo sie verbrannt werden k\u00f6nnen, anstatt in die Atmosph\u00e4re freigesetzt zu werden. Durch die Kontrolle dieser D\u00e4mpfe minimiert das Entl\u00fcftungsventil die Auswirkungen des Fahrzeugs auf die Luftqualit\u00e4t, tr\u00e4gt zu saubereren Emissionen bei und erf\u00fcllt Umweltstandards.  <\/p>\n\n\n\n<p>Ein hochwertiges Ersatz-Entl\u00fcftungsventil ist unerl\u00e4sslich f\u00fcr die Aufrechterhaltung einer optimalen Fahrzeugleistung und die Einhaltung von Umweltvorschriften. Minderwertig hergestellte Ventile k\u00f6nnen zu Kraftstoffdampflecks f\u00fchren, die nicht nur der Umwelt schaden, sondern auch die Kraftstoffeffizienz reduzieren und m\u00f6glicherweise andere Motorkomponenten im Laufe der Zeit besch\u00e4digen.  <\/p>\n\n\n\n<p>Die Tankentl\u00fcftungsventile von GenericProductName sind langlebig und gut konstruiert, um die Zuverl\u00e4ssigkeit des Systems zu verbessern, Dampfverluste zu verhindern und sicherzustellen, dass Emissionen konsequent minimiert werden. Die Wahl eines qualitativ hochwertigen Ersatzteils ist eine Investition in die langfristige Motorgesundheit, Kraftstoffeffizienz und Umweltverantwortung. <\/p>\n<\/div>\n<\/div>\n\n<ul style=\"margin-bottom:var(--wp--preset--spacing--20)\" class=\"wp-block-list\">\n<li>Gew\u00e4hrleistet den Verschluss des EVAP-Systems (normalerweise bel\u00fcftet) w\u00e4hrend des OBD II-Testzyklus<\/li>\n<\/ul>\n\n<ul style=\"margin-bottom:var(--wp--preset--spacing--20)\" class=\"wp-block-list\">\n<li>Beinhaltet einen integrierten Filter, der Verunreinigungen und Partikel aus der einstr\u00f6menden Luft auff\u00e4ngt, Verstopfungen verhindert und einen sauberen Luftstrom sicherstellt<\/li>\n<\/ul>\n\n<ul style=\"margin-bottom:var(--wp--preset--spacing--20)\" class=\"wp-block-list\">\n<li>Schnelles Ansprechen des Ventils auf Motoranforderungen, gew\u00e4hrleistet eine effiziente Entl\u00fcftung der D\u00e4mpfe und optimiert die Gesamtmotorleistung<\/li>\n<\/ul>\n\n<h3 class=\"wp-block-heading has-palette-interactive-color has-text-color has-link-color wp-elements-ad7c628f92f15d377230e4cde108e664\" id=\"h-available-january-2025\" style=\"margin-top:var(--wp--preset--spacing--60)\">Verf\u00fcgbar ab Januar 2025<\/h3>\n\n<hr class=\"wp-block-separator has-text-color has-palette-brand-3-color has-alpha-channel-opacity has-palette-brand-3-background-color has-background is-style-wide\" style=\"margin-top:var(--wp--preset--spacing--60);margin-bottom:var(--wp--preset--spacing--60)\"\/>\n\n<div class=\"wp-block-columns are-vertically-aligned-center is-layout-flex wp-container-core-columns-is-layout-06f677bf wp-block-columns-is-layout-flex\" style=\"margin-bottom:var(--wp--preset--spacing--70)\">\n<div class=\"wp-block-column is-vertically-aligned-center is-layout-flow wp-block-column-is-layout-flow\" style=\"flex-basis:33.33%\">\n<figure class=\"wp-block-image size-full\"><img loading=\"lazy\" decoding=\"async\" width=\"1200\" height=\"498\" src=\"https:\/\/eu.motorad.com\/wp-content\/uploads\/2025\/04\/24-evap-icon-1.jpg\" alt=\"\" class=\"wp-image-4518\" srcset=\"https:\/\/eu.motorad.com\/wp-content\/uploads\/2025\/04\/24-evap-icon-1.jpg 1200w, https:\/\/eu.motorad.com\/wp-content\/uploads\/2025\/04\/24-evap-icon-1-300x125.jpg 300w, https:\/\/eu.motorad.com\/wp-content\/uploads\/2025\/04\/24-evap-icon-1-1024x425.jpg 1024w, https:\/\/eu.motorad.com\/wp-content\/uploads\/2025\/04\/24-evap-icon-1-768x319.jpg 768w\" sizes=\"auto, (max-width: 1200px) 100vw, 1200px\" \/><\/figure>\n<\/div>\n\n\n\n<div class=\"wp-block-column is-vertically-aligned-center is-layout-flow wp-block-column-is-layout-flow\" style=\"flex-basis:66.66%\">\n<h2 class=\"wp-block-heading\" id=\"h-see-the-full-line-of-evap-system-products\"><a href=\"https:\/\/eu.motorad.com\/de\/evap-system\/\">Betrachten Sie die vollst\u00e4ndige Produktpalette f\u00fcr EVAP-Systeme<\/a><\/h2>\n<\/div>\n<\/div>\n\n<div class=\"wp-block-cover alignfull is-light\" style=\"padding-top:var(--wp--preset--spacing--60);padding-bottom:var(--wp--preset--spacing--60)\"><span aria-hidden=\"true\" class=\"wp-block-cover__background has-background-dim-0 has-background-dim\" style=\"background-color:#ece5d9\"><\/span><img loading=\"lazy\" decoding=\"async\" width=\"1505\" height=\"305\" class=\"wp-block-cover__image-background wp-image-223\" alt=\"\" src=\"https:\/\/eu.motorad.com\/wp-content\/uploads\/2025\/03\/FooterCTA.jpg\" data-object-fit=\"cover\" srcset=\"https:\/\/eu.motorad.com\/wp-content\/uploads\/2025\/03\/FooterCTA.jpg 1505w, https:\/\/eu.motorad.com\/wp-content\/uploads\/2025\/03\/FooterCTA-300x61.jpg 300w, https:\/\/eu.motorad.com\/wp-content\/uploads\/2025\/03\/FooterCTA-1024x208.jpg 1024w, https:\/\/eu.motorad.com\/wp-content\/uploads\/2025\/03\/FooterCTA-768x156.jpg 768w\" sizes=\"auto, (max-width: 1505px) 100vw, 1505px\" \/><div class=\"wp-block-cover__inner-container is-layout-flow wp-block-cover-is-layout-flow\">\n<div class=\"wp-block-columns are-vertically-aligned-center is-layout-flex wp-container-core-columns-is-layout-cbe57604 wp-block-columns-is-layout-flex\">\n<div class=\"wp-block-column is-vertically-aligned-center is-layout-flow wp-block-column-is-layout-flow\" style=\"flex-basis:45%\">\n<h2 class=\"wp-block-heading has-text-align-center has-palette-text-color has-text-color\" id=\"h-need-help-finding-the-right-product\" style=\"margin-bottom:var(--wp--preset--spacing--40)\">Brauchen Sie Hilfe bei der Suche nach dem richtigen Produkt?<\/h2>\n\n\n\n<p class=\"has-text-align-center has-palette-text-color has-text-color\" style=\"margin-bottom:var(--wp--preset--spacing--50)\">Unser engagiertes Team ist hier, um Sie in die richtige Richtung zu lenken. Klicken Sie unten und lassen Sie uns wissen, wie wir Ihnen helfen k\u00f6nnen, das ideale Produkt f\u00fcr Ihren Bedarf zu finden. Ihre Reise zu BESSEREN Erfahrungen beginnt hier.  <\/p>\n\n\n\n<div class=\"wp-block-buttons is-content-justification-center is-layout-flex wp-container-core-buttons-is-layout-a89b3969 wp-block-buttons-is-layout-flex\">\n<div class=\"wp-block-button\"><a class=\"wp-block-button__link has-text-align-center wp-element-button\" href=\"https:\/\/eu.motorad.com\/contact\/need-help-finding-something\/\">Sprechen Sie mit einem MotoRad Spezialisten<\/a><\/div>\n<\/div>\n<\/div>\n\n\n\n<div class=\"wp-block-column is-layout-flow wp-block-column-is-layout-flow\" style=\"flex-basis:10%\"><\/div>\n\n\n\n<div class=\"wp-block-column is-layout-flow wp-block-column-is-layout-flow\" style=\"flex-basis:45%\">\n<h2 class=\"wp-block-heading has-text-align-center has-palette-text-color has-text-color\" id=\"h-looking-for-custom-development\" style=\"margin-bottom:var(--wp--preset--spacing--40)\">Suchen Sie eine individuelle Entwicklung?<\/h2>\n\n\n\n<p class=\"has-text-align-center has-palette-text-color has-text-color\" style=\"margin-bottom:var(--wp--preset--spacing--50)\">Bei uns geht es nicht nur um Produkte, sondern um ma\u00dfgeschneiderte L\u00f6sungen, die Ihren Bed\u00fcrfnissen entsprechen. Sind Sie bereit, Ihr neues Projekt zum Leben zu erwecken? Klicken Sie unten, und lassen Sie uns gemeinsam auf die Reise der individuellen Produktentwicklung gehen.  <\/p>\n\n\n\n<div class=\"wp-block-buttons is-content-justification-center is-layout-flex wp-container-core-buttons-is-layout-a89b3969 wp-block-buttons-is-layout-flex\">\n<div class=\"wp-block-button is-style-fill\"><a class=\"wp-block-button__link has-palette-bg-color has-palette-text-background-color has-text-color has-background has-text-align-center wp-element-button\" href=\"https:\/\/eu.motorad.com\/contact\/do-you-need-custom-development\/\">Wir m\u00f6chten Ihr Lieferant sein<\/a><\/div>\n<\/div>\n<\/div>\n<\/div>\n<\/div><\/div>\n","protected":false},"excerpt":{"rendered":"<p>Das Tankentl\u00fcftungsventil spielt eine entscheidende Rolle im Emissionskontrollsystem eines Kraftfahrzeugs, indem es dazu beitr\u00e4gt, sch\u00e4dliche Schadstoffe zu reduzieren, die in [&#8230;]<\/p>\n","protected":false},"author":1,"featured_media":0,"parent":5833,"menu_order":0,"comment_status":"closed","ping_status":"closed","template":"","meta":{"_acf_changed":false,"footnotes":""},"class_list":["post-5834","page","type-page","status-publish","hentry"],"acf":[],"yoast_head":"<!-- This site is optimized with the Yoast SEO Premium plugin v27.2 (Yoast SEO v27.2) - https:\/\/yoast.com\/product\/yoast-seo-premium-wordpress\/ -->\n<title>Tankentl\u00fcftungsventile - MotoRad<\/title>\n<meta name=\"description\" content=\"MotoRad - Tankentl\u00fcftungsventile %\" \/>\n<meta name=\"robots\" content=\"index, follow, max-snippet:-1, max-image-preview:large, max-video-preview:-1\" \/>\n<link rel=\"canonical\" href=\"https:\/\/eu.motorad.com\/de\/produkte\/evap-system\/tankentlueftungsventile\/\" \/>\n<meta property=\"og:locale\" content=\"de_DE\" \/>\n<meta property=\"og:type\" content=\"article\" \/>\n<meta property=\"og:title\" content=\"Tankentl\u00fcftungsventile\" \/>\n<meta property=\"og:description\" content=\"MotoRad - Tankentl\u00fcftungsventile %\" \/>\n<meta property=\"og:url\" content=\"https:\/\/eu.motorad.com\/de\/produkte\/evap-system\/tankentlueftungsventile\/\" \/>\n<meta property=\"og:site_name\" content=\"MotoRad\" \/>\n<meta property=\"article:modified_time\" content=\"2025-06-13T12:48:14+00:00\" \/>\n<meta property=\"og:image\" content=\"https:\/\/eu.motorad.com\/wp-content\/uploads\/2025\/04\/EVP0096_Angle-scaled-1.jpg\" \/>\n\t<meta property=\"og:image:width\" content=\"2560\" \/>\n\t<meta property=\"og:image:height\" content=\"2560\" \/>\n\t<meta property=\"og:image:type\" content=\"image\/jpeg\" \/>\n<meta name=\"twitter:card\" content=\"summary_large_image\" \/>\n<meta name=\"twitter:label1\" content=\"Est. reading time\" \/>\n\t<meta name=\"twitter:data1\" content=\"1\u00a0Minute\" \/>\n<script type=\"application\/ld+json\" class=\"yoast-schema-graph\">{\"@context\":\"https:\/\/schema.org\",\"@graph\":[{\"@type\":\"WebPage\",\"@id\":\"https:\/\/eu.motorad.com\/de\/produkte\/evap-system\/tankentlueftungsventile\/\",\"url\":\"https:\/\/eu.motorad.com\/de\/produkte\/evap-system\/tankentlueftungsventile\/\",\"name\":\"Tankentl\u00fcftungsventile - MotoRad\",\"isPartOf\":{\"@id\":\"https:\/\/eu.motorad.com\/de\/#website\"},\"primaryImageOfPage\":{\"@id\":\"https:\/\/eu.motorad.com\/de\/produkte\/evap-system\/tankentlueftungsventile\/#primaryimage\"},\"image\":{\"@id\":\"https:\/\/eu.motorad.com\/de\/produkte\/evap-system\/tankentlueftungsventile\/#primaryimage\"},\"thumbnailUrl\":\"https:\/\/eu.motorad.com\/wp-content\/uploads\/2025\/04\/EVP0096_Angle-scaled-1.jpg\",\"datePublished\":\"2025-04-03T18:54:33+00:00\",\"dateModified\":\"2025-06-13T12:48:14+00:00\",\"description\":\"MotoRad - Tankentl\u00fcftungsventile %\",\"breadcrumb\":{\"@id\":\"https:\/\/eu.motorad.com\/de\/produkte\/evap-system\/tankentlueftungsventile\/#breadcrumb\"},\"inLanguage\":\"de\",\"potentialAction\":[{\"@type\":\"ReadAction\",\"target\":[\"https:\/\/eu.motorad.com\/de\/produkte\/evap-system\/tankentlueftungsventile\/\"]}]},{\"@type\":\"ImageObject\",\"inLanguage\":\"de\",\"@id\":\"https:\/\/eu.motorad.com\/de\/produkte\/evap-system\/tankentlueftungsventile\/#primaryimage\",\"url\":\"https:\/\/eu.motorad.com\/wp-content\/uploads\/2025\/04\/EVP0096_Angle-scaled-1.jpg\",\"contentUrl\":\"https:\/\/eu.motorad.com\/wp-content\/uploads\/2025\/04\/EVP0096_Angle-scaled-1.jpg\"},{\"@type\":\"BreadcrumbList\",\"@id\":\"https:\/\/eu.motorad.com\/de\/produkte\/evap-system\/tankentlueftungsventile\/#breadcrumb\",\"itemListElement\":[{\"@type\":\"ListItem\",\"position\":1,\"name\":\"Home\",\"item\":\"https:\/\/motoradnew.test\/de\/hauptseite\/\"},{\"@type\":\"ListItem\",\"position\":2,\"name\":\"Produkte\",\"item\":\"https:\/\/motoradnew.test\/de\/produkte\/\"},{\"@type\":\"ListItem\",\"position\":3,\"name\":\"EVAP-System\",\"item\":\"https:\/\/motoradnew.test\/de\/produkte\/evap-system\/\"},{\"@type\":\"ListItem\",\"position\":4,\"name\":\"Tankentl\u00fcftungsventile\"}]},{\"@type\":\"WebSite\",\"@id\":\"https:\/\/eu.motorad.com\/de\/#website\",\"url\":\"https:\/\/eu.motorad.com\/de\/\",\"name\":\"MotoRad\",\"description\":\"Trusted to Deliver Better - Thermal Management, Emissions, Powertrain Controls\",\"potentialAction\":[{\"@type\":\"SearchAction\",\"target\":{\"@type\":\"EntryPoint\",\"urlTemplate\":\"https:\/\/eu.motorad.com\/de\/?s={search_term_string}\"},\"query-input\":{\"@type\":\"PropertyValueSpecification\",\"valueRequired\":true,\"valueName\":\"search_term_string\"}}],\"inLanguage\":\"de\"}]}<\/script>\n<!-- \/ Yoast SEO Premium plugin. -->","yoast_head_json":{"title":"Tankentl\u00fcftungsventile - MotoRad","description":"MotoRad - Tankentl\u00fcftungsventile %","robots":{"index":"index","follow":"follow","max-snippet":"max-snippet:-1","max-image-preview":"max-image-preview:large","max-video-preview":"max-video-preview:-1"},"canonical":"https:\/\/eu.motorad.com\/de\/produkte\/evap-system\/tankentlueftungsventile\/","og_locale":"de_DE","og_type":"article","og_title":"Tankentl\u00fcftungsventile","og_description":"MotoRad - Tankentl\u00fcftungsventile %","og_url":"https:\/\/eu.motorad.com\/de\/produkte\/evap-system\/tankentlueftungsventile\/","og_site_name":"MotoRad","article_modified_time":"2025-06-13T12:48:14+00:00","og_image":[{"width":2560,"height":2560,"url":"https:\/\/eu.motorad.com\/wp-content\/uploads\/2025\/04\/EVP0096_Angle-scaled-1.jpg","type":"image\/jpeg"}],"twitter_card":"summary_large_image","twitter_misc":{"Est. reading time":"1\u00a0Minute"},"schema":{"@context":"https:\/\/schema.org","@graph":[{"@type":"WebPage","@id":"https:\/\/eu.motorad.com\/de\/produkte\/evap-system\/tankentlueftungsventile\/","url":"https:\/\/eu.motorad.com\/de\/produkte\/evap-system\/tankentlueftungsventile\/","name":"Tankentl\u00fcftungsventile - MotoRad","isPartOf":{"@id":"https:\/\/eu.motorad.com\/de\/#website"},"primaryImageOfPage":{"@id":"https:\/\/eu.motorad.com\/de\/produkte\/evap-system\/tankentlueftungsventile\/#primaryimage"},"image":{"@id":"https:\/\/eu.motorad.com\/de\/produkte\/evap-system\/tankentlueftungsventile\/#primaryimage"},"thumbnailUrl":"https:\/\/eu.motorad.com\/wp-content\/uploads\/2025\/04\/EVP0096_Angle-scaled-1.jpg","datePublished":"2025-04-03T18:54:33+00:00","dateModified":"2025-06-13T12:48:14+00:00","description":"MotoRad - Tankentl\u00fcftungsventile %","breadcrumb":{"@id":"https:\/\/eu.motorad.com\/de\/produkte\/evap-system\/tankentlueftungsventile\/#breadcrumb"},"inLanguage":"de","potentialAction":[{"@type":"ReadAction","target":["https:\/\/eu.motorad.com\/de\/produkte\/evap-system\/tankentlueftungsventile\/"]}]},{"@type":"ImageObject","inLanguage":"de","@id":"https:\/\/eu.motorad.com\/de\/produkte\/evap-system\/tankentlueftungsventile\/#primaryimage","url":"https:\/\/eu.motorad.com\/wp-content\/uploads\/2025\/04\/EVP0096_Angle-scaled-1.jpg","contentUrl":"https:\/\/eu.motorad.com\/wp-content\/uploads\/2025\/04\/EVP0096_Angle-scaled-1.jpg"},{"@type":"BreadcrumbList","@id":"https:\/\/eu.motorad.com\/de\/produkte\/evap-system\/tankentlueftungsventile\/#breadcrumb","itemListElement":[{"@type":"ListItem","position":1,"name":"Home","item":"https:\/\/motoradnew.test\/de\/hauptseite\/"},{"@type":"ListItem","position":2,"name":"Produkte","item":"https:\/\/motoradnew.test\/de\/produkte\/"},{"@type":"ListItem","position":3,"name":"EVAP-System","item":"https:\/\/motoradnew.test\/de\/produkte\/evap-system\/"},{"@type":"ListItem","position":4,"name":"Tankentl\u00fcftungsventile"}]},{"@type":"WebSite","@id":"https:\/\/eu.motorad.com\/de\/#website","url":"https:\/\/eu.motorad.com\/de\/","name":"MotoRad","description":"Trusted to Deliver Better - Thermal Management, Emissions, Powertrain Controls","potentialAction":[{"@type":"SearchAction","target":{"@type":"EntryPoint","urlTemplate":"https:\/\/eu.motorad.com\/de\/?s={search_term_string}"},"query-input":{"@type":"PropertyValueSpecification","valueRequired":true,"valueName":"search_term_string"}}],"inLanguage":"de"}]}},"_links":{"self":[{"href":"https:\/\/eu.motorad.com\/de\/wp-json\/wp\/v2\/pages\/5834","targetHints":{"allow":["GET"]}}],"collection":[{"href":"https:\/\/eu.motorad.com\/de\/wp-json\/wp\/v2\/pages"}],"about":[{"href":"https:\/\/eu.motorad.com\/de\/wp-json\/wp\/v2\/types\/page"}],"author":[{"embeddable":true,"href":"https:\/\/eu.motorad.com\/de\/wp-json\/wp\/v2\/users\/1"}],"replies":[{"embeddable":true,"href":"https:\/\/eu.motorad.com\/de\/wp-json\/wp\/v2\/comments?post=5834"}],"version-history":[{"count":1,"href":"https:\/\/eu.motorad.com\/de\/wp-json\/wp\/v2\/pages\/5834\/revisions"}],"predecessor-version":[{"id":5835,"href":"https:\/\/eu.motorad.com\/de\/wp-json\/wp\/v2\/pages\/5834\/revisions\/5835"}],"up":[{"embeddable":true,"href":"https:\/\/eu.motorad.com\/de\/wp-json\/wp\/v2\/pages\/5833"}],"wp:attachment":[{"href":"https:\/\/eu.motorad.com\/de\/wp-json\/wp\/v2\/media?parent=5834"}],"curies":[{"name":"wp","href":"https:\/\/api.w.org\/{rel}","templated":true}]}}