{"id":6049,"date":"2025-04-03T16:02:00","date_gmt":"2025-04-03T16:02:00","guid":{"rendered":"https:\/\/eu.motorad.com\/motorad-integrierte-gehaeusethermostate\/"},"modified":"2025-07-17T13:56:30","modified_gmt":"2025-07-17T13:56:30","slug":"motorad-integrierte-gehaeusethermostate","status":"publish","type":"page","link":"https:\/\/eu.motorad.com\/de\/produkte\/thermostate\/motorad-integrierte-gehaeusethermostate\/","title":{"rendered":"MotoRad integrierte Geh\u00e4usethermostate"},"content":{"rendered":"<h1 style=\"margin-top:var(--wp--preset--spacing--60);margin-bottom:var(--wp--preset--spacing--60);\" class=\"wp-block-post-title\">MotoRad integrierte Geh\u00e4usethermostate<\/h1>\n<div class=\"wp-block-columns is-layout-flex wp-container-core-columns-is-layout-14cf5ab5 wp-block-columns-is-layout-flex\">\n<div class=\"wp-block-column is-layout-flow wp-block-column-is-layout-flow\" style=\"flex-basis:33.33%\">\n<figure class=\"wp-block-image size-full\"><img loading=\"lazy\" decoding=\"async\" width=\"500\" height=\"500\" src=\"https:\/\/eu.motorad.com\/wp-content\/uploads\/2025\/04\/1050-180_Angle.jpg\" alt=\"\" class=\"wp-image-3539\" srcset=\"https:\/\/eu.motorad.com\/wp-content\/uploads\/2025\/04\/1050-180_Angle.jpg 500w, https:\/\/eu.motorad.com\/wp-content\/uploads\/2025\/04\/1050-180_Angle-300x300.jpg 300w, https:\/\/eu.motorad.com\/wp-content\/uploads\/2025\/04\/1050-180_Angle-150x150.jpg 150w\" sizes=\"auto, (max-width: 500px) 100vw, 500px\" \/><\/figure>\n<\/div>\n\n\n\n<div class=\"wp-block-column is-layout-flow wp-block-column-is-layout-flow\" style=\"flex-basis:66.66%\">\n<p style=\"margin-bottom:var(--wp--preset--spacing--20)\">MotoRad bietet eine vollst\u00e4ndige Palette von Thermostaten als Ersatz f\u00fcr Original-Ausstattungsthermostate an. <\/p>\n\n\n\n<p style=\"margin-bottom:var(--wp--preset--spacing--20)\">MotoRad integrierte Geh\u00e4usethermostate unterscheiden sich von herk\u00f6mmlichen Thermostaten. Sie bieten eine All-in-One-L\u00f6sung zum Anschrauben, bei der der Thermostat und das Geh\u00e4use in einer Einheit integriert sind. Dieses Segment der Thermostate w\u00e4chst stetig, wobei eine gro\u00dfe Anzahl von Fahrzeugen in das Ersatzfenster eintritt.  <\/p>\n\n\n\n<ul style=\"margin-bottom:var(--wp--preset--spacing--20)\" class=\"wp-block-list\">\n<li>Thermostat vollst\u00e4ndig in die Einheit integriert<\/li>\n\n\n\n<li>Thermostat nicht separat wartbar<\/li>\n\n\n\n<li>Kann Sensoren und\/oder MAP-gesteuerten Stift beinhalten (falls zutreffend)<\/li>\n<\/ul>\n\n\n\n<p>Diese Teile werden hergestellt, um alle Anforderungen der Originalausr\u00fcstungshersteller zu erf\u00fcllen oder zu \u00fcbertreffen. MotoRad bietet auch Standardthermostate f\u00fcr viele alternative Temperaturen an. <\/p>\n<\/div>\n<\/div>\n\n<h2 class=\"wp-block-heading\" id=\"h-integrated-housing-thermosats\" style=\"margin-bottom:var(--wp--preset--spacing--50)\">Integrierte Geh\u00e4usethermostate:<\/h2>\n\n<div class=\"wp-block-columns is-layout-flex wp-container-core-columns-is-layout-baf23659 wp-block-columns-is-layout-flex\" style=\"margin-bottom:var(--wp--preset--spacing--60)\">\n<div class=\"wp-block-column is-layout-flow wp-block-column-is-layout-flow\">\n<figure class=\"wp-block-image size-full\"><img loading=\"lazy\" decoding=\"async\" width=\"500\" height=\"500\" src=\"https:\/\/eu.motorad.com\/wp-content\/uploads\/2025\/04\/1000-217_Angle-1.jpg\" alt=\"\" class=\"wp-image-3511\" srcset=\"https:\/\/eu.motorad.com\/wp-content\/uploads\/2025\/04\/1000-217_Angle-1.jpg 500w, https:\/\/eu.motorad.com\/wp-content\/uploads\/2025\/04\/1000-217_Angle-1-300x300.jpg 300w, https:\/\/eu.motorad.com\/wp-content\/uploads\/2025\/04\/1000-217_Angle-1-150x150.jpg 150w\" sizes=\"auto, (max-width: 500px) 100vw, 500px\" \/><\/figure>\n<\/div>\n\n\n\n<div class=\"wp-block-column is-layout-flow wp-block-column-is-layout-flow\">\n<figure class=\"wp-block-image size-full\"><img loading=\"lazy\" decoding=\"async\" width=\"500\" height=\"500\" src=\"https:\/\/eu.motorad.com\/wp-content\/uploads\/2025\/04\/1010-190_Angle.jpg\" alt=\"\" class=\"wp-image-3518\" srcset=\"https:\/\/eu.motorad.com\/wp-content\/uploads\/2025\/04\/1010-190_Angle.jpg 500w, https:\/\/eu.motorad.com\/wp-content\/uploads\/2025\/04\/1010-190_Angle-300x300.jpg 300w, https:\/\/eu.motorad.com\/wp-content\/uploads\/2025\/04\/1010-190_Angle-150x150.jpg 150w\" sizes=\"auto, (max-width: 500px) 100vw, 500px\" \/><\/figure>\n<\/div>\n\n\n\n<div class=\"wp-block-column is-layout-flow wp-block-column-is-layout-flow\">\n<figure class=\"wp-block-image size-full\"><img loading=\"lazy\" decoding=\"async\" width=\"500\" height=\"500\" src=\"https:\/\/eu.motorad.com\/wp-content\/uploads\/2025\/04\/1012-180_Angle.jpg\" alt=\"\" class=\"wp-image-3525\" srcset=\"https:\/\/eu.motorad.com\/wp-content\/uploads\/2025\/04\/1012-180_Angle.jpg 500w, https:\/\/eu.motorad.com\/wp-content\/uploads\/2025\/04\/1012-180_Angle-300x300.jpg 300w, https:\/\/eu.motorad.com\/wp-content\/uploads\/2025\/04\/1012-180_Angle-150x150.jpg 150w\" sizes=\"auto, (max-width: 500px) 100vw, 500px\" \/><\/figure>\n<\/div>\n\n\n\n<div class=\"wp-block-column is-layout-flow wp-block-column-is-layout-flow\">\n<figure class=\"wp-block-image size-full\"><img loading=\"lazy\" decoding=\"async\" width=\"500\" height=\"500\" src=\"https:\/\/eu.motorad.com\/wp-content\/uploads\/2025\/04\/1027-167_Angle.jpg\" alt=\"\" class=\"wp-image-3532\" srcset=\"https:\/\/eu.motorad.com\/wp-content\/uploads\/2025\/04\/1027-167_Angle.jpg 500w, https:\/\/eu.motorad.com\/wp-content\/uploads\/2025\/04\/1027-167_Angle-300x300.jpg 300w, https:\/\/eu.motorad.com\/wp-content\/uploads\/2025\/04\/1027-167_Angle-150x150.jpg 150w\" sizes=\"auto, (max-width: 500px) 100vw, 500px\" \/><\/figure>\n<\/div>\n\n\n\n<div class=\"wp-block-column is-layout-flow wp-block-column-is-layout-flow\">\n<figure class=\"wp-block-image size-full\"><img loading=\"lazy\" decoding=\"async\" width=\"500\" height=\"500\" src=\"https:\/\/eu.motorad.com\/wp-content\/uploads\/2025\/04\/1103-180_Angle.jpg\" alt=\"\" class=\"wp-image-3546\" srcset=\"https:\/\/eu.motorad.com\/wp-content\/uploads\/2025\/04\/1103-180_Angle.jpg 500w, https:\/\/eu.motorad.com\/wp-content\/uploads\/2025\/04\/1103-180_Angle-300x300.jpg 300w, https:\/\/eu.motorad.com\/wp-content\/uploads\/2025\/04\/1103-180_Angle-150x150.jpg 150w\" sizes=\"auto, (max-width: 500px) 100vw, 500px\" \/><\/figure>\n<\/div>\n<\/div>\n\n<p style=\"margin-bottom:var(--wp--preset--spacing--20)\">MotoRad bietet die beste Abdeckung von Thermostaten weltweit f\u00fcr nahezu jedes Fahrzeug und jeden Motor auf oder abseits der Stra\u00dfe. MotoRad Thermostate spielen eine entscheidende Rolle bei der Aufrechterhaltung der Betriebstemperatur des Motors.  <\/p>\n\n<p style=\"margin-bottom:var(--wp--preset--spacing--20)\">Dies wirkt sich positiv auf die Effizienz der Verbrennung und die Leistungs\u00fcbertragung, den Kraftstoffverbrauch, die Schadstoffemissionen und die Lebensdauer des Motors aus.<\/p>\n\n<p style=\"margin-bottom:var(--wp--preset--spacing--60)\">M\u00fcssen Sie schnell ein kompatibles Teil finden? Unser umfassendes Querverweissystem vereinfacht den Suchprozess und stellt sicher, dass Sie ohne Umst\u00e4nde den richtigen Thermostaten f\u00fcr Ihr Fahrzeug erhalten. Vertrauen Sie MotoRad f\u00fcr un\u00fcbertroffene Expertise, Zuverl\u00e4ssigkeit und Innovation im Bereich des automotiven Temperaturmanagements.  <\/p>\n\n<div class=\"wp-block-buttons is-layout-flex wp-block-buttons-is-layout-flex\" style=\"margin-bottom:var(--wp--preset--spacing--70)\">\n<div class=\"wp-block-button\"><a class=\"wp-block-button__link wp-element-button\" href=\"https:\/\/eu.motorad.com\/de\/produkte\/\">Finden Sie Ihren Thermostaten<\/a><\/div>\n<\/div>\n","protected":false},"excerpt":{"rendered":"<p>MotoRad bietet eine vollst\u00e4ndige Palette von Thermostaten als Ersatz f\u00fcr Original-Ausstattungsthermostate an. MotoRad integrierte Geh\u00e4usethermostate unterscheiden sich von herk\u00f6mmlichen Thermostaten. [&#8230;]<\/p>\n","protected":false},"author":1,"featured_media":0,"parent":6741,"menu_order":0,"comment_status":"closed","ping_status":"closed","template":"","meta":{"_acf_changed":false,"footnotes":""},"class_list":["post-6049","page","type-page","status-publish","hentry"],"acf":[],"yoast_head":"<!-- This site is optimized with the Yoast SEO Premium plugin v27.2 (Yoast SEO v27.2) - https:\/\/yoast.com\/product\/yoast-seo-premium-wordpress\/ -->\n<title>MotoRad integrierte Geh\u00e4usethermostate - MotoRad<\/title>\n<meta name=\"description\" content=\"MotoRad - MotoRad integrierte Geh\u00e4usethermostate %\" \/>\n<meta name=\"robots\" content=\"index, follow, max-snippet:-1, max-image-preview:large, max-video-preview:-1\" \/>\n<link rel=\"canonical\" href=\"https:\/\/eu.motorad.com\/de\/produkte\/thermostate\/motorad-integrierte-gehaeusethermostate\/\" \/>\n<meta property=\"og:locale\" content=\"de_DE\" \/>\n<meta property=\"og:type\" content=\"article\" \/>\n<meta property=\"og:title\" content=\"MotoRad integrierte Geh\u00e4usethermostate\" \/>\n<meta property=\"og:description\" content=\"MotoRad - MotoRad integrierte Geh\u00e4usethermostate %\" \/>\n<meta property=\"og:url\" content=\"https:\/\/eu.motorad.com\/de\/produkte\/thermostate\/motorad-integrierte-gehaeusethermostate\/\" \/>\n<meta property=\"og:site_name\" content=\"MotoRad\" \/>\n<meta property=\"article:modified_time\" content=\"2025-07-17T13:56:30+00:00\" \/>\n<meta property=\"og:image\" content=\"https:\/\/eu.motorad.com\/wp-content\/uploads\/2025\/04\/1050-180_Angle.jpg\" \/>\n\t<meta property=\"og:image:width\" content=\"500\" \/>\n\t<meta property=\"og:image:height\" content=\"500\" \/>\n\t<meta property=\"og:image:type\" content=\"image\/jpeg\" \/>\n<meta name=\"twitter:card\" content=\"summary_large_image\" \/>\n<meta name=\"twitter:label1\" content=\"Est. reading time\" \/>\n\t<meta name=\"twitter:data1\" content=\"1\u00a0Minute\" \/>\n<script type=\"application\/ld+json\" class=\"yoast-schema-graph\">{\"@context\":\"https:\/\/schema.org\",\"@graph\":[{\"@type\":\"WebPage\",\"@id\":\"https:\/\/eu.motorad.com\/de\/produkte\/thermostate\/motorad-integrierte-gehaeusethermostate\/\",\"url\":\"https:\/\/eu.motorad.com\/de\/produkte\/thermostate\/motorad-integrierte-gehaeusethermostate\/\",\"name\":\"MotoRad integrierte Geh\u00e4usethermostate - MotoRad\",\"isPartOf\":{\"@id\":\"https:\/\/eu.motorad.com\/de\/#website\"},\"primaryImageOfPage\":{\"@id\":\"https:\/\/eu.motorad.com\/de\/produkte\/thermostate\/motorad-integrierte-gehaeusethermostate\/#primaryimage\"},\"image\":{\"@id\":\"https:\/\/eu.motorad.com\/de\/produkte\/thermostate\/motorad-integrierte-gehaeusethermostate\/#primaryimage\"},\"thumbnailUrl\":\"https:\/\/eu.motorad.com\/wp-content\/uploads\/2025\/04\/1050-180_Angle.jpg\",\"datePublished\":\"2025-04-03T16:02:00+00:00\",\"dateModified\":\"2025-07-17T13:56:30+00:00\",\"description\":\"MotoRad - MotoRad integrierte Geh\u00e4usethermostate %\",\"breadcrumb\":{\"@id\":\"https:\/\/eu.motorad.com\/de\/produkte\/thermostate\/motorad-integrierte-gehaeusethermostate\/#breadcrumb\"},\"inLanguage\":\"de\",\"potentialAction\":[{\"@type\":\"ReadAction\",\"target\":[\"https:\/\/eu.motorad.com\/de\/produkte\/thermostate\/motorad-integrierte-gehaeusethermostate\/\"]}]},{\"@type\":\"ImageObject\",\"inLanguage\":\"de\",\"@id\":\"https:\/\/eu.motorad.com\/de\/produkte\/thermostate\/motorad-integrierte-gehaeusethermostate\/#primaryimage\",\"url\":\"https:\/\/eu.motorad.com\/wp-content\/uploads\/2025\/04\/1050-180_Angle.jpg\",\"contentUrl\":\"https:\/\/eu.motorad.com\/wp-content\/uploads\/2025\/04\/1050-180_Angle.jpg\"},{\"@type\":\"BreadcrumbList\",\"@id\":\"https:\/\/eu.motorad.com\/de\/produkte\/thermostate\/motorad-integrierte-gehaeusethermostate\/#breadcrumb\",\"itemListElement\":[{\"@type\":\"ListItem\",\"position\":1,\"name\":\"Home\",\"item\":\"https:\/\/motoradnew.test\/de\/hauptseite\/\"},{\"@type\":\"ListItem\",\"position\":2,\"name\":\"Produkte\",\"item\":\"https:\/\/motoradnew.test\/de\/produkte\/\"},{\"@type\":\"ListItem\",\"position\":3,\"name\":\"Thermostate\",\"item\":\"https:\/\/motoradnew.test\/de\/produkte\/thermostate\/\"},{\"@type\":\"ListItem\",\"position\":4,\"name\":\"MotoRad integrierte Geh\u00e4usethermostate\"}]},{\"@type\":\"WebSite\",\"@id\":\"https:\/\/eu.motorad.com\/de\/#website\",\"url\":\"https:\/\/eu.motorad.com\/de\/\",\"name\":\"MotoRad\",\"description\":\"Trusted to Deliver Better - Thermal Management, Emissions, Powertrain Controls\",\"potentialAction\":[{\"@type\":\"SearchAction\",\"target\":{\"@type\":\"EntryPoint\",\"urlTemplate\":\"https:\/\/eu.motorad.com\/de\/?s={search_term_string}\"},\"query-input\":{\"@type\":\"PropertyValueSpecification\",\"valueRequired\":true,\"valueName\":\"search_term_string\"}}],\"inLanguage\":\"de\"}]}<\/script>\n<!-- \/ Yoast SEO Premium plugin. -->","yoast_head_json":{"title":"MotoRad integrierte Geh\u00e4usethermostate - MotoRad","description":"MotoRad - MotoRad integrierte Geh\u00e4usethermostate %","robots":{"index":"index","follow":"follow","max-snippet":"max-snippet:-1","max-image-preview":"max-image-preview:large","max-video-preview":"max-video-preview:-1"},"canonical":"https:\/\/eu.motorad.com\/de\/produkte\/thermostate\/motorad-integrierte-gehaeusethermostate\/","og_locale":"de_DE","og_type":"article","og_title":"MotoRad integrierte Geh\u00e4usethermostate","og_description":"MotoRad - MotoRad integrierte Geh\u00e4usethermostate %","og_url":"https:\/\/eu.motorad.com\/de\/produkte\/thermostate\/motorad-integrierte-gehaeusethermostate\/","og_site_name":"MotoRad","article_modified_time":"2025-07-17T13:56:30+00:00","og_image":[{"width":500,"height":500,"url":"https:\/\/eu.motorad.com\/wp-content\/uploads\/2025\/04\/1050-180_Angle.jpg","type":"image\/jpeg"}],"twitter_card":"summary_large_image","twitter_misc":{"Est. reading time":"1\u00a0Minute"},"schema":{"@context":"https:\/\/schema.org","@graph":[{"@type":"WebPage","@id":"https:\/\/eu.motorad.com\/de\/produkte\/thermostate\/motorad-integrierte-gehaeusethermostate\/","url":"https:\/\/eu.motorad.com\/de\/produkte\/thermostate\/motorad-integrierte-gehaeusethermostate\/","name":"MotoRad integrierte Geh\u00e4usethermostate - MotoRad","isPartOf":{"@id":"https:\/\/eu.motorad.com\/de\/#website"},"primaryImageOfPage":{"@id":"https:\/\/eu.motorad.com\/de\/produkte\/thermostate\/motorad-integrierte-gehaeusethermostate\/#primaryimage"},"image":{"@id":"https:\/\/eu.motorad.com\/de\/produkte\/thermostate\/motorad-integrierte-gehaeusethermostate\/#primaryimage"},"thumbnailUrl":"https:\/\/eu.motorad.com\/wp-content\/uploads\/2025\/04\/1050-180_Angle.jpg","datePublished":"2025-04-03T16:02:00+00:00","dateModified":"2025-07-17T13:56:30+00:00","description":"MotoRad - MotoRad integrierte Geh\u00e4usethermostate %","breadcrumb":{"@id":"https:\/\/eu.motorad.com\/de\/produkte\/thermostate\/motorad-integrierte-gehaeusethermostate\/#breadcrumb"},"inLanguage":"de","potentialAction":[{"@type":"ReadAction","target":["https:\/\/eu.motorad.com\/de\/produkte\/thermostate\/motorad-integrierte-gehaeusethermostate\/"]}]},{"@type":"ImageObject","inLanguage":"de","@id":"https:\/\/eu.motorad.com\/de\/produkte\/thermostate\/motorad-integrierte-gehaeusethermostate\/#primaryimage","url":"https:\/\/eu.motorad.com\/wp-content\/uploads\/2025\/04\/1050-180_Angle.jpg","contentUrl":"https:\/\/eu.motorad.com\/wp-content\/uploads\/2025\/04\/1050-180_Angle.jpg"},{"@type":"BreadcrumbList","@id":"https:\/\/eu.motorad.com\/de\/produkte\/thermostate\/motorad-integrierte-gehaeusethermostate\/#breadcrumb","itemListElement":[{"@type":"ListItem","position":1,"name":"Home","item":"https:\/\/motoradnew.test\/de\/hauptseite\/"},{"@type":"ListItem","position":2,"name":"Produkte","item":"https:\/\/motoradnew.test\/de\/produkte\/"},{"@type":"ListItem","position":3,"name":"Thermostate","item":"https:\/\/motoradnew.test\/de\/produkte\/thermostate\/"},{"@type":"ListItem","position":4,"name":"MotoRad integrierte Geh\u00e4usethermostate"}]},{"@type":"WebSite","@id":"https:\/\/eu.motorad.com\/de\/#website","url":"https:\/\/eu.motorad.com\/de\/","name":"MotoRad","description":"Trusted to Deliver Better - Thermal Management, Emissions, Powertrain Controls","potentialAction":[{"@type":"SearchAction","target":{"@type":"EntryPoint","urlTemplate":"https:\/\/eu.motorad.com\/de\/?s={search_term_string}"},"query-input":{"@type":"PropertyValueSpecification","valueRequired":true,"valueName":"search_term_string"}}],"inLanguage":"de"}]}},"_links":{"self":[{"href":"https:\/\/eu.motorad.com\/de\/wp-json\/wp\/v2\/pages\/6049","targetHints":{"allow":["GET"]}}],"collection":[{"href":"https:\/\/eu.motorad.com\/de\/wp-json\/wp\/v2\/pages"}],"about":[{"href":"https:\/\/eu.motorad.com\/de\/wp-json\/wp\/v2\/types\/page"}],"author":[{"embeddable":true,"href":"https:\/\/eu.motorad.com\/de\/wp-json\/wp\/v2\/users\/1"}],"replies":[{"embeddable":true,"href":"https:\/\/eu.motorad.com\/de\/wp-json\/wp\/v2\/comments?post=6049"}],"version-history":[{"count":2,"href":"https:\/\/eu.motorad.com\/de\/wp-json\/wp\/v2\/pages\/6049\/revisions"}],"predecessor-version":[{"id":55761,"href":"https:\/\/eu.motorad.com\/de\/wp-json\/wp\/v2\/pages\/6049\/revisions\/55761"}],"up":[{"embeddable":true,"href":"https:\/\/eu.motorad.com\/de\/wp-json\/wp\/v2\/pages\/6741"}],"wp:attachment":[{"href":"https:\/\/eu.motorad.com\/de\/wp-json\/wp\/v2\/media?parent=6049"}],"curies":[{"name":"wp","href":"https:\/\/api.w.org\/{rel}","templated":true}]}}