{"id":6076,"date":"2025-04-03T15:52:13","date_gmt":"2025-04-03T15:52:13","guid":{"rendered":"https:\/\/eu.motorad.com\/motorad-fail-safe-thermostate\/"},"modified":"2025-07-17T13:56:30","modified_gmt":"2025-07-17T13:56:30","slug":"motorad-fail-safe-thermostate","status":"publish","type":"page","link":"https:\/\/eu.motorad.com\/de\/produkte\/thermostate\/motorad-fail-safe-thermostate\/","title":{"rendered":"MotoRad fail-safe\u00ae Thermostate"},"content":{"rendered":"<h1 style=\"margin-top:var(--wp--preset--spacing--60);margin-bottom:var(--wp--preset--spacing--60);\" class=\"wp-block-post-title\">MotoRad fail-safe\u00ae Thermostate<\/h1>\n<div class=\"wp-block-columns is-layout-flex wp-container-core-columns-is-layout-baf23659 wp-block-columns-is-layout-flex\" style=\"margin-bottom:var(--wp--preset--spacing--60)\">\n<div class=\"wp-block-column is-layout-flow wp-block-column-is-layout-flow\" style=\"flex-basis:33.33%\">\n<figure class=\"wp-block-image size-full\"><img loading=\"lazy\" decoding=\"async\" width=\"457\" height=\"204\" src=\"https:\/\/eu.motorad.com\/wp-content\/uploads\/2025\/04\/Fail-Safe_Callout_web-1.jpg\" alt=\"\" class=\"wp-image-3401\" srcset=\"https:\/\/eu.motorad.com\/wp-content\/uploads\/2025\/04\/Fail-Safe_Callout_web-1.jpg 457w, https:\/\/eu.motorad.com\/wp-content\/uploads\/2025\/04\/Fail-Safe_Callout_web-1-300x134.jpg 300w\" sizes=\"auto, (max-width: 457px) 100vw, 457px\" \/><\/figure>\n<\/div>\n\n\n\n<div class=\"wp-block-column is-layout-flow wp-block-column-is-layout-flow\" style=\"flex-basis:66.66%\">\n<p>MotoRad\u00ae Fail-Safe\u00ae Thermostate sind darauf ausgelegt, Ihren Motor bei auftretender \u00dcberhitzung zu sch\u00fctzen. Basierend auf erstklassiger, patentierter Technologie bieten sie \u00fcberlegenen Schutz im Vergleich zu jedem anderen auf dem Markt erh\u00e4ltlichen Thermostat. <\/p>\n<\/div>\n<\/div>\n\n<figure class=\"wp-block-embed is-type-video is-provider-youtube wp-block-embed-youtube wp-embed-aspect-16-9 wp-has-aspect-ratio\" style=\"margin-bottom:var(--wp--preset--spacing--60)\"><div class=\"wp-block-embed__wrapper\">\n<iframe loading=\"lazy\" title=\"MotoRad Fail-Safe Thermostats\" width=\"500\" height=\"281\" src=\"https:\/\/www.youtube.com\/embed\/lhGBbCs7QBo?feature=oembed\" frameborder=\"0\" allow=\"accelerometer; autoplay; clipboard-write; encrypted-media; gyroscope; picture-in-picture; web-share\" referrerpolicy=\"strict-origin-when-cross-origin\" allowfullscreen><\/iframe>\n<\/div><\/figure>\n\n<div class=\"wp-block-columns is-layout-flex wp-container-core-columns-is-layout-baf23659 wp-block-columns-is-layout-flex\" style=\"margin-bottom:var(--wp--preset--spacing--60)\">\n<div class=\"wp-block-column has-palette-interactive-background-color has-background is-layout-flow wp-block-column-is-layout-flow\" style=\"padding-top:var(--wp--preset--spacing--40);padding-right:var(--wp--preset--spacing--40);padding-bottom:var(--wp--preset--spacing--40);padding-left:var(--wp--preset--spacing--40);flex-basis:33.33%\">\n<h2 class=\"wp-block-heading has-text-align-center has-palette-bg-alt-color has-text-color has-link-color wp-elements-9c91e4beee6153638364677977fb30fa\" id=\"h-did-you-know\"><em>Wussten Sie schon&#8230;<\/em><\/h2>\n\n\n\n<p class=\"has-text-align-center has-palette-bg-alt-color has-text-color has-link-color wp-elements-4d6060f92684265e0956ca47afbc61b0\"><em>Der patentierte Fail-Safe Thermostat<\/em> <em>ist der einzige Thermostat, der konzipiert wurde, um<\/em> <em>Ihren Motor im Falle einer<\/em> <em>\u00dcberhitzung zu sch\u00fctzen?<\/em><\/p>\n\n\n\n<p class=\"has-text-align-center has-palette-bg-alt-color has-text-color has-link-color wp-elements-c23eab11c2ffda53efeb80f0a324e2e9\"><em>Der Fail-Safe Thermostat ist mit einem<\/em> <em>einzigartigen zus\u00e4tzlichen Hub ausgestattet, der einen Betrieb in<\/em> <em>zwei Phasen erm\u00f6glicht.<\/em><\/p>\n<\/div>\n\n\n\n<div class=\"wp-block-column is-vertically-aligned-center is-layout-flow wp-block-column-is-layout-flow\" style=\"flex-basis:66.66%\">\n<h3 class=\"wp-block-heading\" id=\"h-stage-1\" style=\"margin-bottom:var(--wp--preset--spacing--40)\"><em>Phase 1<\/em><\/h3>\n\n\n\n<p style=\"margin-bottom:var(--wp--preset--spacing--60)\"><em>Innerhalb normaler Betriebstemperaturen funktioniert der<\/em> <em>Fail-Safe\u00ae wie jeder andere Thermostat.<\/em><\/p>\n\n\n\n<h3 class=\"wp-block-heading\" id=\"h-stage-2\" style=\"margin-bottom:var(--wp--preset--spacing--40)\"><em>Phase 2<\/em> <\/h3>\n\n\n\n<p><em>Wenn eine \u00dcberhitzung durch ein besch\u00e4digtes K\u00fchlsystem-<\/em> <em>teil verursacht wird, aktiviert der Fail-Safe einen sekund\u00e4ren Hub, der einen<\/em> <em>pr\u00e4zise konstruierten Kolben bet\u00e4tigt, der das Ventil automatisch in einer<\/em> <em>weit ge\u00f6ffneten Position arretiert und so eine freie Zirkulation des K\u00fchlmittels erm\u00f6glicht.<\/em><\/p>\n<\/div>\n<\/div>\n\n<p style=\"margin-bottom:var(--wp--preset--spacing--30)\">Vermeiden Sie es, aufgrund eines \u00fcberhitzten Motors und eines in geschlossener Position versagenden herk\u00f6mmlichen Thermostats, der den K\u00fchlmittelfluss zum Motor verhindert, am Stra\u00dfenrand liegen zu bleiben. Erwerben Sie den besten Thermostat auf dem Markt, den Fail-Safe\u00ae Thermostat von MotoRad\u00ae. Warum ist der Fail-Safe der beste Thermostat? Unter normalen Betriebstemperaturen funktioniert der Fail-Safe\u00ae wie ein herk\u00f6mmlicher Thermostat. Wenn Ihr Fahrzeug jedoch aufgrund eines sich verschlechternden K\u00fchlsystemteils \u00fcberhitzt, arretiert ein Standardthermostat in geschlossener Position und blockiert den K\u00fchlmittelfluss zum Motor. Motorads patentierter Fail-Safe\u00ae Thermostat ist der einzige Thermostat, der automatisch in der ge\u00f6ffneten Position arretiert und w\u00e4hrend des \u00dcberhitzungsprozesses eine freie Zirkulation des K\u00fchlmittels durch den Motor erm\u00f6glicht. Dies kann Ihren Motor vor einer kostspieligeren Reparatur sch\u00fctzen.       <\/p>\n\n<p style=\"margin-bottom:var(--wp--preset--spacing--30)\">Sobald der Fail-Safe\u00ae Thermostat seine Aufgabe erf\u00fcllt hat, indem er w\u00e4hrend einer \u00dcberhitzung durch Arretieren in der ge\u00f6ffneten Position den K\u00fchlmittelfluss zum Motor aufrechterhalten hat, m\u00fcssen Sie ihn durch einen neuen ersetzen. Es gibt Standardthermostate und dann gibt es den Motorad Fail-Safe\u00ae Thermostat. Fragen Sie beim n\u00e4chsten Mal, wenn Sie einen neuen Thermostat ben\u00f6tigen, nach dem Fail-Safe\u00ae Thermostat von MotoRad\u00ae.   <\/p>\n\n<p style=\"margin-bottom:var(--wp--preset--spacing--60)\">MotoRad\u00ae Thermostate erf\u00fcllen oder \u00fcbertreffen die O.E.-Standards und werden zu 100% auf die korrekte \u00d6ffnungstemperatur und maximale \u00d6ffnungstemperatur getestet und kalibriert.<\/p>\n\n<div class=\"wp-block-buttons is-layout-flex wp-block-buttons-is-layout-flex\" style=\"margin-bottom:var(--wp--preset--spacing--70)\">\n<div class=\"wp-block-button\"><a class=\"wp-block-button__link wp-element-button\" href=\"https:\/\/eu.motorad.com\/de\/produkte\/\">Finden Sie Ihren Thermostaten<\/a><\/div>\n<\/div>\n","protected":false},"excerpt":{"rendered":"<p>MotoRad\u00ae Fail-Safe\u00ae Thermostate sind darauf ausgelegt, Ihren Motor bei auftretender \u00dcberhitzung zu sch\u00fctzen. Basierend auf erstklassiger, patentierter Technologie bieten sie [&#8230;]<\/p>\n","protected":false},"author":1,"featured_media":0,"parent":6741,"menu_order":0,"comment_status":"closed","ping_status":"closed","template":"","meta":{"_acf_changed":false,"footnotes":""},"class_list":["post-6076","page","type-page","status-publish","hentry"],"acf":[],"yoast_head":"<!-- This site is optimized with the Yoast SEO Premium plugin v27.2 (Yoast SEO v27.2) - https:\/\/yoast.com\/product\/yoast-seo-premium-wordpress\/ -->\n<title>MotoRad fail-safe\u00ae Thermostate - MotoRad<\/title>\n<meta name=\"description\" content=\"Motorad Fail-Safe Thermostate sind konzipiert, um eine \u00dcberhitzung des Motors zu verhindern und Sicherheit auf der Stra\u00dfe zu gew\u00e4hrleisten. Entscheiden Sie sich f\u00fcr Motorad Fail-Safe Thermostate f\u00fcr eine zuverl\u00e4ssige Temperaturregulierung und sorgenfreies Fahren.\" \/>\n<meta name=\"robots\" content=\"index, follow, max-snippet:-1, max-image-preview:large, max-video-preview:-1\" \/>\n<link rel=\"canonical\" href=\"https:\/\/eu.motorad.com\/de\/produkte\/thermostate\/motorad-fail-safe-thermostate\/\" \/>\n<meta property=\"og:locale\" content=\"de_DE\" \/>\n<meta property=\"og:type\" content=\"article\" \/>\n<meta property=\"og:title\" content=\"MotoRad fail-safe\u00ae Thermostate\" \/>\n<meta property=\"og:description\" content=\"Motorad Fail-Safe Thermostate sind konzipiert, um eine \u00dcberhitzung des Motors zu verhindern und Sicherheit auf der Stra\u00dfe zu gew\u00e4hrleisten. Entscheiden Sie sich f\u00fcr Motorad Fail-Safe Thermostate f\u00fcr eine zuverl\u00e4ssige Temperaturregulierung und sorgenfreies Fahren.\" \/>\n<meta property=\"og:url\" content=\"https:\/\/eu.motorad.com\/de\/produkte\/thermostate\/motorad-fail-safe-thermostate\/\" \/>\n<meta property=\"og:site_name\" content=\"MotoRad\" \/>\n<meta property=\"article:modified_time\" content=\"2025-07-17T13:56:30+00:00\" \/>\n<meta property=\"og:image\" content=\"https:\/\/eu.motorad.com\/wp-content\/uploads\/2025\/04\/Fail-Safe_Callout_web-1.jpg\" \/>\n\t<meta property=\"og:image:width\" content=\"457\" \/>\n\t<meta property=\"og:image:height\" content=\"204\" \/>\n\t<meta property=\"og:image:type\" content=\"image\/jpeg\" \/>\n<meta name=\"twitter:card\" content=\"summary_large_image\" \/>\n<meta name=\"twitter:label1\" content=\"Est. reading time\" \/>\n\t<meta name=\"twitter:data1\" content=\"2\u00a0Minuten\" \/>\n<script type=\"application\/ld+json\" class=\"yoast-schema-graph\">{\"@context\":\"https:\/\/schema.org\",\"@graph\":[{\"@type\":\"WebPage\",\"@id\":\"https:\/\/eu.motorad.com\/de\/produkte\/thermostate\/motorad-fail-safe-thermostate\/\",\"url\":\"https:\/\/eu.motorad.com\/de\/produkte\/thermostate\/motorad-fail-safe-thermostate\/\",\"name\":\"MotoRad fail-safe\u00ae Thermostate - MotoRad\",\"isPartOf\":{\"@id\":\"https:\/\/eu.motorad.com\/de\/#website\"},\"primaryImageOfPage\":{\"@id\":\"https:\/\/eu.motorad.com\/de\/produkte\/thermostate\/motorad-fail-safe-thermostate\/#primaryimage\"},\"image\":{\"@id\":\"https:\/\/eu.motorad.com\/de\/produkte\/thermostate\/motorad-fail-safe-thermostate\/#primaryimage\"},\"thumbnailUrl\":\"https:\/\/eu.motorad.com\/wp-content\/uploads\/2025\/04\/Fail-Safe_Callout_web-1.jpg\",\"datePublished\":\"2025-04-03T15:52:13+00:00\",\"dateModified\":\"2025-07-17T13:56:30+00:00\",\"description\":\"Motorad Fail-Safe Thermostate sind konzipiert, um eine \u00dcberhitzung des Motors zu verhindern und Sicherheit auf der Stra\u00dfe zu gew\u00e4hrleisten. Entscheiden Sie sich f\u00fcr Motorad Fail-Safe Thermostate f\u00fcr eine zuverl\u00e4ssige Temperaturregulierung und sorgenfreies Fahren.\",\"breadcrumb\":{\"@id\":\"https:\/\/eu.motorad.com\/de\/produkte\/thermostate\/motorad-fail-safe-thermostate\/#breadcrumb\"},\"inLanguage\":\"de\",\"potentialAction\":[{\"@type\":\"ReadAction\",\"target\":[\"https:\/\/eu.motorad.com\/de\/produkte\/thermostate\/motorad-fail-safe-thermostate\/\"]}]},{\"@type\":\"ImageObject\",\"inLanguage\":\"de\",\"@id\":\"https:\/\/eu.motorad.com\/de\/produkte\/thermostate\/motorad-fail-safe-thermostate\/#primaryimage\",\"url\":\"https:\/\/eu.motorad.com\/wp-content\/uploads\/2025\/04\/Fail-Safe_Callout_web-1.jpg\",\"contentUrl\":\"https:\/\/eu.motorad.com\/wp-content\/uploads\/2025\/04\/Fail-Safe_Callout_web-1.jpg\"},{\"@type\":\"BreadcrumbList\",\"@id\":\"https:\/\/eu.motorad.com\/de\/produkte\/thermostate\/motorad-fail-safe-thermostate\/#breadcrumb\",\"itemListElement\":[{\"@type\":\"ListItem\",\"position\":1,\"name\":\"Home\",\"item\":\"https:\/\/motoradnew.test\/de\/hauptseite\/\"},{\"@type\":\"ListItem\",\"position\":2,\"name\":\"Produkte\",\"item\":\"https:\/\/motoradnew.test\/de\/produkte\/\"},{\"@type\":\"ListItem\",\"position\":3,\"name\":\"Thermostate\",\"item\":\"https:\/\/motoradnew.test\/de\/produkte\/thermostate\/\"},{\"@type\":\"ListItem\",\"position\":4,\"name\":\"MotoRad fail-safe\u00ae Thermostate\"}]},{\"@type\":\"WebSite\",\"@id\":\"https:\/\/eu.motorad.com\/de\/#website\",\"url\":\"https:\/\/eu.motorad.com\/de\/\",\"name\":\"MotoRad\",\"description\":\"Trusted to Deliver Better - Thermal Management, Emissions, Powertrain Controls\",\"potentialAction\":[{\"@type\":\"SearchAction\",\"target\":{\"@type\":\"EntryPoint\",\"urlTemplate\":\"https:\/\/eu.motorad.com\/de\/?s={search_term_string}\"},\"query-input\":{\"@type\":\"PropertyValueSpecification\",\"valueRequired\":true,\"valueName\":\"search_term_string\"}}],\"inLanguage\":\"de\"}]}<\/script>\n<!-- \/ Yoast SEO Premium plugin. -->","yoast_head_json":{"title":"MotoRad fail-safe\u00ae Thermostate - MotoRad","description":"Motorad Fail-Safe Thermostate sind konzipiert, um eine \u00dcberhitzung des Motors zu verhindern und Sicherheit auf der Stra\u00dfe zu gew\u00e4hrleisten. Entscheiden Sie sich f\u00fcr Motorad Fail-Safe Thermostate f\u00fcr eine zuverl\u00e4ssige Temperaturregulierung und sorgenfreies Fahren.","robots":{"index":"index","follow":"follow","max-snippet":"max-snippet:-1","max-image-preview":"max-image-preview:large","max-video-preview":"max-video-preview:-1"},"canonical":"https:\/\/eu.motorad.com\/de\/produkte\/thermostate\/motorad-fail-safe-thermostate\/","og_locale":"de_DE","og_type":"article","og_title":"MotoRad fail-safe\u00ae Thermostate","og_description":"Motorad Fail-Safe Thermostate sind konzipiert, um eine \u00dcberhitzung des Motors zu verhindern und Sicherheit auf der Stra\u00dfe zu gew\u00e4hrleisten. Entscheiden Sie sich f\u00fcr Motorad Fail-Safe Thermostate f\u00fcr eine zuverl\u00e4ssige Temperaturregulierung und sorgenfreies Fahren.","og_url":"https:\/\/eu.motorad.com\/de\/produkte\/thermostate\/motorad-fail-safe-thermostate\/","og_site_name":"MotoRad","article_modified_time":"2025-07-17T13:56:30+00:00","og_image":[{"width":457,"height":204,"url":"https:\/\/eu.motorad.com\/wp-content\/uploads\/2025\/04\/Fail-Safe_Callout_web-1.jpg","type":"image\/jpeg"}],"twitter_card":"summary_large_image","twitter_misc":{"Est. reading time":"2\u00a0Minuten"},"schema":{"@context":"https:\/\/schema.org","@graph":[{"@type":"WebPage","@id":"https:\/\/eu.motorad.com\/de\/produkte\/thermostate\/motorad-fail-safe-thermostate\/","url":"https:\/\/eu.motorad.com\/de\/produkte\/thermostate\/motorad-fail-safe-thermostate\/","name":"MotoRad fail-safe\u00ae Thermostate - MotoRad","isPartOf":{"@id":"https:\/\/eu.motorad.com\/de\/#website"},"primaryImageOfPage":{"@id":"https:\/\/eu.motorad.com\/de\/produkte\/thermostate\/motorad-fail-safe-thermostate\/#primaryimage"},"image":{"@id":"https:\/\/eu.motorad.com\/de\/produkte\/thermostate\/motorad-fail-safe-thermostate\/#primaryimage"},"thumbnailUrl":"https:\/\/eu.motorad.com\/wp-content\/uploads\/2025\/04\/Fail-Safe_Callout_web-1.jpg","datePublished":"2025-04-03T15:52:13+00:00","dateModified":"2025-07-17T13:56:30+00:00","description":"Motorad Fail-Safe Thermostate sind konzipiert, um eine \u00dcberhitzung des Motors zu verhindern und Sicherheit auf der Stra\u00dfe zu gew\u00e4hrleisten. Entscheiden Sie sich f\u00fcr Motorad Fail-Safe Thermostate f\u00fcr eine zuverl\u00e4ssige Temperaturregulierung und sorgenfreies Fahren.","breadcrumb":{"@id":"https:\/\/eu.motorad.com\/de\/produkte\/thermostate\/motorad-fail-safe-thermostate\/#breadcrumb"},"inLanguage":"de","potentialAction":[{"@type":"ReadAction","target":["https:\/\/eu.motorad.com\/de\/produkte\/thermostate\/motorad-fail-safe-thermostate\/"]}]},{"@type":"ImageObject","inLanguage":"de","@id":"https:\/\/eu.motorad.com\/de\/produkte\/thermostate\/motorad-fail-safe-thermostate\/#primaryimage","url":"https:\/\/eu.motorad.com\/wp-content\/uploads\/2025\/04\/Fail-Safe_Callout_web-1.jpg","contentUrl":"https:\/\/eu.motorad.com\/wp-content\/uploads\/2025\/04\/Fail-Safe_Callout_web-1.jpg"},{"@type":"BreadcrumbList","@id":"https:\/\/eu.motorad.com\/de\/produkte\/thermostate\/motorad-fail-safe-thermostate\/#breadcrumb","itemListElement":[{"@type":"ListItem","position":1,"name":"Home","item":"https:\/\/motoradnew.test\/de\/hauptseite\/"},{"@type":"ListItem","position":2,"name":"Produkte","item":"https:\/\/motoradnew.test\/de\/produkte\/"},{"@type":"ListItem","position":3,"name":"Thermostate","item":"https:\/\/motoradnew.test\/de\/produkte\/thermostate\/"},{"@type":"ListItem","position":4,"name":"MotoRad fail-safe\u00ae Thermostate"}]},{"@type":"WebSite","@id":"https:\/\/eu.motorad.com\/de\/#website","url":"https:\/\/eu.motorad.com\/de\/","name":"MotoRad","description":"Trusted to Deliver Better - Thermal Management, Emissions, Powertrain Controls","potentialAction":[{"@type":"SearchAction","target":{"@type":"EntryPoint","urlTemplate":"https:\/\/eu.motorad.com\/de\/?s={search_term_string}"},"query-input":{"@type":"PropertyValueSpecification","valueRequired":true,"valueName":"search_term_string"}}],"inLanguage":"de"}]}},"_links":{"self":[{"href":"https:\/\/eu.motorad.com\/de\/wp-json\/wp\/v2\/pages\/6076","targetHints":{"allow":["GET"]}}],"collection":[{"href":"https:\/\/eu.motorad.com\/de\/wp-json\/wp\/v2\/pages"}],"about":[{"href":"https:\/\/eu.motorad.com\/de\/wp-json\/wp\/v2\/types\/page"}],"author":[{"embeddable":true,"href":"https:\/\/eu.motorad.com\/de\/wp-json\/wp\/v2\/users\/1"}],"replies":[{"embeddable":true,"href":"https:\/\/eu.motorad.com\/de\/wp-json\/wp\/v2\/comments?post=6076"}],"version-history":[{"count":2,"href":"https:\/\/eu.motorad.com\/de\/wp-json\/wp\/v2\/pages\/6076\/revisions"}],"predecessor-version":[{"id":55759,"href":"https:\/\/eu.motorad.com\/de\/wp-json\/wp\/v2\/pages\/6076\/revisions\/55759"}],"up":[{"embeddable":true,"href":"https:\/\/eu.motorad.com\/de\/wp-json\/wp\/v2\/pages\/6741"}],"wp:attachment":[{"href":"https:\/\/eu.motorad.com\/de\/wp-json\/wp\/v2\/media?parent=6076"}],"curies":[{"name":"wp","href":"https:\/\/api.w.org\/{rel}","templated":true}]}}