{"id":6729,"date":"2025-04-03T15:39:49","date_gmt":"2025-04-03T15:39:49","guid":{"rendered":"https:\/\/eu.motorad.com\/kfz-thermostate\/"},"modified":"2025-07-17T13:56:30","modified_gmt":"2025-07-17T13:56:30","slug":"kfz-thermostate","status":"publish","type":"page","link":"https:\/\/eu.motorad.com\/de\/produkte\/thermostate\/kfz-thermostate\/","title":{"rendered":"Kfz-Thermostate"},"content":{"rendered":"<h1 style=\"padding-bottom:0;margin-top:var(--wp--preset--spacing--60);\" class=\"wp-block-post-title\">Kfz-Thermostate<\/h1>\n<div class=\"wp-block-columns is-layout-flex wp-container-core-columns-is-layout-b94da506 wp-block-columns-is-layout-flex\" style=\"margin-top:var(--wp--preset--spacing--60);margin-bottom:var(--wp--preset--spacing--70)\">\n<div class=\"wp-block-column is-layout-flow wp-block-column-is-layout-flow\" style=\"flex-basis:33.33%\">\n<figure class=\"wp-block-image aligncenter size-full\"><img loading=\"lazy\" decoding=\"async\" width=\"216\" height=\"216\" src=\"https:\/\/eu.motorad.com\/wp-content\/uploads\/2025\/04\/Motorad-04.svg\" alt=\"\" class=\"wp-image-3379\"\/><\/figure>\n<\/div>\n\n\n\n<div class=\"wp-block-column is-layout-flow wp-block-column-is-layout-flow\" style=\"flex-basis:66.66%\">\n<p style=\"margin-bottom:var(--wp--preset--spacing--30)\">MotoRad bietet eine vollst\u00e4ndige Palette von Thermostaten als Ersatz f\u00fcr Original-Ausstattungsthermostate an. <\/p>\n\n\n\n<p style=\"margin-bottom:var(--wp--preset--spacing--30)\"><strong>MotoRad-Thermostate sind in drei verschiedenen Qualit\u00e4tsstufen erh\u00e4ltlich, um den unterschiedlichen Bed\u00fcrfnissen von Verbrauchern und professionellen Installateuren gerecht zu werden.<\/strong><\/p>\n\n\n\n<div class=\"wp-block-columns is-layout-flex wp-container-core-columns-is-layout-cf69c365 wp-block-columns-is-layout-flex\" style=\"margin-bottom:var(--wp--preset--spacing--60)\">\n<div class=\"wp-block-column is-layout-flow wp-block-column-is-layout-flow\">\n<figure class=\"wp-block-image size-full\" style=\"margin-bottom:var(--wp--preset--spacing--40)\"><a href=\"https:\/\/eu.motorad.com\/de\/thermostate\/motorad-ultrastat-thermostate\/\"><img loading=\"lazy\" decoding=\"async\" width=\"720\" height=\"347\" src=\"https:\/\/eu.motorad.com\/wp-content\/uploads\/2025\/04\/UltraStat_Image_web-1.jpg\" alt=\"\" class=\"wp-image-3415\" srcset=\"https:\/\/eu.motorad.com\/wp-content\/uploads\/2025\/04\/UltraStat_Image_web-1.jpg 720w, https:\/\/eu.motorad.com\/wp-content\/uploads\/2025\/04\/UltraStat_Image_web-1-300x145.jpg 300w\" sizes=\"auto, (max-width: 720px) 100vw, 720px\" \/><\/a><\/figure>\n\n\n\n<ul class=\"wp-block-list\">\n<li>Entwickelt, um die Spezifikationen der Originalausr\u00fcstung zu \u00fcbertreffen<\/li>\n\n\n\n<li>Hochwertige Dreifachbr\u00fcckenkonstruktion f\u00fcr St\u00e4rke und Stabilit\u00e4t<\/li>\n\n\n\n<li>Vergr\u00f6\u00dferte \u00d6ffnung f\u00fcr erh\u00f6hten Durchfluss<\/li>\n\n\n\n<li>\u00dcberlegene Reaktion auf K\u00fchlbedarf<\/li>\n<\/ul>\n<\/div>\n\n\n\n<div class=\"wp-block-column is-layout-flow wp-block-column-is-layout-flow\">\n<figure class=\"wp-block-image size-full\" style=\"margin-bottom:var(--wp--preset--spacing--40)\"><img loading=\"lazy\" decoding=\"async\" width=\"457\" height=\"204\" src=\"https:\/\/eu.motorad.com\/wp-content\/uploads\/2025\/04\/Fail-Safe_Callout_web-1.jpg\" alt=\"\" class=\"wp-image-3401\" srcset=\"https:\/\/eu.motorad.com\/wp-content\/uploads\/2025\/04\/Fail-Safe_Callout_web-1.jpg 457w, https:\/\/eu.motorad.com\/wp-content\/uploads\/2025\/04\/Fail-Safe_Callout_web-1-300x134.jpg 300w\" sizes=\"auto, (max-width: 457px) 100vw, 457px\" \/><\/figure>\n\n\n\n<p><strong>Hilft, Ihren Motor vor \u00dcberhitzung zu sch\u00fctzen.<\/strong><\/p>\n\n\n\n<p>Wenn ein sich verschlechterndes K\u00fchlsystemteil eine \u00dcberhitzung verursacht, aktiviert die Ausfallsicherung einen sekund\u00e4ren Hub, der einen pr\u00e4zise konstruierten Kolben bet\u00e4tigt. Dieser verriegelt das Ventil automatisch in einer weit ge\u00f6ffneten Position, um eine freie Zirkulation des K\u00fchlmittels zu erm\u00f6glichen. <\/p>\n<\/div>\n\n\n\n<div class=\"wp-block-column is-layout-flow wp-block-column-is-layout-flow\">\n<figure class=\"wp-block-image aligncenter size-full is-resized\" style=\"margin-bottom:var(--wp--preset--spacing--40)\"><img loading=\"lazy\" decoding=\"async\" width=\"240\" height=\"248\" src=\"https:\/\/eu.motorad.com\/wp-content\/uploads\/2025\/04\/part.webp\" alt=\"\" class=\"wp-image-3408\" style=\"width:135px;height:139px\"\/><\/figure>\n\n\n\n<p>Standard-Kfz-Thermostate verwenden ein thermisch reagierendes Wachspellet, das in einer w\u00e4rmeleitenden Kupferschale mit einer flexiblen Gummimembran versiegelt ist.<\/p>\n<\/div>\n<\/div>\n\n\n\n<p>Diese Teile werden hergestellt, um alle Anforderungen der Originalausr\u00fcstungshersteller zu erf\u00fcllen oder zu \u00fcbertreffen. MotoRad bietet auch Standardthermostate f\u00fcr viele alternative Temperaturen an. <\/p>\n<\/div>\n<\/div>\n\n<p style=\"margin-bottom:var(--wp--preset--spacing--30)\">MotoRad bietet die beste Abdeckung von Thermostaten weltweit f\u00fcr nahezu jedes Fahrzeug und jeden Motor auf oder abseits der Stra\u00dfe. MotoRad Thermostate spielen eine entscheidende Rolle bei der Aufrechterhaltung der Betriebstemperatur des Motors.  <\/p>\n\n<p style=\"margin-bottom:var(--wp--preset--spacing--60)\">Dies wirkt sich positiv auf die Effizienz der Verbrennung und die Leistungs\u00fcbertragung, den Kraftstoffverbrauch, die Schadstoffemissionen und die Lebensdauer des Motors aus.<\/p>\n\n<div class=\"wp-block-buttons is-layout-flex wp-block-buttons-is-layout-flex\" style=\"margin-bottom:var(--wp--preset--spacing--70)\">\n<div class=\"wp-block-button\"><a class=\"wp-block-button__link wp-element-button\" href=\"https:\/\/eu.motorad.com\/de\/produkte\/\">Finden Sie Ihren Thermostaten<\/a><\/div>\n<\/div>\n\n<p><\/p>\n","protected":false},"excerpt":{"rendered":"<p>MotoRad bietet eine vollst\u00e4ndige Palette von Thermostaten als Ersatz f\u00fcr Original-Ausstattungsthermostate an. MotoRad-Thermostate sind in drei verschiedenen Qualit\u00e4tsstufen erh\u00e4ltlich, um [&#8230;]<\/p>\n","protected":false},"author":1,"featured_media":0,"parent":6741,"menu_order":0,"comment_status":"closed","ping_status":"closed","template":"","meta":{"_acf_changed":false,"footnotes":""},"class_list":["post-6729","page","type-page","status-publish","hentry"],"acf":[],"yoast_head":"<!-- This site is optimized with the Yoast SEO Premium plugin v27.2 (Yoast SEO v27.2) - https:\/\/yoast.com\/product\/yoast-seo-premium-wordpress\/ -->\n<title>Kfz-Thermostate - MotoRad<\/title>\n<meta name=\"description\" content=\"MotoRad - Kfz-Thermostate %\" \/>\n<meta name=\"robots\" content=\"index, follow, max-snippet:-1, max-image-preview:large, max-video-preview:-1\" \/>\n<link rel=\"canonical\" href=\"https:\/\/eu.motorad.com\/de\/produkte\/thermostate\/kfz-thermostate\/\" \/>\n<meta property=\"og:locale\" content=\"de_DE\" \/>\n<meta property=\"og:type\" content=\"article\" \/>\n<meta property=\"og:title\" content=\"Kfz-Thermostate\" \/>\n<meta property=\"og:description\" content=\"MotoRad - Kfz-Thermostate %\" \/>\n<meta property=\"og:url\" content=\"https:\/\/eu.motorad.com\/de\/produkte\/thermostate\/kfz-thermostate\/\" \/>\n<meta property=\"og:site_name\" content=\"MotoRad\" \/>\n<meta property=\"article:modified_time\" content=\"2025-07-17T13:56:30+00:00\" \/>\n<meta name=\"twitter:card\" content=\"summary_large_image\" \/>\n<meta name=\"twitter:label1\" content=\"Est. reading time\" \/>\n\t<meta name=\"twitter:data1\" content=\"1\u00a0Minute\" \/>\n<script type=\"application\/ld+json\" class=\"yoast-schema-graph\">{\"@context\":\"https:\/\/schema.org\",\"@graph\":[{\"@type\":\"WebPage\",\"@id\":\"https:\/\/eu.motorad.com\/de\/produkte\/thermostate\/kfz-thermostate\/\",\"url\":\"https:\/\/eu.motorad.com\/de\/produkte\/thermostate\/kfz-thermostate\/\",\"name\":\"Kfz-Thermostate - MotoRad\",\"isPartOf\":{\"@id\":\"https:\/\/eu.motorad.com\/de\/#website\"},\"primaryImageOfPage\":{\"@id\":\"https:\/\/eu.motorad.com\/de\/produkte\/thermostate\/kfz-thermostate\/#primaryimage\"},\"image\":{\"@id\":\"https:\/\/eu.motorad.com\/de\/produkte\/thermostate\/kfz-thermostate\/#primaryimage\"},\"thumbnailUrl\":\"https:\/\/eu.motorad.com\/wp-content\/uploads\/2025\/04\/Motorad-04.svg\",\"datePublished\":\"2025-04-03T15:39:49+00:00\",\"dateModified\":\"2025-07-17T13:56:30+00:00\",\"description\":\"MotoRad - Kfz-Thermostate %\",\"breadcrumb\":{\"@id\":\"https:\/\/eu.motorad.com\/de\/produkte\/thermostate\/kfz-thermostate\/#breadcrumb\"},\"inLanguage\":\"de\",\"potentialAction\":[{\"@type\":\"ReadAction\",\"target\":[\"https:\/\/eu.motorad.com\/de\/produkte\/thermostate\/kfz-thermostate\/\"]}]},{\"@type\":\"ImageObject\",\"inLanguage\":\"de\",\"@id\":\"https:\/\/eu.motorad.com\/de\/produkte\/thermostate\/kfz-thermostate\/#primaryimage\",\"url\":\"https:\/\/eu.motorad.com\/wp-content\/uploads\/2025\/04\/Motorad-04.svg\",\"contentUrl\":\"https:\/\/eu.motorad.com\/wp-content\/uploads\/2025\/04\/Motorad-04.svg\"},{\"@type\":\"BreadcrumbList\",\"@id\":\"https:\/\/eu.motorad.com\/de\/produkte\/thermostate\/kfz-thermostate\/#breadcrumb\",\"itemListElement\":[{\"@type\":\"ListItem\",\"position\":1,\"name\":\"Home\",\"item\":\"https:\/\/motoradnew.test\/de\/hauptseite\/\"},{\"@type\":\"ListItem\",\"position\":2,\"name\":\"Produkte\",\"item\":\"https:\/\/motoradnew.test\/de\/produkte\/\"},{\"@type\":\"ListItem\",\"position\":3,\"name\":\"Thermostate\",\"item\":\"https:\/\/motoradnew.test\/de\/produkte\/thermostate\/\"},{\"@type\":\"ListItem\",\"position\":4,\"name\":\"Kfz-Thermostate\"}]},{\"@type\":\"WebSite\",\"@id\":\"https:\/\/eu.motorad.com\/de\/#website\",\"url\":\"https:\/\/eu.motorad.com\/de\/\",\"name\":\"MotoRad\",\"description\":\"Trusted to Deliver Better - Thermal Management, Emissions, Powertrain Controls\",\"potentialAction\":[{\"@type\":\"SearchAction\",\"target\":{\"@type\":\"EntryPoint\",\"urlTemplate\":\"https:\/\/eu.motorad.com\/de\/?s={search_term_string}\"},\"query-input\":{\"@type\":\"PropertyValueSpecification\",\"valueRequired\":true,\"valueName\":\"search_term_string\"}}],\"inLanguage\":\"de\"}]}<\/script>\n<!-- \/ Yoast SEO Premium plugin. -->","yoast_head_json":{"title":"Kfz-Thermostate - MotoRad","description":"MotoRad - Kfz-Thermostate %","robots":{"index":"index","follow":"follow","max-snippet":"max-snippet:-1","max-image-preview":"max-image-preview:large","max-video-preview":"max-video-preview:-1"},"canonical":"https:\/\/eu.motorad.com\/de\/produkte\/thermostate\/kfz-thermostate\/","og_locale":"de_DE","og_type":"article","og_title":"Kfz-Thermostate","og_description":"MotoRad - Kfz-Thermostate %","og_url":"https:\/\/eu.motorad.com\/de\/produkte\/thermostate\/kfz-thermostate\/","og_site_name":"MotoRad","article_modified_time":"2025-07-17T13:56:30+00:00","twitter_card":"summary_large_image","twitter_misc":{"Est. reading time":"1\u00a0Minute"},"schema":{"@context":"https:\/\/schema.org","@graph":[{"@type":"WebPage","@id":"https:\/\/eu.motorad.com\/de\/produkte\/thermostate\/kfz-thermostate\/","url":"https:\/\/eu.motorad.com\/de\/produkte\/thermostate\/kfz-thermostate\/","name":"Kfz-Thermostate - MotoRad","isPartOf":{"@id":"https:\/\/eu.motorad.com\/de\/#website"},"primaryImageOfPage":{"@id":"https:\/\/eu.motorad.com\/de\/produkte\/thermostate\/kfz-thermostate\/#primaryimage"},"image":{"@id":"https:\/\/eu.motorad.com\/de\/produkte\/thermostate\/kfz-thermostate\/#primaryimage"},"thumbnailUrl":"https:\/\/eu.motorad.com\/wp-content\/uploads\/2025\/04\/Motorad-04.svg","datePublished":"2025-04-03T15:39:49+00:00","dateModified":"2025-07-17T13:56:30+00:00","description":"MotoRad - Kfz-Thermostate %","breadcrumb":{"@id":"https:\/\/eu.motorad.com\/de\/produkte\/thermostate\/kfz-thermostate\/#breadcrumb"},"inLanguage":"de","potentialAction":[{"@type":"ReadAction","target":["https:\/\/eu.motorad.com\/de\/produkte\/thermostate\/kfz-thermostate\/"]}]},{"@type":"ImageObject","inLanguage":"de","@id":"https:\/\/eu.motorad.com\/de\/produkte\/thermostate\/kfz-thermostate\/#primaryimage","url":"https:\/\/eu.motorad.com\/wp-content\/uploads\/2025\/04\/Motorad-04.svg","contentUrl":"https:\/\/eu.motorad.com\/wp-content\/uploads\/2025\/04\/Motorad-04.svg"},{"@type":"BreadcrumbList","@id":"https:\/\/eu.motorad.com\/de\/produkte\/thermostate\/kfz-thermostate\/#breadcrumb","itemListElement":[{"@type":"ListItem","position":1,"name":"Home","item":"https:\/\/motoradnew.test\/de\/hauptseite\/"},{"@type":"ListItem","position":2,"name":"Produkte","item":"https:\/\/motoradnew.test\/de\/produkte\/"},{"@type":"ListItem","position":3,"name":"Thermostate","item":"https:\/\/motoradnew.test\/de\/produkte\/thermostate\/"},{"@type":"ListItem","position":4,"name":"Kfz-Thermostate"}]},{"@type":"WebSite","@id":"https:\/\/eu.motorad.com\/de\/#website","url":"https:\/\/eu.motorad.com\/de\/","name":"MotoRad","description":"Trusted to Deliver Better - Thermal Management, Emissions, Powertrain Controls","potentialAction":[{"@type":"SearchAction","target":{"@type":"EntryPoint","urlTemplate":"https:\/\/eu.motorad.com\/de\/?s={search_term_string}"},"query-input":{"@type":"PropertyValueSpecification","valueRequired":true,"valueName":"search_term_string"}}],"inLanguage":"de"}]}},"_links":{"self":[{"href":"https:\/\/eu.motorad.com\/de\/wp-json\/wp\/v2\/pages\/6729","targetHints":{"allow":["GET"]}}],"collection":[{"href":"https:\/\/eu.motorad.com\/de\/wp-json\/wp\/v2\/pages"}],"about":[{"href":"https:\/\/eu.motorad.com\/de\/wp-json\/wp\/v2\/types\/page"}],"author":[{"embeddable":true,"href":"https:\/\/eu.motorad.com\/de\/wp-json\/wp\/v2\/users\/1"}],"replies":[{"embeddable":true,"href":"https:\/\/eu.motorad.com\/de\/wp-json\/wp\/v2\/comments?post=6729"}],"version-history":[{"count":3,"href":"https:\/\/eu.motorad.com\/de\/wp-json\/wp\/v2\/pages\/6729\/revisions"}],"predecessor-version":[{"id":55757,"href":"https:\/\/eu.motorad.com\/de\/wp-json\/wp\/v2\/pages\/6729\/revisions\/55757"}],"up":[{"embeddable":true,"href":"https:\/\/eu.motorad.com\/de\/wp-json\/wp\/v2\/pages\/6741"}],"wp:attachment":[{"href":"https:\/\/eu.motorad.com\/de\/wp-json\/wp\/v2\/media?parent=6729"}],"curies":[{"name":"wp","href":"https:\/\/api.w.org\/{rel}","templated":true}]}}