{"id":6760,"date":"2025-04-03T15:13:22","date_gmt":"2025-04-03T15:13:22","guid":{"rendered":"https:\/\/eu.motorad.com\/kontaktieren-sie-uns\/benoetigen-sie-eine-individuelle-entwicklung\/"},"modified":"2025-06-30T18:28:13","modified_gmt":"2025-06-30T18:28:13","slug":"benoetigen-sie-eine-individuelle-entwicklung","status":"publish","type":"page","link":"https:\/\/eu.motorad.com\/de\/kontaktieren-sie-uns\/benoetigen-sie-eine-individuelle-entwicklung\/","title":{"rendered":"Ben\u00f6tigen Sie eine individuelle Entwicklung?"},"content":{"rendered":"<h1 style=\"margin-top:var(--wp--preset--spacing--60);margin-bottom:var(--wp--preset--spacing--60);\" class=\"wp-block-post-title\">Ben\u00f6tigen Sie eine individuelle Entwicklung?<\/h1>\n<div class=\"wp-block-columns is-layout-flex wp-container-core-columns-is-layout-212ad063 wp-block-columns-is-layout-flex\" style=\"margin-bottom:var(--wp--preset--spacing--70)\">\n<div class=\"wp-block-column is-layout-flow wp-block-column-is-layout-flow\" style=\"flex-basis:66.66%\">\n<p style=\"margin-bottom:var(--wp--preset--spacing--30)\">F\u00fcllen Sie das untenstehende Formular aus, um unser Entwicklungs- und Produktinnovationsteam zu kontaktieren. <\/p>\n\n\n\n<p class=\"is-style-cta-link\" style=\"margin-bottom:var(--wp--preset--spacing--30)\">Wenn Sie Informationen zu <strong>aktuellen MotoRad-Produkten und -Dienstleistungen<\/strong> suchen, k\u00f6nnen Sie unser Verkaufs- und Serviceteam \u00fcber unser<\/p>\n\n\n\n<div class=\"wp-block-buttons is-layout-flex wp-block-buttons-is-layout-flex\" style=\"margin-top:var(--wp--preset--spacing--50);margin-bottom:var(--wp--preset--spacing--60)\">\n<div class=\"wp-block-button is-style-read-more\"><a class=\"wp-block-button__link wp-element-button\" href=\"https:\/\/eu.motorad.com\/de\/kontaktieren-sie-uns\/\">VERKAUFS- UND SERVICE-KONTAKTFORMULAR<\/a><\/div>\n<\/div>\n\n\n\n<iframe loading=\"lazy\" src=\"https:\/\/go.motorad.com\/l\/846063\/2023-08-11\/2g77p2\" width=\"100%\" height=\"650\" type=\"text\/html\" frameborder=\"0\" allowtransparency=\"true\" style=\"border: 0\"><\/iframe>\n<\/div>\n\n\n\n<div class=\"wp-block-column is-layout-flow wp-block-column-is-layout-flow\" style=\"flex-basis:33.33%\">\n<figure class=\"wp-block-image size-full\" style=\"margin-bottom:var(--wp--preset--spacing--50)\"><img loading=\"lazy\" decoding=\"async\" width=\"972\" height=\"636\" src=\"https:\/\/eu.motorad.com\/wp-content\/uploads\/2025\/04\/TrustedToDeliverBetter.webp\" alt=\"\" class=\"wp-image-3317\" srcset=\"https:\/\/eu.motorad.com\/wp-content\/uploads\/2025\/04\/TrustedToDeliverBetter.webp 972w, https:\/\/eu.motorad.com\/wp-content\/uploads\/2025\/04\/TrustedToDeliverBetter-300x196.webp 300w, https:\/\/eu.motorad.com\/wp-content\/uploads\/2025\/04\/TrustedToDeliverBetter-768x503.webp 768w\" sizes=\"auto, (max-width: 972px) 100vw, 972px\" \/><\/figure>\n\n\n\n<h4 class=\"wp-block-heading\" style=\"margin-bottom:var(--wp--preset--spacing--40)\"><strong>Wir sch\u00e4tzen Ihre Anfrage und werden schnellstm\u00f6glich darauf antworten<\/strong>.<\/h4>\n\n\n\n<p style=\"margin-bottom:var(--wp--preset--spacing--50)\">Sie finden uns weltweit an folgenden Standorten:<\/p>\n\n\n\n<p style=\"margin-bottom:var(--wp--preset--spacing--50)\"><strong>MOTORAD USA<\/strong> &#8211; Illinois<br\/>916 Empire Street<br\/>MT Carmel, IL 62863<br\/>Hauptnummer: +1-888-262-4153<br\/>Technischer Support: +1-866-690-4357<\/p>\n\n\n\n<p style=\"margin-bottom:var(--wp--preset--spacing--50)\"><strong>MOTORAD USA<\/strong> &#8211; Georgia<br\/>200 Hembree Park Drive Suite R<br\/>Roswell, GA 30076<br\/>+1-678-691-2023<\/p>\n\n\n\n<p style=\"margin-bottom:var(--wp--preset--spacing--50)\"><strong>MOTORAD ISRAEL<\/strong> &#8211; Misgav<br\/>Bar-Lev Industriepark,<br\/>Misgav 20156, Israel<br\/>972-4-955-3232<\/p>\n\n\n\n<p style=\"margin-bottom:var(--wp--preset--spacing--50)\"><strong>MOTORAD GERMANY<\/strong> &#8211; Deutschland<br\/>Max-Planck-Str. 6<br\/>D-50374 Erftstadt-Deutschland<br\/>+49-2235-430447<\/p>\n\n\n\n<p style=\"margin-bottom:0\"><strong>MOTORAD MEXICO<\/strong> &#8211; Nuevo Leon<br\/>COLONIA SABINAS INDUSTRIAL PARK<br\/>Av. Luis Donaldo Colosio, Nummer 292,<br\/>Ciudad Apodaca, Nuevo Leon<br\/>66645<br\/>N. L. | Mexiko<br\/>Tel: +52 81 1972 6650 <\/p>\n<\/div>\n<\/div>\n\n<div class=\"wp-block-cover alignfull is-light\" style=\"padding-top:var(--wp--preset--spacing--60);padding-bottom:var(--wp--preset--spacing--60)\"><span aria-hidden=\"true\" class=\"wp-block-cover__background has-background-dim-0 has-background-dim\" style=\"background-color:#ece5d9\"><\/span><img loading=\"lazy\" decoding=\"async\" width=\"1505\" height=\"305\" class=\"wp-block-cover__image-background wp-image-223\" alt=\"\" src=\"https:\/\/eu.motorad.com\/wp-content\/uploads\/2025\/03\/FooterCTA.jpg\" data-object-fit=\"cover\" srcset=\"https:\/\/eu.motorad.com\/wp-content\/uploads\/2025\/03\/FooterCTA.jpg 1505w, https:\/\/eu.motorad.com\/wp-content\/uploads\/2025\/03\/FooterCTA-300x61.jpg 300w, https:\/\/eu.motorad.com\/wp-content\/uploads\/2025\/03\/FooterCTA-1024x208.jpg 1024w, https:\/\/eu.motorad.com\/wp-content\/uploads\/2025\/03\/FooterCTA-768x156.jpg 768w\" sizes=\"auto, (max-width: 1505px) 100vw, 1505px\" \/><div class=\"wp-block-cover__inner-container is-layout-flow wp-block-cover-is-layout-flow\">\n<div class=\"wp-block-columns are-vertically-aligned-center is-layout-flex wp-container-core-columns-is-layout-cbe57604 wp-block-columns-is-layout-flex\">\n<div class=\"wp-block-column is-vertically-aligned-center is-layout-flow wp-block-column-is-layout-flow\" style=\"flex-basis:45%\">\n<h2 class=\"wp-block-heading has-text-align-center has-palette-text-color has-text-color\" id=\"h-need-help-finding-the-right-product\" style=\"margin-bottom:var(--wp--preset--spacing--40)\">Brauchen Sie Hilfe bei der Suche nach dem richtigen Produkt?<\/h2>\n\n\n\n<p class=\"has-text-align-center has-palette-text-color has-text-color\" style=\"margin-bottom:var(--wp--preset--spacing--50)\">Unser engagiertes Team ist hier, um Sie in die richtige Richtung zu lenken. Klicken Sie unten und lassen Sie uns wissen, wie wir Ihnen helfen k\u00f6nnen, das ideale Produkt f\u00fcr Ihren Bedarf zu finden. Ihre Reise zu BESSEREN Erfahrungen beginnt hier.  <\/p>\n\n\n\n<div class=\"wp-block-buttons is-content-justification-center is-layout-flex wp-container-core-buttons-is-layout-a89b3969 wp-block-buttons-is-layout-flex\">\n<div class=\"wp-block-button\"><a class=\"wp-block-button__link has-text-align-center wp-element-button\" href=\"https:\/\/eu.motorad.com\/contact\/need-help-finding-something\/\">Sprechen Sie mit einem MotoRad Spezialisten<\/a><\/div>\n<\/div>\n<\/div>\n\n\n\n<div class=\"wp-block-column is-layout-flow wp-block-column-is-layout-flow\" style=\"flex-basis:10%\"><\/div>\n\n\n\n<div class=\"wp-block-column is-layout-flow wp-block-column-is-layout-flow\" style=\"flex-basis:45%\">\n<h2 class=\"wp-block-heading has-text-align-center has-palette-text-color has-text-color\" id=\"h-looking-for-custom-development\" style=\"margin-bottom:var(--wp--preset--spacing--40)\">Suchen Sie eine individuelle Entwicklung?<\/h2>\n\n\n\n<p class=\"has-text-align-center has-palette-text-color has-text-color\" style=\"margin-bottom:var(--wp--preset--spacing--50)\">Bei uns geht es nicht nur um Produkte, sondern um ma\u00dfgeschneiderte L\u00f6sungen, die Ihren Bed\u00fcrfnissen entsprechen. Sind Sie bereit, Ihr neues Projekt zum Leben zu erwecken? Klicken Sie unten, und lassen Sie uns gemeinsam auf die Reise der individuellen Produktentwicklung gehen.  <\/p>\n\n\n\n<div class=\"wp-block-buttons is-content-justification-center is-layout-flex wp-container-core-buttons-is-layout-a89b3969 wp-block-buttons-is-layout-flex\">\n<div class=\"wp-block-button is-style-fill\"><a class=\"wp-block-button__link has-palette-bg-color has-palette-text-background-color has-text-color has-background has-text-align-center wp-element-button\" href=\"https:\/\/eu.motorad.com\/contact\/do-you-need-custom-development\/\">Wir m\u00f6chten Ihr Lieferant sein<\/a><\/div>\n<\/div>\n<\/div>\n<\/div>\n<\/div><\/div>\n","protected":false},"excerpt":{"rendered":"<p>F\u00fcllen Sie das untenstehende Formular aus, um unser Entwicklungs- und Produktinnovationsteam zu kontaktieren. Wenn Sie Informationen zu aktuellen MotoRad-Produkten und [&#8230;]<\/p>\n","protected":false},"author":1,"featured_media":0,"parent":5617,"menu_order":0,"comment_status":"closed","ping_status":"closed","template":"","meta":{"_acf_changed":false,"footnotes":""},"class_list":["post-6760","page","type-page","status-publish","hentry"],"acf":[],"yoast_head":"<!-- This site is optimized with the Yoast SEO Premium plugin v27.2 (Yoast SEO v27.2) - https:\/\/yoast.com\/product\/yoast-seo-premium-wordpress\/ -->\n<title>Ben\u00f6tigen Sie eine individuelle Entwicklung? - MotoRad<\/title>\n<meta name=\"description\" content=\"MotoRad - Ben\u00f6tigen Sie eine individuelle Entwicklung? %\" \/>\n<meta name=\"robots\" content=\"index, follow, max-snippet:-1, max-image-preview:large, max-video-preview:-1\" \/>\n<link rel=\"canonical\" href=\"https:\/\/eu.motorad.com\/de\/kontaktieren-sie-uns\/benoetigen-sie-eine-individuelle-entwicklung\/\" \/>\n<meta property=\"og:locale\" content=\"de_DE\" \/>\n<meta property=\"og:type\" content=\"article\" \/>\n<meta property=\"og:title\" content=\"Ben\u00f6tigen Sie eine individuelle Entwicklung?\" \/>\n<meta property=\"og:description\" content=\"MotoRad - Ben\u00f6tigen Sie eine individuelle Entwicklung? %\" \/>\n<meta property=\"og:url\" content=\"https:\/\/eu.motorad.com\/de\/kontaktieren-sie-uns\/benoetigen-sie-eine-individuelle-entwicklung\/\" \/>\n<meta property=\"og:site_name\" content=\"MotoRad\" \/>\n<meta property=\"article:modified_time\" content=\"2025-06-30T18:28:13+00:00\" \/>\n<meta property=\"og:image\" content=\"https:\/\/eu.motorad.com\/wp-content\/uploads\/2025\/04\/TrustedToDeliverBetter.webp\" \/>\n\t<meta property=\"og:image:width\" content=\"972\" \/>\n\t<meta property=\"og:image:height\" content=\"636\" \/>\n\t<meta property=\"og:image:type\" content=\"image\/webp\" \/>\n<meta name=\"twitter:card\" content=\"summary_large_image\" \/>\n<meta name=\"twitter:label1\" content=\"Est. reading time\" \/>\n\t<meta name=\"twitter:data1\" content=\"1\u00a0Minute\" \/>\n<script type=\"application\/ld+json\" class=\"yoast-schema-graph\">{\"@context\":\"https:\/\/schema.org\",\"@graph\":[{\"@type\":\"WebPage\",\"@id\":\"https:\/\/eu.motorad.com\/de\/kontaktieren-sie-uns\/benoetigen-sie-eine-individuelle-entwicklung\/\",\"url\":\"https:\/\/eu.motorad.com\/de\/kontaktieren-sie-uns\/benoetigen-sie-eine-individuelle-entwicklung\/\",\"name\":\"Ben\u00f6tigen Sie eine individuelle Entwicklung? - MotoRad\",\"isPartOf\":{\"@id\":\"https:\/\/eu.motorad.com\/de\/#website\"},\"primaryImageOfPage\":{\"@id\":\"https:\/\/eu.motorad.com\/de\/kontaktieren-sie-uns\/benoetigen-sie-eine-individuelle-entwicklung\/#primaryimage\"},\"image\":{\"@id\":\"https:\/\/eu.motorad.com\/de\/kontaktieren-sie-uns\/benoetigen-sie-eine-individuelle-entwicklung\/#primaryimage\"},\"thumbnailUrl\":\"https:\/\/eu.motorad.com\/wp-content\/uploads\/2025\/04\/TrustedToDeliverBetter.webp\",\"datePublished\":\"2025-04-03T15:13:22+00:00\",\"dateModified\":\"2025-06-30T18:28:13+00:00\",\"description\":\"MotoRad - Ben\u00f6tigen Sie eine individuelle Entwicklung? %\",\"breadcrumb\":{\"@id\":\"https:\/\/eu.motorad.com\/de\/kontaktieren-sie-uns\/benoetigen-sie-eine-individuelle-entwicklung\/#breadcrumb\"},\"inLanguage\":\"de\",\"potentialAction\":[{\"@type\":\"ReadAction\",\"target\":[\"https:\/\/eu.motorad.com\/de\/kontaktieren-sie-uns\/benoetigen-sie-eine-individuelle-entwicklung\/\"]}]},{\"@type\":\"ImageObject\",\"inLanguage\":\"de\",\"@id\":\"https:\/\/eu.motorad.com\/de\/kontaktieren-sie-uns\/benoetigen-sie-eine-individuelle-entwicklung\/#primaryimage\",\"url\":\"https:\/\/eu.motorad.com\/wp-content\/uploads\/2025\/04\/TrustedToDeliverBetter.webp\",\"contentUrl\":\"https:\/\/eu.motorad.com\/wp-content\/uploads\/2025\/04\/TrustedToDeliverBetter.webp\"},{\"@type\":\"BreadcrumbList\",\"@id\":\"https:\/\/eu.motorad.com\/de\/kontaktieren-sie-uns\/benoetigen-sie-eine-individuelle-entwicklung\/#breadcrumb\",\"itemListElement\":[{\"@type\":\"ListItem\",\"position\":1,\"name\":\"Home\",\"item\":\"https:\/\/motoradnew.test\/de\/hauptseite\/\"},{\"@type\":\"ListItem\",\"position\":2,\"name\":\"Kontaktieren Sie uns\",\"item\":\"https:\/\/motoradnew.test\/de\/kontaktieren-sie-uns\/\"},{\"@type\":\"ListItem\",\"position\":3,\"name\":\"Ben\u00f6tigen Sie eine individuelle Entwicklung?\"}]},{\"@type\":\"WebSite\",\"@id\":\"https:\/\/eu.motorad.com\/de\/#website\",\"url\":\"https:\/\/eu.motorad.com\/de\/\",\"name\":\"MotoRad\",\"description\":\"Trusted to Deliver Better - Thermal Management, Emissions, Powertrain Controls\",\"potentialAction\":[{\"@type\":\"SearchAction\",\"target\":{\"@type\":\"EntryPoint\",\"urlTemplate\":\"https:\/\/eu.motorad.com\/de\/?s={search_term_string}\"},\"query-input\":{\"@type\":\"PropertyValueSpecification\",\"valueRequired\":true,\"valueName\":\"search_term_string\"}}],\"inLanguage\":\"de\"}]}<\/script>\n<!-- \/ Yoast SEO Premium plugin. -->","yoast_head_json":{"title":"Ben\u00f6tigen Sie eine individuelle Entwicklung? - MotoRad","description":"MotoRad - Ben\u00f6tigen Sie eine individuelle Entwicklung? %","robots":{"index":"index","follow":"follow","max-snippet":"max-snippet:-1","max-image-preview":"max-image-preview:large","max-video-preview":"max-video-preview:-1"},"canonical":"https:\/\/eu.motorad.com\/de\/kontaktieren-sie-uns\/benoetigen-sie-eine-individuelle-entwicklung\/","og_locale":"de_DE","og_type":"article","og_title":"Ben\u00f6tigen Sie eine individuelle Entwicklung?","og_description":"MotoRad - Ben\u00f6tigen Sie eine individuelle Entwicklung? %","og_url":"https:\/\/eu.motorad.com\/de\/kontaktieren-sie-uns\/benoetigen-sie-eine-individuelle-entwicklung\/","og_site_name":"MotoRad","article_modified_time":"2025-06-30T18:28:13+00:00","og_image":[{"width":972,"height":636,"url":"https:\/\/eu.motorad.com\/wp-content\/uploads\/2025\/04\/TrustedToDeliverBetter.webp","type":"image\/webp"}],"twitter_card":"summary_large_image","twitter_misc":{"Est. reading time":"1\u00a0Minute"},"schema":{"@context":"https:\/\/schema.org","@graph":[{"@type":"WebPage","@id":"https:\/\/eu.motorad.com\/de\/kontaktieren-sie-uns\/benoetigen-sie-eine-individuelle-entwicklung\/","url":"https:\/\/eu.motorad.com\/de\/kontaktieren-sie-uns\/benoetigen-sie-eine-individuelle-entwicklung\/","name":"Ben\u00f6tigen Sie eine individuelle Entwicklung? - MotoRad","isPartOf":{"@id":"https:\/\/eu.motorad.com\/de\/#website"},"primaryImageOfPage":{"@id":"https:\/\/eu.motorad.com\/de\/kontaktieren-sie-uns\/benoetigen-sie-eine-individuelle-entwicklung\/#primaryimage"},"image":{"@id":"https:\/\/eu.motorad.com\/de\/kontaktieren-sie-uns\/benoetigen-sie-eine-individuelle-entwicklung\/#primaryimage"},"thumbnailUrl":"https:\/\/eu.motorad.com\/wp-content\/uploads\/2025\/04\/TrustedToDeliverBetter.webp","datePublished":"2025-04-03T15:13:22+00:00","dateModified":"2025-06-30T18:28:13+00:00","description":"MotoRad - Ben\u00f6tigen Sie eine individuelle Entwicklung? %","breadcrumb":{"@id":"https:\/\/eu.motorad.com\/de\/kontaktieren-sie-uns\/benoetigen-sie-eine-individuelle-entwicklung\/#breadcrumb"},"inLanguage":"de","potentialAction":[{"@type":"ReadAction","target":["https:\/\/eu.motorad.com\/de\/kontaktieren-sie-uns\/benoetigen-sie-eine-individuelle-entwicklung\/"]}]},{"@type":"ImageObject","inLanguage":"de","@id":"https:\/\/eu.motorad.com\/de\/kontaktieren-sie-uns\/benoetigen-sie-eine-individuelle-entwicklung\/#primaryimage","url":"https:\/\/eu.motorad.com\/wp-content\/uploads\/2025\/04\/TrustedToDeliverBetter.webp","contentUrl":"https:\/\/eu.motorad.com\/wp-content\/uploads\/2025\/04\/TrustedToDeliverBetter.webp"},{"@type":"BreadcrumbList","@id":"https:\/\/eu.motorad.com\/de\/kontaktieren-sie-uns\/benoetigen-sie-eine-individuelle-entwicklung\/#breadcrumb","itemListElement":[{"@type":"ListItem","position":1,"name":"Home","item":"https:\/\/motoradnew.test\/de\/hauptseite\/"},{"@type":"ListItem","position":2,"name":"Kontaktieren Sie uns","item":"https:\/\/motoradnew.test\/de\/kontaktieren-sie-uns\/"},{"@type":"ListItem","position":3,"name":"Ben\u00f6tigen Sie eine individuelle Entwicklung?"}]},{"@type":"WebSite","@id":"https:\/\/eu.motorad.com\/de\/#website","url":"https:\/\/eu.motorad.com\/de\/","name":"MotoRad","description":"Trusted to Deliver Better - Thermal Management, Emissions, Powertrain Controls","potentialAction":[{"@type":"SearchAction","target":{"@type":"EntryPoint","urlTemplate":"https:\/\/eu.motorad.com\/de\/?s={search_term_string}"},"query-input":{"@type":"PropertyValueSpecification","valueRequired":true,"valueName":"search_term_string"}}],"inLanguage":"de"}]}},"_links":{"self":[{"href":"https:\/\/eu.motorad.com\/de\/wp-json\/wp\/v2\/pages\/6760","targetHints":{"allow":["GET"]}}],"collection":[{"href":"https:\/\/eu.motorad.com\/de\/wp-json\/wp\/v2\/pages"}],"about":[{"href":"https:\/\/eu.motorad.com\/de\/wp-json\/wp\/v2\/types\/page"}],"author":[{"embeddable":true,"href":"https:\/\/eu.motorad.com\/de\/wp-json\/wp\/v2\/users\/1"}],"replies":[{"embeddable":true,"href":"https:\/\/eu.motorad.com\/de\/wp-json\/wp\/v2\/comments?post=6760"}],"version-history":[{"count":1,"href":"https:\/\/eu.motorad.com\/de\/wp-json\/wp\/v2\/pages\/6760\/revisions"}],"predecessor-version":[{"id":6761,"href":"https:\/\/eu.motorad.com\/de\/wp-json\/wp\/v2\/pages\/6760\/revisions\/6761"}],"up":[{"embeddable":true,"href":"https:\/\/eu.motorad.com\/de\/wp-json\/wp\/v2\/pages\/5617"}],"wp:attachment":[{"href":"https:\/\/eu.motorad.com\/de\/wp-json\/wp\/v2\/media?parent=6760"}],"curies":[{"name":"wp","href":"https:\/\/api.w.org\/{rel}","templated":true}]}}