{"id":5577,"date":"2025-03-12T11:34:14","date_gmt":"2025-03-12T11:34:14","guid":{"rendered":"https:\/\/eu.motorad.com\/2024-paace\/"},"modified":"2025-06-30T18:25:45","modified_gmt":"2025-06-30T18:25:45","slug":"2024-paace","status":"publish","type":"page","link":"https:\/\/eu.motorad.com\/es\/2024-paace\/","title":{"rendered":"2024 PAACE"},"content":{"rendered":"\n<figure class=\"wp-block-image size-large\"><img loading=\"lazy\" decoding=\"async\" width=\"1024\" height=\"571\" src=\"https:\/\/eu.motorad.com\/wp-content\/uploads\/2025\/03\/show-1024x571.jpg\" alt=\"\" class=\"wp-image-215\" srcset=\"https:\/\/eu.motorad.com\/wp-content\/uploads\/2025\/03\/show-1024x571.jpg 1024w, https:\/\/eu.motorad.com\/wp-content\/uploads\/2025\/03\/show-300x167.jpg 300w, https:\/\/eu.motorad.com\/wp-content\/uploads\/2025\/03\/show-768x428.jpg 768w, https:\/\/eu.motorad.com\/wp-content\/uploads\/2025\/03\/show-1536x857.jpg 1536w, https:\/\/eu.motorad.com\/wp-content\/uploads\/2025\/03\/show.jpg 1800w\" sizes=\"auto, (max-width: 1024px) 100vw, 1024px\" \/><\/figure>\n\n<div class=\"wp-block-columns is-layout-flex wp-container-core-columns-is-layout-8351d469 wp-block-columns-is-layout-flex\" style=\"margin-bottom:var(--wp--preset--spacing--50)\">\n<div class=\"wp-block-column is-layout-flow wp-block-column-is-layout-flow\">\n<figure class=\"wp-block-image size-full\"><img loading=\"lazy\" decoding=\"async\" width=\"150\" height=\"150\" src=\"https:\/\/eu.motorad.com\/wp-content\/uploads\/2025\/03\/web-menu-icons-therm-1.webp\" alt=\"\" class=\"wp-image-216\"\/><\/figure>\n\n\n\n<h4 class=\"wp-block-heading\"><strong><em><a href=\"https:\/\/eu.motorad.com\/es\/products\/termostatos\/\">Termostatos<\/a><\/em><\/strong><\/h4>\n\n\n\n<ul class=\"wp-block-list\">\n<li><a href=\"https:\/\/eu.motorad.com\/es\/products\/termostatos\/termostatos-automotrices\/\">Termostatos para autom\u00f3viles<\/a><\/li>\n\n\n\n<li><a href=\"https:\/\/eu.motorad.com\/products\/thermostats\/fail-safe-thermostats\/\">Termostatos Fail-Safe<\/a><\/li>\n\n\n\n<li><a href=\"https:\/\/eu.motorad.com\/products\/thermostats\/ultrastat-thermostats\/\">Termostatos UltraStat<\/a><\/li>\n\n\n\n<li><a href=\"https:\/\/eu.motorad.com\/es\/products\/termostatos\/carcasas-de-refrigerante-motorad\/\">Carcasa del refrigerante<\/a><\/li>\n\n\n\n<li><a href=\"https:\/\/eu.motorad.com\/es\/products\/termostatos\/termostatos-de-carcasa-integrada-motorad\/\">Termostatos de carcasa integrados<\/a><\/li>\n<\/ul>\n<\/div>\n\n\n\n<div class=\"wp-block-column is-layout-flow wp-block-column-is-layout-flow\">\n<figure class=\"wp-block-image size-full\"><img loading=\"lazy\" decoding=\"async\" width=\"150\" height=\"150\" src=\"https:\/\/eu.motorad.com\/wp-content\/uploads\/2025\/03\/web-menu-icons-em-1.webp\" alt=\"\" class=\"wp-image-217\"\/><\/figure>\n\n\n\n<h4 class=\"wp-block-heading\"><strong><em><a href=\"https:\/\/eu.motorad.com\/es\/products\/controles-del-tren-motriz\/\">Tecnolog\u00edas emergentes<\/a><\/em><\/strong><\/h4>\n\n\n\n<ul class=\"wp-block-list\">\n<li><a href=\"https:\/\/eu.motorad.com\/es\/products\/controles-del-tren-motriz\/sensores-de-detonacion\/\">Sensores de golpes<\/a><\/li>\n\n\n\n<li><a href=\"https:\/\/eu.motorad.com\/es\/products\/controles-del-tren-motriz\/sensores-de-posicion-del-acelerador\/\">Sensores de posici\u00f3n del acelerador<\/a><\/li>\n\n\n\n<li><a href=\"https:\/\/eu.motorad.com\/es\/products\/controles-del-tren-motriz\/sensores-emisores-de-temperatura-del-refrigerante\/\">Sensores\/receptores de temperatura del refrigerante<\/a><\/li>\n\n\n\n<li><a href=\"https:\/\/eu.motorad.com\/es\/products\/controles-del-tren-motriz\/solenoides-vvt\/\">Solenoides VVT<\/a><\/li>\n\n\n\n<li><a href=\"https:\/\/eu.motorad.com\/es\/products\/controles-del-tren-motriz\/sensores-maf\/\">Sensores de masa de aire MAF<\/a><\/li>\n\n\n\n<li><a href=\"https:\/\/eu.motorad.com\/es\/products\/controles-del-tren-motriz\/bobinas-de-encendido\/\">Bobinas de encendido<\/a><\/li>\n\n\n\n<li><a href=\"https:\/\/eu.motorad.com\/es\/products\/controles-del-tren-motriz\/sensores-de-arbol-de-levas-ciguenal\/\">Sensores leva\/manivela<\/a><\/li>\n<\/ul>\n<\/div>\n\n\n\n<div class=\"wp-block-column is-layout-flow wp-block-column-is-layout-flow\">\n<figure class=\"wp-block-image size-full\"><img loading=\"lazy\" decoding=\"async\" width=\"150\" height=\"150\" src=\"https:\/\/eu.motorad.com\/wp-content\/uploads\/2025\/03\/web-menu-icons-cap-1.webp\" alt=\"\" class=\"wp-image-218\"\/><\/figure>\n\n\n\n<h4 class=\"wp-block-heading\"><strong><em><a href=\"https:\/\/eu.motorad.com\/es\/products\/tapones\/\">Gorras<\/a><\/em><\/strong><\/h4>\n\n\n\n<ul class=\"wp-block-list\">\n<li><a href=\"https:\/\/eu.motorad.com\/es\/products\/tapones\/tapon-de-combustible-con-cordon\/\">Tap\u00f3n de combustible atado<\/a><\/li>\n\n\n\n<li><a href=\"https:\/\/eu.motorad.com\/es\/products\/tapones\/tapones-de-refrigerante\/\">Tapones de refrigerante<\/a><\/li>\n\n\n\n<li><a href=\"https:\/\/eu.motorad.com\/es\/products\/tapones\/tapones-de-aceite\/\">Tapones de aceite<\/a><\/li>\n\n\n\n<li><a href=\"https:\/\/eu.motorad.com\/es\/products\/tapones\/tapones-de-combustible\/\">Tapones de combustible<\/a><\/li>\n\n\n\n<li><a href=\"https:\/\/eu.motorad.com\/es\/products\/tapones\/tapas-de-def\/\">Tapas DEF<\/a><\/li>\n\n\n\n<li><a href=\"https:\/\/eu.motorad.com\/es\/products\/tapones\/tapas-de-filtro-de-aceite\/\">Tapas de filtro de aceite<\/a><\/li>\n\n\n\n<li><a href=\"https:\/\/eu.motorad.com\/es\/products\/tapones\/comprobador-del-sistema-de-refrigeracion\/\">Comprobador del sistema de refrigeraci\u00f3n<\/a><\/li>\n<\/ul>\n<\/div>\n<\/div>\n\n<h2 class=\"wp-block-heading\" id=\"h-request-more-information\" style=\"margin-bottom:var(--wp--preset--spacing--50)\">Solicita m\u00e1s informaci\u00f3n:<\/h2>\n\n<p style=\"margin-bottom:var(--wp--preset--spacing--50)\">Ponte en contacto con nuestro equipo de expertos, que aportan una gran cantidad de conocimientos y experiencia en el sector de la automoci\u00f3n, para hablar de c\u00f3mo los productos MotoRad pueden satisfacer tus necesidades espec\u00edficas y ayudarte a mantenerte a la vanguardia del mercado automovil\u00edstico, en r\u00e1pida evoluci\u00f3n.<\/p>\n\n<ul style=\"margin-bottom:var(--wp--preset--spacing--60)\" class=\"wp-block-list\">\n<li><strong>Mantente informado<\/strong>: Obt\u00e9n informaci\u00f3n valiosa sobre los \u00faltimos avances en tecnolog\u00eda automovil\u00edstica.<\/li>\n\n\n\n<li><strong>Experimenta la innovaci\u00f3n<\/strong>: Comprueba de primera mano c\u00f3mo MotoRad est\u00e1 superando los l\u00edmites de la ingenier\u00eda automovil\u00edstica.<\/li>\n<\/ul>\n\n<div class=\"wp-block-group is-layout-constrained wp-block-group-is-layout-constrained\" style=\"padding-top:var(--wp--preset--spacing--50);padding-bottom:var(--wp--preset--spacing--50)\">\n<iframe loading=\"lazy\" src=\"https:\/\/go.motorad.com\/l\/846063\/2023-08-11\/2g77nr\" width=\"100%\" height=\"650px\" type=\"text\/html\" frameborder=\"0\" allowtransparency=\"true\" style=\"border: 0\"><\/iframe>\n<\/div>\n\n<div class=\"wp-block-cover alignfull is-light\" style=\"padding-top:var(--wp--preset--spacing--60);padding-bottom:var(--wp--preset--spacing--60)\"><span aria-hidden=\"true\" class=\"wp-block-cover__background has-background-dim-0 has-background-dim\" style=\"background-color:#ece5d9\"><\/span><img loading=\"lazy\" decoding=\"async\" width=\"1505\" height=\"305\" class=\"wp-block-cover__image-background wp-image-223\" alt=\"\" src=\"https:\/\/eu.motorad.com\/wp-content\/uploads\/2025\/03\/FooterCTA.jpg\" data-object-fit=\"cover\" srcset=\"https:\/\/eu.motorad.com\/wp-content\/uploads\/2025\/03\/FooterCTA.jpg 1505w, https:\/\/eu.motorad.com\/wp-content\/uploads\/2025\/03\/FooterCTA-300x61.jpg 300w, https:\/\/eu.motorad.com\/wp-content\/uploads\/2025\/03\/FooterCTA-1024x208.jpg 1024w, https:\/\/eu.motorad.com\/wp-content\/uploads\/2025\/03\/FooterCTA-768x156.jpg 768w\" sizes=\"auto, (max-width: 1505px) 100vw, 1505px\" \/><div class=\"wp-block-cover__inner-container is-layout-flow wp-block-cover-is-layout-flow\">\n<div class=\"wp-block-columns are-vertically-aligned-center is-layout-flex wp-container-core-columns-is-layout-cbe57604 wp-block-columns-is-layout-flex\">\n<div class=\"wp-block-column is-vertically-aligned-center is-layout-flow wp-block-column-is-layout-flow\" style=\"flex-basis:45%\">\n<h2 class=\"wp-block-heading has-text-align-center has-palette-text-color has-text-color\" id=\"h-need-help-finding-the-right-product\" style=\"margin-bottom:var(--wp--preset--spacing--40)\">\u00bfNecesitas ayuda para encontrar el producto adecuado?<\/h2>\n\n\n\n<p class=\"has-text-align-center has-palette-text-color has-text-color\" style=\"margin-bottom:var(--wp--preset--spacing--50)\">Nuestro equipo especializado est\u00e1 aqu\u00ed para orientarte en la direcci\u00f3n correcta. Haz clic a continuaci\u00f3n y dinos c\u00f3mo podemos ayudarte a encontrar el producto ideal para tu necesidad. Tu viaje para experimentar MEJOR empieza aqu\u00ed.  <\/p>\n\n\n\n<div class=\"wp-block-buttons is-content-justification-center is-layout-flex wp-container-core-buttons-is-layout-a89b3969 wp-block-buttons-is-layout-flex\">\n<div class=\"wp-block-button\"><a class=\"wp-block-button__link has-text-align-center wp-element-button\" href=\"https:\/\/eu.motorad.com\/contact\/need-help-finding-something\/\">Habla con un especialista de MotoRad<\/a><\/div>\n<\/div>\n<\/div>\n\n\n\n<div class=\"wp-block-column is-layout-flow wp-block-column-is-layout-flow\" style=\"flex-basis:10%\"><\/div>\n\n\n\n<div class=\"wp-block-column is-layout-flow wp-block-column-is-layout-flow\" style=\"flex-basis:45%\">\n<h2 class=\"wp-block-heading has-text-align-center has-palette-text-color has-text-color\" id=\"h-looking-for-custom-development\" style=\"margin-bottom:var(--wp--preset--spacing--40)\">\u00bfBuscas un desarrollo a medida?<\/h2>\n\n\n\n<p class=\"has-text-align-center has-palette-text-color has-text-color\" style=\"margin-bottom:var(--wp--preset--spacing--50)\">No nos limitamos a los productos, sino que creamos soluciones a medida que se adaptan a tus necesidades. \u00bfEst\u00e1s preparado para dar vida a tu nuevo proyecto? Haz clic a continuaci\u00f3n y embarqu\u00e9monos juntos en el viaje del desarrollo de productos personalizados.  <\/p>\n\n\n\n<div class=\"wp-block-buttons is-content-justification-center is-layout-flex wp-container-core-buttons-is-layout-a89b3969 wp-block-buttons-is-layout-flex\">\n<div class=\"wp-block-button is-style-fill\"><a class=\"wp-block-button__link has-palette-bg-color has-palette-text-background-color has-text-color has-background has-text-align-center wp-element-button\" href=\"https:\/\/eu.motorad.com\/contact\/do-you-need-custom-development\/\">Queremos ser tu proveedor<\/a><\/div>\n<\/div>\n<\/div>\n<\/div>\n<\/div><\/div>\n","protected":false},"excerpt":{"rendered":"<p>Termostatos Tecnolog\u00edas emergentes Gorras Solicita m\u00e1s informaci\u00f3n: Ponte en contacto con nuestro equipo de expertos, que aportan una gran cantidad [&#8230;]<\/p>\n","protected":false},"author":1,"featured_media":0,"parent":0,"menu_order":0,"comment_status":"closed","ping_status":"closed","template":"","meta":{"_acf_changed":false,"footnotes":""},"class_list":["post-5577","page","type-page","status-publish","hentry"],"acf":[],"yoast_head":"<!-- This site is optimized with the Yoast SEO Premium plugin v27.2 (Yoast SEO v27.2) - https:\/\/yoast.com\/product\/yoast-seo-premium-wordpress\/ -->\n<title>2024 PAACE - MotoRad<\/title>\n<meta name=\"description\" content=\"MotoRad - 2024 PAACE %\" \/>\n<meta name=\"robots\" content=\"index, follow, max-snippet:-1, max-image-preview:large, max-video-preview:-1\" \/>\n<link rel=\"canonical\" href=\"https:\/\/eu.motorad.com\/es\/2024-paace\/\" \/>\n<meta property=\"og:locale\" content=\"es_ES\" \/>\n<meta property=\"og:type\" content=\"article\" \/>\n<meta property=\"og:title\" content=\"2024 PAACE\" \/>\n<meta property=\"og:description\" content=\"MotoRad - 2024 PAACE %\" \/>\n<meta property=\"og:url\" content=\"https:\/\/eu.motorad.com\/es\/2024-paace\/\" \/>\n<meta property=\"og:site_name\" content=\"MotoRad\" \/>\n<meta property=\"article:modified_time\" content=\"2025-06-30T18:25:45+00:00\" \/>\n<meta property=\"og:image\" content=\"https:\/\/eu.motorad.com\/wp-content\/uploads\/2025\/03\/show.jpg\" \/>\n\t<meta property=\"og:image:width\" content=\"1800\" \/>\n\t<meta property=\"og:image:height\" content=\"1004\" \/>\n\t<meta property=\"og:image:type\" content=\"image\/jpeg\" \/>\n<meta name=\"twitter:card\" content=\"summary_large_image\" \/>\n<meta name=\"twitter:label1\" content=\"Est. reading time\" \/>\n\t<meta name=\"twitter:data1\" content=\"1 minuto\" \/>\n<script type=\"application\/ld+json\" class=\"yoast-schema-graph\">{\"@context\":\"https:\/\/schema.org\",\"@graph\":[{\"@type\":\"WebPage\",\"@id\":\"https:\/\/eu.motorad.com\/es\/2024-paace\/\",\"url\":\"https:\/\/eu.motorad.com\/es\/2024-paace\/\",\"name\":\"2024 PAACE - MotoRad\",\"isPartOf\":{\"@id\":\"https:\/\/eu.motorad.com\/es\/#website\"},\"primaryImageOfPage\":{\"@id\":\"https:\/\/eu.motorad.com\/es\/2024-paace\/#primaryimage\"},\"image\":{\"@id\":\"https:\/\/eu.motorad.com\/es\/2024-paace\/#primaryimage\"},\"thumbnailUrl\":\"https:\/\/eu.motorad.com\/wp-content\/uploads\/2025\/03\/show-1024x571.jpg\",\"datePublished\":\"2025-03-12T11:34:14+00:00\",\"dateModified\":\"2025-06-30T18:25:45+00:00\",\"description\":\"MotoRad - 2024 PAACE %\",\"breadcrumb\":{\"@id\":\"https:\/\/eu.motorad.com\/es\/2024-paace\/#breadcrumb\"},\"inLanguage\":\"es\",\"potentialAction\":[{\"@type\":\"ReadAction\",\"target\":[\"https:\/\/eu.motorad.com\/es\/2024-paace\/\"]}]},{\"@type\":\"ImageObject\",\"inLanguage\":\"es\",\"@id\":\"https:\/\/eu.motorad.com\/es\/2024-paace\/#primaryimage\",\"url\":\"https:\/\/eu.motorad.com\/wp-content\/uploads\/2025\/03\/show-1024x571.jpg\",\"contentUrl\":\"https:\/\/eu.motorad.com\/wp-content\/uploads\/2025\/03\/show-1024x571.jpg\"},{\"@type\":\"BreadcrumbList\",\"@id\":\"https:\/\/eu.motorad.com\/es\/2024-paace\/#breadcrumb\",\"itemListElement\":[{\"@type\":\"ListItem\",\"position\":1,\"name\":\"Home\",\"item\":\"https:\/\/motoradnew.test\/es\/pagina-de-inicio\/\"},{\"@type\":\"ListItem\",\"position\":2,\"name\":\"2024 PAACE\"}]},{\"@type\":\"WebSite\",\"@id\":\"https:\/\/eu.motorad.com\/es\/#website\",\"url\":\"https:\/\/eu.motorad.com\/es\/\",\"name\":\"MotoRad\",\"description\":\"Trusted to Deliver Better - Thermal Management, Emissions, Powertrain Controls\",\"potentialAction\":[{\"@type\":\"SearchAction\",\"target\":{\"@type\":\"EntryPoint\",\"urlTemplate\":\"https:\/\/eu.motorad.com\/es\/?s={search_term_string}\"},\"query-input\":{\"@type\":\"PropertyValueSpecification\",\"valueRequired\":true,\"valueName\":\"search_term_string\"}}],\"inLanguage\":\"es\"}]}<\/script>\n<!-- \/ Yoast SEO Premium plugin. -->","yoast_head_json":{"title":"2024 PAACE - MotoRad","description":"MotoRad - 2024 PAACE %","robots":{"index":"index","follow":"follow","max-snippet":"max-snippet:-1","max-image-preview":"max-image-preview:large","max-video-preview":"max-video-preview:-1"},"canonical":"https:\/\/eu.motorad.com\/es\/2024-paace\/","og_locale":"es_ES","og_type":"article","og_title":"2024 PAACE","og_description":"MotoRad - 2024 PAACE %","og_url":"https:\/\/eu.motorad.com\/es\/2024-paace\/","og_site_name":"MotoRad","article_modified_time":"2025-06-30T18:25:45+00:00","og_image":[{"width":1800,"height":1004,"url":"https:\/\/eu.motorad.com\/wp-content\/uploads\/2025\/03\/show.jpg","type":"image\/jpeg"}],"twitter_card":"summary_large_image","twitter_misc":{"Est. reading time":"1 minuto"},"schema":{"@context":"https:\/\/schema.org","@graph":[{"@type":"WebPage","@id":"https:\/\/eu.motorad.com\/es\/2024-paace\/","url":"https:\/\/eu.motorad.com\/es\/2024-paace\/","name":"2024 PAACE - MotoRad","isPartOf":{"@id":"https:\/\/eu.motorad.com\/es\/#website"},"primaryImageOfPage":{"@id":"https:\/\/eu.motorad.com\/es\/2024-paace\/#primaryimage"},"image":{"@id":"https:\/\/eu.motorad.com\/es\/2024-paace\/#primaryimage"},"thumbnailUrl":"https:\/\/eu.motorad.com\/wp-content\/uploads\/2025\/03\/show-1024x571.jpg","datePublished":"2025-03-12T11:34:14+00:00","dateModified":"2025-06-30T18:25:45+00:00","description":"MotoRad - 2024 PAACE %","breadcrumb":{"@id":"https:\/\/eu.motorad.com\/es\/2024-paace\/#breadcrumb"},"inLanguage":"es","potentialAction":[{"@type":"ReadAction","target":["https:\/\/eu.motorad.com\/es\/2024-paace\/"]}]},{"@type":"ImageObject","inLanguage":"es","@id":"https:\/\/eu.motorad.com\/es\/2024-paace\/#primaryimage","url":"https:\/\/eu.motorad.com\/wp-content\/uploads\/2025\/03\/show-1024x571.jpg","contentUrl":"https:\/\/eu.motorad.com\/wp-content\/uploads\/2025\/03\/show-1024x571.jpg"},{"@type":"BreadcrumbList","@id":"https:\/\/eu.motorad.com\/es\/2024-paace\/#breadcrumb","itemListElement":[{"@type":"ListItem","position":1,"name":"Home","item":"https:\/\/motoradnew.test\/es\/pagina-de-inicio\/"},{"@type":"ListItem","position":2,"name":"2024 PAACE"}]},{"@type":"WebSite","@id":"https:\/\/eu.motorad.com\/es\/#website","url":"https:\/\/eu.motorad.com\/es\/","name":"MotoRad","description":"Trusted to Deliver Better - Thermal Management, Emissions, Powertrain Controls","potentialAction":[{"@type":"SearchAction","target":{"@type":"EntryPoint","urlTemplate":"https:\/\/eu.motorad.com\/es\/?s={search_term_string}"},"query-input":{"@type":"PropertyValueSpecification","valueRequired":true,"valueName":"search_term_string"}}],"inLanguage":"es"}]}},"_links":{"self":[{"href":"https:\/\/eu.motorad.com\/es\/wp-json\/wp\/v2\/pages\/5577","targetHints":{"allow":["GET"]}}],"collection":[{"href":"https:\/\/eu.motorad.com\/es\/wp-json\/wp\/v2\/pages"}],"about":[{"href":"https:\/\/eu.motorad.com\/es\/wp-json\/wp\/v2\/types\/page"}],"author":[{"embeddable":true,"href":"https:\/\/eu.motorad.com\/es\/wp-json\/wp\/v2\/users\/1"}],"replies":[{"embeddable":true,"href":"https:\/\/eu.motorad.com\/es\/wp-json\/wp\/v2\/comments?post=5577"}],"version-history":[{"count":15,"href":"https:\/\/eu.motorad.com\/es\/wp-json\/wp\/v2\/pages\/5577\/revisions"}],"predecessor-version":[{"id":6734,"href":"https:\/\/eu.motorad.com\/es\/wp-json\/wp\/v2\/pages\/5577\/revisions\/6734"}],"wp:attachment":[{"href":"https:\/\/eu.motorad.com\/es\/wp-json\/wp\/v2\/media?parent=5577"}],"curies":[{"name":"wp","href":"https:\/\/api.w.org\/{rel}","templated":true}]}}