{"id":5662,"date":"2025-04-03T18:48:17","date_gmt":"2025-04-03T18:48:17","guid":{"rendered":"https:\/\/eu.motorad.com\/tapon-de-combustible-con-cordon\/"},"modified":"2025-06-13T12:48:48","modified_gmt":"2025-06-13T12:48:48","slug":"tapon-de-combustible-con-cordon","status":"publish","type":"page","link":"https:\/\/eu.motorad.com\/es\/products\/tapones\/tapon-de-combustible-con-cordon\/","title":{"rendered":"TAP\u00d3N DE COMBUSTIBLE CON CORD\u00d3N"},"content":{"rendered":"\n<h1 class=\"wp-block-heading\" id=\"h-tethered-fuel-cap\" style=\"margin-top:var(--wp--preset--spacing--60);margin-bottom:var(--wp--preset--spacing--60)\">TAP\u00d3N DE COMBUSTIBLE CON CORD\u00d3N<\/h1>\n\n<p style=\"margin-bottom:var(--wp--preset--spacing--60)\">La selecci\u00f3n de tapones de combustible con cord\u00f3n de MotoRad significa que ya no es necesario acudir al concesionario para reemplazar su tap\u00f3n de combustible con cord\u00f3n antiguo, desgastado o roto. Una opci\u00f3n perfecta y asequible como reemplazo directo de su tap\u00f3n con cord\u00f3n original, listo para instalarse de manera r\u00e1pida y sencilla. Fabricado con materiales de alta calidad para una durabilidad prolongada.  <\/p>\n\n<h2 class=\"wp-block-heading\" id=\"h-why-choose-a-tethered-fuel-cap\" style=\"margin-bottom:var(--wp--preset--spacing--40)\">\u00bfPor qu\u00e9 elegir un tap\u00f3n de combustible con cord\u00f3n? <\/h2>\n\n<p>Las ventajas son evidentes. Con un dise\u00f1o con cord\u00f3n, puede decir adi\u00f3s a los tapones de combustible extraviados o perdidos, reduciendo el riesgo de evaporaci\u00f3n de combustible y previniendo la contaminaci\u00f3n del sistema de combustible de su veh\u00edculo. Adem\u00e1s, el mecanismo con cord\u00f3n garantiza un acceso conveniente y un cierre seguro, proporcionando tranquilidad a los conductores en la carretera.  <\/p>\n\n<div class=\"wp-block-columns is-layout-flex wp-container-core-columns-is-layout-95393138 wp-block-columns-is-layout-flex\" style=\"margin-top:var(--wp--preset--spacing--60);margin-bottom:var(--wp--preset--spacing--60)\">\n<div class=\"wp-block-column is-layout-flow wp-block-column-is-layout-flow\" style=\"flex-basis:33.33%\">\n<figure class=\"wp-block-image alignleft size-full\"><img loading=\"lazy\" decoding=\"async\" width=\"240\" height=\"248\" src=\"https:\/\/eu.motorad.com\/wp-content\/uploads\/2025\/04\/MGC4837T-1.webp\" alt=\"\" class=\"wp-image-4459\"\/><\/figure>\n<\/div>\n\n\n\n<div class=\"wp-block-column is-layout-flow wp-block-column-is-layout-flow\" style=\"flex-basis:66.66%\">\n<ul class=\"wp-block-list\">\n<li>Se suministra preensamblado para una instalaci\u00f3n r\u00e1pida y sencilla<\/li>\n\n\n\n<li>Diversas opciones de fijaci\u00f3n para adaptarse a cualquier configuraci\u00f3n del compartimento del tap\u00f3n de combustible<\/li>\n\n\n\n<li>Se adapta a veh\u00edculos equipados originalmente con cord\u00f3n<\/li>\n\n\n\n<li>Reduce la contaminaci\u00f3n del aire con un sellado y ventilaci\u00f3n adecuados<\/li>\n\n\n\n<li>Fabricado con materiales duraderos y de larga vida \u00fatil<\/li>\n<\/ul>\n<\/div>\n<\/div>\n\n<p style=\"margin-bottom:var(--wp--preset--spacing--20)\">Como fabricante de confianza de componentes automotrices, MotoRad presenta un cat\u00e1logo exhaustivo de tapones de combustible de alta calidad dise\u00f1ados para un rendimiento y durabilidad \u00f3ptimos. Nuestros productos ostentan una extensa compatibilidad de intercambio, asegurando una integraci\u00f3n perfecta en diversos modelos de veh\u00edculos. <\/p>\n\n<p style=\"margin-bottom:var(--wp--preset--spacing--20)\">Cada tap\u00f3n de combustible es dise\u00f1ado y rigurosamente probado para cumplir con los est\u00e1ndares de calidad OEM, garantizando fiabilidad y longevidad. Con nuestra dedicaci\u00f3n a la excelencia, MotoRad es un proveedor preferido para empresas e individuos que buscan soluciones automotrices de primer nivel. <\/p>\n\n<p style=\"margin-bottom:var(--wp--preset--spacing--20)\">Explore nuestra vasta selecci\u00f3n de tapones de combustible con cord\u00f3n que presentan n\u00fameros de pieza distintivos y una cobertura integral para satisfacer las diversas necesidades de nuestros clientes. Ya sea usted un mec\u00e1nico, minorista o distribuidor, MotoRad es su socio comercial de confianza para el suministro de componentes automotrices de primera calidad. <\/p>\n\n<div class=\"wp-block-buttons is-layout-flex wp-block-buttons-is-layout-flex\" style=\"margin-top:var(--wp--preset--spacing--60);margin-bottom:var(--wp--preset--spacing--70)\">\n<div class=\"wp-block-button\"><a class=\"wp-block-button__link wp-element-button\" href=\"https:\/\/eu.motorad.com\/es\/products\/?categories=caps&#038;subcategories=tethered-fuel-cap\">Encuentre el tap\u00f3n con cord\u00f3n para su aplicaci\u00f3n<\/a><\/div>\n<\/div>\n\n<div class=\"wp-block-cover alignfull is-light\" style=\"padding-top:var(--wp--preset--spacing--60);padding-bottom:var(--wp--preset--spacing--60)\"><span aria-hidden=\"true\" class=\"wp-block-cover__background has-background-dim-0 has-background-dim\" style=\"background-color:#ece5d9\"><\/span><img loading=\"lazy\" decoding=\"async\" width=\"1505\" height=\"305\" class=\"wp-block-cover__image-background wp-image-223\" alt=\"\" src=\"https:\/\/eu.motorad.com\/wp-content\/uploads\/2025\/03\/FooterCTA.jpg\" data-object-fit=\"cover\" srcset=\"https:\/\/eu.motorad.com\/wp-content\/uploads\/2025\/03\/FooterCTA.jpg 1505w, https:\/\/eu.motorad.com\/wp-content\/uploads\/2025\/03\/FooterCTA-300x61.jpg 300w, https:\/\/eu.motorad.com\/wp-content\/uploads\/2025\/03\/FooterCTA-1024x208.jpg 1024w, https:\/\/eu.motorad.com\/wp-content\/uploads\/2025\/03\/FooterCTA-768x156.jpg 768w\" sizes=\"auto, (max-width: 1505px) 100vw, 1505px\" \/><div class=\"wp-block-cover__inner-container is-layout-flow wp-block-cover-is-layout-flow\">\n<div class=\"wp-block-columns are-vertically-aligned-center is-layout-flex wp-container-core-columns-is-layout-cbe57604 wp-block-columns-is-layout-flex\">\n<div class=\"wp-block-column is-vertically-aligned-center is-layout-flow wp-block-column-is-layout-flow\" style=\"flex-basis:45%\">\n<h2 class=\"wp-block-heading has-text-align-center has-palette-text-color has-text-color\" id=\"h-need-help-finding-the-right-product\" style=\"margin-bottom:var(--wp--preset--spacing--40)\">\u00bfNecesitas ayuda para encontrar el producto adecuado?<\/h2>\n\n\n\n<p class=\"has-text-align-center has-palette-text-color has-text-color\" style=\"margin-bottom:var(--wp--preset--spacing--50)\">Nuestro equipo especializado est\u00e1 aqu\u00ed para orientarte en la direcci\u00f3n correcta. Haz clic a continuaci\u00f3n y dinos c\u00f3mo podemos ayudarte a encontrar el producto ideal para tu necesidad. Tu viaje para experimentar MEJOR empieza aqu\u00ed.  <\/p>\n\n\n\n<div class=\"wp-block-buttons is-content-justification-center is-layout-flex wp-container-core-buttons-is-layout-a89b3969 wp-block-buttons-is-layout-flex\">\n<div class=\"wp-block-button\"><a class=\"wp-block-button__link has-text-align-center wp-element-button\" href=\"https:\/\/eu.motorad.com\/contact\/need-help-finding-something\/\">Habla con un especialista de MotoRad<\/a><\/div>\n<\/div>\n<\/div>\n\n\n\n<div class=\"wp-block-column is-layout-flow wp-block-column-is-layout-flow\" style=\"flex-basis:10%\"><\/div>\n\n\n\n<div class=\"wp-block-column is-layout-flow wp-block-column-is-layout-flow\" style=\"flex-basis:45%\">\n<h2 class=\"wp-block-heading has-text-align-center has-palette-text-color has-text-color\" id=\"h-looking-for-custom-development\" style=\"margin-bottom:var(--wp--preset--spacing--40)\">\u00bfBuscas un desarrollo a medida?<\/h2>\n\n\n\n<p class=\"has-text-align-center has-palette-text-color has-text-color\" style=\"margin-bottom:var(--wp--preset--spacing--50)\">No nos limitamos a los productos, sino que creamos soluciones a medida que se adaptan a tus necesidades. \u00bfEst\u00e1s preparado para dar vida a tu nuevo proyecto? Haz clic a continuaci\u00f3n y embarqu\u00e9monos juntos en el viaje del desarrollo de productos personalizados.  <\/p>\n\n\n\n<div class=\"wp-block-buttons is-content-justification-center is-layout-flex wp-container-core-buttons-is-layout-a89b3969 wp-block-buttons-is-layout-flex\">\n<div class=\"wp-block-button is-style-fill\"><a class=\"wp-block-button__link has-palette-bg-color has-palette-text-background-color has-text-color has-background has-text-align-center wp-element-button\" href=\"https:\/\/eu.motorad.com\/contact\/do-you-need-custom-development\/\">Queremos ser tu proveedor<\/a><\/div>\n<\/div>\n<\/div>\n<\/div>\n<\/div><\/div>\n","protected":false},"excerpt":{"rendered":"<p>TAP\u00d3N DE COMBUSTIBLE CON CORD\u00d3N La selecci\u00f3n de tapones de combustible con cord\u00f3n de MotoRad significa que ya no es [&#8230;]<\/p>\n","protected":false},"author":1,"featured_media":0,"parent":5891,"menu_order":0,"comment_status":"closed","ping_status":"closed","template":"","meta":{"_acf_changed":false,"footnotes":""},"class_list":["post-5662","page","type-page","status-publish","hentry"],"acf":[],"yoast_head":"<!-- This site is optimized with the Yoast SEO Premium plugin v27.2 (Yoast SEO v27.2) - https:\/\/yoast.com\/product\/yoast-seo-premium-wordpress\/ -->\n<title>TAP\u00d3N DE COMBUSTIBLE CON CORD\u00d3N - MotoRad<\/title>\n<meta name=\"description\" content=\"MotoRad - TAP\u00d3N DE COMBUSTIBLE CON CORD\u00d3N %\" \/>\n<meta name=\"robots\" content=\"index, follow, max-snippet:-1, max-image-preview:large, max-video-preview:-1\" \/>\n<link rel=\"canonical\" href=\"https:\/\/eu.motorad.com\/es\/products\/tapones\/tapon-de-combustible-con-cordon\/\" \/>\n<meta property=\"og:locale\" content=\"es_ES\" \/>\n<meta property=\"og:type\" content=\"article\" \/>\n<meta property=\"og:title\" content=\"TAP\u00d3N DE COMBUSTIBLE CON CORD\u00d3N\" \/>\n<meta property=\"og:description\" content=\"MotoRad - TAP\u00d3N DE COMBUSTIBLE CON CORD\u00d3N %\" \/>\n<meta property=\"og:url\" content=\"https:\/\/eu.motorad.com\/es\/products\/tapones\/tapon-de-combustible-con-cordon\/\" \/>\n<meta property=\"og:site_name\" content=\"MotoRad\" \/>\n<meta property=\"article:modified_time\" content=\"2025-06-13T12:48:48+00:00\" \/>\n<meta property=\"og:image\" content=\"https:\/\/eu.motorad.com\/wp-content\/uploads\/2025\/04\/MGC4837T-1.webp\" \/>\n\t<meta property=\"og:image:width\" content=\"240\" \/>\n\t<meta property=\"og:image:height\" content=\"248\" \/>\n\t<meta property=\"og:image:type\" content=\"image\/webp\" \/>\n<meta name=\"twitter:card\" content=\"summary_large_image\" \/>\n<meta name=\"twitter:label1\" content=\"Est. reading time\" \/>\n\t<meta name=\"twitter:data1\" content=\"2 minutos\" \/>\n<script type=\"application\/ld+json\" class=\"yoast-schema-graph\">{\"@context\":\"https:\/\/schema.org\",\"@graph\":[{\"@type\":\"WebPage\",\"@id\":\"https:\/\/eu.motorad.com\/es\/products\/tapones\/tapon-de-combustible-con-cordon\/\",\"url\":\"https:\/\/eu.motorad.com\/es\/products\/tapones\/tapon-de-combustible-con-cordon\/\",\"name\":\"TAP\u00d3N DE COMBUSTIBLE CON CORD\u00d3N - MotoRad\",\"isPartOf\":{\"@id\":\"https:\/\/eu.motorad.com\/es\/#website\"},\"primaryImageOfPage\":{\"@id\":\"https:\/\/eu.motorad.com\/es\/products\/tapones\/tapon-de-combustible-con-cordon\/#primaryimage\"},\"image\":{\"@id\":\"https:\/\/eu.motorad.com\/es\/products\/tapones\/tapon-de-combustible-con-cordon\/#primaryimage\"},\"thumbnailUrl\":\"https:\/\/eu.motorad.com\/wp-content\/uploads\/2025\/04\/MGC4837T-1.webp\",\"datePublished\":\"2025-04-03T18:48:17+00:00\",\"dateModified\":\"2025-06-13T12:48:48+00:00\",\"description\":\"MotoRad - TAP\u00d3N DE COMBUSTIBLE CON CORD\u00d3N %\",\"breadcrumb\":{\"@id\":\"https:\/\/eu.motorad.com\/es\/products\/tapones\/tapon-de-combustible-con-cordon\/#breadcrumb\"},\"inLanguage\":\"es\",\"potentialAction\":[{\"@type\":\"ReadAction\",\"target\":[\"https:\/\/eu.motorad.com\/es\/products\/tapones\/tapon-de-combustible-con-cordon\/\"]}]},{\"@type\":\"ImageObject\",\"inLanguage\":\"es\",\"@id\":\"https:\/\/eu.motorad.com\/es\/products\/tapones\/tapon-de-combustible-con-cordon\/#primaryimage\",\"url\":\"https:\/\/eu.motorad.com\/wp-content\/uploads\/2025\/04\/MGC4837T-1.webp\",\"contentUrl\":\"https:\/\/eu.motorad.com\/wp-content\/uploads\/2025\/04\/MGC4837T-1.webp\"},{\"@type\":\"BreadcrumbList\",\"@id\":\"https:\/\/eu.motorad.com\/es\/products\/tapones\/tapon-de-combustible-con-cordon\/#breadcrumb\",\"itemListElement\":[{\"@type\":\"ListItem\",\"position\":1,\"name\":\"Home\",\"item\":\"https:\/\/motoradnew.test\/es\/pagina-de-inicio\/\"},{\"@type\":\"ListItem\",\"position\":2,\"name\":\"Products\",\"item\":\"https:\/\/motoradnew.test\/es\/products\/\"},{\"@type\":\"ListItem\",\"position\":3,\"name\":\"Tapones\",\"item\":\"https:\/\/motoradnew.test\/es\/products\/tapones\/\"},{\"@type\":\"ListItem\",\"position\":4,\"name\":\"TAP\u00d3N DE COMBUSTIBLE CON CORD\u00d3N\"}]},{\"@type\":\"WebSite\",\"@id\":\"https:\/\/eu.motorad.com\/es\/#website\",\"url\":\"https:\/\/eu.motorad.com\/es\/\",\"name\":\"MotoRad\",\"description\":\"Trusted to Deliver Better - Thermal Management, Emissions, Powertrain Controls\",\"potentialAction\":[{\"@type\":\"SearchAction\",\"target\":{\"@type\":\"EntryPoint\",\"urlTemplate\":\"https:\/\/eu.motorad.com\/es\/?s={search_term_string}\"},\"query-input\":{\"@type\":\"PropertyValueSpecification\",\"valueRequired\":true,\"valueName\":\"search_term_string\"}}],\"inLanguage\":\"es\"}]}<\/script>\n<!-- \/ Yoast SEO Premium plugin. -->","yoast_head_json":{"title":"TAP\u00d3N DE COMBUSTIBLE CON CORD\u00d3N - MotoRad","description":"MotoRad - TAP\u00d3N DE COMBUSTIBLE CON CORD\u00d3N %","robots":{"index":"index","follow":"follow","max-snippet":"max-snippet:-1","max-image-preview":"max-image-preview:large","max-video-preview":"max-video-preview:-1"},"canonical":"https:\/\/eu.motorad.com\/es\/products\/tapones\/tapon-de-combustible-con-cordon\/","og_locale":"es_ES","og_type":"article","og_title":"TAP\u00d3N DE COMBUSTIBLE CON CORD\u00d3N","og_description":"MotoRad - TAP\u00d3N DE COMBUSTIBLE CON CORD\u00d3N %","og_url":"https:\/\/eu.motorad.com\/es\/products\/tapones\/tapon-de-combustible-con-cordon\/","og_site_name":"MotoRad","article_modified_time":"2025-06-13T12:48:48+00:00","og_image":[{"width":240,"height":248,"url":"https:\/\/eu.motorad.com\/wp-content\/uploads\/2025\/04\/MGC4837T-1.webp","type":"image\/webp"}],"twitter_card":"summary_large_image","twitter_misc":{"Est. reading time":"2 minutos"},"schema":{"@context":"https:\/\/schema.org","@graph":[{"@type":"WebPage","@id":"https:\/\/eu.motorad.com\/es\/products\/tapones\/tapon-de-combustible-con-cordon\/","url":"https:\/\/eu.motorad.com\/es\/products\/tapones\/tapon-de-combustible-con-cordon\/","name":"TAP\u00d3N DE COMBUSTIBLE CON CORD\u00d3N - MotoRad","isPartOf":{"@id":"https:\/\/eu.motorad.com\/es\/#website"},"primaryImageOfPage":{"@id":"https:\/\/eu.motorad.com\/es\/products\/tapones\/tapon-de-combustible-con-cordon\/#primaryimage"},"image":{"@id":"https:\/\/eu.motorad.com\/es\/products\/tapones\/tapon-de-combustible-con-cordon\/#primaryimage"},"thumbnailUrl":"https:\/\/eu.motorad.com\/wp-content\/uploads\/2025\/04\/MGC4837T-1.webp","datePublished":"2025-04-03T18:48:17+00:00","dateModified":"2025-06-13T12:48:48+00:00","description":"MotoRad - TAP\u00d3N DE COMBUSTIBLE CON CORD\u00d3N %","breadcrumb":{"@id":"https:\/\/eu.motorad.com\/es\/products\/tapones\/tapon-de-combustible-con-cordon\/#breadcrumb"},"inLanguage":"es","potentialAction":[{"@type":"ReadAction","target":["https:\/\/eu.motorad.com\/es\/products\/tapones\/tapon-de-combustible-con-cordon\/"]}]},{"@type":"ImageObject","inLanguage":"es","@id":"https:\/\/eu.motorad.com\/es\/products\/tapones\/tapon-de-combustible-con-cordon\/#primaryimage","url":"https:\/\/eu.motorad.com\/wp-content\/uploads\/2025\/04\/MGC4837T-1.webp","contentUrl":"https:\/\/eu.motorad.com\/wp-content\/uploads\/2025\/04\/MGC4837T-1.webp"},{"@type":"BreadcrumbList","@id":"https:\/\/eu.motorad.com\/es\/products\/tapones\/tapon-de-combustible-con-cordon\/#breadcrumb","itemListElement":[{"@type":"ListItem","position":1,"name":"Home","item":"https:\/\/motoradnew.test\/es\/pagina-de-inicio\/"},{"@type":"ListItem","position":2,"name":"Products","item":"https:\/\/motoradnew.test\/es\/products\/"},{"@type":"ListItem","position":3,"name":"Tapones","item":"https:\/\/motoradnew.test\/es\/products\/tapones\/"},{"@type":"ListItem","position":4,"name":"TAP\u00d3N DE COMBUSTIBLE CON CORD\u00d3N"}]},{"@type":"WebSite","@id":"https:\/\/eu.motorad.com\/es\/#website","url":"https:\/\/eu.motorad.com\/es\/","name":"MotoRad","description":"Trusted to Deliver Better - Thermal Management, Emissions, Powertrain Controls","potentialAction":[{"@type":"SearchAction","target":{"@type":"EntryPoint","urlTemplate":"https:\/\/eu.motorad.com\/es\/?s={search_term_string}"},"query-input":{"@type":"PropertyValueSpecification","valueRequired":true,"valueName":"search_term_string"}}],"inLanguage":"es"}]}},"_links":{"self":[{"href":"https:\/\/eu.motorad.com\/es\/wp-json\/wp\/v2\/pages\/5662","targetHints":{"allow":["GET"]}}],"collection":[{"href":"https:\/\/eu.motorad.com\/es\/wp-json\/wp\/v2\/pages"}],"about":[{"href":"https:\/\/eu.motorad.com\/es\/wp-json\/wp\/v2\/types\/page"}],"author":[{"embeddable":true,"href":"https:\/\/eu.motorad.com\/es\/wp-json\/wp\/v2\/users\/1"}],"replies":[{"embeddable":true,"href":"https:\/\/eu.motorad.com\/es\/wp-json\/wp\/v2\/comments?post=5662"}],"version-history":[{"count":1,"href":"https:\/\/eu.motorad.com\/es\/wp-json\/wp\/v2\/pages\/5662\/revisions"}],"predecessor-version":[{"id":5663,"href":"https:\/\/eu.motorad.com\/es\/wp-json\/wp\/v2\/pages\/5662\/revisions\/5663"}],"up":[{"embeddable":true,"href":"https:\/\/eu.motorad.com\/es\/wp-json\/wp\/v2\/pages\/5891"}],"wp:attachment":[{"href":"https:\/\/eu.motorad.com\/es\/wp-json\/wp\/v2\/media?parent=5662"}],"curies":[{"name":"wp","href":"https:\/\/api.w.org\/{rel}","templated":true}]}}