{"id":5707,"date":"2025-04-04T13:08:27","date_gmt":"2025-04-04T13:08:27","guid":{"rendered":"https:\/\/eu.motorad.com\/tecnologia-innovacion\/"},"modified":"2025-06-13T12:46:32","modified_gmt":"2025-06-13T12:46:32","slug":"tecnologia-innovacion","status":"publish","type":"page","link":"https:\/\/eu.motorad.com\/es\/tecnologia-innovacion\/","title":{"rendered":"Tecnolog\u00eda &amp; innovaci\u00f3n"},"content":{"rendered":"\n<div class=\"wp-block-cover alignfull is-light\" style=\"min-height:274px;aspect-ratio:unset;\"><span aria-hidden=\"true\" class=\"wp-block-cover__background has-palette-bg-background-color has-background-dim-70 has-background-dim\"><\/span><img loading=\"lazy\" decoding=\"async\" width=\"2560\" height=\"1707\" class=\"wp-block-cover__image-background wp-image-4654\" alt=\"\" src=\"https:\/\/eu.motorad.com\/wp-content\/uploads\/2025\/04\/Road_into_Light_tech.jpg\" data-object-fit=\"cover\" srcset=\"https:\/\/eu.motorad.com\/wp-content\/uploads\/2025\/04\/Road_into_Light_tech.jpg 2560w, https:\/\/eu.motorad.com\/wp-content\/uploads\/2025\/04\/Road_into_Light_tech-300x200.jpg 300w, https:\/\/eu.motorad.com\/wp-content\/uploads\/2025\/04\/Road_into_Light_tech-1024x683.jpg 1024w, https:\/\/eu.motorad.com\/wp-content\/uploads\/2025\/04\/Road_into_Light_tech-768x512.jpg 768w, https:\/\/eu.motorad.com\/wp-content\/uploads\/2025\/04\/Road_into_Light_tech-1536x1024.jpg 1536w, https:\/\/eu.motorad.com\/wp-content\/uploads\/2025\/04\/Road_into_Light_tech-2048x1366.jpg 2048w\" sizes=\"auto, (max-width: 2560px) 100vw, 2560px\" \/><div class=\"wp-block-cover__inner-container is-layout-flow wp-block-cover-is-layout-flow\">\n<h1 class=\"wp-block-heading has-palette-text-color has-text-color\" id=\"h-technology-amp-innovation\">Tecnolog\u00eda &amp; innovaci\u00f3n<\/h1>\n<\/div><\/div>\n\n<div class=\"wp-block-columns is-layout-flex wp-container-core-columns-is-layout-eafada84 wp-block-columns-is-layout-flex\" style=\"margin-top:var(--wp--preset--spacing--60);margin-bottom:var(--wp--preset--spacing--60)\">\n<div class=\"wp-block-column is-layout-flow wp-block-column-is-layout-flow\" style=\"flex-basis:66.66%\">\n<h2 class=\"wp-block-heading\" id=\"h-at-motorad-we-re-leading-innovation\" style=\"margin-bottom:var(--wp--preset--spacing--40)\">En MotoRad, estamos liderando la innovaci\u00f3n<\/h2>\n\n\n\n<p>Trabajamos constantemente para aportar un rendimiento mejorado y valor a nuestra oferta mediante el desarrollo de nuevos productos, la evaluaci\u00f3n de materiales novedosos y el dise\u00f1o de equipos y procesos de producci\u00f3n avanzados. Con nuestra combinaci\u00f3n \u00fanica de tradici\u00f3n y experiencia junto con la innovaci\u00f3n empresarial, MotoRad ha asegurado su posici\u00f3n como l\u00edder en la planificaci\u00f3n y producci\u00f3n de soluciones de gesti\u00f3n t\u00e9rmica y tecnolog\u00edas emergentes. <\/p>\n<\/div>\n\n\n\n<div class=\"wp-block-column is-layout-flow wp-block-column-is-layout-flow\" style=\"flex-basis:33.33%\">\n<figure class=\"wp-block-image size-full\"><img loading=\"lazy\" decoding=\"async\" width=\"1920\" height=\"1080\" src=\"https:\/\/eu.motorad.com\/wp-content\/uploads\/2025\/04\/tech-inno.jpg\" alt=\"\" class=\"wp-image-4701\" srcset=\"https:\/\/eu.motorad.com\/wp-content\/uploads\/2025\/04\/tech-inno.jpg 1920w, https:\/\/eu.motorad.com\/wp-content\/uploads\/2025\/04\/tech-inno-300x169.jpg 300w, https:\/\/eu.motorad.com\/wp-content\/uploads\/2025\/04\/tech-inno-1024x576.jpg 1024w, https:\/\/eu.motorad.com\/wp-content\/uploads\/2025\/04\/tech-inno-768x432.jpg 768w, https:\/\/eu.motorad.com\/wp-content\/uploads\/2025\/04\/tech-inno-1536x864.jpg 1536w\" sizes=\"auto, (max-width: 1920px) 100vw, 1920px\" \/><\/figure>\n<\/div>\n<\/div>\n\n<h3 class=\"wp-block-heading\" id=\"h-the-perfect-balance-of-tradition-experience-research-development-amp-innovation\" style=\"margin-bottom:var(--wp--preset--spacing--40)\">El equilibrio perfecto entre tradici\u00f3n, experiencia, investigaci\u00f3n, desarrollo &amp; innovaci\u00f3n<\/h3>\n\n<p style=\"margin-bottom:var(--wp--preset--spacing--20)\">Nuestro equipo de ingenier\u00eda de I+D posee amplias capacidades en los campos vitales para el desarrollo de soluciones de productos de vanguardia, incluyendo dise\u00f1o por ordenador y an\u00e1lisis de resistencia, transferencia de calor y flujo din\u00e1mico. A trav\u00e9s de nuestra extensa experiencia en I+D y procesos, hemos desarrollado procesos de prensado y fabricaci\u00f3n altamente precisos que facilitan a\u00fan m\u00e1s el desarrollo de nuevos productos y aplicaciones para los segmentos OEM y de posventa. <\/p>\n\n<p>Nos esforzamos por encontrar el equilibrio perfecto entre la tradici\u00f3n, la tecnolog\u00eda probada y la innovaci\u00f3n. Esto significa que miramos tanto la experiencia pasada como la innovaci\u00f3n futura para desarrollar productos nuevos y mejorados, fiables y revolucionarios. <\/p>\n\n<div class=\"wp-block-cover alignfull is-light\" style=\"margin-top:var(--wp--preset--spacing--60);margin-bottom:var(--wp--preset--spacing--60);padding-top:var(--wp--preset--spacing--60);padding-bottom:var(--wp--preset--spacing--60)\"><span aria-hidden=\"true\" class=\"wp-block-cover__background has-palette-bg-background-color has-background-dim-80 has-background-dim\"><\/span><img loading=\"lazy\" decoding=\"async\" width=\"2560\" height=\"845\" class=\"wp-block-cover__image-background wp-image-4694\" alt=\"\" src=\"https:\/\/eu.motorad.com\/wp-content\/uploads\/2025\/04\/Road_into_Light_process.jpg\" data-object-fit=\"cover\" srcset=\"https:\/\/eu.motorad.com\/wp-content\/uploads\/2025\/04\/Road_into_Light_process.jpg 2560w, https:\/\/eu.motorad.com\/wp-content\/uploads\/2025\/04\/Road_into_Light_process-300x99.jpg 300w, https:\/\/eu.motorad.com\/wp-content\/uploads\/2025\/04\/Road_into_Light_process-1024x338.jpg 1024w, https:\/\/eu.motorad.com\/wp-content\/uploads\/2025\/04\/Road_into_Light_process-768x254.jpg 768w, https:\/\/eu.motorad.com\/wp-content\/uploads\/2025\/04\/Road_into_Light_process-1536x507.jpg 1536w, https:\/\/eu.motorad.com\/wp-content\/uploads\/2025\/04\/Road_into_Light_process-2048x676.jpg 2048w\" sizes=\"auto, (max-width: 2560px) 100vw, 2560px\" \/><div class=\"wp-block-cover__inner-container is-layout-flow wp-block-cover-is-layout-flow\">\n<h2 class=\"wp-block-heading has-text-align-center\" id=\"h-our-product-development-process\" style=\"margin-bottom:var(--wp--preset--spacing--40)\">Nuestro proceso de desarrollo de productos<\/h2>\n\n\n\n<p class=\"has-text-align-center\">En MotoRad, nuestro equipo de ingenier\u00eda dise\u00f1a constantemente m\u00e1quinas automatizadas que aceleran el proceso de fabricaci\u00f3n y mejoran su eficiencia. Todos los troqueles y moldes de MotoRad se desarrollan y construyen en nuestro propio departamento de herramientas y troqueles de \u00faltima generaci\u00f3n. Las m\u00e1quinas de montaje de alta velocidad nos permiten cumplir con los calendarios de producci\u00f3n m\u00e1s exigentes manteniendo los m\u00e1s altos niveles de calidad.  <\/p>\n\n\n\n<div class=\"wp-block-columns alignwide is-layout-flex wp-container-core-columns-is-layout-b61b2f12 wp-block-columns-is-layout-flex\" style=\"margin-top:var(--wp--preset--spacing--50)\">\n<div class=\"wp-block-column is-layout-flow wp-block-column-is-layout-flow\">\n<h4 class=\"wp-block-heading has-text-align-center\" id=\"h-outstanding-quality\" style=\"margin-bottom:var(--wp--preset--spacing--30)\">Calidad excepcional<\/h4>\n\n\n\n<p class=\"has-text-align-center is-style-default\">Nos enorgullecemos de proporcionar productos de calidad de clase mundial. Cada pieza fabricada por MotoRad es probada antes de ser enviada a nuestros clientes para garantizar que cumple o supera todas las especificaciones OEM. <\/p>\n<\/div>\n\n\n\n<div class=\"wp-block-column is-layout-flow wp-block-column-is-layout-flow\">\n<h4 class=\"wp-block-heading has-text-align-center\" id=\"h-leading-innovation\" style=\"margin-bottom:var(--wp--preset--spacing--30)\">Liderando la innovaci\u00f3n<\/h4>\n\n\n\n<p class=\"has-text-align-center is-style-default\">Estamos comprometidos a aportar innovaci\u00f3n y valor a nuestros clientes invirtiendo en recursos cualificados y talentosos y en tecnolog\u00eda avanzada para desarrollar nuevos productos, mejorar los existentes y evaluar nuevas tendencias del mercado y materiales novedosos.<\/p>\n<\/div>\n\n\n\n<div class=\"wp-block-column is-layout-flow wp-block-column-is-layout-flow\">\n<h4 class=\"wp-block-heading has-text-align-center\" id=\"h-r-amp-d-leadership\" style=\"margin-bottom:var(--wp--preset--spacing--30)\">Liderazgo en I+D<\/h4>\n\n\n\n<p class=\"has-text-align-center is-style-default\">Invertimos constantemente en investigaci\u00f3n y desarrollo y en un equipo altamente cualificado para estar a la vanguardia de la innovaci\u00f3n tecnol\u00f3gica y ofrecer a nuestros clientes productos nuevos y avanzados.<\/p>\n<\/div>\n\n\n\n<div class=\"wp-block-column is-layout-flow wp-block-column-is-layout-flow\">\n<h4 class=\"wp-block-heading has-text-align-center\" id=\"h-engineering-capabilities\" style=\"margin-bottom:var(--wp--preset--spacing--30)\">Capacidades de ingenier\u00eda<\/h4>\n\n\n\n<p class=\"has-text-align-center is-style-default\">Ofrecemos una amplia gama de servicios de ingenier\u00eda profesional, desde dise\u00f1o CAD interno, an\u00e1lisis de flujo y pruebas de herramientas de simulaci\u00f3n hasta dise\u00f1o de caja negra y fabricaci\u00f3n seg\u00fan especificaciones para requisitos OEM.<\/p>\n<\/div>\n<\/div>\n<\/div><\/div>\n\n<div class=\"wp-block-columns is-layout-flex wp-container-core-columns-is-layout-d07913d3 wp-block-columns-is-layout-flex\" style=\"margin-bottom:var(--wp--preset--spacing--60)\">\n<div class=\"wp-block-column is-layout-flow wp-block-column-is-layout-flow\" style=\"flex-basis:66.66%\">\n<h2 class=\"wp-block-heading\" id=\"h-advanced-in-house-engineering-capabilities\" style=\"margin-bottom:var(--wp--preset--spacing--40)\">Capacidades de ingenier\u00eda avanzadas internas<\/h2>\n\n\n\n<p style=\"margin-bottom:var(--wp--preset--spacing--20)\">Las herramientas de I+D de \u00faltima generaci\u00f3n de MotoRad, junto con las capacidades y la vasta experiencia de nuestro equipo de ingenier\u00eda, nos permiten tener un proceso de desarrollo completamente interno, incluyendo todas las herramientas relevantes de simulaci\u00f3n y an\u00e1lisis.<\/p>\n\n\n\n<p style=\"margin-bottom:var(--wp--preset--spacing--20)\">Ofrecemos una amplia gama de servicios de ingenier\u00eda profesional, desde dise\u00f1o CAD interno, an\u00e1lisis de flujo y pruebas de herramientas de simulaci\u00f3n hasta dise\u00f1o de caja negra y fabricaci\u00f3n seg\u00fan especificaciones para requisitos OEM.<\/p>\n\n\n\n<p>Nuestro proceso de dise\u00f1o interno mejora significativamente la velocidad y la calidad del dise\u00f1o y contribuye a la agilidad y flexibilidad de nuestro equipo de ingenier\u00eda.<\/p>\n<\/div>\n\n\n\n<div class=\"wp-block-column is-layout-flow wp-block-column-is-layout-flow\" style=\"flex-basis:33.33%\">\n<figure class=\"wp-block-image size-full\"><img loading=\"lazy\" decoding=\"async\" width=\"798\" height=\"794\" src=\"https:\/\/eu.motorad.com\/wp-content\/uploads\/2025\/04\/RD_Photo_TechPage-1.png\" alt=\"\" class=\"wp-image-4687\" srcset=\"https:\/\/eu.motorad.com\/wp-content\/uploads\/2025\/04\/RD_Photo_TechPage-1.png 798w, https:\/\/eu.motorad.com\/wp-content\/uploads\/2025\/04\/RD_Photo_TechPage-1-300x298.png 300w, https:\/\/eu.motorad.com\/wp-content\/uploads\/2025\/04\/RD_Photo_TechPage-1-150x150.png 150w, https:\/\/eu.motorad.com\/wp-content\/uploads\/2025\/04\/RD_Photo_TechPage-1-768x764.png 768w\" sizes=\"auto, (max-width: 798px) 100vw, 798px\" \/><\/figure>\n<\/div>\n<\/div>\n\n<h2 class=\"wp-block-heading has-text-align-center\" id=\"h-advanced-quality-management\" style=\"margin-bottom:var(--wp--preset--spacing--40)\">Gesti\u00f3n de calidad avanzada<\/h2>\n\n<div class=\"wp-block-columns is-layout-flex wp-container-core-columns-is-layout-06f677bf wp-block-columns-is-layout-flex\" style=\"margin-bottom:var(--wp--preset--spacing--70)\">\n<div class=\"wp-block-column is-layout-flow wp-block-column-is-layout-flow\">\n<figure class=\"wp-block-image aligncenter size-full\"><img loading=\"lazy\" decoding=\"async\" width=\"600\" height=\"200\" src=\"https:\/\/eu.motorad.com\/wp-content\/uploads\/2025\/04\/certs.webp\" alt=\"\" class=\"wp-image-4591\" srcset=\"https:\/\/eu.motorad.com\/wp-content\/uploads\/2025\/04\/certs.webp 600w, https:\/\/eu.motorad.com\/wp-content\/uploads\/2025\/04\/certs-300x100.webp 300w\" sizes=\"auto, (max-width: 600px) 100vw, 600px\" \/><\/figure>\n<\/div>\n\n\n\n<div class=\"wp-block-column is-layout-flow wp-block-column-is-layout-flow\">\n<p class=\"has-text-align-left\">Cada pieza fabricada por MotoRad es probada en la f\u00e1brica antes de ser enviada a nuestros clientes. MotoRad fabrica termostatos, tapones de cierre y productos y sensores de tecnolog\u00eda emergente seg\u00fan las normas QS, TS e ISO. Nuestro laboratorio de calidad de \u00faltima generaci\u00f3n cuenta con todos los equipos y recursos necesarios para verificar y validar todos los productos MotoRad de nuevo dise\u00f1o, y para apoyar las mejoras de productos que potencian a\u00fan m\u00e1s la calidad y robustez de los mismos.  <\/p>\n<\/div>\n<\/div>\n\n<div class=\"wp-block-cover alignfull is-light\" style=\"padding-top:var(--wp--preset--spacing--60);padding-bottom:var(--wp--preset--spacing--60)\"><span aria-hidden=\"true\" class=\"wp-block-cover__background has-background-dim-0 has-background-dim\" style=\"background-color:#ece5d9\"><\/span><img loading=\"lazy\" decoding=\"async\" width=\"1505\" height=\"305\" class=\"wp-block-cover__image-background wp-image-223\" alt=\"\" src=\"https:\/\/eu.motorad.com\/wp-content\/uploads\/2025\/03\/FooterCTA.jpg\" data-object-fit=\"cover\" srcset=\"https:\/\/eu.motorad.com\/wp-content\/uploads\/2025\/03\/FooterCTA.jpg 1505w, https:\/\/eu.motorad.com\/wp-content\/uploads\/2025\/03\/FooterCTA-300x61.jpg 300w, https:\/\/eu.motorad.com\/wp-content\/uploads\/2025\/03\/FooterCTA-1024x208.jpg 1024w, https:\/\/eu.motorad.com\/wp-content\/uploads\/2025\/03\/FooterCTA-768x156.jpg 768w\" sizes=\"auto, (max-width: 1505px) 100vw, 1505px\" \/><div class=\"wp-block-cover__inner-container is-layout-flow wp-block-cover-is-layout-flow\">\n<div class=\"wp-block-columns are-vertically-aligned-center is-layout-flex wp-container-core-columns-is-layout-cbe57604 wp-block-columns-is-layout-flex\">\n<div class=\"wp-block-column is-vertically-aligned-center is-layout-flow wp-block-column-is-layout-flow\" style=\"flex-basis:45%\">\n<h2 class=\"wp-block-heading has-text-align-center has-palette-text-color has-text-color\" id=\"h-need-help-finding-the-right-product\" style=\"margin-bottom:var(--wp--preset--spacing--40)\">\u00bfNecesitas ayuda para encontrar el producto adecuado?<\/h2>\n\n\n\n<p class=\"has-text-align-center has-palette-text-color has-text-color\" style=\"margin-bottom:var(--wp--preset--spacing--50)\">Nuestro equipo especializado est\u00e1 aqu\u00ed para orientarte en la direcci\u00f3n correcta. Haz clic a continuaci\u00f3n y dinos c\u00f3mo podemos ayudarte a encontrar el producto ideal para tu necesidad. Tu viaje para experimentar MEJOR empieza aqu\u00ed.  <\/p>\n\n\n\n<div class=\"wp-block-buttons is-content-justification-center is-layout-flex wp-container-core-buttons-is-layout-a89b3969 wp-block-buttons-is-layout-flex\">\n<div class=\"wp-block-button\"><a class=\"wp-block-button__link has-text-align-center wp-element-button\" href=\"https:\/\/eu.motorad.com\/contact\/need-help-finding-something\/\">Habla con un especialista de MotoRad<\/a><\/div>\n<\/div>\n<\/div>\n\n\n\n<div class=\"wp-block-column is-layout-flow wp-block-column-is-layout-flow\" style=\"flex-basis:10%\"><\/div>\n\n\n\n<div class=\"wp-block-column is-layout-flow wp-block-column-is-layout-flow\" style=\"flex-basis:45%\">\n<h2 class=\"wp-block-heading has-text-align-center has-palette-text-color has-text-color\" id=\"h-looking-for-custom-development\" style=\"margin-bottom:var(--wp--preset--spacing--40)\">\u00bfBuscas un desarrollo a medida?<\/h2>\n\n\n\n<p class=\"has-text-align-center has-palette-text-color has-text-color\" style=\"margin-bottom:var(--wp--preset--spacing--50)\">No nos limitamos a los productos, sino que creamos soluciones a medida que se adaptan a tus necesidades. \u00bfEst\u00e1s preparado para dar vida a tu nuevo proyecto? Haz clic a continuaci\u00f3n y embarqu\u00e9monos juntos en el viaje del desarrollo de productos personalizados.  <\/p>\n\n\n\n<div class=\"wp-block-buttons is-content-justification-center is-layout-flex wp-container-core-buttons-is-layout-a89b3969 wp-block-buttons-is-layout-flex\">\n<div class=\"wp-block-button is-style-fill\"><a class=\"wp-block-button__link has-palette-bg-color has-palette-text-background-color has-text-color has-background has-text-align-center wp-element-button\" href=\"https:\/\/eu.motorad.com\/contact\/do-you-need-custom-development\/\">Queremos ser tu proveedor<\/a><\/div>\n<\/div>\n<\/div>\n<\/div>\n<\/div><\/div>\n","protected":false},"excerpt":{"rendered":"<p>En MotoRad, estamos liderando la innovaci\u00f3n Trabajamos constantemente para aportar un rendimiento mejorado y valor a nuestra oferta mediante el [&#8230;]<\/p>\n","protected":false},"author":1,"featured_media":0,"parent":0,"menu_order":0,"comment_status":"closed","ping_status":"closed","template":"","meta":{"_acf_changed":false,"footnotes":""},"class_list":["post-5707","page","type-page","status-publish","hentry"],"acf":[],"yoast_head":"<!-- This site is optimized with the Yoast SEO Premium plugin v27.2 (Yoast SEO v27.2) - https:\/\/yoast.com\/product\/yoast-seo-premium-wordpress\/ -->\n<title>Tecnolog\u00eda &amp; innovaci\u00f3n - MotoRad<\/title>\n<meta name=\"description\" content=\"MotoRad - Tecnolog\u00eda &amp; innovaci\u00f3n %\" \/>\n<meta name=\"robots\" content=\"index, follow, max-snippet:-1, max-image-preview:large, max-video-preview:-1\" \/>\n<link rel=\"canonical\" href=\"https:\/\/eu.motorad.com\/es\/tecnologia-innovacion\/\" \/>\n<meta property=\"og:locale\" content=\"es_ES\" \/>\n<meta property=\"og:type\" content=\"article\" \/>\n<meta property=\"og:title\" content=\"Tecnolog\u00eda &amp; innovaci\u00f3n\" \/>\n<meta property=\"og:description\" content=\"MotoRad - Tecnolog\u00eda &amp; innovaci\u00f3n %\" \/>\n<meta property=\"og:url\" content=\"https:\/\/eu.motorad.com\/es\/tecnologia-innovacion\/\" \/>\n<meta property=\"og:site_name\" content=\"MotoRad\" \/>\n<meta property=\"article:modified_time\" content=\"2025-06-13T12:46:32+00:00\" \/>\n<meta property=\"og:image\" content=\"https:\/\/eu.motorad.com\/wp-content\/uploads\/2025\/04\/Road_into_Light_tech.jpg\" \/>\n\t<meta property=\"og:image:width\" content=\"2560\" \/>\n\t<meta property=\"og:image:height\" content=\"1707\" \/>\n\t<meta property=\"og:image:type\" content=\"image\/jpeg\" \/>\n<meta name=\"twitter:card\" content=\"summary_large_image\" \/>\n<meta name=\"twitter:label1\" content=\"Est. reading time\" \/>\n\t<meta name=\"twitter:data1\" content=\"3 minutos\" \/>\n<script type=\"application\/ld+json\" class=\"yoast-schema-graph\">{\"@context\":\"https:\/\/schema.org\",\"@graph\":[{\"@type\":\"WebPage\",\"@id\":\"https:\/\/eu.motorad.com\/es\/tecnologia-innovacion\/\",\"url\":\"https:\/\/eu.motorad.com\/es\/tecnologia-innovacion\/\",\"name\":\"Tecnolog\u00eda &amp; innovaci\u00f3n - MotoRad\",\"isPartOf\":{\"@id\":\"https:\/\/eu.motorad.com\/es\/#website\"},\"primaryImageOfPage\":{\"@id\":\"https:\/\/eu.motorad.com\/es\/tecnologia-innovacion\/#primaryimage\"},\"image\":{\"@id\":\"https:\/\/eu.motorad.com\/es\/tecnologia-innovacion\/#primaryimage\"},\"thumbnailUrl\":\"https:\/\/eu.motorad.com\/wp-content\/uploads\/2025\/04\/Road_into_Light_tech.jpg\",\"datePublished\":\"2025-04-04T13:08:27+00:00\",\"dateModified\":\"2025-06-13T12:46:32+00:00\",\"description\":\"MotoRad - Tecnolog\u00eda &amp; innovaci\u00f3n %\",\"breadcrumb\":{\"@id\":\"https:\/\/eu.motorad.com\/es\/tecnologia-innovacion\/#breadcrumb\"},\"inLanguage\":\"es\",\"potentialAction\":[{\"@type\":\"ReadAction\",\"target\":[\"https:\/\/eu.motorad.com\/es\/tecnologia-innovacion\/\"]}]},{\"@type\":\"ImageObject\",\"inLanguage\":\"es\",\"@id\":\"https:\/\/eu.motorad.com\/es\/tecnologia-innovacion\/#primaryimage\",\"url\":\"https:\/\/eu.motorad.com\/wp-content\/uploads\/2025\/04\/Road_into_Light_tech.jpg\",\"contentUrl\":\"https:\/\/eu.motorad.com\/wp-content\/uploads\/2025\/04\/Road_into_Light_tech.jpg\"},{\"@type\":\"BreadcrumbList\",\"@id\":\"https:\/\/eu.motorad.com\/es\/tecnologia-innovacion\/#breadcrumb\",\"itemListElement\":[{\"@type\":\"ListItem\",\"position\":1,\"name\":\"Home\",\"item\":\"https:\/\/motoradnew.test\/es\/pagina-de-inicio\/\"},{\"@type\":\"ListItem\",\"position\":2,\"name\":\"Tecnolog\u00eda &amp; innovaci\u00f3n\"}]},{\"@type\":\"WebSite\",\"@id\":\"https:\/\/eu.motorad.com\/es\/#website\",\"url\":\"https:\/\/eu.motorad.com\/es\/\",\"name\":\"MotoRad\",\"description\":\"Trusted to Deliver Better - Thermal Management, Emissions, Powertrain Controls\",\"potentialAction\":[{\"@type\":\"SearchAction\",\"target\":{\"@type\":\"EntryPoint\",\"urlTemplate\":\"https:\/\/eu.motorad.com\/es\/?s={search_term_string}\"},\"query-input\":{\"@type\":\"PropertyValueSpecification\",\"valueRequired\":true,\"valueName\":\"search_term_string\"}}],\"inLanguage\":\"es\"}]}<\/script>\n<!-- \/ Yoast SEO Premium plugin. -->","yoast_head_json":{"title":"Tecnolog\u00eda &amp; innovaci\u00f3n - MotoRad","description":"MotoRad - Tecnolog\u00eda &amp; innovaci\u00f3n %","robots":{"index":"index","follow":"follow","max-snippet":"max-snippet:-1","max-image-preview":"max-image-preview:large","max-video-preview":"max-video-preview:-1"},"canonical":"https:\/\/eu.motorad.com\/es\/tecnologia-innovacion\/","og_locale":"es_ES","og_type":"article","og_title":"Tecnolog\u00eda &amp; innovaci\u00f3n","og_description":"MotoRad - Tecnolog\u00eda &amp; innovaci\u00f3n %","og_url":"https:\/\/eu.motorad.com\/es\/tecnologia-innovacion\/","og_site_name":"MotoRad","article_modified_time":"2025-06-13T12:46:32+00:00","og_image":[{"width":2560,"height":1707,"url":"https:\/\/eu.motorad.com\/wp-content\/uploads\/2025\/04\/Road_into_Light_tech.jpg","type":"image\/jpeg"}],"twitter_card":"summary_large_image","twitter_misc":{"Est. reading time":"3 minutos"},"schema":{"@context":"https:\/\/schema.org","@graph":[{"@type":"WebPage","@id":"https:\/\/eu.motorad.com\/es\/tecnologia-innovacion\/","url":"https:\/\/eu.motorad.com\/es\/tecnologia-innovacion\/","name":"Tecnolog\u00eda &amp; innovaci\u00f3n - MotoRad","isPartOf":{"@id":"https:\/\/eu.motorad.com\/es\/#website"},"primaryImageOfPage":{"@id":"https:\/\/eu.motorad.com\/es\/tecnologia-innovacion\/#primaryimage"},"image":{"@id":"https:\/\/eu.motorad.com\/es\/tecnologia-innovacion\/#primaryimage"},"thumbnailUrl":"https:\/\/eu.motorad.com\/wp-content\/uploads\/2025\/04\/Road_into_Light_tech.jpg","datePublished":"2025-04-04T13:08:27+00:00","dateModified":"2025-06-13T12:46:32+00:00","description":"MotoRad - Tecnolog\u00eda &amp; innovaci\u00f3n %","breadcrumb":{"@id":"https:\/\/eu.motorad.com\/es\/tecnologia-innovacion\/#breadcrumb"},"inLanguage":"es","potentialAction":[{"@type":"ReadAction","target":["https:\/\/eu.motorad.com\/es\/tecnologia-innovacion\/"]}]},{"@type":"ImageObject","inLanguage":"es","@id":"https:\/\/eu.motorad.com\/es\/tecnologia-innovacion\/#primaryimage","url":"https:\/\/eu.motorad.com\/wp-content\/uploads\/2025\/04\/Road_into_Light_tech.jpg","contentUrl":"https:\/\/eu.motorad.com\/wp-content\/uploads\/2025\/04\/Road_into_Light_tech.jpg"},{"@type":"BreadcrumbList","@id":"https:\/\/eu.motorad.com\/es\/tecnologia-innovacion\/#breadcrumb","itemListElement":[{"@type":"ListItem","position":1,"name":"Home","item":"https:\/\/motoradnew.test\/es\/pagina-de-inicio\/"},{"@type":"ListItem","position":2,"name":"Tecnolog\u00eda &amp; innovaci\u00f3n"}]},{"@type":"WebSite","@id":"https:\/\/eu.motorad.com\/es\/#website","url":"https:\/\/eu.motorad.com\/es\/","name":"MotoRad","description":"Trusted to Deliver Better - Thermal Management, Emissions, Powertrain Controls","potentialAction":[{"@type":"SearchAction","target":{"@type":"EntryPoint","urlTemplate":"https:\/\/eu.motorad.com\/es\/?s={search_term_string}"},"query-input":{"@type":"PropertyValueSpecification","valueRequired":true,"valueName":"search_term_string"}}],"inLanguage":"es"}]}},"_links":{"self":[{"href":"https:\/\/eu.motorad.com\/es\/wp-json\/wp\/v2\/pages\/5707","targetHints":{"allow":["GET"]}}],"collection":[{"href":"https:\/\/eu.motorad.com\/es\/wp-json\/wp\/v2\/pages"}],"about":[{"href":"https:\/\/eu.motorad.com\/es\/wp-json\/wp\/v2\/types\/page"}],"author":[{"embeddable":true,"href":"https:\/\/eu.motorad.com\/es\/wp-json\/wp\/v2\/users\/1"}],"replies":[{"embeddable":true,"href":"https:\/\/eu.motorad.com\/es\/wp-json\/wp\/v2\/comments?post=5707"}],"version-history":[{"count":1,"href":"https:\/\/eu.motorad.com\/es\/wp-json\/wp\/v2\/pages\/5707\/revisions"}],"predecessor-version":[{"id":5709,"href":"https:\/\/eu.motorad.com\/es\/wp-json\/wp\/v2\/pages\/5707\/revisions\/5709"}],"wp:attachment":[{"href":"https:\/\/eu.motorad.com\/es\/wp-json\/wp\/v2\/media?parent=5707"}],"curies":[{"name":"wp","href":"https:\/\/api.w.org\/{rel}","templated":true}]}}