{"id":5736,"date":"2025-04-03T18:08:54","date_gmt":"2025-04-03T18:08:54","guid":{"rendered":"https:\/\/eu.motorad.com\/sensores-de-posicion-del-acelerador\/"},"modified":"2025-06-13T12:48:24","modified_gmt":"2025-06-13T12:48:24","slug":"sensores-de-posicion-del-acelerador","status":"publish","type":"page","link":"https:\/\/eu.motorad.com\/es\/products\/controles-del-tren-motriz\/sensores-de-posicion-del-acelerador\/","title":{"rendered":"Sensores de posici\u00f3n del acelerador"},"content":{"rendered":"<h1 style=\"margin-top:var(--wp--preset--spacing--60);margin-bottom:var(--wp--preset--spacing--60);\" class=\"wp-block-post-title\">Sensores de posici\u00f3n del acelerador<\/h1>\n<p>Los sensores de posici\u00f3n del acelerador MotoRad ofrecen una se\u00f1alizaci\u00f3n precisa al m\u00f3dulo de control del motor para garantizar un rendimiento \u00f3ptimo y una econom\u00eda de combustible eficiente. Fabricados con materiales de la m\u00e1s alta calidad aprobados por los fabricantes de equipos originales, lo que resulta en tolerancias m\u00e1s estrictas y una mayor durabilidad. Todos los sensores de posici\u00f3n del acelerador MotoRad est\u00e1n dise\u00f1ados para cumplir o superar las especificaciones de los fabricantes de equipos originales en nuestras instalaciones de fabricaci\u00f3n certificadas ISO TS16949.  <\/p>\n\n<div class=\"wp-block-columns is-layout-flex wp-container-core-columns-is-layout-95393138 wp-block-columns-is-layout-flex\" style=\"margin-top:var(--wp--preset--spacing--60);margin-bottom:var(--wp--preset--spacing--60)\">\n<div class=\"wp-block-column is-layout-flow wp-block-column-is-layout-flow\">\n<figure class=\"wp-block-image size-full\"><img loading=\"lazy\" decoding=\"async\" width=\"500\" height=\"500\" src=\"https:\/\/eu.motorad.com\/wp-content\/uploads\/2025\/04\/1TP1051_Orientation-View.jpg\" alt=\"\" class=\"wp-image-4140\" srcset=\"https:\/\/eu.motorad.com\/wp-content\/uploads\/2025\/04\/1TP1051_Orientation-View.jpg 500w, https:\/\/eu.motorad.com\/wp-content\/uploads\/2025\/04\/1TP1051_Orientation-View-300x300.jpg 300w, https:\/\/eu.motorad.com\/wp-content\/uploads\/2025\/04\/1TP1051_Orientation-View-150x150.jpg 150w\" sizes=\"auto, (max-width: 500px) 100vw, 500px\" \/><\/figure>\n<\/div>\n\n\n\n<div class=\"wp-block-column is-layout-flow wp-block-column-is-layout-flow\">\n<figure class=\"wp-block-image size-full\"><img loading=\"lazy\" decoding=\"async\" width=\"500\" height=\"500\" src=\"https:\/\/eu.motorad.com\/wp-content\/uploads\/2025\/04\/1TP1040_Top.jpg\" alt=\"\" class=\"wp-image-4126\" srcset=\"https:\/\/eu.motorad.com\/wp-content\/uploads\/2025\/04\/1TP1040_Top.jpg 500w, https:\/\/eu.motorad.com\/wp-content\/uploads\/2025\/04\/1TP1040_Top-300x300.jpg 300w, https:\/\/eu.motorad.com\/wp-content\/uploads\/2025\/04\/1TP1040_Top-150x150.jpg 150w\" sizes=\"auto, (max-width: 500px) 100vw, 500px\" \/><\/figure>\n<\/div>\n\n\n\n<div class=\"wp-block-column is-layout-flow wp-block-column-is-layout-flow\">\n<figure class=\"wp-block-image size-full\"><img loading=\"lazy\" decoding=\"async\" width=\"500\" height=\"500\" src=\"https:\/\/eu.motorad.com\/wp-content\/uploads\/2025\/04\/1TP1052_Bottom.jpg\" alt=\"\" class=\"wp-image-4147\" srcset=\"https:\/\/eu.motorad.com\/wp-content\/uploads\/2025\/04\/1TP1052_Bottom.jpg 500w, https:\/\/eu.motorad.com\/wp-content\/uploads\/2025\/04\/1TP1052_Bottom-300x300.jpg 300w, https:\/\/eu.motorad.com\/wp-content\/uploads\/2025\/04\/1TP1052_Bottom-150x150.jpg 150w\" sizes=\"auto, (max-width: 500px) 100vw, 500px\" \/><\/figure>\n<\/div>\n\n\n\n<div class=\"wp-block-column is-layout-flow wp-block-column-is-layout-flow\">\n<figure class=\"wp-block-image size-full\"><img loading=\"lazy\" decoding=\"async\" width=\"500\" height=\"500\" src=\"https:\/\/eu.motorad.com\/wp-content\/uploads\/2025\/04\/1TP1048_Angle-1.jpg\" alt=\"\" class=\"wp-image-4133\" srcset=\"https:\/\/eu.motorad.com\/wp-content\/uploads\/2025\/04\/1TP1048_Angle-1.jpg 500w, https:\/\/eu.motorad.com\/wp-content\/uploads\/2025\/04\/1TP1048_Angle-1-300x300.jpg 300w, https:\/\/eu.motorad.com\/wp-content\/uploads\/2025\/04\/1TP1048_Angle-1-150x150.jpg 150w\" sizes=\"auto, (max-width: 500px) 100vw, 500px\" \/><\/figure>\n<\/div>\n\n\n\n<div class=\"wp-block-column is-layout-flow wp-block-column-is-layout-flow\">\n<figure class=\"wp-block-image size-full\"><img loading=\"lazy\" decoding=\"async\" width=\"500\" height=\"500\" src=\"https:\/\/eu.motorad.com\/wp-content\/uploads\/2025\/04\/1TP1055_Front.jpg\" alt=\"\" class=\"wp-image-4154\" srcset=\"https:\/\/eu.motorad.com\/wp-content\/uploads\/2025\/04\/1TP1055_Front.jpg 500w, https:\/\/eu.motorad.com\/wp-content\/uploads\/2025\/04\/1TP1055_Front-300x300.jpg 300w, https:\/\/eu.motorad.com\/wp-content\/uploads\/2025\/04\/1TP1055_Front-150x150.jpg 150w\" sizes=\"auto, (max-width: 500px) 100vw, 500px\" \/><\/figure>\n<\/div>\n\n\n\n<div class=\"wp-block-column is-layout-flow wp-block-column-is-layout-flow\">\n<figure class=\"wp-block-image size-full\"><img loading=\"lazy\" decoding=\"async\" width=\"500\" height=\"500\" src=\"https:\/\/eu.motorad.com\/wp-content\/uploads\/2025\/04\/1TP1058_Right.jpg\" alt=\"\" class=\"wp-image-4161\" srcset=\"https:\/\/eu.motorad.com\/wp-content\/uploads\/2025\/04\/1TP1058_Right.jpg 500w, https:\/\/eu.motorad.com\/wp-content\/uploads\/2025\/04\/1TP1058_Right-300x300.jpg 300w, https:\/\/eu.motorad.com\/wp-content\/uploads\/2025\/04\/1TP1058_Right-150x150.jpg 150w\" sizes=\"auto, (max-width: 500px) 100vw, 500px\" \/><\/figure>\n<\/div>\n<\/div>\n\n<ul class=\"wp-block-list\">\n<li>Fabricados para proporcionar un sellado superior, protegiendo contra todos los contaminantes del compartimento del motor y aislando de temperaturas extremas, tanto fr\u00edas como calientes.<\/li>\n\n\n\n<li>Calibrados al 100% y sometidos a pruebas de fin de l\u00ednea para garantizar un rendimiento sin preocupaciones desde el momento de su instalaci\u00f3n.<\/li>\n\n\n\n<li>Dise\u00f1ados para cumplir o superar todas las especificaciones de los fabricantes de equipos originales en ajuste, forma y funci\u00f3n<\/li>\n\n\n\n<li>Las extensas pruebas de productos incluyen pruebas de pulverizaci\u00f3n de sal, impacto a altas y bajas temperaturas, ciclos t\u00e9rmicos, vibraci\u00f3n, ca\u00edda, entre otras, para garantizar que todos los sensores cumplan o superen las especificaciones OEM.<\/li>\n<\/ul>\n\n<figure class=\"wp-block-image aligncenter size-full\" style=\"margin-right:var(--wp--preset--spacing--60);margin-left:var(--wp--preset--spacing--60)\"><img loading=\"lazy\" decoding=\"async\" width=\"1233\" height=\"679\" src=\"https:\/\/eu.motorad.com\/wp-content\/uploads\/2025\/04\/cts3-1.jpg\" alt=\"\" class=\"wp-image-4169\" srcset=\"https:\/\/eu.motorad.com\/wp-content\/uploads\/2025\/04\/cts3-1.jpg 1233w, https:\/\/eu.motorad.com\/wp-content\/uploads\/2025\/04\/cts3-1-300x165.jpg 300w, https:\/\/eu.motorad.com\/wp-content\/uploads\/2025\/04\/cts3-1-1024x564.jpg 1024w, https:\/\/eu.motorad.com\/wp-content\/uploads\/2025\/04\/cts3-1-768x423.jpg 768w\" sizes=\"auto, (max-width: 1233px) 100vw, 1233px\" \/><\/figure>\n\n<div class=\"wp-block-buttons is-layout-flex wp-block-buttons-is-layout-flex\" style=\"margin-bottom:var(--wp--preset--spacing--70)\">\n<div class=\"wp-block-button\"><a class=\"wp-block-button__link wp-element-button\" href=\"https:\/\/eu.motorad.com\/es\/products\/\">Encuentre sensores para su aplicaci\u00f3n<\/a><\/div>\n<\/div>\n\n<div class=\"wp-block-cover alignfull is-light\" style=\"padding-top:var(--wp--preset--spacing--60);padding-bottom:var(--wp--preset--spacing--60)\"><span aria-hidden=\"true\" class=\"wp-block-cover__background has-background-dim-0 has-background-dim\" style=\"background-color:#ece5d9\"><\/span><img loading=\"lazy\" decoding=\"async\" width=\"1505\" height=\"305\" class=\"wp-block-cover__image-background wp-image-223\" alt=\"\" src=\"https:\/\/eu.motorad.com\/wp-content\/uploads\/2025\/03\/FooterCTA.jpg\" data-object-fit=\"cover\" srcset=\"https:\/\/eu.motorad.com\/wp-content\/uploads\/2025\/03\/FooterCTA.jpg 1505w, https:\/\/eu.motorad.com\/wp-content\/uploads\/2025\/03\/FooterCTA-300x61.jpg 300w, https:\/\/eu.motorad.com\/wp-content\/uploads\/2025\/03\/FooterCTA-1024x208.jpg 1024w, https:\/\/eu.motorad.com\/wp-content\/uploads\/2025\/03\/FooterCTA-768x156.jpg 768w\" sizes=\"auto, (max-width: 1505px) 100vw, 1505px\" \/><div class=\"wp-block-cover__inner-container is-layout-flow wp-block-cover-is-layout-flow\">\n<div class=\"wp-block-columns are-vertically-aligned-center is-layout-flex wp-container-core-columns-is-layout-cbe57604 wp-block-columns-is-layout-flex\">\n<div class=\"wp-block-column is-vertically-aligned-center is-layout-flow wp-block-column-is-layout-flow\" style=\"flex-basis:45%\">\n<h2 class=\"wp-block-heading has-text-align-center has-palette-text-color has-text-color\" id=\"h-need-help-finding-the-right-product\" style=\"margin-bottom:var(--wp--preset--spacing--40)\">\u00bfNecesitas ayuda para encontrar el producto adecuado?<\/h2>\n\n\n\n<p class=\"has-text-align-center has-palette-text-color has-text-color\" style=\"margin-bottom:var(--wp--preset--spacing--50)\">Nuestro equipo especializado est\u00e1 aqu\u00ed para orientarte en la direcci\u00f3n correcta. Haz clic a continuaci\u00f3n y dinos c\u00f3mo podemos ayudarte a encontrar el producto ideal para tu necesidad. Tu viaje para experimentar MEJOR empieza aqu\u00ed.  <\/p>\n\n\n\n<div class=\"wp-block-buttons is-content-justification-center is-layout-flex wp-container-core-buttons-is-layout-a89b3969 wp-block-buttons-is-layout-flex\">\n<div class=\"wp-block-button\"><a class=\"wp-block-button__link has-text-align-center wp-element-button\" href=\"https:\/\/eu.motorad.com\/contact\/need-help-finding-something\/\">Habla con un especialista de MotoRad<\/a><\/div>\n<\/div>\n<\/div>\n\n\n\n<div class=\"wp-block-column is-layout-flow wp-block-column-is-layout-flow\" style=\"flex-basis:10%\"><\/div>\n\n\n\n<div class=\"wp-block-column is-layout-flow wp-block-column-is-layout-flow\" style=\"flex-basis:45%\">\n<h2 class=\"wp-block-heading has-text-align-center has-palette-text-color has-text-color\" id=\"h-looking-for-custom-development\" style=\"margin-bottom:var(--wp--preset--spacing--40)\">\u00bfBuscas un desarrollo a medida?<\/h2>\n\n\n\n<p class=\"has-text-align-center has-palette-text-color has-text-color\" style=\"margin-bottom:var(--wp--preset--spacing--50)\">No nos limitamos a los productos, sino que creamos soluciones a medida que se adaptan a tus necesidades. \u00bfEst\u00e1s preparado para dar vida a tu nuevo proyecto? Haz clic a continuaci\u00f3n y embarqu\u00e9monos juntos en el viaje del desarrollo de productos personalizados.  <\/p>\n\n\n\n<div class=\"wp-block-buttons is-content-justification-center is-layout-flex wp-container-core-buttons-is-layout-a89b3969 wp-block-buttons-is-layout-flex\">\n<div class=\"wp-block-button is-style-fill\"><a class=\"wp-block-button__link has-palette-bg-color has-palette-text-background-color has-text-color has-background has-text-align-center wp-element-button\" href=\"https:\/\/eu.motorad.com\/contact\/do-you-need-custom-development\/\">Queremos ser tu proveedor<\/a><\/div>\n<\/div>\n<\/div>\n<\/div>\n<\/div><\/div>\n","protected":false},"excerpt":{"rendered":"<p>Los sensores de posici\u00f3n del acelerador MotoRad ofrecen una se\u00f1alizaci\u00f3n precisa al m\u00f3dulo de control del motor para garantizar un [&#8230;]<\/p>\n","protected":false},"author":1,"featured_media":0,"parent":5852,"menu_order":0,"comment_status":"closed","ping_status":"closed","template":"","meta":{"_acf_changed":false,"footnotes":""},"class_list":["post-5736","page","type-page","status-publish","hentry"],"acf":[],"yoast_head":"<!-- This site is optimized with the Yoast SEO Premium plugin v27.2 (Yoast SEO v27.2) - https:\/\/yoast.com\/product\/yoast-seo-premium-wordpress\/ -->\n<title>Sensores de posici\u00f3n del acelerador - MotoRad<\/title>\n<meta name=\"description\" content=\"MotoRad - Sensores de posici\u00f3n del acelerador %\" \/>\n<meta name=\"robots\" content=\"index, follow, max-snippet:-1, max-image-preview:large, max-video-preview:-1\" \/>\n<link rel=\"canonical\" href=\"https:\/\/eu.motorad.com\/es\/products\/controles-del-tren-motriz\/sensores-de-posicion-del-acelerador\/\" \/>\n<meta property=\"og:locale\" content=\"es_ES\" \/>\n<meta property=\"og:type\" content=\"article\" \/>\n<meta property=\"og:title\" content=\"Sensores de posici\u00f3n del acelerador\" \/>\n<meta property=\"og:description\" content=\"MotoRad - Sensores de posici\u00f3n del acelerador %\" \/>\n<meta property=\"og:url\" content=\"https:\/\/eu.motorad.com\/es\/products\/controles-del-tren-motriz\/sensores-de-posicion-del-acelerador\/\" \/>\n<meta property=\"og:site_name\" content=\"MotoRad\" \/>\n<meta property=\"article:modified_time\" content=\"2025-06-13T12:48:24+00:00\" \/>\n<meta property=\"og:image\" content=\"https:\/\/eu.motorad.com\/wp-content\/uploads\/2025\/04\/1TP1051_Orientation-View.jpg\" \/>\n\t<meta property=\"og:image:width\" content=\"500\" \/>\n\t<meta property=\"og:image:height\" content=\"500\" \/>\n\t<meta property=\"og:image:type\" content=\"image\/jpeg\" \/>\n<meta name=\"twitter:card\" content=\"summary_large_image\" \/>\n<meta name=\"twitter:label1\" content=\"Est. reading time\" \/>\n\t<meta name=\"twitter:data1\" content=\"1 minuto\" \/>\n<script type=\"application\/ld+json\" class=\"yoast-schema-graph\">{\"@context\":\"https:\/\/schema.org\",\"@graph\":[{\"@type\":\"WebPage\",\"@id\":\"https:\/\/eu.motorad.com\/es\/products\/controles-del-tren-motriz\/sensores-de-posicion-del-acelerador\/\",\"url\":\"https:\/\/eu.motorad.com\/es\/products\/controles-del-tren-motriz\/sensores-de-posicion-del-acelerador\/\",\"name\":\"Sensores de posici\u00f3n del acelerador - MotoRad\",\"isPartOf\":{\"@id\":\"https:\/\/eu.motorad.com\/es\/#website\"},\"primaryImageOfPage\":{\"@id\":\"https:\/\/eu.motorad.com\/es\/products\/controles-del-tren-motriz\/sensores-de-posicion-del-acelerador\/#primaryimage\"},\"image\":{\"@id\":\"https:\/\/eu.motorad.com\/es\/products\/controles-del-tren-motriz\/sensores-de-posicion-del-acelerador\/#primaryimage\"},\"thumbnailUrl\":\"https:\/\/eu.motorad.com\/wp-content\/uploads\/2025\/04\/1TP1051_Orientation-View.jpg\",\"datePublished\":\"2025-04-03T18:08:54+00:00\",\"dateModified\":\"2025-06-13T12:48:24+00:00\",\"description\":\"MotoRad - Sensores de posici\u00f3n del acelerador %\",\"breadcrumb\":{\"@id\":\"https:\/\/eu.motorad.com\/es\/products\/controles-del-tren-motriz\/sensores-de-posicion-del-acelerador\/#breadcrumb\"},\"inLanguage\":\"es\",\"potentialAction\":[{\"@type\":\"ReadAction\",\"target\":[\"https:\/\/eu.motorad.com\/es\/products\/controles-del-tren-motriz\/sensores-de-posicion-del-acelerador\/\"]}]},{\"@type\":\"ImageObject\",\"inLanguage\":\"es\",\"@id\":\"https:\/\/eu.motorad.com\/es\/products\/controles-del-tren-motriz\/sensores-de-posicion-del-acelerador\/#primaryimage\",\"url\":\"https:\/\/eu.motorad.com\/wp-content\/uploads\/2025\/04\/1TP1051_Orientation-View.jpg\",\"contentUrl\":\"https:\/\/eu.motorad.com\/wp-content\/uploads\/2025\/04\/1TP1051_Orientation-View.jpg\"},{\"@type\":\"BreadcrumbList\",\"@id\":\"https:\/\/eu.motorad.com\/es\/products\/controles-del-tren-motriz\/sensores-de-posicion-del-acelerador\/#breadcrumb\",\"itemListElement\":[{\"@type\":\"ListItem\",\"position\":1,\"name\":\"Home\",\"item\":\"https:\/\/motoradnew.test\/es\/pagina-de-inicio\/\"},{\"@type\":\"ListItem\",\"position\":2,\"name\":\"Products\",\"item\":\"https:\/\/motoradnew.test\/es\/products\/\"},{\"@type\":\"ListItem\",\"position\":3,\"name\":\"Controles del tren motriz\",\"item\":\"https:\/\/motoradnew.test\/es\/products\/controles-del-tren-motriz\/\"},{\"@type\":\"ListItem\",\"position\":4,\"name\":\"Sensores de posici\u00f3n del acelerador\"}]},{\"@type\":\"WebSite\",\"@id\":\"https:\/\/eu.motorad.com\/es\/#website\",\"url\":\"https:\/\/eu.motorad.com\/es\/\",\"name\":\"MotoRad\",\"description\":\"Trusted to Deliver Better - Thermal Management, Emissions, Powertrain Controls\",\"potentialAction\":[{\"@type\":\"SearchAction\",\"target\":{\"@type\":\"EntryPoint\",\"urlTemplate\":\"https:\/\/eu.motorad.com\/es\/?s={search_term_string}\"},\"query-input\":{\"@type\":\"PropertyValueSpecification\",\"valueRequired\":true,\"valueName\":\"search_term_string\"}}],\"inLanguage\":\"es\"}]}<\/script>\n<!-- \/ Yoast SEO Premium plugin. -->","yoast_head_json":{"title":"Sensores de posici\u00f3n del acelerador - MotoRad","description":"MotoRad - Sensores de posici\u00f3n del acelerador %","robots":{"index":"index","follow":"follow","max-snippet":"max-snippet:-1","max-image-preview":"max-image-preview:large","max-video-preview":"max-video-preview:-1"},"canonical":"https:\/\/eu.motorad.com\/es\/products\/controles-del-tren-motriz\/sensores-de-posicion-del-acelerador\/","og_locale":"es_ES","og_type":"article","og_title":"Sensores de posici\u00f3n del acelerador","og_description":"MotoRad - Sensores de posici\u00f3n del acelerador %","og_url":"https:\/\/eu.motorad.com\/es\/products\/controles-del-tren-motriz\/sensores-de-posicion-del-acelerador\/","og_site_name":"MotoRad","article_modified_time":"2025-06-13T12:48:24+00:00","og_image":[{"width":500,"height":500,"url":"https:\/\/eu.motorad.com\/wp-content\/uploads\/2025\/04\/1TP1051_Orientation-View.jpg","type":"image\/jpeg"}],"twitter_card":"summary_large_image","twitter_misc":{"Est. reading time":"1 minuto"},"schema":{"@context":"https:\/\/schema.org","@graph":[{"@type":"WebPage","@id":"https:\/\/eu.motorad.com\/es\/products\/controles-del-tren-motriz\/sensores-de-posicion-del-acelerador\/","url":"https:\/\/eu.motorad.com\/es\/products\/controles-del-tren-motriz\/sensores-de-posicion-del-acelerador\/","name":"Sensores de posici\u00f3n del acelerador - MotoRad","isPartOf":{"@id":"https:\/\/eu.motorad.com\/es\/#website"},"primaryImageOfPage":{"@id":"https:\/\/eu.motorad.com\/es\/products\/controles-del-tren-motriz\/sensores-de-posicion-del-acelerador\/#primaryimage"},"image":{"@id":"https:\/\/eu.motorad.com\/es\/products\/controles-del-tren-motriz\/sensores-de-posicion-del-acelerador\/#primaryimage"},"thumbnailUrl":"https:\/\/eu.motorad.com\/wp-content\/uploads\/2025\/04\/1TP1051_Orientation-View.jpg","datePublished":"2025-04-03T18:08:54+00:00","dateModified":"2025-06-13T12:48:24+00:00","description":"MotoRad - Sensores de posici\u00f3n del acelerador %","breadcrumb":{"@id":"https:\/\/eu.motorad.com\/es\/products\/controles-del-tren-motriz\/sensores-de-posicion-del-acelerador\/#breadcrumb"},"inLanguage":"es","potentialAction":[{"@type":"ReadAction","target":["https:\/\/eu.motorad.com\/es\/products\/controles-del-tren-motriz\/sensores-de-posicion-del-acelerador\/"]}]},{"@type":"ImageObject","inLanguage":"es","@id":"https:\/\/eu.motorad.com\/es\/products\/controles-del-tren-motriz\/sensores-de-posicion-del-acelerador\/#primaryimage","url":"https:\/\/eu.motorad.com\/wp-content\/uploads\/2025\/04\/1TP1051_Orientation-View.jpg","contentUrl":"https:\/\/eu.motorad.com\/wp-content\/uploads\/2025\/04\/1TP1051_Orientation-View.jpg"},{"@type":"BreadcrumbList","@id":"https:\/\/eu.motorad.com\/es\/products\/controles-del-tren-motriz\/sensores-de-posicion-del-acelerador\/#breadcrumb","itemListElement":[{"@type":"ListItem","position":1,"name":"Home","item":"https:\/\/motoradnew.test\/es\/pagina-de-inicio\/"},{"@type":"ListItem","position":2,"name":"Products","item":"https:\/\/motoradnew.test\/es\/products\/"},{"@type":"ListItem","position":3,"name":"Controles del tren motriz","item":"https:\/\/motoradnew.test\/es\/products\/controles-del-tren-motriz\/"},{"@type":"ListItem","position":4,"name":"Sensores de posici\u00f3n del acelerador"}]},{"@type":"WebSite","@id":"https:\/\/eu.motorad.com\/es\/#website","url":"https:\/\/eu.motorad.com\/es\/","name":"MotoRad","description":"Trusted to Deliver Better - Thermal Management, Emissions, Powertrain Controls","potentialAction":[{"@type":"SearchAction","target":{"@type":"EntryPoint","urlTemplate":"https:\/\/eu.motorad.com\/es\/?s={search_term_string}"},"query-input":{"@type":"PropertyValueSpecification","valueRequired":true,"valueName":"search_term_string"}}],"inLanguage":"es"}]}},"_links":{"self":[{"href":"https:\/\/eu.motorad.com\/es\/wp-json\/wp\/v2\/pages\/5736","targetHints":{"allow":["GET"]}}],"collection":[{"href":"https:\/\/eu.motorad.com\/es\/wp-json\/wp\/v2\/pages"}],"about":[{"href":"https:\/\/eu.motorad.com\/es\/wp-json\/wp\/v2\/types\/page"}],"author":[{"embeddable":true,"href":"https:\/\/eu.motorad.com\/es\/wp-json\/wp\/v2\/users\/1"}],"replies":[{"embeddable":true,"href":"https:\/\/eu.motorad.com\/es\/wp-json\/wp\/v2\/comments?post=5736"}],"version-history":[{"count":1,"href":"https:\/\/eu.motorad.com\/es\/wp-json\/wp\/v2\/pages\/5736\/revisions"}],"predecessor-version":[{"id":5738,"href":"https:\/\/eu.motorad.com\/es\/wp-json\/wp\/v2\/pages\/5736\/revisions\/5738"}],"up":[{"embeddable":true,"href":"https:\/\/eu.motorad.com\/es\/wp-json\/wp\/v2\/pages\/5852"}],"wp:attachment":[{"href":"https:\/\/eu.motorad.com\/es\/wp-json\/wp\/v2\/media?parent=5736"}],"curies":[{"name":"wp","href":"https:\/\/api.w.org\/{rel}","templated":true}]}}