{"id":5741,"date":"2025-04-03T18:45:50","date_gmt":"2025-04-03T18:45:50","guid":{"rendered":"https:\/\/eu.motorad.com\/tapas-de-filtro-de-aceite\/"},"modified":"2025-06-13T12:48:48","modified_gmt":"2025-06-13T12:48:48","slug":"tapas-de-filtro-de-aceite","status":"publish","type":"page","link":"https:\/\/eu.motorad.com\/es\/products\/tapones\/tapas-de-filtro-de-aceite\/","title":{"rendered":"Tapas de filtro de aceite"},"content":{"rendered":"\n<h1 class=\"wp-block-heading\" id=\"h-oil-filter-caps\" style=\"margin-top:var(--wp--preset--spacing--60);margin-bottom:var(--wp--preset--spacing--60)\">TAPAS DE FILTRO DE ACEITE<\/h1>\n\n<p style=\"margin-bottom:var(--wp--preset--spacing--20)\"><\/p>\n\n<p style=\"margin-bottom:var(--wp--preset--spacing--20)\">El cat\u00e1logo exhaustivo de tapas de filtro de aceite de MotoRad est\u00e1 dise\u00f1ado para cumplir con los est\u00e1ndares exigentes de los entusiastas automotrices y profesionales por igual. Las tapas de filtro de aceite se est\u00e1n volviendo m\u00e1s prevalentes, ya que los fabricantes de autom\u00f3viles y camiones utilizan filtros de estilo cartucho respetuosos con el medio ambiente que requieren tapas para el conjunto del filtro de aceite.  <\/p>\n\n<p style=\"margin-bottom:var(--wp--preset--spacing--20)\">Examine nuestro extenso cat\u00e1logo para descubrir diversas tapas de filtro de aceite que se ajustan a varias marcas y modelos. Nuestros dise\u00f1os compatibles con OEM garantizan un ajuste perfecto, eliminando las molestias de problemas de compatibilidad. Cada producto est\u00e1 meticulosamente etiquetado con su n\u00famero de pieza correspondiente para una f\u00e1cil identificaci\u00f3n y selecci\u00f3n.  <\/p>\n\n<p style=\"margin-bottom:var(--wp--preset--spacing--20)\">Con una amplia cobertura en todas las marcas populares de veh\u00edculos, MotoRad asegura que usted encuentre el ajuste perfecto para las necesidades de su veh\u00edculo. Como su proveedor de confianza y socio comercial, priorizamos la calidad OEM en cada producto que ofrecemos, proporcionando tranquilidad y fiabilidad en cada compra.  <\/p>\n\n<p style=\"margin-bottom:var(--wp--preset--spacing--60)\">Nuestra creciente l\u00ednea de tapas de filtro de aceite proporciona un excelente reemplazo para este componente que a menudo se rompe o se pierde durante un cambio de aceite. <\/p>\n\n<figure class=\"wp-block-image size-full\"><img loading=\"lazy\" decoding=\"async\" width=\"240\" height=\"248\" src=\"https:\/\/eu.motorad.com\/wp-content\/uploads\/2025\/04\/MO300-1.webp\" alt=\"\" class=\"wp-image-4447\"\/><\/figure>\n\n<ul style=\"margin-top:var(--wp--preset--spacing--60);margin-bottom:var(--wp--preset--spacing--60)\" class=\"wp-block-list\">\n<li style=\"margin-bottom:var(--wp--preset--spacing--20)\">Fabricados utilizando los materiales OEM de la m\u00e1s alta calidad para garantizar un rendimiento \u00f3ptimo y una durabilidad robusta.<\/li>\n\n\n\n<li>Dise\u00f1ados para cumplir o superar todas las especificaciones OEM en ajuste, forma y funci\u00f3n.<\/li>\n<\/ul>\n\n<div class=\"wp-block-buttons is-layout-flex wp-block-buttons-is-layout-flex\" style=\"margin-bottom:var(--wp--preset--spacing--70)\">\n<div class=\"wp-block-button\"><a class=\"wp-block-button__link wp-element-button\" href=\"https:\/\/eu.motorad.com\/es\/products\/\">Encuentre la tapa de filtro de aceite para su aplicaci\u00f3n<\/a><\/div>\n<\/div>\n\n<div class=\"wp-block-cover alignfull is-light\" style=\"padding-top:var(--wp--preset--spacing--60);padding-bottom:var(--wp--preset--spacing--60)\"><span aria-hidden=\"true\" class=\"wp-block-cover__background has-background-dim-0 has-background-dim\" style=\"background-color:#ece5d9\"><\/span><img loading=\"lazy\" decoding=\"async\" width=\"1505\" height=\"305\" class=\"wp-block-cover__image-background wp-image-223\" alt=\"\" src=\"https:\/\/eu.motorad.com\/wp-content\/uploads\/2025\/03\/FooterCTA.jpg\" data-object-fit=\"cover\" srcset=\"https:\/\/eu.motorad.com\/wp-content\/uploads\/2025\/03\/FooterCTA.jpg 1505w, https:\/\/eu.motorad.com\/wp-content\/uploads\/2025\/03\/FooterCTA-300x61.jpg 300w, https:\/\/eu.motorad.com\/wp-content\/uploads\/2025\/03\/FooterCTA-1024x208.jpg 1024w, https:\/\/eu.motorad.com\/wp-content\/uploads\/2025\/03\/FooterCTA-768x156.jpg 768w\" sizes=\"auto, (max-width: 1505px) 100vw, 1505px\" \/><div class=\"wp-block-cover__inner-container is-layout-flow wp-block-cover-is-layout-flow\">\n<div class=\"wp-block-columns are-vertically-aligned-center is-layout-flex wp-container-core-columns-is-layout-cbe57604 wp-block-columns-is-layout-flex\">\n<div class=\"wp-block-column is-vertically-aligned-center is-layout-flow wp-block-column-is-layout-flow\" style=\"flex-basis:45%\">\n<h2 class=\"wp-block-heading has-text-align-center has-palette-text-color has-text-color\" id=\"h-need-help-finding-the-right-product\" style=\"margin-bottom:var(--wp--preset--spacing--40)\">\u00bfNecesitas ayuda para encontrar el producto adecuado?<\/h2>\n\n\n\n<p class=\"has-text-align-center has-palette-text-color has-text-color\" style=\"margin-bottom:var(--wp--preset--spacing--50)\">Nuestro equipo especializado est\u00e1 aqu\u00ed para orientarte en la direcci\u00f3n correcta. Haz clic a continuaci\u00f3n y dinos c\u00f3mo podemos ayudarte a encontrar el producto ideal para tu necesidad. Tu viaje para experimentar MEJOR empieza aqu\u00ed.  <\/p>\n\n\n\n<div class=\"wp-block-buttons is-content-justification-center is-layout-flex wp-container-core-buttons-is-layout-a89b3969 wp-block-buttons-is-layout-flex\">\n<div class=\"wp-block-button\"><a class=\"wp-block-button__link has-text-align-center wp-element-button\" href=\"https:\/\/eu.motorad.com\/contact\/need-help-finding-something\/\">Habla con un especialista de MotoRad<\/a><\/div>\n<\/div>\n<\/div>\n\n\n\n<div class=\"wp-block-column is-layout-flow wp-block-column-is-layout-flow\" style=\"flex-basis:10%\"><\/div>\n\n\n\n<div class=\"wp-block-column is-layout-flow wp-block-column-is-layout-flow\" style=\"flex-basis:45%\">\n<h2 class=\"wp-block-heading has-text-align-center has-palette-text-color has-text-color\" id=\"h-looking-for-custom-development\" style=\"margin-bottom:var(--wp--preset--spacing--40)\">\u00bfBuscas un desarrollo a medida?<\/h2>\n\n\n\n<p class=\"has-text-align-center has-palette-text-color has-text-color\" style=\"margin-bottom:var(--wp--preset--spacing--50)\">No nos limitamos a los productos, sino que creamos soluciones a medida que se adaptan a tus necesidades. \u00bfEst\u00e1s preparado para dar vida a tu nuevo proyecto? Haz clic a continuaci\u00f3n y embarqu\u00e9monos juntos en el viaje del desarrollo de productos personalizados.  <\/p>\n\n\n\n<div class=\"wp-block-buttons is-content-justification-center is-layout-flex wp-container-core-buttons-is-layout-a89b3969 wp-block-buttons-is-layout-flex\">\n<div class=\"wp-block-button is-style-fill\"><a class=\"wp-block-button__link has-palette-bg-color has-palette-text-background-color has-text-color has-background has-text-align-center wp-element-button\" href=\"https:\/\/eu.motorad.com\/contact\/do-you-need-custom-development\/\">Queremos ser tu proveedor<\/a><\/div>\n<\/div>\n<\/div>\n<\/div>\n<\/div><\/div>\n","protected":false},"excerpt":{"rendered":"<p>TAPAS DE FILTRO DE ACEITE El cat\u00e1logo exhaustivo de tapas de filtro de aceite de MotoRad est\u00e1 dise\u00f1ado para cumplir [&#8230;]<\/p>\n","protected":false},"author":1,"featured_media":0,"parent":5891,"menu_order":0,"comment_status":"closed","ping_status":"closed","template":"","meta":{"_acf_changed":false,"footnotes":""},"class_list":["post-5741","page","type-page","status-publish","hentry"],"acf":[],"yoast_head":"<!-- This site is optimized with the Yoast SEO Premium plugin v27.2 (Yoast SEO v27.2) - https:\/\/yoast.com\/product\/yoast-seo-premium-wordpress\/ -->\n<title>Tapas de filtro de aceite - MotoRad<\/title>\n<meta name=\"description\" content=\"Explore el extenso cat\u00e1logo de tapas de filtro de aceite de Motorad, cada una convenientemente organizada por n\u00famero de pieza e intercambio incluido. Encuentre el ajuste perfecto para las necesidades de mantenimiento de su veh\u00edculo con Motorad.\" \/>\n<meta name=\"robots\" content=\"index, follow, max-snippet:-1, max-image-preview:large, max-video-preview:-1\" \/>\n<link rel=\"canonical\" href=\"https:\/\/eu.motorad.com\/es\/products\/tapones\/tapas-de-filtro-de-aceite\/\" \/>\n<meta property=\"og:locale\" content=\"es_ES\" \/>\n<meta property=\"og:type\" content=\"article\" \/>\n<meta property=\"og:title\" content=\"Tapas de filtro de aceite\" \/>\n<meta property=\"og:description\" content=\"Explore el extenso cat\u00e1logo de tapas de filtro de aceite de Motorad, cada una convenientemente organizada por n\u00famero de pieza e intercambio incluido. Encuentre el ajuste perfecto para las necesidades de mantenimiento de su veh\u00edculo con Motorad.\" \/>\n<meta property=\"og:url\" content=\"https:\/\/eu.motorad.com\/es\/products\/tapones\/tapas-de-filtro-de-aceite\/\" \/>\n<meta property=\"og:site_name\" content=\"MotoRad\" \/>\n<meta property=\"article:modified_time\" content=\"2025-06-13T12:48:48+00:00\" \/>\n<meta property=\"og:image\" content=\"https:\/\/eu.motorad.com\/wp-content\/uploads\/2025\/04\/MO300-1.webp\" \/>\n\t<meta property=\"og:image:width\" content=\"240\" \/>\n\t<meta property=\"og:image:height\" content=\"248\" \/>\n\t<meta property=\"og:image:type\" content=\"image\/webp\" \/>\n<meta name=\"twitter:card\" content=\"summary_large_image\" \/>\n<meta name=\"twitter:label1\" content=\"Est. reading time\" \/>\n\t<meta name=\"twitter:data1\" content=\"1 minuto\" \/>\n<script type=\"application\/ld+json\" class=\"yoast-schema-graph\">{\"@context\":\"https:\/\/schema.org\",\"@graph\":[{\"@type\":\"WebPage\",\"@id\":\"https:\/\/eu.motorad.com\/es\/products\/tapones\/tapas-de-filtro-de-aceite\/\",\"url\":\"https:\/\/eu.motorad.com\/es\/products\/tapones\/tapas-de-filtro-de-aceite\/\",\"name\":\"Tapas de filtro de aceite - MotoRad\",\"isPartOf\":{\"@id\":\"https:\/\/eu.motorad.com\/es\/#website\"},\"primaryImageOfPage\":{\"@id\":\"https:\/\/eu.motorad.com\/es\/products\/tapones\/tapas-de-filtro-de-aceite\/#primaryimage\"},\"image\":{\"@id\":\"https:\/\/eu.motorad.com\/es\/products\/tapones\/tapas-de-filtro-de-aceite\/#primaryimage\"},\"thumbnailUrl\":\"https:\/\/eu.motorad.com\/wp-content\/uploads\/2025\/04\/MO300-1.webp\",\"datePublished\":\"2025-04-03T18:45:50+00:00\",\"dateModified\":\"2025-06-13T12:48:48+00:00\",\"description\":\"Explore el extenso cat\u00e1logo de tapas de filtro de aceite de Motorad, cada una convenientemente organizada por n\u00famero de pieza e intercambio incluido. Encuentre el ajuste perfecto para las necesidades de mantenimiento de su veh\u00edculo con Motorad.\",\"breadcrumb\":{\"@id\":\"https:\/\/eu.motorad.com\/es\/products\/tapones\/tapas-de-filtro-de-aceite\/#breadcrumb\"},\"inLanguage\":\"es\",\"potentialAction\":[{\"@type\":\"ReadAction\",\"target\":[\"https:\/\/eu.motorad.com\/es\/products\/tapones\/tapas-de-filtro-de-aceite\/\"]}]},{\"@type\":\"ImageObject\",\"inLanguage\":\"es\",\"@id\":\"https:\/\/eu.motorad.com\/es\/products\/tapones\/tapas-de-filtro-de-aceite\/#primaryimage\",\"url\":\"https:\/\/eu.motorad.com\/wp-content\/uploads\/2025\/04\/MO300-1.webp\",\"contentUrl\":\"https:\/\/eu.motorad.com\/wp-content\/uploads\/2025\/04\/MO300-1.webp\"},{\"@type\":\"BreadcrumbList\",\"@id\":\"https:\/\/eu.motorad.com\/es\/products\/tapones\/tapas-de-filtro-de-aceite\/#breadcrumb\",\"itemListElement\":[{\"@type\":\"ListItem\",\"position\":1,\"name\":\"Home\",\"item\":\"https:\/\/motoradnew.test\/es\/pagina-de-inicio\/\"},{\"@type\":\"ListItem\",\"position\":2,\"name\":\"Products\",\"item\":\"https:\/\/motoradnew.test\/es\/products\/\"},{\"@type\":\"ListItem\",\"position\":3,\"name\":\"Tapones\",\"item\":\"https:\/\/motoradnew.test\/es\/products\/tapones\/\"},{\"@type\":\"ListItem\",\"position\":4,\"name\":\"Tapas de filtro de aceite\"}]},{\"@type\":\"WebSite\",\"@id\":\"https:\/\/eu.motorad.com\/es\/#website\",\"url\":\"https:\/\/eu.motorad.com\/es\/\",\"name\":\"MotoRad\",\"description\":\"Trusted to Deliver Better - Thermal Management, Emissions, Powertrain Controls\",\"potentialAction\":[{\"@type\":\"SearchAction\",\"target\":{\"@type\":\"EntryPoint\",\"urlTemplate\":\"https:\/\/eu.motorad.com\/es\/?s={search_term_string}\"},\"query-input\":{\"@type\":\"PropertyValueSpecification\",\"valueRequired\":true,\"valueName\":\"search_term_string\"}}],\"inLanguage\":\"es\"}]}<\/script>\n<!-- \/ Yoast SEO Premium plugin. -->","yoast_head_json":{"title":"Tapas de filtro de aceite - MotoRad","description":"Explore el extenso cat\u00e1logo de tapas de filtro de aceite de Motorad, cada una convenientemente organizada por n\u00famero de pieza e intercambio incluido. Encuentre el ajuste perfecto para las necesidades de mantenimiento de su veh\u00edculo con Motorad.","robots":{"index":"index","follow":"follow","max-snippet":"max-snippet:-1","max-image-preview":"max-image-preview:large","max-video-preview":"max-video-preview:-1"},"canonical":"https:\/\/eu.motorad.com\/es\/products\/tapones\/tapas-de-filtro-de-aceite\/","og_locale":"es_ES","og_type":"article","og_title":"Tapas de filtro de aceite","og_description":"Explore el extenso cat\u00e1logo de tapas de filtro de aceite de Motorad, cada una convenientemente organizada por n\u00famero de pieza e intercambio incluido. Encuentre el ajuste perfecto para las necesidades de mantenimiento de su veh\u00edculo con Motorad.","og_url":"https:\/\/eu.motorad.com\/es\/products\/tapones\/tapas-de-filtro-de-aceite\/","og_site_name":"MotoRad","article_modified_time":"2025-06-13T12:48:48+00:00","og_image":[{"width":240,"height":248,"url":"https:\/\/eu.motorad.com\/wp-content\/uploads\/2025\/04\/MO300-1.webp","type":"image\/webp"}],"twitter_card":"summary_large_image","twitter_misc":{"Est. reading time":"1 minuto"},"schema":{"@context":"https:\/\/schema.org","@graph":[{"@type":"WebPage","@id":"https:\/\/eu.motorad.com\/es\/products\/tapones\/tapas-de-filtro-de-aceite\/","url":"https:\/\/eu.motorad.com\/es\/products\/tapones\/tapas-de-filtro-de-aceite\/","name":"Tapas de filtro de aceite - MotoRad","isPartOf":{"@id":"https:\/\/eu.motorad.com\/es\/#website"},"primaryImageOfPage":{"@id":"https:\/\/eu.motorad.com\/es\/products\/tapones\/tapas-de-filtro-de-aceite\/#primaryimage"},"image":{"@id":"https:\/\/eu.motorad.com\/es\/products\/tapones\/tapas-de-filtro-de-aceite\/#primaryimage"},"thumbnailUrl":"https:\/\/eu.motorad.com\/wp-content\/uploads\/2025\/04\/MO300-1.webp","datePublished":"2025-04-03T18:45:50+00:00","dateModified":"2025-06-13T12:48:48+00:00","description":"Explore el extenso cat\u00e1logo de tapas de filtro de aceite de Motorad, cada una convenientemente organizada por n\u00famero de pieza e intercambio incluido. Encuentre el ajuste perfecto para las necesidades de mantenimiento de su veh\u00edculo con Motorad.","breadcrumb":{"@id":"https:\/\/eu.motorad.com\/es\/products\/tapones\/tapas-de-filtro-de-aceite\/#breadcrumb"},"inLanguage":"es","potentialAction":[{"@type":"ReadAction","target":["https:\/\/eu.motorad.com\/es\/products\/tapones\/tapas-de-filtro-de-aceite\/"]}]},{"@type":"ImageObject","inLanguage":"es","@id":"https:\/\/eu.motorad.com\/es\/products\/tapones\/tapas-de-filtro-de-aceite\/#primaryimage","url":"https:\/\/eu.motorad.com\/wp-content\/uploads\/2025\/04\/MO300-1.webp","contentUrl":"https:\/\/eu.motorad.com\/wp-content\/uploads\/2025\/04\/MO300-1.webp"},{"@type":"BreadcrumbList","@id":"https:\/\/eu.motorad.com\/es\/products\/tapones\/tapas-de-filtro-de-aceite\/#breadcrumb","itemListElement":[{"@type":"ListItem","position":1,"name":"Home","item":"https:\/\/motoradnew.test\/es\/pagina-de-inicio\/"},{"@type":"ListItem","position":2,"name":"Products","item":"https:\/\/motoradnew.test\/es\/products\/"},{"@type":"ListItem","position":3,"name":"Tapones","item":"https:\/\/motoradnew.test\/es\/products\/tapones\/"},{"@type":"ListItem","position":4,"name":"Tapas de filtro de aceite"}]},{"@type":"WebSite","@id":"https:\/\/eu.motorad.com\/es\/#website","url":"https:\/\/eu.motorad.com\/es\/","name":"MotoRad","description":"Trusted to Deliver Better - Thermal Management, Emissions, Powertrain Controls","potentialAction":[{"@type":"SearchAction","target":{"@type":"EntryPoint","urlTemplate":"https:\/\/eu.motorad.com\/es\/?s={search_term_string}"},"query-input":{"@type":"PropertyValueSpecification","valueRequired":true,"valueName":"search_term_string"}}],"inLanguage":"es"}]}},"_links":{"self":[{"href":"https:\/\/eu.motorad.com\/es\/wp-json\/wp\/v2\/pages\/5741","targetHints":{"allow":["GET"]}}],"collection":[{"href":"https:\/\/eu.motorad.com\/es\/wp-json\/wp\/v2\/pages"}],"about":[{"href":"https:\/\/eu.motorad.com\/es\/wp-json\/wp\/v2\/types\/page"}],"author":[{"embeddable":true,"href":"https:\/\/eu.motorad.com\/es\/wp-json\/wp\/v2\/users\/1"}],"replies":[{"embeddable":true,"href":"https:\/\/eu.motorad.com\/es\/wp-json\/wp\/v2\/comments?post=5741"}],"version-history":[{"count":1,"href":"https:\/\/eu.motorad.com\/es\/wp-json\/wp\/v2\/pages\/5741\/revisions"}],"predecessor-version":[{"id":5743,"href":"https:\/\/eu.motorad.com\/es\/wp-json\/wp\/v2\/pages\/5741\/revisions\/5743"}],"up":[{"embeddable":true,"href":"https:\/\/eu.motorad.com\/es\/wp-json\/wp\/v2\/pages\/5891"}],"wp:attachment":[{"href":"https:\/\/eu.motorad.com\/es\/wp-json\/wp\/v2\/media?parent=5741"}],"curies":[{"name":"wp","href":"https:\/\/api.w.org\/{rel}","templated":true}]}}