{"id":5786,"date":"2025-04-03T18:42:47","date_gmt":"2025-04-03T18:42:47","guid":{"rendered":"https:\/\/eu.motorad.com\/tapones-de-aceite\/"},"modified":"2025-06-13T12:48:48","modified_gmt":"2025-06-13T12:48:48","slug":"tapones-de-aceite","status":"publish","type":"page","link":"https:\/\/eu.motorad.com\/es\/products\/tapones\/tapones-de-aceite\/","title":{"rendered":"Tapones de aceite"},"content":{"rendered":"\n<h1 class=\"wp-block-heading\" id=\"h-oil-caps\" style=\"margin-top:var(--wp--preset--spacing--60);margin-bottom:var(--wp--preset--spacing--60)\">TAPONES DE ACEITE<\/h1>\n\n<p>Los tapones de aceite se utilizan principalmente para sellar el dep\u00f3sito de aceite. A menudo incluyen filtros para la ventilaci\u00f3n del c\u00e1rter, que deben reemplazarse varias veces durante la vida \u00fatil del veh\u00edculo. <\/p>\n\n<div class=\"wp-block-columns is-layout-flex wp-container-core-columns-is-layout-2d5df727 wp-block-columns-is-layout-flex\" style=\"margin-top:var(--wp--preset--spacing--60);margin-bottom:var(--wp--preset--spacing--60)\">\n<div class=\"wp-block-column is-layout-flow wp-block-column-is-layout-flow\">\n<figure class=\"wp-block-image size-full\"><img loading=\"lazy\" decoding=\"async\" width=\"500\" height=\"500\" src=\"https:\/\/eu.motorad.com\/wp-content\/uploads\/2025\/04\/MO109_Angle.jpg\" alt=\"\" class=\"wp-image-4414\" srcset=\"https:\/\/eu.motorad.com\/wp-content\/uploads\/2025\/04\/MO109_Angle.jpg 500w, https:\/\/eu.motorad.com\/wp-content\/uploads\/2025\/04\/MO109_Angle-300x300.jpg 300w, https:\/\/eu.motorad.com\/wp-content\/uploads\/2025\/04\/MO109_Angle-150x150.jpg 150w\" sizes=\"auto, (max-width: 500px) 100vw, 500px\" \/><\/figure>\n<\/div>\n\n\n\n<div class=\"wp-block-column is-layout-flow wp-block-column-is-layout-flow\">\n<figure class=\"wp-block-image size-full\"><img loading=\"lazy\" decoding=\"async\" width=\"500\" height=\"500\" src=\"https:\/\/eu.motorad.com\/wp-content\/uploads\/2025\/04\/MO111_Angle.jpg\" alt=\"\" class=\"wp-image-4421\" srcset=\"https:\/\/eu.motorad.com\/wp-content\/uploads\/2025\/04\/MO111_Angle.jpg 500w, https:\/\/eu.motorad.com\/wp-content\/uploads\/2025\/04\/MO111_Angle-300x300.jpg 300w, https:\/\/eu.motorad.com\/wp-content\/uploads\/2025\/04\/MO111_Angle-150x150.jpg 150w\" sizes=\"auto, (max-width: 500px) 100vw, 500px\" \/><\/figure>\n<\/div>\n\n\n\n<div class=\"wp-block-column is-layout-flow wp-block-column-is-layout-flow\">\n<figure class=\"wp-block-image size-full\"><img loading=\"lazy\" decoding=\"async\" width=\"500\" height=\"500\" src=\"https:\/\/eu.motorad.com\/wp-content\/uploads\/2025\/04\/6032-02_Angle.jpg\" alt=\"\" class=\"wp-image-4407\" srcset=\"https:\/\/eu.motorad.com\/wp-content\/uploads\/2025\/04\/6032-02_Angle.jpg 500w, https:\/\/eu.motorad.com\/wp-content\/uploads\/2025\/04\/6032-02_Angle-300x300.jpg 300w, https:\/\/eu.motorad.com\/wp-content\/uploads\/2025\/04\/6032-02_Angle-150x150.jpg 150w\" sizes=\"auto, (max-width: 500px) 100vw, 500px\" \/><\/figure>\n<\/div>\n\n\n\n<div class=\"wp-block-column is-layout-flow wp-block-column-is-layout-flow\">\n<figure class=\"wp-block-image size-full\"><img loading=\"lazy\" decoding=\"async\" width=\"500\" height=\"500\" src=\"https:\/\/eu.motorad.com\/wp-content\/uploads\/2025\/04\/MO116_Angle.jpg\" alt=\"\" class=\"wp-image-4428\" srcset=\"https:\/\/eu.motorad.com\/wp-content\/uploads\/2025\/04\/MO116_Angle.jpg 500w, https:\/\/eu.motorad.com\/wp-content\/uploads\/2025\/04\/MO116_Angle-300x300.jpg 300w, https:\/\/eu.motorad.com\/wp-content\/uploads\/2025\/04\/MO116_Angle-150x150.jpg 150w\" sizes=\"auto, (max-width: 500px) 100vw, 500px\" \/><\/figure>\n<\/div>\n\n\n\n<div class=\"wp-block-column is-layout-flow wp-block-column-is-layout-flow\">\n<figure class=\"wp-block-image size-full\"><img loading=\"lazy\" decoding=\"async\" width=\"500\" height=\"500\" src=\"https:\/\/eu.motorad.com\/wp-content\/uploads\/2025\/04\/MO120_Angle-1.jpg\" alt=\"\" class=\"wp-image-4435\" srcset=\"https:\/\/eu.motorad.com\/wp-content\/uploads\/2025\/04\/MO120_Angle-1.jpg 500w, https:\/\/eu.motorad.com\/wp-content\/uploads\/2025\/04\/MO120_Angle-1-300x300.jpg 300w, https:\/\/eu.motorad.com\/wp-content\/uploads\/2025\/04\/MO120_Angle-1-150x150.jpg 150w\" sizes=\"auto, (max-width: 500px) 100vw, 500px\" \/><\/figure>\n<\/div>\n<\/div>\n\n<p style=\"margin-bottom:var(--wp--preset--spacing--20)\">MotoRad dispone de diferentes tipos de tapones de aceite para todo tipo de autom\u00f3viles y camiones, incluyendo tapones con filtros integrados y sin ellos.<\/p>\n\n<p style=\"margin-bottom:var(--wp--preset--spacing--20)\">En MotoRad, nos enorgullecemos de ofrecer tapones de aceite de primera calidad dise\u00f1ados para elevar el rendimiento y la fiabilidad de su motor. Nuestro extenso cat\u00e1logo cuenta con una amplia gama de tapones de aceite meticulosamente elaborados para cumplir con los m\u00e1s altos est\u00e1ndares de calidad y compatibilidad. <\/p>\n\n<p style=\"margin-bottom:var(--wp--preset--spacing--20)\"><strong>\u00bfPor qu\u00e9 elegir los tapones de aceite de MotoRad?<\/strong><\/p>\n\n<p style=\"margin-bottom:var(--wp--preset--spacing--20)\"><strong>1. Experiencia del fabricante:<\/strong> MotoRad es un fabricante l\u00edder reconocido por su compromiso con la excelencia. Con d\u00e9cadas de experiencia en ingenier\u00eda automotriz, garantizamos que cada tap\u00f3n de aceite cumpla con estrictos est\u00e1ndares de calidad y puntos de referencia de rendimiento. <\/p>\n\n<p style=\"margin-bottom:var(--wp--preset--spacing--20)\"><strong>2. Cat\u00e1logo extenso:<\/strong> Explore nuestro cat\u00e1logo completo que presenta una selecci\u00f3n diversa de tapones de aceite dise\u00f1ados para varias marcas y modelos. Ya sea que conduzca un sed\u00e1n compacto o un cami\u00f3n de servicio pesado, MotoRad tiene la soluci\u00f3n perfecta para las necesidades de su veh\u00edculo. <\/p>\n\n<p style=\"margin-bottom:var(--wp--preset--spacing--20)\"><strong>3. Intercambiabilidad:<\/strong> Nuestros tapones de aceite est\u00e1n dise\u00f1ados para intercambiarse sin problemas con componentes OEM, garantizando un proceso de instalaci\u00f3n sin complicaciones. Con un ajuste y compatibilidad precisos, puede confiar en MotoRad para ofrecer un rendimiento y fiabilidad \u00f3ptimos. <\/p>\n\n<p style=\"margin-bottom:var(--wp--preset--spacing--20)\"><strong>4. Selecci\u00f3n de n\u00fameros de pieza:<\/strong> Identifique f\u00e1cilmente el tap\u00f3n de aceite adecuado para su veh\u00edculo con nuestro sistema preciso de numeraci\u00f3n de piezas. Con MotoRad, encontrar la combinaci\u00f3n perfecta para su motor nunca ha sido m\u00e1s f\u00e1cil. <\/p>\n\n<p style=\"margin-bottom:var(--wp--preset--spacing--20)\"><strong>5. Amplia cobertura:<\/strong> Desde veh\u00edculos nacionales hasta extranjeros, MotoRad proporciona una amplia cobertura para satisfacer las diversas necesidades de conductores en todo el mundo. Ya sea que est\u00e9 dando servicio a un autom\u00f3vil cl\u00e1sico o a un h\u00edbrido moderno, puede confiar en MotoRad para obtener una calidad y compatibilidad excepcionales. <\/p>\n\n<p style=\"margin-bottom:var(--wp--preset--spacing--20)\"><strong>6. Red de proveedores confiables:<\/strong> Asociarse con MotoRad significa obtener acceso a una red confiable de proveedores comprometidos con la entrega de productos genuinos de calidad OEM. Tenga la seguridad de que cada tap\u00f3n de aceite que lleva el nombre de MotoRad est\u00e1 respaldado por nuestra dedicaci\u00f3n inquebrantable a la excelencia. <\/p>\n\n<p style=\"margin-bottom:var(--wp--preset--spacing--60)\"><strong>7. Garant\u00eda de calidad OEM:<\/strong> Los tapones de aceite de MotoRad est\u00e1n dise\u00f1ados seg\u00fan las especificaciones OEM, garantizando que cumplen con los est\u00e1ndares m\u00e1s exigentes.<\/p>\n\n<hr class=\"wp-block-separator has-text-color has-palette-brand-3-color has-alpha-channel-opacity has-palette-brand-3-background-color has-background is-style-wide\" style=\"margin-bottom:var(--wp--preset--spacing--60)\"\/>\n\n<div class=\"wp-block-buttons is-layout-flex wp-block-buttons-is-layout-flex\" style=\"margin-bottom:var(--wp--preset--spacing--70)\">\n<div class=\"wp-block-button\"><a class=\"wp-block-button__link wp-element-button\" href=\"https:\/\/eu.motorad.com\/es\/products\/\">Encuentre el tap\u00f3n de aceite para su aplicaci\u00f3n<\/a><\/div>\n<\/div>\n\n<div class=\"wp-block-cover alignfull is-light\" style=\"padding-top:var(--wp--preset--spacing--60);padding-bottom:var(--wp--preset--spacing--60)\"><span aria-hidden=\"true\" class=\"wp-block-cover__background has-background-dim-0 has-background-dim\" style=\"background-color:#ece5d9\"><\/span><img loading=\"lazy\" decoding=\"async\" width=\"1505\" height=\"305\" class=\"wp-block-cover__image-background wp-image-223\" alt=\"\" src=\"https:\/\/eu.motorad.com\/wp-content\/uploads\/2025\/03\/FooterCTA.jpg\" data-object-fit=\"cover\" srcset=\"https:\/\/eu.motorad.com\/wp-content\/uploads\/2025\/03\/FooterCTA.jpg 1505w, https:\/\/eu.motorad.com\/wp-content\/uploads\/2025\/03\/FooterCTA-300x61.jpg 300w, https:\/\/eu.motorad.com\/wp-content\/uploads\/2025\/03\/FooterCTA-1024x208.jpg 1024w, https:\/\/eu.motorad.com\/wp-content\/uploads\/2025\/03\/FooterCTA-768x156.jpg 768w\" sizes=\"auto, (max-width: 1505px) 100vw, 1505px\" \/><div class=\"wp-block-cover__inner-container is-layout-flow wp-block-cover-is-layout-flow\">\n<div class=\"wp-block-columns are-vertically-aligned-center is-layout-flex wp-container-core-columns-is-layout-cbe57604 wp-block-columns-is-layout-flex\">\n<div class=\"wp-block-column is-vertically-aligned-center is-layout-flow wp-block-column-is-layout-flow\" style=\"flex-basis:45%\">\n<h2 class=\"wp-block-heading has-text-align-center has-palette-text-color has-text-color\" id=\"h-need-help-finding-the-right-product\" style=\"margin-bottom:var(--wp--preset--spacing--40)\">\u00bfNecesitas ayuda para encontrar el producto adecuado?<\/h2>\n\n\n\n<p class=\"has-text-align-center has-palette-text-color has-text-color\" style=\"margin-bottom:var(--wp--preset--spacing--50)\">Nuestro equipo especializado est\u00e1 aqu\u00ed para orientarte en la direcci\u00f3n correcta. Haz clic a continuaci\u00f3n y dinos c\u00f3mo podemos ayudarte a encontrar el producto ideal para tu necesidad. Tu viaje para experimentar MEJOR empieza aqu\u00ed.  <\/p>\n\n\n\n<div class=\"wp-block-buttons is-content-justification-center is-layout-flex wp-container-core-buttons-is-layout-a89b3969 wp-block-buttons-is-layout-flex\">\n<div class=\"wp-block-button\"><a class=\"wp-block-button__link has-text-align-center wp-element-button\" href=\"https:\/\/eu.motorad.com\/contact\/need-help-finding-something\/\">Habla con un especialista de MotoRad<\/a><\/div>\n<\/div>\n<\/div>\n\n\n\n<div class=\"wp-block-column is-layout-flow wp-block-column-is-layout-flow\" style=\"flex-basis:10%\"><\/div>\n\n\n\n<div class=\"wp-block-column is-layout-flow wp-block-column-is-layout-flow\" style=\"flex-basis:45%\">\n<h2 class=\"wp-block-heading has-text-align-center has-palette-text-color has-text-color\" id=\"h-looking-for-custom-development\" style=\"margin-bottom:var(--wp--preset--spacing--40)\">\u00bfBuscas un desarrollo a medida?<\/h2>\n\n\n\n<p class=\"has-text-align-center has-palette-text-color has-text-color\" style=\"margin-bottom:var(--wp--preset--spacing--50)\">No nos limitamos a los productos, sino que creamos soluciones a medida que se adaptan a tus necesidades. \u00bfEst\u00e1s preparado para dar vida a tu nuevo proyecto? Haz clic a continuaci\u00f3n y embarqu\u00e9monos juntos en el viaje del desarrollo de productos personalizados.  <\/p>\n\n\n\n<div class=\"wp-block-buttons is-content-justification-center is-layout-flex wp-container-core-buttons-is-layout-a89b3969 wp-block-buttons-is-layout-flex\">\n<div class=\"wp-block-button is-style-fill\"><a class=\"wp-block-button__link has-palette-bg-color has-palette-text-background-color has-text-color has-background has-text-align-center wp-element-button\" href=\"https:\/\/eu.motorad.com\/contact\/do-you-need-custom-development\/\">Queremos ser tu proveedor<\/a><\/div>\n<\/div>\n<\/div>\n<\/div>\n<\/div><\/div>\n","protected":false},"excerpt":{"rendered":"<p>TAPONES DE ACEITE Los tapones de aceite se utilizan principalmente para sellar el dep\u00f3sito de aceite. A menudo incluyen filtros [&#8230;]<\/p>\n","protected":false},"author":1,"featured_media":0,"parent":5891,"menu_order":0,"comment_status":"closed","ping_status":"closed","template":"","meta":{"_acf_changed":false,"footnotes":""},"class_list":["post-5786","page","type-page","status-publish","hentry"],"acf":[],"yoast_head":"<!-- This site is optimized with the Yoast SEO Premium plugin v27.2 (Yoast SEO v27.2) - https:\/\/yoast.com\/product\/yoast-seo-premium-wordpress\/ -->\n<title>Tapones de aceite - MotoRad<\/title>\n<meta name=\"description\" content=\"Descubra el extenso cat\u00e1logo de MotoRad de tapones de aceite de alta calidad dise\u00f1ados para un rendimiento y compatibilidad superiores. Explore la intercambiabilidad, n\u00fameros de pieza, cobertura y calidad OEM, todo respaldado por nuestra confiable red de proveedores.\" \/>\n<meta name=\"robots\" content=\"index, follow, max-snippet:-1, max-image-preview:large, max-video-preview:-1\" \/>\n<link rel=\"canonical\" href=\"https:\/\/eu.motorad.com\/es\/products\/tapones\/tapones-de-aceite\/\" \/>\n<meta property=\"og:locale\" content=\"es_ES\" \/>\n<meta property=\"og:type\" content=\"article\" \/>\n<meta property=\"og:title\" content=\"Tapones de aceite\" \/>\n<meta property=\"og:description\" content=\"Descubra el extenso cat\u00e1logo de MotoRad de tapones de aceite de alta calidad dise\u00f1ados para un rendimiento y compatibilidad superiores. Explore la intercambiabilidad, n\u00fameros de pieza, cobertura y calidad OEM, todo respaldado por nuestra confiable red de proveedores.\" \/>\n<meta property=\"og:url\" content=\"https:\/\/eu.motorad.com\/es\/products\/tapones\/tapones-de-aceite\/\" \/>\n<meta property=\"og:site_name\" content=\"MotoRad\" \/>\n<meta property=\"article:modified_time\" content=\"2025-06-13T12:48:48+00:00\" \/>\n<meta property=\"og:image\" content=\"https:\/\/eu.motorad.com\/wp-content\/uploads\/2025\/04\/MO109_Angle.jpg\" \/>\n\t<meta property=\"og:image:width\" content=\"500\" \/>\n\t<meta property=\"og:image:height\" content=\"500\" \/>\n\t<meta property=\"og:image:type\" content=\"image\/jpeg\" \/>\n<meta name=\"twitter:card\" content=\"summary_large_image\" \/>\n<meta name=\"twitter:label1\" content=\"Est. reading time\" \/>\n\t<meta name=\"twitter:data1\" content=\"2 minutos\" \/>\n<script type=\"application\/ld+json\" class=\"yoast-schema-graph\">{\"@context\":\"https:\/\/schema.org\",\"@graph\":[{\"@type\":\"WebPage\",\"@id\":\"https:\/\/eu.motorad.com\/es\/products\/tapones\/tapones-de-aceite\/\",\"url\":\"https:\/\/eu.motorad.com\/es\/products\/tapones\/tapones-de-aceite\/\",\"name\":\"Tapones de aceite - MotoRad\",\"isPartOf\":{\"@id\":\"https:\/\/eu.motorad.com\/es\/#website\"},\"primaryImageOfPage\":{\"@id\":\"https:\/\/eu.motorad.com\/es\/products\/tapones\/tapones-de-aceite\/#primaryimage\"},\"image\":{\"@id\":\"https:\/\/eu.motorad.com\/es\/products\/tapones\/tapones-de-aceite\/#primaryimage\"},\"thumbnailUrl\":\"https:\/\/eu.motorad.com\/wp-content\/uploads\/2025\/04\/MO109_Angle.jpg\",\"datePublished\":\"2025-04-03T18:42:47+00:00\",\"dateModified\":\"2025-06-13T12:48:48+00:00\",\"description\":\"Descubra el extenso cat\u00e1logo de MotoRad de tapones de aceite de alta calidad dise\u00f1ados para un rendimiento y compatibilidad superiores. Explore la intercambiabilidad, n\u00fameros de pieza, cobertura y calidad OEM, todo respaldado por nuestra confiable red de proveedores.\",\"breadcrumb\":{\"@id\":\"https:\/\/eu.motorad.com\/es\/products\/tapones\/tapones-de-aceite\/#breadcrumb\"},\"inLanguage\":\"es\",\"potentialAction\":[{\"@type\":\"ReadAction\",\"target\":[\"https:\/\/eu.motorad.com\/es\/products\/tapones\/tapones-de-aceite\/\"]}]},{\"@type\":\"ImageObject\",\"inLanguage\":\"es\",\"@id\":\"https:\/\/eu.motorad.com\/es\/products\/tapones\/tapones-de-aceite\/#primaryimage\",\"url\":\"https:\/\/eu.motorad.com\/wp-content\/uploads\/2025\/04\/MO109_Angle.jpg\",\"contentUrl\":\"https:\/\/eu.motorad.com\/wp-content\/uploads\/2025\/04\/MO109_Angle.jpg\"},{\"@type\":\"BreadcrumbList\",\"@id\":\"https:\/\/eu.motorad.com\/es\/products\/tapones\/tapones-de-aceite\/#breadcrumb\",\"itemListElement\":[{\"@type\":\"ListItem\",\"position\":1,\"name\":\"Home\",\"item\":\"https:\/\/motoradnew.test\/es\/pagina-de-inicio\/\"},{\"@type\":\"ListItem\",\"position\":2,\"name\":\"Products\",\"item\":\"https:\/\/motoradnew.test\/es\/products\/\"},{\"@type\":\"ListItem\",\"position\":3,\"name\":\"Tapones\",\"item\":\"https:\/\/motoradnew.test\/es\/products\/tapones\/\"},{\"@type\":\"ListItem\",\"position\":4,\"name\":\"Tapones de aceite\"}]},{\"@type\":\"WebSite\",\"@id\":\"https:\/\/eu.motorad.com\/es\/#website\",\"url\":\"https:\/\/eu.motorad.com\/es\/\",\"name\":\"MotoRad\",\"description\":\"Trusted to Deliver Better - Thermal Management, Emissions, Powertrain Controls\",\"potentialAction\":[{\"@type\":\"SearchAction\",\"target\":{\"@type\":\"EntryPoint\",\"urlTemplate\":\"https:\/\/eu.motorad.com\/es\/?s={search_term_string}\"},\"query-input\":{\"@type\":\"PropertyValueSpecification\",\"valueRequired\":true,\"valueName\":\"search_term_string\"}}],\"inLanguage\":\"es\"}]}<\/script>\n<!-- \/ Yoast SEO Premium plugin. -->","yoast_head_json":{"title":"Tapones de aceite - MotoRad","description":"Descubra el extenso cat\u00e1logo de MotoRad de tapones de aceite de alta calidad dise\u00f1ados para un rendimiento y compatibilidad superiores. Explore la intercambiabilidad, n\u00fameros de pieza, cobertura y calidad OEM, todo respaldado por nuestra confiable red de proveedores.","robots":{"index":"index","follow":"follow","max-snippet":"max-snippet:-1","max-image-preview":"max-image-preview:large","max-video-preview":"max-video-preview:-1"},"canonical":"https:\/\/eu.motorad.com\/es\/products\/tapones\/tapones-de-aceite\/","og_locale":"es_ES","og_type":"article","og_title":"Tapones de aceite","og_description":"Descubra el extenso cat\u00e1logo de MotoRad de tapones de aceite de alta calidad dise\u00f1ados para un rendimiento y compatibilidad superiores. Explore la intercambiabilidad, n\u00fameros de pieza, cobertura y calidad OEM, todo respaldado por nuestra confiable red de proveedores.","og_url":"https:\/\/eu.motorad.com\/es\/products\/tapones\/tapones-de-aceite\/","og_site_name":"MotoRad","article_modified_time":"2025-06-13T12:48:48+00:00","og_image":[{"width":500,"height":500,"url":"https:\/\/eu.motorad.com\/wp-content\/uploads\/2025\/04\/MO109_Angle.jpg","type":"image\/jpeg"}],"twitter_card":"summary_large_image","twitter_misc":{"Est. reading time":"2 minutos"},"schema":{"@context":"https:\/\/schema.org","@graph":[{"@type":"WebPage","@id":"https:\/\/eu.motorad.com\/es\/products\/tapones\/tapones-de-aceite\/","url":"https:\/\/eu.motorad.com\/es\/products\/tapones\/tapones-de-aceite\/","name":"Tapones de aceite - MotoRad","isPartOf":{"@id":"https:\/\/eu.motorad.com\/es\/#website"},"primaryImageOfPage":{"@id":"https:\/\/eu.motorad.com\/es\/products\/tapones\/tapones-de-aceite\/#primaryimage"},"image":{"@id":"https:\/\/eu.motorad.com\/es\/products\/tapones\/tapones-de-aceite\/#primaryimage"},"thumbnailUrl":"https:\/\/eu.motorad.com\/wp-content\/uploads\/2025\/04\/MO109_Angle.jpg","datePublished":"2025-04-03T18:42:47+00:00","dateModified":"2025-06-13T12:48:48+00:00","description":"Descubra el extenso cat\u00e1logo de MotoRad de tapones de aceite de alta calidad dise\u00f1ados para un rendimiento y compatibilidad superiores. Explore la intercambiabilidad, n\u00fameros de pieza, cobertura y calidad OEM, todo respaldado por nuestra confiable red de proveedores.","breadcrumb":{"@id":"https:\/\/eu.motorad.com\/es\/products\/tapones\/tapones-de-aceite\/#breadcrumb"},"inLanguage":"es","potentialAction":[{"@type":"ReadAction","target":["https:\/\/eu.motorad.com\/es\/products\/tapones\/tapones-de-aceite\/"]}]},{"@type":"ImageObject","inLanguage":"es","@id":"https:\/\/eu.motorad.com\/es\/products\/tapones\/tapones-de-aceite\/#primaryimage","url":"https:\/\/eu.motorad.com\/wp-content\/uploads\/2025\/04\/MO109_Angle.jpg","contentUrl":"https:\/\/eu.motorad.com\/wp-content\/uploads\/2025\/04\/MO109_Angle.jpg"},{"@type":"BreadcrumbList","@id":"https:\/\/eu.motorad.com\/es\/products\/tapones\/tapones-de-aceite\/#breadcrumb","itemListElement":[{"@type":"ListItem","position":1,"name":"Home","item":"https:\/\/motoradnew.test\/es\/pagina-de-inicio\/"},{"@type":"ListItem","position":2,"name":"Products","item":"https:\/\/motoradnew.test\/es\/products\/"},{"@type":"ListItem","position":3,"name":"Tapones","item":"https:\/\/motoradnew.test\/es\/products\/tapones\/"},{"@type":"ListItem","position":4,"name":"Tapones de aceite"}]},{"@type":"WebSite","@id":"https:\/\/eu.motorad.com\/es\/#website","url":"https:\/\/eu.motorad.com\/es\/","name":"MotoRad","description":"Trusted to Deliver Better - Thermal Management, Emissions, Powertrain Controls","potentialAction":[{"@type":"SearchAction","target":{"@type":"EntryPoint","urlTemplate":"https:\/\/eu.motorad.com\/es\/?s={search_term_string}"},"query-input":{"@type":"PropertyValueSpecification","valueRequired":true,"valueName":"search_term_string"}}],"inLanguage":"es"}]}},"_links":{"self":[{"href":"https:\/\/eu.motorad.com\/es\/wp-json\/wp\/v2\/pages\/5786","targetHints":{"allow":["GET"]}}],"collection":[{"href":"https:\/\/eu.motorad.com\/es\/wp-json\/wp\/v2\/pages"}],"about":[{"href":"https:\/\/eu.motorad.com\/es\/wp-json\/wp\/v2\/types\/page"}],"author":[{"embeddable":true,"href":"https:\/\/eu.motorad.com\/es\/wp-json\/wp\/v2\/users\/1"}],"replies":[{"embeddable":true,"href":"https:\/\/eu.motorad.com\/es\/wp-json\/wp\/v2\/comments?post=5786"}],"version-history":[{"count":1,"href":"https:\/\/eu.motorad.com\/es\/wp-json\/wp\/v2\/pages\/5786\/revisions"}],"predecessor-version":[{"id":5787,"href":"https:\/\/eu.motorad.com\/es\/wp-json\/wp\/v2\/pages\/5786\/revisions\/5787"}],"up":[{"embeddable":true,"href":"https:\/\/eu.motorad.com\/es\/wp-json\/wp\/v2\/pages\/5891"}],"wp:attachment":[{"href":"https:\/\/eu.motorad.com\/es\/wp-json\/wp\/v2\/media?parent=5786"}],"curies":[{"name":"wp","href":"https:\/\/api.w.org\/{rel}","templated":true}]}}