{"id":5831,"date":"2025-04-03T18:39:39","date_gmt":"2025-04-03T18:39:39","guid":{"rendered":"https:\/\/eu.motorad.com\/tapones-de-combustible\/"},"modified":"2025-06-13T12:48:48","modified_gmt":"2025-06-13T12:48:48","slug":"tapones-de-combustible","status":"publish","type":"page","link":"https:\/\/eu.motorad.com\/es\/products\/tapones\/tapones-de-combustible\/","title":{"rendered":"Tapones de combustible"},"content":{"rendered":"\n<h1 class=\"wp-block-heading\" id=\"h-fuel-caps\" style=\"margin-top:var(--wp--preset--spacing--60);margin-right:0;margin-bottom:var(--wp--preset--spacing--60);margin-left:0\">TAPONES DE COMBUSTIBLE<\/h1>\n\n<p style=\"margin-bottom:var(--wp--preset--spacing--30)\">Los tapones de combustible son peque\u00f1os pero cruciales y son parte integral del sistema de diagn\u00f3stico a bordo y del sistema de control de emisiones.<\/p>\n\n<p>Previenen la fuga de vapor de combustible desde el cuello de llenado, que es una fuente importante de emisiones de hidrocarburos, y desempe\u00f1an un papel de seguridad fundamental al impedir el flujo de combustible desde el cuello de llenado del tanque cuando un veh\u00edculo sufre un accidente, incluyendo vuelcos.<\/p>\n\n<div class=\"wp-block-columns is-layout-flex wp-container-core-columns-is-layout-2d5df727 wp-block-columns-is-layout-flex\" style=\"margin-top:var(--wp--preset--spacing--60);margin-bottom:var(--wp--preset--spacing--60)\">\n<div class=\"wp-block-column is-layout-flow wp-block-column-is-layout-flow\">\n<figure class=\"wp-block-image size-full\"><img loading=\"lazy\" decoding=\"async\" width=\"500\" height=\"500\" src=\"https:\/\/eu.motorad.com\/wp-content\/uploads\/2025\/04\/MGC502_Angle.jpg\" alt=\"\" class=\"wp-image-4373\" srcset=\"https:\/\/eu.motorad.com\/wp-content\/uploads\/2025\/04\/MGC502_Angle.jpg 500w, https:\/\/eu.motorad.com\/wp-content\/uploads\/2025\/04\/MGC502_Angle-300x300.jpg 300w, https:\/\/eu.motorad.com\/wp-content\/uploads\/2025\/04\/MGC502_Angle-150x150.jpg 150w\" sizes=\"auto, (max-width: 500px) 100vw, 500px\" \/><\/figure>\n<\/div>\n\n\n\n<div class=\"wp-block-column is-layout-flow wp-block-column-is-layout-flow\">\n<figure class=\"wp-block-image size-full\"><img loading=\"lazy\" decoding=\"async\" width=\"500\" height=\"500\" src=\"https:\/\/eu.motorad.com\/wp-content\/uploads\/2025\/04\/MGC619_Angle-1.jpg\" alt=\"\" class=\"wp-image-4380\" srcset=\"https:\/\/eu.motorad.com\/wp-content\/uploads\/2025\/04\/MGC619_Angle-1.jpg 500w, https:\/\/eu.motorad.com\/wp-content\/uploads\/2025\/04\/MGC619_Angle-1-300x300.jpg 300w, https:\/\/eu.motorad.com\/wp-content\/uploads\/2025\/04\/MGC619_Angle-1-150x150.jpg 150w\" sizes=\"auto, (max-width: 500px) 100vw, 500px\" \/><\/figure>\n<\/div>\n\n\n\n<div class=\"wp-block-column is-layout-flow wp-block-column-is-layout-flow\">\n<figure class=\"wp-block-image size-full\"><img loading=\"lazy\" decoding=\"async\" width=\"500\" height=\"500\" src=\"https:\/\/eu.motorad.com\/wp-content\/uploads\/2025\/04\/2501-11_Angle.jpg\" alt=\"\" class=\"wp-image-4366\" srcset=\"https:\/\/eu.motorad.com\/wp-content\/uploads\/2025\/04\/2501-11_Angle.jpg 500w, https:\/\/eu.motorad.com\/wp-content\/uploads\/2025\/04\/2501-11_Angle-300x300.jpg 300w, https:\/\/eu.motorad.com\/wp-content\/uploads\/2025\/04\/2501-11_Angle-150x150.jpg 150w\" sizes=\"auto, (max-width: 500px) 100vw, 500px\" \/><\/figure>\n<\/div>\n\n\n\n<div class=\"wp-block-column is-layout-flow wp-block-column-is-layout-flow\">\n<figure class=\"wp-block-image size-full\"><img loading=\"lazy\" decoding=\"async\" width=\"500\" height=\"500\" src=\"https:\/\/eu.motorad.com\/wp-content\/uploads\/2025\/04\/MGC704_Angle.jpg\" alt=\"\" class=\"wp-image-4387\" srcset=\"https:\/\/eu.motorad.com\/wp-content\/uploads\/2025\/04\/MGC704_Angle.jpg 500w, https:\/\/eu.motorad.com\/wp-content\/uploads\/2025\/04\/MGC704_Angle-300x300.jpg 300w, https:\/\/eu.motorad.com\/wp-content\/uploads\/2025\/04\/MGC704_Angle-150x150.jpg 150w\" sizes=\"auto, (max-width: 500px) 100vw, 500px\" \/><\/figure>\n<\/div>\n\n\n\n<div class=\"wp-block-column is-layout-flow wp-block-column-is-layout-flow\">\n<figure class=\"wp-block-image size-full\"><img loading=\"lazy\" decoding=\"async\" width=\"500\" height=\"500\" src=\"https:\/\/eu.motorad.com\/wp-content\/uploads\/2025\/04\/MGC815_Angle.jpg\" alt=\"\" class=\"wp-image-4394\" srcset=\"https:\/\/eu.motorad.com\/wp-content\/uploads\/2025\/04\/MGC815_Angle.jpg 500w, https:\/\/eu.motorad.com\/wp-content\/uploads\/2025\/04\/MGC815_Angle-300x300.jpg 300w, https:\/\/eu.motorad.com\/wp-content\/uploads\/2025\/04\/MGC815_Angle-150x150.jpg 150w\" sizes=\"auto, (max-width: 500px) 100vw, 500px\" \/><\/figure>\n<\/div>\n<\/div>\n\n<p style=\"margin-bottom:var(--wp--preset--spacing--20)\">Los estudios demuestran que un tap\u00f3n de combustible defectuoso o faltante puede permitir que hasta 114 litros (30 galones) de combustible se evaporen a la atm\u00f3sfera cada a\u00f1o. Por todas estas razones, utilizar un tap\u00f3n de combustible de alta calidad y probado es vital para la seguridad, la econom\u00eda de combustible y el medio ambiente. <\/p>\n\n<p style=\"margin-bottom:var(--wp--preset--spacing--20)\">Los tapones de combustible MotoRad est\u00e1n dise\u00f1ados y fabricados para prevenir dicha p\u00e9rdida de combustible. Todos los tapones de combustible de MotoRad cumplen con todos los requisitos federales (MVSS301) y de I\/M 240. <\/p>\n\n<p style=\"margin-bottom:var(--wp--preset--spacing--20)\"><strong>Tapones de combustible est\u00e1ndar<\/strong><\/p>\n\n<p style=\"margin-bottom:var(--wp--preset--spacing--20)\">Los tapones de combustible est\u00e1ndar de MotoRad cumplen con todos los requisitos de emisiones estatales y federales. Los tapones est\u00e1n dise\u00f1ados espec\u00edficamente con v\u00e1lvulas de alivio de presi\u00f3n y vac\u00edo para prevenir la evaporaci\u00f3n del combustible. <\/p>\n\n<p style=\"margin-bottom:var(--wp--preset--spacing--20)\"><strong>Tapones de combustible con cierre<\/strong><\/p>\n\n<p style=\"margin-bottom:var(--wp--preset--spacing--20)\">Los tapones de combustible con cierre de MotoRad pueden funcionar como tapones con o sin cierre. Cuando la llave se gira a la izquierda y se retira, el tap\u00f3n se desbloquea y ya no gira libremente. El tap\u00f3n cumple con todas las especificaciones de emisiones tanto en la posici\u00f3n bloqueada como desbloqueada.  <\/p>\n\n<p style=\"margin-bottom:var(--wp--preset--spacing--20)\"><strong>Seguridad y facilidad de uso comprobadas<\/strong><\/p>\n\n<p style=\"margin-bottom:var(--wp--preset--spacing--20)\">MotoRad ofrece m\u00e1s de 60 tipos diferentes de tapones de combustible y m\u00e1s de 50 tipos de tapones de combustible con cierre, todos dise\u00f1ados y fabricados para minimizar la p\u00e9rdida de vapor de combustible mientras maximizan la seguridad y la facilidad de uso<\/p>\n\n<p style=\"margin-bottom:var(--wp--preset--spacing--20)\"><strong>Tapones de combustible sin cierre y con cierre<\/strong><\/p>\n\n<p style=\"margin-bottom:var(--wp--preset--spacing--60)\">Los tapones de combustible MotoRad est\u00e1n dise\u00f1ados y fabricados para prevenir la p\u00e9rdida de combustible, principalmente por evaporaci\u00f3n. Adem\u00e1s, los tapones sin cierre y con cierre de MotoRad est\u00e1n dise\u00f1ados para una f\u00e1cil apertura y cierre por parte de todos los conductores, incluyendo personas con manos m\u00e1s peque\u00f1as. Se recomiendan los tapones de combustible con cierre para prevenir el robo de combustible y el vandalismo.<br\/>Todos los tapones de combustible MotoRad incluyen ventilaci\u00f3n seg\u00fan los est\u00e1ndares de la industria, un sistema de trinquete integrado para un cierre positivo y eliminaci\u00f3n del exceso de torque del tap\u00f3n, y un mecanismo de bloqueo opcional. Todos los tapones de combustible MotoRad cumplen o superan los requisitos est\u00e1ndar de la industria automotriz. Cumplen con todos los est\u00e1ndares de control de emisiones, incluyendo la inspecci\u00f3n IM240 y AIR CARE, y han sido probados de forma independiente para la efectividad del control de emisiones. Las pruebas de integridad del tap\u00f3n que simulan una colisi\u00f3n a 90 km\/h (56 mph), prueba de inclinaci\u00f3n y prueba de ventilaci\u00f3n demuestran su capacidad para permanecer sellados despu\u00e9s de una colisi\u00f3n lateral.     <\/p>\n\n<div class=\"wp-block-buttons is-layout-flex wp-block-buttons-is-layout-flex\" style=\"margin-bottom:var(--wp--preset--spacing--70)\">\n<div class=\"wp-block-button\"><a class=\"wp-block-button__link wp-element-button\" href=\"https:\/\/eu.motorad.com\/es\/products\/\">Encuentre tapones de combustible para su aplicaci\u00f3n<\/a><\/div>\n<\/div>\n\n<div class=\"wp-block-cover alignfull is-light\" style=\"padding-top:var(--wp--preset--spacing--60);padding-bottom:var(--wp--preset--spacing--60)\"><span aria-hidden=\"true\" class=\"wp-block-cover__background has-background-dim-0 has-background-dim\" style=\"background-color:#ece5d9\"><\/span><img loading=\"lazy\" decoding=\"async\" width=\"1505\" height=\"305\" class=\"wp-block-cover__image-background wp-image-223\" alt=\"\" src=\"https:\/\/eu.motorad.com\/wp-content\/uploads\/2025\/03\/FooterCTA.jpg\" data-object-fit=\"cover\" srcset=\"https:\/\/eu.motorad.com\/wp-content\/uploads\/2025\/03\/FooterCTA.jpg 1505w, https:\/\/eu.motorad.com\/wp-content\/uploads\/2025\/03\/FooterCTA-300x61.jpg 300w, https:\/\/eu.motorad.com\/wp-content\/uploads\/2025\/03\/FooterCTA-1024x208.jpg 1024w, https:\/\/eu.motorad.com\/wp-content\/uploads\/2025\/03\/FooterCTA-768x156.jpg 768w\" sizes=\"auto, (max-width: 1505px) 100vw, 1505px\" \/><div class=\"wp-block-cover__inner-container is-layout-flow wp-block-cover-is-layout-flow\">\n<div class=\"wp-block-columns are-vertically-aligned-center is-layout-flex wp-container-core-columns-is-layout-cbe57604 wp-block-columns-is-layout-flex\">\n<div class=\"wp-block-column is-vertically-aligned-center is-layout-flow wp-block-column-is-layout-flow\" style=\"flex-basis:45%\">\n<h2 class=\"wp-block-heading has-text-align-center has-palette-text-color has-text-color\" id=\"h-need-help-finding-the-right-product\" style=\"margin-bottom:var(--wp--preset--spacing--40)\">\u00bfNecesitas ayuda para encontrar el producto adecuado?<\/h2>\n\n\n\n<p class=\"has-text-align-center has-palette-text-color has-text-color\" style=\"margin-bottom:var(--wp--preset--spacing--50)\">Nuestro equipo especializado est\u00e1 aqu\u00ed para orientarte en la direcci\u00f3n correcta. Haz clic a continuaci\u00f3n y dinos c\u00f3mo podemos ayudarte a encontrar el producto ideal para tu necesidad. Tu viaje para experimentar MEJOR empieza aqu\u00ed.  <\/p>\n\n\n\n<div class=\"wp-block-buttons is-content-justification-center is-layout-flex wp-container-core-buttons-is-layout-a89b3969 wp-block-buttons-is-layout-flex\">\n<div class=\"wp-block-button\"><a class=\"wp-block-button__link has-text-align-center wp-element-button\" href=\"https:\/\/eu.motorad.com\/contact\/need-help-finding-something\/\">Habla con un especialista de MotoRad<\/a><\/div>\n<\/div>\n<\/div>\n\n\n\n<div class=\"wp-block-column is-layout-flow wp-block-column-is-layout-flow\" style=\"flex-basis:10%\"><\/div>\n\n\n\n<div class=\"wp-block-column is-layout-flow wp-block-column-is-layout-flow\" style=\"flex-basis:45%\">\n<h2 class=\"wp-block-heading has-text-align-center has-palette-text-color has-text-color\" id=\"h-looking-for-custom-development\" style=\"margin-bottom:var(--wp--preset--spacing--40)\">\u00bfBuscas un desarrollo a medida?<\/h2>\n\n\n\n<p class=\"has-text-align-center has-palette-text-color has-text-color\" style=\"margin-bottom:var(--wp--preset--spacing--50)\">No nos limitamos a los productos, sino que creamos soluciones a medida que se adaptan a tus necesidades. \u00bfEst\u00e1s preparado para dar vida a tu nuevo proyecto? Haz clic a continuaci\u00f3n y embarqu\u00e9monos juntos en el viaje del desarrollo de productos personalizados.  <\/p>\n\n\n\n<div class=\"wp-block-buttons is-content-justification-center is-layout-flex wp-container-core-buttons-is-layout-a89b3969 wp-block-buttons-is-layout-flex\">\n<div class=\"wp-block-button is-style-fill\"><a class=\"wp-block-button__link has-palette-bg-color has-palette-text-background-color has-text-color has-background has-text-align-center wp-element-button\" href=\"https:\/\/eu.motorad.com\/contact\/do-you-need-custom-development\/\">Queremos ser tu proveedor<\/a><\/div>\n<\/div>\n<\/div>\n<\/div>\n<\/div><\/div>\n","protected":false},"excerpt":{"rendered":"<p>TAPONES DE COMBUSTIBLE Los tapones de combustible son peque\u00f1os pero cruciales y son parte integral del sistema de diagn\u00f3stico a [&#8230;]<\/p>\n","protected":false},"author":1,"featured_media":0,"parent":5891,"menu_order":0,"comment_status":"closed","ping_status":"closed","template":"","meta":{"_acf_changed":false,"footnotes":""},"class_list":["post-5831","page","type-page","status-publish","hentry"],"acf":[],"yoast_head":"<!-- This site is optimized with the Yoast SEO Premium plugin v27.2 (Yoast SEO v27.2) - https:\/\/yoast.com\/product\/yoast-seo-premium-wordpress\/ -->\n<title>Tapones de combustible - MotoRad<\/title>\n<meta name=\"description\" content=\"Explore el cat\u00e1logo de tapones de combustible Motorad. Encuentre el reemplazo ideal con nuestro buscador de piezas.\" \/>\n<meta name=\"robots\" content=\"index, follow, max-snippet:-1, max-image-preview:large, max-video-preview:-1\" \/>\n<link rel=\"canonical\" href=\"https:\/\/eu.motorad.com\/es\/products\/tapones\/tapones-de-combustible\/\" \/>\n<meta property=\"og:locale\" content=\"es_ES\" \/>\n<meta property=\"og:type\" content=\"article\" \/>\n<meta property=\"og:title\" content=\"Tapones de combustible\" \/>\n<meta property=\"og:description\" content=\"Explore el cat\u00e1logo de tapones de combustible Motorad. Encuentre el reemplazo ideal con nuestro buscador de piezas.\" \/>\n<meta property=\"og:url\" content=\"https:\/\/eu.motorad.com\/es\/products\/tapones\/tapones-de-combustible\/\" \/>\n<meta property=\"og:site_name\" content=\"MotoRad\" \/>\n<meta property=\"article:modified_time\" content=\"2025-06-13T12:48:48+00:00\" \/>\n<meta property=\"og:image\" content=\"https:\/\/eu.motorad.com\/wp-content\/uploads\/2025\/04\/MGC502_Angle.jpg\" \/>\n\t<meta property=\"og:image:width\" content=\"500\" \/>\n\t<meta property=\"og:image:height\" content=\"500\" \/>\n\t<meta property=\"og:image:type\" content=\"image\/jpeg\" \/>\n<meta name=\"twitter:card\" content=\"summary_large_image\" \/>\n<meta name=\"twitter:label1\" content=\"Est. reading time\" \/>\n\t<meta name=\"twitter:data1\" content=\"3 minutos\" \/>\n<script type=\"application\/ld+json\" class=\"yoast-schema-graph\">{\"@context\":\"https:\/\/schema.org\",\"@graph\":[{\"@type\":\"WebPage\",\"@id\":\"https:\/\/eu.motorad.com\/es\/products\/tapones\/tapones-de-combustible\/\",\"url\":\"https:\/\/eu.motorad.com\/es\/products\/tapones\/tapones-de-combustible\/\",\"name\":\"Tapones de combustible - MotoRad\",\"isPartOf\":{\"@id\":\"https:\/\/eu.motorad.com\/es\/#website\"},\"primaryImageOfPage\":{\"@id\":\"https:\/\/eu.motorad.com\/es\/products\/tapones\/tapones-de-combustible\/#primaryimage\"},\"image\":{\"@id\":\"https:\/\/eu.motorad.com\/es\/products\/tapones\/tapones-de-combustible\/#primaryimage\"},\"thumbnailUrl\":\"https:\/\/eu.motorad.com\/wp-content\/uploads\/2025\/04\/MGC502_Angle.jpg\",\"datePublished\":\"2025-04-03T18:39:39+00:00\",\"dateModified\":\"2025-06-13T12:48:48+00:00\",\"description\":\"Explore el cat\u00e1logo de tapones de combustible Motorad. Encuentre el reemplazo ideal con nuestro buscador de piezas.\",\"breadcrumb\":{\"@id\":\"https:\/\/eu.motorad.com\/es\/products\/tapones\/tapones-de-combustible\/#breadcrumb\"},\"inLanguage\":\"es\",\"potentialAction\":[{\"@type\":\"ReadAction\",\"target\":[\"https:\/\/eu.motorad.com\/es\/products\/tapones\/tapones-de-combustible\/\"]}]},{\"@type\":\"ImageObject\",\"inLanguage\":\"es\",\"@id\":\"https:\/\/eu.motorad.com\/es\/products\/tapones\/tapones-de-combustible\/#primaryimage\",\"url\":\"https:\/\/eu.motorad.com\/wp-content\/uploads\/2025\/04\/MGC502_Angle.jpg\",\"contentUrl\":\"https:\/\/eu.motorad.com\/wp-content\/uploads\/2025\/04\/MGC502_Angle.jpg\"},{\"@type\":\"BreadcrumbList\",\"@id\":\"https:\/\/eu.motorad.com\/es\/products\/tapones\/tapones-de-combustible\/#breadcrumb\",\"itemListElement\":[{\"@type\":\"ListItem\",\"position\":1,\"name\":\"Home\",\"item\":\"https:\/\/motoradnew.test\/es\/pagina-de-inicio\/\"},{\"@type\":\"ListItem\",\"position\":2,\"name\":\"Products\",\"item\":\"https:\/\/motoradnew.test\/es\/products\/\"},{\"@type\":\"ListItem\",\"position\":3,\"name\":\"Tapones\",\"item\":\"https:\/\/motoradnew.test\/es\/products\/tapones\/\"},{\"@type\":\"ListItem\",\"position\":4,\"name\":\"Tapones de combustible\"}]},{\"@type\":\"WebSite\",\"@id\":\"https:\/\/eu.motorad.com\/es\/#website\",\"url\":\"https:\/\/eu.motorad.com\/es\/\",\"name\":\"MotoRad\",\"description\":\"Trusted to Deliver Better - Thermal Management, Emissions, Powertrain Controls\",\"potentialAction\":[{\"@type\":\"SearchAction\",\"target\":{\"@type\":\"EntryPoint\",\"urlTemplate\":\"https:\/\/eu.motorad.com\/es\/?s={search_term_string}\"},\"query-input\":{\"@type\":\"PropertyValueSpecification\",\"valueRequired\":true,\"valueName\":\"search_term_string\"}}],\"inLanguage\":\"es\"}]}<\/script>\n<!-- \/ Yoast SEO Premium plugin. -->","yoast_head_json":{"title":"Tapones de combustible - MotoRad","description":"Explore el cat\u00e1logo de tapones de combustible Motorad. Encuentre el reemplazo ideal con nuestro buscador de piezas.","robots":{"index":"index","follow":"follow","max-snippet":"max-snippet:-1","max-image-preview":"max-image-preview:large","max-video-preview":"max-video-preview:-1"},"canonical":"https:\/\/eu.motorad.com\/es\/products\/tapones\/tapones-de-combustible\/","og_locale":"es_ES","og_type":"article","og_title":"Tapones de combustible","og_description":"Explore el cat\u00e1logo de tapones de combustible Motorad. Encuentre el reemplazo ideal con nuestro buscador de piezas.","og_url":"https:\/\/eu.motorad.com\/es\/products\/tapones\/tapones-de-combustible\/","og_site_name":"MotoRad","article_modified_time":"2025-06-13T12:48:48+00:00","og_image":[{"width":500,"height":500,"url":"https:\/\/eu.motorad.com\/wp-content\/uploads\/2025\/04\/MGC502_Angle.jpg","type":"image\/jpeg"}],"twitter_card":"summary_large_image","twitter_misc":{"Est. reading time":"3 minutos"},"schema":{"@context":"https:\/\/schema.org","@graph":[{"@type":"WebPage","@id":"https:\/\/eu.motorad.com\/es\/products\/tapones\/tapones-de-combustible\/","url":"https:\/\/eu.motorad.com\/es\/products\/tapones\/tapones-de-combustible\/","name":"Tapones de combustible - MotoRad","isPartOf":{"@id":"https:\/\/eu.motorad.com\/es\/#website"},"primaryImageOfPage":{"@id":"https:\/\/eu.motorad.com\/es\/products\/tapones\/tapones-de-combustible\/#primaryimage"},"image":{"@id":"https:\/\/eu.motorad.com\/es\/products\/tapones\/tapones-de-combustible\/#primaryimage"},"thumbnailUrl":"https:\/\/eu.motorad.com\/wp-content\/uploads\/2025\/04\/MGC502_Angle.jpg","datePublished":"2025-04-03T18:39:39+00:00","dateModified":"2025-06-13T12:48:48+00:00","description":"Explore el cat\u00e1logo de tapones de combustible Motorad. Encuentre el reemplazo ideal con nuestro buscador de piezas.","breadcrumb":{"@id":"https:\/\/eu.motorad.com\/es\/products\/tapones\/tapones-de-combustible\/#breadcrumb"},"inLanguage":"es","potentialAction":[{"@type":"ReadAction","target":["https:\/\/eu.motorad.com\/es\/products\/tapones\/tapones-de-combustible\/"]}]},{"@type":"ImageObject","inLanguage":"es","@id":"https:\/\/eu.motorad.com\/es\/products\/tapones\/tapones-de-combustible\/#primaryimage","url":"https:\/\/eu.motorad.com\/wp-content\/uploads\/2025\/04\/MGC502_Angle.jpg","contentUrl":"https:\/\/eu.motorad.com\/wp-content\/uploads\/2025\/04\/MGC502_Angle.jpg"},{"@type":"BreadcrumbList","@id":"https:\/\/eu.motorad.com\/es\/products\/tapones\/tapones-de-combustible\/#breadcrumb","itemListElement":[{"@type":"ListItem","position":1,"name":"Home","item":"https:\/\/motoradnew.test\/es\/pagina-de-inicio\/"},{"@type":"ListItem","position":2,"name":"Products","item":"https:\/\/motoradnew.test\/es\/products\/"},{"@type":"ListItem","position":3,"name":"Tapones","item":"https:\/\/motoradnew.test\/es\/products\/tapones\/"},{"@type":"ListItem","position":4,"name":"Tapones de combustible"}]},{"@type":"WebSite","@id":"https:\/\/eu.motorad.com\/es\/#website","url":"https:\/\/eu.motorad.com\/es\/","name":"MotoRad","description":"Trusted to Deliver Better - Thermal Management, Emissions, Powertrain Controls","potentialAction":[{"@type":"SearchAction","target":{"@type":"EntryPoint","urlTemplate":"https:\/\/eu.motorad.com\/es\/?s={search_term_string}"},"query-input":{"@type":"PropertyValueSpecification","valueRequired":true,"valueName":"search_term_string"}}],"inLanguage":"es"}]}},"_links":{"self":[{"href":"https:\/\/eu.motorad.com\/es\/wp-json\/wp\/v2\/pages\/5831","targetHints":{"allow":["GET"]}}],"collection":[{"href":"https:\/\/eu.motorad.com\/es\/wp-json\/wp\/v2\/pages"}],"about":[{"href":"https:\/\/eu.motorad.com\/es\/wp-json\/wp\/v2\/types\/page"}],"author":[{"embeddable":true,"href":"https:\/\/eu.motorad.com\/es\/wp-json\/wp\/v2\/users\/1"}],"replies":[{"embeddable":true,"href":"https:\/\/eu.motorad.com\/es\/wp-json\/wp\/v2\/comments?post=5831"}],"version-history":[{"count":1,"href":"https:\/\/eu.motorad.com\/es\/wp-json\/wp\/v2\/pages\/5831\/revisions"}],"predecessor-version":[{"id":5832,"href":"https:\/\/eu.motorad.com\/es\/wp-json\/wp\/v2\/pages\/5831\/revisions\/5832"}],"up":[{"embeddable":true,"href":"https:\/\/eu.motorad.com\/es\/wp-json\/wp\/v2\/pages\/5891"}],"wp:attachment":[{"href":"https:\/\/eu.motorad.com\/es\/wp-json\/wp\/v2\/media?parent=5831"}],"curies":[{"name":"wp","href":"https:\/\/api.w.org\/{rel}","templated":true}]}}