{"id":5870,"date":"2025-04-03T18:54:33","date_gmt":"2025-04-03T18:54:33","guid":{"rendered":"https:\/\/eu.motorad.com\/products\/sistema-evap\/valvulas-de-ventilacion-del-canister-de-vapor\/"},"modified":"2025-06-13T12:48:27","modified_gmt":"2025-06-13T12:48:27","slug":"valvulas-de-ventilacion-del-canister-de-vapor","status":"publish","type":"page","link":"https:\/\/eu.motorad.com\/es\/products\/sistema-evap\/valvulas-de-ventilacion-del-canister-de-vapor\/","title":{"rendered":"V\u00e1lvulas de ventilaci\u00f3n del c\u00e1nister de vapor"},"content":{"rendered":"<h1 style=\"margin-top:var(--wp--preset--spacing--60);margin-bottom:var(--wp--preset--spacing--60);\" class=\"wp-block-post-title\">V\u00e1lvulas de ventilaci\u00f3n del c\u00e1nister de vapor<\/h1>\n<div class=\"wp-block-columns is-layout-flex wp-container-core-columns-is-layout-d07913d3 wp-block-columns-is-layout-flex\" style=\"margin-bottom:var(--wp--preset--spacing--60)\">\n<div class=\"wp-block-column is-layout-flow wp-block-column-is-layout-flow\" style=\"flex-basis:33.33%\">\n<figure class=\"wp-block-image size-full\"><img loading=\"lazy\" decoding=\"async\" width=\"2560\" height=\"2560\" src=\"https:\/\/eu.motorad.com\/wp-content\/uploads\/2025\/04\/EVP0096_Angle-scaled-1.jpg\" alt=\"\" class=\"wp-image-4511\" srcset=\"https:\/\/eu.motorad.com\/wp-content\/uploads\/2025\/04\/EVP0096_Angle-scaled-1.jpg 2560w, https:\/\/eu.motorad.com\/wp-content\/uploads\/2025\/04\/EVP0096_Angle-scaled-1-300x300.jpg 300w, https:\/\/eu.motorad.com\/wp-content\/uploads\/2025\/04\/EVP0096_Angle-scaled-1-1024x1024.jpg 1024w, https:\/\/eu.motorad.com\/wp-content\/uploads\/2025\/04\/EVP0096_Angle-scaled-1-150x150.jpg 150w, https:\/\/eu.motorad.com\/wp-content\/uploads\/2025\/04\/EVP0096_Angle-scaled-1-768x768.jpg 768w, https:\/\/eu.motorad.com\/wp-content\/uploads\/2025\/04\/EVP0096_Angle-scaled-1-1536x1536.jpg 1536w, https:\/\/eu.motorad.com\/wp-content\/uploads\/2025\/04\/EVP0096_Angle-scaled-1-2048x2048.jpg 2048w\" sizes=\"auto, (max-width: 2560px) 100vw, 2560px\" \/><\/figure>\n<\/div>\n\n\n\n<div class=\"wp-block-column is-layout-flow wp-block-column-is-layout-flow\" style=\"flex-basis:66.66%\">\n<p>La v\u00e1lvula de ventilaci\u00f3n del c\u00e1nister de vapor desempe\u00f1a un papel crucial en el sistema de control de emisiones de un autom\u00f3vil, contribuyendo a reducir los contaminantes nocivos que pueden escapar al medio ambiente. Esta v\u00e1lvula regula la liberaci\u00f3n de vapores de combustible desde el tanque de gasolina, dirigi\u00e9ndolos hacia el colector de admisi\u00f3n del motor, donde pueden ser quemados en lugar de ser liberados a la atm\u00f3sfera. Mediante la gesti\u00f3n de estos vapores, la v\u00e1lvula de ventilaci\u00f3n minimiza el impacto del veh\u00edculo en la calidad del aire, contribuyendo a emisiones m\u00e1s limpias y cumpliendo con los est\u00e1ndares medioambientales.  <\/p>\n\n\n\n<p>Una v\u00e1lvula de ventilaci\u00f3n de reemplazo de alta calidad es esencial para mantener un rendimiento \u00f3ptimo del veh\u00edculo y el cumplimiento de las normas medioambientales. Las v\u00e1lvulas de fabricaci\u00f3n deficiente pueden provocar fugas de vapor de combustible, lo que no solo perjudica al medio ambiente, sino que tambi\u00e9n reduce la eficiencia del combustible y potencialmente puede da\u00f1ar otros componentes del motor con el tiempo.  <\/p>\n\n\n\n<p>Las v\u00e1lvulas de ventilaci\u00f3n del c\u00e1nister de vapor de MotoRad son duraderas y est\u00e1n bien construidas para mejorar la fiabilidad del sistema, prevenir la p\u00e9rdida de vapor y garantizar que las emisiones se minimicen constantemente. La elecci\u00f3n de un reemplazo de calidad es una inversi\u00f3n en la salud del motor a largo plazo, la econom\u00eda de combustible y la responsabilidad medioambiental. <\/p>\n<\/div>\n<\/div>\n\n<ul style=\"margin-bottom:var(--wp--preset--spacing--20)\" class=\"wp-block-list\">\n<li>Proporciona cierre para el sistema EVAP (normalmente ventilado) durante el ciclo de prueba OBD II<\/li>\n<\/ul>\n\n<ul style=\"margin-bottom:var(--wp--preset--spacing--20)\" class=\"wp-block-list\">\n<li>Incluye un filtro integrado que captura contaminantes y part\u00edculas del aire entrante, evitando obstrucciones y garantizando un flujo de aire limpio<\/li>\n<\/ul>\n\n<ul style=\"margin-bottom:var(--wp--preset--spacing--20)\" class=\"wp-block-list\">\n<li>Respuesta r\u00e1pida de la v\u00e1lvula a las demandas del motor, asegurando una ventilaci\u00f3n eficiente de los vapores y optimizando el rendimiento general del motor<\/li>\n<\/ul>\n\n<h3 class=\"wp-block-heading has-palette-interactive-color has-text-color has-link-color wp-elements-a5db7573b6978110c1259afa3b28afc9\" id=\"h-available-january-2025\" style=\"margin-top:var(--wp--preset--spacing--60)\">Disponible en enero de 2025<\/h3>\n\n<hr class=\"wp-block-separator has-text-color has-palette-brand-3-color has-alpha-channel-opacity has-palette-brand-3-background-color has-background is-style-wide\" style=\"margin-top:var(--wp--preset--spacing--60);margin-bottom:var(--wp--preset--spacing--60)\"\/>\n\n<div class=\"wp-block-columns are-vertically-aligned-center is-layout-flex wp-container-core-columns-is-layout-06f677bf wp-block-columns-is-layout-flex\" style=\"margin-bottom:var(--wp--preset--spacing--70)\">\n<div class=\"wp-block-column is-vertically-aligned-center is-layout-flow wp-block-column-is-layout-flow\" style=\"flex-basis:33.33%\">\n<figure class=\"wp-block-image size-full\"><img loading=\"lazy\" decoding=\"async\" width=\"1200\" height=\"498\" src=\"https:\/\/eu.motorad.com\/wp-content\/uploads\/2025\/04\/24-evap-icon-1.jpg\" alt=\"\" class=\"wp-image-4518\" srcset=\"https:\/\/eu.motorad.com\/wp-content\/uploads\/2025\/04\/24-evap-icon-1.jpg 1200w, https:\/\/eu.motorad.com\/wp-content\/uploads\/2025\/04\/24-evap-icon-1-300x125.jpg 300w, https:\/\/eu.motorad.com\/wp-content\/uploads\/2025\/04\/24-evap-icon-1-1024x425.jpg 1024w, https:\/\/eu.motorad.com\/wp-content\/uploads\/2025\/04\/24-evap-icon-1-768x319.jpg 768w\" sizes=\"auto, (max-width: 1200px) 100vw, 1200px\" \/><\/figure>\n<\/div>\n\n\n\n<div class=\"wp-block-column is-vertically-aligned-center is-layout-flow wp-block-column-is-layout-flow\" style=\"flex-basis:66.66%\">\n<h2 class=\"wp-block-heading\" id=\"h-see-the-full-line-of-evap-system-products\"><a href=\"https:\/\/eu.motorad.com\/es\/products\/sistema-evap\/\">Vea la l\u00ednea completa de productos del sistema EVAP<\/a><\/h2>\n<\/div>\n<\/div>\n\n<div class=\"wp-block-cover alignfull is-light\" style=\"padding-top:var(--wp--preset--spacing--60);padding-bottom:var(--wp--preset--spacing--60)\"><span aria-hidden=\"true\" class=\"wp-block-cover__background has-background-dim-0 has-background-dim\" style=\"background-color:#ece5d9\"><\/span><img loading=\"lazy\" decoding=\"async\" width=\"1505\" height=\"305\" class=\"wp-block-cover__image-background wp-image-223\" alt=\"\" src=\"https:\/\/eu.motorad.com\/wp-content\/uploads\/2025\/03\/FooterCTA.jpg\" data-object-fit=\"cover\" srcset=\"https:\/\/eu.motorad.com\/wp-content\/uploads\/2025\/03\/FooterCTA.jpg 1505w, https:\/\/eu.motorad.com\/wp-content\/uploads\/2025\/03\/FooterCTA-300x61.jpg 300w, https:\/\/eu.motorad.com\/wp-content\/uploads\/2025\/03\/FooterCTA-1024x208.jpg 1024w, https:\/\/eu.motorad.com\/wp-content\/uploads\/2025\/03\/FooterCTA-768x156.jpg 768w\" sizes=\"auto, (max-width: 1505px) 100vw, 1505px\" \/><div class=\"wp-block-cover__inner-container is-layout-flow wp-block-cover-is-layout-flow\">\n<div class=\"wp-block-columns are-vertically-aligned-center is-layout-flex wp-container-core-columns-is-layout-cbe57604 wp-block-columns-is-layout-flex\">\n<div class=\"wp-block-column is-vertically-aligned-center is-layout-flow wp-block-column-is-layout-flow\" style=\"flex-basis:45%\">\n<h2 class=\"wp-block-heading has-text-align-center has-palette-text-color has-text-color\" id=\"h-need-help-finding-the-right-product\" style=\"margin-bottom:var(--wp--preset--spacing--40)\">\u00bfNecesitas ayuda para encontrar el producto adecuado?<\/h2>\n\n\n\n<p class=\"has-text-align-center has-palette-text-color has-text-color\" style=\"margin-bottom:var(--wp--preset--spacing--50)\">Nuestro equipo especializado est\u00e1 aqu\u00ed para orientarte en la direcci\u00f3n correcta. Haz clic a continuaci\u00f3n y dinos c\u00f3mo podemos ayudarte a encontrar el producto ideal para tu necesidad. Tu viaje para experimentar MEJOR empieza aqu\u00ed.  <\/p>\n\n\n\n<div class=\"wp-block-buttons is-content-justification-center is-layout-flex wp-container-core-buttons-is-layout-a89b3969 wp-block-buttons-is-layout-flex\">\n<div class=\"wp-block-button\"><a class=\"wp-block-button__link has-text-align-center wp-element-button\" href=\"https:\/\/eu.motorad.com\/contact\/need-help-finding-something\/\">Habla con un especialista de MotoRad<\/a><\/div>\n<\/div>\n<\/div>\n\n\n\n<div class=\"wp-block-column is-layout-flow wp-block-column-is-layout-flow\" style=\"flex-basis:10%\"><\/div>\n\n\n\n<div class=\"wp-block-column is-layout-flow wp-block-column-is-layout-flow\" style=\"flex-basis:45%\">\n<h2 class=\"wp-block-heading has-text-align-center has-palette-text-color has-text-color\" id=\"h-looking-for-custom-development\" style=\"margin-bottom:var(--wp--preset--spacing--40)\">\u00bfBuscas un desarrollo a medida?<\/h2>\n\n\n\n<p class=\"has-text-align-center has-palette-text-color has-text-color\" style=\"margin-bottom:var(--wp--preset--spacing--50)\">No nos limitamos a los productos, sino que creamos soluciones a medida que se adaptan a tus necesidades. \u00bfEst\u00e1s preparado para dar vida a tu nuevo proyecto? Haz clic a continuaci\u00f3n y embarqu\u00e9monos juntos en el viaje del desarrollo de productos personalizados.  <\/p>\n\n\n\n<div class=\"wp-block-buttons is-content-justification-center is-layout-flex wp-container-core-buttons-is-layout-a89b3969 wp-block-buttons-is-layout-flex\">\n<div class=\"wp-block-button is-style-fill\"><a class=\"wp-block-button__link has-palette-bg-color has-palette-text-background-color has-text-color has-background has-text-align-center wp-element-button\" href=\"https:\/\/eu.motorad.com\/contact\/do-you-need-custom-development\/\">Queremos ser tu proveedor<\/a><\/div>\n<\/div>\n<\/div>\n<\/div>\n<\/div><\/div>\n","protected":false},"excerpt":{"rendered":"<p>La v\u00e1lvula de ventilaci\u00f3n del c\u00e1nister de vapor desempe\u00f1a un papel crucial en el sistema de control de emisiones de [&#8230;]<\/p>\n","protected":false},"author":1,"featured_media":0,"parent":5823,"menu_order":0,"comment_status":"closed","ping_status":"closed","template":"","meta":{"_acf_changed":false,"footnotes":""},"class_list":["post-5870","page","type-page","status-publish","hentry"],"acf":[],"yoast_head":"<!-- This site is optimized with the Yoast SEO Premium plugin v27.2 (Yoast SEO v27.2) - https:\/\/yoast.com\/product\/yoast-seo-premium-wordpress\/ -->\n<title>V\u00e1lvulas de ventilaci\u00f3n del c\u00e1nister de vapor - MotoRad<\/title>\n<meta name=\"description\" content=\"MotoRad - V\u00e1lvulas de ventilaci\u00f3n del c\u00e1nister de vapor %\" \/>\n<meta name=\"robots\" content=\"index, follow, max-snippet:-1, max-image-preview:large, max-video-preview:-1\" \/>\n<link rel=\"canonical\" href=\"https:\/\/eu.motorad.com\/es\/products\/sistema-evap\/valvulas-de-ventilacion-del-canister-de-vapor\/\" \/>\n<meta property=\"og:locale\" content=\"es_ES\" \/>\n<meta property=\"og:type\" content=\"article\" \/>\n<meta property=\"og:title\" content=\"V\u00e1lvulas de ventilaci\u00f3n del c\u00e1nister de vapor\" \/>\n<meta property=\"og:description\" content=\"MotoRad - V\u00e1lvulas de ventilaci\u00f3n del c\u00e1nister de vapor %\" \/>\n<meta property=\"og:url\" content=\"https:\/\/eu.motorad.com\/es\/products\/sistema-evap\/valvulas-de-ventilacion-del-canister-de-vapor\/\" \/>\n<meta property=\"og:site_name\" content=\"MotoRad\" \/>\n<meta property=\"article:modified_time\" content=\"2025-06-13T12:48:27+00:00\" \/>\n<meta property=\"og:image\" content=\"https:\/\/eu.motorad.com\/wp-content\/uploads\/2025\/04\/EVP0096_Angle-scaled-1.jpg\" \/>\n\t<meta property=\"og:image:width\" content=\"2560\" \/>\n\t<meta property=\"og:image:height\" content=\"2560\" \/>\n\t<meta property=\"og:image:type\" content=\"image\/jpeg\" \/>\n<meta name=\"twitter:card\" content=\"summary_large_image\" \/>\n<meta name=\"twitter:label1\" content=\"Est. reading time\" \/>\n\t<meta name=\"twitter:data1\" content=\"2 minutos\" \/>\n<script type=\"application\/ld+json\" class=\"yoast-schema-graph\">{\"@context\":\"https:\/\/schema.org\",\"@graph\":[{\"@type\":\"WebPage\",\"@id\":\"https:\/\/eu.motorad.com\/es\/products\/sistema-evap\/valvulas-de-ventilacion-del-canister-de-vapor\/\",\"url\":\"https:\/\/eu.motorad.com\/es\/products\/sistema-evap\/valvulas-de-ventilacion-del-canister-de-vapor\/\",\"name\":\"V\u00e1lvulas de ventilaci\u00f3n del c\u00e1nister de vapor - MotoRad\",\"isPartOf\":{\"@id\":\"https:\/\/eu.motorad.com\/es\/#website\"},\"primaryImageOfPage\":{\"@id\":\"https:\/\/eu.motorad.com\/es\/products\/sistema-evap\/valvulas-de-ventilacion-del-canister-de-vapor\/#primaryimage\"},\"image\":{\"@id\":\"https:\/\/eu.motorad.com\/es\/products\/sistema-evap\/valvulas-de-ventilacion-del-canister-de-vapor\/#primaryimage\"},\"thumbnailUrl\":\"https:\/\/eu.motorad.com\/wp-content\/uploads\/2025\/04\/EVP0096_Angle-scaled-1.jpg\",\"datePublished\":\"2025-04-03T18:54:33+00:00\",\"dateModified\":\"2025-06-13T12:48:27+00:00\",\"description\":\"MotoRad - V\u00e1lvulas de ventilaci\u00f3n del c\u00e1nister de vapor %\",\"breadcrumb\":{\"@id\":\"https:\/\/eu.motorad.com\/es\/products\/sistema-evap\/valvulas-de-ventilacion-del-canister-de-vapor\/#breadcrumb\"},\"inLanguage\":\"es\",\"potentialAction\":[{\"@type\":\"ReadAction\",\"target\":[\"https:\/\/eu.motorad.com\/es\/products\/sistema-evap\/valvulas-de-ventilacion-del-canister-de-vapor\/\"]}]},{\"@type\":\"ImageObject\",\"inLanguage\":\"es\",\"@id\":\"https:\/\/eu.motorad.com\/es\/products\/sistema-evap\/valvulas-de-ventilacion-del-canister-de-vapor\/#primaryimage\",\"url\":\"https:\/\/eu.motorad.com\/wp-content\/uploads\/2025\/04\/EVP0096_Angle-scaled-1.jpg\",\"contentUrl\":\"https:\/\/eu.motorad.com\/wp-content\/uploads\/2025\/04\/EVP0096_Angle-scaled-1.jpg\"},{\"@type\":\"BreadcrumbList\",\"@id\":\"https:\/\/eu.motorad.com\/es\/products\/sistema-evap\/valvulas-de-ventilacion-del-canister-de-vapor\/#breadcrumb\",\"itemListElement\":[{\"@type\":\"ListItem\",\"position\":1,\"name\":\"Home\",\"item\":\"https:\/\/motoradnew.test\/es\/pagina-de-inicio\/\"},{\"@type\":\"ListItem\",\"position\":2,\"name\":\"Products\",\"item\":\"https:\/\/motoradnew.test\/es\/products\/\"},{\"@type\":\"ListItem\",\"position\":3,\"name\":\"Sistema EVAP\",\"item\":\"https:\/\/motoradnew.test\/es\/products\/sistema-evap\/\"},{\"@type\":\"ListItem\",\"position\":4,\"name\":\"V\u00e1lvulas de ventilaci\u00f3n del c\u00e1nister de vapor\"}]},{\"@type\":\"WebSite\",\"@id\":\"https:\/\/eu.motorad.com\/es\/#website\",\"url\":\"https:\/\/eu.motorad.com\/es\/\",\"name\":\"MotoRad\",\"description\":\"Trusted to Deliver Better - Thermal Management, Emissions, Powertrain Controls\",\"potentialAction\":[{\"@type\":\"SearchAction\",\"target\":{\"@type\":\"EntryPoint\",\"urlTemplate\":\"https:\/\/eu.motorad.com\/es\/?s={search_term_string}\"},\"query-input\":{\"@type\":\"PropertyValueSpecification\",\"valueRequired\":true,\"valueName\":\"search_term_string\"}}],\"inLanguage\":\"es\"}]}<\/script>\n<!-- \/ Yoast SEO Premium plugin. -->","yoast_head_json":{"title":"V\u00e1lvulas de ventilaci\u00f3n del c\u00e1nister de vapor - MotoRad","description":"MotoRad - V\u00e1lvulas de ventilaci\u00f3n del c\u00e1nister de vapor %","robots":{"index":"index","follow":"follow","max-snippet":"max-snippet:-1","max-image-preview":"max-image-preview:large","max-video-preview":"max-video-preview:-1"},"canonical":"https:\/\/eu.motorad.com\/es\/products\/sistema-evap\/valvulas-de-ventilacion-del-canister-de-vapor\/","og_locale":"es_ES","og_type":"article","og_title":"V\u00e1lvulas de ventilaci\u00f3n del c\u00e1nister de vapor","og_description":"MotoRad - V\u00e1lvulas de ventilaci\u00f3n del c\u00e1nister de vapor %","og_url":"https:\/\/eu.motorad.com\/es\/products\/sistema-evap\/valvulas-de-ventilacion-del-canister-de-vapor\/","og_site_name":"MotoRad","article_modified_time":"2025-06-13T12:48:27+00:00","og_image":[{"width":2560,"height":2560,"url":"https:\/\/eu.motorad.com\/wp-content\/uploads\/2025\/04\/EVP0096_Angle-scaled-1.jpg","type":"image\/jpeg"}],"twitter_card":"summary_large_image","twitter_misc":{"Est. reading time":"2 minutos"},"schema":{"@context":"https:\/\/schema.org","@graph":[{"@type":"WebPage","@id":"https:\/\/eu.motorad.com\/es\/products\/sistema-evap\/valvulas-de-ventilacion-del-canister-de-vapor\/","url":"https:\/\/eu.motorad.com\/es\/products\/sistema-evap\/valvulas-de-ventilacion-del-canister-de-vapor\/","name":"V\u00e1lvulas de ventilaci\u00f3n del c\u00e1nister de vapor - MotoRad","isPartOf":{"@id":"https:\/\/eu.motorad.com\/es\/#website"},"primaryImageOfPage":{"@id":"https:\/\/eu.motorad.com\/es\/products\/sistema-evap\/valvulas-de-ventilacion-del-canister-de-vapor\/#primaryimage"},"image":{"@id":"https:\/\/eu.motorad.com\/es\/products\/sistema-evap\/valvulas-de-ventilacion-del-canister-de-vapor\/#primaryimage"},"thumbnailUrl":"https:\/\/eu.motorad.com\/wp-content\/uploads\/2025\/04\/EVP0096_Angle-scaled-1.jpg","datePublished":"2025-04-03T18:54:33+00:00","dateModified":"2025-06-13T12:48:27+00:00","description":"MotoRad - V\u00e1lvulas de ventilaci\u00f3n del c\u00e1nister de vapor %","breadcrumb":{"@id":"https:\/\/eu.motorad.com\/es\/products\/sistema-evap\/valvulas-de-ventilacion-del-canister-de-vapor\/#breadcrumb"},"inLanguage":"es","potentialAction":[{"@type":"ReadAction","target":["https:\/\/eu.motorad.com\/es\/products\/sistema-evap\/valvulas-de-ventilacion-del-canister-de-vapor\/"]}]},{"@type":"ImageObject","inLanguage":"es","@id":"https:\/\/eu.motorad.com\/es\/products\/sistema-evap\/valvulas-de-ventilacion-del-canister-de-vapor\/#primaryimage","url":"https:\/\/eu.motorad.com\/wp-content\/uploads\/2025\/04\/EVP0096_Angle-scaled-1.jpg","contentUrl":"https:\/\/eu.motorad.com\/wp-content\/uploads\/2025\/04\/EVP0096_Angle-scaled-1.jpg"},{"@type":"BreadcrumbList","@id":"https:\/\/eu.motorad.com\/es\/products\/sistema-evap\/valvulas-de-ventilacion-del-canister-de-vapor\/#breadcrumb","itemListElement":[{"@type":"ListItem","position":1,"name":"Home","item":"https:\/\/motoradnew.test\/es\/pagina-de-inicio\/"},{"@type":"ListItem","position":2,"name":"Products","item":"https:\/\/motoradnew.test\/es\/products\/"},{"@type":"ListItem","position":3,"name":"Sistema EVAP","item":"https:\/\/motoradnew.test\/es\/products\/sistema-evap\/"},{"@type":"ListItem","position":4,"name":"V\u00e1lvulas de ventilaci\u00f3n del c\u00e1nister de vapor"}]},{"@type":"WebSite","@id":"https:\/\/eu.motorad.com\/es\/#website","url":"https:\/\/eu.motorad.com\/es\/","name":"MotoRad","description":"Trusted to Deliver Better - Thermal Management, Emissions, Powertrain Controls","potentialAction":[{"@type":"SearchAction","target":{"@type":"EntryPoint","urlTemplate":"https:\/\/eu.motorad.com\/es\/?s={search_term_string}"},"query-input":{"@type":"PropertyValueSpecification","valueRequired":true,"valueName":"search_term_string"}}],"inLanguage":"es"}]}},"_links":{"self":[{"href":"https:\/\/eu.motorad.com\/es\/wp-json\/wp\/v2\/pages\/5870","targetHints":{"allow":["GET"]}}],"collection":[{"href":"https:\/\/eu.motorad.com\/es\/wp-json\/wp\/v2\/pages"}],"about":[{"href":"https:\/\/eu.motorad.com\/es\/wp-json\/wp\/v2\/types\/page"}],"author":[{"embeddable":true,"href":"https:\/\/eu.motorad.com\/es\/wp-json\/wp\/v2\/users\/1"}],"replies":[{"embeddable":true,"href":"https:\/\/eu.motorad.com\/es\/wp-json\/wp\/v2\/comments?post=5870"}],"version-history":[{"count":1,"href":"https:\/\/eu.motorad.com\/es\/wp-json\/wp\/v2\/pages\/5870\/revisions"}],"predecessor-version":[{"id":5871,"href":"https:\/\/eu.motorad.com\/es\/wp-json\/wp\/v2\/pages\/5870\/revisions\/5871"}],"up":[{"embeddable":true,"href":"https:\/\/eu.motorad.com\/es\/wp-json\/wp\/v2\/pages\/5823"}],"wp:attachment":[{"href":"https:\/\/eu.motorad.com\/es\/wp-json\/wp\/v2\/media?parent=5870"}],"curies":[{"name":"wp","href":"https:\/\/api.w.org\/{rel}","templated":true}]}}