{"id":5876,"date":"2025-04-03T18:51:06","date_gmt":"2025-04-03T18:51:06","guid":{"rendered":"https:\/\/eu.motorad.com\/comprobador-del-sistema-de-refrigeracion\/"},"modified":"2025-06-13T12:48:48","modified_gmt":"2025-06-13T12:48:48","slug":"comprobador-del-sistema-de-refrigeracion","status":"publish","type":"page","link":"https:\/\/eu.motorad.com\/es\/products\/tapones\/comprobador-del-sistema-de-refrigeracion\/","title":{"rendered":"COMPROBADOR DEL SISTEMA DE REFRIGERACI\u00d3N"},"content":{"rendered":"\n<h1 class=\"wp-block-heading\" id=\"h-coolant-system-tester\" style=\"margin-top:var(--wp--preset--spacing--60);margin-bottom:var(--wp--preset--spacing--60)\">COMPROBADOR DEL SISTEMA DE REFRIGERACI\u00d3N<\/h1>\n\n<p>El comprobador de presi\u00f3n del sistema de refrigeraci\u00f3n MotoRad MT-300 es la elecci\u00f3n preferida de los profesionales para evaluar los sistemas de refrigeraci\u00f3n de veh\u00edculos y los tapones de refrigerante. Este dispositivo garantiza que el sistema de refrigeraci\u00f3n automotriz opere a la presi\u00f3n correcta para un rendimiento \u00f3ptimo. <\/p>\n\n<figure class=\"wp-block-embed is-type-video is-provider-youtube wp-block-embed-youtube wp-embed-aspect-16-9 wp-has-aspect-ratio\" style=\"margin-top:var(--wp--preset--spacing--60);margin-bottom:var(--wp--preset--spacing--60)\"><div class=\"wp-block-embed__wrapper\">\n<iframe loading=\"lazy\" title=\"Our NEW MT300 Coolant Pressure Tester\" width=\"500\" height=\"281\" src=\"https:\/\/www.youtube.com\/embed\/_CPOGjEApf0?feature=oembed\" frameborder=\"0\" allow=\"accelerometer; autoplay; clipboard-write; encrypted-media; gyroscope; picture-in-picture; web-share\" referrerpolicy=\"strict-origin-when-cross-origin\" allowfullscreen><\/iframe>\n<\/div><\/figure>\n\n<p>Fabricado con materiales de alta calidad para asegurar una durabilidad prolongada. Dise\u00f1ado no solo para examinar el sistema, sino tambi\u00e9n los tapones de refrigerante. Con el tiempo, los sellos, resortes y v\u00e1lvulas de los tapones de refrigerante pueden desgastarse, provocando una p\u00e9rdida de presi\u00f3n en el sistema. El MT300 proporciona diagn\u00f3sticos r\u00e1pidos de problemas en el sistema de refrigeraci\u00f3n.   <\/p>\n\n<div class=\"wp-block-columns is-layout-flex wp-container-core-columns-is-layout-95393138 wp-block-columns-is-layout-flex\" style=\"margin-top:var(--wp--preset--spacing--60);margin-bottom:var(--wp--preset--spacing--60)\">\n<div class=\"wp-block-column is-layout-flow wp-block-column-is-layout-flow\">\n<figure class=\"wp-block-image size-full\"><img loading=\"lazy\" decoding=\"async\" width=\"1000\" height=\"1000\" src=\"https:\/\/eu.motorad.com\/wp-content\/uploads\/2025\/04\/MT300_FRONT2.jpg\" alt=\"\" class=\"wp-image-4499\" srcset=\"https:\/\/eu.motorad.com\/wp-content\/uploads\/2025\/04\/MT300_FRONT2.jpg 1000w, https:\/\/eu.motorad.com\/wp-content\/uploads\/2025\/04\/MT300_FRONT2-300x300.jpg 300w, https:\/\/eu.motorad.com\/wp-content\/uploads\/2025\/04\/MT300_FRONT2-150x150.jpg 150w, https:\/\/eu.motorad.com\/wp-content\/uploads\/2025\/04\/MT300_FRONT2-768x768.jpg 768w\" sizes=\"auto, (max-width: 1000px) 100vw, 1000px\" \/><\/figure>\n<\/div>\n\n\n\n<div class=\"wp-block-column is-layout-flow wp-block-column-is-layout-flow\">\n<figure class=\"wp-block-image size-full\"><img loading=\"lazy\" decoding=\"async\" width=\"1000\" height=\"1000\" src=\"https:\/\/eu.motorad.com\/wp-content\/uploads\/2025\/04\/MT300_3.jpg\" alt=\"\" class=\"wp-image-4492\" srcset=\"https:\/\/eu.motorad.com\/wp-content\/uploads\/2025\/04\/MT300_3.jpg 1000w, https:\/\/eu.motorad.com\/wp-content\/uploads\/2025\/04\/MT300_3-300x300.jpg 300w, https:\/\/eu.motorad.com\/wp-content\/uploads\/2025\/04\/MT300_3-150x150.jpg 150w, https:\/\/eu.motorad.com\/wp-content\/uploads\/2025\/04\/MT300_3-768x768.jpg 768w\" sizes=\"auto, (max-width: 1000px) 100vw, 1000px\" \/><\/figure>\n<\/div>\n\n\n\n<div class=\"wp-block-column is-layout-flow wp-block-column-is-layout-flow\">\n<figure class=\"wp-block-image size-full\"><img loading=\"lazy\" decoding=\"async\" width=\"1000\" height=\"1000\" src=\"https:\/\/eu.motorad.com\/wp-content\/uploads\/2025\/04\/MT300_2.jpg\" alt=\"\" class=\"wp-image-4485\" srcset=\"https:\/\/eu.motorad.com\/wp-content\/uploads\/2025\/04\/MT300_2.jpg 1000w, https:\/\/eu.motorad.com\/wp-content\/uploads\/2025\/04\/MT300_2-300x300.jpg 300w, https:\/\/eu.motorad.com\/wp-content\/uploads\/2025\/04\/MT300_2-150x150.jpg 150w, https:\/\/eu.motorad.com\/wp-content\/uploads\/2025\/04\/MT300_2-768x768.jpg 768w\" sizes=\"auto, (max-width: 1000px) 100vw, 1000px\" \/><\/figure>\n<\/div>\n\n\n\n<div class=\"wp-block-column is-layout-flow wp-block-column-is-layout-flow\">\n<figure class=\"wp-block-image size-full\"><img loading=\"lazy\" decoding=\"async\" width=\"300\" height=\"300\" src=\"https:\/\/eu.motorad.com\/wp-content\/uploads\/2025\/04\/MT300_1-300x300-1.jpg\" alt=\"\" class=\"wp-image-4478\" srcset=\"https:\/\/eu.motorad.com\/wp-content\/uploads\/2025\/04\/MT300_1-300x300-1.jpg 300w, https:\/\/eu.motorad.com\/wp-content\/uploads\/2025\/04\/MT300_1-300x300-1-150x150.jpg 150w\" sizes=\"auto, (max-width: 300px) 100vw, 300px\" \/><\/figure>\n<\/div>\n<\/div>\n\n<ul class=\"wp-block-list\">\n<li>Calidad profesional<\/li>\n\n\n\n<li>Manufacturado con materiales de la m\u00e1s alta calidad por un proveedor de equipo original<\/li>\n\n\n\n<li>Examina sistemas de refrigeraci\u00f3n y tapones de refrigerante<\/li>\n\n\n\n<li>Proporciona diagn\u00f3sticos r\u00e1pidos y precisos de problemas en el sistema de refrigeraci\u00f3n<\/li>\n\n\n\n<li>Incluye los adaptadores m\u00e1s comunes para radiadores y tapones<\/li>\n\n\n\n<li>Hay disponibles m\u00e1s kits de adaptadores. V\u00e9ase m\u00e1s abajo para obtener informaci\u00f3n <\/li>\n<\/ul>\n\n<figure class=\"wp-block-image size-full\" style=\"margin-top:var(--wp--preset--spacing--60);margin-bottom:var(--wp--preset--spacing--60)\"><img loading=\"lazy\" decoding=\"async\" width=\"1000\" height=\"1136\" src=\"https:\/\/eu.motorad.com\/wp-content\/uploads\/2025\/04\/Coolant-System-Tester-Adapaters.jpg\" alt=\"\" class=\"wp-image-4471\" srcset=\"https:\/\/eu.motorad.com\/wp-content\/uploads\/2025\/04\/Coolant-System-Tester-Adapaters.jpg 1000w, https:\/\/eu.motorad.com\/wp-content\/uploads\/2025\/04\/Coolant-System-Tester-Adapaters-264x300.jpg 264w, https:\/\/eu.motorad.com\/wp-content\/uploads\/2025\/04\/Coolant-System-Tester-Adapaters-901x1024.jpg 901w, https:\/\/eu.motorad.com\/wp-content\/uploads\/2025\/04\/Coolant-System-Tester-Adapaters-768x872.jpg 768w\" sizes=\"auto, (max-width: 1000px) 100vw, 1000px\" \/><\/figure>\n\n<div class=\"wp-block-buttons is-layout-flex wp-block-buttons-is-layout-flex\" style=\"margin-bottom:var(--wp--preset--spacing--70)\">\n<div class=\"wp-block-button\"><a class=\"wp-block-button__link wp-element-button\" href=\"https:\/\/eu.motorad.com\/es\/products\/\">Encuentre un comprobador del sistema de refrigeraci\u00f3n<\/a><\/div>\n<\/div>\n\n<div class=\"wp-block-cover alignfull is-light\" style=\"padding-top:var(--wp--preset--spacing--60);padding-bottom:var(--wp--preset--spacing--60)\"><span aria-hidden=\"true\" class=\"wp-block-cover__background has-background-dim-0 has-background-dim\" style=\"background-color:#ece5d9\"><\/span><img loading=\"lazy\" decoding=\"async\" width=\"1505\" height=\"305\" class=\"wp-block-cover__image-background wp-image-223\" alt=\"\" src=\"https:\/\/eu.motorad.com\/wp-content\/uploads\/2025\/03\/FooterCTA.jpg\" data-object-fit=\"cover\" srcset=\"https:\/\/eu.motorad.com\/wp-content\/uploads\/2025\/03\/FooterCTA.jpg 1505w, https:\/\/eu.motorad.com\/wp-content\/uploads\/2025\/03\/FooterCTA-300x61.jpg 300w, https:\/\/eu.motorad.com\/wp-content\/uploads\/2025\/03\/FooterCTA-1024x208.jpg 1024w, https:\/\/eu.motorad.com\/wp-content\/uploads\/2025\/03\/FooterCTA-768x156.jpg 768w\" sizes=\"auto, (max-width: 1505px) 100vw, 1505px\" \/><div class=\"wp-block-cover__inner-container is-layout-flow wp-block-cover-is-layout-flow\">\n<div class=\"wp-block-columns are-vertically-aligned-center is-layout-flex wp-container-core-columns-is-layout-cbe57604 wp-block-columns-is-layout-flex\">\n<div class=\"wp-block-column is-vertically-aligned-center is-layout-flow wp-block-column-is-layout-flow\" style=\"flex-basis:45%\">\n<h2 class=\"wp-block-heading has-text-align-center has-palette-text-color has-text-color\" id=\"h-need-help-finding-the-right-product\" style=\"margin-bottom:var(--wp--preset--spacing--40)\">\u00bfNecesitas ayuda para encontrar el producto adecuado?<\/h2>\n\n\n\n<p class=\"has-text-align-center has-palette-text-color has-text-color\" style=\"margin-bottom:var(--wp--preset--spacing--50)\">Nuestro equipo especializado est\u00e1 aqu\u00ed para orientarte en la direcci\u00f3n correcta. Haz clic a continuaci\u00f3n y dinos c\u00f3mo podemos ayudarte a encontrar el producto ideal para tu necesidad. Tu viaje para experimentar MEJOR empieza aqu\u00ed.  <\/p>\n\n\n\n<div class=\"wp-block-buttons is-content-justification-center is-layout-flex wp-container-core-buttons-is-layout-a89b3969 wp-block-buttons-is-layout-flex\">\n<div class=\"wp-block-button\"><a class=\"wp-block-button__link has-text-align-center wp-element-button\" href=\"https:\/\/eu.motorad.com\/contact\/need-help-finding-something\/\">Habla con un especialista de MotoRad<\/a><\/div>\n<\/div>\n<\/div>\n\n\n\n<div class=\"wp-block-column is-layout-flow wp-block-column-is-layout-flow\" style=\"flex-basis:10%\"><\/div>\n\n\n\n<div class=\"wp-block-column is-layout-flow wp-block-column-is-layout-flow\" style=\"flex-basis:45%\">\n<h2 class=\"wp-block-heading has-text-align-center has-palette-text-color has-text-color\" id=\"h-looking-for-custom-development\" style=\"margin-bottom:var(--wp--preset--spacing--40)\">\u00bfBuscas un desarrollo a medida?<\/h2>\n\n\n\n<p class=\"has-text-align-center has-palette-text-color has-text-color\" style=\"margin-bottom:var(--wp--preset--spacing--50)\">No nos limitamos a los productos, sino que creamos soluciones a medida que se adaptan a tus necesidades. \u00bfEst\u00e1s preparado para dar vida a tu nuevo proyecto? Haz clic a continuaci\u00f3n y embarqu\u00e9monos juntos en el viaje del desarrollo de productos personalizados.  <\/p>\n\n\n\n<div class=\"wp-block-buttons is-content-justification-center is-layout-flex wp-container-core-buttons-is-layout-a89b3969 wp-block-buttons-is-layout-flex\">\n<div class=\"wp-block-button is-style-fill\"><a class=\"wp-block-button__link has-palette-bg-color has-palette-text-background-color has-text-color has-background has-text-align-center wp-element-button\" href=\"https:\/\/eu.motorad.com\/contact\/do-you-need-custom-development\/\">Queremos ser tu proveedor<\/a><\/div>\n<\/div>\n<\/div>\n<\/div>\n<\/div><\/div>\n","protected":false},"excerpt":{"rendered":"<p>COMPROBADOR DEL SISTEMA DE REFRIGERACI\u00d3N El comprobador de presi\u00f3n del sistema de refrigeraci\u00f3n MotoRad MT-300 es la elecci\u00f3n preferida de [&#8230;]<\/p>\n","protected":false},"author":1,"featured_media":0,"parent":5891,"menu_order":0,"comment_status":"closed","ping_status":"closed","template":"","meta":{"_acf_changed":false,"footnotes":""},"class_list":["post-5876","page","type-page","status-publish","hentry"],"acf":[],"yoast_head":"<!-- This site is optimized with the Yoast SEO Premium plugin v27.2 (Yoast SEO v27.2) - https:\/\/yoast.com\/product\/yoast-seo-premium-wordpress\/ -->\n<title>COMPROBADOR DEL SISTEMA DE REFRIGERACI\u00d3N - MotoRad<\/title>\n<meta name=\"description\" content=\"MotoRad - COMPROBADOR DEL SISTEMA DE REFRIGERACI\u00d3N %\" \/>\n<meta name=\"robots\" content=\"index, follow, max-snippet:-1, max-image-preview:large, max-video-preview:-1\" \/>\n<link rel=\"canonical\" href=\"https:\/\/eu.motorad.com\/es\/products\/tapones\/comprobador-del-sistema-de-refrigeracion\/\" \/>\n<meta property=\"og:locale\" content=\"es_ES\" \/>\n<meta property=\"og:type\" content=\"article\" \/>\n<meta property=\"og:title\" content=\"COMPROBADOR DEL SISTEMA DE REFRIGERACI\u00d3N\" \/>\n<meta property=\"og:description\" content=\"MotoRad - COMPROBADOR DEL SISTEMA DE REFRIGERACI\u00d3N %\" \/>\n<meta property=\"og:url\" content=\"https:\/\/eu.motorad.com\/es\/products\/tapones\/comprobador-del-sistema-de-refrigeracion\/\" \/>\n<meta property=\"og:site_name\" content=\"MotoRad\" \/>\n<meta property=\"article:modified_time\" content=\"2025-06-13T12:48:48+00:00\" \/>\n<meta property=\"og:image\" content=\"https:\/\/eu.motorad.com\/wp-content\/uploads\/2025\/04\/MT300_FRONT2.jpg\" \/>\n\t<meta property=\"og:image:width\" content=\"1000\" \/>\n\t<meta property=\"og:image:height\" content=\"1000\" \/>\n\t<meta property=\"og:image:type\" content=\"image\/jpeg\" \/>\n<meta name=\"twitter:card\" content=\"summary_large_image\" \/>\n<meta name=\"twitter:label1\" content=\"Est. reading time\" \/>\n\t<meta name=\"twitter:data1\" content=\"1 minuto\" \/>\n<script type=\"application\/ld+json\" class=\"yoast-schema-graph\">{\"@context\":\"https:\/\/schema.org\",\"@graph\":[{\"@type\":\"WebPage\",\"@id\":\"https:\/\/eu.motorad.com\/es\/products\/tapones\/comprobador-del-sistema-de-refrigeracion\/\",\"url\":\"https:\/\/eu.motorad.com\/es\/products\/tapones\/comprobador-del-sistema-de-refrigeracion\/\",\"name\":\"COMPROBADOR DEL SISTEMA DE REFRIGERACI\u00d3N - MotoRad\",\"isPartOf\":{\"@id\":\"https:\/\/eu.motorad.com\/es\/#website\"},\"primaryImageOfPage\":{\"@id\":\"https:\/\/eu.motorad.com\/es\/products\/tapones\/comprobador-del-sistema-de-refrigeracion\/#primaryimage\"},\"image\":{\"@id\":\"https:\/\/eu.motorad.com\/es\/products\/tapones\/comprobador-del-sistema-de-refrigeracion\/#primaryimage\"},\"thumbnailUrl\":\"https:\/\/eu.motorad.com\/wp-content\/uploads\/2025\/04\/MT300_FRONT2.jpg\",\"datePublished\":\"2025-04-03T18:51:06+00:00\",\"dateModified\":\"2025-06-13T12:48:48+00:00\",\"description\":\"MotoRad - COMPROBADOR DEL SISTEMA DE REFRIGERACI\u00d3N %\",\"breadcrumb\":{\"@id\":\"https:\/\/eu.motorad.com\/es\/products\/tapones\/comprobador-del-sistema-de-refrigeracion\/#breadcrumb\"},\"inLanguage\":\"es\",\"potentialAction\":[{\"@type\":\"ReadAction\",\"target\":[\"https:\/\/eu.motorad.com\/es\/products\/tapones\/comprobador-del-sistema-de-refrigeracion\/\"]}]},{\"@type\":\"ImageObject\",\"inLanguage\":\"es\",\"@id\":\"https:\/\/eu.motorad.com\/es\/products\/tapones\/comprobador-del-sistema-de-refrigeracion\/#primaryimage\",\"url\":\"https:\/\/eu.motorad.com\/wp-content\/uploads\/2025\/04\/MT300_FRONT2.jpg\",\"contentUrl\":\"https:\/\/eu.motorad.com\/wp-content\/uploads\/2025\/04\/MT300_FRONT2.jpg\"},{\"@type\":\"BreadcrumbList\",\"@id\":\"https:\/\/eu.motorad.com\/es\/products\/tapones\/comprobador-del-sistema-de-refrigeracion\/#breadcrumb\",\"itemListElement\":[{\"@type\":\"ListItem\",\"position\":1,\"name\":\"Home\",\"item\":\"https:\/\/motoradnew.test\/es\/pagina-de-inicio\/\"},{\"@type\":\"ListItem\",\"position\":2,\"name\":\"Products\",\"item\":\"https:\/\/motoradnew.test\/es\/products\/\"},{\"@type\":\"ListItem\",\"position\":3,\"name\":\"Tapones\",\"item\":\"https:\/\/motoradnew.test\/es\/products\/tapones\/\"},{\"@type\":\"ListItem\",\"position\":4,\"name\":\"COMPROBADOR DEL SISTEMA DE REFRIGERACI\u00d3N\"}]},{\"@type\":\"WebSite\",\"@id\":\"https:\/\/eu.motorad.com\/es\/#website\",\"url\":\"https:\/\/eu.motorad.com\/es\/\",\"name\":\"MotoRad\",\"description\":\"Trusted to Deliver Better - Thermal Management, Emissions, Powertrain Controls\",\"potentialAction\":[{\"@type\":\"SearchAction\",\"target\":{\"@type\":\"EntryPoint\",\"urlTemplate\":\"https:\/\/eu.motorad.com\/es\/?s={search_term_string}\"},\"query-input\":{\"@type\":\"PropertyValueSpecification\",\"valueRequired\":true,\"valueName\":\"search_term_string\"}}],\"inLanguage\":\"es\"}]}<\/script>\n<!-- \/ Yoast SEO Premium plugin. -->","yoast_head_json":{"title":"COMPROBADOR DEL SISTEMA DE REFRIGERACI\u00d3N - MotoRad","description":"MotoRad - COMPROBADOR DEL SISTEMA DE REFRIGERACI\u00d3N %","robots":{"index":"index","follow":"follow","max-snippet":"max-snippet:-1","max-image-preview":"max-image-preview:large","max-video-preview":"max-video-preview:-1"},"canonical":"https:\/\/eu.motorad.com\/es\/products\/tapones\/comprobador-del-sistema-de-refrigeracion\/","og_locale":"es_ES","og_type":"article","og_title":"COMPROBADOR DEL SISTEMA DE REFRIGERACI\u00d3N","og_description":"MotoRad - COMPROBADOR DEL SISTEMA DE REFRIGERACI\u00d3N %","og_url":"https:\/\/eu.motorad.com\/es\/products\/tapones\/comprobador-del-sistema-de-refrigeracion\/","og_site_name":"MotoRad","article_modified_time":"2025-06-13T12:48:48+00:00","og_image":[{"width":1000,"height":1000,"url":"https:\/\/eu.motorad.com\/wp-content\/uploads\/2025\/04\/MT300_FRONT2.jpg","type":"image\/jpeg"}],"twitter_card":"summary_large_image","twitter_misc":{"Est. reading time":"1 minuto"},"schema":{"@context":"https:\/\/schema.org","@graph":[{"@type":"WebPage","@id":"https:\/\/eu.motorad.com\/es\/products\/tapones\/comprobador-del-sistema-de-refrigeracion\/","url":"https:\/\/eu.motorad.com\/es\/products\/tapones\/comprobador-del-sistema-de-refrigeracion\/","name":"COMPROBADOR DEL SISTEMA DE REFRIGERACI\u00d3N - MotoRad","isPartOf":{"@id":"https:\/\/eu.motorad.com\/es\/#website"},"primaryImageOfPage":{"@id":"https:\/\/eu.motorad.com\/es\/products\/tapones\/comprobador-del-sistema-de-refrigeracion\/#primaryimage"},"image":{"@id":"https:\/\/eu.motorad.com\/es\/products\/tapones\/comprobador-del-sistema-de-refrigeracion\/#primaryimage"},"thumbnailUrl":"https:\/\/eu.motorad.com\/wp-content\/uploads\/2025\/04\/MT300_FRONT2.jpg","datePublished":"2025-04-03T18:51:06+00:00","dateModified":"2025-06-13T12:48:48+00:00","description":"MotoRad - COMPROBADOR DEL SISTEMA DE REFRIGERACI\u00d3N %","breadcrumb":{"@id":"https:\/\/eu.motorad.com\/es\/products\/tapones\/comprobador-del-sistema-de-refrigeracion\/#breadcrumb"},"inLanguage":"es","potentialAction":[{"@type":"ReadAction","target":["https:\/\/eu.motorad.com\/es\/products\/tapones\/comprobador-del-sistema-de-refrigeracion\/"]}]},{"@type":"ImageObject","inLanguage":"es","@id":"https:\/\/eu.motorad.com\/es\/products\/tapones\/comprobador-del-sistema-de-refrigeracion\/#primaryimage","url":"https:\/\/eu.motorad.com\/wp-content\/uploads\/2025\/04\/MT300_FRONT2.jpg","contentUrl":"https:\/\/eu.motorad.com\/wp-content\/uploads\/2025\/04\/MT300_FRONT2.jpg"},{"@type":"BreadcrumbList","@id":"https:\/\/eu.motorad.com\/es\/products\/tapones\/comprobador-del-sistema-de-refrigeracion\/#breadcrumb","itemListElement":[{"@type":"ListItem","position":1,"name":"Home","item":"https:\/\/motoradnew.test\/es\/pagina-de-inicio\/"},{"@type":"ListItem","position":2,"name":"Products","item":"https:\/\/motoradnew.test\/es\/products\/"},{"@type":"ListItem","position":3,"name":"Tapones","item":"https:\/\/motoradnew.test\/es\/products\/tapones\/"},{"@type":"ListItem","position":4,"name":"COMPROBADOR DEL SISTEMA DE REFRIGERACI\u00d3N"}]},{"@type":"WebSite","@id":"https:\/\/eu.motorad.com\/es\/#website","url":"https:\/\/eu.motorad.com\/es\/","name":"MotoRad","description":"Trusted to Deliver Better - Thermal Management, Emissions, Powertrain Controls","potentialAction":[{"@type":"SearchAction","target":{"@type":"EntryPoint","urlTemplate":"https:\/\/eu.motorad.com\/es\/?s={search_term_string}"},"query-input":{"@type":"PropertyValueSpecification","valueRequired":true,"valueName":"search_term_string"}}],"inLanguage":"es"}]}},"_links":{"self":[{"href":"https:\/\/eu.motorad.com\/es\/wp-json\/wp\/v2\/pages\/5876","targetHints":{"allow":["GET"]}}],"collection":[{"href":"https:\/\/eu.motorad.com\/es\/wp-json\/wp\/v2\/pages"}],"about":[{"href":"https:\/\/eu.motorad.com\/es\/wp-json\/wp\/v2\/types\/page"}],"author":[{"embeddable":true,"href":"https:\/\/eu.motorad.com\/es\/wp-json\/wp\/v2\/users\/1"}],"replies":[{"embeddable":true,"href":"https:\/\/eu.motorad.com\/es\/wp-json\/wp\/v2\/comments?post=5876"}],"version-history":[{"count":1,"href":"https:\/\/eu.motorad.com\/es\/wp-json\/wp\/v2\/pages\/5876\/revisions"}],"predecessor-version":[{"id":5879,"href":"https:\/\/eu.motorad.com\/es\/wp-json\/wp\/v2\/pages\/5876\/revisions\/5879"}],"up":[{"embeddable":true,"href":"https:\/\/eu.motorad.com\/es\/wp-json\/wp\/v2\/pages\/5891"}],"wp:attachment":[{"href":"https:\/\/eu.motorad.com\/es\/wp-json\/wp\/v2\/media?parent=5876"}],"curies":[{"name":"wp","href":"https:\/\/api.w.org\/{rel}","templated":true}]}}