{"id":6064,"date":"2025-04-03T15:57:26","date_gmt":"2025-04-03T15:57:26","guid":{"rendered":"https:\/\/eu.motorad.com\/carcasas-de-refrigerante-motorad\/"},"modified":"2025-06-30T18:28:11","modified_gmt":"2025-06-30T18:28:11","slug":"carcasas-de-refrigerante-motorad","status":"publish","type":"page","link":"https:\/\/eu.motorad.com\/es\/products\/termostatos\/carcasas-de-refrigerante-motorad\/","title":{"rendered":"Carcasas de refrigerante MotoRad"},"content":{"rendered":"<h1 style=\"margin-top:var(--wp--preset--spacing--60);margin-bottom:var(--wp--preset--spacing--60);\" class=\"wp-block-post-title\">Carcasas de refrigerante MotoRad<\/h1>\n<div class=\"wp-block-columns is-layout-flex wp-container-core-columns-is-layout-d07913d3 wp-block-columns-is-layout-flex\" style=\"margin-bottom:var(--wp--preset--spacing--60)\">\n<div class=\"wp-block-column is-layout-flow wp-block-column-is-layout-flow\" style=\"flex-basis:33.33%\">\n<figure class=\"wp-block-image size-full\"><img loading=\"lazy\" decoding=\"async\" width=\"240\" height=\"248\" src=\"https:\/\/eu.motorad.com\/wp-content\/uploads\/2025\/04\/TA2062S-1.webp\" alt=\"\" class=\"wp-image-3497\"\/><\/figure>\n<\/div>\n\n\n\n<div class=\"wp-block-column is-layout-flow wp-block-column-is-layout-flow\" style=\"flex-basis:66.66%\">\n<p style=\"margin-bottom:var(--wp--preset--spacing--40)\">MotoRad ofrece una l\u00ednea completa de carcasas de refrigerante con termostato para reemplazar el equipo original. <\/p>\n\n\n\n<ul style=\"margin-bottom:var(--wp--preset--spacing--40)\" class=\"wp-block-list\">\n<li>Soluci\u00f3n de montaje integral (incluye termostato, carcasa, salida, sensores y junta\/sello)<\/li>\n\n\n\n<li>Materiales y est\u00e1ndares de seguridad de calidad OEM<\/li>\n\n\n\n<li>Cumple o supera los est\u00e1ndares OEM<\/li>\n<\/ul>\n\n\n\n<p>Estas piezas se fabrican para cumplir o superar todos los requisitos del fabricante de equipo original. <\/p>\n<\/div>\n<\/div>\n\n<h2 class=\"wp-block-heading\" id=\"h-coolant-housings\" style=\"margin-bottom:var(--wp--preset--spacing--40)\">Carcasas de refrigerante:<\/h2>\n\n<div class=\"wp-block-columns is-layout-flex wp-container-core-columns-is-layout-26b8b1f9 wp-block-columns-is-layout-flex\" style=\"margin-bottom:var(--wp--preset--spacing--60)\">\n<div class=\"wp-block-column is-layout-flow wp-block-column-is-layout-flow\">\n<figure class=\"wp-block-image size-full\"><img loading=\"lazy\" decoding=\"async\" width=\"500\" height=\"500\" src=\"https:\/\/eu.motorad.com\/wp-content\/uploads\/2025\/04\/CH1027_Angle.jpg\" alt=\"\" class=\"wp-image-3469\" srcset=\"https:\/\/eu.motorad.com\/wp-content\/uploads\/2025\/04\/CH1027_Angle.jpg 500w, https:\/\/eu.motorad.com\/wp-content\/uploads\/2025\/04\/CH1027_Angle-300x300.jpg 300w, https:\/\/eu.motorad.com\/wp-content\/uploads\/2025\/04\/CH1027_Angle-150x150.jpg 150w\" sizes=\"auto, (max-width: 500px) 100vw, 500px\" \/><\/figure>\n<\/div>\n\n\n\n<div class=\"wp-block-column is-layout-flow wp-block-column-is-layout-flow\">\n<figure class=\"wp-block-image size-full\"><img loading=\"lazy\" decoding=\"async\" width=\"500\" height=\"500\" src=\"https:\/\/eu.motorad.com\/wp-content\/uploads\/2025\/04\/CH1026_Angle-1.jpg\" alt=\"\" class=\"wp-image-3462\" srcset=\"https:\/\/eu.motorad.com\/wp-content\/uploads\/2025\/04\/CH1026_Angle-1.jpg 500w, https:\/\/eu.motorad.com\/wp-content\/uploads\/2025\/04\/CH1026_Angle-1-300x300.jpg 300w, https:\/\/eu.motorad.com\/wp-content\/uploads\/2025\/04\/CH1026_Angle-1-150x150.jpg 150w\" sizes=\"auto, (max-width: 500px) 100vw, 500px\" \/><\/figure>\n<\/div>\n\n\n\n<div class=\"wp-block-column is-layout-flow wp-block-column-is-layout-flow\">\n<figure class=\"wp-block-image size-full\"><img loading=\"lazy\" decoding=\"async\" width=\"500\" height=\"500\" src=\"https:\/\/eu.motorad.com\/wp-content\/uploads\/2025\/04\/CH1038_Angle.jpg\" alt=\"\" class=\"wp-image-3476\" srcset=\"https:\/\/eu.motorad.com\/wp-content\/uploads\/2025\/04\/CH1038_Angle.jpg 500w, https:\/\/eu.motorad.com\/wp-content\/uploads\/2025\/04\/CH1038_Angle-300x300.jpg 300w, https:\/\/eu.motorad.com\/wp-content\/uploads\/2025\/04\/CH1038_Angle-150x150.jpg 150w\" sizes=\"auto, (max-width: 500px) 100vw, 500px\" \/><\/figure>\n<\/div>\n\n\n\n<div class=\"wp-block-column is-layout-flow wp-block-column-is-layout-flow\">\n<figure class=\"wp-block-image size-full\"><img loading=\"lazy\" decoding=\"async\" width=\"500\" height=\"500\" src=\"https:\/\/eu.motorad.com\/wp-content\/uploads\/2025\/04\/CH1042_Angle.jpg\" alt=\"\" class=\"wp-image-3483\" srcset=\"https:\/\/eu.motorad.com\/wp-content\/uploads\/2025\/04\/CH1042_Angle.jpg 500w, https:\/\/eu.motorad.com\/wp-content\/uploads\/2025\/04\/CH1042_Angle-300x300.jpg 300w, https:\/\/eu.motorad.com\/wp-content\/uploads\/2025\/04\/CH1042_Angle-150x150.jpg 150w\" sizes=\"auto, (max-width: 500px) 100vw, 500px\" \/><\/figure>\n<\/div>\n\n\n\n<div class=\"wp-block-column is-layout-flow wp-block-column-is-layout-flow\">\n<figure class=\"wp-block-image size-full\"><img loading=\"lazy\" decoding=\"async\" width=\"500\" height=\"500\" src=\"https:\/\/eu.motorad.com\/wp-content\/uploads\/2025\/04\/CH1044_Angle.jpg\" alt=\"\" class=\"wp-image-3490\" srcset=\"https:\/\/eu.motorad.com\/wp-content\/uploads\/2025\/04\/CH1044_Angle.jpg 500w, https:\/\/eu.motorad.com\/wp-content\/uploads\/2025\/04\/CH1044_Angle-300x300.jpg 300w, https:\/\/eu.motorad.com\/wp-content\/uploads\/2025\/04\/CH1044_Angle-150x150.jpg 150w\" sizes=\"auto, (max-width: 500px) 100vw, 500px\" \/><\/figure>\n<\/div>\n<\/div>\n\n<p style=\"margin-bottom:var(--wp--preset--spacing--20)\">Dise\u00f1adas para la precisi\u00f3n y el rendimiento, nuestras carcasas de termostato combinan a la perfecci\u00f3n la funcionalidad del termostato y la construcci\u00f3n de la carcasa, garantizando un flujo \u00f3ptimo del refrigerante y la regulaci\u00f3n de la temperatura para su veh\u00edculo.<\/p>\n\n<p style=\"margin-bottom:var(--wp--preset--spacing--20)\">Las carcasas de termostato avanzadas MotoRad\u00ae se fabrican para superar las especificaciones OEM, ofreciendo una fiabilidad y durabilidad sin igual. Elaboradas con materiales de alta calidad y t\u00e9cnicas de ingenier\u00eda innovadoras, cada carcasa est\u00e1 dise\u00f1ada para soportar el rigor de la conducci\u00f3n diaria, proporcionando un rendimiento duradero y tranquilidad en la carretera. <\/p>\n\n<p style=\"margin-bottom:var(--wp--preset--spacing--20)\">Con una extensa cobertura para una amplia gama de marcas y modelos de veh\u00edculos, los termostatos de carcasa integrada de MotoRad proporcionan la soluci\u00f3n cuando la necesita. Ya sea que est\u00e9 trabajando en un nuevo proyecto de desarrollo o manteniendo una flota de veh\u00edculos, nuestro cat\u00e1logo completo garantiza que encontrar\u00e1 la carcasa de termostato adecuada para sus necesidades. <\/p>\n\n<p style=\"margin-bottom:var(--wp--preset--spacing--20)\">Como proveedor y fabricante de confianza en la industria automotriz, MotoRad est\u00e1 comprometido a ofrecer productos superiores y un servicio al cliente excepcional. Nuestros termostatos de carcasa integrada se someten a rigurosas pruebas para cumplir con los m\u00e1s altos est\u00e1ndares de calidad, garantizando una fiabilidad y rendimiento en los que puede confiar. <\/p>\n\n<p style=\"margin-bottom:var(--wp--preset--spacing--60)\">Experimente hoy la diferencia MotoRad y optimice el sistema de refrigeraci\u00f3n de su motor con nuestros termostatos de carcasa integrada. Explore nuestro cat\u00e1logo para una f\u00e1cil referencia cruzada y encuentre la soluci\u00f3n perfecta para su almac\u00e9n, taller o centro automotriz. <\/p>\n\n<div class=\"wp-block-buttons is-layout-flex wp-block-buttons-is-layout-flex\" style=\"margin-bottom:var(--wp--preset--spacing--70)\">\n<div class=\"wp-block-button\"><a class=\"wp-block-button__link wp-element-button\" href=\"https:\/\/eu.motorad.com\/es\/products\/\">Encuentre su carcasa de termostato<\/a><\/div>\n<\/div>\n\n<div class=\"wp-block-cover alignfull is-light\" style=\"padding-top:var(--wp--preset--spacing--60);padding-bottom:var(--wp--preset--spacing--60)\"><span aria-hidden=\"true\" class=\"wp-block-cover__background has-background-dim-0 has-background-dim\" style=\"background-color:#ece5d9\"><\/span><img loading=\"lazy\" decoding=\"async\" width=\"1505\" height=\"305\" class=\"wp-block-cover__image-background wp-image-223\" alt=\"\" src=\"https:\/\/eu.motorad.com\/wp-content\/uploads\/2025\/03\/FooterCTA.jpg\" data-object-fit=\"cover\" srcset=\"https:\/\/eu.motorad.com\/wp-content\/uploads\/2025\/03\/FooterCTA.jpg 1505w, https:\/\/eu.motorad.com\/wp-content\/uploads\/2025\/03\/FooterCTA-300x61.jpg 300w, https:\/\/eu.motorad.com\/wp-content\/uploads\/2025\/03\/FooterCTA-1024x208.jpg 1024w, https:\/\/eu.motorad.com\/wp-content\/uploads\/2025\/03\/FooterCTA-768x156.jpg 768w\" sizes=\"auto, (max-width: 1505px) 100vw, 1505px\" \/><div class=\"wp-block-cover__inner-container is-layout-flow wp-block-cover-is-layout-flow\">\n<div class=\"wp-block-columns are-vertically-aligned-center is-layout-flex wp-container-core-columns-is-layout-cbe57604 wp-block-columns-is-layout-flex\">\n<div class=\"wp-block-column is-vertically-aligned-center is-layout-flow wp-block-column-is-layout-flow\" style=\"flex-basis:45%\">\n<h2 class=\"wp-block-heading has-text-align-center has-palette-text-color has-text-color\" id=\"h-need-help-finding-the-right-product\" style=\"margin-bottom:var(--wp--preset--spacing--40)\">\u00bfNecesitas ayuda para encontrar el producto adecuado?<\/h2>\n\n\n\n<p class=\"has-text-align-center has-palette-text-color has-text-color\" style=\"margin-bottom:var(--wp--preset--spacing--50)\">Nuestro equipo especializado est\u00e1 aqu\u00ed para orientarte en la direcci\u00f3n correcta. Haz clic a continuaci\u00f3n y dinos c\u00f3mo podemos ayudarte a encontrar el producto ideal para tu necesidad. Tu viaje para experimentar MEJOR empieza aqu\u00ed.  <\/p>\n\n\n\n<div class=\"wp-block-buttons is-content-justification-center is-layout-flex wp-container-core-buttons-is-layout-a89b3969 wp-block-buttons-is-layout-flex\">\n<div class=\"wp-block-button\"><a class=\"wp-block-button__link has-text-align-center wp-element-button\" href=\"https:\/\/eu.motorad.com\/contact\/need-help-finding-something\/\">Habla con un especialista de MotoRad<\/a><\/div>\n<\/div>\n<\/div>\n\n\n\n<div class=\"wp-block-column is-layout-flow wp-block-column-is-layout-flow\" style=\"flex-basis:10%\"><\/div>\n\n\n\n<div class=\"wp-block-column is-layout-flow wp-block-column-is-layout-flow\" style=\"flex-basis:45%\">\n<h2 class=\"wp-block-heading has-text-align-center has-palette-text-color has-text-color\" id=\"h-looking-for-custom-development\" style=\"margin-bottom:var(--wp--preset--spacing--40)\">\u00bfBuscas un desarrollo a medida?<\/h2>\n\n\n\n<p class=\"has-text-align-center has-palette-text-color has-text-color\" style=\"margin-bottom:var(--wp--preset--spacing--50)\">No nos limitamos a los productos, sino que creamos soluciones a medida que se adaptan a tus necesidades. \u00bfEst\u00e1s preparado para dar vida a tu nuevo proyecto? Haz clic a continuaci\u00f3n y embarqu\u00e9monos juntos en el viaje del desarrollo de productos personalizados.  <\/p>\n\n\n\n<div class=\"wp-block-buttons is-content-justification-center is-layout-flex wp-container-core-buttons-is-layout-a89b3969 wp-block-buttons-is-layout-flex\">\n<div class=\"wp-block-button is-style-fill\"><a class=\"wp-block-button__link has-palette-bg-color has-palette-text-background-color has-text-color has-background has-text-align-center wp-element-button\" href=\"https:\/\/eu.motorad.com\/contact\/do-you-need-custom-development\/\">Queremos ser tu proveedor<\/a><\/div>\n<\/div>\n<\/div>\n<\/div>\n<\/div><\/div>\n","protected":false},"excerpt":{"rendered":"<p>MotoRad ofrece una l\u00ednea completa de carcasas de refrigerante con termostato para reemplazar el equipo original. Estas piezas se fabrican [&#8230;]<\/p>\n","protected":false},"author":1,"featured_media":0,"parent":6767,"menu_order":0,"comment_status":"closed","ping_status":"closed","template":"","meta":{"_acf_changed":false,"footnotes":""},"class_list":["post-6064","page","type-page","status-publish","hentry"],"acf":[],"yoast_head":"<!-- This site is optimized with the Yoast SEO Premium plugin v27.2 (Yoast SEO v27.2) - https:\/\/yoast.com\/product\/yoast-seo-premium-wordpress\/ -->\n<title>Carcasas de refrigerante MotoRad - MotoRad<\/title>\n<meta name=\"description\" content=\"MotoRad - Carcasas de refrigerante MotoRad %\" \/>\n<meta name=\"robots\" content=\"index, follow, max-snippet:-1, max-image-preview:large, max-video-preview:-1\" \/>\n<link rel=\"canonical\" href=\"https:\/\/eu.motorad.com\/es\/products\/termostatos\/carcasas-de-refrigerante-motorad\/\" \/>\n<meta property=\"og:locale\" content=\"es_ES\" \/>\n<meta property=\"og:type\" content=\"article\" \/>\n<meta property=\"og:title\" content=\"Carcasas de refrigerante MotoRad\" \/>\n<meta property=\"og:description\" content=\"MotoRad - Carcasas de refrigerante MotoRad %\" \/>\n<meta property=\"og:url\" content=\"https:\/\/eu.motorad.com\/es\/products\/termostatos\/carcasas-de-refrigerante-motorad\/\" \/>\n<meta property=\"og:site_name\" content=\"MotoRad\" \/>\n<meta property=\"article:modified_time\" content=\"2025-06-30T18:28:11+00:00\" \/>\n<meta property=\"og:image\" content=\"https:\/\/eu.motorad.com\/wp-content\/uploads\/2025\/04\/TA2062S-1.webp\" \/>\n\t<meta property=\"og:image:width\" content=\"240\" \/>\n\t<meta property=\"og:image:height\" content=\"248\" \/>\n\t<meta property=\"og:image:type\" content=\"image\/webp\" \/>\n<meta name=\"twitter:card\" content=\"summary_large_image\" \/>\n<meta name=\"twitter:label1\" content=\"Est. reading time\" \/>\n\t<meta name=\"twitter:data1\" content=\"2 minutos\" \/>\n<script type=\"application\/ld+json\" class=\"yoast-schema-graph\">{\"@context\":\"https:\/\/schema.org\",\"@graph\":[{\"@type\":\"WebPage\",\"@id\":\"https:\/\/eu.motorad.com\/es\/products\/termostatos\/carcasas-de-refrigerante-motorad\/\",\"url\":\"https:\/\/eu.motorad.com\/es\/products\/termostatos\/carcasas-de-refrigerante-motorad\/\",\"name\":\"Carcasas de refrigerante MotoRad - MotoRad\",\"isPartOf\":{\"@id\":\"https:\/\/eu.motorad.com\/es\/#website\"},\"primaryImageOfPage\":{\"@id\":\"https:\/\/eu.motorad.com\/es\/products\/termostatos\/carcasas-de-refrigerante-motorad\/#primaryimage\"},\"image\":{\"@id\":\"https:\/\/eu.motorad.com\/es\/products\/termostatos\/carcasas-de-refrigerante-motorad\/#primaryimage\"},\"thumbnailUrl\":\"https:\/\/eu.motorad.com\/wp-content\/uploads\/2025\/04\/TA2062S-1.webp\",\"datePublished\":\"2025-04-03T15:57:26+00:00\",\"dateModified\":\"2025-06-30T18:28:11+00:00\",\"description\":\"MotoRad - Carcasas de refrigerante MotoRad %\",\"breadcrumb\":{\"@id\":\"https:\/\/eu.motorad.com\/es\/products\/termostatos\/carcasas-de-refrigerante-motorad\/#breadcrumb\"},\"inLanguage\":\"es\",\"potentialAction\":[{\"@type\":\"ReadAction\",\"target\":[\"https:\/\/eu.motorad.com\/es\/products\/termostatos\/carcasas-de-refrigerante-motorad\/\"]}]},{\"@type\":\"ImageObject\",\"inLanguage\":\"es\",\"@id\":\"https:\/\/eu.motorad.com\/es\/products\/termostatos\/carcasas-de-refrigerante-motorad\/#primaryimage\",\"url\":\"https:\/\/eu.motorad.com\/wp-content\/uploads\/2025\/04\/TA2062S-1.webp\",\"contentUrl\":\"https:\/\/eu.motorad.com\/wp-content\/uploads\/2025\/04\/TA2062S-1.webp\"},{\"@type\":\"BreadcrumbList\",\"@id\":\"https:\/\/eu.motorad.com\/es\/products\/termostatos\/carcasas-de-refrigerante-motorad\/#breadcrumb\",\"itemListElement\":[{\"@type\":\"ListItem\",\"position\":1,\"name\":\"Home\",\"item\":\"https:\/\/motoradnew.test\/es\/pagina-de-inicio\/\"},{\"@type\":\"ListItem\",\"position\":2,\"name\":\"Products\",\"item\":\"https:\/\/motoradnew.test\/es\/products\/\"},{\"@type\":\"ListItem\",\"position\":3,\"name\":\"Termostatos\",\"item\":\"https:\/\/motoradnew.test\/es\/products\/termostatos\/\"},{\"@type\":\"ListItem\",\"position\":4,\"name\":\"Carcasas de refrigerante MotoRad\"}]},{\"@type\":\"WebSite\",\"@id\":\"https:\/\/eu.motorad.com\/es\/#website\",\"url\":\"https:\/\/eu.motorad.com\/es\/\",\"name\":\"MotoRad\",\"description\":\"Trusted to Deliver Better - Thermal Management, Emissions, Powertrain Controls\",\"potentialAction\":[{\"@type\":\"SearchAction\",\"target\":{\"@type\":\"EntryPoint\",\"urlTemplate\":\"https:\/\/eu.motorad.com\/es\/?s={search_term_string}\"},\"query-input\":{\"@type\":\"PropertyValueSpecification\",\"valueRequired\":true,\"valueName\":\"search_term_string\"}}],\"inLanguage\":\"es\"}]}<\/script>\n<!-- \/ Yoast SEO Premium plugin. -->","yoast_head_json":{"title":"Carcasas de refrigerante MotoRad - MotoRad","description":"MotoRad - Carcasas de refrigerante MotoRad %","robots":{"index":"index","follow":"follow","max-snippet":"max-snippet:-1","max-image-preview":"max-image-preview:large","max-video-preview":"max-video-preview:-1"},"canonical":"https:\/\/eu.motorad.com\/es\/products\/termostatos\/carcasas-de-refrigerante-motorad\/","og_locale":"es_ES","og_type":"article","og_title":"Carcasas de refrigerante MotoRad","og_description":"MotoRad - Carcasas de refrigerante MotoRad %","og_url":"https:\/\/eu.motorad.com\/es\/products\/termostatos\/carcasas-de-refrigerante-motorad\/","og_site_name":"MotoRad","article_modified_time":"2025-06-30T18:28:11+00:00","og_image":[{"width":240,"height":248,"url":"https:\/\/eu.motorad.com\/wp-content\/uploads\/2025\/04\/TA2062S-1.webp","type":"image\/webp"}],"twitter_card":"summary_large_image","twitter_misc":{"Est. reading time":"2 minutos"},"schema":{"@context":"https:\/\/schema.org","@graph":[{"@type":"WebPage","@id":"https:\/\/eu.motorad.com\/es\/products\/termostatos\/carcasas-de-refrigerante-motorad\/","url":"https:\/\/eu.motorad.com\/es\/products\/termostatos\/carcasas-de-refrigerante-motorad\/","name":"Carcasas de refrigerante MotoRad - MotoRad","isPartOf":{"@id":"https:\/\/eu.motorad.com\/es\/#website"},"primaryImageOfPage":{"@id":"https:\/\/eu.motorad.com\/es\/products\/termostatos\/carcasas-de-refrigerante-motorad\/#primaryimage"},"image":{"@id":"https:\/\/eu.motorad.com\/es\/products\/termostatos\/carcasas-de-refrigerante-motorad\/#primaryimage"},"thumbnailUrl":"https:\/\/eu.motorad.com\/wp-content\/uploads\/2025\/04\/TA2062S-1.webp","datePublished":"2025-04-03T15:57:26+00:00","dateModified":"2025-06-30T18:28:11+00:00","description":"MotoRad - Carcasas de refrigerante MotoRad %","breadcrumb":{"@id":"https:\/\/eu.motorad.com\/es\/products\/termostatos\/carcasas-de-refrigerante-motorad\/#breadcrumb"},"inLanguage":"es","potentialAction":[{"@type":"ReadAction","target":["https:\/\/eu.motorad.com\/es\/products\/termostatos\/carcasas-de-refrigerante-motorad\/"]}]},{"@type":"ImageObject","inLanguage":"es","@id":"https:\/\/eu.motorad.com\/es\/products\/termostatos\/carcasas-de-refrigerante-motorad\/#primaryimage","url":"https:\/\/eu.motorad.com\/wp-content\/uploads\/2025\/04\/TA2062S-1.webp","contentUrl":"https:\/\/eu.motorad.com\/wp-content\/uploads\/2025\/04\/TA2062S-1.webp"},{"@type":"BreadcrumbList","@id":"https:\/\/eu.motorad.com\/es\/products\/termostatos\/carcasas-de-refrigerante-motorad\/#breadcrumb","itemListElement":[{"@type":"ListItem","position":1,"name":"Home","item":"https:\/\/motoradnew.test\/es\/pagina-de-inicio\/"},{"@type":"ListItem","position":2,"name":"Products","item":"https:\/\/motoradnew.test\/es\/products\/"},{"@type":"ListItem","position":3,"name":"Termostatos","item":"https:\/\/motoradnew.test\/es\/products\/termostatos\/"},{"@type":"ListItem","position":4,"name":"Carcasas de refrigerante MotoRad"}]},{"@type":"WebSite","@id":"https:\/\/eu.motorad.com\/es\/#website","url":"https:\/\/eu.motorad.com\/es\/","name":"MotoRad","description":"Trusted to Deliver Better - Thermal Management, Emissions, Powertrain Controls","potentialAction":[{"@type":"SearchAction","target":{"@type":"EntryPoint","urlTemplate":"https:\/\/eu.motorad.com\/es\/?s={search_term_string}"},"query-input":{"@type":"PropertyValueSpecification","valueRequired":true,"valueName":"search_term_string"}}],"inLanguage":"es"}]}},"_links":{"self":[{"href":"https:\/\/eu.motorad.com\/es\/wp-json\/wp\/v2\/pages\/6064","targetHints":{"allow":["GET"]}}],"collection":[{"href":"https:\/\/eu.motorad.com\/es\/wp-json\/wp\/v2\/pages"}],"about":[{"href":"https:\/\/eu.motorad.com\/es\/wp-json\/wp\/v2\/types\/page"}],"author":[{"embeddable":true,"href":"https:\/\/eu.motorad.com\/es\/wp-json\/wp\/v2\/users\/1"}],"replies":[{"embeddable":true,"href":"https:\/\/eu.motorad.com\/es\/wp-json\/wp\/v2\/comments?post=6064"}],"version-history":[{"count":1,"href":"https:\/\/eu.motorad.com\/es\/wp-json\/wp\/v2\/pages\/6064\/revisions"}],"predecessor-version":[{"id":6065,"href":"https:\/\/eu.motorad.com\/es\/wp-json\/wp\/v2\/pages\/6064\/revisions\/6065"}],"up":[{"embeddable":true,"href":"https:\/\/eu.motorad.com\/es\/wp-json\/wp\/v2\/pages\/6767"}],"wp:attachment":[{"href":"https:\/\/eu.motorad.com\/es\/wp-json\/wp\/v2\/media?parent=6064"}],"curies":[{"name":"wp","href":"https:\/\/api.w.org\/{rel}","templated":true}]}}