{"id":6711,"date":"2025-04-03T15:52:13","date_gmt":"2025-04-03T15:52:13","guid":{"rendered":"https:\/\/eu.motorad.com\/termostatos-fail-safe-de-motorad\/"},"modified":"2025-06-30T18:28:11","modified_gmt":"2025-06-30T18:28:11","slug":"termostatos-fail-safe-de-motorad","status":"publish","type":"page","link":"https:\/\/eu.motorad.com\/es\/products\/termostatos\/termostatos-fail-safe-de-motorad\/","title":{"rendered":"Termostatos fail-safe\u00ae de MotoRad"},"content":{"rendered":"<h1 style=\"margin-top:var(--wp--preset--spacing--60);margin-bottom:var(--wp--preset--spacing--60);\" class=\"wp-block-post-title\">Termostatos fail-safe\u00ae de MotoRad<\/h1>\n<div class=\"wp-block-columns is-layout-flex wp-container-core-columns-is-layout-baf23659 wp-block-columns-is-layout-flex\" style=\"margin-bottom:var(--wp--preset--spacing--60)\">\n<div class=\"wp-block-column is-layout-flow wp-block-column-is-layout-flow\" style=\"flex-basis:33.33%\">\n<figure class=\"wp-block-image size-full\"><img loading=\"lazy\" decoding=\"async\" width=\"457\" height=\"204\" src=\"https:\/\/eu.motorad.com\/wp-content\/uploads\/2025\/04\/Fail-Safe_Callout_web-1.jpg\" alt=\"\" class=\"wp-image-3401\" srcset=\"https:\/\/eu.motorad.com\/wp-content\/uploads\/2025\/04\/Fail-Safe_Callout_web-1.jpg 457w, https:\/\/eu.motorad.com\/wp-content\/uploads\/2025\/04\/Fail-Safe_Callout_web-1-300x134.jpg 300w\" sizes=\"auto, (max-width: 457px) 100vw, 457px\" \/><\/figure>\n<\/div>\n\n\n\n<div class=\"wp-block-column is-layout-flow wp-block-column-is-layout-flow\" style=\"flex-basis:66.66%\">\n<p>Los termostatos Fail-Safe\u00ae de MotoRad\u00ae est\u00e1n dise\u00f1ados para ayudar a proteger su motor cuando se produce un sobrecalentamiento. Basados en una tecnolog\u00eda patentada de primera calidad, ofrecen una protecci\u00f3n superior a cualquier otro termostato del mercado. <\/p>\n<\/div>\n<\/div>\n\n<figure class=\"wp-block-embed is-type-video is-provider-youtube wp-block-embed-youtube wp-embed-aspect-16-9 wp-has-aspect-ratio\" style=\"margin-bottom:var(--wp--preset--spacing--60)\"><div class=\"wp-block-embed__wrapper\">\n<iframe loading=\"lazy\" title=\"MotoRad Fail-Safe Thermostats\" width=\"500\" height=\"281\" src=\"https:\/\/www.youtube.com\/embed\/lhGBbCs7QBo?feature=oembed\" frameborder=\"0\" allow=\"accelerometer; autoplay; clipboard-write; encrypted-media; gyroscope; picture-in-picture; web-share\" referrerpolicy=\"strict-origin-when-cross-origin\" allowfullscreen><\/iframe>\n<\/div><\/figure>\n\n<div class=\"wp-block-columns is-layout-flex wp-container-core-columns-is-layout-baf23659 wp-block-columns-is-layout-flex\" style=\"margin-bottom:var(--wp--preset--spacing--60)\">\n<div class=\"wp-block-column has-palette-interactive-background-color has-background is-layout-flow wp-block-column-is-layout-flow\" style=\"padding-top:var(--wp--preset--spacing--40);padding-right:var(--wp--preset--spacing--40);padding-bottom:var(--wp--preset--spacing--40);padding-left:var(--wp--preset--spacing--40);flex-basis:33.33%\">\n<h2 class=\"wp-block-heading has-text-align-center has-palette-bg-alt-color has-text-color has-link-color wp-elements-bcebf1b75f20b52a8565c65e3746269e\" id=\"h-did-you-know\"><em>\u00bfSab\u00eda usted&#8230;?<\/em><\/h2>\n\n\n\n<p class=\"has-text-align-center has-palette-bg-alt-color has-text-color has-link-color wp-elements-8b8fc3c77c3b0ce249f856e38d73fb1e\"><em>El termostato Fail-Safe patentado<\/em> <em>es el \u00fanico termostato dise\u00f1ado para<\/em> <em>ayudar a proteger su motor en caso<\/em> <em>de sobrecalentamiento?<\/em><\/p>\n\n\n\n<p class=\"has-text-align-center has-palette-bg-alt-color has-text-color has-link-color wp-elements-63106a98eb9cabd8a834c76c5487d37f\"><em>El termostato Fail-Safe est\u00e1 dise\u00f1ado con un<\/em> <em>recorrido extra \u00fanico que permite el funcionamiento en<\/em> <em>dos etapas.<\/em><\/p>\n<\/div>\n\n\n\n<div class=\"wp-block-column is-vertically-aligned-center is-layout-flow wp-block-column-is-layout-flow\" style=\"flex-basis:66.66%\">\n<h3 class=\"wp-block-heading\" id=\"h-stage-1\" style=\"margin-bottom:var(--wp--preset--spacing--40)\"><em>Etapa 1<\/em><\/h3>\n\n\n\n<p style=\"margin-bottom:var(--wp--preset--spacing--60)\"><em>Dentro de las temperaturas normales de funcionamiento, el<\/em> <em>Fail-Safe\u00ae opera igual que cualquier otro termostato.<\/em><\/p>\n\n\n\n<h3 class=\"wp-block-heading\" id=\"h-stage-2\" style=\"margin-bottom:var(--wp--preset--spacing--40)\"><em>Etapa 2<\/em> <\/h3>\n\n\n\n<p><em>Cuando el sobrecalentamiento es causado por un componente<\/em> <em>deteriorado del sistema de refrigeraci\u00f3n, el Fail-Safe tiene un recorrido secundario que activa un<\/em> <em>pist\u00f3n de ingenier\u00eda de precisi\u00f3n que bloquea autom\u00e1ticamente la v\u00e1lvula en una<\/em> <em>posici\u00f3n completamente abierta, permitiendo que el refrigerante circule libremente.<\/em><\/p>\n<\/div>\n<\/div>\n\n<p style=\"margin-bottom:var(--wp--preset--spacing--30)\">No se quede varado en la carretera porque su motor se sobrecalent\u00f3 y su termostato convencional fall\u00f3 en la posici\u00f3n cerrada, impidiendo que el refrigerante fluya hacia el motor. Compre el mejor termostato del mercado, el termostato Fail-Safe\u00ae de MotoRad\u00ae. \u00bfPor qu\u00e9 el Fail-Safe es el mejor termostato? En condiciones normales de funcionamiento, el Fail-Safe\u00ae opera de la misma manera que un termostato convencional. Sin embargo, cuando su veh\u00edculo se sobrecalienta debido a un componente deteriorado del sistema de refrigeraci\u00f3n, un termostato est\u00e1ndar se bloquea en la posici\u00f3n cerrada, bloqueando el flujo de refrigerante al motor. El termostato Fail-Safe\u00ae patentado de Motorad es el \u00fanico termostato que se bloquea autom\u00e1ticamente en la posici\u00f3n abierta, permitiendo que el refrigerante circule libremente por todo el motor durante el proceso de sobrecalentamiento. Esto puede proteger su motor de una reparaci\u00f3n m\u00e1s costosa.       <\/p>\n\n<p style=\"margin-bottom:var(--wp--preset--spacing--30)\">Una vez que el termostato Fail-Safe\u00ae cumple su funci\u00f3n de permitir que el refrigerante contin\u00fae fluyendo hacia el motor durante un sobrecalentamiento bloque\u00e1ndose en la posici\u00f3n abierta, debe reemplazarlo por uno nuevo. Existen termostatos est\u00e1ndar, y luego est\u00e1 el termostato Fail-Safe\u00ae de Motorad. Pida el termostato Fail-Safe\u00ae de MotoRad\u00ae la pr\u00f3xima vez que necesite un termostato nuevo.   <\/p>\n\n<p style=\"margin-bottom:var(--wp--preset--spacing--60)\">Los termostatos MotoRad\u00ae cumplen o superan los est\u00e1ndares O.E. y son 100% probados y calibrados para una correcta temperatura de inicio de apertura y temperatura m\u00e1xima de apertura.<\/p>\n\n<div class=\"wp-block-buttons is-layout-flex wp-block-buttons-is-layout-flex\" style=\"margin-bottom:var(--wp--preset--spacing--70)\">\n<div class=\"wp-block-button\"><a class=\"wp-block-button__link wp-element-button\" href=\"https:\/\/eu.motorad.com\/es\/products\/\">Encuentre su termostato<\/a><\/div>\n<\/div>\n","protected":false},"excerpt":{"rendered":"<p>Los termostatos Fail-Safe\u00ae de MotoRad\u00ae est\u00e1n dise\u00f1ados para ayudar a proteger su motor cuando se produce un sobrecalentamiento. Basados en [&#8230;]<\/p>\n","protected":false},"author":1,"featured_media":0,"parent":6767,"menu_order":0,"comment_status":"closed","ping_status":"closed","template":"","meta":{"_acf_changed":false,"footnotes":""},"class_list":["post-6711","page","type-page","status-publish","hentry"],"acf":[],"yoast_head":"<!-- This site is optimized with the Yoast SEO Premium plugin v27.2 (Yoast SEO v27.2) - https:\/\/yoast.com\/product\/yoast-seo-premium-wordpress\/ -->\n<title>Termostatos fail-safe\u00ae de MotoRad - MotoRad<\/title>\n<meta name=\"description\" content=\"Los termostatos Fail-Safe de Motorad est\u00e1n dise\u00f1ados para prevenir el sobrecalentamiento del motor y proporcionar tranquilidad en la carretera. Actualice a los termostatos Fail-Safe de Motorad para una regulaci\u00f3n de temperatura fiable y una conducci\u00f3n sin preocupaciones.\" \/>\n<meta name=\"robots\" content=\"index, follow, max-snippet:-1, max-image-preview:large, max-video-preview:-1\" \/>\n<link rel=\"canonical\" href=\"https:\/\/eu.motorad.com\/es\/products\/termostatos\/termostatos-fail-safe-de-motorad\/\" \/>\n<meta property=\"og:locale\" content=\"es_ES\" \/>\n<meta property=\"og:type\" content=\"article\" \/>\n<meta property=\"og:title\" content=\"Termostatos fail-safe\u00ae de MotoRad\" \/>\n<meta property=\"og:description\" content=\"Los termostatos Fail-Safe de Motorad est\u00e1n dise\u00f1ados para prevenir el sobrecalentamiento del motor y proporcionar tranquilidad en la carretera. Actualice a los termostatos Fail-Safe de Motorad para una regulaci\u00f3n de temperatura fiable y una conducci\u00f3n sin preocupaciones.\" \/>\n<meta property=\"og:url\" content=\"https:\/\/eu.motorad.com\/es\/products\/termostatos\/termostatos-fail-safe-de-motorad\/\" \/>\n<meta property=\"og:site_name\" content=\"MotoRad\" \/>\n<meta property=\"article:modified_time\" content=\"2025-06-30T18:28:11+00:00\" \/>\n<meta property=\"og:image\" content=\"https:\/\/eu.motorad.com\/wp-content\/uploads\/2025\/04\/Fail-Safe_Callout_web-1.jpg\" \/>\n\t<meta property=\"og:image:width\" content=\"457\" \/>\n\t<meta property=\"og:image:height\" content=\"204\" \/>\n\t<meta property=\"og:image:type\" content=\"image\/jpeg\" \/>\n<meta name=\"twitter:card\" content=\"summary_large_image\" \/>\n<meta name=\"twitter:label1\" content=\"Est. reading time\" \/>\n\t<meta name=\"twitter:data1\" content=\"2 minutos\" \/>\n<script type=\"application\/ld+json\" class=\"yoast-schema-graph\">{\"@context\":\"https:\/\/schema.org\",\"@graph\":[{\"@type\":\"WebPage\",\"@id\":\"https:\/\/eu.motorad.com\/es\/products\/termostatos\/termostatos-fail-safe-de-motorad\/\",\"url\":\"https:\/\/eu.motorad.com\/es\/products\/termostatos\/termostatos-fail-safe-de-motorad\/\",\"name\":\"Termostatos fail-safe\u00ae de MotoRad - MotoRad\",\"isPartOf\":{\"@id\":\"https:\/\/eu.motorad.com\/es\/#website\"},\"primaryImageOfPage\":{\"@id\":\"https:\/\/eu.motorad.com\/es\/products\/termostatos\/termostatos-fail-safe-de-motorad\/#primaryimage\"},\"image\":{\"@id\":\"https:\/\/eu.motorad.com\/es\/products\/termostatos\/termostatos-fail-safe-de-motorad\/#primaryimage\"},\"thumbnailUrl\":\"https:\/\/eu.motorad.com\/wp-content\/uploads\/2025\/04\/Fail-Safe_Callout_web-1.jpg\",\"datePublished\":\"2025-04-03T15:52:13+00:00\",\"dateModified\":\"2025-06-30T18:28:11+00:00\",\"description\":\"Los termostatos Fail-Safe de Motorad est\u00e1n dise\u00f1ados para prevenir el sobrecalentamiento del motor y proporcionar tranquilidad en la carretera. Actualice a los termostatos Fail-Safe de Motorad para una regulaci\u00f3n de temperatura fiable y una conducci\u00f3n sin preocupaciones.\",\"breadcrumb\":{\"@id\":\"https:\/\/eu.motorad.com\/es\/products\/termostatos\/termostatos-fail-safe-de-motorad\/#breadcrumb\"},\"inLanguage\":\"es\",\"potentialAction\":[{\"@type\":\"ReadAction\",\"target\":[\"https:\/\/eu.motorad.com\/es\/products\/termostatos\/termostatos-fail-safe-de-motorad\/\"]}]},{\"@type\":\"ImageObject\",\"inLanguage\":\"es\",\"@id\":\"https:\/\/eu.motorad.com\/es\/products\/termostatos\/termostatos-fail-safe-de-motorad\/#primaryimage\",\"url\":\"https:\/\/eu.motorad.com\/wp-content\/uploads\/2025\/04\/Fail-Safe_Callout_web-1.jpg\",\"contentUrl\":\"https:\/\/eu.motorad.com\/wp-content\/uploads\/2025\/04\/Fail-Safe_Callout_web-1.jpg\"},{\"@type\":\"BreadcrumbList\",\"@id\":\"https:\/\/eu.motorad.com\/es\/products\/termostatos\/termostatos-fail-safe-de-motorad\/#breadcrumb\",\"itemListElement\":[{\"@type\":\"ListItem\",\"position\":1,\"name\":\"Home\",\"item\":\"https:\/\/motoradnew.test\/es\/pagina-de-inicio\/\"},{\"@type\":\"ListItem\",\"position\":2,\"name\":\"Products\",\"item\":\"https:\/\/motoradnew.test\/es\/products\/\"},{\"@type\":\"ListItem\",\"position\":3,\"name\":\"Termostatos\",\"item\":\"https:\/\/motoradnew.test\/es\/products\/termostatos\/\"},{\"@type\":\"ListItem\",\"position\":4,\"name\":\"Termostatos fail-safe\u00ae de MotoRad\"}]},{\"@type\":\"WebSite\",\"@id\":\"https:\/\/eu.motorad.com\/es\/#website\",\"url\":\"https:\/\/eu.motorad.com\/es\/\",\"name\":\"MotoRad\",\"description\":\"Trusted to Deliver Better - Thermal Management, Emissions, Powertrain Controls\",\"potentialAction\":[{\"@type\":\"SearchAction\",\"target\":{\"@type\":\"EntryPoint\",\"urlTemplate\":\"https:\/\/eu.motorad.com\/es\/?s={search_term_string}\"},\"query-input\":{\"@type\":\"PropertyValueSpecification\",\"valueRequired\":true,\"valueName\":\"search_term_string\"}}],\"inLanguage\":\"es\"}]}<\/script>\n<!-- \/ Yoast SEO Premium plugin. -->","yoast_head_json":{"title":"Termostatos fail-safe\u00ae de MotoRad - MotoRad","description":"Los termostatos Fail-Safe de Motorad est\u00e1n dise\u00f1ados para prevenir el sobrecalentamiento del motor y proporcionar tranquilidad en la carretera. Actualice a los termostatos Fail-Safe de Motorad para una regulaci\u00f3n de temperatura fiable y una conducci\u00f3n sin preocupaciones.","robots":{"index":"index","follow":"follow","max-snippet":"max-snippet:-1","max-image-preview":"max-image-preview:large","max-video-preview":"max-video-preview:-1"},"canonical":"https:\/\/eu.motorad.com\/es\/products\/termostatos\/termostatos-fail-safe-de-motorad\/","og_locale":"es_ES","og_type":"article","og_title":"Termostatos fail-safe\u00ae de MotoRad","og_description":"Los termostatos Fail-Safe de Motorad est\u00e1n dise\u00f1ados para prevenir el sobrecalentamiento del motor y proporcionar tranquilidad en la carretera. Actualice a los termostatos Fail-Safe de Motorad para una regulaci\u00f3n de temperatura fiable y una conducci\u00f3n sin preocupaciones.","og_url":"https:\/\/eu.motorad.com\/es\/products\/termostatos\/termostatos-fail-safe-de-motorad\/","og_site_name":"MotoRad","article_modified_time":"2025-06-30T18:28:11+00:00","og_image":[{"width":457,"height":204,"url":"https:\/\/eu.motorad.com\/wp-content\/uploads\/2025\/04\/Fail-Safe_Callout_web-1.jpg","type":"image\/jpeg"}],"twitter_card":"summary_large_image","twitter_misc":{"Est. reading time":"2 minutos"},"schema":{"@context":"https:\/\/schema.org","@graph":[{"@type":"WebPage","@id":"https:\/\/eu.motorad.com\/es\/products\/termostatos\/termostatos-fail-safe-de-motorad\/","url":"https:\/\/eu.motorad.com\/es\/products\/termostatos\/termostatos-fail-safe-de-motorad\/","name":"Termostatos fail-safe\u00ae de MotoRad - MotoRad","isPartOf":{"@id":"https:\/\/eu.motorad.com\/es\/#website"},"primaryImageOfPage":{"@id":"https:\/\/eu.motorad.com\/es\/products\/termostatos\/termostatos-fail-safe-de-motorad\/#primaryimage"},"image":{"@id":"https:\/\/eu.motorad.com\/es\/products\/termostatos\/termostatos-fail-safe-de-motorad\/#primaryimage"},"thumbnailUrl":"https:\/\/eu.motorad.com\/wp-content\/uploads\/2025\/04\/Fail-Safe_Callout_web-1.jpg","datePublished":"2025-04-03T15:52:13+00:00","dateModified":"2025-06-30T18:28:11+00:00","description":"Los termostatos Fail-Safe de Motorad est\u00e1n dise\u00f1ados para prevenir el sobrecalentamiento del motor y proporcionar tranquilidad en la carretera. Actualice a los termostatos Fail-Safe de Motorad para una regulaci\u00f3n de temperatura fiable y una conducci\u00f3n sin preocupaciones.","breadcrumb":{"@id":"https:\/\/eu.motorad.com\/es\/products\/termostatos\/termostatos-fail-safe-de-motorad\/#breadcrumb"},"inLanguage":"es","potentialAction":[{"@type":"ReadAction","target":["https:\/\/eu.motorad.com\/es\/products\/termostatos\/termostatos-fail-safe-de-motorad\/"]}]},{"@type":"ImageObject","inLanguage":"es","@id":"https:\/\/eu.motorad.com\/es\/products\/termostatos\/termostatos-fail-safe-de-motorad\/#primaryimage","url":"https:\/\/eu.motorad.com\/wp-content\/uploads\/2025\/04\/Fail-Safe_Callout_web-1.jpg","contentUrl":"https:\/\/eu.motorad.com\/wp-content\/uploads\/2025\/04\/Fail-Safe_Callout_web-1.jpg"},{"@type":"BreadcrumbList","@id":"https:\/\/eu.motorad.com\/es\/products\/termostatos\/termostatos-fail-safe-de-motorad\/#breadcrumb","itemListElement":[{"@type":"ListItem","position":1,"name":"Home","item":"https:\/\/motoradnew.test\/es\/pagina-de-inicio\/"},{"@type":"ListItem","position":2,"name":"Products","item":"https:\/\/motoradnew.test\/es\/products\/"},{"@type":"ListItem","position":3,"name":"Termostatos","item":"https:\/\/motoradnew.test\/es\/products\/termostatos\/"},{"@type":"ListItem","position":4,"name":"Termostatos fail-safe\u00ae de MotoRad"}]},{"@type":"WebSite","@id":"https:\/\/eu.motorad.com\/es\/#website","url":"https:\/\/eu.motorad.com\/es\/","name":"MotoRad","description":"Trusted to Deliver Better - Thermal Management, Emissions, Powertrain Controls","potentialAction":[{"@type":"SearchAction","target":{"@type":"EntryPoint","urlTemplate":"https:\/\/eu.motorad.com\/es\/?s={search_term_string}"},"query-input":{"@type":"PropertyValueSpecification","valueRequired":true,"valueName":"search_term_string"}}],"inLanguage":"es"}]}},"_links":{"self":[{"href":"https:\/\/eu.motorad.com\/es\/wp-json\/wp\/v2\/pages\/6711","targetHints":{"allow":["GET"]}}],"collection":[{"href":"https:\/\/eu.motorad.com\/es\/wp-json\/wp\/v2\/pages"}],"about":[{"href":"https:\/\/eu.motorad.com\/es\/wp-json\/wp\/v2\/types\/page"}],"author":[{"embeddable":true,"href":"https:\/\/eu.motorad.com\/es\/wp-json\/wp\/v2\/users\/1"}],"replies":[{"embeddable":true,"href":"https:\/\/eu.motorad.com\/es\/wp-json\/wp\/v2\/comments?post=6711"}],"version-history":[{"count":1,"href":"https:\/\/eu.motorad.com\/es\/wp-json\/wp\/v2\/pages\/6711\/revisions"}],"predecessor-version":[{"id":6712,"href":"https:\/\/eu.motorad.com\/es\/wp-json\/wp\/v2\/pages\/6711\/revisions\/6712"}],"up":[{"embeddable":true,"href":"https:\/\/eu.motorad.com\/es\/wp-json\/wp\/v2\/pages\/6767"}],"wp:attachment":[{"href":"https:\/\/eu.motorad.com\/es\/wp-json\/wp\/v2\/media?parent=6711"}],"curies":[{"name":"wp","href":"https:\/\/api.w.org\/{rel}","templated":true}]}}