{"id":6715,"date":"2025-04-03T15:39:49","date_gmt":"2025-04-03T15:39:49","guid":{"rendered":"https:\/\/eu.motorad.com\/termostatos-automotrices\/"},"modified":"2025-06-30T18:28:10","modified_gmt":"2025-06-30T18:28:10","slug":"termostatos-automotrices","status":"publish","type":"page","link":"https:\/\/eu.motorad.com\/es\/products\/termostatos\/termostatos-automotrices\/","title":{"rendered":"Termostatos automotrices"},"content":{"rendered":"<h1 style=\"padding-bottom:0;margin-top:var(--wp--preset--spacing--60);\" class=\"wp-block-post-title\">Termostatos automotrices<\/h1>\n<div class=\"wp-block-columns is-layout-flex wp-container-core-columns-is-layout-b94da506 wp-block-columns-is-layout-flex\" style=\"margin-top:var(--wp--preset--spacing--60);margin-bottom:var(--wp--preset--spacing--70)\">\n<div class=\"wp-block-column is-layout-flow wp-block-column-is-layout-flow\" style=\"flex-basis:33.33%\">\n<figure class=\"wp-block-image aligncenter size-full\"><img loading=\"lazy\" decoding=\"async\" width=\"216\" height=\"216\" src=\"https:\/\/eu.motorad.com\/wp-content\/uploads\/2025\/04\/Motorad-04.svg\" alt=\"\" class=\"wp-image-3379\"\/><\/figure>\n<\/div>\n\n\n\n<div class=\"wp-block-column is-layout-flow wp-block-column-is-layout-flow\" style=\"flex-basis:66.66%\">\n<p style=\"margin-bottom:var(--wp--preset--spacing--30)\">MotoRad ofrece una l\u00ednea completa de termostatos para reemplazar los termostatos de equipo original. <\/p>\n\n\n\n<p style=\"margin-bottom:var(--wp--preset--spacing--30)\"><strong>Los termostatos MotoRad vienen en tres niveles de calidad diferentes para satisfacer las diversas necesidades de consumidores e instaladores profesionales.<\/strong><\/p>\n\n\n\n<div class=\"wp-block-columns is-layout-flex wp-container-core-columns-is-layout-cf69c365 wp-block-columns-is-layout-flex\" style=\"margin-bottom:var(--wp--preset--spacing--60)\">\n<div class=\"wp-block-column is-layout-flow wp-block-column-is-layout-flow\">\n<figure class=\"wp-block-image size-full\" style=\"margin-bottom:var(--wp--preset--spacing--40)\"><a href=\"https:\/\/eu.motorad.com\/es\/products\/termostatos\/termostatos-motorad-ultrastat\/\"><img loading=\"lazy\" decoding=\"async\" width=\"720\" height=\"347\" src=\"https:\/\/eu.motorad.com\/wp-content\/uploads\/2025\/04\/UltraStat_Image_web-1.jpg\" alt=\"\" class=\"wp-image-3415\" srcset=\"https:\/\/eu.motorad.com\/wp-content\/uploads\/2025\/04\/UltraStat_Image_web-1.jpg 720w, https:\/\/eu.motorad.com\/wp-content\/uploads\/2025\/04\/UltraStat_Image_web-1-300x145.jpg 300w\" sizes=\"auto, (max-width: 720px) 100vw, 720px\" \/><\/a><\/figure>\n\n\n\n<ul class=\"wp-block-list\">\n<li>Dise\u00f1ados para superar las especificaciones del equipo original<\/li>\n\n\n\n<li>Dise\u00f1o de triple puente de alta calidad para mayor resistencia y estabilidad<\/li>\n\n\n\n<li>Apertura ampliada para proporcionar un mayor flujo<\/li>\n\n\n\n<li>Respuesta superior a las necesidades de refrigeraci\u00f3n<\/li>\n<\/ul>\n<\/div>\n\n\n\n<div class=\"wp-block-column is-layout-flow wp-block-column-is-layout-flow\">\n<figure class=\"wp-block-image size-full\" style=\"margin-bottom:var(--wp--preset--spacing--40)\"><img loading=\"lazy\" decoding=\"async\" width=\"457\" height=\"204\" src=\"https:\/\/eu.motorad.com\/wp-content\/uploads\/2025\/04\/Fail-Safe_Callout_web-1.jpg\" alt=\"\" class=\"wp-image-3401\" srcset=\"https:\/\/eu.motorad.com\/wp-content\/uploads\/2025\/04\/Fail-Safe_Callout_web-1.jpg 457w, https:\/\/eu.motorad.com\/wp-content\/uploads\/2025\/04\/Fail-Safe_Callout_web-1-300x134.jpg 300w\" sizes=\"auto, (max-width: 457px) 100vw, 457px\" \/><\/figure>\n\n\n\n<p><strong>Ayuda a proteger su motor contra el sobrecalentamiento.<\/strong><\/p>\n\n\n\n<p>Cuando una pieza deteriorada del sistema de refrigeraci\u00f3n causa sobrecalentamiento, el sistema a prueba de fallos tiene un recorrido secundario que activa un pist\u00f3n de ingenier\u00eda de precisi\u00f3n. Esto bloquea autom\u00e1ticamente la v\u00e1lvula en una posici\u00f3n completamente abierta para permitir que el refrigerante circule libremente. <\/p>\n<\/div>\n\n\n\n<div class=\"wp-block-column is-layout-flow wp-block-column-is-layout-flow\">\n<figure class=\"wp-block-image aligncenter size-full is-resized\" style=\"margin-bottom:var(--wp--preset--spacing--40)\"><img loading=\"lazy\" decoding=\"async\" width=\"240\" height=\"248\" src=\"https:\/\/eu.motorad.com\/wp-content\/uploads\/2025\/04\/part.webp\" alt=\"\" class=\"wp-image-3408\" style=\"width:135px;height:139px\"\/><\/figure>\n\n\n\n<p>Los termostatos automotrices est\u00e1ndar utilizan una pastilla de cera termosensible sellada en una copa de cobre conductora de calor que contiene un diafragma de goma flexible.<\/p>\n<\/div>\n<\/div>\n\n\n\n<p>Estas piezas se fabrican para cumplir o superar todos los requisitos del fabricante de equipos originales. MotoRad tambi\u00e9n ofrece termostatos est\u00e1ndar para muchas temperaturas alternativas. <\/p>\n<\/div>\n<\/div>\n\n<p style=\"margin-bottom:var(--wp--preset--spacing--30)\">MotoRad ofrece la mejor cobertura de termostatos en el mundo para casi cualquier veh\u00edculo y motor en o fuera de la carretera. Los termostatos MotoRad desempe\u00f1an un papel cr\u00edtico en el mantenimiento de la temperatura de trabajo del motor.  <\/p>\n\n<p style=\"margin-bottom:var(--wp--preset--spacing--60)\">Esto afecta positivamente la eficiencia de la combusti\u00f3n y la transferencia de potencia, el consumo de combustible, la emisi\u00f3n de contaminantes y la vida \u00fatil del motor.<\/p>\n\n<div class=\"wp-block-buttons is-layout-flex wp-block-buttons-is-layout-flex\" style=\"margin-bottom:var(--wp--preset--spacing--70)\">\n<div class=\"wp-block-button\"><a class=\"wp-block-button__link wp-element-button\" href=\"https:\/\/eu.motorad.com\/es\/products\/\">Encuentre su termostato<\/a><\/div>\n<\/div>\n\n<p><\/p>\n","protected":false},"excerpt":{"rendered":"<p>MotoRad ofrece una l\u00ednea completa de termostatos para reemplazar los termostatos de equipo original. Los termostatos MotoRad vienen en tres [&#8230;]<\/p>\n","protected":false},"author":1,"featured_media":0,"parent":6767,"menu_order":0,"comment_status":"closed","ping_status":"closed","template":"","meta":{"_acf_changed":false,"footnotes":""},"class_list":["post-6715","page","type-page","status-publish","hentry"],"acf":[],"yoast_head":"<!-- This site is optimized with the Yoast SEO Premium plugin v27.2 (Yoast SEO v27.2) - https:\/\/yoast.com\/product\/yoast-seo-premium-wordpress\/ -->\n<title>Termostatos automotrices - MotoRad<\/title>\n<meta name=\"description\" content=\"MotoRad - Termostatos automotrices %\" \/>\n<meta name=\"robots\" content=\"index, follow, max-snippet:-1, max-image-preview:large, max-video-preview:-1\" \/>\n<link rel=\"canonical\" href=\"https:\/\/eu.motorad.com\/es\/products\/termostatos\/termostatos-automotrices\/\" \/>\n<meta property=\"og:locale\" content=\"es_ES\" \/>\n<meta property=\"og:type\" content=\"article\" \/>\n<meta property=\"og:title\" content=\"Termostatos automotrices\" \/>\n<meta property=\"og:description\" content=\"MotoRad - Termostatos automotrices %\" \/>\n<meta property=\"og:url\" content=\"https:\/\/eu.motorad.com\/es\/products\/termostatos\/termostatos-automotrices\/\" \/>\n<meta property=\"og:site_name\" content=\"MotoRad\" \/>\n<meta property=\"article:modified_time\" content=\"2025-06-30T18:28:10+00:00\" \/>\n<meta name=\"twitter:card\" content=\"summary_large_image\" \/>\n<meta name=\"twitter:label1\" content=\"Est. reading time\" \/>\n\t<meta name=\"twitter:data1\" content=\"1 minuto\" \/>\n<script type=\"application\/ld+json\" class=\"yoast-schema-graph\">{\"@context\":\"https:\/\/schema.org\",\"@graph\":[{\"@type\":\"WebPage\",\"@id\":\"https:\/\/eu.motorad.com\/es\/products\/termostatos\/termostatos-automotrices\/\",\"url\":\"https:\/\/eu.motorad.com\/es\/products\/termostatos\/termostatos-automotrices\/\",\"name\":\"Termostatos automotrices - MotoRad\",\"isPartOf\":{\"@id\":\"https:\/\/eu.motorad.com\/es\/#website\"},\"primaryImageOfPage\":{\"@id\":\"https:\/\/eu.motorad.com\/es\/products\/termostatos\/termostatos-automotrices\/#primaryimage\"},\"image\":{\"@id\":\"https:\/\/eu.motorad.com\/es\/products\/termostatos\/termostatos-automotrices\/#primaryimage\"},\"thumbnailUrl\":\"https:\/\/eu.motorad.com\/wp-content\/uploads\/2025\/04\/Motorad-04.svg\",\"datePublished\":\"2025-04-03T15:39:49+00:00\",\"dateModified\":\"2025-06-30T18:28:10+00:00\",\"description\":\"MotoRad - Termostatos automotrices %\",\"breadcrumb\":{\"@id\":\"https:\/\/eu.motorad.com\/es\/products\/termostatos\/termostatos-automotrices\/#breadcrumb\"},\"inLanguage\":\"es\",\"potentialAction\":[{\"@type\":\"ReadAction\",\"target\":[\"https:\/\/eu.motorad.com\/es\/products\/termostatos\/termostatos-automotrices\/\"]}]},{\"@type\":\"ImageObject\",\"inLanguage\":\"es\",\"@id\":\"https:\/\/eu.motorad.com\/es\/products\/termostatos\/termostatos-automotrices\/#primaryimage\",\"url\":\"https:\/\/eu.motorad.com\/wp-content\/uploads\/2025\/04\/Motorad-04.svg\",\"contentUrl\":\"https:\/\/eu.motorad.com\/wp-content\/uploads\/2025\/04\/Motorad-04.svg\"},{\"@type\":\"BreadcrumbList\",\"@id\":\"https:\/\/eu.motorad.com\/es\/products\/termostatos\/termostatos-automotrices\/#breadcrumb\",\"itemListElement\":[{\"@type\":\"ListItem\",\"position\":1,\"name\":\"Home\",\"item\":\"https:\/\/motoradnew.test\/es\/pagina-de-inicio\/\"},{\"@type\":\"ListItem\",\"position\":2,\"name\":\"Products\",\"item\":\"https:\/\/motoradnew.test\/es\/products\/\"},{\"@type\":\"ListItem\",\"position\":3,\"name\":\"Termostatos\",\"item\":\"https:\/\/motoradnew.test\/es\/products\/termostatos\/\"},{\"@type\":\"ListItem\",\"position\":4,\"name\":\"Termostatos automotrices\"}]},{\"@type\":\"WebSite\",\"@id\":\"https:\/\/eu.motorad.com\/es\/#website\",\"url\":\"https:\/\/eu.motorad.com\/es\/\",\"name\":\"MotoRad\",\"description\":\"Trusted to Deliver Better - Thermal Management, Emissions, Powertrain Controls\",\"potentialAction\":[{\"@type\":\"SearchAction\",\"target\":{\"@type\":\"EntryPoint\",\"urlTemplate\":\"https:\/\/eu.motorad.com\/es\/?s={search_term_string}\"},\"query-input\":{\"@type\":\"PropertyValueSpecification\",\"valueRequired\":true,\"valueName\":\"search_term_string\"}}],\"inLanguage\":\"es\"}]}<\/script>\n<!-- \/ Yoast SEO Premium plugin. -->","yoast_head_json":{"title":"Termostatos automotrices - MotoRad","description":"MotoRad - Termostatos automotrices %","robots":{"index":"index","follow":"follow","max-snippet":"max-snippet:-1","max-image-preview":"max-image-preview:large","max-video-preview":"max-video-preview:-1"},"canonical":"https:\/\/eu.motorad.com\/es\/products\/termostatos\/termostatos-automotrices\/","og_locale":"es_ES","og_type":"article","og_title":"Termostatos automotrices","og_description":"MotoRad - Termostatos automotrices %","og_url":"https:\/\/eu.motorad.com\/es\/products\/termostatos\/termostatos-automotrices\/","og_site_name":"MotoRad","article_modified_time":"2025-06-30T18:28:10+00:00","twitter_card":"summary_large_image","twitter_misc":{"Est. reading time":"1 minuto"},"schema":{"@context":"https:\/\/schema.org","@graph":[{"@type":"WebPage","@id":"https:\/\/eu.motorad.com\/es\/products\/termostatos\/termostatos-automotrices\/","url":"https:\/\/eu.motorad.com\/es\/products\/termostatos\/termostatos-automotrices\/","name":"Termostatos automotrices - MotoRad","isPartOf":{"@id":"https:\/\/eu.motorad.com\/es\/#website"},"primaryImageOfPage":{"@id":"https:\/\/eu.motorad.com\/es\/products\/termostatos\/termostatos-automotrices\/#primaryimage"},"image":{"@id":"https:\/\/eu.motorad.com\/es\/products\/termostatos\/termostatos-automotrices\/#primaryimage"},"thumbnailUrl":"https:\/\/eu.motorad.com\/wp-content\/uploads\/2025\/04\/Motorad-04.svg","datePublished":"2025-04-03T15:39:49+00:00","dateModified":"2025-06-30T18:28:10+00:00","description":"MotoRad - Termostatos automotrices %","breadcrumb":{"@id":"https:\/\/eu.motorad.com\/es\/products\/termostatos\/termostatos-automotrices\/#breadcrumb"},"inLanguage":"es","potentialAction":[{"@type":"ReadAction","target":["https:\/\/eu.motorad.com\/es\/products\/termostatos\/termostatos-automotrices\/"]}]},{"@type":"ImageObject","inLanguage":"es","@id":"https:\/\/eu.motorad.com\/es\/products\/termostatos\/termostatos-automotrices\/#primaryimage","url":"https:\/\/eu.motorad.com\/wp-content\/uploads\/2025\/04\/Motorad-04.svg","contentUrl":"https:\/\/eu.motorad.com\/wp-content\/uploads\/2025\/04\/Motorad-04.svg"},{"@type":"BreadcrumbList","@id":"https:\/\/eu.motorad.com\/es\/products\/termostatos\/termostatos-automotrices\/#breadcrumb","itemListElement":[{"@type":"ListItem","position":1,"name":"Home","item":"https:\/\/motoradnew.test\/es\/pagina-de-inicio\/"},{"@type":"ListItem","position":2,"name":"Products","item":"https:\/\/motoradnew.test\/es\/products\/"},{"@type":"ListItem","position":3,"name":"Termostatos","item":"https:\/\/motoradnew.test\/es\/products\/termostatos\/"},{"@type":"ListItem","position":4,"name":"Termostatos automotrices"}]},{"@type":"WebSite","@id":"https:\/\/eu.motorad.com\/es\/#website","url":"https:\/\/eu.motorad.com\/es\/","name":"MotoRad","description":"Trusted to Deliver Better - Thermal Management, Emissions, Powertrain Controls","potentialAction":[{"@type":"SearchAction","target":{"@type":"EntryPoint","urlTemplate":"https:\/\/eu.motorad.com\/es\/?s={search_term_string}"},"query-input":{"@type":"PropertyValueSpecification","valueRequired":true,"valueName":"search_term_string"}}],"inLanguage":"es"}]}},"_links":{"self":[{"href":"https:\/\/eu.motorad.com\/es\/wp-json\/wp\/v2\/pages\/6715","targetHints":{"allow":["GET"]}}],"collection":[{"href":"https:\/\/eu.motorad.com\/es\/wp-json\/wp\/v2\/pages"}],"about":[{"href":"https:\/\/eu.motorad.com\/es\/wp-json\/wp\/v2\/types\/page"}],"author":[{"embeddable":true,"href":"https:\/\/eu.motorad.com\/es\/wp-json\/wp\/v2\/users\/1"}],"replies":[{"embeddable":true,"href":"https:\/\/eu.motorad.com\/es\/wp-json\/wp\/v2\/comments?post=6715"}],"version-history":[{"count":1,"href":"https:\/\/eu.motorad.com\/es\/wp-json\/wp\/v2\/pages\/6715\/revisions"}],"predecessor-version":[{"id":6718,"href":"https:\/\/eu.motorad.com\/es\/wp-json\/wp\/v2\/pages\/6715\/revisions\/6718"}],"up":[{"embeddable":true,"href":"https:\/\/eu.motorad.com\/es\/wp-json\/wp\/v2\/pages\/6767"}],"wp:attachment":[{"href":"https:\/\/eu.motorad.com\/es\/wp-json\/wp\/v2\/media?parent=6715"}],"curies":[{"name":"wp","href":"https:\/\/api.w.org\/{rel}","templated":true}]}}