{"id":6719,"date":"2025-04-03T15:47:22","date_gmt":"2025-04-03T15:47:22","guid":{"rendered":"https:\/\/eu.motorad.com\/termostatos-motorad-ultrastat\/"},"modified":"2025-06-30T18:28:11","modified_gmt":"2025-06-30T18:28:11","slug":"termostatos-motorad-ultrastat","status":"publish","type":"page","link":"https:\/\/eu.motorad.com\/es\/products\/termostatos\/termostatos-motorad-ultrastat\/","title":{"rendered":"Termostatos MotoRad UltraStat\u00ae"},"content":{"rendered":"<h1 style=\"margin-top:var(--wp--preset--spacing--60);margin-right:0;margin-bottom:var(--wp--preset--spacing--60);\" class=\"wp-block-post-title\">Termostatos MotoRad UltraStat\u00ae<\/h1>\n<div class=\"wp-block-columns is-layout-flex wp-container-core-columns-is-layout-212ad063 wp-block-columns-is-layout-flex\" style=\"margin-bottom:var(--wp--preset--spacing--70)\">\n<div class=\"wp-block-column is-layout-flow wp-block-column-is-layout-flow\" style=\"flex-basis:33.33%\">\n<figure class=\"wp-block-image size-full\"><img loading=\"lazy\" decoding=\"async\" width=\"720\" height=\"347\" src=\"https:\/\/eu.motorad.com\/wp-content\/uploads\/2025\/04\/UltraStat_Image_web-1.jpg\" alt=\"\" class=\"wp-image-3415\" srcset=\"https:\/\/eu.motorad.com\/wp-content\/uploads\/2025\/04\/UltraStat_Image_web-1.jpg 720w, https:\/\/eu.motorad.com\/wp-content\/uploads\/2025\/04\/UltraStat_Image_web-1-300x145.jpg 300w\" sizes=\"auto, (max-width: 720px) 100vw, 720px\" \/><\/figure>\n<\/div>\n\n\n\n<div class=\"wp-block-column is-layout-flow wp-block-column-is-layout-flow\" style=\"flex-basis:66.66%\">\n<p>Los termostatos de acero inoxidable MotoRad\u00ae UltraStat\u00ae son una l\u00ednea innovadora de opciones de actualizaci\u00f3n para el reemplazo de termostatos automotrices, ofreciendo numerosas caracter\u00edsticas y beneficios sobre el equipo original. La construcci\u00f3n en acero inoxidable de calibre pesado proporciona la mayor resistencia a la corrosi\u00f3n de cualquier termostato en el mercado. La tecnolog\u00eda de dise\u00f1o de v\u00e1lvula BLVT\u2122 patentada previene el choque t\u00e9rmico, mientras que el robusto dise\u00f1o AccuSpring\u2122 proporciona una carga de resorte precisa que estabiliza la temperatura, resultando en un mayor confort en la cabina.  <\/p>\n<\/div>\n<\/div>\n\n<figure class=\"wp-block-embed is-type-video is-provider-youtube wp-block-embed-youtube wp-embed-aspect-16-9 wp-has-aspect-ratio\" style=\"margin-bottom:var(--wp--preset--spacing--60)\"><div class=\"wp-block-embed__wrapper\">\n<iframe loading=\"lazy\" title=\"UltraStat\u00ae Thermostat by MotoRad\" width=\"500\" height=\"281\" src=\"https:\/\/www.youtube.com\/embed\/TsLFy4nwlBY?feature=oembed\" frameborder=\"0\" allow=\"accelerometer; autoplay; clipboard-write; encrypted-media; gyroscope; picture-in-picture; web-share\" referrerpolicy=\"strict-origin-when-cross-origin\" allowfullscreen><\/iframe>\n<\/div><\/figure>\n\n<p style=\"margin-bottom:var(--wp--preset--spacing--30)\"><strong>\u00bfBUSCAS OPORTUNIDADES DE MEJORA?<\/strong><\/p>\n\n<p style=\"margin-bottom:var(--wp--preset--spacing--30)\">Los equipos de producto e ingenier\u00eda de MotoRad\u00ae est\u00e1n en sinton\u00eda con los problemas del mercado, proporcionando soluciones de productos OEM+ innovadoras que te dan a ti y a tus clientes \u00a1OPCIONES!<\/p>\n\n<p style=\"margin-bottom:var(--wp--preset--spacing--30)\"><strong>Actualiza<\/strong> <strong>a tus clientes a<\/strong> <strong>UltraStat\u00ae<\/strong><\/p>\n\n<ul style=\"margin-bottom:var(--wp--preset--spacing--60)\" class=\"wp-block-list\">\n<li><em>La construcci\u00f3n en acero inoxidable<\/em> <em>de calibre pesado proporciona la mayor<\/em> <em>resistencia a la corrosi\u00f3n de cualquier<\/em> <em>termostato en el mercado.<\/em><\/li>\n\n\n\n<li><em>La tecnolog\u00eda de dise\u00f1o de v\u00e1lvula BLVT\u2122<\/em> <em>patentada previene el choque t\u00e9rmico<\/em>.<\/li>\n\n\n\n<li><em>El robusto dise\u00f1o AccuSpring\u2122 proporciona<\/em> <em>una carga de resorte precisa que estabiliza<\/em> <em>la temperatura, aumentando<\/em> <em>el confort en la cabina<\/em>.<\/li>\n<\/ul>\n\n<div class=\"wp-block-columns is-layout-flex wp-container-core-columns-is-layout-8dca0e93 wp-block-columns-is-layout-flex\" style=\"margin-bottom:var(--wp--preset--spacing--70)\">\n<div class=\"wp-block-column is-vertically-aligned-center is-layout-flow wp-block-column-is-layout-flow\" style=\"flex-basis:33.33%\">\n<figure class=\"wp-block-image aligncenter size-full\"><img loading=\"lazy\" decoding=\"async\" width=\"291\" height=\"261\" src=\"https:\/\/eu.motorad.com\/wp-content\/uploads\/2025\/04\/ultrastat.webp\" alt=\"\" class=\"wp-image-3441\"\/><\/figure>\n<\/div>\n\n\n\n<div class=\"wp-block-column is-layout-flow wp-block-column-is-layout-flow\" style=\"flex-basis:66.66%\">\n<h2 class=\"wp-block-heading\" id=\"h-designed-for-severe-duty-amp-high-performance-engines\" style=\"margin-bottom:var(--wp--preset--spacing--40)\">Dise\u00f1ado para motores de alto rendimiento y servicio severo<\/h2>\n\n\n\n<p style=\"margin-bottom:var(--wp--preset--spacing--50)\">Puedes utilizar nuestro cat\u00e1logo en l\u00ednea de termostatos y buscador de piezas para intercambio de veh\u00edculos y n\u00fameros de referencia cruzada de piezas con c\u00f3digos SKU de fabricantes y proveedores para encontrar el termostato correcto para tu veh\u00edculo. <\/p>\n\n\n\n<div class=\"wp-block-buttons is-layout-flex wp-block-buttons-is-layout-flex\">\n<div class=\"wp-block-button\"><a class=\"wp-block-button__link wp-element-button\" href=\"https:\/\/eu.motorad.com\/es\/products\/\">Encuentre su termostato<\/a><\/div>\n<\/div>\n<\/div>\n<\/div>\n\n<div class=\"wp-block-cover alignfull is-light\" style=\"padding-top:var(--wp--preset--spacing--60);padding-bottom:var(--wp--preset--spacing--60)\"><span aria-hidden=\"true\" class=\"wp-block-cover__background has-background-dim-0 has-background-dim\" style=\"background-color:#ece5d9\"><\/span><img loading=\"lazy\" decoding=\"async\" width=\"1505\" height=\"305\" class=\"wp-block-cover__image-background wp-image-223\" alt=\"\" src=\"https:\/\/eu.motorad.com\/wp-content\/uploads\/2025\/03\/FooterCTA.jpg\" data-object-fit=\"cover\" srcset=\"https:\/\/eu.motorad.com\/wp-content\/uploads\/2025\/03\/FooterCTA.jpg 1505w, https:\/\/eu.motorad.com\/wp-content\/uploads\/2025\/03\/FooterCTA-300x61.jpg 300w, https:\/\/eu.motorad.com\/wp-content\/uploads\/2025\/03\/FooterCTA-1024x208.jpg 1024w, https:\/\/eu.motorad.com\/wp-content\/uploads\/2025\/03\/FooterCTA-768x156.jpg 768w\" sizes=\"auto, (max-width: 1505px) 100vw, 1505px\" \/><div class=\"wp-block-cover__inner-container is-layout-flow wp-block-cover-is-layout-flow\">\n<div class=\"wp-block-columns are-vertically-aligned-center is-layout-flex wp-container-core-columns-is-layout-cbe57604 wp-block-columns-is-layout-flex\">\n<div class=\"wp-block-column is-vertically-aligned-center is-layout-flow wp-block-column-is-layout-flow\" style=\"flex-basis:45%\">\n<h2 class=\"wp-block-heading has-text-align-center has-palette-text-color has-text-color\" id=\"h-need-help-finding-the-right-product\" style=\"margin-bottom:var(--wp--preset--spacing--40)\">\u00bfNecesitas ayuda para encontrar el producto adecuado?<\/h2>\n\n\n\n<p class=\"has-text-align-center has-palette-text-color has-text-color\" style=\"margin-bottom:var(--wp--preset--spacing--50)\">Nuestro equipo especializado est\u00e1 aqu\u00ed para orientarte en la direcci\u00f3n correcta. Haz clic a continuaci\u00f3n y dinos c\u00f3mo podemos ayudarte a encontrar el producto ideal para tu necesidad. Tu viaje para experimentar MEJOR empieza aqu\u00ed.  <\/p>\n\n\n\n<div class=\"wp-block-buttons is-content-justification-center is-layout-flex wp-container-core-buttons-is-layout-a89b3969 wp-block-buttons-is-layout-flex\">\n<div class=\"wp-block-button\"><a class=\"wp-block-button__link has-text-align-center wp-element-button\" href=\"https:\/\/eu.motorad.com\/contact\/need-help-finding-something\/\">Habla con un especialista de MotoRad<\/a><\/div>\n<\/div>\n<\/div>\n\n\n\n<div class=\"wp-block-column is-layout-flow wp-block-column-is-layout-flow\" style=\"flex-basis:10%\"><\/div>\n\n\n\n<div class=\"wp-block-column is-layout-flow wp-block-column-is-layout-flow\" style=\"flex-basis:45%\">\n<h2 class=\"wp-block-heading has-text-align-center has-palette-text-color has-text-color\" id=\"h-looking-for-custom-development\" style=\"margin-bottom:var(--wp--preset--spacing--40)\">\u00bfBuscas un desarrollo a medida?<\/h2>\n\n\n\n<p class=\"has-text-align-center has-palette-text-color has-text-color\" style=\"margin-bottom:var(--wp--preset--spacing--50)\">No nos limitamos a los productos, sino que creamos soluciones a medida que se adaptan a tus necesidades. \u00bfEst\u00e1s preparado para dar vida a tu nuevo proyecto? Haz clic a continuaci\u00f3n y embarqu\u00e9monos juntos en el viaje del desarrollo de productos personalizados.  <\/p>\n\n\n\n<div class=\"wp-block-buttons is-content-justification-center is-layout-flex wp-container-core-buttons-is-layout-a89b3969 wp-block-buttons-is-layout-flex\">\n<div class=\"wp-block-button is-style-fill\"><a class=\"wp-block-button__link has-palette-bg-color has-palette-text-background-color has-text-color has-background has-text-align-center wp-element-button\" href=\"https:\/\/eu.motorad.com\/contact\/do-you-need-custom-development\/\">Queremos ser tu proveedor<\/a><\/div>\n<\/div>\n<\/div>\n<\/div>\n<\/div><\/div>\n","protected":false},"excerpt":{"rendered":"<p>Los termostatos de acero inoxidable MotoRad\u00ae UltraStat\u00ae son una l\u00ednea innovadora de opciones de actualizaci\u00f3n para el reemplazo de termostatos [&#8230;]<\/p>\n","protected":false},"author":1,"featured_media":0,"parent":6767,"menu_order":0,"comment_status":"closed","ping_status":"closed","template":"","meta":{"_acf_changed":false,"footnotes":""},"class_list":["post-6719","page","type-page","status-publish","hentry"],"acf":[],"yoast_head":"<!-- This site is optimized with the Yoast SEO Premium plugin v27.2 (Yoast SEO v27.2) - https:\/\/yoast.com\/product\/yoast-seo-premium-wordpress\/ -->\n<title>Termostatos MotoRad UltraStat\u00ae - MotoRad<\/title>\n<meta name=\"description\" content=\"MotoRad - Termostatos MotoRad UltraStat\u00ae %\" \/>\n<meta name=\"robots\" content=\"index, follow, max-snippet:-1, max-image-preview:large, max-video-preview:-1\" \/>\n<link rel=\"canonical\" href=\"https:\/\/eu.motorad.com\/es\/products\/termostatos\/termostatos-motorad-ultrastat\/\" \/>\n<meta property=\"og:locale\" content=\"es_ES\" \/>\n<meta property=\"og:type\" content=\"article\" \/>\n<meta property=\"og:title\" content=\"Termostatos MotoRad UltraStat\u00ae\" \/>\n<meta property=\"og:description\" content=\"MotoRad - Termostatos MotoRad UltraStat\u00ae %\" \/>\n<meta property=\"og:url\" content=\"https:\/\/eu.motorad.com\/es\/products\/termostatos\/termostatos-motorad-ultrastat\/\" \/>\n<meta property=\"og:site_name\" content=\"MotoRad\" \/>\n<meta property=\"article:modified_time\" content=\"2025-06-30T18:28:11+00:00\" \/>\n<meta property=\"og:image\" content=\"https:\/\/eu.motorad.com\/wp-content\/uploads\/2025\/04\/UltraStat_Image_web-1.jpg\" \/>\n\t<meta property=\"og:image:width\" content=\"720\" \/>\n\t<meta property=\"og:image:height\" content=\"347\" \/>\n\t<meta property=\"og:image:type\" content=\"image\/jpeg\" \/>\n<meta name=\"twitter:card\" content=\"summary_large_image\" \/>\n<meta name=\"twitter:label1\" content=\"Est. reading time\" \/>\n\t<meta name=\"twitter:data1\" content=\"1 minuto\" \/>\n<script type=\"application\/ld+json\" class=\"yoast-schema-graph\">{\"@context\":\"https:\/\/schema.org\",\"@graph\":[{\"@type\":\"WebPage\",\"@id\":\"https:\/\/eu.motorad.com\/es\/products\/termostatos\/termostatos-motorad-ultrastat\/\",\"url\":\"https:\/\/eu.motorad.com\/es\/products\/termostatos\/termostatos-motorad-ultrastat\/\",\"name\":\"Termostatos MotoRad UltraStat\u00ae - MotoRad\",\"isPartOf\":{\"@id\":\"https:\/\/eu.motorad.com\/es\/#website\"},\"primaryImageOfPage\":{\"@id\":\"https:\/\/eu.motorad.com\/es\/products\/termostatos\/termostatos-motorad-ultrastat\/#primaryimage\"},\"image\":{\"@id\":\"https:\/\/eu.motorad.com\/es\/products\/termostatos\/termostatos-motorad-ultrastat\/#primaryimage\"},\"thumbnailUrl\":\"https:\/\/eu.motorad.com\/wp-content\/uploads\/2025\/04\/UltraStat_Image_web-1.jpg\",\"datePublished\":\"2025-04-03T15:47:22+00:00\",\"dateModified\":\"2025-06-30T18:28:11+00:00\",\"description\":\"MotoRad - Termostatos MotoRad UltraStat\u00ae %\",\"breadcrumb\":{\"@id\":\"https:\/\/eu.motorad.com\/es\/products\/termostatos\/termostatos-motorad-ultrastat\/#breadcrumb\"},\"inLanguage\":\"es\",\"potentialAction\":[{\"@type\":\"ReadAction\",\"target\":[\"https:\/\/eu.motorad.com\/es\/products\/termostatos\/termostatos-motorad-ultrastat\/\"]}]},{\"@type\":\"ImageObject\",\"inLanguage\":\"es\",\"@id\":\"https:\/\/eu.motorad.com\/es\/products\/termostatos\/termostatos-motorad-ultrastat\/#primaryimage\",\"url\":\"https:\/\/eu.motorad.com\/wp-content\/uploads\/2025\/04\/UltraStat_Image_web-1.jpg\",\"contentUrl\":\"https:\/\/eu.motorad.com\/wp-content\/uploads\/2025\/04\/UltraStat_Image_web-1.jpg\"},{\"@type\":\"BreadcrumbList\",\"@id\":\"https:\/\/eu.motorad.com\/es\/products\/termostatos\/termostatos-motorad-ultrastat\/#breadcrumb\",\"itemListElement\":[{\"@type\":\"ListItem\",\"position\":1,\"name\":\"Home\",\"item\":\"https:\/\/motoradnew.test\/es\/pagina-de-inicio\/\"},{\"@type\":\"ListItem\",\"position\":2,\"name\":\"Products\",\"item\":\"https:\/\/motoradnew.test\/es\/products\/\"},{\"@type\":\"ListItem\",\"position\":3,\"name\":\"Termostatos\",\"item\":\"https:\/\/motoradnew.test\/es\/products\/termostatos\/\"},{\"@type\":\"ListItem\",\"position\":4,\"name\":\"Termostatos MotoRad UltraStat\u00ae\"}]},{\"@type\":\"WebSite\",\"@id\":\"https:\/\/eu.motorad.com\/es\/#website\",\"url\":\"https:\/\/eu.motorad.com\/es\/\",\"name\":\"MotoRad\",\"description\":\"Trusted to Deliver Better - Thermal Management, Emissions, Powertrain Controls\",\"potentialAction\":[{\"@type\":\"SearchAction\",\"target\":{\"@type\":\"EntryPoint\",\"urlTemplate\":\"https:\/\/eu.motorad.com\/es\/?s={search_term_string}\"},\"query-input\":{\"@type\":\"PropertyValueSpecification\",\"valueRequired\":true,\"valueName\":\"search_term_string\"}}],\"inLanguage\":\"es\"}]}<\/script>\n<!-- \/ Yoast SEO Premium plugin. -->","yoast_head_json":{"title":"Termostatos MotoRad UltraStat\u00ae - MotoRad","description":"MotoRad - Termostatos MotoRad UltraStat\u00ae %","robots":{"index":"index","follow":"follow","max-snippet":"max-snippet:-1","max-image-preview":"max-image-preview:large","max-video-preview":"max-video-preview:-1"},"canonical":"https:\/\/eu.motorad.com\/es\/products\/termostatos\/termostatos-motorad-ultrastat\/","og_locale":"es_ES","og_type":"article","og_title":"Termostatos MotoRad UltraStat\u00ae","og_description":"MotoRad - Termostatos MotoRad UltraStat\u00ae %","og_url":"https:\/\/eu.motorad.com\/es\/products\/termostatos\/termostatos-motorad-ultrastat\/","og_site_name":"MotoRad","article_modified_time":"2025-06-30T18:28:11+00:00","og_image":[{"width":720,"height":347,"url":"https:\/\/eu.motorad.com\/wp-content\/uploads\/2025\/04\/UltraStat_Image_web-1.jpg","type":"image\/jpeg"}],"twitter_card":"summary_large_image","twitter_misc":{"Est. reading time":"1 minuto"},"schema":{"@context":"https:\/\/schema.org","@graph":[{"@type":"WebPage","@id":"https:\/\/eu.motorad.com\/es\/products\/termostatos\/termostatos-motorad-ultrastat\/","url":"https:\/\/eu.motorad.com\/es\/products\/termostatos\/termostatos-motorad-ultrastat\/","name":"Termostatos MotoRad UltraStat\u00ae - MotoRad","isPartOf":{"@id":"https:\/\/eu.motorad.com\/es\/#website"},"primaryImageOfPage":{"@id":"https:\/\/eu.motorad.com\/es\/products\/termostatos\/termostatos-motorad-ultrastat\/#primaryimage"},"image":{"@id":"https:\/\/eu.motorad.com\/es\/products\/termostatos\/termostatos-motorad-ultrastat\/#primaryimage"},"thumbnailUrl":"https:\/\/eu.motorad.com\/wp-content\/uploads\/2025\/04\/UltraStat_Image_web-1.jpg","datePublished":"2025-04-03T15:47:22+00:00","dateModified":"2025-06-30T18:28:11+00:00","description":"MotoRad - Termostatos MotoRad UltraStat\u00ae %","breadcrumb":{"@id":"https:\/\/eu.motorad.com\/es\/products\/termostatos\/termostatos-motorad-ultrastat\/#breadcrumb"},"inLanguage":"es","potentialAction":[{"@type":"ReadAction","target":["https:\/\/eu.motorad.com\/es\/products\/termostatos\/termostatos-motorad-ultrastat\/"]}]},{"@type":"ImageObject","inLanguage":"es","@id":"https:\/\/eu.motorad.com\/es\/products\/termostatos\/termostatos-motorad-ultrastat\/#primaryimage","url":"https:\/\/eu.motorad.com\/wp-content\/uploads\/2025\/04\/UltraStat_Image_web-1.jpg","contentUrl":"https:\/\/eu.motorad.com\/wp-content\/uploads\/2025\/04\/UltraStat_Image_web-1.jpg"},{"@type":"BreadcrumbList","@id":"https:\/\/eu.motorad.com\/es\/products\/termostatos\/termostatos-motorad-ultrastat\/#breadcrumb","itemListElement":[{"@type":"ListItem","position":1,"name":"Home","item":"https:\/\/motoradnew.test\/es\/pagina-de-inicio\/"},{"@type":"ListItem","position":2,"name":"Products","item":"https:\/\/motoradnew.test\/es\/products\/"},{"@type":"ListItem","position":3,"name":"Termostatos","item":"https:\/\/motoradnew.test\/es\/products\/termostatos\/"},{"@type":"ListItem","position":4,"name":"Termostatos MotoRad UltraStat\u00ae"}]},{"@type":"WebSite","@id":"https:\/\/eu.motorad.com\/es\/#website","url":"https:\/\/eu.motorad.com\/es\/","name":"MotoRad","description":"Trusted to Deliver Better - Thermal Management, Emissions, Powertrain Controls","potentialAction":[{"@type":"SearchAction","target":{"@type":"EntryPoint","urlTemplate":"https:\/\/eu.motorad.com\/es\/?s={search_term_string}"},"query-input":{"@type":"PropertyValueSpecification","valueRequired":true,"valueName":"search_term_string"}}],"inLanguage":"es"}]}},"_links":{"self":[{"href":"https:\/\/eu.motorad.com\/es\/wp-json\/wp\/v2\/pages\/6719","targetHints":{"allow":["GET"]}}],"collection":[{"href":"https:\/\/eu.motorad.com\/es\/wp-json\/wp\/v2\/pages"}],"about":[{"href":"https:\/\/eu.motorad.com\/es\/wp-json\/wp\/v2\/types\/page"}],"author":[{"embeddable":true,"href":"https:\/\/eu.motorad.com\/es\/wp-json\/wp\/v2\/users\/1"}],"replies":[{"embeddable":true,"href":"https:\/\/eu.motorad.com\/es\/wp-json\/wp\/v2\/comments?post=6719"}],"version-history":[{"count":1,"href":"https:\/\/eu.motorad.com\/es\/wp-json\/wp\/v2\/pages\/6719\/revisions"}],"predecessor-version":[{"id":6723,"href":"https:\/\/eu.motorad.com\/es\/wp-json\/wp\/v2\/pages\/6719\/revisions\/6723"}],"up":[{"embeddable":true,"href":"https:\/\/eu.motorad.com\/es\/wp-json\/wp\/v2\/pages\/6767"}],"wp:attachment":[{"href":"https:\/\/eu.motorad.com\/es\/wp-json\/wp\/v2\/media?parent=6719"}],"curies":[{"name":"wp","href":"https:\/\/api.w.org\/{rel}","templated":true}]}}