{"id":6767,"date":"2025-04-03T15:31:25","date_gmt":"2025-04-03T15:31:25","guid":{"rendered":"https:\/\/eu.motorad.com\/products\/termostatos\/"},"modified":"2025-06-30T18:28:13","modified_gmt":"2025-06-30T18:28:13","slug":"termostatos","status":"publish","type":"page","link":"https:\/\/eu.motorad.com\/es\/products\/termostatos\/","title":{"rendered":"Termostatos"},"content":{"rendered":"\n<div class=\"wp-block-columns is-layout-flex wp-container-core-columns-is-layout-45c10ec9 wp-block-columns-is-layout-flex\" style=\"margin-top:var(--wp--preset--spacing--60);margin-bottom:var(--wp--preset--spacing--60)\">\n<div class=\"wp-block-column is-vertically-aligned-center is-layout-flow wp-block-column-is-layout-flow\" style=\"flex-basis:33.33%\">\n<figure class=\"wp-block-image aligncenter size-full\"><img loading=\"lazy\" decoding=\"async\" width=\"216\" height=\"216\" src=\"https:\/\/eu.motorad.com\/wp-content\/uploads\/2025\/04\/Motorad-04.svg\" alt=\"\" class=\"wp-image-3379\"\/><\/figure>\n<\/div>\n\n\n\n<div class=\"wp-block-column is-layout-flow wp-block-column-is-layout-flow\" style=\"flex-basis:66.66%\">\n<h2 class=\"wp-block-heading\" id=\"h-explore-oem-quality-automotive-thermostats-motorad\" style=\"margin-bottom:var(--wp--preset--spacing--50)\">Explore termostatos automotrices de calidad OEM | MotoRad\u00ae<\/h2>\n\n\n\n<p style=\"margin-bottom:var(--wp--preset--spacing--20)\">MotoRad\u00ae ofrece la mejor cobertura de termostatos en el mundo para casi cualquier veh\u00edculo y motor. Los termostatos MotoRad\u00ae desempe\u00f1an un papel cr\u00edtico en el mantenimiento de la temperatura de funcionamiento del motor.  <\/p>\n\n\n\n<p style=\"margin-bottom:var(--wp--preset--spacing--20)\"><em>El termostato act\u00faa como una v\u00e1lvula sensible a la temperatura <\/em>que regula el flujo de refrigerante del motor<em>.<\/em> <em>Se abre y se cierra en respuesta a la temperatura del motor, manteni\u00e9ndola<\/em> <em>dentro del rango de funcionamiento ideal.<\/em><\/p>\n\n\n\n<p style=\"margin-bottom:var(--wp--preset--spacing--20)\">El rendimiento del termostato en un veh\u00edculo afecta la eficiencia de la combusti\u00f3n y la transferencia de potencia, el consumo de combustible, la emisi\u00f3n de contaminantes y la vida \u00fatil del motor.<\/p>\n\n\n\n<p style=\"margin-bottom:var(--wp--preset--spacing--20)\"><em><strong>Caracter\u00edsticas principales:<\/strong><\/em><\/p>\n\n\n\n<ul class=\"wp-block-list\">\n<li><em>El termostato ayuda a evitar que el motor se sobrecaliente al permitir<\/em> <em>que el refrigerante circule cuando el motor alcanza cierta temperatura.<\/em><\/li>\n\n\n\n<li><em>Mantener el motor a la temperatura de funcionamiento correcta mejora<\/em> <em>la eficiencia del combustible.<\/em><\/li>\n\n\n\n<li><em>Mantener la temperatura correcta del motor es esencial<\/em> <em>para el control de emisiones.<\/em><\/li>\n\n\n\n<li>Los motores de combusti\u00f3n interna (I.C.E.), as\u00ed como los veh\u00edculos electrificados, h\u00edbridos y el\u00e9ctricos, utilizan termostatos para mantener la temperatura de funcionamiento adecuada. <\/li>\n<\/ul>\n<\/div>\n<\/div>\n\n<h3 class=\"wp-block-heading\" id=\"h-premium-automotive-thermostats-for-global-distribution\" style=\"margin-bottom:var(--wp--preset--spacing--40)\">Termostatos automotrices premium para distribuci\u00f3n global<\/h3>\n\n<p style=\"margin-bottom:var(--wp--preset--spacing--30)\">MotoRad\u00ae es el principal fabricante y proveedor de termostatos automotrices y productos relacionados. Nuestro extenso cat\u00e1logo cuenta con termostatos de alta calidad adecuados para varios modelos de veh\u00edculos. Ya sea en Norteam\u00e9rica, M\u00e9xico, Canad\u00e1, Brasil, Europa o la regi\u00f3n EMEA, tenemos la soluci\u00f3n perfecta para sus necesidades automotrices.  <\/p>\n\n<h4 class=\"wp-block-heading has-text-align-center is-style-subheading\">Descubra nuestra gama:<\/h4>\n\n<p class=\"has-text-align-center is-style-subheading\" style=\"margin-bottom:var(--wp--preset--spacing--30)\">Explore nuestro cat\u00e1logo completo que presenta una amplia gama de termostatos automotrices dise\u00f1ados para cumplir con los m\u00e1s altos est\u00e1ndares de la industria. Desde modelos est\u00e1ndar hasta variantes especializadas, tenemos el termostato perfecto para su veh\u00edculo. <\/p>\n\n<div class=\"wp-block-columns is-layout-flex wp-container-core-columns-is-layout-1a0c0cd9 wp-block-columns-is-layout-flex\" style=\"margin-top:var(--wp--preset--spacing--60);margin-bottom:var(--wp--preset--spacing--60)\">\n<div class=\"wp-block-column is-layout-flow wp-block-column-is-layout-flow\">\n<h4 class=\"wp-block-heading has-text-align-center has-medium-font-size\" id=\"h-automotive-thermostats\" style=\"margin-bottom:var(--wp--preset--spacing--40)\"><a href=\"https:\/\/eu.motorad.com\/es\/products\/termostatos\/termostatos-automotrices\/\">Termostatos automotrices<\/a><\/h4>\n\n\n\n<figure class=\"wp-block-image aligncenter size-full is-resized\"><a href=\"https:\/\/eu.motorad.com\/es\/products\/termostatos\/termostatos-automotrices\/\"><img loading=\"lazy\" decoding=\"async\" width=\"240\" height=\"248\" src=\"https:\/\/eu.motorad.com\/wp-content\/uploads\/2025\/04\/part.webp\" alt=\"\" class=\"wp-image-3408\" style=\"width:auto;height:115px\"\/><\/a><\/figure>\n<\/div>\n\n\n\n<div class=\"wp-block-column is-layout-flow wp-block-column-is-layout-flow\">\n<h4 class=\"wp-block-heading has-text-align-center has-medium-font-size\" id=\"h-fail-safe-thermostats\" style=\"margin-bottom:var(--wp--preset--spacing--40)\"><a href=\"http:\/\/MotoRad%20Fail-Safe%C2%AE%20Thermostats\">Termostatos Fail-safe\u00ae<\/a><\/h4>\n\n\n\n<figure class=\"wp-block-image size-full\"><a href=\"https:\/\/eu.motorad.com\/es\/products\/termostatos\/termostatos-fail-safe-de-motorad\/\"><img loading=\"lazy\" decoding=\"async\" width=\"457\" height=\"204\" src=\"https:\/\/eu.motorad.com\/wp-content\/uploads\/2025\/04\/Fail-Safe_Callout_web-1.jpg\" alt=\"\" class=\"wp-image-3401\" srcset=\"https:\/\/eu.motorad.com\/wp-content\/uploads\/2025\/04\/Fail-Safe_Callout_web-1.jpg 457w, https:\/\/eu.motorad.com\/wp-content\/uploads\/2025\/04\/Fail-Safe_Callout_web-1-300x134.jpg 300w\" sizes=\"auto, (max-width: 457px) 100vw, 457px\" \/><\/a><\/figure>\n<\/div>\n\n\n\n<div class=\"wp-block-column is-layout-flow wp-block-column-is-layout-flow\">\n<h4 class=\"wp-block-heading has-text-align-center has-medium-font-size\" id=\"h-ultrastat-thermostats\" style=\"margin-right:0;margin-bottom:var(--wp--preset--spacing--40)\"><a href=\"https:\/\/eu.motorad.com\/es\/products\/termostatos\/termostatos-motorad-ultrastat\/\">Termostatos UltraStat\u00ae<\/a><\/h4>\n\n\n\n<figure class=\"wp-block-image size-full\"><a href=\"https:\/\/eu.motorad.com\/es\/products\/termostatos\/termostatos-motorad-ultrastat\/\"><img loading=\"lazy\" decoding=\"async\" width=\"720\" height=\"347\" src=\"https:\/\/eu.motorad.com\/wp-content\/uploads\/2025\/04\/UltraStat_Image_web-1.jpg\" alt=\"\" class=\"wp-image-3415\" srcset=\"https:\/\/eu.motorad.com\/wp-content\/uploads\/2025\/04\/UltraStat_Image_web-1.jpg 720w, https:\/\/eu.motorad.com\/wp-content\/uploads\/2025\/04\/UltraStat_Image_web-1-300x145.jpg 300w\" sizes=\"auto, (max-width: 720px) 100vw, 720px\" \/><\/a><\/figure>\n<\/div>\n\n\n\n<div class=\"wp-block-column is-layout-flow wp-block-column-is-layout-flow\">\n<h4 class=\"wp-block-heading has-text-align-center has-medium-font-size\" id=\"h-coolant-housing\" style=\"margin-bottom:var(--wp--preset--spacing--40)\"><a href=\"https:\/\/eu.motorad.com\/es\/products\/termostatos\/carcasas-de-refrigerante-motorad\/\">Carcasa de <br\/>refrigerante<\/a><\/h4>\n\n\n\n<figure class=\"wp-block-image size-full\"><a href=\"https:\/\/eu.motorad.com\/es\/products\/termostatos\/carcasas-de-refrigerante-motorad\/\"><img loading=\"lazy\" decoding=\"async\" width=\"709\" height=\"319\" src=\"https:\/\/eu.motorad.com\/wp-content\/uploads\/2025\/04\/CH1026_Angle.jpg\" alt=\"\" class=\"wp-image-3394\" srcset=\"https:\/\/eu.motorad.com\/wp-content\/uploads\/2025\/04\/CH1026_Angle.jpg 709w, https:\/\/eu.motorad.com\/wp-content\/uploads\/2025\/04\/CH1026_Angle-300x135.jpg 300w\" sizes=\"auto, (max-width: 709px) 100vw, 709px\" \/><\/a><\/figure>\n<\/div>\n\n\n\n<div class=\"wp-block-column is-layout-flow wp-block-column-is-layout-flow\">\n<h4 class=\"wp-block-heading has-text-align-center has-medium-font-size\" id=\"h-integrated-housing-thermostats\" style=\"margin-bottom:var(--wp--preset--spacing--40)\"><a href=\"https:\/\/eu.motorad.com\/es\/products\/termostatos\/termostatos-de-carcasa-integrada-motorad\/\">Termostatos de carcasa integrada<\/a><\/h4>\n\n\n\n<figure class=\"wp-block-image size-full\"><a href=\"https:\/\/eu.motorad.com\/es\/products\/termostatos\/termostatos-de-carcasa-integrada-motorad\/\"><img loading=\"lazy\" decoding=\"async\" width=\"709\" height=\"319\" src=\"https:\/\/eu.motorad.com\/wp-content\/uploads\/2025\/04\/1000-217_Angle.jpg\" alt=\"\" class=\"wp-image-3387\" srcset=\"https:\/\/eu.motorad.com\/wp-content\/uploads\/2025\/04\/1000-217_Angle.jpg 709w, https:\/\/eu.motorad.com\/wp-content\/uploads\/2025\/04\/1000-217_Angle-300x135.jpg 300w\" sizes=\"auto, (max-width: 709px) 100vw, 709px\" \/><\/a><\/figure>\n<\/div>\n<\/div>\n\n<p style=\"margin-bottom:var(--wp--preset--spacing--20)\"><strong>Referencia cruzada e intercambiabilidad de termostatos:<\/strong><br\/>Encuentre f\u00e1cilmente termostatos compatibles para su veh\u00edculo utilizando nuestra pr\u00e1ctica herramienta de referencia cruzada. Simplifique su b\u00fasqueda y asegure un ajuste preciso en todo momento. <\/p>\n\n<p style=\"margin-bottom:var(--wp--preset--spacing--20)\"><strong>Especificaciones detalladas de productos de termostatos:<\/strong><br\/>Puede acceder a especificaciones detalladas para cada termostato, lo que le ayudar\u00e1 a tomar decisiones informadas basadas en los requisitos de su veh\u00edculo. Nuestro compromiso con la calidad y la precisi\u00f3n garantiza un rendimiento \u00f3ptimo y durabilidad. <\/p>\n\n<p style=\"margin-bottom:var(--wp--preset--spacing--20)\"><strong>Fabricante y proveedor de confianza para <strong>productos de gesti\u00f3n t\u00e9rmica<\/strong>:<\/strong><br\/>Como fabricante y proveedor de confianza, MotoRad\u00ae se adhiere a estrictas medidas de control de calidad para ofrecer productos fiables que cumplen o superan los est\u00e1ndares de la industria. Conf\u00ede en nosotros para un rendimiento superior y longevidad. <\/p>\n\n<p style=\"margin-bottom:var(--wp--preset--spacing--20)\"><strong>Red de distribuci\u00f3n global:<\/strong><br\/>Benef\u00edciese de nuestra extensa red de distribuci\u00f3n global, asegurando una entrega r\u00e1pida a su puerta dondequiera que est\u00e9. Ya sea que se encuentre en Norteam\u00e9rica, M\u00e9xico, Canad\u00e1, Brasil, Europa o la regi\u00f3n EMEA, acceda a nuestros productos premium con facilidad. <\/p>\n\n<p style=\"margin-bottom:var(--wp--preset--spacing--20)\"><strong>Almacenamiento dedicado:<\/strong><br\/>Nuestros almacenes estrat\u00e9gicamente ubicados facilitan una distribuci\u00f3n eficiente, minimizando los tiempos de entrega y asegurando la disponibilidad del producto cuando m\u00e1s lo necesite.<\/p>\n\n<p style=\"margin-bottom:var(--wp--preset--spacing--20)\"><strong>Calidad y fiabilidad inigualables:<\/strong><br\/>El compromiso de MotoRad\u00ae con la calidad, la fiabilidad y la satisfacci\u00f3n del cliente nos distingue como l\u00edderes en la industria automotriz. Experimente tranquilidad sabiendo que est\u00e1 invirtiendo en productos que ofrecen un rendimiento excepcional en cualquier condici\u00f3n. <\/p>\n\n<p style=\"margin-bottom:var(--wp--preset--spacing--20)\">Elija MotoRad\u00ae para todas sus necesidades de termostatos automotrices y experimente una calidad, fiabilidad y servicio al cliente sin igual. Explore nuestro cat\u00e1logo hoy y mejore el rendimiento de su veh\u00edculo con nuestros productos premium. <\/p>\n\n<div class=\"wp-block-buttons is-layout-flex wp-block-buttons-is-layout-flex\" style=\"padding-top:var(--wp--preset--spacing--60);padding-bottom:var(--wp--preset--spacing--70)\">\n<div class=\"wp-block-button\"><a class=\"wp-block-button__link wp-element-button\" href=\"https:\/\/eu.motorad.com\/es\/products\/\">Encuentre su termostato<\/a><\/div>\n<\/div>\n\n<div class=\"wp-block-cover alignfull is-light\" style=\"padding-top:var(--wp--preset--spacing--60);padding-bottom:var(--wp--preset--spacing--60)\"><span aria-hidden=\"true\" class=\"wp-block-cover__background has-background-dim-0 has-background-dim\" style=\"background-color:#ece5d9\"><\/span><img loading=\"lazy\" decoding=\"async\" width=\"1505\" height=\"305\" class=\"wp-block-cover__image-background wp-image-223\" alt=\"\" src=\"https:\/\/eu.motorad.com\/wp-content\/uploads\/2025\/03\/FooterCTA.jpg\" data-object-fit=\"cover\" srcset=\"https:\/\/eu.motorad.com\/wp-content\/uploads\/2025\/03\/FooterCTA.jpg 1505w, https:\/\/eu.motorad.com\/wp-content\/uploads\/2025\/03\/FooterCTA-300x61.jpg 300w, https:\/\/eu.motorad.com\/wp-content\/uploads\/2025\/03\/FooterCTA-1024x208.jpg 1024w, https:\/\/eu.motorad.com\/wp-content\/uploads\/2025\/03\/FooterCTA-768x156.jpg 768w\" sizes=\"auto, (max-width: 1505px) 100vw, 1505px\" \/><div class=\"wp-block-cover__inner-container is-layout-flow wp-block-cover-is-layout-flow\">\n<div class=\"wp-block-columns are-vertically-aligned-center is-layout-flex wp-container-core-columns-is-layout-cbe57604 wp-block-columns-is-layout-flex\">\n<div class=\"wp-block-column is-vertically-aligned-center is-layout-flow wp-block-column-is-layout-flow\" style=\"flex-basis:45%\">\n<h2 class=\"wp-block-heading has-text-align-center has-palette-text-color has-text-color\" id=\"h-need-help-finding-the-right-product\" style=\"margin-bottom:var(--wp--preset--spacing--40)\">\u00bfNecesitas ayuda para encontrar el producto adecuado?<\/h2>\n\n\n\n<p class=\"has-text-align-center has-palette-text-color has-text-color\" style=\"margin-bottom:var(--wp--preset--spacing--50)\">Nuestro equipo especializado est\u00e1 aqu\u00ed para orientarte en la direcci\u00f3n correcta. Haz clic a continuaci\u00f3n y dinos c\u00f3mo podemos ayudarte a encontrar el producto ideal para tu necesidad. Tu viaje para experimentar MEJOR empieza aqu\u00ed.  <\/p>\n\n\n\n<div class=\"wp-block-buttons is-content-justification-center is-layout-flex wp-container-core-buttons-is-layout-a89b3969 wp-block-buttons-is-layout-flex\">\n<div class=\"wp-block-button\"><a class=\"wp-block-button__link has-text-align-center wp-element-button\" href=\"https:\/\/eu.motorad.com\/contact\/need-help-finding-something\/\">Habla con un especialista de MotoRad<\/a><\/div>\n<\/div>\n<\/div>\n\n\n\n<div class=\"wp-block-column is-layout-flow wp-block-column-is-layout-flow\" style=\"flex-basis:10%\"><\/div>\n\n\n\n<div class=\"wp-block-column is-layout-flow wp-block-column-is-layout-flow\" style=\"flex-basis:45%\">\n<h2 class=\"wp-block-heading has-text-align-center has-palette-text-color has-text-color\" id=\"h-looking-for-custom-development\" style=\"margin-bottom:var(--wp--preset--spacing--40)\">\u00bfBuscas un desarrollo a medida?<\/h2>\n\n\n\n<p class=\"has-text-align-center has-palette-text-color has-text-color\" style=\"margin-bottom:var(--wp--preset--spacing--50)\">No nos limitamos a los productos, sino que creamos soluciones a medida que se adaptan a tus necesidades. \u00bfEst\u00e1s preparado para dar vida a tu nuevo proyecto? Haz clic a continuaci\u00f3n y embarqu\u00e9monos juntos en el viaje del desarrollo de productos personalizados.  <\/p>\n\n\n\n<div class=\"wp-block-buttons is-content-justification-center is-layout-flex wp-container-core-buttons-is-layout-a89b3969 wp-block-buttons-is-layout-flex\">\n<div class=\"wp-block-button is-style-fill\"><a class=\"wp-block-button__link has-palette-bg-color has-palette-text-background-color has-text-color has-background has-text-align-center wp-element-button\" href=\"https:\/\/eu.motorad.com\/contact\/do-you-need-custom-development\/\">Queremos ser tu proveedor<\/a><\/div>\n<\/div>\n<\/div>\n<\/div>\n<\/div><\/div>\n","protected":false},"excerpt":{"rendered":"<p>Explore termostatos automotrices de calidad OEM | MotoRad\u00ae MotoRad\u00ae ofrece la mejor cobertura de termostatos en el mundo para casi [&#8230;]<\/p>\n","protected":false},"author":1,"featured_media":0,"parent":2538,"menu_order":0,"comment_status":"closed","ping_status":"closed","template":"","meta":{"_acf_changed":false,"footnotes":""},"class_list":["post-6767","page","type-page","status-publish","hentry"],"acf":[],"yoast_head":"<!-- This site is optimized with the Yoast SEO Premium plugin v27.2 (Yoast SEO v27.2) - https:\/\/yoast.com\/product\/yoast-seo-premium-wordpress\/ -->\n<title>Termostatos - MotoRad<\/title>\n<meta name=\"description\" content=\"Encuentre termostatos automotrices de calidad OEM en nuestro extenso cat\u00e1logo. Referencias cruzadas, especificaciones y m\u00e1s. Proveedor de fabricante de confianza con distribuci\u00f3n global.\" \/>\n<meta name=\"robots\" content=\"index, follow, max-snippet:-1, max-image-preview:large, max-video-preview:-1\" \/>\n<link rel=\"canonical\" href=\"https:\/\/eu.motorad.com\/es\/products\/termostatos\/\" \/>\n<meta property=\"og:locale\" content=\"es_ES\" \/>\n<meta property=\"og:type\" content=\"article\" \/>\n<meta property=\"og:title\" content=\"Termostatos\" \/>\n<meta property=\"og:description\" content=\"Encuentre termostatos automotrices de calidad OEM en nuestro extenso cat\u00e1logo. Referencias cruzadas, especificaciones y m\u00e1s. Proveedor de fabricante de confianza con distribuci\u00f3n global.\" \/>\n<meta property=\"og:url\" content=\"https:\/\/eu.motorad.com\/es\/products\/termostatos\/\" \/>\n<meta property=\"og:site_name\" content=\"MotoRad\" \/>\n<meta property=\"article:modified_time\" content=\"2025-06-30T18:28:13+00:00\" \/>\n<meta name=\"twitter:card\" content=\"summary_large_image\" \/>\n<meta name=\"twitter:label1\" content=\"Est. reading time\" \/>\n\t<meta name=\"twitter:data1\" content=\"3 minutos\" \/>\n<script type=\"application\/ld+json\" class=\"yoast-schema-graph\">{\"@context\":\"https:\/\/schema.org\",\"@graph\":[{\"@type\":\"WebPage\",\"@id\":\"https:\/\/eu.motorad.com\/es\/products\/termostatos\/\",\"url\":\"https:\/\/eu.motorad.com\/es\/products\/termostatos\/\",\"name\":\"Termostatos - MotoRad\",\"isPartOf\":{\"@id\":\"https:\/\/eu.motorad.com\/es\/#website\"},\"primaryImageOfPage\":{\"@id\":\"https:\/\/eu.motorad.com\/es\/products\/termostatos\/#primaryimage\"},\"image\":{\"@id\":\"https:\/\/eu.motorad.com\/es\/products\/termostatos\/#primaryimage\"},\"thumbnailUrl\":\"https:\/\/eu.motorad.com\/wp-content\/uploads\/2025\/04\/Motorad-04.svg\",\"datePublished\":\"2025-04-03T15:31:25+00:00\",\"dateModified\":\"2025-06-30T18:28:13+00:00\",\"description\":\"Encuentre termostatos automotrices de calidad OEM en nuestro extenso cat\u00e1logo. Referencias cruzadas, especificaciones y m\u00e1s. Proveedor de fabricante de confianza con distribuci\u00f3n global.\",\"breadcrumb\":{\"@id\":\"https:\/\/eu.motorad.com\/es\/products\/termostatos\/#breadcrumb\"},\"inLanguage\":\"es\",\"potentialAction\":[{\"@type\":\"ReadAction\",\"target\":[\"https:\/\/eu.motorad.com\/es\/products\/termostatos\/\"]}]},{\"@type\":\"ImageObject\",\"inLanguage\":\"es\",\"@id\":\"https:\/\/eu.motorad.com\/es\/products\/termostatos\/#primaryimage\",\"url\":\"https:\/\/eu.motorad.com\/wp-content\/uploads\/2025\/04\/Motorad-04.svg\",\"contentUrl\":\"https:\/\/eu.motorad.com\/wp-content\/uploads\/2025\/04\/Motorad-04.svg\"},{\"@type\":\"BreadcrumbList\",\"@id\":\"https:\/\/eu.motorad.com\/es\/products\/termostatos\/#breadcrumb\",\"itemListElement\":[{\"@type\":\"ListItem\",\"position\":1,\"name\":\"Home\",\"item\":\"https:\/\/motoradnew.test\/es\/pagina-de-inicio\/\"},{\"@type\":\"ListItem\",\"position\":2,\"name\":\"Products\",\"item\":\"https:\/\/motoradnew.test\/es\/products\/\"},{\"@type\":\"ListItem\",\"position\":3,\"name\":\"Termostatos\"}]},{\"@type\":\"WebSite\",\"@id\":\"https:\/\/eu.motorad.com\/es\/#website\",\"url\":\"https:\/\/eu.motorad.com\/es\/\",\"name\":\"MotoRad\",\"description\":\"Trusted to Deliver Better - Thermal Management, Emissions, Powertrain Controls\",\"potentialAction\":[{\"@type\":\"SearchAction\",\"target\":{\"@type\":\"EntryPoint\",\"urlTemplate\":\"https:\/\/eu.motorad.com\/es\/?s={search_term_string}\"},\"query-input\":{\"@type\":\"PropertyValueSpecification\",\"valueRequired\":true,\"valueName\":\"search_term_string\"}}],\"inLanguage\":\"es\"}]}<\/script>\n<!-- \/ Yoast SEO Premium plugin. -->","yoast_head_json":{"title":"Termostatos - MotoRad","description":"Encuentre termostatos automotrices de calidad OEM en nuestro extenso cat\u00e1logo. Referencias cruzadas, especificaciones y m\u00e1s. Proveedor de fabricante de confianza con distribuci\u00f3n global.","robots":{"index":"index","follow":"follow","max-snippet":"max-snippet:-1","max-image-preview":"max-image-preview:large","max-video-preview":"max-video-preview:-1"},"canonical":"https:\/\/eu.motorad.com\/es\/products\/termostatos\/","og_locale":"es_ES","og_type":"article","og_title":"Termostatos","og_description":"Encuentre termostatos automotrices de calidad OEM en nuestro extenso cat\u00e1logo. Referencias cruzadas, especificaciones y m\u00e1s. Proveedor de fabricante de confianza con distribuci\u00f3n global.","og_url":"https:\/\/eu.motorad.com\/es\/products\/termostatos\/","og_site_name":"MotoRad","article_modified_time":"2025-06-30T18:28:13+00:00","twitter_card":"summary_large_image","twitter_misc":{"Est. reading time":"3 minutos"},"schema":{"@context":"https:\/\/schema.org","@graph":[{"@type":"WebPage","@id":"https:\/\/eu.motorad.com\/es\/products\/termostatos\/","url":"https:\/\/eu.motorad.com\/es\/products\/termostatos\/","name":"Termostatos - MotoRad","isPartOf":{"@id":"https:\/\/eu.motorad.com\/es\/#website"},"primaryImageOfPage":{"@id":"https:\/\/eu.motorad.com\/es\/products\/termostatos\/#primaryimage"},"image":{"@id":"https:\/\/eu.motorad.com\/es\/products\/termostatos\/#primaryimage"},"thumbnailUrl":"https:\/\/eu.motorad.com\/wp-content\/uploads\/2025\/04\/Motorad-04.svg","datePublished":"2025-04-03T15:31:25+00:00","dateModified":"2025-06-30T18:28:13+00:00","description":"Encuentre termostatos automotrices de calidad OEM en nuestro extenso cat\u00e1logo. Referencias cruzadas, especificaciones y m\u00e1s. Proveedor de fabricante de confianza con distribuci\u00f3n global.","breadcrumb":{"@id":"https:\/\/eu.motorad.com\/es\/products\/termostatos\/#breadcrumb"},"inLanguage":"es","potentialAction":[{"@type":"ReadAction","target":["https:\/\/eu.motorad.com\/es\/products\/termostatos\/"]}]},{"@type":"ImageObject","inLanguage":"es","@id":"https:\/\/eu.motorad.com\/es\/products\/termostatos\/#primaryimage","url":"https:\/\/eu.motorad.com\/wp-content\/uploads\/2025\/04\/Motorad-04.svg","contentUrl":"https:\/\/eu.motorad.com\/wp-content\/uploads\/2025\/04\/Motorad-04.svg"},{"@type":"BreadcrumbList","@id":"https:\/\/eu.motorad.com\/es\/products\/termostatos\/#breadcrumb","itemListElement":[{"@type":"ListItem","position":1,"name":"Home","item":"https:\/\/motoradnew.test\/es\/pagina-de-inicio\/"},{"@type":"ListItem","position":2,"name":"Products","item":"https:\/\/motoradnew.test\/es\/products\/"},{"@type":"ListItem","position":3,"name":"Termostatos"}]},{"@type":"WebSite","@id":"https:\/\/eu.motorad.com\/es\/#website","url":"https:\/\/eu.motorad.com\/es\/","name":"MotoRad","description":"Trusted to Deliver Better - Thermal Management, Emissions, Powertrain Controls","potentialAction":[{"@type":"SearchAction","target":{"@type":"EntryPoint","urlTemplate":"https:\/\/eu.motorad.com\/es\/?s={search_term_string}"},"query-input":{"@type":"PropertyValueSpecification","valueRequired":true,"valueName":"search_term_string"}}],"inLanguage":"es"}]}},"_links":{"self":[{"href":"https:\/\/eu.motorad.com\/es\/wp-json\/wp\/v2\/pages\/6767","targetHints":{"allow":["GET"]}}],"collection":[{"href":"https:\/\/eu.motorad.com\/es\/wp-json\/wp\/v2\/pages"}],"about":[{"href":"https:\/\/eu.motorad.com\/es\/wp-json\/wp\/v2\/types\/page"}],"author":[{"embeddable":true,"href":"https:\/\/eu.motorad.com\/es\/wp-json\/wp\/v2\/users\/1"}],"replies":[{"embeddable":true,"href":"https:\/\/eu.motorad.com\/es\/wp-json\/wp\/v2\/comments?post=6767"}],"version-history":[{"count":2,"href":"https:\/\/eu.motorad.com\/es\/wp-json\/wp\/v2\/pages\/6767\/revisions"}],"predecessor-version":[{"id":6769,"href":"https:\/\/eu.motorad.com\/es\/wp-json\/wp\/v2\/pages\/6767\/revisions\/6769"}],"up":[{"embeddable":true,"href":"https:\/\/eu.motorad.com\/es\/wp-json\/wp\/v2\/pages\/2538"}],"wp:attachment":[{"href":"https:\/\/eu.motorad.com\/es\/wp-json\/wp\/v2\/media?parent=6767"}],"curies":[{"name":"wp","href":"https:\/\/api.w.org\/{rel}","templated":true}]}}