{"id":6813,"date":"2025-04-03T14:17:29","date_gmt":"2025-04-03T14:17:29","guid":{"rendered":"https:\/\/eu.motorad.com\/portal-de-socios-de-motorad\/"},"modified":"2025-06-30T18:33:27","modified_gmt":"2025-06-30T18:33:27","slug":"portal-de-socios-de-motorad","status":"publish","type":"page","link":"https:\/\/eu.motorad.com\/es\/portal-de-socios-de-motorad\/","title":{"rendered":"Portal de socios de MotoRad"},"content":{"rendered":"<h1 style=\"margin-top:var(--wp--preset--spacing--60);\" class=\"wp-block-post-title\">Portal de socios de MotoRad<\/h1>\n<div class=\"wp-block-columns is-layout-flex wp-container-core-columns-is-layout-baf23659 wp-block-columns-is-layout-flex\" style=\"margin-bottom:var(--wp--preset--spacing--60)\">\n<div class=\"wp-block-column is-layout-flow wp-block-column-is-layout-flow\" style=\"flex-basis:33.33%\">\n<figure class=\"wp-block-image size-full\"><img loading=\"lazy\" decoding=\"async\" width=\"500\" height=\"500\" src=\"https:\/\/eu.motorad.com\/wp-content\/uploads\/2025\/04\/motorad-portal.jpg\" alt=\"\" class=\"wp-image-3183\" srcset=\"https:\/\/eu.motorad.com\/wp-content\/uploads\/2025\/04\/motorad-portal.jpg 500w, https:\/\/eu.motorad.com\/wp-content\/uploads\/2025\/04\/motorad-portal-300x300.jpg 300w, https:\/\/eu.motorad.com\/wp-content\/uploads\/2025\/04\/motorad-portal-150x150.jpg 150w\" sizes=\"auto, (max-width: 500px) 100vw, 500px\" \/><\/figure>\n<\/div>\n\n\n\n<div class=\"wp-block-column is-vertically-aligned-center is-layout-flow wp-block-column-is-layout-flow\" style=\"flex-basis:66.66%\">\n<p>Valoramos a nuestros proveedores y clientes como socios comerciales esenciales. <\/p>\n\n\n\n<p>Nuestro Portal de Socios ofrece acceso sin problemas a detalles cr\u00edticos de la cuenta, seguimiento de env\u00edos y estado de devoluci\u00f3n de productos, garantizando transparencia y eficiencia. <\/p>\n\n\n\n<p>Con portales dedicados para diferentes regiones, incluyendo Israel, Alemania, Estados Unidos y M\u00e9xico, facilitamos que nuestros socios en todo el mundo se mantengan informados y gestionen sus negocios con MotoRad.<\/p>\n<\/div>\n<\/div>\n\n<p class=\"has-large-font-size\" style=\"margin-bottom:var(--wp--preset--spacing--70)\"><strong>Access your regional portal:<br\/><\/strong><a href=\"https:\/\/portal.eu.motorad.com\/\">Israel<\/a> | <a href=\"https:\/\/portal.eu.motorad.com\/?CONFIG=MOTOG&amp;C=germany\">Germany<\/a> | <a href=\"https:\/\/portal.eu.motorad.com\/?CONFIG=MOTOUS&amp;C=mtr\">USA<\/a> | <a href=\"https:\/\/portal.eu.motorad.com\/?CONFIG=MOTOMEX&amp;C=mexicor\">Mexico<\/a> | <a href=\"https:\/\/portal.eu.motorad.com\/?CONFIG=MOTOMEXP&amp;C=mexico\">Mexico Production<\/a><\/p>\n\n<div class=\"wp-block-cover alignfull is-light\" style=\"padding-top:var(--wp--preset--spacing--60);padding-bottom:var(--wp--preset--spacing--60)\"><span aria-hidden=\"true\" class=\"wp-block-cover__background has-background-dim-0 has-background-dim\" style=\"background-color:#ece5d9\"><\/span><img loading=\"lazy\" decoding=\"async\" width=\"1505\" height=\"305\" class=\"wp-block-cover__image-background wp-image-223\" alt=\"\" src=\"https:\/\/eu.motorad.com\/wp-content\/uploads\/2025\/03\/FooterCTA.jpg\" data-object-fit=\"cover\" srcset=\"https:\/\/eu.motorad.com\/wp-content\/uploads\/2025\/03\/FooterCTA.jpg 1505w, https:\/\/eu.motorad.com\/wp-content\/uploads\/2025\/03\/FooterCTA-300x61.jpg 300w, https:\/\/eu.motorad.com\/wp-content\/uploads\/2025\/03\/FooterCTA-1024x208.jpg 1024w, https:\/\/eu.motorad.com\/wp-content\/uploads\/2025\/03\/FooterCTA-768x156.jpg 768w\" sizes=\"auto, (max-width: 1505px) 100vw, 1505px\" \/><div class=\"wp-block-cover__inner-container is-layout-flow wp-block-cover-is-layout-flow\">\n<div class=\"wp-block-columns are-vertically-aligned-center is-layout-flex wp-container-core-columns-is-layout-cbe57604 wp-block-columns-is-layout-flex\">\n<div class=\"wp-block-column is-vertically-aligned-center is-layout-flow wp-block-column-is-layout-flow\" style=\"flex-basis:45%\">\n<h2 class=\"wp-block-heading has-text-align-center has-palette-text-color has-text-color\" id=\"h-need-help-finding-the-right-product\" style=\"margin-bottom:var(--wp--preset--spacing--40)\">\u00bfNecesitas ayuda para encontrar el producto adecuado?<\/h2>\n\n\n\n<p class=\"has-text-align-center has-palette-text-color has-text-color\" style=\"margin-bottom:var(--wp--preset--spacing--50)\">Nuestro equipo especializado est\u00e1 aqu\u00ed para orientarte en la direcci\u00f3n correcta. Haz clic a continuaci\u00f3n y dinos c\u00f3mo podemos ayudarte a encontrar el producto ideal para tu necesidad. Tu viaje para experimentar MEJOR empieza aqu\u00ed.  <\/p>\n\n\n\n<div class=\"wp-block-buttons is-content-justification-center is-layout-flex wp-container-core-buttons-is-layout-a89b3969 wp-block-buttons-is-layout-flex\">\n<div class=\"wp-block-button\"><a class=\"wp-block-button__link has-text-align-center wp-element-button\" href=\"https:\/\/eu.motorad.com\/contact\/need-help-finding-something\/\">Habla con un especialista de MotoRad<\/a><\/div>\n<\/div>\n<\/div>\n\n\n\n<div class=\"wp-block-column is-layout-flow wp-block-column-is-layout-flow\" style=\"flex-basis:10%\"><\/div>\n\n\n\n<div class=\"wp-block-column is-layout-flow wp-block-column-is-layout-flow\" style=\"flex-basis:45%\">\n<h2 class=\"wp-block-heading has-text-align-center has-palette-text-color has-text-color\" id=\"h-looking-for-custom-development\" style=\"margin-bottom:var(--wp--preset--spacing--40)\">\u00bfBuscas un desarrollo a medida?<\/h2>\n\n\n\n<p class=\"has-text-align-center has-palette-text-color has-text-color\" style=\"margin-bottom:var(--wp--preset--spacing--50)\">No nos limitamos a los productos, sino que creamos soluciones a medida que se adaptan a tus necesidades. \u00bfEst\u00e1s preparado para dar vida a tu nuevo proyecto? Haz clic a continuaci\u00f3n y embarqu\u00e9monos juntos en el viaje del desarrollo de productos personalizados.  <\/p>\n\n\n\n<div class=\"wp-block-buttons is-content-justification-center is-layout-flex wp-container-core-buttons-is-layout-a89b3969 wp-block-buttons-is-layout-flex\">\n<div class=\"wp-block-button is-style-fill\"><a class=\"wp-block-button__link has-palette-bg-color has-palette-text-background-color has-text-color has-background has-text-align-center wp-element-button\" href=\"https:\/\/eu.motorad.com\/contact\/do-you-need-custom-development\/\">Queremos ser tu proveedor<\/a><\/div>\n<\/div>\n<\/div>\n<\/div>\n<\/div><\/div>\n","protected":false},"excerpt":{"rendered":"<p>Valoramos a nuestros proveedores y clientes como socios comerciales esenciales. Nuestro Portal de Socios ofrece acceso sin problemas a detalles [&#8230;]<\/p>\n","protected":false},"author":1,"featured_media":0,"parent":0,"menu_order":0,"comment_status":"closed","ping_status":"closed","template":"","meta":{"_acf_changed":false,"footnotes":""},"class_list":["post-6813","page","type-page","status-publish","hentry"],"acf":[],"yoast_head":"<!-- This site is optimized with the Yoast SEO Premium plugin v27.2 (Yoast SEO v27.2) - https:\/\/yoast.com\/product\/yoast-seo-premium-wordpress\/ -->\n<title>Portal de socios de MotoRad - MotoRad<\/title>\n<meta name=\"description\" content=\"El Portal de Socios de MotoRad proporciona acceso a detalles de la cuenta, seguimiento de env\u00edos y estado de devoluci\u00f3n de productos.\" \/>\n<meta name=\"robots\" content=\"index, follow, max-snippet:-1, max-image-preview:large, max-video-preview:-1\" \/>\n<link rel=\"canonical\" href=\"https:\/\/eu.motorad.com\/es\/portal-de-socios-de-motorad\/\" \/>\n<meta property=\"og:locale\" content=\"es_ES\" \/>\n<meta property=\"og:type\" content=\"article\" \/>\n<meta property=\"og:title\" content=\"Portal de socios de MotoRad\" \/>\n<meta property=\"og:description\" content=\"El Portal de Socios de MotoRad proporciona acceso a detalles de la cuenta, seguimiento de env\u00edos y estado de devoluci\u00f3n de productos.\" \/>\n<meta property=\"og:url\" content=\"https:\/\/eu.motorad.com\/es\/portal-de-socios-de-motorad\/\" \/>\n<meta property=\"og:site_name\" content=\"MotoRad\" \/>\n<meta property=\"article:modified_time\" content=\"2025-06-30T18:33:27+00:00\" \/>\n<meta property=\"og:image\" content=\"https:\/\/eu.motorad.com\/wp-content\/uploads\/2025\/04\/motorad-portal.jpg\" \/>\n\t<meta property=\"og:image:width\" content=\"500\" \/>\n\t<meta property=\"og:image:height\" content=\"500\" \/>\n\t<meta property=\"og:image:type\" content=\"image\/jpeg\" \/>\n<meta name=\"twitter:card\" content=\"summary_large_image\" \/>\n<script type=\"application\/ld+json\" class=\"yoast-schema-graph\">{\"@context\":\"https:\/\/schema.org\",\"@graph\":[{\"@type\":\"WebPage\",\"@id\":\"https:\/\/eu.motorad.com\/es\/portal-de-socios-de-motorad\/\",\"url\":\"https:\/\/eu.motorad.com\/es\/portal-de-socios-de-motorad\/\",\"name\":\"Portal de socios de MotoRad - MotoRad\",\"isPartOf\":{\"@id\":\"https:\/\/eu.motorad.com\/es\/#website\"},\"primaryImageOfPage\":{\"@id\":\"https:\/\/eu.motorad.com\/es\/portal-de-socios-de-motorad\/#primaryimage\"},\"image\":{\"@id\":\"https:\/\/eu.motorad.com\/es\/portal-de-socios-de-motorad\/#primaryimage\"},\"thumbnailUrl\":\"https:\/\/eu.motorad.com\/wp-content\/uploads\/2025\/04\/motorad-portal.jpg\",\"datePublished\":\"2025-04-03T14:17:29+00:00\",\"dateModified\":\"2025-06-30T18:33:27+00:00\",\"description\":\"El Portal de Socios de MotoRad proporciona acceso a detalles de la cuenta, seguimiento de env\u00edos y estado de devoluci\u00f3n de productos.\",\"breadcrumb\":{\"@id\":\"https:\/\/eu.motorad.com\/es\/portal-de-socios-de-motorad\/#breadcrumb\"},\"inLanguage\":\"es\",\"potentialAction\":[{\"@type\":\"ReadAction\",\"target\":[\"https:\/\/eu.motorad.com\/es\/portal-de-socios-de-motorad\/\"]}]},{\"@type\":\"ImageObject\",\"inLanguage\":\"es\",\"@id\":\"https:\/\/eu.motorad.com\/es\/portal-de-socios-de-motorad\/#primaryimage\",\"url\":\"https:\/\/eu.motorad.com\/wp-content\/uploads\/2025\/04\/motorad-portal.jpg\",\"contentUrl\":\"https:\/\/eu.motorad.com\/wp-content\/uploads\/2025\/04\/motorad-portal.jpg\"},{\"@type\":\"BreadcrumbList\",\"@id\":\"https:\/\/eu.motorad.com\/es\/portal-de-socios-de-motorad\/#breadcrumb\",\"itemListElement\":[{\"@type\":\"ListItem\",\"position\":1,\"name\":\"Home\",\"item\":\"https:\/\/motoradnew.test\/es\/pagina-de-inicio\/\"},{\"@type\":\"ListItem\",\"position\":2,\"name\":\"Portal de socios de MotoRad\"}]},{\"@type\":\"WebSite\",\"@id\":\"https:\/\/eu.motorad.com\/es\/#website\",\"url\":\"https:\/\/eu.motorad.com\/es\/\",\"name\":\"MotoRad\",\"description\":\"Trusted to Deliver Better - Thermal Management, Emissions, Powertrain Controls\",\"potentialAction\":[{\"@type\":\"SearchAction\",\"target\":{\"@type\":\"EntryPoint\",\"urlTemplate\":\"https:\/\/eu.motorad.com\/es\/?s={search_term_string}\"},\"query-input\":{\"@type\":\"PropertyValueSpecification\",\"valueRequired\":true,\"valueName\":\"search_term_string\"}}],\"inLanguage\":\"es\"}]}<\/script>\n<!-- \/ Yoast SEO Premium plugin. -->","yoast_head_json":{"title":"Portal de socios de MotoRad - MotoRad","description":"El Portal de Socios de MotoRad proporciona acceso a detalles de la cuenta, seguimiento de env\u00edos y estado de devoluci\u00f3n de productos.","robots":{"index":"index","follow":"follow","max-snippet":"max-snippet:-1","max-image-preview":"max-image-preview:large","max-video-preview":"max-video-preview:-1"},"canonical":"https:\/\/eu.motorad.com\/es\/portal-de-socios-de-motorad\/","og_locale":"es_ES","og_type":"article","og_title":"Portal de socios de MotoRad","og_description":"El Portal de Socios de MotoRad proporciona acceso a detalles de la cuenta, seguimiento de env\u00edos y estado de devoluci\u00f3n de productos.","og_url":"https:\/\/eu.motorad.com\/es\/portal-de-socios-de-motorad\/","og_site_name":"MotoRad","article_modified_time":"2025-06-30T18:33:27+00:00","og_image":[{"width":500,"height":500,"url":"https:\/\/eu.motorad.com\/wp-content\/uploads\/2025\/04\/motorad-portal.jpg","type":"image\/jpeg"}],"twitter_card":"summary_large_image","schema":{"@context":"https:\/\/schema.org","@graph":[{"@type":"WebPage","@id":"https:\/\/eu.motorad.com\/es\/portal-de-socios-de-motorad\/","url":"https:\/\/eu.motorad.com\/es\/portal-de-socios-de-motorad\/","name":"Portal de socios de MotoRad - MotoRad","isPartOf":{"@id":"https:\/\/eu.motorad.com\/es\/#website"},"primaryImageOfPage":{"@id":"https:\/\/eu.motorad.com\/es\/portal-de-socios-de-motorad\/#primaryimage"},"image":{"@id":"https:\/\/eu.motorad.com\/es\/portal-de-socios-de-motorad\/#primaryimage"},"thumbnailUrl":"https:\/\/eu.motorad.com\/wp-content\/uploads\/2025\/04\/motorad-portal.jpg","datePublished":"2025-04-03T14:17:29+00:00","dateModified":"2025-06-30T18:33:27+00:00","description":"El Portal de Socios de MotoRad proporciona acceso a detalles de la cuenta, seguimiento de env\u00edos y estado de devoluci\u00f3n de productos.","breadcrumb":{"@id":"https:\/\/eu.motorad.com\/es\/portal-de-socios-de-motorad\/#breadcrumb"},"inLanguage":"es","potentialAction":[{"@type":"ReadAction","target":["https:\/\/eu.motorad.com\/es\/portal-de-socios-de-motorad\/"]}]},{"@type":"ImageObject","inLanguage":"es","@id":"https:\/\/eu.motorad.com\/es\/portal-de-socios-de-motorad\/#primaryimage","url":"https:\/\/eu.motorad.com\/wp-content\/uploads\/2025\/04\/motorad-portal.jpg","contentUrl":"https:\/\/eu.motorad.com\/wp-content\/uploads\/2025\/04\/motorad-portal.jpg"},{"@type":"BreadcrumbList","@id":"https:\/\/eu.motorad.com\/es\/portal-de-socios-de-motorad\/#breadcrumb","itemListElement":[{"@type":"ListItem","position":1,"name":"Home","item":"https:\/\/motoradnew.test\/es\/pagina-de-inicio\/"},{"@type":"ListItem","position":2,"name":"Portal de socios de MotoRad"}]},{"@type":"WebSite","@id":"https:\/\/eu.motorad.com\/es\/#website","url":"https:\/\/eu.motorad.com\/es\/","name":"MotoRad","description":"Trusted to Deliver Better - Thermal Management, Emissions, Powertrain Controls","potentialAction":[{"@type":"SearchAction","target":{"@type":"EntryPoint","urlTemplate":"https:\/\/eu.motorad.com\/es\/?s={search_term_string}"},"query-input":{"@type":"PropertyValueSpecification","valueRequired":true,"valueName":"search_term_string"}}],"inLanguage":"es"}]}},"_links":{"self":[{"href":"https:\/\/eu.motorad.com\/es\/wp-json\/wp\/v2\/pages\/6813","targetHints":{"allow":["GET"]}}],"collection":[{"href":"https:\/\/eu.motorad.com\/es\/wp-json\/wp\/v2\/pages"}],"about":[{"href":"https:\/\/eu.motorad.com\/es\/wp-json\/wp\/v2\/types\/page"}],"author":[{"embeddable":true,"href":"https:\/\/eu.motorad.com\/es\/wp-json\/wp\/v2\/users\/1"}],"replies":[{"embeddable":true,"href":"https:\/\/eu.motorad.com\/es\/wp-json\/wp\/v2\/comments?post=6813"}],"version-history":[{"count":1,"href":"https:\/\/eu.motorad.com\/es\/wp-json\/wp\/v2\/pages\/6813\/revisions"}],"predecessor-version":[{"id":6814,"href":"https:\/\/eu.motorad.com\/es\/wp-json\/wp\/v2\/pages\/6813\/revisions\/6814"}],"wp:attachment":[{"href":"https:\/\/eu.motorad.com\/es\/wp-json\/wp\/v2\/media?parent=6813"}],"curies":[{"name":"wp","href":"https:\/\/api.w.org\/{rel}","templated":true}]}}