{"id":6856,"date":"2025-04-03T14:39:12","date_gmt":"2025-04-03T14:39:12","guid":{"rendered":"https:\/\/eu.motorad.com\/recursos\/preguntas-frecuentes\/"},"modified":"2025-06-30T18:55:37","modified_gmt":"2025-06-30T18:55:37","slug":"preguntas-frecuentes","status":"publish","type":"page","link":"https:\/\/eu.motorad.com\/es\/recursos\/preguntas-frecuentes\/","title":{"rendered":"Preguntas frecuentes"},"content":{"rendered":"\n<div class=\"wp-block-cover alignfull is-light\" style=\"margin-bottom:var(--wp--preset--spacing--50);min-height:274px;aspect-ratio:unset;\"><span aria-hidden=\"true\" class=\"wp-block-cover__background has-background-dim-0 has-background-dim\" style=\"background-color:#cac9cd\"><\/span><img loading=\"lazy\" decoding=\"async\" width=\"1920\" height=\"1280\" class=\"wp-block-cover__image-background wp-image-2870\" alt=\"\" src=\"https:\/\/eu.motorad.com\/wp-content\/uploads\/2025\/04\/Road_into_Light_2-scaled-1.jpg\" style=\"object-position:50% 36%\" data-object-fit=\"cover\" data-object-position=\"50% 36%\" srcset=\"https:\/\/eu.motorad.com\/wp-content\/uploads\/2025\/04\/Road_into_Light_2-scaled-1.jpg 1920w, https:\/\/eu.motorad.com\/wp-content\/uploads\/2025\/04\/Road_into_Light_2-scaled-1-300x200.jpg 300w, https:\/\/eu.motorad.com\/wp-content\/uploads\/2025\/04\/Road_into_Light_2-scaled-1-1024x683.jpg 1024w, https:\/\/eu.motorad.com\/wp-content\/uploads\/2025\/04\/Road_into_Light_2-scaled-1-768x512.jpg 768w, https:\/\/eu.motorad.com\/wp-content\/uploads\/2025\/04\/Road_into_Light_2-scaled-1-1536x1024.jpg 1536w\" sizes=\"auto, (max-width: 1920px) 100vw, 1920px\" \/><div class=\"wp-block-cover__inner-container is-layout-flow wp-block-cover-is-layout-flow\">\n<h1 class=\"wp-block-heading has-palette-text-color has-text-color\" id=\"h-faq-s\" style=\"margin-bottom:0\"><em>Preguntas frecuentes<\/em><\/h1>\n<\/div><\/div>\n\n<div class=\"wp-block-group is-layout-constrained wp-block-group-is-layout-constrained\">\n<h3 class=\"wp-block-heading\" style=\"margin-bottom:var(--wp--preset--spacing--40)\">\u00bfExisten oportunidades de distribuci\u00f3n con MotoRad?<\/h3>\n\n\n\n<p style=\"margin-bottom:var(--wp--preset--spacing--50)\">Estamos abiertos a oportunidades de distribuci\u00f3n. Si est\u00e1 interesado en convertirse en distribuidor de nuestros productos automotrices, p\u00f3ngase en contacto con nuestro equipo de ventas para discutir la posible colaboraci\u00f3n. <\/p>\n\n\n\n<div class=\"wp-block-buttons is-layout-flex wp-block-buttons-is-layout-flex\">\n<div class=\"wp-block-button is-style-read-more\"><a class=\"wp-block-button__link wp-element-button\" href=\"https:\/\/eu.motorad.com\/es\/contactenos\/\">Haga clic aqu\u00ed para informarse sobre c\u00f3mo convertirse en distribuidor<\/a><\/div>\n<\/div>\n\n\n\n<hr class=\"wp-block-separator has-text-color has-cyan-bluish-gray-color has-alpha-channel-opacity has-cyan-bluish-gray-background-color has-background is-style-wide\" style=\"margin-top:var(--wp--preset--spacing--50);margin-bottom:var(--wp--preset--spacing--60)\"\/>\n<\/div>\n\n<div class=\"wp-block-group is-layout-constrained wp-block-group-is-layout-constrained\">\n<h3 class=\"wp-block-heading\" style=\"margin-bottom:var(--wp--preset--spacing--40)\">\u00bfOfrece MotoRad opciones de personalizaci\u00f3n para sus productos?<\/h3>\n\n\n\n<p style=\"margin-bottom:var(--wp--preset--spacing--50)\">S\u00ed, ofrecemos opciones de personalizaci\u00f3n para muchos de nuestros productos para satisfacer las necesidades espec\u00edficas de nuestros clientes. No dude en ponerse en contacto con nuestro equipo de ventas para discutir sus requisitos. <\/p>\n\n\n\n<hr class=\"wp-block-separator has-text-color has-cyan-bluish-gray-color has-alpha-channel-opacity has-cyan-bluish-gray-background-color has-background is-style-wide\" style=\"margin-top:var(--wp--preset--spacing--50);margin-bottom:var(--wp--preset--spacing--60)\"\/>\n<\/div>\n\n<div class=\"wp-block-group is-layout-constrained wp-block-group-is-layout-constrained\">\n<h3 class=\"wp-block-heading\" style=\"margin-bottom:var(--wp--preset--spacing--40)\">\u00bfOfrece MotoRad env\u00edos internacionales?<\/h3>\n\n\n\n<p style=\"margin-bottom:var(--wp--preset--spacing--50)\">S\u00ed, tenemos ubicaciones en todo el mundo para atender a los clientes. Nuestro equipo de log\u00edstica trabaja para garantizar una entrega puntual y eficiente de nuestros productos a su ubicaci\u00f3n deseada. <\/p>\n\n\n\n<hr class=\"wp-block-separator has-text-color has-cyan-bluish-gray-color has-alpha-channel-opacity has-cyan-bluish-gray-background-color has-background is-style-wide\" style=\"margin-top:var(--wp--preset--spacing--50);margin-bottom:var(--wp--preset--spacing--60)\"\/>\n<\/div>\n\n<div class=\"wp-block-group is-layout-constrained wp-block-group-is-layout-constrained\">\n<h3 class=\"wp-block-heading\" style=\"margin-bottom:var(--wp--preset--spacing--40)\">\u00bfC\u00f3mo puedo solicitar un presupuesto para productos espec\u00edficos?<\/h3>\n\n\n\n<p style=\"margin-bottom:var(--wp--preset--spacing--50)\">You can request a quote by visiting our website and navigating to the \u201c<a href=\"https:\/\/eu.motorad.com\/contact\/do-you-need-custom-development\/\">Custom Development Request<\/a>\u201d page. Provide the details of the products you\u2019re interested in, and our sales team will promptly provide you with pricing information.<\/p>\n\n\n\n<div class=\"wp-block-buttons is-layout-flex wp-block-buttons-is-layout-flex\">\n<div class=\"wp-block-button is-style-read-more\"><a class=\"wp-block-button__link wp-element-button\" href=\"https:\/\/eu.motorad.com\/es\/contactenos\/\">Solicite un desarrollo personalizado haciendo clic aqu\u00ed<\/a><\/div>\n<\/div>\n\n\n\n<hr class=\"wp-block-separator has-text-color has-cyan-bluish-gray-color has-alpha-channel-opacity has-cyan-bluish-gray-background-color has-background is-style-wide\" style=\"margin-top:var(--wp--preset--spacing--50);margin-bottom:var(--wp--preset--spacing--60)\"\/>\n<\/div>\n\n<div class=\"wp-block-group is-layout-constrained wp-block-group-is-layout-constrained\">\n<h3 class=\"wp-block-heading\" style=\"margin-bottom:var(--wp--preset--spacing--40)\">\u00bfQu\u00e9 medidas de garant\u00eda de calidad tiene implementadas MotoRad?<\/h3>\n\n\n\n<p style=\"margin-bottom:var(--wp--preset--spacing--50)\">La calidad es nuestra m\u00e1xima prioridad. Implementamos rigurosos procedimientos de control de calidad durante todo el proceso de fabricaci\u00f3n para garantizar que nuestros productos cumplan con los est\u00e1ndares de la industria y las expectativas de los clientes. <\/p>\n\n\n\n<hr class=\"wp-block-separator has-text-color has-cyan-bluish-gray-color has-alpha-channel-opacity has-cyan-bluish-gray-background-color has-background is-style-wide\" style=\"margin-top:var(--wp--preset--spacing--50);margin-bottom:var(--wp--preset--spacing--60)\"\/>\n<\/div>\n\n<div class=\"wp-block-group is-layout-constrained wp-block-group-is-layout-constrained\">\n<h3 class=\"wp-block-heading\" style=\"margin-bottom:var(--wp--preset--spacing--40)\">\u00bfQu\u00e9 tipos de productos automotrices fabrica MotoRad?<\/h3>\n\n\n\n<p style=\"margin-bottom:var(--wp--preset--spacing--50)\">Nuestra gama de productos incluye termostatos, tapones de radiador, tapones de combustible y componentes automotrices relacionados que desempe\u00f1an un papel crucial en el mantenimiento de la eficiencia y el rendimiento de los veh\u00edculos.<\/p>\n\n\n\n<div class=\"wp-block-buttons is-layout-flex wp-block-buttons-is-layout-flex\">\n<div class=\"wp-block-button is-style-read-more\"><a class=\"wp-block-button__link wp-element-button\" href=\"https:\/\/eu.motorad.com\/es\/products\/\">Haga clic aqu\u00ed para ver nuestra l\u00ednea completa de productos<\/a><\/div>\n<\/div>\n\n\n\n<hr class=\"wp-block-separator has-text-color has-cyan-bluish-gray-color has-alpha-channel-opacity has-cyan-bluish-gray-background-color has-background is-style-wide\" style=\"margin-top:var(--wp--preset--spacing--50);margin-bottom:var(--wp--preset--spacing--60)\"\/>\n<\/div>\n\n<div class=\"wp-block-group is-layout-constrained wp-block-group-is-layout-constrained\">\n<h3 class=\"wp-block-heading\" style=\"margin-bottom:var(--wp--preset--spacing--40)\">\u00bfQui\u00e9nes son los principales clientes de MotoRad?<\/h3>\n\n\n\n<p style=\"margin-bottom:var(--wp--preset--spacing--50)\">Nuestros principales clientes son fabricantes de autom\u00f3viles OEM y empresas de la industria automotriz, como mayoristas, distribuidores, minoristas, talleres de reparaci\u00f3n y otros proveedores de piezas automotrices.<\/p>\n\n\n\n<hr class=\"wp-block-separator has-text-color has-cyan-bluish-gray-color has-alpha-channel-opacity has-cyan-bluish-gray-background-color has-background is-style-wide\" style=\"margin-top:var(--wp--preset--spacing--50);margin-bottom:var(--wp--preset--spacing--60)\"\/>\n<\/div>\n\n<div class=\"wp-block-group is-layout-constrained wp-block-group-is-layout-constrained\">\n<h3 class=\"wp-block-heading\" style=\"margin-bottom:var(--wp--preset--spacing--40)\">\u00bfQui\u00e9n es MotoRad?<\/h3>\n\n\n\n<p style=\"margin-bottom:var(--wp--preset--spacing--50)\">MotoRad.com es un fabricante B2B especializado en productos automotrices. Dise\u00f1amos y producimos una amplia gama de componentes automotrices de alta calidad, incluyendo termostatos, tapones de radiador, tapones de combustible y otras piezas esenciales. <\/p>\n\n\n\n<div class=\"wp-block-buttons is-layout-flex wp-block-buttons-is-layout-flex\">\n<div class=\"wp-block-button is-style-read-more\"><a class=\"wp-block-button__link wp-element-button\" href=\"https:\/\/eu.motorad.com\/es\/quienes-somos\/\">Haga clic aqu\u00ed para ver m\u00e1s en nuestra p\u00e1gina Acerca de nosotros<\/a><\/div>\n<\/div>\n\n\n\n<hr class=\"wp-block-separator has-text-color has-cyan-bluish-gray-color has-alpha-channel-opacity has-cyan-bluish-gray-background-color has-background is-style-wide\" style=\"margin-top:var(--wp--preset--spacing--50);margin-bottom:var(--wp--preset--spacing--60)\"\/>\n<\/div>\n\n<div class=\"wp-block-cover alignfull is-light\" style=\"padding-top:var(--wp--preset--spacing--60);padding-bottom:var(--wp--preset--spacing--60)\"><span aria-hidden=\"true\" class=\"wp-block-cover__background has-background-dim-0 has-background-dim\" style=\"background-color:#ece5d9\"><\/span><img loading=\"lazy\" decoding=\"async\" width=\"1505\" height=\"305\" class=\"wp-block-cover__image-background wp-image-223\" alt=\"\" src=\"https:\/\/eu.motorad.com\/wp-content\/uploads\/2025\/03\/FooterCTA.jpg\" data-object-fit=\"cover\" srcset=\"https:\/\/eu.motorad.com\/wp-content\/uploads\/2025\/03\/FooterCTA.jpg 1505w, https:\/\/eu.motorad.com\/wp-content\/uploads\/2025\/03\/FooterCTA-300x61.jpg 300w, https:\/\/eu.motorad.com\/wp-content\/uploads\/2025\/03\/FooterCTA-1024x208.jpg 1024w, https:\/\/eu.motorad.com\/wp-content\/uploads\/2025\/03\/FooterCTA-768x156.jpg 768w\" sizes=\"auto, (max-width: 1505px) 100vw, 1505px\" \/><div class=\"wp-block-cover__inner-container is-layout-flow wp-block-cover-is-layout-flow\">\n<div class=\"wp-block-columns are-vertically-aligned-center is-layout-flex wp-container-core-columns-is-layout-cbe57604 wp-block-columns-is-layout-flex\">\n<div class=\"wp-block-column is-vertically-aligned-center is-layout-flow wp-block-column-is-layout-flow\" style=\"flex-basis:45%\">\n<h2 class=\"wp-block-heading has-text-align-center has-palette-text-color has-text-color\" id=\"h-need-help-finding-the-right-product\" style=\"margin-bottom:var(--wp--preset--spacing--40)\">\u00bfNecesitas ayuda para encontrar el producto adecuado?<\/h2>\n\n\n\n<p class=\"has-text-align-center has-palette-text-color has-text-color\" style=\"margin-bottom:var(--wp--preset--spacing--50)\">Nuestro equipo especializado est\u00e1 aqu\u00ed para orientarte en la direcci\u00f3n correcta. Haz clic a continuaci\u00f3n y dinos c\u00f3mo podemos ayudarte a encontrar el producto ideal para tu necesidad. Tu viaje para experimentar MEJOR empieza aqu\u00ed.  <\/p>\n\n\n\n<div class=\"wp-block-buttons is-content-justification-center is-layout-flex wp-container-core-buttons-is-layout-a89b3969 wp-block-buttons-is-layout-flex\">\n<div class=\"wp-block-button\"><a class=\"wp-block-button__link has-text-align-center wp-element-button\" href=\"https:\/\/eu.motorad.com\/contact\/need-help-finding-something\/\">Habla con un especialista de MotoRad<\/a><\/div>\n<\/div>\n<\/div>\n\n\n\n<div class=\"wp-block-column is-layout-flow wp-block-column-is-layout-flow\" style=\"flex-basis:10%\"><\/div>\n\n\n\n<div class=\"wp-block-column is-layout-flow wp-block-column-is-layout-flow\" style=\"flex-basis:45%\">\n<h2 class=\"wp-block-heading has-text-align-center has-palette-text-color has-text-color\" id=\"h-looking-for-custom-development\" style=\"margin-bottom:var(--wp--preset--spacing--40)\">\u00bfBuscas un desarrollo a medida?<\/h2>\n\n\n\n<p class=\"has-text-align-center has-palette-text-color has-text-color\" style=\"margin-bottom:var(--wp--preset--spacing--50)\">No nos limitamos a los productos, sino que creamos soluciones a medida que se adaptan a tus necesidades. \u00bfEst\u00e1s preparado para dar vida a tu nuevo proyecto? Haz clic a continuaci\u00f3n y embarqu\u00e9monos juntos en el viaje del desarrollo de productos personalizados.  <\/p>\n\n\n\n<div class=\"wp-block-buttons is-content-justification-center is-layout-flex wp-container-core-buttons-is-layout-a89b3969 wp-block-buttons-is-layout-flex\">\n<div class=\"wp-block-button is-style-fill\"><a class=\"wp-block-button__link has-palette-bg-color has-palette-text-background-color has-text-color has-background has-text-align-center wp-element-button\" href=\"https:\/\/eu.motorad.com\/contact\/do-you-need-custom-development\/\">Queremos ser tu proveedor<\/a><\/div>\n<\/div>\n<\/div>\n<\/div>\n<\/div><\/div>\n","protected":false},"excerpt":{"rendered":"<p>\u00bfExisten oportunidades de distribuci\u00f3n con MotoRad? Estamos abiertos a oportunidades de distribuci\u00f3n. Si est\u00e1 interesado en convertirse en distribuidor de [&#8230;]<\/p>\n","protected":false},"author":1,"featured_media":0,"parent":5990,"menu_order":0,"comment_status":"closed","ping_status":"closed","template":"","meta":{"_acf_changed":false,"footnotes":""},"class_list":["post-6856","page","type-page","status-publish","hentry"],"acf":[],"yoast_head":"<!-- This site is optimized with the Yoast SEO Premium plugin v27.2 (Yoast SEO v27.2) - https:\/\/yoast.com\/product\/yoast-seo-premium-wordpress\/ -->\n<title>Preguntas frecuentes - MotoRad<\/title>\n<meta name=\"description\" content=\"MotoRad - Preguntas frecuentes %\" \/>\n<meta name=\"robots\" content=\"index, follow, max-snippet:-1, max-image-preview:large, max-video-preview:-1\" \/>\n<link rel=\"canonical\" href=\"https:\/\/eu.motorad.com\/es\/recursos\/preguntas-frecuentes\/\" \/>\n<meta property=\"og:locale\" content=\"es_ES\" \/>\n<meta property=\"og:type\" content=\"article\" \/>\n<meta property=\"og:title\" content=\"Preguntas frecuentes\" \/>\n<meta property=\"og:description\" content=\"MotoRad - Preguntas frecuentes %\" \/>\n<meta property=\"og:url\" content=\"https:\/\/eu.motorad.com\/es\/recursos\/preguntas-frecuentes\/\" \/>\n<meta property=\"og:site_name\" content=\"MotoRad\" \/>\n<meta property=\"article:modified_time\" content=\"2025-06-30T18:55:37+00:00\" \/>\n<meta property=\"og:image\" content=\"https:\/\/eu.motorad.com\/wp-content\/uploads\/2025\/04\/Road_into_Light_2-scaled-1.jpg\" \/>\n\t<meta property=\"og:image:width\" content=\"1920\" \/>\n\t<meta property=\"og:image:height\" content=\"1280\" \/>\n\t<meta property=\"og:image:type\" content=\"image\/jpeg\" \/>\n<meta name=\"twitter:card\" content=\"summary_large_image\" \/>\n<meta name=\"twitter:label1\" content=\"Est. reading time\" \/>\n\t<meta name=\"twitter:data1\" content=\"2 minutos\" \/>\n<script type=\"application\/ld+json\" class=\"yoast-schema-graph\">{\"@context\":\"https:\/\/schema.org\",\"@graph\":[{\"@type\":\"WebPage\",\"@id\":\"https:\/\/eu.motorad.com\/es\/recursos\/preguntas-frecuentes\/\",\"url\":\"https:\/\/eu.motorad.com\/es\/recursos\/preguntas-frecuentes\/\",\"name\":\"Preguntas frecuentes - MotoRad\",\"isPartOf\":{\"@id\":\"https:\/\/eu.motorad.com\/es\/#website\"},\"primaryImageOfPage\":{\"@id\":\"https:\/\/eu.motorad.com\/es\/recursos\/preguntas-frecuentes\/#primaryimage\"},\"image\":{\"@id\":\"https:\/\/eu.motorad.com\/es\/recursos\/preguntas-frecuentes\/#primaryimage\"},\"thumbnailUrl\":\"https:\/\/eu.motorad.com\/wp-content\/uploads\/2025\/04\/Road_into_Light_2-scaled-1.jpg\",\"datePublished\":\"2025-04-03T14:39:12+00:00\",\"dateModified\":\"2025-06-30T18:55:37+00:00\",\"description\":\"MotoRad - Preguntas frecuentes %\",\"breadcrumb\":{\"@id\":\"https:\/\/eu.motorad.com\/es\/recursos\/preguntas-frecuentes\/#breadcrumb\"},\"inLanguage\":\"es\",\"potentialAction\":[{\"@type\":\"ReadAction\",\"target\":[\"https:\/\/eu.motorad.com\/es\/recursos\/preguntas-frecuentes\/\"]}]},{\"@type\":\"ImageObject\",\"inLanguage\":\"es\",\"@id\":\"https:\/\/eu.motorad.com\/es\/recursos\/preguntas-frecuentes\/#primaryimage\",\"url\":\"https:\/\/eu.motorad.com\/wp-content\/uploads\/2025\/04\/Road_into_Light_2-scaled-1.jpg\",\"contentUrl\":\"https:\/\/eu.motorad.com\/wp-content\/uploads\/2025\/04\/Road_into_Light_2-scaled-1.jpg\"},{\"@type\":\"BreadcrumbList\",\"@id\":\"https:\/\/eu.motorad.com\/es\/recursos\/preguntas-frecuentes\/#breadcrumb\",\"itemListElement\":[{\"@type\":\"ListItem\",\"position\":1,\"name\":\"Home\",\"item\":\"https:\/\/motoradnew.test\/es\/pagina-de-inicio\/\"},{\"@type\":\"ListItem\",\"position\":2,\"name\":\"Recursos\",\"item\":\"https:\/\/motoradnew.test\/recursos\/\"},{\"@type\":\"ListItem\",\"position\":3,\"name\":\"Preguntas frecuentes\"}]},{\"@type\":\"WebSite\",\"@id\":\"https:\/\/eu.motorad.com\/es\/#website\",\"url\":\"https:\/\/eu.motorad.com\/es\/\",\"name\":\"MotoRad\",\"description\":\"Trusted to Deliver Better - Thermal Management, Emissions, Powertrain Controls\",\"potentialAction\":[{\"@type\":\"SearchAction\",\"target\":{\"@type\":\"EntryPoint\",\"urlTemplate\":\"https:\/\/eu.motorad.com\/es\/?s={search_term_string}\"},\"query-input\":{\"@type\":\"PropertyValueSpecification\",\"valueRequired\":true,\"valueName\":\"search_term_string\"}}],\"inLanguage\":\"es\"}]}<\/script>\n<!-- \/ Yoast SEO Premium plugin. -->","yoast_head_json":{"title":"Preguntas frecuentes - MotoRad","description":"MotoRad - Preguntas frecuentes %","robots":{"index":"index","follow":"follow","max-snippet":"max-snippet:-1","max-image-preview":"max-image-preview:large","max-video-preview":"max-video-preview:-1"},"canonical":"https:\/\/eu.motorad.com\/es\/recursos\/preguntas-frecuentes\/","og_locale":"es_ES","og_type":"article","og_title":"Preguntas frecuentes","og_description":"MotoRad - Preguntas frecuentes %","og_url":"https:\/\/eu.motorad.com\/es\/recursos\/preguntas-frecuentes\/","og_site_name":"MotoRad","article_modified_time":"2025-06-30T18:55:37+00:00","og_image":[{"width":1920,"height":1280,"url":"https:\/\/eu.motorad.com\/wp-content\/uploads\/2025\/04\/Road_into_Light_2-scaled-1.jpg","type":"image\/jpeg"}],"twitter_card":"summary_large_image","twitter_misc":{"Est. reading time":"2 minutos"},"schema":{"@context":"https:\/\/schema.org","@graph":[{"@type":"WebPage","@id":"https:\/\/eu.motorad.com\/es\/recursos\/preguntas-frecuentes\/","url":"https:\/\/eu.motorad.com\/es\/recursos\/preguntas-frecuentes\/","name":"Preguntas frecuentes - MotoRad","isPartOf":{"@id":"https:\/\/eu.motorad.com\/es\/#website"},"primaryImageOfPage":{"@id":"https:\/\/eu.motorad.com\/es\/recursos\/preguntas-frecuentes\/#primaryimage"},"image":{"@id":"https:\/\/eu.motorad.com\/es\/recursos\/preguntas-frecuentes\/#primaryimage"},"thumbnailUrl":"https:\/\/eu.motorad.com\/wp-content\/uploads\/2025\/04\/Road_into_Light_2-scaled-1.jpg","datePublished":"2025-04-03T14:39:12+00:00","dateModified":"2025-06-30T18:55:37+00:00","description":"MotoRad - Preguntas frecuentes %","breadcrumb":{"@id":"https:\/\/eu.motorad.com\/es\/recursos\/preguntas-frecuentes\/#breadcrumb"},"inLanguage":"es","potentialAction":[{"@type":"ReadAction","target":["https:\/\/eu.motorad.com\/es\/recursos\/preguntas-frecuentes\/"]}]},{"@type":"ImageObject","inLanguage":"es","@id":"https:\/\/eu.motorad.com\/es\/recursos\/preguntas-frecuentes\/#primaryimage","url":"https:\/\/eu.motorad.com\/wp-content\/uploads\/2025\/04\/Road_into_Light_2-scaled-1.jpg","contentUrl":"https:\/\/eu.motorad.com\/wp-content\/uploads\/2025\/04\/Road_into_Light_2-scaled-1.jpg"},{"@type":"BreadcrumbList","@id":"https:\/\/eu.motorad.com\/es\/recursos\/preguntas-frecuentes\/#breadcrumb","itemListElement":[{"@type":"ListItem","position":1,"name":"Home","item":"https:\/\/motoradnew.test\/es\/pagina-de-inicio\/"},{"@type":"ListItem","position":2,"name":"Recursos","item":"https:\/\/motoradnew.test\/recursos\/"},{"@type":"ListItem","position":3,"name":"Preguntas frecuentes"}]},{"@type":"WebSite","@id":"https:\/\/eu.motorad.com\/es\/#website","url":"https:\/\/eu.motorad.com\/es\/","name":"MotoRad","description":"Trusted to Deliver Better - Thermal Management, Emissions, Powertrain Controls","potentialAction":[{"@type":"SearchAction","target":{"@type":"EntryPoint","urlTemplate":"https:\/\/eu.motorad.com\/es\/?s={search_term_string}"},"query-input":{"@type":"PropertyValueSpecification","valueRequired":true,"valueName":"search_term_string"}}],"inLanguage":"es"}]}},"_links":{"self":[{"href":"https:\/\/eu.motorad.com\/es\/wp-json\/wp\/v2\/pages\/6856","targetHints":{"allow":["GET"]}}],"collection":[{"href":"https:\/\/eu.motorad.com\/es\/wp-json\/wp\/v2\/pages"}],"about":[{"href":"https:\/\/eu.motorad.com\/es\/wp-json\/wp\/v2\/types\/page"}],"author":[{"embeddable":true,"href":"https:\/\/eu.motorad.com\/es\/wp-json\/wp\/v2\/users\/1"}],"replies":[{"embeddable":true,"href":"https:\/\/eu.motorad.com\/es\/wp-json\/wp\/v2\/comments?post=6856"}],"version-history":[{"count":2,"href":"https:\/\/eu.motorad.com\/es\/wp-json\/wp\/v2\/pages\/6856\/revisions"}],"predecessor-version":[{"id":6860,"href":"https:\/\/eu.motorad.com\/es\/wp-json\/wp\/v2\/pages\/6856\/revisions\/6860"}],"up":[{"embeddable":true,"href":"https:\/\/eu.motorad.com\/es\/wp-json\/wp\/v2\/pages\/5990"}],"wp:attachment":[{"href":"https:\/\/eu.motorad.com\/es\/wp-json\/wp\/v2\/media?parent=6856"}],"curies":[{"name":"wp","href":"https:\/\/api.w.org\/{rel}","templated":true}]}}