{"id":87830,"date":"2026-01-15T19:47:31","date_gmt":"2026-01-15T19:47:31","guid":{"rendered":"https:\/\/eu.motorad.com\/donde-comprar-motorad\/"},"modified":"2026-03-17T16:08:19","modified_gmt":"2026-03-17T16:08:19","slug":"donde-comprar-motorad","status":"publish","type":"page","link":"https:\/\/eu.motorad.com\/es\/donde-comprar-motorad\/","title":{"rendered":"D\u00f3nde comprar MotoRad"},"content":{"rendered":"\n<div style=\"height:100px\" aria-hidden=\"true\" class=\"wp-block-spacer\"><\/div>\n\n<p>Los productos MotoRad se encuentran en todo el mundo en distribuidores de piezas de calidad, talleres, tiendas e instaladores.  <\/p>\n\n<p>Puedes utilizar el siguiente mapa para encontrar nuestros principales puntos de venta en las regiones comerciales de <strong>Europa, Oriente Medio y \u00c1frica<\/strong>.  <\/p>\n\n<p class=\"is-style-cta-link\">\u00c9sta no es una lista exhaustiva, y si necesitas ayuda para encontrar un producto MotoRad espec\u00edfico, <a href=\"https:\/\/eu.motorad.com\/es\/contactenos\/\">ponte en contacto con nosotros directamente<\/a><\/p>\n\n<p><strong><style type=\"text\/css\">\n.asl-p-cont .asl-print-btn,.asl-cont .asl-print-btn {display: none !important;}#asl-storelocator.asl-cont .sl-main-cont .asl-panel.pol-lg-12 {\n    order: 0;\n}\n\n#asl-storelocator.asl-cont .sl-main-cont .asl-panel.pol-lg-12 .asl-panel-inner {\n    position: relative;\n    height: 450px;\n}\n\n.asl-cont .onoffswitch .onoffswitch-label .onoffswitch-switch:before {\n    content: \"ABIERTO\" !important;\n}\n\n.asl-cont .onoffswitch .onoffswitch-label .onoffswitch-switch:after {\n    content: \"TODOS\" !important;\n}\n\n@media (max-width: 767px) {\n    #asl-storelocator.asl-cont .asl-panel {\n        order: 0;\n    }\n}\n\n.asl-cont.sl-search-only .Filter_section+.sl-row {\n    display: none;\n}\n\n.asl-cont .sl-hide-branches,\n.asl-cont .sl-hide-branches:hover {\n    color: #FFF !important;\n    text-decoration: none !important;\n    cursor: pointer;\n}\n<\/style>\n<div id=\"asl-storelocator\"\n    class=\"storelocator-main asl-cont asl-template-0 asl-layout-0 asl-bg-0  asl-text-1\">\n    <div class=\"asl-wrapper\">\n        <div class=\"sl-container\">\n                        <div class=\"sl-gdpr-cont\">\n                <div class=\"gdpr-ol\"><\/div>\n                <div class=\"gdpr-ol-bg\">\n                    <div class=\"gdpr-box\">\n                        <p>Due to the GDPR, we need your consent to load data from Google, more information in our privacy policy.<\/p>\n                        <a class=\"btn btn-asl\" id=\"sl-btn-gdpr\">Cargar Localizador de tiendas<\/a>\n                    <\/div>\n                <\/div>\n            <\/div>\n                                    <div class=\"sl-row Filter_section\">\n                <div class=\"pol-lg-4 pol-md-5 pol-sm-12 search_filter\">\n                    <label class=\"mb-2\" for=\"auto-complete-search\">ubicaci\u00f3n de b\u00fasqueda<\/label>\n                    <div class=\"sl-search-group input-group d-flex\">\n                        <input type=\"text\" value=\"\" data-submit=\"disable\"\n                            id=\"auto-complete-search\" placeholder=\"Ingrese una ubicaci\u00f3n\"\n                            class=\"asl-search-address form-control isp_ignore\">\n                        <div class=\"input-group-append\">\n                            <button aria-label=\"ubicaci\u00f3n de b\u00fasqueda\"\n                                title=\"ubicaci\u00f3n de b\u00fasqueda\" type=\"button\" class=\"asl-search-event input-group-text span-geo\">\n                                <i class=\"icon-search\" aria-hidden=\"true\"><\/i>\n                            <\/button>\n                        <\/div>\n                    <\/div>\n                <\/div>\n                <div class=\"pol-lg-8 pol-md-7 pol-sm-12\">\n                    <div class=\"sl-row\">\n                        <div class=\"pol-sm-12 asl-advance-filters hide\">\n                            <div class=\"sl-row\">\n                                                                                                <div\n                                    class=\"pol-lg-4 pol-md-6 pol-sm-12  asl-ddl-filters asl-ddl-filter-cats\">\n                                    <div class=\"asl-filter-cntrl\">\n                                        <label class=\"asl-cntrl-lbl\"\n                                            for=\"asl-categories\">Categor\u00eda<\/label>\n                                        <div class=\"sl-dropdown-cont\" id=\"categories_filter\">\n                                        <\/div>\n                                    <\/div>\n                                <\/div>\n                                                                                                                                <div class=\"pol-lg-4 pol-md-6 pol-sm-12 range_filter asl-ddl-filters hide\">\n                                    <div class=\"rangeFilter asl-filter-cntrl\">\n                                        <label for=\"asl-radius-slide\"\n                                            class=\"asl-cntrl-lbl\">Rango distancia<\/label>\n                                        <input id=\"asl-radius-slide\" type=\"text\" class=\"span2\" \/>\n                                        <span class=\"rad-unit\">Radio: <span\n                                                id=\"asl-radius-input\"><\/span> <span\n                                                id=\"asl-dist-unit\">Km<\/span><\/span>\n                                    <\/div>\n                                <\/div>\n                                <div class=\"pol-lg-2 pol-md-3 pol-sm-12 Status_filter\">\n                                    <div class=\"asl-filter-cntrl\">\n                                        <label class=\"asl-cntrl-lbl\">Estado<\/label>\n                                        <div class=\"onoffswitch\">\n                                            <input type=\"checkbox\" name=\"onoffswitch\" class=\"onoffswitch-checkbox\"\n                                                id=\"asl-open-close\" checked>\n                                            <label aria-label=\"Opened Stores\"\n                                                title=\"Opened Stores\"\n                                                class=\"onoffswitch-label\" for=\"asl-open-close\">\n                                                <span class=\"onoffswitch-inner\"><\/span>\n                                                <span class=\"onoffswitch-switch\"><\/span>\n                                            <\/label>\n                                        <\/div>\n                                    <\/div>\n                                <\/div>\n                            <\/div>\n                        <\/div>\n                    <\/div>\n                <\/div>\n            <\/div>\n                        <div class=\"sl-row\">\n                <div class=\"pol-12\">\n                    <div class=\"sl-main-cont\">\n                        <div class=\"sl-row no-gutters sl-main-row\">\n                            <div id=\"asl-panel\" class=\"asl-panel pol-md-5 pol-lg-4 asl_locator-panel\">\n                                <div class=\"asl-overlay\" id=\"map-loading\">\n                                    <div class=\"white\"><\/div>\n                                    <div class=\"sl-loading\">\n                                        <i class=\"animate-sl-spin icon-spin3\"><\/i>\n                                        Cargando                                    <\/div>\n                                <\/div>\n                                                                <!-- list -->\n                                <div class=\"asl-panel-inner\">\n                                    <div class=\"top-title Num_of_store\">\n                                        <span><span\n                                                class=\"sl-head-title\">Number Of Shops<\/span>:\n                                            <span class=\"count-result\">0<\/span><\/span>\n                                                                            <\/div>\n                                    <div class=\"sl-main-cont-box\">\n                                        <div id=\"asl-list\" class=\"sl-list-wrapper\">\n                                            <ul id=\"p-statelist\" class=\"sl-list\">\n                                            <\/ul>\n                                        <\/div>\n                                    <\/div>\n                                <\/div>\n\n                                <div class=\"directions-cont hide\">\n                                    <div class=\"agile-modal-header\">\n                                        <button type=\"button\" class=\"close\"><span aria-hidden=\"true\">\u00d7<\/span><\/button>\n                                        <h4>Direcci\u00f3n de la tienda<\/h4>\n                                    <\/div>\n                                    <div class=\"rendered-directions\" id=\"asl-rendered-dir\" style=\"direction: ltr;\">\n                                    <\/div>\n                                <\/div>\n                            <\/div>\n                            <div class=\"pol-md-7 pol-lg-8 asl-map\">\n                                <div class=\"map-image\">\n                                    <div id=\"asl-map-canv\" class=\"asl-map-canv\"><\/div>\n                                    <div id=\"agile-modal-direction\" class=\"agile-modal fade\">\n    <div class=\"agile-modal-backdrop-in\"><\/div>\n    <div class=\"agile-modal-dialog in\">\n        <div class=\"agile-modal-content\">\n            <div class=\"sl-form-group d-flex justify-content-between\">\n                <h4>Como llegar<\/h4>\n                <button type=\"button\" class=\"close-directions sl-close\" data-dismiss=\"agile-modal\"\n                    aria-label=\"Cerca\"><i aria-hidden=\"true\" class=\"icon-cancel-1\"><\/i><\/button>\n            <\/div>\n            <div class=\"sl-form-group\">\n                <label for=\"frm-lbl\">Desde:<\/label>\n                <input type=\"text\" class=\"form-control frm-place\" id=\"frm-lbl\"\n                    placeholder=\"Ingrese una ubicaci\u00f3n\">\n            <\/div>\n            <div class=\"sl-form-group\">\n                <label for=\"to-lbl\">A:<\/label>\n                <input readonly=\"true\" type=\"text\" class=\"directions-to form-control\" id=\"to-lbl\"\n                    placeholder=\"Direcci\u00f3n de destino rellenada previamente\">\n            <\/div>\n            <div class=\"sl-form-group mb-0\">\n                <label for=\"rbtn-km\" class=\"checkbox-inline\">\n                    <input type=\"radio\" name=\"dist-type\" id=\"rbtn-km\" value=\"0\"> Km                <\/label>\n                <label for=\"rbtn-mile\" class=\"checkbox-inline\">\n                    <input type=\"radio\" name=\"dist-type\" checked id=\"rbtn-mile\" value=\"1\">\n                    Millas                <\/label>\n            <\/div>\n            <div class=\"sl-form-group mb-0\">\n                <button type=\"submit\" aria-label=\"Como llegar\"\n                    class=\"btn btn-default btn-submit\">Como llegar<\/button>\n            <\/div>\n        <\/div>\n    <\/div>\n<\/div>\n\n<div id=\"asl-geolocation-agile-modal\" class=\"agile-modal fade\">\n    <div class=\"agile-modal-backdrop-in\"><\/div>\n    <div class=\"agile-modal-dialog in\">\n        <div class=\"agile-modal-content\">\n                            <div class=\"sl-form-group sl-icon-group\">\n                <button type=\"button\" class=\"close-directions sl-close\" data-dismiss=\"agile-modal\"\n                      aria-label=\"Cerca\"><i aria-hidden=\"true\" class=\"icon-cancel-1\"><\/i><\/button>\n                <div class=\"sl-loct-icon\">\n                    <svg xmlns=\"http:\/\/www.w3.org\/2000\/svg\" width=\"28\" height=\"28\" viewBox=\"0 0 24 24\" fill=\"none\"\n                        stroke=\"currentColor\" stroke-width=\"2\" stroke-linecap=\"round\" stroke-linejoin=\"round\">\n                        <path\n                            d=\"M20 10c0 4.993-5.539 10.193-7.399 11.799a1 1 0 0 1-1.202 0C9.539 20.193 4 14.993 4 10a8 8 0 0 1 16 0\">\n                        <\/path>\n                        <circle cx=\"12\" cy=\"10\" r=\"3\"><\/circle>\n                    <\/svg>\n                <\/div>\n                <h2>Find Nearby Service Providers<\/h2>\n                <p>Usar mi ubicaci\u00f3n para encontrar el proveedor de servicios m\u00e1s cercano cerca de m\u00ed<\/p>\n            <\/div>\n            <div class=\"sl-form-group text-center mb-0\">\n                <button type=\"button\" id=\"asl-btn-geolocation\"\n                    class=\"btn btn-block btn-default\">uso Localizaci\u00f3n<\/button>\n            <\/div>\n                    <\/div>\n    <\/div>\n<\/div>\n\n<div id=\"asl-desc-agile-modal\" class=\"agile-modal fade\">\n    <div class=\"agile-modal-backdrop-in\"><\/div>\n    <div class=\"agile-modal-dialog in\">\n        <div class=\"agile-modal-content\">\n            <div class=\"sl-row\">\n                <div class=\"pol-md-12\">\n                    <div class=\"sl-form-group d-flex justify-content-between\">\n                        <h4 class=\"sl-title\">View Description<\/h4>\n                        <button type=\"button\" class=\"close-directions sl-close\" data-dismiss=\"agile-modal\"\n                            aria-label=\"Close\"><i aria-hidden=\"true\" class=\"icon-cancel-1\"><\/i><\/button>\n                    <\/div>\n                    <div class=\"sl-desc\"><\/div>\n                <\/div>\n            <\/div>\n        <\/div>\n    <\/div>\n<\/div>                                <\/div>\n                            <\/div>\n                        <\/div>\n                    <\/div>\n                <\/div>\n            <\/div>\n        <\/div>\n            <\/div>\n<\/div>\n<!-- This plugin is developed by \"Agile Store Locator for WordPress\" https:\/\/agilestorelocator.com --><\/strong><\/p>\n\n<hr class=\"wp-block-separator has-alpha-channel-opacity\" style=\"margin-top:var(--wp--preset--spacing--60);margin-bottom:var(--wp--preset--spacing--60)\"\/>\n","protected":false},"excerpt":{"rendered":"<p>Los productos MotoRad se encuentran en todo el mundo en distribuidores de piezas de calidad, talleres, tiendas e instaladores. Puedes [&#8230;]<\/p>\n","protected":false},"author":2,"featured_media":0,"parent":0,"menu_order":0,"comment_status":"closed","ping_status":"closed","template":"","meta":{"_acf_changed":false,"footnotes":""},"class_list":["post-87830","page","type-page","status-publish","hentry"],"acf":[],"yoast_head":"<!-- This site is optimized with the Yoast SEO Premium plugin v27.2 (Yoast SEO v27.2) - https:\/\/yoast.com\/product\/yoast-seo-premium-wordpress\/ -->\n<title>D\u00f3nde comprar MotoRad - MotoRad<\/title>\n<meta name=\"description\" content=\"MotoRad - D\u00f3nde comprar MotoRad %\" \/>\n<meta name=\"robots\" content=\"index, follow, max-snippet:-1, max-image-preview:large, max-video-preview:-1\" \/>\n<link rel=\"canonical\" href=\"https:\/\/eu.motorad.com\/es\/donde-comprar-motorad\/\" \/>\n<meta property=\"og:locale\" content=\"es_ES\" \/>\n<meta property=\"og:type\" content=\"article\" \/>\n<meta property=\"og:title\" content=\"D\u00f3nde comprar MotoRad\" \/>\n<meta property=\"og:description\" content=\"MotoRad - D\u00f3nde comprar MotoRad %\" \/>\n<meta property=\"og:url\" content=\"https:\/\/eu.motorad.com\/es\/donde-comprar-motorad\/\" \/>\n<meta property=\"og:site_name\" content=\"MotoRad\" \/>\n<meta property=\"article:modified_time\" content=\"2026-03-17T16:08:19+00:00\" \/>\n<meta name=\"twitter:card\" content=\"summary_large_image\" \/>\n<script type=\"application\/ld+json\" class=\"yoast-schema-graph\">{\"@context\":\"https:\/\/schema.org\",\"@graph\":[{\"@type\":\"WebPage\",\"@id\":\"https:\/\/eu.motorad.com\/es\/donde-comprar-motorad\/\",\"url\":\"https:\/\/eu.motorad.com\/es\/donde-comprar-motorad\/\",\"name\":\"D\u00f3nde comprar MotoRad - MotoRad\",\"isPartOf\":{\"@id\":\"https:\/\/eu.motorad.com\/es\/#website\"},\"datePublished\":\"2026-01-15T19:47:31+00:00\",\"dateModified\":\"2026-03-17T16:08:19+00:00\",\"description\":\"MotoRad - D\u00f3nde comprar MotoRad %\",\"breadcrumb\":{\"@id\":\"https:\/\/eu.motorad.com\/es\/donde-comprar-motorad\/#breadcrumb\"},\"inLanguage\":\"es\",\"potentialAction\":[{\"@type\":\"ReadAction\",\"target\":[\"https:\/\/eu.motorad.com\/es\/donde-comprar-motorad\/\"]}]},{\"@type\":\"BreadcrumbList\",\"@id\":\"https:\/\/eu.motorad.com\/es\/donde-comprar-motorad\/#breadcrumb\",\"itemListElement\":[{\"@type\":\"ListItem\",\"position\":1,\"name\":\"Home\",\"item\":\"https:\/\/motoradnew.test\/es\/pagina-de-inicio\/\"},{\"@type\":\"ListItem\",\"position\":2,\"name\":\"D\u00f3nde comprar MotoRad\"}]},{\"@type\":\"WebSite\",\"@id\":\"https:\/\/eu.motorad.com\/es\/#website\",\"url\":\"https:\/\/eu.motorad.com\/es\/\",\"name\":\"MotoRad\",\"description\":\"Trusted to Deliver Better - Thermal Management, Emissions, Powertrain Controls\",\"potentialAction\":[{\"@type\":\"SearchAction\",\"target\":{\"@type\":\"EntryPoint\",\"urlTemplate\":\"https:\/\/eu.motorad.com\/es\/?s={search_term_string}\"},\"query-input\":{\"@type\":\"PropertyValueSpecification\",\"valueRequired\":true,\"valueName\":\"search_term_string\"}}],\"inLanguage\":\"es\"}]}<\/script>\n<!-- \/ Yoast SEO Premium plugin. -->","yoast_head_json":{"title":"D\u00f3nde comprar MotoRad - MotoRad","description":"MotoRad - D\u00f3nde comprar MotoRad %","robots":{"index":"index","follow":"follow","max-snippet":"max-snippet:-1","max-image-preview":"max-image-preview:large","max-video-preview":"max-video-preview:-1"},"canonical":"https:\/\/eu.motorad.com\/es\/donde-comprar-motorad\/","og_locale":"es_ES","og_type":"article","og_title":"D\u00f3nde comprar MotoRad","og_description":"MotoRad - D\u00f3nde comprar MotoRad %","og_url":"https:\/\/eu.motorad.com\/es\/donde-comprar-motorad\/","og_site_name":"MotoRad","article_modified_time":"2026-03-17T16:08:19+00:00","twitter_card":"summary_large_image","schema":{"@context":"https:\/\/schema.org","@graph":[{"@type":"WebPage","@id":"https:\/\/eu.motorad.com\/es\/donde-comprar-motorad\/","url":"https:\/\/eu.motorad.com\/es\/donde-comprar-motorad\/","name":"D\u00f3nde comprar MotoRad - MotoRad","isPartOf":{"@id":"https:\/\/eu.motorad.com\/es\/#website"},"datePublished":"2026-01-15T19:47:31+00:00","dateModified":"2026-03-17T16:08:19+00:00","description":"MotoRad - D\u00f3nde comprar MotoRad %","breadcrumb":{"@id":"https:\/\/eu.motorad.com\/es\/donde-comprar-motorad\/#breadcrumb"},"inLanguage":"es","potentialAction":[{"@type":"ReadAction","target":["https:\/\/eu.motorad.com\/es\/donde-comprar-motorad\/"]}]},{"@type":"BreadcrumbList","@id":"https:\/\/eu.motorad.com\/es\/donde-comprar-motorad\/#breadcrumb","itemListElement":[{"@type":"ListItem","position":1,"name":"Home","item":"https:\/\/motoradnew.test\/es\/pagina-de-inicio\/"},{"@type":"ListItem","position":2,"name":"D\u00f3nde comprar MotoRad"}]},{"@type":"WebSite","@id":"https:\/\/eu.motorad.com\/es\/#website","url":"https:\/\/eu.motorad.com\/es\/","name":"MotoRad","description":"Trusted to Deliver Better - Thermal Management, Emissions, Powertrain Controls","potentialAction":[{"@type":"SearchAction","target":{"@type":"EntryPoint","urlTemplate":"https:\/\/eu.motorad.com\/es\/?s={search_term_string}"},"query-input":{"@type":"PropertyValueSpecification","valueRequired":true,"valueName":"search_term_string"}}],"inLanguage":"es"}]}},"_links":{"self":[{"href":"https:\/\/eu.motorad.com\/es\/wp-json\/wp\/v2\/pages\/87830","targetHints":{"allow":["GET"]}}],"collection":[{"href":"https:\/\/eu.motorad.com\/es\/wp-json\/wp\/v2\/pages"}],"about":[{"href":"https:\/\/eu.motorad.com\/es\/wp-json\/wp\/v2\/types\/page"}],"author":[{"embeddable":true,"href":"https:\/\/eu.motorad.com\/es\/wp-json\/wp\/v2\/users\/2"}],"replies":[{"embeddable":true,"href":"https:\/\/eu.motorad.com\/es\/wp-json\/wp\/v2\/comments?post=87830"}],"version-history":[{"count":1,"href":"https:\/\/eu.motorad.com\/es\/wp-json\/wp\/v2\/pages\/87830\/revisions"}],"predecessor-version":[{"id":87832,"href":"https:\/\/eu.motorad.com\/es\/wp-json\/wp\/v2\/pages\/87830\/revisions\/87832"}],"wp:attachment":[{"href":"https:\/\/eu.motorad.com\/es\/wp-json\/wp\/v2\/media?parent=87830"}],"curies":[{"name":"wp","href":"https:\/\/api.w.org\/{rel}","templated":true}]}}