{"id":87854,"date":"2026-01-15T21:03:52","date_gmt":"2026-01-15T21:03:52","guid":{"rendered":"https:\/\/eu.motorad.com\/instrucciones-de-seguridad-e-instalacion\/"},"modified":"2026-03-17T16:15:14","modified_gmt":"2026-03-17T16:15:14","slug":"instrucciones-de-seguridad-e-instalacion","status":"publish","type":"page","link":"https:\/\/eu.motorad.com\/es\/instrucciones-de-seguridad-e-instalacion\/","title":{"rendered":"Instrucciones de seguridad e instalaci\u00f3n"},"content":{"rendered":"\n<div class=\"wp-block-cover alignfull is-light\" style=\"min-height:350px;aspect-ratio:unset;\"><img decoding=\"async\" class=\"wp-block-cover__image-background wp-image-86608 size-full\" alt=\"\" src=\"https:\/\/motorad.com\/wp-content\/uploads\/safety.jpg\" data-object-fit=\"cover\"\/><span aria-hidden=\"true\" class=\"wp-block-cover__background has-background-dim-0 has-background-dim\" style=\"background-color:#f6d81c\"><\/span><div class=\"wp-block-cover__inner-container is-layout-flow wp-block-cover-is-layout-flow\">\n<h1 class=\"wp-block-heading\" id=\"h-safety-instructions\">Seguridad<br\/>Instrucciones<\/h1>\n<\/div><\/div>\n\n<p style=\"margin-top:var(--wp--preset--spacing--50);margin-right:0;margin-bottom:var(--wp--preset--spacing--50);margin-left:0\">Las instrucciones de seguridad e instalaci\u00f3n de MotoRad est\u00e1n dirigidas a t\u00e9cnicos profesionales y propietarios de veh\u00edculos informados. Lee siempre la hoja de instrucciones completa antes de empezar a trabajar. Utiliza el equipo de protecci\u00f3n personal adecuado, sigue todas las advertencias y cumple la normativa local. Los documentos que aparecen a continuaci\u00f3n son las versiones m\u00e1s recientes; los embalajes y las descargas m\u00e1s antiguas pueden contener revisiones anteriores. En caso de conflicto de orientaci\u00f3n, controla la versi\u00f3n en l\u00ednea    <\/p>\n\n<ul id=\"mr-safety-list\" class=\"wp-block-list\">\n<li><a href=\"https:\/\/images.motorad.com\/MotoRad-stills\/93-20301-0001_MotoRad_Temperature_Sensors_Safety_Instructions.pdf\" target=\"_blank\" rel=\"noreferrer noopener\">Sensores de temperatura &#8211; Instrucciones de seguridad<\/a><\/li>\n\n\n\n<li><a href=\"https:\/\/images.motorad.com\/MotoRad-stills\/93-30501-0001_MotoRad_Fuel_and_Tethered_Fuel_Caps_Safety_Instructions.pdf\" target=\"_blank\" rel=\"noreferrer noopener\">Combustible y tapones de combustible atados &#8211; Instrucciones de seguridad  <\/a><\/li>\n\n\n\n<li><a href=\"https:\/\/images.motorad.com\/MotoRad-stills\/93-30201-0001_MotoRad_Coolant_and_Oil_Caps_Safety_Instructions.pdf\" target=\"_blank\" rel=\"noreferrer noopener\">Tapones de refrigerante y aceite &#8211; Instrucciones de seguridad<\/a><\/li>\n\n\n\n<li><a href=\"https:\/\/images.motorad.com\/MotoRad-stills\/93-30801-0001_MotoRad_Leak_Detection_Pumps_and_Coolant_System_Tester_Safety_Instructions.pdf\" target=\"_blank\" rel=\"noreferrer noopener\">Bombas de detecci\u00f3n de fugas y comprobador del sistema de refrigeraci\u00f3n &#8211; Instrucciones de seguridad  <\/a><\/li>\n\n\n\n<li><a href=\"https:\/\/images.motorad.com\/MotoRad-stills\/93-30901-0001_MotoRad_EVAP_Components_Safety_Instructions.pdf\" target=\"_blank\" rel=\"noreferrer noopener\">Componentes EVAP &#8211; Instrucciones de seguridad  <\/a><\/li>\n\n\n\n<li><a href=\"https:\/\/images.motorad.com\/MotoRad-stills\/93-20501-0001_MotoRad_Mass_Air_Flow_MAF_Sensors_Safety_Instructions.pdf\" target=\"_blank\" rel=\"noreferrer noopener\">Sensores de masa de aire (MAF) &#8211; Instrucciones de seguridad  <\/a><\/li>\n\n\n\n<li><a href=\"https:\/\/images.motorad.com\/MotoRad-stills\/93-20701-0001_MotoRad_Position_Sensors_Safety_Instructions.pdf\" target=\"_blank\" rel=\"noreferrer noopener\">Sensores de posici\u00f3n &#8211; Instrucciones de seguridad  <\/a><\/li>\n\n\n\n<li><a href=\"https:\/\/images.motorad.com\/MotoRad-stills\/93-20401-0001_MotoRad_VVT_Solenoids_Safety_Instructions.pdf\" target=\"_blank\" rel=\"noreferrer noopener\">Solenoides VVT &#8211; Instrucciones de seguridad  <\/a><\/li>\n\n\n\n<li><a href=\"https:\/\/images.motorad.com\/MotoRad-stills\/93-20602-0001_MotoRad_Ignition_Coils_Safety_Instructions.pdf\" target=\"_blank\" rel=\"noreferrer noopener\">Bobinas de encendido &#8211; Instrucciones de seguridad  <\/a><\/li>\n\n\n\n<li><a href=\"https:\/\/images.motorad.com\/MotoRad-stills\/93-10701-0001_MotoRad_Thermostats_Safety_Instructions.pdf\" target=\"_blank\" rel=\"noreferrer noopener\">Termostatos &#8211; Instrucciones de seguridad<\/a><\/li>\n<\/ul>\n\n<p style=\"margin-top:var(--wp--preset--spacing--50);margin-right:0;margin-bottom:var(--wp--preset--spacing--50);margin-left:0\">Para obtener asistencia t\u00e9cnica o notificar un problema de seguridad, ponte en contacto con <a href=\"mailto:info@motorad.com\">MotoRad<\/a>.<\/p>\n","protected":false},"excerpt":{"rendered":"<p>Las instrucciones de seguridad e instalaci\u00f3n de MotoRad est\u00e1n dirigidas a t\u00e9cnicos profesionales y propietarios de veh\u00edculos informados. Lee siempre [&#8230;]<\/p>\n","protected":false},"author":2,"featured_media":0,"parent":0,"menu_order":0,"comment_status":"closed","ping_status":"closed","template":"","meta":{"_acf_changed":false,"footnotes":""},"class_list":["post-87854","page","type-page","status-publish","hentry"],"acf":[],"yoast_head":"<!-- This site is optimized with the Yoast SEO Premium plugin v27.2 (Yoast SEO v27.5) - https:\/\/yoast.com\/product\/yoast-seo-premium-wordpress\/ -->\n<title>Instrucciones de seguridad e instalaci\u00f3n - MotoRad<\/title>\n<meta name=\"description\" content=\"MotoRad - Instrucciones de seguridad e instalaci\u00f3n %\" \/>\n<meta name=\"robots\" content=\"index, follow, max-snippet:-1, max-image-preview:large, max-video-preview:-1\" \/>\n<link rel=\"canonical\" href=\"https:\/\/eu.motorad.com\/es\/instrucciones-de-seguridad-e-instalacion\/\" \/>\n<meta property=\"og:locale\" content=\"es_ES\" \/>\n<meta property=\"og:type\" content=\"article\" \/>\n<meta property=\"og:title\" content=\"Instrucciones de seguridad e instalaci\u00f3n\" \/>\n<meta property=\"og:description\" content=\"MotoRad - Instrucciones de seguridad e instalaci\u00f3n %\" \/>\n<meta property=\"og:url\" content=\"https:\/\/eu.motorad.com\/es\/instrucciones-de-seguridad-e-instalacion\/\" \/>\n<meta property=\"og:site_name\" content=\"MotoRad\" \/>\n<meta property=\"article:modified_time\" content=\"2026-03-17T16:15:14+00:00\" \/>\n<meta name=\"twitter:card\" content=\"summary_large_image\" \/>\n<meta name=\"twitter:label1\" content=\"Est. reading time\" \/>\n\t<meta name=\"twitter:data1\" content=\"1 minuto\" \/>\n<script type=\"application\/ld+json\" class=\"yoast-schema-graph\">{\"@context\":\"https:\\\/\\\/schema.org\",\"@graph\":[{\"@type\":\"WebPage\",\"@id\":\"https:\\\/\\\/eu.motorad.com\\\/es\\\/instrucciones-de-seguridad-e-instalacion\\\/\",\"url\":\"https:\\\/\\\/eu.motorad.com\\\/es\\\/instrucciones-de-seguridad-e-instalacion\\\/\",\"name\":\"Instrucciones de seguridad e instalaci\u00f3n - MotoRad\",\"isPartOf\":{\"@id\":\"https:\\\/\\\/eu.motorad.com\\\/es\\\/#website\"},\"primaryImageOfPage\":{\"@id\":\"https:\\\/\\\/eu.motorad.com\\\/es\\\/instrucciones-de-seguridad-e-instalacion\\\/#primaryimage\"},\"image\":{\"@id\":\"https:\\\/\\\/eu.motorad.com\\\/es\\\/instrucciones-de-seguridad-e-instalacion\\\/#primaryimage\"},\"thumbnailUrl\":\"https:\\\/\\\/motorad.com\\\/wp-content\\\/uploads\\\/safety.jpg\",\"datePublished\":\"2026-01-15T21:03:52+00:00\",\"dateModified\":\"2026-03-17T16:15:14+00:00\",\"description\":\"MotoRad - Instrucciones de seguridad e instalaci\u00f3n %\",\"breadcrumb\":{\"@id\":\"https:\\\/\\\/eu.motorad.com\\\/es\\\/instrucciones-de-seguridad-e-instalacion\\\/#breadcrumb\"},\"inLanguage\":\"es\",\"potentialAction\":[{\"@type\":\"ReadAction\",\"target\":[\"https:\\\/\\\/eu.motorad.com\\\/es\\\/instrucciones-de-seguridad-e-instalacion\\\/\"]}]},{\"@type\":\"ImageObject\",\"inLanguage\":\"es\",\"@id\":\"https:\\\/\\\/eu.motorad.com\\\/es\\\/instrucciones-de-seguridad-e-instalacion\\\/#primaryimage\",\"url\":\"https:\\\/\\\/motorad.com\\\/wp-content\\\/uploads\\\/safety.jpg\",\"contentUrl\":\"https:\\\/\\\/motorad.com\\\/wp-content\\\/uploads\\\/safety.jpg\"},{\"@type\":\"BreadcrumbList\",\"@id\":\"https:\\\/\\\/eu.motorad.com\\\/es\\\/instrucciones-de-seguridad-e-instalacion\\\/#breadcrumb\",\"itemListElement\":[{\"@type\":\"ListItem\",\"position\":1,\"name\":\"Home\",\"item\":\"https:\\\/\\\/motoradnew.test\\\/es\\\/pagina-de-inicio\\\/\"},{\"@type\":\"ListItem\",\"position\":2,\"name\":\"Instrucciones de seguridad e instalaci\u00f3n\"}]},{\"@type\":\"WebSite\",\"@id\":\"https:\\\/\\\/eu.motorad.com\\\/es\\\/#website\",\"url\":\"https:\\\/\\\/eu.motorad.com\\\/es\\\/\",\"name\":\"MotoRad\",\"description\":\"Trusted to Deliver Better - Thermal Management, Emissions, Powertrain Controls\",\"potentialAction\":[{\"@type\":\"SearchAction\",\"target\":{\"@type\":\"EntryPoint\",\"urlTemplate\":\"https:\\\/\\\/eu.motorad.com\\\/es\\\/?s={search_term_string}\"},\"query-input\":{\"@type\":\"PropertyValueSpecification\",\"valueRequired\":true,\"valueName\":\"search_term_string\"}}],\"inLanguage\":\"es\"}]}<\/script>\n<!-- \/ Yoast SEO Premium plugin. -->","yoast_head_json":{"title":"Instrucciones de seguridad e instalaci\u00f3n - MotoRad","description":"MotoRad - Instrucciones de seguridad e instalaci\u00f3n %","robots":{"index":"index","follow":"follow","max-snippet":"max-snippet:-1","max-image-preview":"max-image-preview:large","max-video-preview":"max-video-preview:-1"},"canonical":"https:\/\/eu.motorad.com\/es\/instrucciones-de-seguridad-e-instalacion\/","og_locale":"es_ES","og_type":"article","og_title":"Instrucciones de seguridad e instalaci\u00f3n","og_description":"MotoRad - Instrucciones de seguridad e instalaci\u00f3n %","og_url":"https:\/\/eu.motorad.com\/es\/instrucciones-de-seguridad-e-instalacion\/","og_site_name":"MotoRad","article_modified_time":"2026-03-17T16:15:14+00:00","twitter_card":"summary_large_image","twitter_misc":{"Est. reading time":"1 minuto"},"schema":{"@context":"https:\/\/schema.org","@graph":[{"@type":"WebPage","@id":"https:\/\/eu.motorad.com\/es\/instrucciones-de-seguridad-e-instalacion\/","url":"https:\/\/eu.motorad.com\/es\/instrucciones-de-seguridad-e-instalacion\/","name":"Instrucciones de seguridad e instalaci\u00f3n - MotoRad","isPartOf":{"@id":"https:\/\/eu.motorad.com\/es\/#website"},"primaryImageOfPage":{"@id":"https:\/\/eu.motorad.com\/es\/instrucciones-de-seguridad-e-instalacion\/#primaryimage"},"image":{"@id":"https:\/\/eu.motorad.com\/es\/instrucciones-de-seguridad-e-instalacion\/#primaryimage"},"thumbnailUrl":"https:\/\/motorad.com\/wp-content\/uploads\/safety.jpg","datePublished":"2026-01-15T21:03:52+00:00","dateModified":"2026-03-17T16:15:14+00:00","description":"MotoRad - Instrucciones de seguridad e instalaci\u00f3n %","breadcrumb":{"@id":"https:\/\/eu.motorad.com\/es\/instrucciones-de-seguridad-e-instalacion\/#breadcrumb"},"inLanguage":"es","potentialAction":[{"@type":"ReadAction","target":["https:\/\/eu.motorad.com\/es\/instrucciones-de-seguridad-e-instalacion\/"]}]},{"@type":"ImageObject","inLanguage":"es","@id":"https:\/\/eu.motorad.com\/es\/instrucciones-de-seguridad-e-instalacion\/#primaryimage","url":"https:\/\/motorad.com\/wp-content\/uploads\/safety.jpg","contentUrl":"https:\/\/motorad.com\/wp-content\/uploads\/safety.jpg"},{"@type":"BreadcrumbList","@id":"https:\/\/eu.motorad.com\/es\/instrucciones-de-seguridad-e-instalacion\/#breadcrumb","itemListElement":[{"@type":"ListItem","position":1,"name":"Home","item":"https:\/\/motoradnew.test\/es\/pagina-de-inicio\/"},{"@type":"ListItem","position":2,"name":"Instrucciones de seguridad e instalaci\u00f3n"}]},{"@type":"WebSite","@id":"https:\/\/eu.motorad.com\/es\/#website","url":"https:\/\/eu.motorad.com\/es\/","name":"MotoRad","description":"Trusted to Deliver Better - Thermal Management, Emissions, Powertrain Controls","potentialAction":[{"@type":"SearchAction","target":{"@type":"EntryPoint","urlTemplate":"https:\/\/eu.motorad.com\/es\/?s={search_term_string}"},"query-input":{"@type":"PropertyValueSpecification","valueRequired":true,"valueName":"search_term_string"}}],"inLanguage":"es"}]}},"_links":{"self":[{"href":"https:\/\/eu.motorad.com\/es\/wp-json\/wp\/v2\/pages\/87854","targetHints":{"allow":["GET"]}}],"collection":[{"href":"https:\/\/eu.motorad.com\/es\/wp-json\/wp\/v2\/pages"}],"about":[{"href":"https:\/\/eu.motorad.com\/es\/wp-json\/wp\/v2\/types\/page"}],"author":[{"embeddable":true,"href":"https:\/\/eu.motorad.com\/es\/wp-json\/wp\/v2\/users\/2"}],"replies":[{"embeddable":true,"href":"https:\/\/eu.motorad.com\/es\/wp-json\/wp\/v2\/comments?post=87854"}],"version-history":[{"count":1,"href":"https:\/\/eu.motorad.com\/es\/wp-json\/wp\/v2\/pages\/87854\/revisions"}],"predecessor-version":[{"id":87858,"href":"https:\/\/eu.motorad.com\/es\/wp-json\/wp\/v2\/pages\/87854\/revisions\/87858"}],"wp:attachment":[{"href":"https:\/\/eu.motorad.com\/es\/wp-json\/wp\/v2\/media?parent=87854"}],"curies":[{"name":"wp","href":"https:\/\/api.w.org\/{rel}","templated":true}]}}