{"id":5585,"date":"2025-03-12T11:34:14","date_gmt":"2025-03-12T11:34:14","guid":{"rendered":"https:\/\/eu.motorad.com\/2024-paace\/"},"modified":"2025-06-30T18:39:21","modified_gmt":"2025-06-30T18:39:21","slug":"2024-paace","status":"publish","type":"page","link":"https:\/\/eu.motorad.com\/fr\/2024-paace\/","title":{"rendered":"2024 PAACE"},"content":{"rendered":"\n<figure class=\"wp-block-image size-large\"><img loading=\"lazy\" decoding=\"async\" width=\"1024\" height=\"571\" src=\"https:\/\/eu.motorad.com\/wp-content\/uploads\/2025\/03\/show-1024x571.jpg\" alt=\"\" class=\"wp-image-215\" srcset=\"https:\/\/eu.motorad.com\/wp-content\/uploads\/2025\/03\/show-1024x571.jpg 1024w, https:\/\/eu.motorad.com\/wp-content\/uploads\/2025\/03\/show-300x167.jpg 300w, https:\/\/eu.motorad.com\/wp-content\/uploads\/2025\/03\/show-768x428.jpg 768w, https:\/\/eu.motorad.com\/wp-content\/uploads\/2025\/03\/show-1536x857.jpg 1536w, https:\/\/eu.motorad.com\/wp-content\/uploads\/2025\/03\/show.jpg 1800w\" sizes=\"auto, (max-width: 1024px) 100vw, 1024px\" \/><\/figure>\n\n<div class=\"wp-block-columns is-layout-flex wp-container-core-columns-is-layout-8351d469 wp-block-columns-is-layout-flex\" style=\"margin-bottom:var(--wp--preset--spacing--50)\">\n<div class=\"wp-block-column is-layout-flow wp-block-column-is-layout-flow\">\n<figure class=\"wp-block-image size-full\"><img loading=\"lazy\" decoding=\"async\" width=\"150\" height=\"150\" src=\"https:\/\/eu.motorad.com\/wp-content\/uploads\/2025\/03\/web-menu-icons-therm-1.webp\" alt=\"\" class=\"wp-image-216\"\/><\/figure>\n\n\n\n<h4 class=\"wp-block-heading\"><strong><em><a href=\"https:\/\/eu.motorad.com\/fr\/thermostats\/\">Thermostats<\/a><\/em><\/strong><\/h4>\n\n\n\n<ul class=\"wp-block-list\">\n<li><a href=\"https:\/\/eu.motorad.com\/fr\/thermostats\/thermostats-automobiles\/\">Thermostats automobiles<\/a><\/li>\n\n\n\n<li><a href=\"https:\/\/eu.motorad.com\/products\/thermostats\/fail-safe-thermostats\/\">Thermostats Fail-Safe<\/a><\/li>\n\n\n\n<li><a href=\"https:\/\/eu.motorad.com\/products\/thermostats\/ultrastat-thermostats\/\">Thermostats UltraStat<\/a><\/li>\n\n\n\n<li><a href=\"https:\/\/eu.motorad.com\/fr\/thermostats\/boitiers-de-liquide-de-refroidissement-motorad\/\">Bo\u00eetier du liquide de refroidissement<\/a><\/li>\n\n\n\n<li><a href=\"https:\/\/eu.motorad.com\/fr\/thermostats\/thermostats-a-boitier-integre-motorad\/\">Thermostats \u00e0 bo\u00eetier int\u00e9gr\u00e9<\/a><\/li>\n<\/ul>\n<\/div>\n\n\n\n<div class=\"wp-block-column is-layout-flow wp-block-column-is-layout-flow\">\n<figure class=\"wp-block-image size-full\"><img loading=\"lazy\" decoding=\"async\" width=\"150\" height=\"150\" src=\"https:\/\/eu.motorad.com\/wp-content\/uploads\/2025\/03\/web-menu-icons-em-1.webp\" alt=\"\" class=\"wp-image-217\"\/><\/figure>\n\n\n\n<h4 class=\"wp-block-heading\"><strong><em><a href=\"https:\/\/eu.motorad.com\/fr\/commandes-du-groupe-motopropulseur\/\">Technologies \u00e9mergentes<\/a><\/em><\/strong><\/h4>\n\n\n\n<ul class=\"wp-block-list\">\n<li><a href=\"https:\/\/eu.motorad.com\/fr\/commandes-du-groupe-motopropulseur\/capteurs-de-cliquetis\/\">D\u00e9tecteurs de chocs<\/a><\/li>\n\n\n\n<li><a href=\"https:\/\/eu.motorad.com\/fr\/commandes-du-groupe-motopropulseur\/capteurs-de-position-du-papillon\/\">Capteurs de position du papillon des gaz<\/a><\/li>\n\n\n\n<li><a href=\"https:\/\/eu.motorad.com\/fr\/commandes-du-groupe-motopropulseur\/capteurs-emetteurs-de-temperature-du-liquide-de-refroidissement\/\">Capteurs de temp\u00e9rature du liquide de refroidissement<\/a><\/li>\n\n\n\n<li><a href=\"https:\/\/eu.motorad.com\/fr\/commandes-du-groupe-motopropulseur\/solenoides-vvt\/\">Sol\u00e9no\u00efdes VVT<\/a><\/li>\n\n\n\n<li><a href=\"https:\/\/eu.motorad.com\/fr\/commandes-du-groupe-motopropulseur\/capteurs-maf\/\">Capteurs de d\u00e9bit d&rsquo;air massique (MAF)<\/a><\/li>\n\n\n\n<li><a href=\"https:\/\/eu.motorad.com\/fr\/commandes-du-groupe-motopropulseur\/bobines-dallumage\/\">Bobines d&rsquo;allumage<\/a><\/li>\n\n\n\n<li><a href=\"https:\/\/eu.motorad.com\/fr\/commandes-du-groupe-motopropulseur\/capteurs-darbre-a-cames-de-vilebrequin\/\">Capteurs came\/manivelle<\/a><\/li>\n<\/ul>\n<\/div>\n\n\n\n<div class=\"wp-block-column is-layout-flow wp-block-column-is-layout-flow\">\n<figure class=\"wp-block-image size-full\"><img loading=\"lazy\" decoding=\"async\" width=\"150\" height=\"150\" src=\"https:\/\/eu.motorad.com\/wp-content\/uploads\/2025\/03\/web-menu-icons-cap-1.webp\" alt=\"\" class=\"wp-image-218\"\/><\/figure>\n\n\n\n<h4 class=\"wp-block-heading\"><strong><em><a href=\"https:\/\/eu.motorad.com\/fr\/bouchons\/\">Casquettes<\/a><\/em><\/strong><\/h4>\n\n\n\n<ul class=\"wp-block-list\">\n<li><a href=\"https:\/\/eu.motorad.com\/fr\/bouchons\/bouchon-de-carburant-attache\/\">Bouchon de r\u00e9servoir attach\u00e9<\/a><\/li>\n\n\n\n<li><a href=\"https:\/\/eu.motorad.com\/fr\/bouchons\/bouchons-de-liquide-de-refroidissement\/\">Bouchons de liquide de refroidissement<\/a><\/li>\n\n\n\n<li><a href=\"https:\/\/eu.motorad.com\/fr\/bouchons\/bouchons-dhuile\/\">Bouchons d&rsquo;huile<\/a><\/li>\n\n\n\n<li><a href=\"https:\/\/eu.motorad.com\/fr\/bouchons\/bouchons-de-reservoir\/\">Bouchons de carburant<\/a><\/li>\n\n\n\n<li><a href=\"https:\/\/eu.motorad.com\/fr\/bouchons\/bouchons-def\/\">Capsules DEF<\/a><\/li>\n\n\n\n<li><a href=\"https:\/\/eu.motorad.com\/fr\/bouchons\/bouchons-de-filtre-a-huile\/\">Bouchons de filtre \u00e0 huile<\/a><\/li>\n\n\n\n<li><a href=\"https:\/\/eu.motorad.com\/fr\/bouchons\/testeur-de-systeme-de-refroidissement\/\">Testeur du syst\u00e8me de refroidissement<\/a><\/li>\n<\/ul>\n<\/div>\n<\/div>\n\n<h2 class=\"wp-block-heading\" id=\"h-request-more-information\" style=\"margin-bottom:var(--wp--preset--spacing--50)\">Demandez plus d&rsquo;informations :<\/h2>\n\n<p style=\"margin-bottom:var(--wp--preset--spacing--50)\">Prenez contact avec notre \u00e9quipe d&rsquo;experts qui apporte une richesse de connaissances et d&rsquo;exp\u00e9rience dans l&rsquo;industrie automobile pour discuter de la fa\u00e7on dont les produits MotoRad peuvent r\u00e9pondre \u00e0 vos besoins sp\u00e9cifiques et vous aider \u00e0 rester en t\u00eate sur le march\u00e9 automobile en \u00e9volution rapide.<\/p>\n\n<ul style=\"margin-bottom:var(--wp--preset--spacing--60)\" class=\"wp-block-list\">\n<li><strong>Restez inform\u00e9<\/strong>: Obtenez des informations pr\u00e9cieuses sur les derni\u00e8res avanc\u00e9es en mati\u00e8re de technologie automobile.<\/li>\n\n\n\n<li><strong>Faites l&rsquo;exp\u00e9rience de l&rsquo;innovation<\/strong>: Voyez de vos propres yeux comment MotoRad repousse les limites de l&rsquo;ing\u00e9nierie automobile.<\/li>\n<\/ul>\n\n<div class=\"wp-block-group is-layout-constrained wp-block-group-is-layout-constrained\" style=\"padding-top:var(--wp--preset--spacing--50);padding-bottom:var(--wp--preset--spacing--50)\">\n<iframe loading=\"lazy\" src=\"https:\/\/go.motorad.com\/l\/846063\/2023-08-11\/2g77nr\" width=\"100%\" height=\"650px\" type=\"text\/html\" frameborder=\"0\" allowtransparency=\"true\" style=\"border: 0\"><\/iframe>\n<\/div>\n\n<div class=\"wp-block-cover alignfull is-light\" style=\"padding-top:var(--wp--preset--spacing--60);padding-bottom:var(--wp--preset--spacing--60)\"><span aria-hidden=\"true\" class=\"wp-block-cover__background has-background-dim-0 has-background-dim\" style=\"background-color:#ece5d9\"><\/span><img loading=\"lazy\" decoding=\"async\" width=\"1505\" height=\"305\" class=\"wp-block-cover__image-background wp-image-223\" alt=\"\" src=\"https:\/\/eu.motorad.com\/wp-content\/uploads\/2025\/03\/FooterCTA.jpg\" data-object-fit=\"cover\" srcset=\"https:\/\/eu.motorad.com\/wp-content\/uploads\/2025\/03\/FooterCTA.jpg 1505w, https:\/\/eu.motorad.com\/wp-content\/uploads\/2025\/03\/FooterCTA-300x61.jpg 300w, https:\/\/eu.motorad.com\/wp-content\/uploads\/2025\/03\/FooterCTA-1024x208.jpg 1024w, https:\/\/eu.motorad.com\/wp-content\/uploads\/2025\/03\/FooterCTA-768x156.jpg 768w\" sizes=\"auto, (max-width: 1505px) 100vw, 1505px\" \/><div class=\"wp-block-cover__inner-container is-layout-flow wp-block-cover-is-layout-flow\">\n<div class=\"wp-block-columns are-vertically-aligned-center is-layout-flex wp-container-core-columns-is-layout-cbe57604 wp-block-columns-is-layout-flex\">\n<div class=\"wp-block-column is-vertically-aligned-center is-layout-flow wp-block-column-is-layout-flow\" style=\"flex-basis:45%\">\n<h2 class=\"wp-block-heading has-text-align-center has-palette-text-color has-text-color\" id=\"h-need-help-finding-the-right-product\" style=\"margin-bottom:var(--wp--preset--spacing--40)\">Vous avez besoin d&rsquo;aide pour trouver le bon produit ?<\/h2>\n\n\n\n<p class=\"has-text-align-center has-palette-text-color has-text-color\" style=\"margin-bottom:var(--wp--preset--spacing--50)\">Notre \u00e9quipe d\u00e9vou\u00e9e est l\u00e0 pour vous orienter dans la bonne direction. Cliquez ci-dessous et dites-nous comment nous pouvons vous aider \u00e0 trouver le produit id\u00e9al pour vos besoins. Votre voyage vers une meilleure exp\u00e9rience commence ici.  <\/p>\n\n\n\n<div class=\"wp-block-buttons is-content-justification-center is-layout-flex wp-container-core-buttons-is-layout-a89b3969 wp-block-buttons-is-layout-flex\">\n<div class=\"wp-block-button\"><a class=\"wp-block-button__link has-text-align-center wp-element-button\" href=\"https:\/\/eu.motorad.com\/contact\/need-help-finding-something\/\">Parlez \u00e0 un sp\u00e9cialiste MotoRad<\/a><\/div>\n<\/div>\n<\/div>\n\n\n\n<div class=\"wp-block-column is-layout-flow wp-block-column-is-layout-flow\" style=\"flex-basis:10%\"><\/div>\n\n\n\n<div class=\"wp-block-column is-layout-flow wp-block-column-is-layout-flow\" style=\"flex-basis:45%\">\n<h2 class=\"wp-block-heading has-text-align-center has-palette-text-color has-text-color\" id=\"h-looking-for-custom-development\" style=\"margin-bottom:var(--wp--preset--spacing--40)\">Vous cherchez un d\u00e9veloppement sur mesure ?<\/h2>\n\n\n\n<p class=\"has-text-align-center has-palette-text-color has-text-color\" style=\"margin-bottom:var(--wp--preset--spacing--50)\">Nous ne nous contentons pas de proposer des produits ; nous \u00e9laborons des solutions sur mesure qui r\u00e9pondent \u00e0 vos besoins. \u00cates-vous pr\u00eat \u00e0 donner vie \u00e0 votre nouveau projet ? Cliquez ci-dessous, et embarquons ensemble pour le d\u00e9veloppement de produits sur mesure.  <\/p>\n\n\n\n<div class=\"wp-block-buttons is-content-justification-center is-layout-flex wp-container-core-buttons-is-layout-a89b3969 wp-block-buttons-is-layout-flex\">\n<div class=\"wp-block-button is-style-fill\"><a class=\"wp-block-button__link has-palette-bg-color has-palette-text-background-color has-text-color has-background has-text-align-center wp-element-button\" href=\"https:\/\/eu.motorad.com\/contact\/do-you-need-custom-development\/\">Nous voulons \u00eatre votre fournisseur<\/a><\/div>\n<\/div>\n<\/div>\n<\/div>\n<\/div><\/div>\n","protected":false},"excerpt":{"rendered":"<p>Thermostats Technologies \u00e9mergentes Casquettes Demandez plus d&rsquo;informations : Prenez contact avec notre \u00e9quipe d&rsquo;experts qui apporte une richesse de connaissances [&#8230;]<\/p>\n","protected":false},"author":1,"featured_media":0,"parent":0,"menu_order":0,"comment_status":"closed","ping_status":"closed","template":"","meta":{"_acf_changed":false,"footnotes":""},"class_list":["post-5585","page","type-page","status-publish","hentry"],"acf":[],"yoast_head":"<!-- This site is optimized with the Yoast SEO Premium plugin v27.2 (Yoast SEO v27.2) - https:\/\/yoast.com\/product\/yoast-seo-premium-wordpress\/ -->\n<title>2024 PAACE - MotoRad<\/title>\n<meta name=\"description\" content=\"MotoRad - 2024 PAACE %\" \/>\n<meta name=\"robots\" content=\"index, follow, max-snippet:-1, max-image-preview:large, max-video-preview:-1\" \/>\n<link rel=\"canonical\" href=\"https:\/\/eu.motorad.com\/fr\/2024-paace\/\" \/>\n<meta property=\"og:locale\" content=\"fr_FR\" \/>\n<meta property=\"og:type\" content=\"article\" \/>\n<meta property=\"og:title\" content=\"2024 PAACE\" \/>\n<meta property=\"og:description\" content=\"MotoRad - 2024 PAACE %\" \/>\n<meta property=\"og:url\" content=\"https:\/\/eu.motorad.com\/fr\/2024-paace\/\" \/>\n<meta property=\"og:site_name\" content=\"MotoRad\" \/>\n<meta property=\"article:modified_time\" content=\"2025-06-30T18:39:21+00:00\" \/>\n<meta property=\"og:image\" content=\"https:\/\/eu.motorad.com\/wp-content\/uploads\/2025\/03\/show.jpg\" \/>\n\t<meta property=\"og:image:width\" content=\"1800\" \/>\n\t<meta property=\"og:image:height\" content=\"1004\" \/>\n\t<meta property=\"og:image:type\" content=\"image\/jpeg\" \/>\n<meta name=\"twitter:card\" content=\"summary_large_image\" \/>\n<meta name=\"twitter:label1\" content=\"Est. reading time\" \/>\n\t<meta name=\"twitter:data1\" content=\"1 minute\" \/>\n<script type=\"application\/ld+json\" class=\"yoast-schema-graph\">{\"@context\":\"https:\/\/schema.org\",\"@graph\":[{\"@type\":\"WebPage\",\"@id\":\"https:\/\/eu.motorad.com\/fr\/2024-paace\/\",\"url\":\"https:\/\/eu.motorad.com\/fr\/2024-paace\/\",\"name\":\"2024 PAACE - MotoRad\",\"isPartOf\":{\"@id\":\"https:\/\/eu.motorad.com\/fr\/#website\"},\"primaryImageOfPage\":{\"@id\":\"https:\/\/eu.motorad.com\/fr\/2024-paace\/#primaryimage\"},\"image\":{\"@id\":\"https:\/\/eu.motorad.com\/fr\/2024-paace\/#primaryimage\"},\"thumbnailUrl\":\"https:\/\/eu.motorad.com\/wp-content\/uploads\/2025\/03\/show-1024x571.jpg\",\"datePublished\":\"2025-03-12T11:34:14+00:00\",\"dateModified\":\"2025-06-30T18:39:21+00:00\",\"description\":\"MotoRad - 2024 PAACE %\",\"breadcrumb\":{\"@id\":\"https:\/\/eu.motorad.com\/fr\/2024-paace\/#breadcrumb\"},\"inLanguage\":\"fr-FR\",\"potentialAction\":[{\"@type\":\"ReadAction\",\"target\":[\"https:\/\/eu.motorad.com\/fr\/2024-paace\/\"]}]},{\"@type\":\"ImageObject\",\"inLanguage\":\"fr-FR\",\"@id\":\"https:\/\/eu.motorad.com\/fr\/2024-paace\/#primaryimage\",\"url\":\"https:\/\/eu.motorad.com\/wp-content\/uploads\/2025\/03\/show-1024x571.jpg\",\"contentUrl\":\"https:\/\/eu.motorad.com\/wp-content\/uploads\/2025\/03\/show-1024x571.jpg\"},{\"@type\":\"BreadcrumbList\",\"@id\":\"https:\/\/eu.motorad.com\/fr\/2024-paace\/#breadcrumb\",\"itemListElement\":[{\"@type\":\"ListItem\",\"position\":1,\"name\":\"Home\",\"item\":\"https:\/\/motoradnew.test\/fr\/page-daccueil\/\"},{\"@type\":\"ListItem\",\"position\":2,\"name\":\"2024 PAACE\"}]},{\"@type\":\"WebSite\",\"@id\":\"https:\/\/eu.motorad.com\/fr\/#website\",\"url\":\"https:\/\/eu.motorad.com\/fr\/\",\"name\":\"MotoRad\",\"description\":\"Trusted to Deliver Better - Thermal Management, Emissions, Powertrain Controls\",\"potentialAction\":[{\"@type\":\"SearchAction\",\"target\":{\"@type\":\"EntryPoint\",\"urlTemplate\":\"https:\/\/eu.motorad.com\/fr\/?s={search_term_string}\"},\"query-input\":{\"@type\":\"PropertyValueSpecification\",\"valueRequired\":true,\"valueName\":\"search_term_string\"}}],\"inLanguage\":\"fr-FR\"}]}<\/script>\n<!-- \/ Yoast SEO Premium plugin. -->","yoast_head_json":{"title":"2024 PAACE - MotoRad","description":"MotoRad - 2024 PAACE %","robots":{"index":"index","follow":"follow","max-snippet":"max-snippet:-1","max-image-preview":"max-image-preview:large","max-video-preview":"max-video-preview:-1"},"canonical":"https:\/\/eu.motorad.com\/fr\/2024-paace\/","og_locale":"fr_FR","og_type":"article","og_title":"2024 PAACE","og_description":"MotoRad - 2024 PAACE %","og_url":"https:\/\/eu.motorad.com\/fr\/2024-paace\/","og_site_name":"MotoRad","article_modified_time":"2025-06-30T18:39:21+00:00","og_image":[{"width":1800,"height":1004,"url":"https:\/\/eu.motorad.com\/wp-content\/uploads\/2025\/03\/show.jpg","type":"image\/jpeg"}],"twitter_card":"summary_large_image","twitter_misc":{"Est. reading time":"1 minute"},"schema":{"@context":"https:\/\/schema.org","@graph":[{"@type":"WebPage","@id":"https:\/\/eu.motorad.com\/fr\/2024-paace\/","url":"https:\/\/eu.motorad.com\/fr\/2024-paace\/","name":"2024 PAACE - MotoRad","isPartOf":{"@id":"https:\/\/eu.motorad.com\/fr\/#website"},"primaryImageOfPage":{"@id":"https:\/\/eu.motorad.com\/fr\/2024-paace\/#primaryimage"},"image":{"@id":"https:\/\/eu.motorad.com\/fr\/2024-paace\/#primaryimage"},"thumbnailUrl":"https:\/\/eu.motorad.com\/wp-content\/uploads\/2025\/03\/show-1024x571.jpg","datePublished":"2025-03-12T11:34:14+00:00","dateModified":"2025-06-30T18:39:21+00:00","description":"MotoRad - 2024 PAACE %","breadcrumb":{"@id":"https:\/\/eu.motorad.com\/fr\/2024-paace\/#breadcrumb"},"inLanguage":"fr-FR","potentialAction":[{"@type":"ReadAction","target":["https:\/\/eu.motorad.com\/fr\/2024-paace\/"]}]},{"@type":"ImageObject","inLanguage":"fr-FR","@id":"https:\/\/eu.motorad.com\/fr\/2024-paace\/#primaryimage","url":"https:\/\/eu.motorad.com\/wp-content\/uploads\/2025\/03\/show-1024x571.jpg","contentUrl":"https:\/\/eu.motorad.com\/wp-content\/uploads\/2025\/03\/show-1024x571.jpg"},{"@type":"BreadcrumbList","@id":"https:\/\/eu.motorad.com\/fr\/2024-paace\/#breadcrumb","itemListElement":[{"@type":"ListItem","position":1,"name":"Home","item":"https:\/\/motoradnew.test\/fr\/page-daccueil\/"},{"@type":"ListItem","position":2,"name":"2024 PAACE"}]},{"@type":"WebSite","@id":"https:\/\/eu.motorad.com\/fr\/#website","url":"https:\/\/eu.motorad.com\/fr\/","name":"MotoRad","description":"Trusted to Deliver Better - Thermal Management, Emissions, Powertrain Controls","potentialAction":[{"@type":"SearchAction","target":{"@type":"EntryPoint","urlTemplate":"https:\/\/eu.motorad.com\/fr\/?s={search_term_string}"},"query-input":{"@type":"PropertyValueSpecification","valueRequired":true,"valueName":"search_term_string"}}],"inLanguage":"fr-FR"}]}},"_links":{"self":[{"href":"https:\/\/eu.motorad.com\/fr\/wp-json\/wp\/v2\/pages\/5585","targetHints":{"allow":["GET"]}}],"collection":[{"href":"https:\/\/eu.motorad.com\/fr\/wp-json\/wp\/v2\/pages"}],"about":[{"href":"https:\/\/eu.motorad.com\/fr\/wp-json\/wp\/v2\/types\/page"}],"author":[{"embeddable":true,"href":"https:\/\/eu.motorad.com\/fr\/wp-json\/wp\/v2\/users\/1"}],"replies":[{"embeddable":true,"href":"https:\/\/eu.motorad.com\/fr\/wp-json\/wp\/v2\/comments?post=5585"}],"version-history":[{"count":21,"href":"https:\/\/eu.motorad.com\/fr\/wp-json\/wp\/v2\/pages\/5585\/revisions"}],"predecessor-version":[{"id":6852,"href":"https:\/\/eu.motorad.com\/fr\/wp-json\/wp\/v2\/pages\/5585\/revisions\/6852"}],"wp:attachment":[{"href":"https:\/\/eu.motorad.com\/fr\/wp-json\/wp\/v2\/media?parent=5585"}],"curies":[{"name":"wp","href":"https:\/\/api.w.org\/{rel}","templated":true}]}}