{"id":5820,"date":"2025-04-03T18:54:33","date_gmt":"2025-04-03T18:54:33","guid":{"rendered":"https:\/\/eu.motorad.com\/soupapes-daeration-du-reservoir-de-vapeur\/"},"modified":"2025-06-13T12:48:14","modified_gmt":"2025-06-13T12:48:14","slug":"soupapes-daeration-du-reservoir-de-vapeur","status":"publish","type":"page","link":"https:\/\/eu.motorad.com\/fr\/produits\/systeme-evap\/soupapes-daeration-du-reservoir-de-vapeur\/","title":{"rendered":"Soupapes d&rsquo;a\u00e9ration du r\u00e9servoir de vapeur"},"content":{"rendered":"<h1 style=\"margin-top:var(--wp--preset--spacing--60);margin-bottom:var(--wp--preset--spacing--60);\" class=\"wp-block-post-title\">Soupapes d&rsquo;a\u00e9ration du r\u00e9servoir de vapeur<\/h1>\n<div class=\"wp-block-columns is-layout-flex wp-container-core-columns-is-layout-d07913d3 wp-block-columns-is-layout-flex\" style=\"margin-bottom:var(--wp--preset--spacing--60)\">\n<div class=\"wp-block-column is-layout-flow wp-block-column-is-layout-flow\" style=\"flex-basis:33.33%\">\n<figure class=\"wp-block-image size-full\"><img loading=\"lazy\" decoding=\"async\" width=\"2560\" height=\"2560\" src=\"https:\/\/eu.motorad.com\/wp-content\/uploads\/2025\/04\/EVP0096_Angle-scaled-1.jpg\" alt=\"\" class=\"wp-image-4511\" srcset=\"https:\/\/eu.motorad.com\/wp-content\/uploads\/2025\/04\/EVP0096_Angle-scaled-1.jpg 2560w, https:\/\/eu.motorad.com\/wp-content\/uploads\/2025\/04\/EVP0096_Angle-scaled-1-300x300.jpg 300w, https:\/\/eu.motorad.com\/wp-content\/uploads\/2025\/04\/EVP0096_Angle-scaled-1-1024x1024.jpg 1024w, https:\/\/eu.motorad.com\/wp-content\/uploads\/2025\/04\/EVP0096_Angle-scaled-1-150x150.jpg 150w, https:\/\/eu.motorad.com\/wp-content\/uploads\/2025\/04\/EVP0096_Angle-scaled-1-768x768.jpg 768w, https:\/\/eu.motorad.com\/wp-content\/uploads\/2025\/04\/EVP0096_Angle-scaled-1-1536x1536.jpg 1536w, https:\/\/eu.motorad.com\/wp-content\/uploads\/2025\/04\/EVP0096_Angle-scaled-1-2048x2048.jpg 2048w\" sizes=\"auto, (max-width: 2560px) 100vw, 2560px\" \/><\/figure>\n<\/div>\n\n\n\n<div class=\"wp-block-column is-layout-flow wp-block-column-is-layout-flow\" style=\"flex-basis:66.66%\">\n<p>La soupape d&rsquo;a\u00e9ration du r\u00e9servoir de vapeur joue un r\u00f4le crucial dans le syst\u00e8me de contr\u00f4le des \u00e9missions d&rsquo;un v\u00e9hicule, contribuant \u00e0 r\u00e9duire les polluants nocifs susceptibles de s&rsquo;\u00e9chapper dans l&rsquo;environnement. Cette soupape r\u00e9gule la lib\u00e9ration des vapeurs de carburant du r\u00e9servoir d&rsquo;essence en les dirigeant vers le collecteur d&rsquo;admission du moteur, o\u00f9 elles peuvent \u00eatre br\u00fbl\u00e9es plut\u00f4t que lib\u00e9r\u00e9es dans l&rsquo;atmosph\u00e8re. En g\u00e9rant ces vapeurs, la soupape d&rsquo;a\u00e9ration minimise l&rsquo;impact du v\u00e9hicule sur la qualit\u00e9 de l&rsquo;air, contribuant ainsi \u00e0 des \u00e9missions plus propres et au respect des normes environnementales.<\/p>\n\n\n\n<p>Une soupape d&rsquo;a\u00e9ration de remplacement de haute qualit\u00e9 est essentielle pour maintenir des performances optimales du v\u00e9hicule et la conformit\u00e9 environnementale. Des soupapes mal fabriqu\u00e9es peuvent entra\u00eener des fuites de vapeurs de carburant, qui non seulement nuisent \u00e0 l&rsquo;environnement, mais r\u00e9duisent \u00e9galement l&rsquo;efficacit\u00e9 \u00e9nerg\u00e9tique et peuvent potentiellement endommager d&rsquo;autres composants du moteur au fil du temps. <\/p>\n\n\n\n<p>Les soupapes d&rsquo;a\u00e9ration du r\u00e9servoir de vapeur de MotoRad sont durables et bien construites pour am\u00e9liorer la fiabilit\u00e9 du syst\u00e8me, pr\u00e9venir la perte de vapeur et garantir que les \u00e9missions sont constamment minimis\u00e9es. Choisir un remplacement de qualit\u00e9 est un investissement dans la sant\u00e9 \u00e0 long terme du moteur, l&rsquo;\u00e9conomie de carburant et la responsabilit\u00e9 environnementale.<\/p>\n<\/div>\n<\/div>\n\n<ul style=\"margin-bottom:var(--wp--preset--spacing--20)\" class=\"wp-block-list\">\n<li>Assure la fermeture du syst\u00e8me EVAP (normalement ventil\u00e9) pendant le cycle de test OBD II<\/li>\n<\/ul>\n\n<ul style=\"margin-bottom:var(--wp--preset--spacing--20)\" class=\"wp-block-list\">\n<li>Comprend un filtre int\u00e9gr\u00e9 qui capture les contaminants et les particules de l&rsquo;air entrant, emp\u00eachant l&rsquo;obstruction et assurant un flux d&rsquo;air propre<\/li>\n<\/ul>\n\n<ul style=\"margin-bottom:var(--wp--preset--spacing--20)\" class=\"wp-block-list\">\n<li>R\u00e9ponse rapide de la soupape aux demandes du moteur, assurant une ventilation efficace des vapeurs et optimisant les performances globales du moteur<\/li>\n<\/ul>\n\n<h3 class=\"wp-block-heading has-palette-interactive-color has-text-color has-link-color wp-elements-ff8424f16a29e6d8e1de6d2bd4a16203\" id=\"h-available-january-2025\" style=\"margin-top:var(--wp--preset--spacing--60)\">Disponible en janvier 2025<\/h3>\n\n<hr class=\"wp-block-separator has-text-color has-palette-brand-3-color has-alpha-channel-opacity has-palette-brand-3-background-color has-background is-style-wide\" style=\"margin-top:var(--wp--preset--spacing--60);margin-bottom:var(--wp--preset--spacing--60)\"\/>\n\n<div class=\"wp-block-columns are-vertically-aligned-center is-layout-flex wp-container-core-columns-is-layout-06f677bf wp-block-columns-is-layout-flex\" style=\"margin-bottom:var(--wp--preset--spacing--70)\">\n<div class=\"wp-block-column is-vertically-aligned-center is-layout-flow wp-block-column-is-layout-flow\" style=\"flex-basis:33.33%\">\n<figure class=\"wp-block-image size-full\"><img loading=\"lazy\" decoding=\"async\" width=\"1200\" height=\"498\" src=\"https:\/\/eu.motorad.com\/wp-content\/uploads\/2025\/04\/24-evap-icon-1.jpg\" alt=\"\" class=\"wp-image-4518\" srcset=\"https:\/\/eu.motorad.com\/wp-content\/uploads\/2025\/04\/24-evap-icon-1.jpg 1200w, https:\/\/eu.motorad.com\/wp-content\/uploads\/2025\/04\/24-evap-icon-1-300x125.jpg 300w, https:\/\/eu.motorad.com\/wp-content\/uploads\/2025\/04\/24-evap-icon-1-1024x425.jpg 1024w, https:\/\/eu.motorad.com\/wp-content\/uploads\/2025\/04\/24-evap-icon-1-768x319.jpg 768w\" sizes=\"auto, (max-width: 1200px) 100vw, 1200px\" \/><\/figure>\n<\/div>\n\n\n\n<div class=\"wp-block-column is-vertically-aligned-center is-layout-flow wp-block-column-is-layout-flow\" style=\"flex-basis:66.66%\">\n<h2 class=\"wp-block-heading\" id=\"h-see-the-full-line-of-evap-system-products\"><a href=\"https:\/\/eu.motorad.com\/products\/evap-system\/\">Consultez la gamme compl\u00e8te de produits pour syst\u00e8mes EVAP<\/a><\/h2>\n<\/div>\n<\/div>\n\n<div class=\"wp-block-cover alignfull is-light\" style=\"padding-top:var(--wp--preset--spacing--60);padding-bottom:var(--wp--preset--spacing--60)\"><span aria-hidden=\"true\" class=\"wp-block-cover__background has-background-dim-0 has-background-dim\" style=\"background-color:#ece5d9\"><\/span><img loading=\"lazy\" decoding=\"async\" width=\"1505\" height=\"305\" class=\"wp-block-cover__image-background wp-image-223\" alt=\"\" src=\"https:\/\/eu.motorad.com\/wp-content\/uploads\/2025\/03\/FooterCTA.jpg\" data-object-fit=\"cover\" srcset=\"https:\/\/eu.motorad.com\/wp-content\/uploads\/2025\/03\/FooterCTA.jpg 1505w, https:\/\/eu.motorad.com\/wp-content\/uploads\/2025\/03\/FooterCTA-300x61.jpg 300w, https:\/\/eu.motorad.com\/wp-content\/uploads\/2025\/03\/FooterCTA-1024x208.jpg 1024w, https:\/\/eu.motorad.com\/wp-content\/uploads\/2025\/03\/FooterCTA-768x156.jpg 768w\" sizes=\"auto, (max-width: 1505px) 100vw, 1505px\" \/><div class=\"wp-block-cover__inner-container is-layout-flow wp-block-cover-is-layout-flow\">\n<div class=\"wp-block-columns are-vertically-aligned-center is-layout-flex wp-container-core-columns-is-layout-cbe57604 wp-block-columns-is-layout-flex\">\n<div class=\"wp-block-column is-vertically-aligned-center is-layout-flow wp-block-column-is-layout-flow\" style=\"flex-basis:45%\">\n<h2 class=\"wp-block-heading has-text-align-center has-palette-text-color has-text-color\" id=\"h-need-help-finding-the-right-product\" style=\"margin-bottom:var(--wp--preset--spacing--40)\">Vous avez besoin d&rsquo;aide pour trouver le bon produit ?<\/h2>\n\n\n\n<p class=\"has-text-align-center has-palette-text-color has-text-color\" style=\"margin-bottom:var(--wp--preset--spacing--50)\">Notre \u00e9quipe d\u00e9vou\u00e9e est l\u00e0 pour vous orienter dans la bonne direction. Cliquez ci-dessous et dites-nous comment nous pouvons vous aider \u00e0 trouver le produit id\u00e9al pour vos besoins. Votre voyage vers une meilleure exp\u00e9rience commence ici.  <\/p>\n\n\n\n<div class=\"wp-block-buttons is-content-justification-center is-layout-flex wp-container-core-buttons-is-layout-a89b3969 wp-block-buttons-is-layout-flex\">\n<div class=\"wp-block-button\"><a class=\"wp-block-button__link has-text-align-center wp-element-button\" href=\"https:\/\/eu.motorad.com\/contact\/need-help-finding-something\/\">Parlez \u00e0 un sp\u00e9cialiste MotoRad<\/a><\/div>\n<\/div>\n<\/div>\n\n\n\n<div class=\"wp-block-column is-layout-flow wp-block-column-is-layout-flow\" style=\"flex-basis:10%\"><\/div>\n\n\n\n<div class=\"wp-block-column is-layout-flow wp-block-column-is-layout-flow\" style=\"flex-basis:45%\">\n<h2 class=\"wp-block-heading has-text-align-center has-palette-text-color has-text-color\" id=\"h-looking-for-custom-development\" style=\"margin-bottom:var(--wp--preset--spacing--40)\">Vous cherchez un d\u00e9veloppement sur mesure ?<\/h2>\n\n\n\n<p class=\"has-text-align-center has-palette-text-color has-text-color\" style=\"margin-bottom:var(--wp--preset--spacing--50)\">Nous ne nous contentons pas de proposer des produits ; nous \u00e9laborons des solutions sur mesure qui r\u00e9pondent \u00e0 vos besoins. \u00cates-vous pr\u00eat \u00e0 donner vie \u00e0 votre nouveau projet ? Cliquez ci-dessous, et embarquons ensemble pour le d\u00e9veloppement de produits sur mesure.  <\/p>\n\n\n\n<div class=\"wp-block-buttons is-content-justification-center is-layout-flex wp-container-core-buttons-is-layout-a89b3969 wp-block-buttons-is-layout-flex\">\n<div class=\"wp-block-button is-style-fill\"><a class=\"wp-block-button__link has-palette-bg-color has-palette-text-background-color has-text-color has-background has-text-align-center wp-element-button\" href=\"https:\/\/eu.motorad.com\/contact\/do-you-need-custom-development\/\">Nous voulons \u00eatre votre fournisseur<\/a><\/div>\n<\/div>\n<\/div>\n<\/div>\n<\/div><\/div>\n","protected":false},"excerpt":{"rendered":"<p>La soupape d&rsquo;a\u00e9ration du r\u00e9servoir de vapeur joue un r\u00f4le crucial dans le syst\u00e8me de contr\u00f4le des \u00e9missions d&rsquo;un v\u00e9hicule, [&#8230;]<\/p>\n","protected":false},"author":1,"featured_media":0,"parent":5837,"menu_order":0,"comment_status":"closed","ping_status":"closed","template":"","meta":{"_acf_changed":false,"footnotes":""},"class_list":["post-5820","page","type-page","status-publish","hentry"],"acf":[],"yoast_head":"<!-- This site is optimized with the Yoast SEO Premium plugin v27.2 (Yoast SEO v27.2) - https:\/\/yoast.com\/product\/yoast-seo-premium-wordpress\/ -->\n<title>Soupapes d&#039;a\u00e9ration du r\u00e9servoir de vapeur - MotoRad<\/title>\n<meta name=\"description\" content=\"MotoRad - Soupapes d&#039;a\u00e9ration du r\u00e9servoir de vapeur %\" \/>\n<meta name=\"robots\" content=\"index, follow, max-snippet:-1, max-image-preview:large, max-video-preview:-1\" \/>\n<link rel=\"canonical\" href=\"https:\/\/eu.motorad.com\/fr\/produits\/systeme-evap\/soupapes-daeration-du-reservoir-de-vapeur\/\" \/>\n<meta property=\"og:locale\" content=\"fr_FR\" \/>\n<meta property=\"og:type\" content=\"article\" \/>\n<meta property=\"og:title\" content=\"Soupapes d&#039;a\u00e9ration du r\u00e9servoir de vapeur\" \/>\n<meta property=\"og:description\" content=\"MotoRad - Soupapes d&#039;a\u00e9ration du r\u00e9servoir de vapeur %\" \/>\n<meta property=\"og:url\" content=\"https:\/\/eu.motorad.com\/fr\/produits\/systeme-evap\/soupapes-daeration-du-reservoir-de-vapeur\/\" \/>\n<meta property=\"og:site_name\" content=\"MotoRad\" \/>\n<meta property=\"article:modified_time\" content=\"2025-06-13T12:48:14+00:00\" \/>\n<meta property=\"og:image\" content=\"https:\/\/eu.motorad.com\/wp-content\/uploads\/2025\/04\/EVP0096_Angle-scaled-1.jpg\" \/>\n\t<meta property=\"og:image:width\" content=\"2560\" \/>\n\t<meta property=\"og:image:height\" content=\"2560\" \/>\n\t<meta property=\"og:image:type\" content=\"image\/jpeg\" \/>\n<meta name=\"twitter:card\" content=\"summary_large_image\" \/>\n<meta name=\"twitter:label1\" content=\"Est. reading time\" \/>\n\t<meta name=\"twitter:data1\" content=\"2 minutes\" \/>\n<script type=\"application\/ld+json\" class=\"yoast-schema-graph\">{\"@context\":\"https:\/\/schema.org\",\"@graph\":[{\"@type\":\"WebPage\",\"@id\":\"https:\/\/eu.motorad.com\/fr\/produits\/systeme-evap\/soupapes-daeration-du-reservoir-de-vapeur\/\",\"url\":\"https:\/\/eu.motorad.com\/fr\/produits\/systeme-evap\/soupapes-daeration-du-reservoir-de-vapeur\/\",\"name\":\"Soupapes d'a\u00e9ration du r\u00e9servoir de vapeur - MotoRad\",\"isPartOf\":{\"@id\":\"https:\/\/eu.motorad.com\/fr\/#website\"},\"primaryImageOfPage\":{\"@id\":\"https:\/\/eu.motorad.com\/fr\/produits\/systeme-evap\/soupapes-daeration-du-reservoir-de-vapeur\/#primaryimage\"},\"image\":{\"@id\":\"https:\/\/eu.motorad.com\/fr\/produits\/systeme-evap\/soupapes-daeration-du-reservoir-de-vapeur\/#primaryimage\"},\"thumbnailUrl\":\"https:\/\/eu.motorad.com\/wp-content\/uploads\/2025\/04\/EVP0096_Angle-scaled-1.jpg\",\"datePublished\":\"2025-04-03T18:54:33+00:00\",\"dateModified\":\"2025-06-13T12:48:14+00:00\",\"description\":\"MotoRad - Soupapes d'a\u00e9ration du r\u00e9servoir de vapeur %\",\"breadcrumb\":{\"@id\":\"https:\/\/eu.motorad.com\/fr\/produits\/systeme-evap\/soupapes-daeration-du-reservoir-de-vapeur\/#breadcrumb\"},\"inLanguage\":\"fr-FR\",\"potentialAction\":[{\"@type\":\"ReadAction\",\"target\":[\"https:\/\/eu.motorad.com\/fr\/produits\/systeme-evap\/soupapes-daeration-du-reservoir-de-vapeur\/\"]}]},{\"@type\":\"ImageObject\",\"inLanguage\":\"fr-FR\",\"@id\":\"https:\/\/eu.motorad.com\/fr\/produits\/systeme-evap\/soupapes-daeration-du-reservoir-de-vapeur\/#primaryimage\",\"url\":\"https:\/\/eu.motorad.com\/wp-content\/uploads\/2025\/04\/EVP0096_Angle-scaled-1.jpg\",\"contentUrl\":\"https:\/\/eu.motorad.com\/wp-content\/uploads\/2025\/04\/EVP0096_Angle-scaled-1.jpg\"},{\"@type\":\"BreadcrumbList\",\"@id\":\"https:\/\/eu.motorad.com\/fr\/produits\/systeme-evap\/soupapes-daeration-du-reservoir-de-vapeur\/#breadcrumb\",\"itemListElement\":[{\"@type\":\"ListItem\",\"position\":1,\"name\":\"Home\",\"item\":\"https:\/\/motoradnew.test\/fr\/page-daccueil\/\"},{\"@type\":\"ListItem\",\"position\":2,\"name\":\"Soupapes d&rsquo;a\u00e9ration du r\u00e9servoir de vapeur\"}]},{\"@type\":\"WebSite\",\"@id\":\"https:\/\/eu.motorad.com\/fr\/#website\",\"url\":\"https:\/\/eu.motorad.com\/fr\/\",\"name\":\"MotoRad\",\"description\":\"Trusted to Deliver Better - Thermal Management, Emissions, Powertrain Controls\",\"potentialAction\":[{\"@type\":\"SearchAction\",\"target\":{\"@type\":\"EntryPoint\",\"urlTemplate\":\"https:\/\/eu.motorad.com\/fr\/?s={search_term_string}\"},\"query-input\":{\"@type\":\"PropertyValueSpecification\",\"valueRequired\":true,\"valueName\":\"search_term_string\"}}],\"inLanguage\":\"fr-FR\"}]}<\/script>\n<!-- \/ Yoast SEO Premium plugin. -->","yoast_head_json":{"title":"Soupapes d'a\u00e9ration du r\u00e9servoir de vapeur - MotoRad","description":"MotoRad - Soupapes d'a\u00e9ration du r\u00e9servoir de vapeur %","robots":{"index":"index","follow":"follow","max-snippet":"max-snippet:-1","max-image-preview":"max-image-preview:large","max-video-preview":"max-video-preview:-1"},"canonical":"https:\/\/eu.motorad.com\/fr\/produits\/systeme-evap\/soupapes-daeration-du-reservoir-de-vapeur\/","og_locale":"fr_FR","og_type":"article","og_title":"Soupapes d'a\u00e9ration du r\u00e9servoir de vapeur","og_description":"MotoRad - Soupapes d'a\u00e9ration du r\u00e9servoir de vapeur %","og_url":"https:\/\/eu.motorad.com\/fr\/produits\/systeme-evap\/soupapes-daeration-du-reservoir-de-vapeur\/","og_site_name":"MotoRad","article_modified_time":"2025-06-13T12:48:14+00:00","og_image":[{"width":2560,"height":2560,"url":"https:\/\/eu.motorad.com\/wp-content\/uploads\/2025\/04\/EVP0096_Angle-scaled-1.jpg","type":"image\/jpeg"}],"twitter_card":"summary_large_image","twitter_misc":{"Est. reading time":"2 minutes"},"schema":{"@context":"https:\/\/schema.org","@graph":[{"@type":"WebPage","@id":"https:\/\/eu.motorad.com\/fr\/produits\/systeme-evap\/soupapes-daeration-du-reservoir-de-vapeur\/","url":"https:\/\/eu.motorad.com\/fr\/produits\/systeme-evap\/soupapes-daeration-du-reservoir-de-vapeur\/","name":"Soupapes d'a\u00e9ration du r\u00e9servoir de vapeur - MotoRad","isPartOf":{"@id":"https:\/\/eu.motorad.com\/fr\/#website"},"primaryImageOfPage":{"@id":"https:\/\/eu.motorad.com\/fr\/produits\/systeme-evap\/soupapes-daeration-du-reservoir-de-vapeur\/#primaryimage"},"image":{"@id":"https:\/\/eu.motorad.com\/fr\/produits\/systeme-evap\/soupapes-daeration-du-reservoir-de-vapeur\/#primaryimage"},"thumbnailUrl":"https:\/\/eu.motorad.com\/wp-content\/uploads\/2025\/04\/EVP0096_Angle-scaled-1.jpg","datePublished":"2025-04-03T18:54:33+00:00","dateModified":"2025-06-13T12:48:14+00:00","description":"MotoRad - Soupapes d'a\u00e9ration du r\u00e9servoir de vapeur %","breadcrumb":{"@id":"https:\/\/eu.motorad.com\/fr\/produits\/systeme-evap\/soupapes-daeration-du-reservoir-de-vapeur\/#breadcrumb"},"inLanguage":"fr-FR","potentialAction":[{"@type":"ReadAction","target":["https:\/\/eu.motorad.com\/fr\/produits\/systeme-evap\/soupapes-daeration-du-reservoir-de-vapeur\/"]}]},{"@type":"ImageObject","inLanguage":"fr-FR","@id":"https:\/\/eu.motorad.com\/fr\/produits\/systeme-evap\/soupapes-daeration-du-reservoir-de-vapeur\/#primaryimage","url":"https:\/\/eu.motorad.com\/wp-content\/uploads\/2025\/04\/EVP0096_Angle-scaled-1.jpg","contentUrl":"https:\/\/eu.motorad.com\/wp-content\/uploads\/2025\/04\/EVP0096_Angle-scaled-1.jpg"},{"@type":"BreadcrumbList","@id":"https:\/\/eu.motorad.com\/fr\/produits\/systeme-evap\/soupapes-daeration-du-reservoir-de-vapeur\/#breadcrumb","itemListElement":[{"@type":"ListItem","position":1,"name":"Home","item":"https:\/\/motoradnew.test\/fr\/page-daccueil\/"},{"@type":"ListItem","position":2,"name":"Soupapes d&rsquo;a\u00e9ration du r\u00e9servoir de vapeur"}]},{"@type":"WebSite","@id":"https:\/\/eu.motorad.com\/fr\/#website","url":"https:\/\/eu.motorad.com\/fr\/","name":"MotoRad","description":"Trusted to Deliver Better - Thermal Management, Emissions, Powertrain Controls","potentialAction":[{"@type":"SearchAction","target":{"@type":"EntryPoint","urlTemplate":"https:\/\/eu.motorad.com\/fr\/?s={search_term_string}"},"query-input":{"@type":"PropertyValueSpecification","valueRequired":true,"valueName":"search_term_string"}}],"inLanguage":"fr-FR"}]}},"_links":{"self":[{"href":"https:\/\/eu.motorad.com\/fr\/wp-json\/wp\/v2\/pages\/5820","targetHints":{"allow":["GET"]}}],"collection":[{"href":"https:\/\/eu.motorad.com\/fr\/wp-json\/wp\/v2\/pages"}],"about":[{"href":"https:\/\/eu.motorad.com\/fr\/wp-json\/wp\/v2\/types\/page"}],"author":[{"embeddable":true,"href":"https:\/\/eu.motorad.com\/fr\/wp-json\/wp\/v2\/users\/1"}],"replies":[{"embeddable":true,"href":"https:\/\/eu.motorad.com\/fr\/wp-json\/wp\/v2\/comments?post=5820"}],"version-history":[{"count":1,"href":"https:\/\/eu.motorad.com\/fr\/wp-json\/wp\/v2\/pages\/5820\/revisions"}],"predecessor-version":[{"id":5821,"href":"https:\/\/eu.motorad.com\/fr\/wp-json\/wp\/v2\/pages\/5820\/revisions\/5821"}],"up":[{"embeddable":true,"href":"https:\/\/eu.motorad.com\/fr\/wp-json\/wp\/v2\/pages\/5837"}],"wp:attachment":[{"href":"https:\/\/eu.motorad.com\/fr\/wp-json\/wp\/v2\/media?parent=5820"}],"curies":[{"name":"wp","href":"https:\/\/api.w.org\/{rel}","templated":true}]}}