{"id":5827,"date":"2025-04-03T18:03:14","date_gmt":"2025-04-03T18:03:14","guid":{"rendered":"https:\/\/eu.motorad.com\/capteurs-emetteurs-de-temperature-du-liquide-de-refroidissement\/"},"modified":"2025-06-13T12:48:26","modified_gmt":"2025-06-13T12:48:26","slug":"capteurs-emetteurs-de-temperature-du-liquide-de-refroidissement","status":"publish","type":"page","link":"https:\/\/eu.motorad.com\/fr\/produits\/commandes-du-groupe-motopropulseur\/capteurs-emetteurs-de-temperature-du-liquide-de-refroidissement\/","title":{"rendered":"CAPTEURS\/\u00c9METTEURS DE TEMP\u00c9RATURE DU LIQUIDE DE REFROIDISSEMENT"},"content":{"rendered":"<h1 style=\"margin-top:var(--wp--preset--spacing--60);margin-bottom:var(--wp--preset--spacing--60);\" class=\"wp-block-post-title\">CAPTEURS\/\u00c9METTEURS DE TEMP\u00c9RATURE DU LIQUIDE DE REFROIDISSEMENT<\/h1>\n<p>Les capteurs de temp\u00e9rature du liquide de refroidissement MotoRad fournissent des donn\u00e9es pr\u00e9cises au module de commande du groupe motopropulseur afin d&rsquo;assurer une gestion optimale du syst\u00e8me d&rsquo;injection de carburant, de l&rsquo;allumage, de la distribution \u00e0 calage variable, du changement de vitesse de la transmission, et plus encore de votre v\u00e9hicule. Fabriqu\u00e9s avec des mat\u00e9riaux de la plus haute qualit\u00e9 approuv\u00e9s par les \u00e9quipementiers, ils offrent une durabilit\u00e9 accrue m\u00eame dans les temp\u00e9ratures les plus extr\u00eames. Tous les capteurs de temp\u00e9rature du liquide de refroidissement MotoRad sont con\u00e7us pour r\u00e9pondre ou d\u00e9passer les sp\u00e9cifications des \u00e9quipementiers dans nos installations de fabrication certifi\u00e9es ISO TS16949.  <\/p>\n\n<div class=\"wp-block-columns is-layout-flex wp-container-core-columns-is-layout-95393138 wp-block-columns-is-layout-flex\" style=\"margin-top:var(--wp--preset--spacing--60);margin-bottom:var(--wp--preset--spacing--60)\">\n<div class=\"wp-block-column is-layout-flow wp-block-column-is-layout-flow\">\n<figure class=\"wp-block-image size-full\"><img loading=\"lazy\" decoding=\"async\" width=\"500\" height=\"500\" src=\"https:\/\/eu.motorad.com\/wp-content\/uploads\/2025\/04\/1TS1001_Angle.jpg\" alt=\"\" class=\"wp-image-4072\" srcset=\"https:\/\/eu.motorad.com\/wp-content\/uploads\/2025\/04\/1TS1001_Angle.jpg 500w, https:\/\/eu.motorad.com\/wp-content\/uploads\/2025\/04\/1TS1001_Angle-300x300.jpg 300w, https:\/\/eu.motorad.com\/wp-content\/uploads\/2025\/04\/1TS1001_Angle-150x150.jpg 150w\" sizes=\"auto, (max-width: 500px) 100vw, 500px\" \/><\/figure>\n<\/div>\n\n\n\n<div class=\"wp-block-column is-layout-flow wp-block-column-is-layout-flow\">\n<figure class=\"wp-block-image size-full\"><img loading=\"lazy\" decoding=\"async\" width=\"500\" height=\"500\" src=\"https:\/\/eu.motorad.com\/wp-content\/uploads\/2025\/04\/1TS1008_Angle-1.jpg\" alt=\"\" class=\"wp-image-4079\" srcset=\"https:\/\/eu.motorad.com\/wp-content\/uploads\/2025\/04\/1TS1008_Angle-1.jpg 500w, https:\/\/eu.motorad.com\/wp-content\/uploads\/2025\/04\/1TS1008_Angle-1-300x300.jpg 300w, https:\/\/eu.motorad.com\/wp-content\/uploads\/2025\/04\/1TS1008_Angle-1-150x150.jpg 150w\" sizes=\"auto, (max-width: 500px) 100vw, 500px\" \/><\/figure>\n<\/div>\n\n\n\n<div class=\"wp-block-column is-layout-flow wp-block-column-is-layout-flow\">\n<figure class=\"wp-block-image size-full\"><img loading=\"lazy\" decoding=\"async\" width=\"500\" height=\"500\" src=\"https:\/\/eu.motorad.com\/wp-content\/uploads\/2025\/04\/1TS1031_Angle.jpg\" alt=\"\" class=\"wp-image-4086\" srcset=\"https:\/\/eu.motorad.com\/wp-content\/uploads\/2025\/04\/1TS1031_Angle.jpg 500w, https:\/\/eu.motorad.com\/wp-content\/uploads\/2025\/04\/1TS1031_Angle-300x300.jpg 300w, https:\/\/eu.motorad.com\/wp-content\/uploads\/2025\/04\/1TS1031_Angle-150x150.jpg 150w\" sizes=\"auto, (max-width: 500px) 100vw, 500px\" \/><\/figure>\n<\/div>\n\n\n\n<div class=\"wp-block-column is-layout-flow wp-block-column-is-layout-flow\">\n<figure class=\"wp-block-image size-full\"><img loading=\"lazy\" decoding=\"async\" width=\"500\" height=\"500\" src=\"https:\/\/eu.motorad.com\/wp-content\/uploads\/2025\/04\/1TS1037_Angle.jpg\" alt=\"\" class=\"wp-image-4093\" srcset=\"https:\/\/eu.motorad.com\/wp-content\/uploads\/2025\/04\/1TS1037_Angle.jpg 500w, https:\/\/eu.motorad.com\/wp-content\/uploads\/2025\/04\/1TS1037_Angle-300x300.jpg 300w, https:\/\/eu.motorad.com\/wp-content\/uploads\/2025\/04\/1TS1037_Angle-150x150.jpg 150w\" sizes=\"auto, (max-width: 500px) 100vw, 500px\" \/><\/figure>\n<\/div>\n\n\n\n<div class=\"wp-block-column is-layout-flow wp-block-column-is-layout-flow\">\n<figure class=\"wp-block-image size-full\"><img loading=\"lazy\" decoding=\"async\" width=\"500\" height=\"500\" src=\"https:\/\/eu.motorad.com\/wp-content\/uploads\/2025\/04\/1TS1055_Angle.jpg\" alt=\"\" class=\"wp-image-4100\" srcset=\"https:\/\/eu.motorad.com\/wp-content\/uploads\/2025\/04\/1TS1055_Angle.jpg 500w, https:\/\/eu.motorad.com\/wp-content\/uploads\/2025\/04\/1TS1055_Angle-300x300.jpg 300w, https:\/\/eu.motorad.com\/wp-content\/uploads\/2025\/04\/1TS1055_Angle-150x150.jpg 150w\" sizes=\"auto, (max-width: 500px) 100vw, 500px\" \/><\/figure>\n<\/div>\n\n\n\n<div class=\"wp-block-column is-layout-flow wp-block-column-is-layout-flow\">\n<figure class=\"wp-block-image size-full\"><img loading=\"lazy\" decoding=\"async\" width=\"500\" height=\"500\" src=\"https:\/\/eu.motorad.com\/wp-content\/uploads\/2025\/04\/1TS1068_Angle.jpg\" alt=\"\" class=\"wp-image-4107\" srcset=\"https:\/\/eu.motorad.com\/wp-content\/uploads\/2025\/04\/1TS1068_Angle.jpg 500w, https:\/\/eu.motorad.com\/wp-content\/uploads\/2025\/04\/1TS1068_Angle-300x300.jpg 300w, https:\/\/eu.motorad.com\/wp-content\/uploads\/2025\/04\/1TS1068_Angle-150x150.jpg 150w\" sizes=\"auto, (max-width: 500px) 100vw, 500px\" \/><\/figure>\n<\/div>\n<\/div>\n\n<ul class=\"wp-block-list\">\n<li>\u00c9talonnage de r\u00e9sistance effectu\u00e9 \u00e0 100% en usine pour garantir des tol\u00e9rances de pr\u00e9cision, r\u00e9sultant en une temp\u00e9rature extr\u00eamement pr\u00e9cise pour des performances optimales.<\/li>\n\n\n\n<li>Produit d&rsquo;\u00e9tanch\u00e9it\u00e9 pour filetage et\/ou joint torique pr\u00e9-install\u00e9s sur tous les capteurs applicables pour garantir une performance sans fuite.<\/li>\n\n\n\n<li>Bo\u00eetier de capteur en laiton usin\u00e9 avec pr\u00e9cision pour une r\u00e9sistance sup\u00e9rieure \u00e0 la corrosion.<\/li>\n\n\n\n<li>Thermistance de pr\u00e9cision correspondant aux \u00e9quipements d&rsquo;origine, garantissant que les capteurs MotoRad correspondent aux r\u00e9sistances de sortie des \u00e9quipements d&rsquo;origine dans toutes les positions de temp\u00e9rature.<\/li>\n\n\n\n<li>Des tests approfondits des produits comprennent la brume saline, l&rsquo;impact \u00e0 haute\/basse temp\u00e9rature, les vibrations thermiques, la durabilit\u00e9, l&rsquo;\u00e9lectricit\u00e9 statique et la micro-tension, entre autres<br\/>tests, pour s&rsquo;assurer que tous les capteurs r\u00e9pondent ou d\u00e9passent les sp\u00e9cifications des \u00e9quipementiers.<\/li>\n<\/ul>\n\n<figure class=\"wp-block-image aligncenter size-full\" style=\"margin-top:var(--wp--preset--spacing--60);margin-bottom:var(--wp--preset--spacing--60)\"><img loading=\"lazy\" decoding=\"async\" width=\"1233\" height=\"679\" src=\"https:\/\/eu.motorad.com\/wp-content\/uploads\/2025\/04\/cts1-1.jpg\" alt=\"\" class=\"wp-image-4115\" srcset=\"https:\/\/eu.motorad.com\/wp-content\/uploads\/2025\/04\/cts1-1.jpg 1233w, https:\/\/eu.motorad.com\/wp-content\/uploads\/2025\/04\/cts1-1-300x165.jpg 300w, https:\/\/eu.motorad.com\/wp-content\/uploads\/2025\/04\/cts1-1-1024x564.jpg 1024w, https:\/\/eu.motorad.com\/wp-content\/uploads\/2025\/04\/cts1-1-768x423.jpg 768w\" sizes=\"auto, (max-width: 1233px) 100vw, 1233px\" \/><\/figure>\n\n<div class=\"wp-block-buttons is-layout-flex wp-block-buttons-is-layout-flex\" style=\"margin-top:var(--wp--preset--spacing--60);margin-bottom:var(--wp--preset--spacing--70)\">\n<div class=\"wp-block-button\"><a class=\"wp-block-button__link wp-element-button\" href=\"https:\/\/eu.motorad.com\/products\/\">Trouvez des capteurs pour votre application<\/a><\/div>\n<\/div>\n","protected":false},"excerpt":{"rendered":"<p>Les capteurs de temp\u00e9rature du liquide de refroidissement MotoRad fournissent des donn\u00e9es pr\u00e9cises au module de commande du groupe motopropulseur [&#8230;]<\/p>\n","protected":false},"author":1,"featured_media":0,"parent":5867,"menu_order":0,"comment_status":"closed","ping_status":"closed","template":"","meta":{"_acf_changed":false,"footnotes":""},"class_list":["post-5827","page","type-page","status-publish","hentry"],"acf":[],"yoast_head":"<!-- This site is optimized with the Yoast SEO Premium plugin v27.2 (Yoast SEO v27.2) - https:\/\/yoast.com\/product\/yoast-seo-premium-wordpress\/ -->\n<title>CAPTEURS\/\u00c9METTEURS DE TEMP\u00c9RATURE DU LIQUIDE DE REFROIDISSEMENT - MotoRad<\/title>\n<meta name=\"description\" content=\"MotoRad - CAPTEURS\/\u00c9METTEURS DE TEMP\u00c9RATURE DU LIQUIDE DE REFROIDISSEMENT %\" \/>\n<meta name=\"robots\" content=\"index, follow, max-snippet:-1, max-image-preview:large, max-video-preview:-1\" \/>\n<link rel=\"canonical\" href=\"https:\/\/eu.motorad.com\/fr\/produits\/commandes-du-groupe-motopropulseur\/capteurs-emetteurs-de-temperature-du-liquide-de-refroidissement\/\" \/>\n<meta property=\"og:locale\" content=\"fr_FR\" \/>\n<meta property=\"og:type\" content=\"article\" \/>\n<meta property=\"og:title\" content=\"CAPTEURS\/\u00c9METTEURS DE TEMP\u00c9RATURE DU LIQUIDE DE REFROIDISSEMENT\" \/>\n<meta property=\"og:description\" content=\"MotoRad - CAPTEURS\/\u00c9METTEURS DE TEMP\u00c9RATURE DU LIQUIDE DE REFROIDISSEMENT %\" \/>\n<meta property=\"og:url\" content=\"https:\/\/eu.motorad.com\/fr\/produits\/commandes-du-groupe-motopropulseur\/capteurs-emetteurs-de-temperature-du-liquide-de-refroidissement\/\" \/>\n<meta property=\"og:site_name\" content=\"MotoRad\" \/>\n<meta property=\"article:modified_time\" content=\"2025-06-13T12:48:26+00:00\" \/>\n<meta property=\"og:image\" content=\"https:\/\/eu.motorad.com\/wp-content\/uploads\/2025\/04\/1TS1001_Angle.jpg\" \/>\n\t<meta property=\"og:image:width\" content=\"500\" \/>\n\t<meta property=\"og:image:height\" content=\"500\" \/>\n\t<meta property=\"og:image:type\" content=\"image\/jpeg\" \/>\n<meta name=\"twitter:card\" content=\"summary_large_image\" \/>\n<meta name=\"twitter:label1\" content=\"Est. reading time\" \/>\n\t<meta name=\"twitter:data1\" content=\"1 minute\" \/>\n<script type=\"application\/ld+json\" class=\"yoast-schema-graph\">{\"@context\":\"https:\/\/schema.org\",\"@graph\":[{\"@type\":\"WebPage\",\"@id\":\"https:\/\/eu.motorad.com\/fr\/produits\/commandes-du-groupe-motopropulseur\/capteurs-emetteurs-de-temperature-du-liquide-de-refroidissement\/\",\"url\":\"https:\/\/eu.motorad.com\/fr\/produits\/commandes-du-groupe-motopropulseur\/capteurs-emetteurs-de-temperature-du-liquide-de-refroidissement\/\",\"name\":\"CAPTEURS\/\u00c9METTEURS DE TEMP\u00c9RATURE DU LIQUIDE DE REFROIDISSEMENT - MotoRad\",\"isPartOf\":{\"@id\":\"https:\/\/eu.motorad.com\/fr\/#website\"},\"primaryImageOfPage\":{\"@id\":\"https:\/\/eu.motorad.com\/fr\/produits\/commandes-du-groupe-motopropulseur\/capteurs-emetteurs-de-temperature-du-liquide-de-refroidissement\/#primaryimage\"},\"image\":{\"@id\":\"https:\/\/eu.motorad.com\/fr\/produits\/commandes-du-groupe-motopropulseur\/capteurs-emetteurs-de-temperature-du-liquide-de-refroidissement\/#primaryimage\"},\"thumbnailUrl\":\"https:\/\/eu.motorad.com\/wp-content\/uploads\/2025\/04\/1TS1001_Angle.jpg\",\"datePublished\":\"2025-04-03T18:03:14+00:00\",\"dateModified\":\"2025-06-13T12:48:26+00:00\",\"description\":\"MotoRad - CAPTEURS\/\u00c9METTEURS DE TEMP\u00c9RATURE DU LIQUIDE DE REFROIDISSEMENT %\",\"breadcrumb\":{\"@id\":\"https:\/\/eu.motorad.com\/fr\/produits\/commandes-du-groupe-motopropulseur\/capteurs-emetteurs-de-temperature-du-liquide-de-refroidissement\/#breadcrumb\"},\"inLanguage\":\"fr-FR\",\"potentialAction\":[{\"@type\":\"ReadAction\",\"target\":[\"https:\/\/eu.motorad.com\/fr\/produits\/commandes-du-groupe-motopropulseur\/capteurs-emetteurs-de-temperature-du-liquide-de-refroidissement\/\"]}]},{\"@type\":\"ImageObject\",\"inLanguage\":\"fr-FR\",\"@id\":\"https:\/\/eu.motorad.com\/fr\/produits\/commandes-du-groupe-motopropulseur\/capteurs-emetteurs-de-temperature-du-liquide-de-refroidissement\/#primaryimage\",\"url\":\"https:\/\/eu.motorad.com\/wp-content\/uploads\/2025\/04\/1TS1001_Angle.jpg\",\"contentUrl\":\"https:\/\/eu.motorad.com\/wp-content\/uploads\/2025\/04\/1TS1001_Angle.jpg\"},{\"@type\":\"BreadcrumbList\",\"@id\":\"https:\/\/eu.motorad.com\/fr\/produits\/commandes-du-groupe-motopropulseur\/capteurs-emetteurs-de-temperature-du-liquide-de-refroidissement\/#breadcrumb\",\"itemListElement\":[{\"@type\":\"ListItem\",\"position\":1,\"name\":\"Home\",\"item\":\"https:\/\/motoradnew.test\/fr\/page-daccueil\/\"},{\"@type\":\"ListItem\",\"position\":2,\"name\":\"Produits\",\"item\":\"https:\/\/motoradnew.test\/fr\/produits\/\"},{\"@type\":\"ListItem\",\"position\":3,\"name\":\"Commandes du groupe motopropulseur\",\"item\":\"https:\/\/motoradnew.test\/fr\/produits\/commandes-du-groupe-motopropulseur\/\"},{\"@type\":\"ListItem\",\"position\":4,\"name\":\"CAPTEURS\/\u00c9METTEURS DE TEMP\u00c9RATURE DU LIQUIDE DE REFROIDISSEMENT\"}]},{\"@type\":\"WebSite\",\"@id\":\"https:\/\/eu.motorad.com\/fr\/#website\",\"url\":\"https:\/\/eu.motorad.com\/fr\/\",\"name\":\"MotoRad\",\"description\":\"Trusted to Deliver Better - Thermal Management, Emissions, Powertrain Controls\",\"potentialAction\":[{\"@type\":\"SearchAction\",\"target\":{\"@type\":\"EntryPoint\",\"urlTemplate\":\"https:\/\/eu.motorad.com\/fr\/?s={search_term_string}\"},\"query-input\":{\"@type\":\"PropertyValueSpecification\",\"valueRequired\":true,\"valueName\":\"search_term_string\"}}],\"inLanguage\":\"fr-FR\"}]}<\/script>\n<!-- \/ Yoast SEO Premium plugin. -->","yoast_head_json":{"title":"CAPTEURS\/\u00c9METTEURS DE TEMP\u00c9RATURE DU LIQUIDE DE REFROIDISSEMENT - MotoRad","description":"MotoRad - CAPTEURS\/\u00c9METTEURS DE TEMP\u00c9RATURE DU LIQUIDE DE REFROIDISSEMENT %","robots":{"index":"index","follow":"follow","max-snippet":"max-snippet:-1","max-image-preview":"max-image-preview:large","max-video-preview":"max-video-preview:-1"},"canonical":"https:\/\/eu.motorad.com\/fr\/produits\/commandes-du-groupe-motopropulseur\/capteurs-emetteurs-de-temperature-du-liquide-de-refroidissement\/","og_locale":"fr_FR","og_type":"article","og_title":"CAPTEURS\/\u00c9METTEURS DE TEMP\u00c9RATURE DU LIQUIDE DE REFROIDISSEMENT","og_description":"MotoRad - CAPTEURS\/\u00c9METTEURS DE TEMP\u00c9RATURE DU LIQUIDE DE REFROIDISSEMENT %","og_url":"https:\/\/eu.motorad.com\/fr\/produits\/commandes-du-groupe-motopropulseur\/capteurs-emetteurs-de-temperature-du-liquide-de-refroidissement\/","og_site_name":"MotoRad","article_modified_time":"2025-06-13T12:48:26+00:00","og_image":[{"width":500,"height":500,"url":"https:\/\/eu.motorad.com\/wp-content\/uploads\/2025\/04\/1TS1001_Angle.jpg","type":"image\/jpeg"}],"twitter_card":"summary_large_image","twitter_misc":{"Est. reading time":"1 minute"},"schema":{"@context":"https:\/\/schema.org","@graph":[{"@type":"WebPage","@id":"https:\/\/eu.motorad.com\/fr\/produits\/commandes-du-groupe-motopropulseur\/capteurs-emetteurs-de-temperature-du-liquide-de-refroidissement\/","url":"https:\/\/eu.motorad.com\/fr\/produits\/commandes-du-groupe-motopropulseur\/capteurs-emetteurs-de-temperature-du-liquide-de-refroidissement\/","name":"CAPTEURS\/\u00c9METTEURS DE TEMP\u00c9RATURE DU LIQUIDE DE REFROIDISSEMENT - MotoRad","isPartOf":{"@id":"https:\/\/eu.motorad.com\/fr\/#website"},"primaryImageOfPage":{"@id":"https:\/\/eu.motorad.com\/fr\/produits\/commandes-du-groupe-motopropulseur\/capteurs-emetteurs-de-temperature-du-liquide-de-refroidissement\/#primaryimage"},"image":{"@id":"https:\/\/eu.motorad.com\/fr\/produits\/commandes-du-groupe-motopropulseur\/capteurs-emetteurs-de-temperature-du-liquide-de-refroidissement\/#primaryimage"},"thumbnailUrl":"https:\/\/eu.motorad.com\/wp-content\/uploads\/2025\/04\/1TS1001_Angle.jpg","datePublished":"2025-04-03T18:03:14+00:00","dateModified":"2025-06-13T12:48:26+00:00","description":"MotoRad - CAPTEURS\/\u00c9METTEURS DE TEMP\u00c9RATURE DU LIQUIDE DE REFROIDISSEMENT %","breadcrumb":{"@id":"https:\/\/eu.motorad.com\/fr\/produits\/commandes-du-groupe-motopropulseur\/capteurs-emetteurs-de-temperature-du-liquide-de-refroidissement\/#breadcrumb"},"inLanguage":"fr-FR","potentialAction":[{"@type":"ReadAction","target":["https:\/\/eu.motorad.com\/fr\/produits\/commandes-du-groupe-motopropulseur\/capteurs-emetteurs-de-temperature-du-liquide-de-refroidissement\/"]}]},{"@type":"ImageObject","inLanguage":"fr-FR","@id":"https:\/\/eu.motorad.com\/fr\/produits\/commandes-du-groupe-motopropulseur\/capteurs-emetteurs-de-temperature-du-liquide-de-refroidissement\/#primaryimage","url":"https:\/\/eu.motorad.com\/wp-content\/uploads\/2025\/04\/1TS1001_Angle.jpg","contentUrl":"https:\/\/eu.motorad.com\/wp-content\/uploads\/2025\/04\/1TS1001_Angle.jpg"},{"@type":"BreadcrumbList","@id":"https:\/\/eu.motorad.com\/fr\/produits\/commandes-du-groupe-motopropulseur\/capteurs-emetteurs-de-temperature-du-liquide-de-refroidissement\/#breadcrumb","itemListElement":[{"@type":"ListItem","position":1,"name":"Home","item":"https:\/\/motoradnew.test\/fr\/page-daccueil\/"},{"@type":"ListItem","position":2,"name":"Produits","item":"https:\/\/motoradnew.test\/fr\/produits\/"},{"@type":"ListItem","position":3,"name":"Commandes du groupe motopropulseur","item":"https:\/\/motoradnew.test\/fr\/produits\/commandes-du-groupe-motopropulseur\/"},{"@type":"ListItem","position":4,"name":"CAPTEURS\/\u00c9METTEURS DE TEMP\u00c9RATURE DU LIQUIDE DE REFROIDISSEMENT"}]},{"@type":"WebSite","@id":"https:\/\/eu.motorad.com\/fr\/#website","url":"https:\/\/eu.motorad.com\/fr\/","name":"MotoRad","description":"Trusted to Deliver Better - Thermal Management, Emissions, Powertrain Controls","potentialAction":[{"@type":"SearchAction","target":{"@type":"EntryPoint","urlTemplate":"https:\/\/eu.motorad.com\/fr\/?s={search_term_string}"},"query-input":{"@type":"PropertyValueSpecification","valueRequired":true,"valueName":"search_term_string"}}],"inLanguage":"fr-FR"}]}},"_links":{"self":[{"href":"https:\/\/eu.motorad.com\/fr\/wp-json\/wp\/v2\/pages\/5827","targetHints":{"allow":["GET"]}}],"collection":[{"href":"https:\/\/eu.motorad.com\/fr\/wp-json\/wp\/v2\/pages"}],"about":[{"href":"https:\/\/eu.motorad.com\/fr\/wp-json\/wp\/v2\/types\/page"}],"author":[{"embeddable":true,"href":"https:\/\/eu.motorad.com\/fr\/wp-json\/wp\/v2\/users\/1"}],"replies":[{"embeddable":true,"href":"https:\/\/eu.motorad.com\/fr\/wp-json\/wp\/v2\/comments?post=5827"}],"version-history":[{"count":1,"href":"https:\/\/eu.motorad.com\/fr\/wp-json\/wp\/v2\/pages\/5827\/revisions"}],"predecessor-version":[{"id":5828,"href":"https:\/\/eu.motorad.com\/fr\/wp-json\/wp\/v2\/pages\/5827\/revisions\/5828"}],"up":[{"embeddable":true,"href":"https:\/\/eu.motorad.com\/fr\/wp-json\/wp\/v2\/pages\/5867"}],"wp:attachment":[{"href":"https:\/\/eu.motorad.com\/fr\/wp-json\/wp\/v2\/media?parent=5827"}],"curies":[{"name":"wp","href":"https:\/\/api.w.org\/{rel}","templated":true}]}}