{"id":5955,"date":"2025-04-04T12:41:17","date_gmt":"2025-04-04T12:41:17","guid":{"rendered":"https:\/\/eu.motorad.com\/systeme-evap\/cartouches-de-vapeur\/"},"modified":"2025-06-13T12:49:22","modified_gmt":"2025-06-13T12:49:22","slug":"cartouches-de-vapeur","status":"publish","type":"page","link":"https:\/\/eu.motorad.com\/fr\/produits\/systeme-evap\/cartouches-de-vapeur\/","title":{"rendered":"Cartouches de vapeur"},"content":{"rendered":"<h1 style=\"margin-top:var(--wp--preset--spacing--60);margin-bottom:var(--wp--preset--spacing--60);\" class=\"wp-block-post-title\">Cartouches de vapeur<\/h1>\n<div class=\"wp-block-columns is-layout-flex wp-container-core-columns-is-layout-cbe57604 wp-block-columns-is-layout-flex\">\n<div class=\"wp-block-column is-layout-flow wp-block-column-is-layout-flow\" style=\"flex-basis:33.33%\">\n<figure class=\"wp-block-image size-full\"><img loading=\"lazy\" decoding=\"async\" width=\"2560\" height=\"2560\" src=\"https:\/\/eu.motorad.com\/wp-content\/uploads\/2025\/04\/EVP0139_Angle-scaled-1.jpg\" alt=\"\" class=\"wp-image-4551\" srcset=\"https:\/\/eu.motorad.com\/wp-content\/uploads\/2025\/04\/EVP0139_Angle-scaled-1.jpg 2560w, https:\/\/eu.motorad.com\/wp-content\/uploads\/2025\/04\/EVP0139_Angle-scaled-1-300x300.jpg 300w, https:\/\/eu.motorad.com\/wp-content\/uploads\/2025\/04\/EVP0139_Angle-scaled-1-1024x1024.jpg 1024w, https:\/\/eu.motorad.com\/wp-content\/uploads\/2025\/04\/EVP0139_Angle-scaled-1-150x150.jpg 150w, https:\/\/eu.motorad.com\/wp-content\/uploads\/2025\/04\/EVP0139_Angle-scaled-1-768x768.jpg 768w, https:\/\/eu.motorad.com\/wp-content\/uploads\/2025\/04\/EVP0139_Angle-scaled-1-1536x1536.jpg 1536w, https:\/\/eu.motorad.com\/wp-content\/uploads\/2025\/04\/EVP0139_Angle-scaled-1-2048x2048.jpg 2048w\" sizes=\"auto, (max-width: 2560px) 100vw, 2560px\" \/><\/figure>\n<\/div>\n\n\n\n<div class=\"wp-block-column is-layout-flow wp-block-column-is-layout-flow\" style=\"flex-basis:66.66%\">\n<p style=\"margin-bottom:var(--wp--preset--spacing--30)\">Le r\u00e9servoir de vapeurs constitue un \u00e9l\u00e9ment crucial du syst\u00e8me de contr\u00f4le des \u00e9missions par \u00e9vaporation (EVAP) d&rsquo;un v\u00e9hicule, con\u00e7u pour capturer et stocker les vapeurs de carburant provenant du r\u00e9servoir d&rsquo;essence. Rempli de charbon actif, le r\u00e9servoir de vapeurs adsorbe ces vapeurs, les emp\u00eachant ainsi de s&rsquo;\u00e9chapper directement dans l&rsquo;atmosph\u00e8re. Lorsque le moteur est en marche, ces vapeurs stock\u00e9es sont progressivement dirig\u00e9es vers le moteur pour y \u00eatre br\u00fbl\u00e9es, r\u00e9duisant ainsi les \u00e9missions nocives et am\u00e9liorant l&rsquo;efficacit\u00e9 \u00e9nerg\u00e9tique.  <\/p>\n\n\n\n<p style=\"margin-bottom:var(--wp--preset--spacing--30)\">L&rsquo;utilisation d&rsquo;un r\u00e9servoir de vapeurs de remplacement de haute qualit\u00e9 est essentielle pour un contr\u00f4le fiable des \u00e9missions et une performance optimale du syst\u00e8me. Les r\u00e9servoirs mal construits peuvent se d\u00e9grader au fil du temps, permettant aux vapeurs de s&rsquo;\u00e9chapper, r\u00e9duisant l&rsquo;efficacit\u00e9 \u00e9nerg\u00e9tique et augmentant les polluants. Un r\u00e9servoir de vapeurs bien con\u00e7u pi\u00e8ge et contient efficacement les vapeurs de carburant, garantissant que les \u00e9missions sont maintenues au minimum et aidant le v\u00e9hicule \u00e0 respecter les normes environnementales. Le choix d&rsquo;un remplacement de qualit\u00e9 contribue \u00e0 pr\u00e9server la sant\u00e9 du moteur, \u00e0 optimiser l&rsquo;utilisation du carburant et \u00e0 am\u00e9liorer la qualit\u00e9 de l&rsquo;air, faisant de cet investissement un atout tant pour la performance du v\u00e9hicule que pour la responsabilit\u00e9 environnementale.   <\/p>\n<\/div>\n<\/div>\n\n<ul style=\"margin-top:var(--wp--preset--spacing--60);margin-bottom:var(--wp--preset--spacing--60)\" class=\"wp-block-list\">\n<li style=\"margin-bottom:var(--wp--preset--spacing--20)\">Assure la gestion des vapeurs de carburant, r\u00e9tablissant un contr\u00f4le ad\u00e9quat des \u00e9missions pour am\u00e9liorer l&rsquo;efficacit\u00e9 \u00e9nerg\u00e9tique et les performances du moteur<\/li>\n\n\n\n<li style=\"margin-bottom:var(--wp--preset--spacing--20)\">Fabriqu\u00e9 \u00e0 partir d&rsquo;un charbon actif unique de qualit\u00e9 sup\u00e9rieure, dot\u00e9 de milliards de pores pour assurer une adsorption (et non une absorption) et une d\u00e9sorption hautement efficaces des vapeurs de carburant<\/li>\n\n\n\n<li>La conception multicouche optimise le flux de vapeur et l&rsquo;efficacit\u00e9 d&rsquo;adsorption, permettant une capture plus rapide et plus efficace des vapeurs de carburant<\/li>\n<\/ul>\n\n<h3 class=\"wp-block-heading has-palette-interactive-color has-text-color has-link-color wp-elements-1920d8d2ce713279908a0e1b127176e2\" id=\"h-available-january-2025\">Disponible en janvier 2025<\/h3>\n\n<hr class=\"wp-block-separator has-text-color has-palette-brand-3-color has-alpha-channel-opacity has-palette-brand-3-background-color has-background is-style-wide\" style=\"margin-top:var(--wp--preset--spacing--60);margin-bottom:var(--wp--preset--spacing--60)\"\/>\n\n<div class=\"wp-block-columns are-vertically-aligned-center is-layout-flex wp-container-core-columns-is-layout-06f677bf wp-block-columns-is-layout-flex\" style=\"margin-bottom:var(--wp--preset--spacing--70)\">\n<div class=\"wp-block-column is-vertically-aligned-center is-layout-flow wp-block-column-is-layout-flow\" style=\"flex-basis:33.33%\">\n<figure class=\"wp-block-image size-full\"><img loading=\"lazy\" decoding=\"async\" width=\"1200\" height=\"498\" src=\"https:\/\/eu.motorad.com\/wp-content\/uploads\/2025\/04\/24-evap-icon-1.jpg\" alt=\"\" class=\"wp-image-4518\" srcset=\"https:\/\/eu.motorad.com\/wp-content\/uploads\/2025\/04\/24-evap-icon-1.jpg 1200w, https:\/\/eu.motorad.com\/wp-content\/uploads\/2025\/04\/24-evap-icon-1-300x125.jpg 300w, https:\/\/eu.motorad.com\/wp-content\/uploads\/2025\/04\/24-evap-icon-1-1024x425.jpg 1024w, https:\/\/eu.motorad.com\/wp-content\/uploads\/2025\/04\/24-evap-icon-1-768x319.jpg 768w\" sizes=\"auto, (max-width: 1200px) 100vw, 1200px\" \/><\/figure>\n<\/div>\n\n\n\n<div class=\"wp-block-column is-vertically-aligned-center is-layout-flow wp-block-column-is-layout-flow\" style=\"flex-basis:66.66%\">\n<h2 class=\"wp-block-heading\" id=\"h-see-the-full-line-of-evap-system-products\"><a href=\"https:\/\/eu.motorad.com\/fr\/systeme-evap\/\">Consultez la gamme compl\u00e8te de produits pour syst\u00e8mes EVAP<\/a><\/h2>\n<\/div>\n<\/div>\n\n<div class=\"wp-block-cover alignfull is-light\" style=\"padding-top:var(--wp--preset--spacing--60);padding-bottom:var(--wp--preset--spacing--60)\"><span aria-hidden=\"true\" class=\"wp-block-cover__background has-background-dim-0 has-background-dim\" style=\"background-color:#ece5d9\"><\/span><img loading=\"lazy\" decoding=\"async\" width=\"1505\" height=\"305\" class=\"wp-block-cover__image-background wp-image-223\" alt=\"\" src=\"https:\/\/eu.motorad.com\/wp-content\/uploads\/2025\/03\/FooterCTA.jpg\" data-object-fit=\"cover\" srcset=\"https:\/\/eu.motorad.com\/wp-content\/uploads\/2025\/03\/FooterCTA.jpg 1505w, https:\/\/eu.motorad.com\/wp-content\/uploads\/2025\/03\/FooterCTA-300x61.jpg 300w, https:\/\/eu.motorad.com\/wp-content\/uploads\/2025\/03\/FooterCTA-1024x208.jpg 1024w, https:\/\/eu.motorad.com\/wp-content\/uploads\/2025\/03\/FooterCTA-768x156.jpg 768w\" sizes=\"auto, (max-width: 1505px) 100vw, 1505px\" \/><div class=\"wp-block-cover__inner-container is-layout-flow wp-block-cover-is-layout-flow\">\n<div class=\"wp-block-columns are-vertically-aligned-center is-layout-flex wp-container-core-columns-is-layout-cbe57604 wp-block-columns-is-layout-flex\">\n<div class=\"wp-block-column is-vertically-aligned-center is-layout-flow wp-block-column-is-layout-flow\" style=\"flex-basis:45%\">\n<h2 class=\"wp-block-heading has-text-align-center has-palette-text-color has-text-color\" id=\"h-need-help-finding-the-right-product\" style=\"margin-bottom:var(--wp--preset--spacing--40)\">Vous avez besoin d&rsquo;aide pour trouver le bon produit ?<\/h2>\n\n\n\n<p class=\"has-text-align-center has-palette-text-color has-text-color\" style=\"margin-bottom:var(--wp--preset--spacing--50)\">Notre \u00e9quipe d\u00e9vou\u00e9e est l\u00e0 pour vous orienter dans la bonne direction. Cliquez ci-dessous et dites-nous comment nous pouvons vous aider \u00e0 trouver le produit id\u00e9al pour vos besoins. Votre voyage vers une meilleure exp\u00e9rience commence ici.  <\/p>\n\n\n\n<div class=\"wp-block-buttons is-content-justification-center is-layout-flex wp-container-core-buttons-is-layout-a89b3969 wp-block-buttons-is-layout-flex\">\n<div class=\"wp-block-button\"><a class=\"wp-block-button__link has-text-align-center wp-element-button\" href=\"https:\/\/eu.motorad.com\/contact\/need-help-finding-something\/\">Parlez \u00e0 un sp\u00e9cialiste MotoRad<\/a><\/div>\n<\/div>\n<\/div>\n\n\n\n<div class=\"wp-block-column is-layout-flow wp-block-column-is-layout-flow\" style=\"flex-basis:10%\"><\/div>\n\n\n\n<div class=\"wp-block-column is-layout-flow wp-block-column-is-layout-flow\" style=\"flex-basis:45%\">\n<h2 class=\"wp-block-heading has-text-align-center has-palette-text-color has-text-color\" id=\"h-looking-for-custom-development\" style=\"margin-bottom:var(--wp--preset--spacing--40)\">Vous cherchez un d\u00e9veloppement sur mesure ?<\/h2>\n\n\n\n<p class=\"has-text-align-center has-palette-text-color has-text-color\" style=\"margin-bottom:var(--wp--preset--spacing--50)\">Nous ne nous contentons pas de proposer des produits ; nous \u00e9laborons des solutions sur mesure qui r\u00e9pondent \u00e0 vos besoins. \u00cates-vous pr\u00eat \u00e0 donner vie \u00e0 votre nouveau projet ? Cliquez ci-dessous, et embarquons ensemble pour le d\u00e9veloppement de produits sur mesure.  <\/p>\n\n\n\n<div class=\"wp-block-buttons is-content-justification-center is-layout-flex wp-container-core-buttons-is-layout-a89b3969 wp-block-buttons-is-layout-flex\">\n<div class=\"wp-block-button is-style-fill\"><a class=\"wp-block-button__link has-palette-bg-color has-palette-text-background-color has-text-color has-background has-text-align-center wp-element-button\" href=\"https:\/\/eu.motorad.com\/contact\/do-you-need-custom-development\/\">Nous voulons \u00eatre votre fournisseur<\/a><\/div>\n<\/div>\n<\/div>\n<\/div>\n<\/div><\/div>\n","protected":false},"excerpt":{"rendered":"<p>Le r\u00e9servoir de vapeurs constitue un \u00e9l\u00e9ment crucial du syst\u00e8me de contr\u00f4le des \u00e9missions par \u00e9vaporation (EVAP) d&rsquo;un v\u00e9hicule, con\u00e7u [&#8230;]<\/p>\n","protected":false},"author":1,"featured_media":0,"parent":5837,"menu_order":0,"comment_status":"closed","ping_status":"closed","template":"","meta":{"_acf_changed":false,"footnotes":""},"class_list":["post-5955","page","type-page","status-publish","hentry"],"acf":[],"yoast_head":"<!-- This site is optimized with the Yoast SEO Premium plugin v27.2 (Yoast SEO v27.2) - https:\/\/yoast.com\/product\/yoast-seo-premium-wordpress\/ -->\n<title>Cartouches de vapeur - MotoRad<\/title>\n<meta name=\"description\" content=\"MotoRad - Cartouches de vapeur %\" \/>\n<meta name=\"robots\" content=\"index, follow, max-snippet:-1, max-image-preview:large, max-video-preview:-1\" \/>\n<link rel=\"canonical\" href=\"https:\/\/eu.motorad.com\/fr\/produits\/systeme-evap\/cartouches-de-vapeur\/\" \/>\n<meta property=\"og:locale\" content=\"fr_FR\" \/>\n<meta property=\"og:type\" content=\"article\" \/>\n<meta property=\"og:title\" content=\"Cartouches de vapeur\" \/>\n<meta property=\"og:description\" content=\"MotoRad - Cartouches de vapeur %\" \/>\n<meta property=\"og:url\" content=\"https:\/\/eu.motorad.com\/fr\/produits\/systeme-evap\/cartouches-de-vapeur\/\" \/>\n<meta property=\"og:site_name\" content=\"MotoRad\" \/>\n<meta property=\"article:modified_time\" content=\"2025-06-13T12:49:22+00:00\" \/>\n<meta property=\"og:image\" content=\"https:\/\/eu.motorad.com\/wp-content\/uploads\/2025\/04\/EVP0139_Angle-scaled-1.jpg\" \/>\n\t<meta property=\"og:image:width\" content=\"2560\" \/>\n\t<meta property=\"og:image:height\" content=\"2560\" \/>\n\t<meta property=\"og:image:type\" content=\"image\/jpeg\" \/>\n<meta name=\"twitter:card\" content=\"summary_large_image\" \/>\n<meta name=\"twitter:label1\" content=\"Est. reading time\" \/>\n\t<meta name=\"twitter:data1\" content=\"2 minutes\" \/>\n<script type=\"application\/ld+json\" class=\"yoast-schema-graph\">{\"@context\":\"https:\/\/schema.org\",\"@graph\":[{\"@type\":\"WebPage\",\"@id\":\"https:\/\/eu.motorad.com\/fr\/produits\/systeme-evap\/cartouches-de-vapeur\/\",\"url\":\"https:\/\/eu.motorad.com\/fr\/produits\/systeme-evap\/cartouches-de-vapeur\/\",\"name\":\"Cartouches de vapeur - MotoRad\",\"isPartOf\":{\"@id\":\"https:\/\/eu.motorad.com\/fr\/#website\"},\"primaryImageOfPage\":{\"@id\":\"https:\/\/eu.motorad.com\/fr\/produits\/systeme-evap\/cartouches-de-vapeur\/#primaryimage\"},\"image\":{\"@id\":\"https:\/\/eu.motorad.com\/fr\/produits\/systeme-evap\/cartouches-de-vapeur\/#primaryimage\"},\"thumbnailUrl\":\"https:\/\/eu.motorad.com\/wp-content\/uploads\/2025\/04\/EVP0139_Angle-scaled-1.jpg\",\"datePublished\":\"2025-04-04T12:41:17+00:00\",\"dateModified\":\"2025-06-13T12:49:22+00:00\",\"description\":\"MotoRad - Cartouches de vapeur %\",\"breadcrumb\":{\"@id\":\"https:\/\/eu.motorad.com\/fr\/produits\/systeme-evap\/cartouches-de-vapeur\/#breadcrumb\"},\"inLanguage\":\"fr-FR\",\"potentialAction\":[{\"@type\":\"ReadAction\",\"target\":[\"https:\/\/eu.motorad.com\/fr\/produits\/systeme-evap\/cartouches-de-vapeur\/\"]}]},{\"@type\":\"ImageObject\",\"inLanguage\":\"fr-FR\",\"@id\":\"https:\/\/eu.motorad.com\/fr\/produits\/systeme-evap\/cartouches-de-vapeur\/#primaryimage\",\"url\":\"https:\/\/eu.motorad.com\/wp-content\/uploads\/2025\/04\/EVP0139_Angle-scaled-1.jpg\",\"contentUrl\":\"https:\/\/eu.motorad.com\/wp-content\/uploads\/2025\/04\/EVP0139_Angle-scaled-1.jpg\"},{\"@type\":\"BreadcrumbList\",\"@id\":\"https:\/\/eu.motorad.com\/fr\/produits\/systeme-evap\/cartouches-de-vapeur\/#breadcrumb\",\"itemListElement\":[{\"@type\":\"ListItem\",\"position\":1,\"name\":\"Home\",\"item\":\"https:\/\/motoradnew.test\/fr\/page-daccueil\/\"},{\"@type\":\"ListItem\",\"position\":2,\"name\":\"Produits\",\"item\":\"https:\/\/motoradnew.test\/fr\/produits\/\"},{\"@type\":\"ListItem\",\"position\":3,\"name\":\"Syst\u00e8me EVAP\",\"item\":\"https:\/\/motoradnew.test\/fr\/produits\/systeme-evap\/\"},{\"@type\":\"ListItem\",\"position\":4,\"name\":\"Cartouches de vapeur\"}]},{\"@type\":\"WebSite\",\"@id\":\"https:\/\/eu.motorad.com\/fr\/#website\",\"url\":\"https:\/\/eu.motorad.com\/fr\/\",\"name\":\"MotoRad\",\"description\":\"Trusted to Deliver Better - Thermal Management, Emissions, Powertrain Controls\",\"potentialAction\":[{\"@type\":\"SearchAction\",\"target\":{\"@type\":\"EntryPoint\",\"urlTemplate\":\"https:\/\/eu.motorad.com\/fr\/?s={search_term_string}\"},\"query-input\":{\"@type\":\"PropertyValueSpecification\",\"valueRequired\":true,\"valueName\":\"search_term_string\"}}],\"inLanguage\":\"fr-FR\"}]}<\/script>\n<!-- \/ Yoast SEO Premium plugin. -->","yoast_head_json":{"title":"Cartouches de vapeur - MotoRad","description":"MotoRad - Cartouches de vapeur %","robots":{"index":"index","follow":"follow","max-snippet":"max-snippet:-1","max-image-preview":"max-image-preview:large","max-video-preview":"max-video-preview:-1"},"canonical":"https:\/\/eu.motorad.com\/fr\/produits\/systeme-evap\/cartouches-de-vapeur\/","og_locale":"fr_FR","og_type":"article","og_title":"Cartouches de vapeur","og_description":"MotoRad - Cartouches de vapeur %","og_url":"https:\/\/eu.motorad.com\/fr\/produits\/systeme-evap\/cartouches-de-vapeur\/","og_site_name":"MotoRad","article_modified_time":"2025-06-13T12:49:22+00:00","og_image":[{"width":2560,"height":2560,"url":"https:\/\/eu.motorad.com\/wp-content\/uploads\/2025\/04\/EVP0139_Angle-scaled-1.jpg","type":"image\/jpeg"}],"twitter_card":"summary_large_image","twitter_misc":{"Est. reading time":"2 minutes"},"schema":{"@context":"https:\/\/schema.org","@graph":[{"@type":"WebPage","@id":"https:\/\/eu.motorad.com\/fr\/produits\/systeme-evap\/cartouches-de-vapeur\/","url":"https:\/\/eu.motorad.com\/fr\/produits\/systeme-evap\/cartouches-de-vapeur\/","name":"Cartouches de vapeur - MotoRad","isPartOf":{"@id":"https:\/\/eu.motorad.com\/fr\/#website"},"primaryImageOfPage":{"@id":"https:\/\/eu.motorad.com\/fr\/produits\/systeme-evap\/cartouches-de-vapeur\/#primaryimage"},"image":{"@id":"https:\/\/eu.motorad.com\/fr\/produits\/systeme-evap\/cartouches-de-vapeur\/#primaryimage"},"thumbnailUrl":"https:\/\/eu.motorad.com\/wp-content\/uploads\/2025\/04\/EVP0139_Angle-scaled-1.jpg","datePublished":"2025-04-04T12:41:17+00:00","dateModified":"2025-06-13T12:49:22+00:00","description":"MotoRad - Cartouches de vapeur %","breadcrumb":{"@id":"https:\/\/eu.motorad.com\/fr\/produits\/systeme-evap\/cartouches-de-vapeur\/#breadcrumb"},"inLanguage":"fr-FR","potentialAction":[{"@type":"ReadAction","target":["https:\/\/eu.motorad.com\/fr\/produits\/systeme-evap\/cartouches-de-vapeur\/"]}]},{"@type":"ImageObject","inLanguage":"fr-FR","@id":"https:\/\/eu.motorad.com\/fr\/produits\/systeme-evap\/cartouches-de-vapeur\/#primaryimage","url":"https:\/\/eu.motorad.com\/wp-content\/uploads\/2025\/04\/EVP0139_Angle-scaled-1.jpg","contentUrl":"https:\/\/eu.motorad.com\/wp-content\/uploads\/2025\/04\/EVP0139_Angle-scaled-1.jpg"},{"@type":"BreadcrumbList","@id":"https:\/\/eu.motorad.com\/fr\/produits\/systeme-evap\/cartouches-de-vapeur\/#breadcrumb","itemListElement":[{"@type":"ListItem","position":1,"name":"Home","item":"https:\/\/motoradnew.test\/fr\/page-daccueil\/"},{"@type":"ListItem","position":2,"name":"Produits","item":"https:\/\/motoradnew.test\/fr\/produits\/"},{"@type":"ListItem","position":3,"name":"Syst\u00e8me EVAP","item":"https:\/\/motoradnew.test\/fr\/produits\/systeme-evap\/"},{"@type":"ListItem","position":4,"name":"Cartouches de vapeur"}]},{"@type":"WebSite","@id":"https:\/\/eu.motorad.com\/fr\/#website","url":"https:\/\/eu.motorad.com\/fr\/","name":"MotoRad","description":"Trusted to Deliver Better - Thermal Management, Emissions, Powertrain Controls","potentialAction":[{"@type":"SearchAction","target":{"@type":"EntryPoint","urlTemplate":"https:\/\/eu.motorad.com\/fr\/?s={search_term_string}"},"query-input":{"@type":"PropertyValueSpecification","valueRequired":true,"valueName":"search_term_string"}}],"inLanguage":"fr-FR"}]}},"_links":{"self":[{"href":"https:\/\/eu.motorad.com\/fr\/wp-json\/wp\/v2\/pages\/5955","targetHints":{"allow":["GET"]}}],"collection":[{"href":"https:\/\/eu.motorad.com\/fr\/wp-json\/wp\/v2\/pages"}],"about":[{"href":"https:\/\/eu.motorad.com\/fr\/wp-json\/wp\/v2\/types\/page"}],"author":[{"embeddable":true,"href":"https:\/\/eu.motorad.com\/fr\/wp-json\/wp\/v2\/users\/1"}],"replies":[{"embeddable":true,"href":"https:\/\/eu.motorad.com\/fr\/wp-json\/wp\/v2\/comments?post=5955"}],"version-history":[{"count":1,"href":"https:\/\/eu.motorad.com\/fr\/wp-json\/wp\/v2\/pages\/5955\/revisions"}],"predecessor-version":[{"id":5956,"href":"https:\/\/eu.motorad.com\/fr\/wp-json\/wp\/v2\/pages\/5955\/revisions\/5956"}],"up":[{"embeddable":true,"href":"https:\/\/eu.motorad.com\/fr\/wp-json\/wp\/v2\/pages\/5837"}],"wp:attachment":[{"href":"https:\/\/eu.motorad.com\/fr\/wp-json\/wp\/v2\/media?parent=5955"}],"curies":[{"name":"wp","href":"https:\/\/api.w.org\/{rel}","templated":true}]}}