{"id":6034,"date":"2025-04-03T16:02:00","date_gmt":"2025-04-03T16:02:00","guid":{"rendered":"https:\/\/eu.motorad.com\/thermostats-a-boitier-integre-motorad\/"},"modified":"2025-07-17T13:56:08","modified_gmt":"2025-07-17T13:56:08","slug":"thermostats-a-boitier-integre-motorad","status":"publish","type":"page","link":"https:\/\/eu.motorad.com\/fr\/produits\/thermostats\/thermostats-a-boitier-integre-motorad\/","title":{"rendered":"Thermostats \u00e0 bo\u00eetier int\u00e9gr\u00e9 MotoRad"},"content":{"rendered":"<h1 style=\"margin-top:var(--wp--preset--spacing--60);margin-bottom:var(--wp--preset--spacing--60);\" class=\"wp-block-post-title\">Thermostats \u00e0 bo\u00eetier int\u00e9gr\u00e9 MotoRad<\/h1>\n<div class=\"wp-block-columns is-layout-flex wp-container-core-columns-is-layout-14cf5ab5 wp-block-columns-is-layout-flex\">\n<div class=\"wp-block-column is-layout-flow wp-block-column-is-layout-flow\" style=\"flex-basis:33.33%\">\n<figure class=\"wp-block-image size-full\"><img loading=\"lazy\" decoding=\"async\" width=\"500\" height=\"500\" src=\"https:\/\/eu.motorad.com\/wp-content\/uploads\/2025\/04\/1050-180_Angle.jpg\" alt=\"\" class=\"wp-image-3539\" srcset=\"https:\/\/eu.motorad.com\/wp-content\/uploads\/2025\/04\/1050-180_Angle.jpg 500w, https:\/\/eu.motorad.com\/wp-content\/uploads\/2025\/04\/1050-180_Angle-300x300.jpg 300w, https:\/\/eu.motorad.com\/wp-content\/uploads\/2025\/04\/1050-180_Angle-150x150.jpg 150w\" sizes=\"auto, (max-width: 500px) 100vw, 500px\" \/><\/figure>\n<\/div>\n\n\n\n<div class=\"wp-block-column is-layout-flow wp-block-column-is-layout-flow\" style=\"flex-basis:66.66%\">\n<p style=\"margin-bottom:var(--wp--preset--spacing--20)\">MotoRad propose une gamme compl\u00e8te de thermostats pour remplacer les thermostats d&rsquo;origine. <\/p>\n\n\n\n<p style=\"margin-bottom:var(--wp--preset--spacing--20)\">Les thermostats \u00e0 bo\u00eetier int\u00e9gr\u00e9 MotoRad diff\u00e8rent des thermostats traditionnels. Ils offrent une solution tout-en-un, \u00e0 boulonner, avec le thermostat et le bo\u00eetier int\u00e9gr\u00e9s en une seule unit\u00e9. Il s&rsquo;agit d&rsquo;un segment croissant de thermostats, avec un grand nombre de v\u00e9hicules entrant dans la fen\u00eatre de remplacement.  <\/p>\n\n\n\n<ul style=\"margin-bottom:var(--wp--preset--spacing--20)\" class=\"wp-block-list\">\n<li>Thermostat enti\u00e8rement int\u00e9gr\u00e9 \u00e0 l&rsquo;unit\u00e9<\/li>\n\n\n\n<li>Thermostat non r\u00e9parable s\u00e9par\u00e9ment<\/li>\n\n\n\n<li>Peut inclure des capteurs et\/ou une broche contr\u00f4l\u00e9e par MAP (le cas \u00e9ch\u00e9ant)<\/li>\n<\/ul>\n\n\n\n<p>Ces pi\u00e8ces sont fabriqu\u00e9es pour satisfaire ou d\u00e9passer toutes les exigences des \u00e9quipementiers d&rsquo;origine. MotoRad propose \u00e9galement des thermostats standard pour de nombreuses temp\u00e9ratures alternatives. <\/p>\n<\/div>\n<\/div>\n\n<h2 class=\"wp-block-heading\" id=\"h-integrated-housing-thermosats\" style=\"margin-bottom:var(--wp--preset--spacing--50)\">Thermostats \u00e0 bo\u00eetier int\u00e9gr\u00e9 :<\/h2>\n\n<div class=\"wp-block-columns is-layout-flex wp-container-core-columns-is-layout-baf23659 wp-block-columns-is-layout-flex\" style=\"margin-bottom:var(--wp--preset--spacing--60)\">\n<div class=\"wp-block-column is-layout-flow wp-block-column-is-layout-flow\">\n<figure class=\"wp-block-image size-full\"><img loading=\"lazy\" decoding=\"async\" width=\"500\" height=\"500\" src=\"https:\/\/eu.motorad.com\/wp-content\/uploads\/2025\/04\/1000-217_Angle-1.jpg\" alt=\"\" class=\"wp-image-3511\" srcset=\"https:\/\/eu.motorad.com\/wp-content\/uploads\/2025\/04\/1000-217_Angle-1.jpg 500w, https:\/\/eu.motorad.com\/wp-content\/uploads\/2025\/04\/1000-217_Angle-1-300x300.jpg 300w, https:\/\/eu.motorad.com\/wp-content\/uploads\/2025\/04\/1000-217_Angle-1-150x150.jpg 150w\" sizes=\"auto, (max-width: 500px) 100vw, 500px\" \/><\/figure>\n<\/div>\n\n\n\n<div class=\"wp-block-column is-layout-flow wp-block-column-is-layout-flow\">\n<figure class=\"wp-block-image size-full\"><img loading=\"lazy\" decoding=\"async\" width=\"500\" height=\"500\" src=\"https:\/\/eu.motorad.com\/wp-content\/uploads\/2025\/04\/1010-190_Angle.jpg\" alt=\"\" class=\"wp-image-3518\" srcset=\"https:\/\/eu.motorad.com\/wp-content\/uploads\/2025\/04\/1010-190_Angle.jpg 500w, https:\/\/eu.motorad.com\/wp-content\/uploads\/2025\/04\/1010-190_Angle-300x300.jpg 300w, https:\/\/eu.motorad.com\/wp-content\/uploads\/2025\/04\/1010-190_Angle-150x150.jpg 150w\" sizes=\"auto, (max-width: 500px) 100vw, 500px\" \/><\/figure>\n<\/div>\n\n\n\n<div class=\"wp-block-column is-layout-flow wp-block-column-is-layout-flow\">\n<figure class=\"wp-block-image size-full\"><img loading=\"lazy\" decoding=\"async\" width=\"500\" height=\"500\" src=\"https:\/\/eu.motorad.com\/wp-content\/uploads\/2025\/04\/1012-180_Angle.jpg\" alt=\"\" class=\"wp-image-3525\" srcset=\"https:\/\/eu.motorad.com\/wp-content\/uploads\/2025\/04\/1012-180_Angle.jpg 500w, https:\/\/eu.motorad.com\/wp-content\/uploads\/2025\/04\/1012-180_Angle-300x300.jpg 300w, https:\/\/eu.motorad.com\/wp-content\/uploads\/2025\/04\/1012-180_Angle-150x150.jpg 150w\" sizes=\"auto, (max-width: 500px) 100vw, 500px\" \/><\/figure>\n<\/div>\n\n\n\n<div class=\"wp-block-column is-layout-flow wp-block-column-is-layout-flow\">\n<figure class=\"wp-block-image size-full\"><img loading=\"lazy\" decoding=\"async\" width=\"500\" height=\"500\" src=\"https:\/\/eu.motorad.com\/wp-content\/uploads\/2025\/04\/1027-167_Angle.jpg\" alt=\"\" class=\"wp-image-3532\" srcset=\"https:\/\/eu.motorad.com\/wp-content\/uploads\/2025\/04\/1027-167_Angle.jpg 500w, https:\/\/eu.motorad.com\/wp-content\/uploads\/2025\/04\/1027-167_Angle-300x300.jpg 300w, https:\/\/eu.motorad.com\/wp-content\/uploads\/2025\/04\/1027-167_Angle-150x150.jpg 150w\" sizes=\"auto, (max-width: 500px) 100vw, 500px\" \/><\/figure>\n<\/div>\n\n\n\n<div class=\"wp-block-column is-layout-flow wp-block-column-is-layout-flow\">\n<figure class=\"wp-block-image size-full\"><img loading=\"lazy\" decoding=\"async\" width=\"500\" height=\"500\" src=\"https:\/\/eu.motorad.com\/wp-content\/uploads\/2025\/04\/1103-180_Angle.jpg\" alt=\"\" class=\"wp-image-3546\" srcset=\"https:\/\/eu.motorad.com\/wp-content\/uploads\/2025\/04\/1103-180_Angle.jpg 500w, https:\/\/eu.motorad.com\/wp-content\/uploads\/2025\/04\/1103-180_Angle-300x300.jpg 300w, https:\/\/eu.motorad.com\/wp-content\/uploads\/2025\/04\/1103-180_Angle-150x150.jpg 150w\" sizes=\"auto, (max-width: 500px) 100vw, 500px\" \/><\/figure>\n<\/div>\n<\/div>\n\n<p style=\"margin-bottom:var(--wp--preset--spacing--20)\">MotoRad offre la meilleure couverture de thermostats au monde pour pratiquement tous les v\u00e9hicules et moteurs sur route ou hors route. Les thermostats MotoRad jouent un r\u00f4le crucial dans le maintien de la temp\u00e9rature de fonctionnement du moteur.  <\/p>\n\n<p style=\"margin-bottom:var(--wp--preset--spacing--20)\">Cela affecte positivement l&rsquo;efficacit\u00e9 de la combustion et le transfert de puissance, la consommation de carburant, l&rsquo;\u00e9mission de polluants et la dur\u00e9e de vie du moteur.<\/p>\n\n<p style=\"margin-bottom:var(--wp--preset--spacing--60)\">Besoin de trouver rapidement une pi\u00e8ce compatible ? Notre syst\u00e8me complet de r\u00e9f\u00e9rences crois\u00e9es simplifie le processus de recherche, vous assurant d&rsquo;obtenir le bon thermostat pour votre v\u00e9hicule sans tracas. Faites confiance \u00e0 MotoRad pour une expertise, une fiabilit\u00e9 et une innovation in\u00e9gal\u00e9es dans la gestion de la temp\u00e9rature automobile.  <\/p>\n\n<div class=\"wp-block-buttons is-layout-flex wp-block-buttons-is-layout-flex\" style=\"margin-bottom:var(--wp--preset--spacing--70)\">\n<div class=\"wp-block-button\"><a class=\"wp-block-button__link wp-element-button\" href=\"https:\/\/eu.motorad.com\/fr\/produits\/\">Trouvez votre thermostat<\/a><\/div>\n<\/div>\n","protected":false},"excerpt":{"rendered":"<p>MotoRad propose une gamme compl\u00e8te de thermostats pour remplacer les thermostats d&rsquo;origine. Les thermostats \u00e0 bo\u00eetier int\u00e9gr\u00e9 MotoRad diff\u00e8rent des [&#8230;]<\/p>\n","protected":false},"author":1,"featured_media":0,"parent":6849,"menu_order":0,"comment_status":"closed","ping_status":"closed","template":"","meta":{"_acf_changed":false,"footnotes":""},"class_list":["post-6034","page","type-page","status-publish","hentry"],"acf":[],"yoast_head":"<!-- This site is optimized with the Yoast SEO Premium plugin v27.2 (Yoast SEO v27.2) - https:\/\/yoast.com\/product\/yoast-seo-premium-wordpress\/ -->\n<title>Thermostats \u00e0 bo\u00eetier int\u00e9gr\u00e9 MotoRad - MotoRad<\/title>\n<meta name=\"description\" content=\"MotoRad - Thermostats \u00e0 bo\u00eetier int\u00e9gr\u00e9 MotoRad %\" \/>\n<meta name=\"robots\" content=\"index, follow, max-snippet:-1, max-image-preview:large, max-video-preview:-1\" \/>\n<link rel=\"canonical\" href=\"https:\/\/eu.motorad.com\/fr\/produits\/thermostats\/thermostats-a-boitier-integre-motorad\/\" \/>\n<meta property=\"og:locale\" content=\"fr_FR\" \/>\n<meta property=\"og:type\" content=\"article\" \/>\n<meta property=\"og:title\" content=\"Thermostats \u00e0 bo\u00eetier int\u00e9gr\u00e9 MotoRad\" \/>\n<meta property=\"og:description\" content=\"MotoRad - Thermostats \u00e0 bo\u00eetier int\u00e9gr\u00e9 MotoRad %\" \/>\n<meta property=\"og:url\" content=\"https:\/\/eu.motorad.com\/fr\/produits\/thermostats\/thermostats-a-boitier-integre-motorad\/\" \/>\n<meta property=\"og:site_name\" content=\"MotoRad\" \/>\n<meta property=\"article:modified_time\" content=\"2025-07-17T13:56:08+00:00\" \/>\n<meta property=\"og:image\" content=\"https:\/\/eu.motorad.com\/wp-content\/uploads\/2025\/04\/1050-180_Angle.jpg\" \/>\n\t<meta property=\"og:image:width\" content=\"500\" \/>\n\t<meta property=\"og:image:height\" content=\"500\" \/>\n\t<meta property=\"og:image:type\" content=\"image\/jpeg\" \/>\n<meta name=\"twitter:card\" content=\"summary_large_image\" \/>\n<meta name=\"twitter:label1\" content=\"Est. reading time\" \/>\n\t<meta name=\"twitter:data1\" content=\"1 minute\" \/>\n<script type=\"application\/ld+json\" class=\"yoast-schema-graph\">{\"@context\":\"https:\/\/schema.org\",\"@graph\":[{\"@type\":\"WebPage\",\"@id\":\"https:\/\/eu.motorad.com\/fr\/produits\/thermostats\/thermostats-a-boitier-integre-motorad\/\",\"url\":\"https:\/\/eu.motorad.com\/fr\/produits\/thermostats\/thermostats-a-boitier-integre-motorad\/\",\"name\":\"Thermostats \u00e0 bo\u00eetier int\u00e9gr\u00e9 MotoRad - MotoRad\",\"isPartOf\":{\"@id\":\"https:\/\/eu.motorad.com\/fr\/#website\"},\"primaryImageOfPage\":{\"@id\":\"https:\/\/eu.motorad.com\/fr\/produits\/thermostats\/thermostats-a-boitier-integre-motorad\/#primaryimage\"},\"image\":{\"@id\":\"https:\/\/eu.motorad.com\/fr\/produits\/thermostats\/thermostats-a-boitier-integre-motorad\/#primaryimage\"},\"thumbnailUrl\":\"https:\/\/eu.motorad.com\/wp-content\/uploads\/2025\/04\/1050-180_Angle.jpg\",\"datePublished\":\"2025-04-03T16:02:00+00:00\",\"dateModified\":\"2025-07-17T13:56:08+00:00\",\"description\":\"MotoRad - Thermostats \u00e0 bo\u00eetier int\u00e9gr\u00e9 MotoRad %\",\"breadcrumb\":{\"@id\":\"https:\/\/eu.motorad.com\/fr\/produits\/thermostats\/thermostats-a-boitier-integre-motorad\/#breadcrumb\"},\"inLanguage\":\"fr-FR\",\"potentialAction\":[{\"@type\":\"ReadAction\",\"target\":[\"https:\/\/eu.motorad.com\/fr\/produits\/thermostats\/thermostats-a-boitier-integre-motorad\/\"]}]},{\"@type\":\"ImageObject\",\"inLanguage\":\"fr-FR\",\"@id\":\"https:\/\/eu.motorad.com\/fr\/produits\/thermostats\/thermostats-a-boitier-integre-motorad\/#primaryimage\",\"url\":\"https:\/\/eu.motorad.com\/wp-content\/uploads\/2025\/04\/1050-180_Angle.jpg\",\"contentUrl\":\"https:\/\/eu.motorad.com\/wp-content\/uploads\/2025\/04\/1050-180_Angle.jpg\"},{\"@type\":\"BreadcrumbList\",\"@id\":\"https:\/\/eu.motorad.com\/fr\/produits\/thermostats\/thermostats-a-boitier-integre-motorad\/#breadcrumb\",\"itemListElement\":[{\"@type\":\"ListItem\",\"position\":1,\"name\":\"Home\",\"item\":\"https:\/\/motoradnew.test\/fr\/page-daccueil\/\"},{\"@type\":\"ListItem\",\"position\":2,\"name\":\"Produits\",\"item\":\"https:\/\/motoradnew.test\/fr\/produits\/\"},{\"@type\":\"ListItem\",\"position\":3,\"name\":\"Thermostats\",\"item\":\"https:\/\/motoradnew.test\/fr\/produits\/thermostats\/\"},{\"@type\":\"ListItem\",\"position\":4,\"name\":\"Thermostats \u00e0 bo\u00eetier int\u00e9gr\u00e9 MotoRad\"}]},{\"@type\":\"WebSite\",\"@id\":\"https:\/\/eu.motorad.com\/fr\/#website\",\"url\":\"https:\/\/eu.motorad.com\/fr\/\",\"name\":\"MotoRad\",\"description\":\"Trusted to Deliver Better - Thermal Management, Emissions, Powertrain Controls\",\"potentialAction\":[{\"@type\":\"SearchAction\",\"target\":{\"@type\":\"EntryPoint\",\"urlTemplate\":\"https:\/\/eu.motorad.com\/fr\/?s={search_term_string}\"},\"query-input\":{\"@type\":\"PropertyValueSpecification\",\"valueRequired\":true,\"valueName\":\"search_term_string\"}}],\"inLanguage\":\"fr-FR\"}]}<\/script>\n<!-- \/ Yoast SEO Premium plugin. -->","yoast_head_json":{"title":"Thermostats \u00e0 bo\u00eetier int\u00e9gr\u00e9 MotoRad - MotoRad","description":"MotoRad - Thermostats \u00e0 bo\u00eetier int\u00e9gr\u00e9 MotoRad %","robots":{"index":"index","follow":"follow","max-snippet":"max-snippet:-1","max-image-preview":"max-image-preview:large","max-video-preview":"max-video-preview:-1"},"canonical":"https:\/\/eu.motorad.com\/fr\/produits\/thermostats\/thermostats-a-boitier-integre-motorad\/","og_locale":"fr_FR","og_type":"article","og_title":"Thermostats \u00e0 bo\u00eetier int\u00e9gr\u00e9 MotoRad","og_description":"MotoRad - Thermostats \u00e0 bo\u00eetier int\u00e9gr\u00e9 MotoRad %","og_url":"https:\/\/eu.motorad.com\/fr\/produits\/thermostats\/thermostats-a-boitier-integre-motorad\/","og_site_name":"MotoRad","article_modified_time":"2025-07-17T13:56:08+00:00","og_image":[{"width":500,"height":500,"url":"https:\/\/eu.motorad.com\/wp-content\/uploads\/2025\/04\/1050-180_Angle.jpg","type":"image\/jpeg"}],"twitter_card":"summary_large_image","twitter_misc":{"Est. reading time":"1 minute"},"schema":{"@context":"https:\/\/schema.org","@graph":[{"@type":"WebPage","@id":"https:\/\/eu.motorad.com\/fr\/produits\/thermostats\/thermostats-a-boitier-integre-motorad\/","url":"https:\/\/eu.motorad.com\/fr\/produits\/thermostats\/thermostats-a-boitier-integre-motorad\/","name":"Thermostats \u00e0 bo\u00eetier int\u00e9gr\u00e9 MotoRad - MotoRad","isPartOf":{"@id":"https:\/\/eu.motorad.com\/fr\/#website"},"primaryImageOfPage":{"@id":"https:\/\/eu.motorad.com\/fr\/produits\/thermostats\/thermostats-a-boitier-integre-motorad\/#primaryimage"},"image":{"@id":"https:\/\/eu.motorad.com\/fr\/produits\/thermostats\/thermostats-a-boitier-integre-motorad\/#primaryimage"},"thumbnailUrl":"https:\/\/eu.motorad.com\/wp-content\/uploads\/2025\/04\/1050-180_Angle.jpg","datePublished":"2025-04-03T16:02:00+00:00","dateModified":"2025-07-17T13:56:08+00:00","description":"MotoRad - Thermostats \u00e0 bo\u00eetier int\u00e9gr\u00e9 MotoRad %","breadcrumb":{"@id":"https:\/\/eu.motorad.com\/fr\/produits\/thermostats\/thermostats-a-boitier-integre-motorad\/#breadcrumb"},"inLanguage":"fr-FR","potentialAction":[{"@type":"ReadAction","target":["https:\/\/eu.motorad.com\/fr\/produits\/thermostats\/thermostats-a-boitier-integre-motorad\/"]}]},{"@type":"ImageObject","inLanguage":"fr-FR","@id":"https:\/\/eu.motorad.com\/fr\/produits\/thermostats\/thermostats-a-boitier-integre-motorad\/#primaryimage","url":"https:\/\/eu.motorad.com\/wp-content\/uploads\/2025\/04\/1050-180_Angle.jpg","contentUrl":"https:\/\/eu.motorad.com\/wp-content\/uploads\/2025\/04\/1050-180_Angle.jpg"},{"@type":"BreadcrumbList","@id":"https:\/\/eu.motorad.com\/fr\/produits\/thermostats\/thermostats-a-boitier-integre-motorad\/#breadcrumb","itemListElement":[{"@type":"ListItem","position":1,"name":"Home","item":"https:\/\/motoradnew.test\/fr\/page-daccueil\/"},{"@type":"ListItem","position":2,"name":"Produits","item":"https:\/\/motoradnew.test\/fr\/produits\/"},{"@type":"ListItem","position":3,"name":"Thermostats","item":"https:\/\/motoradnew.test\/fr\/produits\/thermostats\/"},{"@type":"ListItem","position":4,"name":"Thermostats \u00e0 bo\u00eetier int\u00e9gr\u00e9 MotoRad"}]},{"@type":"WebSite","@id":"https:\/\/eu.motorad.com\/fr\/#website","url":"https:\/\/eu.motorad.com\/fr\/","name":"MotoRad","description":"Trusted to Deliver Better - Thermal Management, Emissions, Powertrain Controls","potentialAction":[{"@type":"SearchAction","target":{"@type":"EntryPoint","urlTemplate":"https:\/\/eu.motorad.com\/fr\/?s={search_term_string}"},"query-input":{"@type":"PropertyValueSpecification","valueRequired":true,"valueName":"search_term_string"}}],"inLanguage":"fr-FR"}]}},"_links":{"self":[{"href":"https:\/\/eu.motorad.com\/fr\/wp-json\/wp\/v2\/pages\/6034","targetHints":{"allow":["GET"]}}],"collection":[{"href":"https:\/\/eu.motorad.com\/fr\/wp-json\/wp\/v2\/pages"}],"about":[{"href":"https:\/\/eu.motorad.com\/fr\/wp-json\/wp\/v2\/types\/page"}],"author":[{"embeddable":true,"href":"https:\/\/eu.motorad.com\/fr\/wp-json\/wp\/v2\/users\/1"}],"replies":[{"embeddable":true,"href":"https:\/\/eu.motorad.com\/fr\/wp-json\/wp\/v2\/comments?post=6034"}],"version-history":[{"count":2,"href":"https:\/\/eu.motorad.com\/fr\/wp-json\/wp\/v2\/pages\/6034\/revisions"}],"predecessor-version":[{"id":55750,"href":"https:\/\/eu.motorad.com\/fr\/wp-json\/wp\/v2\/pages\/6034\/revisions\/55750"}],"up":[{"embeddable":true,"href":"https:\/\/eu.motorad.com\/fr\/wp-json\/wp\/v2\/pages\/6849"}],"wp:attachment":[{"href":"https:\/\/eu.motorad.com\/fr\/wp-json\/wp\/v2\/media?parent=6034"}],"curies":[{"name":"wp","href":"https:\/\/api.w.org\/{rel}","templated":true}]}}