{"id":6078,"date":"2025-04-03T15:52:13","date_gmt":"2025-04-03T15:52:13","guid":{"rendered":"https:\/\/eu.motorad.com\/thermostats-motorad-fail-safe\/"},"modified":"2025-07-17T13:56:08","modified_gmt":"2025-07-17T13:56:08","slug":"thermostats-motorad-fail-safe","status":"publish","type":"page","link":"https:\/\/eu.motorad.com\/fr\/produits\/thermostats\/thermostats-motorad-fail-safe\/","title":{"rendered":"Thermostats MotoRad fail-safe\u00ae"},"content":{"rendered":"<h1 style=\"margin-top:var(--wp--preset--spacing--60);margin-bottom:var(--wp--preset--spacing--60);\" class=\"wp-block-post-title\">Thermostats MotoRad fail-safe\u00ae<\/h1>\n<div class=\"wp-block-columns is-layout-flex wp-container-core-columns-is-layout-baf23659 wp-block-columns-is-layout-flex\" style=\"margin-bottom:var(--wp--preset--spacing--60)\">\n<div class=\"wp-block-column is-layout-flow wp-block-column-is-layout-flow\" style=\"flex-basis:33.33%\">\n<figure class=\"wp-block-image size-full\"><img loading=\"lazy\" decoding=\"async\" width=\"457\" height=\"204\" src=\"https:\/\/eu.motorad.com\/wp-content\/uploads\/2025\/04\/Fail-Safe_Callout_web-1.jpg\" alt=\"\" class=\"wp-image-3401\" srcset=\"https:\/\/eu.motorad.com\/wp-content\/uploads\/2025\/04\/Fail-Safe_Callout_web-1.jpg 457w, https:\/\/eu.motorad.com\/wp-content\/uploads\/2025\/04\/Fail-Safe_Callout_web-1-300x134.jpg 300w\" sizes=\"auto, (max-width: 457px) 100vw, 457px\" \/><\/figure>\n<\/div>\n\n\n\n<div class=\"wp-block-column is-layout-flow wp-block-column-is-layout-flow\" style=\"flex-basis:66.66%\">\n<p>Les thermostats MotoRad\u00ae Fail-Safe\u00ae sont con\u00e7us pour aider \u00e0 prot\u00e9ger votre moteur en cas de surchauffe. Bas\u00e9s sur une technologie brevet\u00e9e haut de gamme, ils offrent une protection sup\u00e9rieure \u00e0 tout autre thermostat sur le march\u00e9. <\/p>\n<\/div>\n<\/div>\n\n<figure class=\"wp-block-embed is-type-video is-provider-youtube wp-block-embed-youtube wp-embed-aspect-16-9 wp-has-aspect-ratio\" style=\"margin-bottom:var(--wp--preset--spacing--60)\"><div class=\"wp-block-embed__wrapper\">\n<iframe loading=\"lazy\" title=\"MotoRad Fail-Safe Thermostats\" width=\"500\" height=\"281\" src=\"https:\/\/www.youtube.com\/embed\/lhGBbCs7QBo?feature=oembed\" frameborder=\"0\" allow=\"accelerometer; autoplay; clipboard-write; encrypted-media; gyroscope; picture-in-picture; web-share\" referrerpolicy=\"strict-origin-when-cross-origin\" allowfullscreen><\/iframe>\n<\/div><\/figure>\n\n<div class=\"wp-block-columns is-layout-flex wp-container-core-columns-is-layout-baf23659 wp-block-columns-is-layout-flex\" style=\"margin-bottom:var(--wp--preset--spacing--60)\">\n<div class=\"wp-block-column has-palette-interactive-background-color has-background is-layout-flow wp-block-column-is-layout-flow\" style=\"padding-top:var(--wp--preset--spacing--40);padding-right:var(--wp--preset--spacing--40);padding-bottom:var(--wp--preset--spacing--40);padding-left:var(--wp--preset--spacing--40);flex-basis:33.33%\">\n<h2 class=\"wp-block-heading has-text-align-center has-palette-bg-alt-color has-text-color has-link-color wp-elements-b5131b1d5cbeb537b847fcc9b837abfa\" id=\"h-did-you-know\"><em>Saviez-vous que&#8230;<\/em><\/h2>\n\n\n\n<p class=\"has-text-align-center has-palette-bg-alt-color has-text-color has-link-color wp-elements-a57835bd1b4cd37fb20d3e322f37c4a7\"><em>Le thermostat brevet\u00e9 Fail-Safe<\/em> <em>est le seul thermostat con\u00e7u pour<\/em> <em>aider \u00e0 prot\u00e9ger votre moteur en cas<\/em> <em>de surchauffe ?<\/em><\/p>\n\n\n\n<p class=\"has-text-align-center has-palette-bg-alt-color has-text-color has-link-color wp-elements-7075f48d99e077f6c193eaa249f7fc4d\"><em>Le thermostat Fail-Safe est con\u00e7u avec une<\/em> <em>course suppl\u00e9mentaire unique qui permet un fonctionnement en<\/em> <em>deux \u00e9tapes.<\/em><\/p>\n<\/div>\n\n\n\n<div class=\"wp-block-column is-vertically-aligned-center is-layout-flow wp-block-column-is-layout-flow\" style=\"flex-basis:66.66%\">\n<h3 class=\"wp-block-heading\" id=\"h-stage-1\" style=\"margin-bottom:var(--wp--preset--spacing--40)\"><em>\u00c9tape 1<\/em><\/h3>\n\n\n\n<p style=\"margin-bottom:var(--wp--preset--spacing--60)\"><em>Dans des temp\u00e9ratures de fonctionnement normales, le<\/em> <em>Fail-Safe\u00ae fonctionne comme tout autre thermostat.<\/em><\/p>\n\n\n\n<h3 class=\"wp-block-heading\" id=\"h-stage-2\" style=\"margin-bottom:var(--wp--preset--spacing--40)\"><em>\u00c9tape 2<\/em> <\/h3>\n\n\n\n<p><em>Lorsqu&rsquo;une surchauffe est caus\u00e9e par une d\u00e9t\u00e9rioration d&rsquo;une pi\u00e8ce<\/em> <em>du syst\u00e8me de refroidissement, le Fail-Safe a une course secondaire qui active un<\/em> <em>piston de pr\u00e9cision con\u00e7u pour verrouiller automatiquement la vanne en<\/em> <em>position grande ouverte, permettant au liquide de refroidissement de circuler librement.<\/em><\/p>\n<\/div>\n<\/div>\n\n<p style=\"margin-bottom:var(--wp--preset--spacing--30)\">Ne restez pas en panne sur le bord de la route parce que votre moteur a surchauff\u00e9 et que votre thermostat conventionnel est rest\u00e9 bloqu\u00e9 en position ferm\u00e9e, emp\u00eachant le liquide de refroidissement de circuler vers le moteur. Achetez le meilleur thermostat du march\u00e9, le thermostat Fail-Safe\u00ae de MotoRad\u00ae. Pourquoi le Fail-Safe est-il le meilleur thermostat ? Dans des conditions normales de fonctionnement, le Fail-Safe\u00ae fonctionne de la m\u00eame mani\u00e8re qu&rsquo;un thermostat conventionnel. Cependant, lorsque votre v\u00e9hicule surchauffe en raison de la d\u00e9t\u00e9rioration d&rsquo;une pi\u00e8ce du syst\u00e8me de refroidissement, un thermostat standard se bloque en position ferm\u00e9e, emp\u00eachant la circulation du liquide de refroidissement vers le moteur. Le thermostat brevet\u00e9 Fail-Safe\u00ae de Motorad est le seul thermostat qui se verrouille automatiquement en position ouverte, permettant au liquide de refroidissement de circuler librement dans le moteur pendant le processus de surchauffe. Cela peut prot\u00e9ger votre moteur d&rsquo;une r\u00e9paration plus co\u00fbteuse.       <\/p>\n\n<p style=\"margin-bottom:var(--wp--preset--spacing--30)\">Une fois que le thermostat Fail-Safe\u00ae a accompli sa t\u00e2che de permettre au liquide de refroidissement de continuer \u00e0 circuler vers le moteur lors d&rsquo;une surchauffe en se verrouillant en position ouverte, vous devez le remplacer par un nouveau. Il existe des thermostats standard, puis il y a le thermostat Motorad Fail-Safe\u00ae. Demandez le thermostat Fail-Safe\u00ae de MotoRad\u00ae la prochaine fois que vous aurez besoin d&rsquo;un nouveau thermostat.   <\/p>\n\n<p style=\"margin-bottom:var(--wp--preset--spacing--60)\">Les thermostats MotoRad\u00ae respectent ou d\u00e9passent les normes d&rsquo;\u00e9quipement d&rsquo;origine et sont test\u00e9s et calibr\u00e9s \u00e0 100% pour une temp\u00e9rature de d\u00e9but d&rsquo;ouverture et une temp\u00e9rature d&rsquo;ouverture maximale correctes.<\/p>\n\n<div class=\"wp-block-buttons is-layout-flex wp-block-buttons-is-layout-flex\" style=\"margin-bottom:var(--wp--preset--spacing--70)\">\n<div class=\"wp-block-button\"><a class=\"wp-block-button__link wp-element-button\" href=\"https:\/\/eu.motorad.com\/fr\/produits\/\">Trouvez votre thermostat<\/a><\/div>\n<\/div>\n","protected":false},"excerpt":{"rendered":"<p>Les thermostats MotoRad\u00ae Fail-Safe\u00ae sont con\u00e7us pour aider \u00e0 prot\u00e9ger votre moteur en cas de surchauffe. Bas\u00e9s sur une technologie [&#8230;]<\/p>\n","protected":false},"author":1,"featured_media":0,"parent":6849,"menu_order":0,"comment_status":"closed","ping_status":"closed","template":"","meta":{"_acf_changed":false,"footnotes":""},"class_list":["post-6078","page","type-page","status-publish","hentry"],"acf":[],"yoast_head":"<!-- This site is optimized with the Yoast SEO Premium plugin v27.2 (Yoast SEO v27.2) - https:\/\/yoast.com\/product\/yoast-seo-premium-wordpress\/ -->\n<title>Thermostats MotoRad fail-safe\u00ae - MotoRad<\/title>\n<meta name=\"description\" content=\"Les thermostats Motorad Fail-Safe sont con\u00e7us pour pr\u00e9venir la surchauffe du moteur et assurer la tranquillit\u00e9 d&#039;esprit sur la route. Optez pour les thermostats Motorad Fail-Safe pour une r\u00e9gulation fiable de la temp\u00e9rature et une conduite sans souci.\" \/>\n<meta name=\"robots\" content=\"index, follow, max-snippet:-1, max-image-preview:large, max-video-preview:-1\" \/>\n<link rel=\"canonical\" href=\"https:\/\/eu.motorad.com\/fr\/produits\/thermostats\/thermostats-motorad-fail-safe\/\" \/>\n<meta property=\"og:locale\" content=\"fr_FR\" \/>\n<meta property=\"og:type\" content=\"article\" \/>\n<meta property=\"og:title\" content=\"Thermostats MotoRad fail-safe\u00ae\" \/>\n<meta property=\"og:description\" content=\"Les thermostats Motorad Fail-Safe sont con\u00e7us pour pr\u00e9venir la surchauffe du moteur et assurer la tranquillit\u00e9 d&#039;esprit sur la route. Optez pour les thermostats Motorad Fail-Safe pour une r\u00e9gulation fiable de la temp\u00e9rature et une conduite sans souci.\" \/>\n<meta property=\"og:url\" content=\"https:\/\/eu.motorad.com\/fr\/produits\/thermostats\/thermostats-motorad-fail-safe\/\" \/>\n<meta property=\"og:site_name\" content=\"MotoRad\" \/>\n<meta property=\"article:modified_time\" content=\"2025-07-17T13:56:08+00:00\" \/>\n<meta property=\"og:image\" content=\"https:\/\/eu.motorad.com\/wp-content\/uploads\/2025\/04\/Fail-Safe_Callout_web-1.jpg\" \/>\n\t<meta property=\"og:image:width\" content=\"457\" \/>\n\t<meta property=\"og:image:height\" content=\"204\" \/>\n\t<meta property=\"og:image:type\" content=\"image\/jpeg\" \/>\n<meta name=\"twitter:card\" content=\"summary_large_image\" \/>\n<meta name=\"twitter:label1\" content=\"Est. reading time\" \/>\n\t<meta name=\"twitter:data1\" content=\"2 minutes\" \/>\n<script type=\"application\/ld+json\" class=\"yoast-schema-graph\">{\"@context\":\"https:\/\/schema.org\",\"@graph\":[{\"@type\":\"WebPage\",\"@id\":\"https:\/\/eu.motorad.com\/fr\/produits\/thermostats\/thermostats-motorad-fail-safe\/\",\"url\":\"https:\/\/eu.motorad.com\/fr\/produits\/thermostats\/thermostats-motorad-fail-safe\/\",\"name\":\"Thermostats MotoRad fail-safe\u00ae - MotoRad\",\"isPartOf\":{\"@id\":\"https:\/\/eu.motorad.com\/fr\/#website\"},\"primaryImageOfPage\":{\"@id\":\"https:\/\/eu.motorad.com\/fr\/produits\/thermostats\/thermostats-motorad-fail-safe\/#primaryimage\"},\"image\":{\"@id\":\"https:\/\/eu.motorad.com\/fr\/produits\/thermostats\/thermostats-motorad-fail-safe\/#primaryimage\"},\"thumbnailUrl\":\"https:\/\/eu.motorad.com\/wp-content\/uploads\/2025\/04\/Fail-Safe_Callout_web-1.jpg\",\"datePublished\":\"2025-04-03T15:52:13+00:00\",\"dateModified\":\"2025-07-17T13:56:08+00:00\",\"description\":\"Les thermostats Motorad Fail-Safe sont con\u00e7us pour pr\u00e9venir la surchauffe du moteur et assurer la tranquillit\u00e9 d'esprit sur la route. Optez pour les thermostats Motorad Fail-Safe pour une r\u00e9gulation fiable de la temp\u00e9rature et une conduite sans souci.\",\"breadcrumb\":{\"@id\":\"https:\/\/eu.motorad.com\/fr\/produits\/thermostats\/thermostats-motorad-fail-safe\/#breadcrumb\"},\"inLanguage\":\"fr-FR\",\"potentialAction\":[{\"@type\":\"ReadAction\",\"target\":[\"https:\/\/eu.motorad.com\/fr\/produits\/thermostats\/thermostats-motorad-fail-safe\/\"]}]},{\"@type\":\"ImageObject\",\"inLanguage\":\"fr-FR\",\"@id\":\"https:\/\/eu.motorad.com\/fr\/produits\/thermostats\/thermostats-motorad-fail-safe\/#primaryimage\",\"url\":\"https:\/\/eu.motorad.com\/wp-content\/uploads\/2025\/04\/Fail-Safe_Callout_web-1.jpg\",\"contentUrl\":\"https:\/\/eu.motorad.com\/wp-content\/uploads\/2025\/04\/Fail-Safe_Callout_web-1.jpg\"},{\"@type\":\"BreadcrumbList\",\"@id\":\"https:\/\/eu.motorad.com\/fr\/produits\/thermostats\/thermostats-motorad-fail-safe\/#breadcrumb\",\"itemListElement\":[{\"@type\":\"ListItem\",\"position\":1,\"name\":\"Home\",\"item\":\"https:\/\/motoradnew.test\/fr\/page-daccueil\/\"},{\"@type\":\"ListItem\",\"position\":2,\"name\":\"Produits\",\"item\":\"https:\/\/motoradnew.test\/fr\/produits\/\"},{\"@type\":\"ListItem\",\"position\":3,\"name\":\"Thermostats\",\"item\":\"https:\/\/motoradnew.test\/fr\/produits\/thermostats\/\"},{\"@type\":\"ListItem\",\"position\":4,\"name\":\"Thermostats MotoRad fail-safe\u00ae\"}]},{\"@type\":\"WebSite\",\"@id\":\"https:\/\/eu.motorad.com\/fr\/#website\",\"url\":\"https:\/\/eu.motorad.com\/fr\/\",\"name\":\"MotoRad\",\"description\":\"Trusted to Deliver Better - Thermal Management, Emissions, Powertrain Controls\",\"potentialAction\":[{\"@type\":\"SearchAction\",\"target\":{\"@type\":\"EntryPoint\",\"urlTemplate\":\"https:\/\/eu.motorad.com\/fr\/?s={search_term_string}\"},\"query-input\":{\"@type\":\"PropertyValueSpecification\",\"valueRequired\":true,\"valueName\":\"search_term_string\"}}],\"inLanguage\":\"fr-FR\"}]}<\/script>\n<!-- \/ Yoast SEO Premium plugin. -->","yoast_head_json":{"title":"Thermostats MotoRad fail-safe\u00ae - MotoRad","description":"Les thermostats Motorad Fail-Safe sont con\u00e7us pour pr\u00e9venir la surchauffe du moteur et assurer la tranquillit\u00e9 d'esprit sur la route. Optez pour les thermostats Motorad Fail-Safe pour une r\u00e9gulation fiable de la temp\u00e9rature et une conduite sans souci.","robots":{"index":"index","follow":"follow","max-snippet":"max-snippet:-1","max-image-preview":"max-image-preview:large","max-video-preview":"max-video-preview:-1"},"canonical":"https:\/\/eu.motorad.com\/fr\/produits\/thermostats\/thermostats-motorad-fail-safe\/","og_locale":"fr_FR","og_type":"article","og_title":"Thermostats MotoRad fail-safe\u00ae","og_description":"Les thermostats Motorad Fail-Safe sont con\u00e7us pour pr\u00e9venir la surchauffe du moteur et assurer la tranquillit\u00e9 d'esprit sur la route. Optez pour les thermostats Motorad Fail-Safe pour une r\u00e9gulation fiable de la temp\u00e9rature et une conduite sans souci.","og_url":"https:\/\/eu.motorad.com\/fr\/produits\/thermostats\/thermostats-motorad-fail-safe\/","og_site_name":"MotoRad","article_modified_time":"2025-07-17T13:56:08+00:00","og_image":[{"width":457,"height":204,"url":"https:\/\/eu.motorad.com\/wp-content\/uploads\/2025\/04\/Fail-Safe_Callout_web-1.jpg","type":"image\/jpeg"}],"twitter_card":"summary_large_image","twitter_misc":{"Est. reading time":"2 minutes"},"schema":{"@context":"https:\/\/schema.org","@graph":[{"@type":"WebPage","@id":"https:\/\/eu.motorad.com\/fr\/produits\/thermostats\/thermostats-motorad-fail-safe\/","url":"https:\/\/eu.motorad.com\/fr\/produits\/thermostats\/thermostats-motorad-fail-safe\/","name":"Thermostats MotoRad fail-safe\u00ae - MotoRad","isPartOf":{"@id":"https:\/\/eu.motorad.com\/fr\/#website"},"primaryImageOfPage":{"@id":"https:\/\/eu.motorad.com\/fr\/produits\/thermostats\/thermostats-motorad-fail-safe\/#primaryimage"},"image":{"@id":"https:\/\/eu.motorad.com\/fr\/produits\/thermostats\/thermostats-motorad-fail-safe\/#primaryimage"},"thumbnailUrl":"https:\/\/eu.motorad.com\/wp-content\/uploads\/2025\/04\/Fail-Safe_Callout_web-1.jpg","datePublished":"2025-04-03T15:52:13+00:00","dateModified":"2025-07-17T13:56:08+00:00","description":"Les thermostats Motorad Fail-Safe sont con\u00e7us pour pr\u00e9venir la surchauffe du moteur et assurer la tranquillit\u00e9 d'esprit sur la route. Optez pour les thermostats Motorad Fail-Safe pour une r\u00e9gulation fiable de la temp\u00e9rature et une conduite sans souci.","breadcrumb":{"@id":"https:\/\/eu.motorad.com\/fr\/produits\/thermostats\/thermostats-motorad-fail-safe\/#breadcrumb"},"inLanguage":"fr-FR","potentialAction":[{"@type":"ReadAction","target":["https:\/\/eu.motorad.com\/fr\/produits\/thermostats\/thermostats-motorad-fail-safe\/"]}]},{"@type":"ImageObject","inLanguage":"fr-FR","@id":"https:\/\/eu.motorad.com\/fr\/produits\/thermostats\/thermostats-motorad-fail-safe\/#primaryimage","url":"https:\/\/eu.motorad.com\/wp-content\/uploads\/2025\/04\/Fail-Safe_Callout_web-1.jpg","contentUrl":"https:\/\/eu.motorad.com\/wp-content\/uploads\/2025\/04\/Fail-Safe_Callout_web-1.jpg"},{"@type":"BreadcrumbList","@id":"https:\/\/eu.motorad.com\/fr\/produits\/thermostats\/thermostats-motorad-fail-safe\/#breadcrumb","itemListElement":[{"@type":"ListItem","position":1,"name":"Home","item":"https:\/\/motoradnew.test\/fr\/page-daccueil\/"},{"@type":"ListItem","position":2,"name":"Produits","item":"https:\/\/motoradnew.test\/fr\/produits\/"},{"@type":"ListItem","position":3,"name":"Thermostats","item":"https:\/\/motoradnew.test\/fr\/produits\/thermostats\/"},{"@type":"ListItem","position":4,"name":"Thermostats MotoRad fail-safe\u00ae"}]},{"@type":"WebSite","@id":"https:\/\/eu.motorad.com\/fr\/#website","url":"https:\/\/eu.motorad.com\/fr\/","name":"MotoRad","description":"Trusted to Deliver Better - Thermal Management, Emissions, Powertrain Controls","potentialAction":[{"@type":"SearchAction","target":{"@type":"EntryPoint","urlTemplate":"https:\/\/eu.motorad.com\/fr\/?s={search_term_string}"},"query-input":{"@type":"PropertyValueSpecification","valueRequired":true,"valueName":"search_term_string"}}],"inLanguage":"fr-FR"}]}},"_links":{"self":[{"href":"https:\/\/eu.motorad.com\/fr\/wp-json\/wp\/v2\/pages\/6078","targetHints":{"allow":["GET"]}}],"collection":[{"href":"https:\/\/eu.motorad.com\/fr\/wp-json\/wp\/v2\/pages"}],"about":[{"href":"https:\/\/eu.motorad.com\/fr\/wp-json\/wp\/v2\/types\/page"}],"author":[{"embeddable":true,"href":"https:\/\/eu.motorad.com\/fr\/wp-json\/wp\/v2\/users\/1"}],"replies":[{"embeddable":true,"href":"https:\/\/eu.motorad.com\/fr\/wp-json\/wp\/v2\/comments?post=6078"}],"version-history":[{"count":2,"href":"https:\/\/eu.motorad.com\/fr\/wp-json\/wp\/v2\/pages\/6078\/revisions"}],"predecessor-version":[{"id":55748,"href":"https:\/\/eu.motorad.com\/fr\/wp-json\/wp\/v2\/pages\/6078\/revisions\/55748"}],"up":[{"embeddable":true,"href":"https:\/\/eu.motorad.com\/fr\/wp-json\/wp\/v2\/pages\/6849"}],"wp:attachment":[{"href":"https:\/\/eu.motorad.com\/fr\/wp-json\/wp\/v2\/media?parent=6078"}],"curies":[{"name":"wp","href":"https:\/\/api.w.org\/{rel}","templated":true}]}}