{"id":6716,"date":"2025-04-03T15:39:49","date_gmt":"2025-04-03T15:39:49","guid":{"rendered":"https:\/\/eu.motorad.com\/thermostats-automobiles\/"},"modified":"2025-07-17T13:56:08","modified_gmt":"2025-07-17T13:56:08","slug":"thermostats-automobiles","status":"publish","type":"page","link":"https:\/\/eu.motorad.com\/fr\/produits\/thermostats\/thermostats-automobiles\/","title":{"rendered":"Thermostats automobiles"},"content":{"rendered":"<h1 style=\"padding-bottom:0;margin-top:var(--wp--preset--spacing--60);\" class=\"wp-block-post-title\">Thermostats automobiles<\/h1>\n<div class=\"wp-block-columns is-layout-flex wp-container-core-columns-is-layout-b94da506 wp-block-columns-is-layout-flex\" style=\"margin-top:var(--wp--preset--spacing--60);margin-bottom:var(--wp--preset--spacing--70)\">\n<div class=\"wp-block-column is-layout-flow wp-block-column-is-layout-flow\" style=\"flex-basis:33.33%\">\n<figure class=\"wp-block-image aligncenter size-full\"><img loading=\"lazy\" decoding=\"async\" width=\"216\" height=\"216\" src=\"https:\/\/eu.motorad.com\/wp-content\/uploads\/2025\/04\/Motorad-04.svg\" alt=\"\" class=\"wp-image-3379\"\/><\/figure>\n<\/div>\n\n\n\n<div class=\"wp-block-column is-layout-flow wp-block-column-is-layout-flow\" style=\"flex-basis:66.66%\">\n<p style=\"margin-bottom:var(--wp--preset--spacing--30)\">MotoRad propose une gamme compl\u00e8te de thermostats pour remplacer les thermostats d&rsquo;origine. <\/p>\n\n\n\n<p style=\"margin-bottom:var(--wp--preset--spacing--30)\"><strong>Les thermostats MotoRad sont disponibles en trois niveaux de qualit\u00e9 diff\u00e9rents pour r\u00e9pondre aux besoins vari\u00e9s des consommateurs et des installateurs professionnels.<\/strong><\/p>\n\n\n\n<div class=\"wp-block-columns is-layout-flex wp-container-core-columns-is-layout-cf69c365 wp-block-columns-is-layout-flex\" style=\"margin-bottom:var(--wp--preset--spacing--60)\">\n<div class=\"wp-block-column is-layout-flow wp-block-column-is-layout-flow\">\n<figure class=\"wp-block-image size-full\" style=\"margin-bottom:var(--wp--preset--spacing--40)\"><a href=\"https:\/\/eu.motorad.com\/fr\/thermostats\/thermostats-motorad-ultrastat\/\"><img loading=\"lazy\" decoding=\"async\" width=\"720\" height=\"347\" src=\"https:\/\/eu.motorad.com\/wp-content\/uploads\/2025\/04\/UltraStat_Image_web-1.jpg\" alt=\"\" class=\"wp-image-3415\" srcset=\"https:\/\/eu.motorad.com\/wp-content\/uploads\/2025\/04\/UltraStat_Image_web-1.jpg 720w, https:\/\/eu.motorad.com\/wp-content\/uploads\/2025\/04\/UltraStat_Image_web-1-300x145.jpg 300w\" sizes=\"auto, (max-width: 720px) 100vw, 720px\" \/><\/a><\/figure>\n\n\n\n<ul class=\"wp-block-list\">\n<li>Con\u00e7us pour d\u00e9passer les sp\u00e9cifications d&rsquo;origine<\/li>\n\n\n\n<li>Conception \u00e0 triple pont de haute qualit\u00e9 pour la r\u00e9sistance et la stabilit\u00e9<\/li>\n\n\n\n<li>Ouverture \u00e9largie pour assurer un d\u00e9bit accru<\/li>\n\n\n\n<li>R\u00e9ponse sup\u00e9rieure aux besoins de refroidissement<\/li>\n<\/ul>\n<\/div>\n\n\n\n<div class=\"wp-block-column is-layout-flow wp-block-column-is-layout-flow\">\n<figure class=\"wp-block-image size-full\" style=\"margin-bottom:var(--wp--preset--spacing--40)\"><img loading=\"lazy\" decoding=\"async\" width=\"457\" height=\"204\" src=\"https:\/\/eu.motorad.com\/wp-content\/uploads\/2025\/04\/Fail-Safe_Callout_web-1.jpg\" alt=\"\" class=\"wp-image-3401\" srcset=\"https:\/\/eu.motorad.com\/wp-content\/uploads\/2025\/04\/Fail-Safe_Callout_web-1.jpg 457w, https:\/\/eu.motorad.com\/wp-content\/uploads\/2025\/04\/Fail-Safe_Callout_web-1-300x134.jpg 300w\" sizes=\"auto, (max-width: 457px) 100vw, 457px\" \/><\/figure>\n\n\n\n<p><strong>Aide \u00e0 prot\u00e9ger votre moteur contre la surchauffe.<\/strong><\/p>\n\n\n\n<p>Lorsqu&rsquo;une pi\u00e8ce d\u00e9t\u00e9rior\u00e9e du syst\u00e8me de refroidissement provoque une surchauffe, le dispositif de s\u00e9curit\u00e9 int\u00e9gr\u00e9 active une course secondaire d&rsquo;un piston con\u00e7u avec pr\u00e9cision. Cela verrouille automatiquement la valve en position grande ouverte pour permettre une libre circulation du liquide de refroidissement. <\/p>\n<\/div>\n\n\n\n<div class=\"wp-block-column is-layout-flow wp-block-column-is-layout-flow\">\n<figure class=\"wp-block-image aligncenter size-full is-resized\" style=\"margin-bottom:var(--wp--preset--spacing--40)\"><img loading=\"lazy\" decoding=\"async\" width=\"240\" height=\"248\" src=\"https:\/\/eu.motorad.com\/wp-content\/uploads\/2025\/04\/part.webp\" alt=\"\" class=\"wp-image-3408\" style=\"width:135px;height:139px\"\/><\/figure>\n\n\n\n<p>Thermostats automobiles standard : Utilise une pastille de cire thermosensible scell\u00e9e dans une coupelle de cuivre conductrice de chaleur contenant un diaphragme en caoutchouc flexible.<\/p>\n<\/div>\n<\/div>\n\n\n\n<p>Ces pi\u00e8ces sont fabriqu\u00e9es pour satisfaire ou d\u00e9passer toutes les exigences des \u00e9quipementiers d&rsquo;origine. MotoRad propose \u00e9galement des thermostats standard pour de nombreuses temp\u00e9ratures alternatives. <\/p>\n<\/div>\n<\/div>\n\n<p style=\"margin-bottom:var(--wp--preset--spacing--30)\">MotoRad offre la meilleure couverture de thermostats au monde pour pratiquement tous les v\u00e9hicules et moteurs sur route ou hors route. Les thermostats MotoRad jouent un r\u00f4le crucial dans le maintien de la temp\u00e9rature de fonctionnement du moteur.  <\/p>\n\n<p style=\"margin-bottom:var(--wp--preset--spacing--60)\">Cela affecte positivement l&rsquo;efficacit\u00e9 de la combustion et le transfert de puissance, la consommation de carburant, l&rsquo;\u00e9mission de polluants et la dur\u00e9e de vie du moteur.<\/p>\n\n<div class=\"wp-block-buttons is-layout-flex wp-block-buttons-is-layout-flex\" style=\"margin-bottom:var(--wp--preset--spacing--70)\">\n<div class=\"wp-block-button\"><a class=\"wp-block-button__link wp-element-button\" href=\"https:\/\/eu.motorad.com\/fr\/produits\/\">Trouvez votre thermostat<\/a><\/div>\n<\/div>\n\n<p><\/p>\n","protected":false},"excerpt":{"rendered":"<p>MotoRad propose une gamme compl\u00e8te de thermostats pour remplacer les thermostats d&rsquo;origine. Les thermostats MotoRad sont disponibles en trois niveaux [&#8230;]<\/p>\n","protected":false},"author":1,"featured_media":0,"parent":6849,"menu_order":0,"comment_status":"closed","ping_status":"closed","template":"","meta":{"_acf_changed":false,"footnotes":""},"class_list":["post-6716","page","type-page","status-publish","hentry"],"acf":[],"yoast_head":"<!-- This site is optimized with the Yoast SEO Premium plugin v27.2 (Yoast SEO v27.2) - https:\/\/yoast.com\/product\/yoast-seo-premium-wordpress\/ -->\n<title>Thermostats automobiles - MotoRad<\/title>\n<meta name=\"description\" content=\"MotoRad - Thermostats automobiles %\" \/>\n<meta name=\"robots\" content=\"index, follow, max-snippet:-1, max-image-preview:large, max-video-preview:-1\" \/>\n<link rel=\"canonical\" href=\"https:\/\/eu.motorad.com\/fr\/produits\/thermostats\/thermostats-automobiles\/\" \/>\n<meta property=\"og:locale\" content=\"fr_FR\" \/>\n<meta property=\"og:type\" content=\"article\" \/>\n<meta property=\"og:title\" content=\"Thermostats automobiles\" \/>\n<meta property=\"og:description\" content=\"MotoRad - Thermostats automobiles %\" \/>\n<meta property=\"og:url\" content=\"https:\/\/eu.motorad.com\/fr\/produits\/thermostats\/thermostats-automobiles\/\" \/>\n<meta property=\"og:site_name\" content=\"MotoRad\" \/>\n<meta property=\"article:modified_time\" content=\"2025-07-17T13:56:08+00:00\" \/>\n<meta name=\"twitter:card\" content=\"summary_large_image\" \/>\n<meta name=\"twitter:label1\" content=\"Est. reading time\" \/>\n\t<meta name=\"twitter:data1\" content=\"1 minute\" \/>\n<script type=\"application\/ld+json\" class=\"yoast-schema-graph\">{\"@context\":\"https:\/\/schema.org\",\"@graph\":[{\"@type\":\"WebPage\",\"@id\":\"https:\/\/eu.motorad.com\/fr\/produits\/thermostats\/thermostats-automobiles\/\",\"url\":\"https:\/\/eu.motorad.com\/fr\/produits\/thermostats\/thermostats-automobiles\/\",\"name\":\"Thermostats automobiles - MotoRad\",\"isPartOf\":{\"@id\":\"https:\/\/eu.motorad.com\/fr\/#website\"},\"primaryImageOfPage\":{\"@id\":\"https:\/\/eu.motorad.com\/fr\/produits\/thermostats\/thermostats-automobiles\/#primaryimage\"},\"image\":{\"@id\":\"https:\/\/eu.motorad.com\/fr\/produits\/thermostats\/thermostats-automobiles\/#primaryimage\"},\"thumbnailUrl\":\"https:\/\/eu.motorad.com\/wp-content\/uploads\/2025\/04\/Motorad-04.svg\",\"datePublished\":\"2025-04-03T15:39:49+00:00\",\"dateModified\":\"2025-07-17T13:56:08+00:00\",\"description\":\"MotoRad - Thermostats automobiles %\",\"breadcrumb\":{\"@id\":\"https:\/\/eu.motorad.com\/fr\/produits\/thermostats\/thermostats-automobiles\/#breadcrumb\"},\"inLanguage\":\"fr-FR\",\"potentialAction\":[{\"@type\":\"ReadAction\",\"target\":[\"https:\/\/eu.motorad.com\/fr\/produits\/thermostats\/thermostats-automobiles\/\"]}]},{\"@type\":\"ImageObject\",\"inLanguage\":\"fr-FR\",\"@id\":\"https:\/\/eu.motorad.com\/fr\/produits\/thermostats\/thermostats-automobiles\/#primaryimage\",\"url\":\"https:\/\/eu.motorad.com\/wp-content\/uploads\/2025\/04\/Motorad-04.svg\",\"contentUrl\":\"https:\/\/eu.motorad.com\/wp-content\/uploads\/2025\/04\/Motorad-04.svg\"},{\"@type\":\"BreadcrumbList\",\"@id\":\"https:\/\/eu.motorad.com\/fr\/produits\/thermostats\/thermostats-automobiles\/#breadcrumb\",\"itemListElement\":[{\"@type\":\"ListItem\",\"position\":1,\"name\":\"Home\",\"item\":\"https:\/\/motoradnew.test\/fr\/page-daccueil\/\"},{\"@type\":\"ListItem\",\"position\":2,\"name\":\"Produits\",\"item\":\"https:\/\/motoradnew.test\/fr\/produits\/\"},{\"@type\":\"ListItem\",\"position\":3,\"name\":\"Thermostats\",\"item\":\"https:\/\/motoradnew.test\/fr\/produits\/thermostats\/\"},{\"@type\":\"ListItem\",\"position\":4,\"name\":\"Thermostats automobiles\"}]},{\"@type\":\"WebSite\",\"@id\":\"https:\/\/eu.motorad.com\/fr\/#website\",\"url\":\"https:\/\/eu.motorad.com\/fr\/\",\"name\":\"MotoRad\",\"description\":\"Trusted to Deliver Better - Thermal Management, Emissions, Powertrain Controls\",\"potentialAction\":[{\"@type\":\"SearchAction\",\"target\":{\"@type\":\"EntryPoint\",\"urlTemplate\":\"https:\/\/eu.motorad.com\/fr\/?s={search_term_string}\"},\"query-input\":{\"@type\":\"PropertyValueSpecification\",\"valueRequired\":true,\"valueName\":\"search_term_string\"}}],\"inLanguage\":\"fr-FR\"}]}<\/script>\n<!-- \/ Yoast SEO Premium plugin. -->","yoast_head_json":{"title":"Thermostats automobiles - MotoRad","description":"MotoRad - Thermostats automobiles %","robots":{"index":"index","follow":"follow","max-snippet":"max-snippet:-1","max-image-preview":"max-image-preview:large","max-video-preview":"max-video-preview:-1"},"canonical":"https:\/\/eu.motorad.com\/fr\/produits\/thermostats\/thermostats-automobiles\/","og_locale":"fr_FR","og_type":"article","og_title":"Thermostats automobiles","og_description":"MotoRad - Thermostats automobiles %","og_url":"https:\/\/eu.motorad.com\/fr\/produits\/thermostats\/thermostats-automobiles\/","og_site_name":"MotoRad","article_modified_time":"2025-07-17T13:56:08+00:00","twitter_card":"summary_large_image","twitter_misc":{"Est. reading time":"1 minute"},"schema":{"@context":"https:\/\/schema.org","@graph":[{"@type":"WebPage","@id":"https:\/\/eu.motorad.com\/fr\/produits\/thermostats\/thermostats-automobiles\/","url":"https:\/\/eu.motorad.com\/fr\/produits\/thermostats\/thermostats-automobiles\/","name":"Thermostats automobiles - MotoRad","isPartOf":{"@id":"https:\/\/eu.motorad.com\/fr\/#website"},"primaryImageOfPage":{"@id":"https:\/\/eu.motorad.com\/fr\/produits\/thermostats\/thermostats-automobiles\/#primaryimage"},"image":{"@id":"https:\/\/eu.motorad.com\/fr\/produits\/thermostats\/thermostats-automobiles\/#primaryimage"},"thumbnailUrl":"https:\/\/eu.motorad.com\/wp-content\/uploads\/2025\/04\/Motorad-04.svg","datePublished":"2025-04-03T15:39:49+00:00","dateModified":"2025-07-17T13:56:08+00:00","description":"MotoRad - Thermostats automobiles %","breadcrumb":{"@id":"https:\/\/eu.motorad.com\/fr\/produits\/thermostats\/thermostats-automobiles\/#breadcrumb"},"inLanguage":"fr-FR","potentialAction":[{"@type":"ReadAction","target":["https:\/\/eu.motorad.com\/fr\/produits\/thermostats\/thermostats-automobiles\/"]}]},{"@type":"ImageObject","inLanguage":"fr-FR","@id":"https:\/\/eu.motorad.com\/fr\/produits\/thermostats\/thermostats-automobiles\/#primaryimage","url":"https:\/\/eu.motorad.com\/wp-content\/uploads\/2025\/04\/Motorad-04.svg","contentUrl":"https:\/\/eu.motorad.com\/wp-content\/uploads\/2025\/04\/Motorad-04.svg"},{"@type":"BreadcrumbList","@id":"https:\/\/eu.motorad.com\/fr\/produits\/thermostats\/thermostats-automobiles\/#breadcrumb","itemListElement":[{"@type":"ListItem","position":1,"name":"Home","item":"https:\/\/motoradnew.test\/fr\/page-daccueil\/"},{"@type":"ListItem","position":2,"name":"Produits","item":"https:\/\/motoradnew.test\/fr\/produits\/"},{"@type":"ListItem","position":3,"name":"Thermostats","item":"https:\/\/motoradnew.test\/fr\/produits\/thermostats\/"},{"@type":"ListItem","position":4,"name":"Thermostats automobiles"}]},{"@type":"WebSite","@id":"https:\/\/eu.motorad.com\/fr\/#website","url":"https:\/\/eu.motorad.com\/fr\/","name":"MotoRad","description":"Trusted to Deliver Better - Thermal Management, Emissions, Powertrain Controls","potentialAction":[{"@type":"SearchAction","target":{"@type":"EntryPoint","urlTemplate":"https:\/\/eu.motorad.com\/fr\/?s={search_term_string}"},"query-input":{"@type":"PropertyValueSpecification","valueRequired":true,"valueName":"search_term_string"}}],"inLanguage":"fr-FR"}]}},"_links":{"self":[{"href":"https:\/\/eu.motorad.com\/fr\/wp-json\/wp\/v2\/pages\/6716","targetHints":{"allow":["GET"]}}],"collection":[{"href":"https:\/\/eu.motorad.com\/fr\/wp-json\/wp\/v2\/pages"}],"about":[{"href":"https:\/\/eu.motorad.com\/fr\/wp-json\/wp\/v2\/types\/page"}],"author":[{"embeddable":true,"href":"https:\/\/eu.motorad.com\/fr\/wp-json\/wp\/v2\/users\/1"}],"replies":[{"embeddable":true,"href":"https:\/\/eu.motorad.com\/fr\/wp-json\/wp\/v2\/comments?post=6716"}],"version-history":[{"count":4,"href":"https:\/\/eu.motorad.com\/fr\/wp-json\/wp\/v2\/pages\/6716\/revisions"}],"predecessor-version":[{"id":55746,"href":"https:\/\/eu.motorad.com\/fr\/wp-json\/wp\/v2\/pages\/6716\/revisions\/55746"}],"up":[{"embeddable":true,"href":"https:\/\/eu.motorad.com\/fr\/wp-json\/wp\/v2\/pages\/6849"}],"wp:attachment":[{"href":"https:\/\/eu.motorad.com\/fr\/wp-json\/wp\/v2\/media?parent=6716"}],"curies":[{"name":"wp","href":"https:\/\/api.w.org\/{rel}","templated":true}]}}