{"id":6779,"date":"2025-04-03T14:52:36","date_gmt":"2025-04-03T14:52:36","guid":{"rendered":"https:\/\/eu.motorad.com\/ressources\/certificats\/"},"modified":"2025-06-30T18:29:16","modified_gmt":"2025-06-30T18:29:16","slug":"certificats","status":"publish","type":"page","link":"https:\/\/eu.motorad.com\/fr\/ressources\/certificats\/","title":{"rendered":"Certificats"},"content":{"rendered":"\n<div class=\"wp-block-cover alignfull is-light\" style=\"margin-bottom:var(--wp--preset--spacing--50);min-height:274px;aspect-ratio:unset;\"><span aria-hidden=\"true\" class=\"wp-block-cover__background has-background-dim-0 has-background-dim\" style=\"background-color:#cac9cd\"><\/span><img loading=\"lazy\" decoding=\"async\" width=\"1920\" height=\"1280\" class=\"wp-block-cover__image-background wp-image-2870\" alt=\"\" src=\"https:\/\/eu.motorad.com\/wp-content\/uploads\/2025\/04\/Road_into_Light_2-scaled-1.jpg\" style=\"object-position:50% 36%\" data-object-fit=\"cover\" data-object-position=\"50% 36%\" srcset=\"https:\/\/eu.motorad.com\/wp-content\/uploads\/2025\/04\/Road_into_Light_2-scaled-1.jpg 1920w, https:\/\/eu.motorad.com\/wp-content\/uploads\/2025\/04\/Road_into_Light_2-scaled-1-300x200.jpg 300w, https:\/\/eu.motorad.com\/wp-content\/uploads\/2025\/04\/Road_into_Light_2-scaled-1-1024x683.jpg 1024w, https:\/\/eu.motorad.com\/wp-content\/uploads\/2025\/04\/Road_into_Light_2-scaled-1-768x512.jpg 768w, https:\/\/eu.motorad.com\/wp-content\/uploads\/2025\/04\/Road_into_Light_2-scaled-1-1536x1024.jpg 1536w\" sizes=\"auto, (max-width: 1920px) 100vw, 1920px\" \/><div class=\"wp-block-cover__inner-container is-layout-flow wp-block-cover-is-layout-flow\">\n<h1 class=\"wp-block-heading has-palette-text-color has-text-color\" id=\"h-faq-s\" style=\"margin-bottom:0\"><em>Certificats<\/em><\/h1>\n<\/div><\/div>\n\n<h3 class=\"wp-block-heading\" style=\"margin-right:0;margin-bottom:var(--wp--preset--spacing--40)\"><strong>Notre promesse : qualit\u00e9 et excellence in\u00e9branlables<\/strong><\/h3>\n\n<p>Chez MotoRad, nous sommes motiv\u00e9s par un engagement inlassable envers la qualit\u00e9, la pr\u00e9cision et l&rsquo;excellence. Notre d\u00e9vouement \u00e0 fournir des produits et services sup\u00e9rieurs \u00e0 nos clients est au c\u0153ur de tout ce que nous faisons. Nous comprenons que la qualit\u00e9 n&rsquo;est pas seulement une norme ; c&rsquo;est une promesse que nous faisons \u00e0 nos clients, partenaires et parties prenantes dans le monde entier.  <\/p>\n\n<hr class=\"wp-block-separator has-text-color has-palette-brand-3-color has-alpha-channel-opacity has-palette-brand-3-background-color has-background is-style-wide\" style=\"margin-top:var(--wp--preset--spacing--60);margin-bottom:var(--wp--preset--spacing--60)\"\/>\n\n<h3 class=\"wp-block-heading\" style=\"margin-bottom:var(--wp--preset--spacing--40)\"><strong>Certification : un t\u00e9moignage de nos normes<\/strong><\/h3>\n\n<p>Notre engagement envers la qualit\u00e9 est soulign\u00e9 par nos rigoureux processus de certification. MotoRad est fier de d\u00e9tenir diverses certifications qui valident notre adh\u00e9sion aux normes de qualit\u00e9 internationales et aux meilleures pratiques. Ces certifications servent de t\u00e9moignage \u00e0 notre engagement in\u00e9branlable envers l&rsquo;excellence et l&rsquo;am\u00e9lioration continue.  <\/p>\n\n<p style=\"margin-bottom:var(--wp--preset--spacing--70)\">Explore our certifications <a href=\"https:\/\/eu.motorad.com\/fr\/ressources\/certificats\/\">here<\/a> to learn more about the high standards we uphold in every aspect of our business.<\/p>\n\n<h3 class=\"wp-block-heading\" style=\"margin-bottom:var(--wp--preset--spacing--50)\"><strong>Pourquoi choisir MotoRad ?<\/strong><\/h3>\n\n<ul class=\"wp-block-list\">\n<li><strong>Qualit\u00e9 sans compromis :<\/strong> Nos produits subissent des tests et des inspections rigoureux pour garantir qu&rsquo;ils r\u00e9pondent aux normes de qualit\u00e9 les plus \u00e9lev\u00e9es.<\/li>\n\n\n\n<li><strong>Expertise :<\/strong> Avec des ann\u00e9es d&rsquo;exp\u00e9rience dans l&rsquo;industrie, notre \u00e9quipe de professionnels est d\u00e9di\u00e9e \u00e0 fournir des solutions innovantes qui d\u00e9passent les attentes des clients.<\/li>\n\n\n\n<li><strong>Reconnaissance mondiale :<\/strong> Nos certifications sont reconnues mondialement, refl\u00e9tant notre engagement envers la qualit\u00e9 \u00e0 l&rsquo;\u00e9chelle internationale.<\/li>\n<\/ul>\n\n<hr class=\"wp-block-separator has-text-color has-palette-brand-3-color has-alpha-channel-opacity has-palette-brand-3-background-color has-background is-style-wide\" style=\"margin-top:var(--wp--preset--spacing--60);margin-bottom:var(--wp--preset--spacing--60)\"\/>\n\n<div class=\"wp-block-columns alignwide is-layout-flex wp-container-core-columns-is-layout-212ad063 wp-block-columns-is-layout-flex\" style=\"margin-bottom:var(--wp--preset--spacing--70)\">\n<div class=\"wp-block-column is-layout-flow wp-block-column-is-layout-flow\">\n<figure class=\"wp-block-image size-full\" style=\"margin-bottom:var(--wp--preset--spacing--40)\"><a href=\"https:\/\/eu.motorad.com\/wp-content\/uploads\/2025\/04\/MAP-14001.pdf\" target=\"_blank\" rel=\" noreferrer noopener\"><img loading=\"lazy\" decoding=\"async\" width=\"300\" height=\"214\" src=\"https:\/\/eu.motorad.com\/wp-content\/uploads\/2025\/04\/MAP-14001-1-1-300x214-1.jpg\" alt=\"\" class=\"wp-image-3244\" style=\"object-fit:cover\"\/><\/a><\/figure>\n\n\n\n<p class=\"has-text-align-center\" style=\"margin-bottom:var(--wp--preset--spacing--30)\">Ceci certifie que le Syst\u00e8me de Management Environnemental de<\/p>\n\n\n\n<p class=\"has-text-align-center\" style=\"margin-bottom:var(--wp--preset--spacing--30)\"><a href=\"https:\/\/eu.motorad.com\/wp-content\/uploads\/MAP-14001.pdf\"><strong>M.A.P. MOTORAD\u00a0<\/strong><br\/><strong>AUTOMOTIVE PARTS LTD<\/strong><\/a><br\/>Industrial Park Bar Lev , Misgav , Israel<\/p>\n\n\n\n<p class=\"has-text-align-center\" style=\"margin-bottom:var(--wp--preset--spacing--30)\">A \u00e9t\u00e9 \u00e9valu\u00e9 et est conforme aux exigences de :<\/p>\n\n\n\n<p class=\"has-text-align-center\" style=\"margin-bottom:var(--wp--preset--spacing--30)\"><strong><a href=\"https:\/\/eu.motorad.com\/wp-content\/uploads\/MAP-14001.pdf\">ISO 14001:2015<\/a><\/strong><\/p>\n\n\n\n<p class=\"has-text-align-center\" style=\"margin-bottom:var(--wp--preset--spacing--30)\">Ce certificat s&rsquo;applique \u00e0<\/p>\n\n\n\n<p class=\"has-text-align-center\" style=\"margin-bottom:var(--wp--preset--spacing--30)\"><strong>La conception et la fabrication de thermostats pour l&rsquo;industrie automobile.<\/strong><\/p>\n<\/div>\n\n\n\n<div class=\"wp-block-column is-layout-flow wp-block-column-is-layout-flow\">\n<figure class=\"wp-block-image size-full\" style=\"margin-bottom:var(--wp--preset--spacing--40)\"><a href=\"https:\/\/eu.motorad.com\/wp-content\/uploads\/2025\/04\/MAP-45001.pdf\" target=\"_blank\" rel=\" noreferrer noopener\"><img loading=\"lazy\" decoding=\"async\" width=\"300\" height=\"214\" src=\"https:\/\/eu.motorad.com\/wp-content\/uploads\/2025\/04\/MAP-45001-1-1-300x214-1.jpg\" alt=\"\" class=\"wp-image-3251\"\/><\/a><\/figure>\n\n\n\n<p class=\"has-text-align-center\" style=\"margin-bottom:var(--wp--preset--spacing--30)\">Ceci certifie que les Syst\u00e8mes de Management de la Sant\u00e9 et de la S\u00e9curit\u00e9 au Travail de<\/p>\n\n\n\n<p class=\"has-text-align-center\" style=\"margin-bottom:var(--wp--preset--spacing--30)\"><a href=\"https:\/\/eu.motorad.com\/wp-content\/uploads\/MAP-45001.pdf\"><strong>M.A.P. MOTORAD\u00a0<\/strong><br\/><strong>AUTOMOTIVE PARTS LTD<\/strong><\/a><br\/>Industrial Park Bar Lev , Misgav , Israel<\/p>\n\n\n\n<p class=\"has-text-align-center\" style=\"margin-bottom:var(--wp--preset--spacing--30)\">A \u00e9t\u00e9 \u00e9valu\u00e9 et est conforme aux exigences de :<\/p>\n\n\n\n<p class=\"has-text-align-center\" style=\"margin-bottom:var(--wp--preset--spacing--30)\"><strong><a href=\"https:\/\/eu.motorad.com\/wp-content\/uploads\/MAP-45001.pdf\">ISO 45001:2018<\/a><\/strong><\/p>\n\n\n\n<p class=\"has-text-align-center\" style=\"margin-bottom:var(--wp--preset--spacing--30)\">Ce certificat s&rsquo;applique \u00e0<\/p>\n\n\n\n<p class=\"has-text-align-center\" style=\"margin-bottom:var(--wp--preset--spacing--30)\"><strong>La conception et la fabrication de thermostats pour l&rsquo;industrie automobile.<\/strong><\/p>\n<\/div>\n\n\n\n<div class=\"wp-block-column is-layout-flow wp-block-column-is-layout-flow\">\n<figure class=\"wp-block-image size-full\" style=\"margin-bottom:var(--wp--preset--spacing--40)\"><a href=\"https:\/\/eu.motorad.com\/wp-content\/uploads\/2025\/04\/MotoRad-9001-Certificate-.pdf\" target=\"_blank\" rel=\" noreferrer noopener\"><img loading=\"lazy\" decoding=\"async\" width=\"300\" height=\"214\" src=\"https:\/\/eu.motorad.com\/wp-content\/uploads\/2025\/04\/cert2-300x214-1.jpg\" alt=\"\" class=\"wp-image-3258\"\/><\/a><\/figure>\n\n\n\n<p class=\"has-text-align-center\" style=\"margin-bottom:var(--wp--preset--spacing--30)\">Ce certificat a \u00e9t\u00e9 d\u00e9cern\u00e9 \u00e0<\/p>\n\n\n\n<p class=\"has-text-align-center\" style=\"margin-bottom:var(--wp--preset--spacing--30)\"><strong><a href=\"https:\/\/eu.motorad.com\/wp-content\/uploads\/MotoRad-9001-Certificate-.pdf\">M.A.P MotoRad Automotive Parts Ltd<\/a><\/strong><br\/>Bar-Lev Industrial Park, Misgav, 20179, Israel<\/p>\n\n\n\n<p class=\"has-text-align-center\" style=\"margin-bottom:var(--wp--preset--spacing--30)\">Recognition of the organization&rsquo;s Quality Management System which complies with<br\/><strong><a href=\"https:\/\/eu.motorad.com\/wp-content\/uploads\/MOTORAD-9001-Cert-valit-till-2024.pdf\">ISO 9001:2015<\/a><\/strong><\/p>\n\n\n\n<p class=\"has-text-align-center\" style=\"margin-bottom:var(--wp--preset--spacing--30)\">Le champ d&rsquo;activit\u00e9s couvert par ce certificat est d\u00e9fini ci-dessous<\/p>\n\n\n\n<p class=\"has-text-align-center\" style=\"margin-bottom:var(--wp--preset--spacing--30)\"><strong>Conception et fabrication de thermostats et de bouchons<\/strong><\/p>\n<\/div>\n\n\n\n<div class=\"wp-block-column is-layout-flow wp-block-column-is-layout-flow\">\n<figure class=\"wp-block-image size-full\" style=\"margin-bottom:var(--wp--preset--spacing--40)\"><a href=\"https:\/\/eu.motorad.com\/wp-content\/uploads\/2025\/04\/MotoRad-IATF-Certificate-.pdf\" target=\"_blank\" rel=\" noreferrer noopener\"><img loading=\"lazy\" decoding=\"async\" width=\"300\" height=\"214\" src=\"https:\/\/eu.motorad.com\/wp-content\/uploads\/2025\/04\/cert1-300x214-1.jpg\" alt=\"\" class=\"wp-image-3265\"\/><\/a><\/figure>\n\n\n\n<p class=\"has-text-align-center\" style=\"margin-bottom:var(--wp--preset--spacing--30)\">Ce certificat a \u00e9t\u00e9 d\u00e9cern\u00e9 \u00e0<\/p>\n\n\n\n<p class=\"has-text-align-center\" style=\"margin-bottom:var(--wp--preset--spacing--30)\"><a href=\"https:\/\/eu.motorad.com\/wp-content\/uploads\/MotoRad-IATF-Certificate-.pdf\"><strong>M.A.P MotoRad Automotive Parts Ltd<\/strong><br\/><\/a>Bar-Lev Industrial Park, Misgav, 20179, Israel<\/p>\n\n\n\n<p class=\"has-text-align-center\" style=\"margin-bottom:var(--wp--preset--spacing--30)\">en reconnaissance du Syst\u00e8me de Management de la Qualit\u00e9 de l&rsquo;organisation qui est conforme \u00e0<br\/><strong>IATF 16949:2016<\/strong><\/p>\n\n\n\n<p class=\"has-text-align-center\" style=\"margin-bottom:var(--wp--preset--spacing--30)\">Le champ d&rsquo;activit\u00e9s couvert par ce certificat est d\u00e9fini ci-dessous<\/p>\n\n\n\n<p class=\"has-text-align-center\" style=\"margin-bottom:var(--wp--preset--spacing--30)\"><strong>Conception et fabrication de thermostats et de bouchons<\/strong><\/p>\n<\/div>\n<\/div>\n\n<div class=\"wp-block-cover alignfull is-light\" style=\"padding-top:var(--wp--preset--spacing--60);padding-bottom:var(--wp--preset--spacing--60)\"><span aria-hidden=\"true\" class=\"wp-block-cover__background has-background-dim-0 has-background-dim\" style=\"background-color:#ece5d9\"><\/span><img loading=\"lazy\" decoding=\"async\" width=\"1505\" height=\"305\" class=\"wp-block-cover__image-background wp-image-223\" alt=\"\" src=\"https:\/\/eu.motorad.com\/wp-content\/uploads\/2025\/03\/FooterCTA.jpg\" data-object-fit=\"cover\" srcset=\"https:\/\/eu.motorad.com\/wp-content\/uploads\/2025\/03\/FooterCTA.jpg 1505w, https:\/\/eu.motorad.com\/wp-content\/uploads\/2025\/03\/FooterCTA-300x61.jpg 300w, https:\/\/eu.motorad.com\/wp-content\/uploads\/2025\/03\/FooterCTA-1024x208.jpg 1024w, https:\/\/eu.motorad.com\/wp-content\/uploads\/2025\/03\/FooterCTA-768x156.jpg 768w\" sizes=\"auto, (max-width: 1505px) 100vw, 1505px\" \/><div class=\"wp-block-cover__inner-container is-layout-flow wp-block-cover-is-layout-flow\">\n<div class=\"wp-block-columns are-vertically-aligned-center is-layout-flex wp-container-core-columns-is-layout-cbe57604 wp-block-columns-is-layout-flex\">\n<div class=\"wp-block-column is-vertically-aligned-center is-layout-flow wp-block-column-is-layout-flow\" style=\"flex-basis:45%\">\n<h2 class=\"wp-block-heading has-text-align-center has-palette-text-color has-text-color\" id=\"h-need-help-finding-the-right-product\" style=\"margin-bottom:var(--wp--preset--spacing--40)\">Vous avez besoin d&rsquo;aide pour trouver le bon produit ?<\/h2>\n\n\n\n<p class=\"has-text-align-center has-palette-text-color has-text-color\" style=\"margin-bottom:var(--wp--preset--spacing--50)\">Notre \u00e9quipe d\u00e9vou\u00e9e est l\u00e0 pour vous orienter dans la bonne direction. Cliquez ci-dessous et dites-nous comment nous pouvons vous aider \u00e0 trouver le produit id\u00e9al pour vos besoins. Votre voyage vers une meilleure exp\u00e9rience commence ici.  <\/p>\n\n\n\n<div class=\"wp-block-buttons is-content-justification-center is-layout-flex wp-container-core-buttons-is-layout-a89b3969 wp-block-buttons-is-layout-flex\">\n<div class=\"wp-block-button\"><a class=\"wp-block-button__link has-text-align-center wp-element-button\" href=\"https:\/\/eu.motorad.com\/contact\/need-help-finding-something\/\">Parlez \u00e0 un sp\u00e9cialiste MotoRad<\/a><\/div>\n<\/div>\n<\/div>\n\n\n\n<div class=\"wp-block-column is-layout-flow wp-block-column-is-layout-flow\" style=\"flex-basis:10%\"><\/div>\n\n\n\n<div class=\"wp-block-column is-layout-flow wp-block-column-is-layout-flow\" style=\"flex-basis:45%\">\n<h2 class=\"wp-block-heading has-text-align-center has-palette-text-color has-text-color\" id=\"h-looking-for-custom-development\" style=\"margin-bottom:var(--wp--preset--spacing--40)\">Vous cherchez un d\u00e9veloppement sur mesure ?<\/h2>\n\n\n\n<p class=\"has-text-align-center has-palette-text-color has-text-color\" style=\"margin-bottom:var(--wp--preset--spacing--50)\">Nous ne nous contentons pas de proposer des produits ; nous \u00e9laborons des solutions sur mesure qui r\u00e9pondent \u00e0 vos besoins. \u00cates-vous pr\u00eat \u00e0 donner vie \u00e0 votre nouveau projet ? Cliquez ci-dessous, et embarquons ensemble pour le d\u00e9veloppement de produits sur mesure.  <\/p>\n\n\n\n<div class=\"wp-block-buttons is-content-justification-center is-layout-flex wp-container-core-buttons-is-layout-a89b3969 wp-block-buttons-is-layout-flex\">\n<div class=\"wp-block-button is-style-fill\"><a class=\"wp-block-button__link has-palette-bg-color has-palette-text-background-color has-text-color has-background has-text-align-center wp-element-button\" href=\"https:\/\/eu.motorad.com\/contact\/do-you-need-custom-development\/\">Nous voulons \u00eatre votre fournisseur<\/a><\/div>\n<\/div>\n<\/div>\n<\/div>\n<\/div><\/div>\n","protected":false},"excerpt":{"rendered":"<p>Notre promesse : qualit\u00e9 et excellence in\u00e9branlables Chez MotoRad, nous sommes motiv\u00e9s par un engagement inlassable envers la qualit\u00e9, la [&#8230;]<\/p>\n","protected":false},"author":1,"featured_media":0,"parent":5995,"menu_order":0,"comment_status":"closed","ping_status":"closed","template":"","meta":{"_acf_changed":false,"footnotes":""},"class_list":["post-6779","page","type-page","status-publish","hentry"],"acf":[],"yoast_head":"<!-- This site is optimized with the Yoast SEO Premium plugin v27.2 (Yoast SEO v27.2) - https:\/\/yoast.com\/product\/yoast-seo-premium-wordpress\/ -->\n<title>Certificats - MotoRad<\/title>\n<meta name=\"description\" content=\"Les certifications de MotoRad, validant notre engagement in\u00e9branlable envers les normes de qualit\u00e9 internationales et les meilleures pratiques dans l&#039;industrie automobile. D\u00e9couvrez les normes \u00e9lev\u00e9es que nous respectons dans tous les aspects de notre activit\u00e9.\" \/>\n<meta name=\"robots\" content=\"index, follow, max-snippet:-1, max-image-preview:large, max-video-preview:-1\" \/>\n<link rel=\"canonical\" href=\"https:\/\/eu.motorad.com\/fr\/ressources\/certificats\/\" \/>\n<meta property=\"og:locale\" content=\"fr_FR\" \/>\n<meta property=\"og:type\" content=\"article\" \/>\n<meta property=\"og:title\" content=\"Certificats\" \/>\n<meta property=\"og:description\" content=\"Les certifications de MotoRad, validant notre engagement in\u00e9branlable envers les normes de qualit\u00e9 internationales et les meilleures pratiques dans l&#039;industrie automobile. D\u00e9couvrez les normes \u00e9lev\u00e9es que nous respectons dans tous les aspects de notre activit\u00e9.\" \/>\n<meta property=\"og:url\" content=\"https:\/\/eu.motorad.com\/fr\/ressources\/certificats\/\" \/>\n<meta property=\"og:site_name\" content=\"MotoRad\" \/>\n<meta property=\"article:modified_time\" content=\"2025-06-30T18:29:16+00:00\" \/>\n<meta property=\"og:image\" content=\"https:\/\/eu.motorad.com\/wp-content\/uploads\/2025\/04\/Road_into_Light_2-scaled-1.jpg\" \/>\n\t<meta property=\"og:image:width\" content=\"1920\" \/>\n\t<meta property=\"og:image:height\" content=\"1280\" \/>\n\t<meta property=\"og:image:type\" content=\"image\/jpeg\" \/>\n<meta name=\"twitter:card\" content=\"summary_large_image\" \/>\n<meta name=\"twitter:label1\" content=\"Est. reading time\" \/>\n\t<meta name=\"twitter:data1\" content=\"2 minutes\" \/>\n<script type=\"application\/ld+json\" class=\"yoast-schema-graph\">{\"@context\":\"https:\/\/schema.org\",\"@graph\":[{\"@type\":\"WebPage\",\"@id\":\"https:\/\/eu.motorad.com\/fr\/ressources\/certificats\/\",\"url\":\"https:\/\/eu.motorad.com\/fr\/ressources\/certificats\/\",\"name\":\"Certificats - MotoRad\",\"isPartOf\":{\"@id\":\"https:\/\/eu.motorad.com\/fr\/#website\"},\"primaryImageOfPage\":{\"@id\":\"https:\/\/eu.motorad.com\/fr\/ressources\/certificats\/#primaryimage\"},\"image\":{\"@id\":\"https:\/\/eu.motorad.com\/fr\/ressources\/certificats\/#primaryimage\"},\"thumbnailUrl\":\"https:\/\/eu.motorad.com\/wp-content\/uploads\/2025\/04\/Road_into_Light_2-scaled-1.jpg\",\"datePublished\":\"2025-04-03T14:52:36+00:00\",\"dateModified\":\"2025-06-30T18:29:16+00:00\",\"description\":\"Les certifications de MotoRad, validant notre engagement in\u00e9branlable envers les normes de qualit\u00e9 internationales et les meilleures pratiques dans l'industrie automobile. D\u00e9couvrez les normes \u00e9lev\u00e9es que nous respectons dans tous les aspects de notre activit\u00e9.\",\"breadcrumb\":{\"@id\":\"https:\/\/eu.motorad.com\/fr\/ressources\/certificats\/#breadcrumb\"},\"inLanguage\":\"fr-FR\",\"potentialAction\":[{\"@type\":\"ReadAction\",\"target\":[\"https:\/\/eu.motorad.com\/fr\/ressources\/certificats\/\"]}]},{\"@type\":\"ImageObject\",\"inLanguage\":\"fr-FR\",\"@id\":\"https:\/\/eu.motorad.com\/fr\/ressources\/certificats\/#primaryimage\",\"url\":\"https:\/\/eu.motorad.com\/wp-content\/uploads\/2025\/04\/Road_into_Light_2-scaled-1.jpg\",\"contentUrl\":\"https:\/\/eu.motorad.com\/wp-content\/uploads\/2025\/04\/Road_into_Light_2-scaled-1.jpg\"},{\"@type\":\"BreadcrumbList\",\"@id\":\"https:\/\/eu.motorad.com\/fr\/ressources\/certificats\/#breadcrumb\",\"itemListElement\":[{\"@type\":\"ListItem\",\"position\":1,\"name\":\"Home\",\"item\":\"https:\/\/motoradnew.test\/fr\/page-daccueil\/\"},{\"@type\":\"ListItem\",\"position\":2,\"name\":\"Ressources\",\"item\":\"https:\/\/motoradnew.test\/ressources\/\"},{\"@type\":\"ListItem\",\"position\":3,\"name\":\"Certificats\"}]},{\"@type\":\"WebSite\",\"@id\":\"https:\/\/eu.motorad.com\/fr\/#website\",\"url\":\"https:\/\/eu.motorad.com\/fr\/\",\"name\":\"MotoRad\",\"description\":\"Trusted to Deliver Better - Thermal Management, Emissions, Powertrain Controls\",\"potentialAction\":[{\"@type\":\"SearchAction\",\"target\":{\"@type\":\"EntryPoint\",\"urlTemplate\":\"https:\/\/eu.motorad.com\/fr\/?s={search_term_string}\"},\"query-input\":{\"@type\":\"PropertyValueSpecification\",\"valueRequired\":true,\"valueName\":\"search_term_string\"}}],\"inLanguage\":\"fr-FR\"}]}<\/script>\n<!-- \/ Yoast SEO Premium plugin. -->","yoast_head_json":{"title":"Certificats - MotoRad","description":"Les certifications de MotoRad, validant notre engagement in\u00e9branlable envers les normes de qualit\u00e9 internationales et les meilleures pratiques dans l'industrie automobile. D\u00e9couvrez les normes \u00e9lev\u00e9es que nous respectons dans tous les aspects de notre activit\u00e9.","robots":{"index":"index","follow":"follow","max-snippet":"max-snippet:-1","max-image-preview":"max-image-preview:large","max-video-preview":"max-video-preview:-1"},"canonical":"https:\/\/eu.motorad.com\/fr\/ressources\/certificats\/","og_locale":"fr_FR","og_type":"article","og_title":"Certificats","og_description":"Les certifications de MotoRad, validant notre engagement in\u00e9branlable envers les normes de qualit\u00e9 internationales et les meilleures pratiques dans l'industrie automobile. D\u00e9couvrez les normes \u00e9lev\u00e9es que nous respectons dans tous les aspects de notre activit\u00e9.","og_url":"https:\/\/eu.motorad.com\/fr\/ressources\/certificats\/","og_site_name":"MotoRad","article_modified_time":"2025-06-30T18:29:16+00:00","og_image":[{"width":1920,"height":1280,"url":"https:\/\/eu.motorad.com\/wp-content\/uploads\/2025\/04\/Road_into_Light_2-scaled-1.jpg","type":"image\/jpeg"}],"twitter_card":"summary_large_image","twitter_misc":{"Est. reading time":"2 minutes"},"schema":{"@context":"https:\/\/schema.org","@graph":[{"@type":"WebPage","@id":"https:\/\/eu.motorad.com\/fr\/ressources\/certificats\/","url":"https:\/\/eu.motorad.com\/fr\/ressources\/certificats\/","name":"Certificats - MotoRad","isPartOf":{"@id":"https:\/\/eu.motorad.com\/fr\/#website"},"primaryImageOfPage":{"@id":"https:\/\/eu.motorad.com\/fr\/ressources\/certificats\/#primaryimage"},"image":{"@id":"https:\/\/eu.motorad.com\/fr\/ressources\/certificats\/#primaryimage"},"thumbnailUrl":"https:\/\/eu.motorad.com\/wp-content\/uploads\/2025\/04\/Road_into_Light_2-scaled-1.jpg","datePublished":"2025-04-03T14:52:36+00:00","dateModified":"2025-06-30T18:29:16+00:00","description":"Les certifications de MotoRad, validant notre engagement in\u00e9branlable envers les normes de qualit\u00e9 internationales et les meilleures pratiques dans l'industrie automobile. D\u00e9couvrez les normes \u00e9lev\u00e9es que nous respectons dans tous les aspects de notre activit\u00e9.","breadcrumb":{"@id":"https:\/\/eu.motorad.com\/fr\/ressources\/certificats\/#breadcrumb"},"inLanguage":"fr-FR","potentialAction":[{"@type":"ReadAction","target":["https:\/\/eu.motorad.com\/fr\/ressources\/certificats\/"]}]},{"@type":"ImageObject","inLanguage":"fr-FR","@id":"https:\/\/eu.motorad.com\/fr\/ressources\/certificats\/#primaryimage","url":"https:\/\/eu.motorad.com\/wp-content\/uploads\/2025\/04\/Road_into_Light_2-scaled-1.jpg","contentUrl":"https:\/\/eu.motorad.com\/wp-content\/uploads\/2025\/04\/Road_into_Light_2-scaled-1.jpg"},{"@type":"BreadcrumbList","@id":"https:\/\/eu.motorad.com\/fr\/ressources\/certificats\/#breadcrumb","itemListElement":[{"@type":"ListItem","position":1,"name":"Home","item":"https:\/\/motoradnew.test\/fr\/page-daccueil\/"},{"@type":"ListItem","position":2,"name":"Ressources","item":"https:\/\/motoradnew.test\/ressources\/"},{"@type":"ListItem","position":3,"name":"Certificats"}]},{"@type":"WebSite","@id":"https:\/\/eu.motorad.com\/fr\/#website","url":"https:\/\/eu.motorad.com\/fr\/","name":"MotoRad","description":"Trusted to Deliver Better - Thermal Management, Emissions, Powertrain Controls","potentialAction":[{"@type":"SearchAction","target":{"@type":"EntryPoint","urlTemplate":"https:\/\/eu.motorad.com\/fr\/?s={search_term_string}"},"query-input":{"@type":"PropertyValueSpecification","valueRequired":true,"valueName":"search_term_string"}}],"inLanguage":"fr-FR"}]}},"_links":{"self":[{"href":"https:\/\/eu.motorad.com\/fr\/wp-json\/wp\/v2\/pages\/6779","targetHints":{"allow":["GET"]}}],"collection":[{"href":"https:\/\/eu.motorad.com\/fr\/wp-json\/wp\/v2\/pages"}],"about":[{"href":"https:\/\/eu.motorad.com\/fr\/wp-json\/wp\/v2\/types\/page"}],"author":[{"embeddable":true,"href":"https:\/\/eu.motorad.com\/fr\/wp-json\/wp\/v2\/users\/1"}],"replies":[{"embeddable":true,"href":"https:\/\/eu.motorad.com\/fr\/wp-json\/wp\/v2\/comments?post=6779"}],"version-history":[{"count":1,"href":"https:\/\/eu.motorad.com\/fr\/wp-json\/wp\/v2\/pages\/6779\/revisions"}],"predecessor-version":[{"id":6780,"href":"https:\/\/eu.motorad.com\/fr\/wp-json\/wp\/v2\/pages\/6779\/revisions\/6780"}],"up":[{"embeddable":true,"href":"https:\/\/eu.motorad.com\/fr\/wp-json\/wp\/v2\/pages\/5995"}],"wp:attachment":[{"href":"https:\/\/eu.motorad.com\/fr\/wp-json\/wp\/v2\/media?parent=6779"}],"curies":[{"name":"wp","href":"https:\/\/api.w.org\/{rel}","templated":true}]}}