{"id":87855,"date":"2026-01-15T21:03:52","date_gmt":"2026-01-15T21:03:52","guid":{"rendered":"https:\/\/eu.motorad.com\/instructions-de-securite-et-dinstallation\/"},"modified":"2026-03-17T16:15:30","modified_gmt":"2026-03-17T16:15:30","slug":"instructions-de-securite-et-dinstallation","status":"publish","type":"page","link":"https:\/\/eu.motorad.com\/fr\/instructions-de-securite-et-dinstallation\/","title":{"rendered":"Instructions de s\u00e9curit\u00e9 et d&rsquo;installation"},"content":{"rendered":"\n<div class=\"wp-block-cover alignfull is-light\" style=\"min-height:350px;aspect-ratio:unset;\"><img decoding=\"async\" class=\"wp-block-cover__image-background wp-image-86608 size-full\" alt=\"\" src=\"https:\/\/motorad.com\/wp-content\/uploads\/safety.jpg\" data-object-fit=\"cover\"\/><span aria-hidden=\"true\" class=\"wp-block-cover__background has-background-dim-0 has-background-dim\" style=\"background-color:#f6d81c\"><\/span><div class=\"wp-block-cover__inner-container is-layout-flow wp-block-cover-is-layout-flow\">\n<h1 class=\"wp-block-heading\" id=\"h-safety-instructions\">S\u00e9curit\u00e9<br\/>Instructions<\/h1>\n<\/div><\/div>\n\n<p style=\"margin-top:var(--wp--preset--spacing--50);margin-right:0;margin-bottom:var(--wp--preset--spacing--50);margin-left:0\">Les instructions de s\u00e9curit\u00e9 et d&rsquo;installation MotoRad sont destin\u00e9es aux techniciens professionnels et aux propri\u00e9taires de v\u00e9hicules avertis. Lisez toujours l&rsquo;int\u00e9gralit\u00e9 de la fiche d&rsquo;instructions avant de commencer le travail. Utilisez l&rsquo;\u00e9quipement de protection individuelle appropri\u00e9, suivez tous les avertissements et respectez les r\u00e9glementations locales. Les documents ci-dessous sont les versions les plus r\u00e9centes ; les emballages et les t\u00e9l\u00e9chargements plus anciens peuvent contenir des r\u00e9visions ant\u00e9rieures. En cas de conflit, la version en ligne fait foi    <\/p>\n\n<ul id=\"mr-safety-list\" class=\"wp-block-list\">\n<li><a href=\"https:\/\/images.motorad.com\/MotoRad-stills\/93-20301-0001_MotoRad_Temperature_Sensors_Safety_Instructions.pdf\" target=\"_blank\" rel=\"noreferrer noopener\">Capteurs de temp\u00e9rature &#8211; Instructions de s\u00e9curit\u00e9<\/a><\/li>\n\n\n\n<li><a href=\"https:\/\/images.motorad.com\/MotoRad-stills\/93-30501-0001_MotoRad_Fuel_and_Tethered_Fuel_Caps_Safety_Instructions.pdf\" target=\"_blank\" rel=\"noreferrer noopener\">Bouchons de carburant et bouchons d&rsquo;attache &#8211; Instructions de s\u00e9curit\u00e9  <\/a><\/li>\n\n\n\n<li><a href=\"https:\/\/images.motorad.com\/MotoRad-stills\/93-30201-0001_MotoRad_Coolant_and_Oil_Caps_Safety_Instructions.pdf\" target=\"_blank\" rel=\"noreferrer noopener\">Bouchons de liquide de refroidissement et d&rsquo;huile &#8211; Consignes de s\u00e9curit\u00e9<\/a><\/li>\n\n\n\n<li><a href=\"https:\/\/images.motorad.com\/MotoRad-stills\/93-30801-0001_MotoRad_Leak_Detection_Pumps_and_Coolant_System_Tester_Safety_Instructions.pdf\" target=\"_blank\" rel=\"noreferrer noopener\">Pompes de d\u00e9tection de fuites et testeur de syst\u00e8me de refroidissement &#8211; Instructions de s\u00e9curit\u00e9  <\/a><\/li>\n\n\n\n<li><a href=\"https:\/\/images.motorad.com\/MotoRad-stills\/93-30901-0001_MotoRad_EVAP_Components_Safety_Instructions.pdf\" target=\"_blank\" rel=\"noreferrer noopener\">Composants EVAP &#8211; Consignes de s\u00e9curit\u00e9  <\/a><\/li>\n\n\n\n<li><a href=\"https:\/\/images.motorad.com\/MotoRad-stills\/93-20501-0001_MotoRad_Mass_Air_Flow_MAF_Sensors_Safety_Instructions.pdf\" target=\"_blank\" rel=\"noreferrer noopener\">Capteurs de d\u00e9bit d&rsquo;air massique (MAF) &#8211; Instructions de s\u00e9curit\u00e9  <\/a><\/li>\n\n\n\n<li><a href=\"https:\/\/images.motorad.com\/MotoRad-stills\/93-20701-0001_MotoRad_Position_Sensors_Safety_Instructions.pdf\" target=\"_blank\" rel=\"noreferrer noopener\">Capteurs de position &#8211; Instructions de s\u00e9curit\u00e9  <\/a><\/li>\n\n\n\n<li><a href=\"https:\/\/images.motorad.com\/MotoRad-stills\/93-20401-0001_MotoRad_VVT_Solenoids_Safety_Instructions.pdf\" target=\"_blank\" rel=\"noreferrer noopener\">Sol\u00e9no\u00efdes VVT &#8211; Consignes de s\u00e9curit\u00e9  <\/a><\/li>\n\n\n\n<li><a href=\"https:\/\/images.motorad.com\/MotoRad-stills\/93-20602-0001_MotoRad_Ignition_Coils_Safety_Instructions.pdf\" target=\"_blank\" rel=\"noreferrer noopener\">Bobines d&rsquo;allumage &#8211; Consignes de s\u00e9curit\u00e9  <\/a><\/li>\n\n\n\n<li><a href=\"https:\/\/images.motorad.com\/MotoRad-stills\/93-10701-0001_MotoRad_Thermostats_Safety_Instructions.pdf\" target=\"_blank\" rel=\"noreferrer noopener\">Thermostats &#8211; Instructions de s\u00e9curit\u00e9<\/a><\/li>\n<\/ul>\n\n<p style=\"margin-top:var(--wp--preset--spacing--50);margin-right:0;margin-bottom:var(--wp--preset--spacing--50);margin-left:0\">Pour obtenir une assistance technique ou signaler un probl\u00e8me de s\u00e9curit\u00e9, contactez <a href=\"mailto:info@motorad.com\">MotoRad<\/a>.<\/p>\n","protected":false},"excerpt":{"rendered":"<p>Les instructions de s\u00e9curit\u00e9 et d&rsquo;installation MotoRad sont destin\u00e9es aux techniciens professionnels et aux propri\u00e9taires de v\u00e9hicules avertis. Lisez toujours [&#8230;]<\/p>\n","protected":false},"author":2,"featured_media":0,"parent":0,"menu_order":0,"comment_status":"closed","ping_status":"closed","template":"","meta":{"_acf_changed":false,"footnotes":""},"class_list":["post-87855","page","type-page","status-publish","hentry"],"acf":[],"yoast_head":"<!-- This site is optimized with the Yoast SEO Premium plugin v27.2 (Yoast SEO v27.5) - https:\/\/yoast.com\/product\/yoast-seo-premium-wordpress\/ -->\n<title>Instructions de s\u00e9curit\u00e9 et d&#039;installation - MotoRad<\/title>\n<meta name=\"description\" content=\"MotoRad - Instructions de s\u00e9curit\u00e9 et d&#039;installation %\" \/>\n<meta name=\"robots\" content=\"index, follow, max-snippet:-1, max-image-preview:large, max-video-preview:-1\" \/>\n<link rel=\"canonical\" href=\"https:\/\/eu.motorad.com\/fr\/instructions-de-securite-et-dinstallation\/\" \/>\n<meta property=\"og:locale\" content=\"fr_FR\" \/>\n<meta property=\"og:type\" content=\"article\" \/>\n<meta property=\"og:title\" content=\"Instructions de s\u00e9curit\u00e9 et d&#039;installation\" \/>\n<meta property=\"og:description\" content=\"MotoRad - Instructions de s\u00e9curit\u00e9 et d&#039;installation %\" \/>\n<meta property=\"og:url\" content=\"https:\/\/eu.motorad.com\/fr\/instructions-de-securite-et-dinstallation\/\" \/>\n<meta property=\"og:site_name\" content=\"MotoRad\" \/>\n<meta property=\"article:modified_time\" content=\"2026-03-17T16:15:30+00:00\" \/>\n<meta name=\"twitter:card\" content=\"summary_large_image\" \/>\n<meta name=\"twitter:label1\" content=\"Est. reading time\" \/>\n\t<meta name=\"twitter:data1\" content=\"1 minute\" \/>\n<script type=\"application\/ld+json\" class=\"yoast-schema-graph\">{\"@context\":\"https:\\\/\\\/schema.org\",\"@graph\":[{\"@type\":\"WebPage\",\"@id\":\"https:\\\/\\\/eu.motorad.com\\\/fr\\\/instructions-de-securite-et-dinstallation\\\/\",\"url\":\"https:\\\/\\\/eu.motorad.com\\\/fr\\\/instructions-de-securite-et-dinstallation\\\/\",\"name\":\"Instructions de s\u00e9curit\u00e9 et d'installation - MotoRad\",\"isPartOf\":{\"@id\":\"https:\\\/\\\/eu.motorad.com\\\/fr\\\/#website\"},\"primaryImageOfPage\":{\"@id\":\"https:\\\/\\\/eu.motorad.com\\\/fr\\\/instructions-de-securite-et-dinstallation\\\/#primaryimage\"},\"image\":{\"@id\":\"https:\\\/\\\/eu.motorad.com\\\/fr\\\/instructions-de-securite-et-dinstallation\\\/#primaryimage\"},\"thumbnailUrl\":\"https:\\\/\\\/motorad.com\\\/wp-content\\\/uploads\\\/safety.jpg\",\"datePublished\":\"2026-01-15T21:03:52+00:00\",\"dateModified\":\"2026-03-17T16:15:30+00:00\",\"description\":\"MotoRad - Instructions de s\u00e9curit\u00e9 et d'installation %\",\"breadcrumb\":{\"@id\":\"https:\\\/\\\/eu.motorad.com\\\/fr\\\/instructions-de-securite-et-dinstallation\\\/#breadcrumb\"},\"inLanguage\":\"fr-FR\",\"potentialAction\":[{\"@type\":\"ReadAction\",\"target\":[\"https:\\\/\\\/eu.motorad.com\\\/fr\\\/instructions-de-securite-et-dinstallation\\\/\"]}]},{\"@type\":\"ImageObject\",\"inLanguage\":\"fr-FR\",\"@id\":\"https:\\\/\\\/eu.motorad.com\\\/fr\\\/instructions-de-securite-et-dinstallation\\\/#primaryimage\",\"url\":\"https:\\\/\\\/motorad.com\\\/wp-content\\\/uploads\\\/safety.jpg\",\"contentUrl\":\"https:\\\/\\\/motorad.com\\\/wp-content\\\/uploads\\\/safety.jpg\"},{\"@type\":\"BreadcrumbList\",\"@id\":\"https:\\\/\\\/eu.motorad.com\\\/fr\\\/instructions-de-securite-et-dinstallation\\\/#breadcrumb\",\"itemListElement\":[{\"@type\":\"ListItem\",\"position\":1,\"name\":\"Home\",\"item\":\"https:\\\/\\\/motoradnew.test\\\/fr\\\/page-daccueil\\\/\"},{\"@type\":\"ListItem\",\"position\":2,\"name\":\"Instructions de s\u00e9curit\u00e9 et d&#8217;installation\"}]},{\"@type\":\"WebSite\",\"@id\":\"https:\\\/\\\/eu.motorad.com\\\/fr\\\/#website\",\"url\":\"https:\\\/\\\/eu.motorad.com\\\/fr\\\/\",\"name\":\"MotoRad\",\"description\":\"Trusted to Deliver Better - Thermal Management, Emissions, Powertrain Controls\",\"potentialAction\":[{\"@type\":\"SearchAction\",\"target\":{\"@type\":\"EntryPoint\",\"urlTemplate\":\"https:\\\/\\\/eu.motorad.com\\\/fr\\\/?s={search_term_string}\"},\"query-input\":{\"@type\":\"PropertyValueSpecification\",\"valueRequired\":true,\"valueName\":\"search_term_string\"}}],\"inLanguage\":\"fr-FR\"}]}<\/script>\n<!-- \/ Yoast SEO Premium plugin. -->","yoast_head_json":{"title":"Instructions de s\u00e9curit\u00e9 et d'installation - MotoRad","description":"MotoRad - Instructions de s\u00e9curit\u00e9 et d'installation %","robots":{"index":"index","follow":"follow","max-snippet":"max-snippet:-1","max-image-preview":"max-image-preview:large","max-video-preview":"max-video-preview:-1"},"canonical":"https:\/\/eu.motorad.com\/fr\/instructions-de-securite-et-dinstallation\/","og_locale":"fr_FR","og_type":"article","og_title":"Instructions de s\u00e9curit\u00e9 et d'installation","og_description":"MotoRad - Instructions de s\u00e9curit\u00e9 et d'installation %","og_url":"https:\/\/eu.motorad.com\/fr\/instructions-de-securite-et-dinstallation\/","og_site_name":"MotoRad","article_modified_time":"2026-03-17T16:15:30+00:00","twitter_card":"summary_large_image","twitter_misc":{"Est. reading time":"1 minute"},"schema":{"@context":"https:\/\/schema.org","@graph":[{"@type":"WebPage","@id":"https:\/\/eu.motorad.com\/fr\/instructions-de-securite-et-dinstallation\/","url":"https:\/\/eu.motorad.com\/fr\/instructions-de-securite-et-dinstallation\/","name":"Instructions de s\u00e9curit\u00e9 et d'installation - MotoRad","isPartOf":{"@id":"https:\/\/eu.motorad.com\/fr\/#website"},"primaryImageOfPage":{"@id":"https:\/\/eu.motorad.com\/fr\/instructions-de-securite-et-dinstallation\/#primaryimage"},"image":{"@id":"https:\/\/eu.motorad.com\/fr\/instructions-de-securite-et-dinstallation\/#primaryimage"},"thumbnailUrl":"https:\/\/motorad.com\/wp-content\/uploads\/safety.jpg","datePublished":"2026-01-15T21:03:52+00:00","dateModified":"2026-03-17T16:15:30+00:00","description":"MotoRad - Instructions de s\u00e9curit\u00e9 et d'installation %","breadcrumb":{"@id":"https:\/\/eu.motorad.com\/fr\/instructions-de-securite-et-dinstallation\/#breadcrumb"},"inLanguage":"fr-FR","potentialAction":[{"@type":"ReadAction","target":["https:\/\/eu.motorad.com\/fr\/instructions-de-securite-et-dinstallation\/"]}]},{"@type":"ImageObject","inLanguage":"fr-FR","@id":"https:\/\/eu.motorad.com\/fr\/instructions-de-securite-et-dinstallation\/#primaryimage","url":"https:\/\/motorad.com\/wp-content\/uploads\/safety.jpg","contentUrl":"https:\/\/motorad.com\/wp-content\/uploads\/safety.jpg"},{"@type":"BreadcrumbList","@id":"https:\/\/eu.motorad.com\/fr\/instructions-de-securite-et-dinstallation\/#breadcrumb","itemListElement":[{"@type":"ListItem","position":1,"name":"Home","item":"https:\/\/motoradnew.test\/fr\/page-daccueil\/"},{"@type":"ListItem","position":2,"name":"Instructions de s\u00e9curit\u00e9 et d&#8217;installation"}]},{"@type":"WebSite","@id":"https:\/\/eu.motorad.com\/fr\/#website","url":"https:\/\/eu.motorad.com\/fr\/","name":"MotoRad","description":"Trusted to Deliver Better - Thermal Management, Emissions, Powertrain Controls","potentialAction":[{"@type":"SearchAction","target":{"@type":"EntryPoint","urlTemplate":"https:\/\/eu.motorad.com\/fr\/?s={search_term_string}"},"query-input":{"@type":"PropertyValueSpecification","valueRequired":true,"valueName":"search_term_string"}}],"inLanguage":"fr-FR"}]}},"_links":{"self":[{"href":"https:\/\/eu.motorad.com\/fr\/wp-json\/wp\/v2\/pages\/87855","targetHints":{"allow":["GET"]}}],"collection":[{"href":"https:\/\/eu.motorad.com\/fr\/wp-json\/wp\/v2\/pages"}],"about":[{"href":"https:\/\/eu.motorad.com\/fr\/wp-json\/wp\/v2\/types\/page"}],"author":[{"embeddable":true,"href":"https:\/\/eu.motorad.com\/fr\/wp-json\/wp\/v2\/users\/2"}],"replies":[{"embeddable":true,"href":"https:\/\/eu.motorad.com\/fr\/wp-json\/wp\/v2\/comments?post=87855"}],"version-history":[{"count":1,"href":"https:\/\/eu.motorad.com\/fr\/wp-json\/wp\/v2\/pages\/87855\/revisions"}],"predecessor-version":[{"id":87861,"href":"https:\/\/eu.motorad.com\/fr\/wp-json\/wp\/v2\/pages\/87855\/revisions\/87861"}],"wp:attachment":[{"href":"https:\/\/eu.motorad.com\/fr\/wp-json\/wp\/v2\/media?parent=87855"}],"curies":[{"name":"wp","href":"https:\/\/api.w.org\/{rel}","templated":true}]}}