{"id":5581,"date":"2025-03-12T11:34:14","date_gmt":"2025-03-12T11:34:14","guid":{"rendered":"https:\/\/eu.motorad.com\/2024-paace\/"},"modified":"2025-06-30T18:26:49","modified_gmt":"2025-06-30T18:26:49","slug":"2024-paace","status":"publish","type":"page","link":"https:\/\/eu.motorad.com\/pl\/2024-paace\/","title":{"rendered":"2024 PAACE"},"content":{"rendered":"\n<figure class=\"wp-block-image size-large\"><img loading=\"lazy\" decoding=\"async\" width=\"1024\" height=\"571\" src=\"https:\/\/eu.motorad.com\/wp-content\/uploads\/2025\/03\/show-1024x571.jpg\" alt=\"\" class=\"wp-image-215\" srcset=\"https:\/\/eu.motorad.com\/wp-content\/uploads\/2025\/03\/show-1024x571.jpg 1024w, https:\/\/eu.motorad.com\/wp-content\/uploads\/2025\/03\/show-300x167.jpg 300w, https:\/\/eu.motorad.com\/wp-content\/uploads\/2025\/03\/show-768x428.jpg 768w, https:\/\/eu.motorad.com\/wp-content\/uploads\/2025\/03\/show-1536x857.jpg 1536w, https:\/\/eu.motorad.com\/wp-content\/uploads\/2025\/03\/show.jpg 1800w\" sizes=\"auto, (max-width: 1024px) 100vw, 1024px\" \/><\/figure>\n\n<div class=\"wp-block-columns is-layout-flex wp-container-core-columns-is-layout-8351d469 wp-block-columns-is-layout-flex\" style=\"margin-bottom:var(--wp--preset--spacing--50)\">\n<div class=\"wp-block-column is-layout-flow wp-block-column-is-layout-flow\">\n<figure class=\"wp-block-image size-full\"><img loading=\"lazy\" decoding=\"async\" width=\"150\" height=\"150\" src=\"https:\/\/eu.motorad.com\/wp-content\/uploads\/2025\/03\/web-menu-icons-therm-1.webp\" alt=\"\" class=\"wp-image-216\"\/><\/figure>\n\n\n\n<h4 class=\"wp-block-heading\"><strong><em><a href=\"https:\/\/eu.motorad.com\/pl\/termostaty\/\">Termostaty<\/a><\/em><\/strong><\/h4>\n\n\n\n<ul class=\"wp-block-list\">\n<li><a href=\"https:\/\/eu.motorad.com\/pl\/termostaty\/termostaty-samochodowe\/\">Termostaty samochodowe<\/a><\/li>\n\n\n\n<li><a href=\"https:\/\/eu.motorad.com\/products\/thermostats\/fail-safe-thermostats\/\">Termostaty Fail-Safe<\/a><\/li>\n\n\n\n<li><a href=\"https:\/\/eu.motorad.com\/products\/thermostats\/ultrastat-thermostats\/\">Termostaty UltraStat<\/a><\/li>\n\n\n\n<li><a href=\"https:\/\/eu.motorad.com\/pl\/termostaty\/obudowy-chlodziwa-motorad\/\">Obudowa ch\u0142odziwa<\/a><\/li>\n\n\n\n<li><a href=\"https:\/\/eu.motorad.com\/pl\/termostaty\/zintegrowane-termostaty-obudowy-motorad\/\">Zintegrowane termostaty w obudowie<\/a><\/li>\n<\/ul>\n<\/div>\n\n\n\n<div class=\"wp-block-column is-layout-flow wp-block-column-is-layout-flow\">\n<figure class=\"wp-block-image size-full\"><img loading=\"lazy\" decoding=\"async\" width=\"150\" height=\"150\" src=\"https:\/\/eu.motorad.com\/wp-content\/uploads\/2025\/03\/web-menu-icons-em-1.webp\" alt=\"\" class=\"wp-image-217\"\/><\/figure>\n\n\n\n<h4 class=\"wp-block-heading\"><strong><em><a href=\"https:\/\/eu.motorad.com\/pl\/elementy-sterujace-ukladu-napedowego\/\">Nowe technologie<\/a><\/em><\/strong><\/h4>\n\n\n\n<ul class=\"wp-block-list\">\n<li><a href=\"https:\/\/eu.motorad.com\/pl\/elementy-sterujace-ukladu-napedowego\/czujniki-stukow\/\">Czujniki stuk\u00f3w<\/a><\/li>\n\n\n\n<li><a href=\"https:\/\/eu.motorad.com\/pl\/elementy-sterujace-ukladu-napedowego\/czujniki-polozenia-przepustnicy\/\">Czujniki po\u0142o\u017cenia przepustnicy<\/a><\/li>\n\n\n\n<li><a href=\"https:\/\/eu.motorad.com\/pl\/elementy-sterujace-ukladu-napedowego\/czujniki-nadajniki-temperatury-plynu-chlodzacego\/\">Czujniki temperatury p\u0142ynu ch\u0142odz\u0105cego<\/a><\/li>\n\n\n\n<li><a href=\"https:\/\/eu.motorad.com\/pl\/elementy-sterujace-ukladu-napedowego\/solenoidy-vvt\/\">Solenoidy VVT<\/a><\/li>\n\n\n\n<li><a href=\"https:\/\/eu.motorad.com\/pl\/elementy-sterujace-ukladu-napedowego\/czujniki-przeplywu-powietrza\/\">Czujniki masowego przep\u0142ywu powietrza MAF<\/a><\/li>\n\n\n\n<li><a href=\"https:\/\/eu.motorad.com\/pl\/elementy-sterujace-ukladu-napedowego\/cewki-zaplonowe\/\">Cewki zap\u0142onowe<\/a><\/li>\n\n\n\n<li><a href=\"https:\/\/eu.motorad.com\/pl\/elementy-sterujace-ukladu-napedowego\/czujniki-krzywki-korby\/\">Czujniki krzywkowe\/korbowe<\/a><\/li>\n<\/ul>\n<\/div>\n\n\n\n<div class=\"wp-block-column is-layout-flow wp-block-column-is-layout-flow\">\n<figure class=\"wp-block-image size-full\"><img loading=\"lazy\" decoding=\"async\" width=\"150\" height=\"150\" src=\"https:\/\/eu.motorad.com\/wp-content\/uploads\/2025\/03\/web-menu-icons-cap-1.webp\" alt=\"\" class=\"wp-image-218\"\/><\/figure>\n\n\n\n<h4 class=\"wp-block-heading\"><strong><em><a href=\"https:\/\/eu.motorad.com\/pl\/czapki\/\">Czapki<\/a><\/em><\/strong><\/h4>\n\n\n\n<ul class=\"wp-block-list\">\n<li><a href=\"https:\/\/eu.motorad.com\/pl\/czapki\/korek-paliwa-na-uwiezi\/\">Korek wlewu paliwa na uwi\u0119zi<\/a><\/li>\n\n\n\n<li><a href=\"https:\/\/eu.motorad.com\/pl\/czapki\/korki-chlodziwa\/\">Korki p\u0142ynu ch\u0142odz\u0105cego<\/a><\/li>\n\n\n\n<li><a href=\"https:\/\/eu.motorad.com\/pl\/czapki\/zakretki-oleju\/\">Zakr\u0119tki oleju<\/a><\/li>\n\n\n\n<li><a href=\"https:\/\/eu.motorad.com\/pl\/czapki\/korki-wlewu-paliwa\/\">Korki wlewu paliwa<\/a><\/li>\n\n\n\n<li><a href=\"https:\/\/eu.motorad.com\/pl\/czapki\/def-caps\/\">DEF Caps<\/a><\/li>\n\n\n\n<li><a href=\"https:\/\/eu.motorad.com\/pl\/czapki\/zaslepki-filtra-oleju\/\">Za\u015blepki filtra oleju<\/a><\/li>\n\n\n\n<li><a href=\"https:\/\/eu.motorad.com\/pl\/czapki\/tester-ukladu-chlodzenia\/\">Tester uk\u0142adu ch\u0142odzenia<\/a><\/li>\n<\/ul>\n<\/div>\n<\/div>\n\n<h2 class=\"wp-block-heading\" id=\"h-request-more-information\" style=\"margin-bottom:var(--wp--preset--spacing--50)\">Popro\u015b o wi\u0119cej informacji:<\/h2>\n\n<p style=\"margin-bottom:var(--wp--preset--spacing--50)\">Skontaktuj si\u0119 z naszym zespo\u0142em ekspert\u00f3w, kt\u00f3rzy wnosz\u0105 bogat\u0105 wiedz\u0119 i do\u015bwiadczenie w bran\u017cy motoryzacyjnej, aby om\u00f3wi\u0107, w jaki spos\u00f3b produkty MotoRad mog\u0105 zaspokoi\u0107 Twoje specyficzne potrzeby i pom\u00f3c Ci pozosta\u0107 na czele szybko rozwijaj\u0105cego si\u0119 rynku motoryzacyjnego.<\/p>\n\n<ul style=\"margin-bottom:var(--wp--preset--spacing--60)\" class=\"wp-block-list\">\n<li><strong>B\u0105d\u017a na bie\u017c\u0105co<\/strong>: Uzyskaj cenny wgl\u0105d w najnowsze osi\u0105gni\u0119cia w technologii motoryzacyjnej.<\/li>\n\n\n\n<li><strong>Do\u015bwiadcz innowacji<\/strong>: Zobacz na w\u0142asne oczy, jak MotoRad przesuwa granice in\u017cynierii motoryzacyjnej.<\/li>\n<\/ul>\n\n<div class=\"wp-block-group is-layout-constrained wp-block-group-is-layout-constrained\" style=\"padding-top:var(--wp--preset--spacing--50);padding-bottom:var(--wp--preset--spacing--50)\">\n<iframe loading=\"lazy\" src=\"https:\/\/go.motorad.com\/l\/846063\/2023-08-11\/2g77nr\" width=\"100%\" height=\"650px\" type=\"text\/html\" frameborder=\"0\" allowtransparency=\"true\" style=\"border: 0\"><\/iframe>\n<\/div>\n\n<div class=\"wp-block-cover alignfull is-light\" style=\"padding-top:var(--wp--preset--spacing--60);padding-bottom:var(--wp--preset--spacing--60)\"><span aria-hidden=\"true\" class=\"wp-block-cover__background has-background-dim-0 has-background-dim\" style=\"background-color:#ece5d9\"><\/span><img loading=\"lazy\" decoding=\"async\" width=\"1505\" height=\"305\" class=\"wp-block-cover__image-background wp-image-223\" alt=\"\" src=\"https:\/\/eu.motorad.com\/wp-content\/uploads\/2025\/03\/FooterCTA.jpg\" data-object-fit=\"cover\" srcset=\"https:\/\/eu.motorad.com\/wp-content\/uploads\/2025\/03\/FooterCTA.jpg 1505w, https:\/\/eu.motorad.com\/wp-content\/uploads\/2025\/03\/FooterCTA-300x61.jpg 300w, https:\/\/eu.motorad.com\/wp-content\/uploads\/2025\/03\/FooterCTA-1024x208.jpg 1024w, https:\/\/eu.motorad.com\/wp-content\/uploads\/2025\/03\/FooterCTA-768x156.jpg 768w\" sizes=\"auto, (max-width: 1505px) 100vw, 1505px\" \/><div class=\"wp-block-cover__inner-container is-layout-flow wp-block-cover-is-layout-flow\">\n<div class=\"wp-block-columns are-vertically-aligned-center is-layout-flex wp-container-core-columns-is-layout-cbe57604 wp-block-columns-is-layout-flex\">\n<div class=\"wp-block-column is-vertically-aligned-center is-layout-flow wp-block-column-is-layout-flow\" style=\"flex-basis:45%\">\n<h2 class=\"wp-block-heading has-text-align-center has-palette-text-color has-text-color\" id=\"h-need-help-finding-the-right-product\" style=\"margin-bottom:var(--wp--preset--spacing--40)\">Potrzebujesz pomocy w znalezieniu odpowiedniego produktu?<\/h2>\n\n\n\n<p class=\"has-text-align-center has-palette-text-color has-text-color\" style=\"margin-bottom:var(--wp--preset--spacing--50)\">Nasz oddany zesp\u00f3\u0142 jest tutaj, aby poprowadzi\u0107 Ci\u0119 we w\u0142a\u015bciwym kierunku. Kliknij poni\u017cej i daj nam zna\u0107, jak mo\u017cemy Ci pom\u00f3c w znalezieniu idealnego produktu dla Twoich potrzeb. Twoja podr\u00f3\u017c do do\u015bwiadczania BETTER zaczyna si\u0119 tutaj.  <\/p>\n\n\n\n<div class=\"wp-block-buttons is-content-justification-center is-layout-flex wp-container-core-buttons-is-layout-a89b3969 wp-block-buttons-is-layout-flex\">\n<div class=\"wp-block-button\"><a class=\"wp-block-button__link has-text-align-center wp-element-button\" href=\"https:\/\/eu.motorad.com\/contact\/need-help-finding-something\/\">Porozmawiaj ze specjalist\u0105 MotoRad<\/a><\/div>\n<\/div>\n<\/div>\n\n\n\n<div class=\"wp-block-column is-layout-flow wp-block-column-is-layout-flow\" style=\"flex-basis:10%\"><\/div>\n\n\n\n<div class=\"wp-block-column is-layout-flow wp-block-column-is-layout-flow\" style=\"flex-basis:45%\">\n<h2 class=\"wp-block-heading has-text-align-center has-palette-text-color has-text-color\" id=\"h-looking-for-custom-development\" style=\"margin-bottom:var(--wp--preset--spacing--40)\">Szukasz niestandardowego oprogramowania?<\/h2>\n\n\n\n<p class=\"has-text-align-center has-palette-text-color has-text-color\" style=\"margin-bottom:var(--wp--preset--spacing--50)\">Nie chodzi nam tylko o produkty; tworzymy rozwi\u0105zania dostosowane do Twoich potrzeb. Czy jeste\u015b gotowy, aby o\u017cywi\u0107 sw\u00f3j nowy projekt? Kliknij poni\u017cej i wyruszmy razem w podr\u00f3\u017c tworzenia niestandardowych produkt\u00f3w.  <\/p>\n\n\n\n<div class=\"wp-block-buttons is-content-justification-center is-layout-flex wp-container-core-buttons-is-layout-a89b3969 wp-block-buttons-is-layout-flex\">\n<div class=\"wp-block-button is-style-fill\"><a class=\"wp-block-button__link has-palette-bg-color has-palette-text-background-color has-text-color has-background has-text-align-center wp-element-button\" href=\"https:\/\/eu.motorad.com\/contact\/do-you-need-custom-development\/\">Chcemy by\u0107 Twoim dostawc\u0105<\/a><\/div>\n<\/div>\n<\/div>\n<\/div>\n<\/div><\/div>\n","protected":false},"excerpt":{"rendered":"<p>Termostaty Nowe technologie Czapki Popro\u015b o wi\u0119cej informacji: Skontaktuj si\u0119 z naszym zespo\u0142em ekspert\u00f3w, kt\u00f3rzy wnosz\u0105 bogat\u0105 wiedz\u0119 i do\u015bwiadczenie [&#8230;]<\/p>\n","protected":false},"author":1,"featured_media":0,"parent":0,"menu_order":0,"comment_status":"closed","ping_status":"closed","template":"","meta":{"_acf_changed":false,"footnotes":""},"class_list":["post-5581","page","type-page","status-publish","hentry"],"acf":[],"yoast_head":"<!-- This site is optimized with the Yoast SEO Premium plugin v27.2 (Yoast SEO v27.2) - https:\/\/yoast.com\/product\/yoast-seo-premium-wordpress\/ -->\n<title>2024 PAACE - MotoRad<\/title>\n<meta name=\"description\" content=\"MotoRad - 2024 PAACE %\" \/>\n<meta name=\"robots\" content=\"index, follow, max-snippet:-1, max-image-preview:large, max-video-preview:-1\" \/>\n<link rel=\"canonical\" href=\"https:\/\/eu.motorad.com\/pl\/2024-paace\/\" \/>\n<meta property=\"og:locale\" content=\"pl_PL\" \/>\n<meta property=\"og:type\" content=\"article\" \/>\n<meta property=\"og:title\" content=\"2024 PAACE\" \/>\n<meta property=\"og:description\" content=\"MotoRad - 2024 PAACE %\" \/>\n<meta property=\"og:url\" content=\"https:\/\/eu.motorad.com\/pl\/2024-paace\/\" \/>\n<meta property=\"og:site_name\" content=\"MotoRad\" \/>\n<meta property=\"article:modified_time\" content=\"2025-06-30T18:26:49+00:00\" \/>\n<meta property=\"og:image\" content=\"https:\/\/eu.motorad.com\/wp-content\/uploads\/2025\/03\/show.jpg\" \/>\n\t<meta property=\"og:image:width\" content=\"1800\" \/>\n\t<meta property=\"og:image:height\" content=\"1004\" \/>\n\t<meta property=\"og:image:type\" content=\"image\/jpeg\" \/>\n<meta name=\"twitter:card\" content=\"summary_large_image\" \/>\n<meta name=\"twitter:label1\" content=\"Est. reading time\" \/>\n\t<meta name=\"twitter:data1\" content=\"1 minuta\" \/>\n<script type=\"application\/ld+json\" class=\"yoast-schema-graph\">{\"@context\":\"https:\/\/schema.org\",\"@graph\":[{\"@type\":\"WebPage\",\"@id\":\"https:\/\/eu.motorad.com\/pl\/2024-paace\/\",\"url\":\"https:\/\/eu.motorad.com\/pl\/2024-paace\/\",\"name\":\"2024 PAACE - MotoRad\",\"isPartOf\":{\"@id\":\"https:\/\/eu.motorad.com\/pl\/#website\"},\"primaryImageOfPage\":{\"@id\":\"https:\/\/eu.motorad.com\/pl\/2024-paace\/#primaryimage\"},\"image\":{\"@id\":\"https:\/\/eu.motorad.com\/pl\/2024-paace\/#primaryimage\"},\"thumbnailUrl\":\"https:\/\/eu.motorad.com\/wp-content\/uploads\/2025\/03\/show-1024x571.jpg\",\"datePublished\":\"2025-03-12T11:34:14+00:00\",\"dateModified\":\"2025-06-30T18:26:49+00:00\",\"description\":\"MotoRad - 2024 PAACE %\",\"breadcrumb\":{\"@id\":\"https:\/\/eu.motorad.com\/pl\/2024-paace\/#breadcrumb\"},\"inLanguage\":\"pl-PL\",\"potentialAction\":[{\"@type\":\"ReadAction\",\"target\":[\"https:\/\/eu.motorad.com\/pl\/2024-paace\/\"]}]},{\"@type\":\"ImageObject\",\"inLanguage\":\"pl-PL\",\"@id\":\"https:\/\/eu.motorad.com\/pl\/2024-paace\/#primaryimage\",\"url\":\"https:\/\/eu.motorad.com\/wp-content\/uploads\/2025\/03\/show-1024x571.jpg\",\"contentUrl\":\"https:\/\/eu.motorad.com\/wp-content\/uploads\/2025\/03\/show-1024x571.jpg\"},{\"@type\":\"BreadcrumbList\",\"@id\":\"https:\/\/eu.motorad.com\/pl\/2024-paace\/#breadcrumb\",\"itemListElement\":[{\"@type\":\"ListItem\",\"position\":1,\"name\":\"Home\",\"item\":\"https:\/\/motoradnew.test\/pl\/strona-glowna\/\"},{\"@type\":\"ListItem\",\"position\":2,\"name\":\"2024 PAACE\"}]},{\"@type\":\"WebSite\",\"@id\":\"https:\/\/eu.motorad.com\/pl\/#website\",\"url\":\"https:\/\/eu.motorad.com\/pl\/\",\"name\":\"MotoRad\",\"description\":\"Trusted to Deliver Better - Thermal Management, Emissions, Powertrain Controls\",\"potentialAction\":[{\"@type\":\"SearchAction\",\"target\":{\"@type\":\"EntryPoint\",\"urlTemplate\":\"https:\/\/eu.motorad.com\/pl\/?s={search_term_string}\"},\"query-input\":{\"@type\":\"PropertyValueSpecification\",\"valueRequired\":true,\"valueName\":\"search_term_string\"}}],\"inLanguage\":\"pl-PL\"}]}<\/script>\n<!-- \/ Yoast SEO Premium plugin. -->","yoast_head_json":{"title":"2024 PAACE - MotoRad","description":"MotoRad - 2024 PAACE %","robots":{"index":"index","follow":"follow","max-snippet":"max-snippet:-1","max-image-preview":"max-image-preview:large","max-video-preview":"max-video-preview:-1"},"canonical":"https:\/\/eu.motorad.com\/pl\/2024-paace\/","og_locale":"pl_PL","og_type":"article","og_title":"2024 PAACE","og_description":"MotoRad - 2024 PAACE %","og_url":"https:\/\/eu.motorad.com\/pl\/2024-paace\/","og_site_name":"MotoRad","article_modified_time":"2025-06-30T18:26:49+00:00","og_image":[{"width":1800,"height":1004,"url":"https:\/\/eu.motorad.com\/wp-content\/uploads\/2025\/03\/show.jpg","type":"image\/jpeg"}],"twitter_card":"summary_large_image","twitter_misc":{"Est. reading time":"1 minuta"},"schema":{"@context":"https:\/\/schema.org","@graph":[{"@type":"WebPage","@id":"https:\/\/eu.motorad.com\/pl\/2024-paace\/","url":"https:\/\/eu.motorad.com\/pl\/2024-paace\/","name":"2024 PAACE - MotoRad","isPartOf":{"@id":"https:\/\/eu.motorad.com\/pl\/#website"},"primaryImageOfPage":{"@id":"https:\/\/eu.motorad.com\/pl\/2024-paace\/#primaryimage"},"image":{"@id":"https:\/\/eu.motorad.com\/pl\/2024-paace\/#primaryimage"},"thumbnailUrl":"https:\/\/eu.motorad.com\/wp-content\/uploads\/2025\/03\/show-1024x571.jpg","datePublished":"2025-03-12T11:34:14+00:00","dateModified":"2025-06-30T18:26:49+00:00","description":"MotoRad - 2024 PAACE %","breadcrumb":{"@id":"https:\/\/eu.motorad.com\/pl\/2024-paace\/#breadcrumb"},"inLanguage":"pl-PL","potentialAction":[{"@type":"ReadAction","target":["https:\/\/eu.motorad.com\/pl\/2024-paace\/"]}]},{"@type":"ImageObject","inLanguage":"pl-PL","@id":"https:\/\/eu.motorad.com\/pl\/2024-paace\/#primaryimage","url":"https:\/\/eu.motorad.com\/wp-content\/uploads\/2025\/03\/show-1024x571.jpg","contentUrl":"https:\/\/eu.motorad.com\/wp-content\/uploads\/2025\/03\/show-1024x571.jpg"},{"@type":"BreadcrumbList","@id":"https:\/\/eu.motorad.com\/pl\/2024-paace\/#breadcrumb","itemListElement":[{"@type":"ListItem","position":1,"name":"Home","item":"https:\/\/motoradnew.test\/pl\/strona-glowna\/"},{"@type":"ListItem","position":2,"name":"2024 PAACE"}]},{"@type":"WebSite","@id":"https:\/\/eu.motorad.com\/pl\/#website","url":"https:\/\/eu.motorad.com\/pl\/","name":"MotoRad","description":"Trusted to Deliver Better - Thermal Management, Emissions, Powertrain Controls","potentialAction":[{"@type":"SearchAction","target":{"@type":"EntryPoint","urlTemplate":"https:\/\/eu.motorad.com\/pl\/?s={search_term_string}"},"query-input":{"@type":"PropertyValueSpecification","valueRequired":true,"valueName":"search_term_string"}}],"inLanguage":"pl-PL"}]}},"_links":{"self":[{"href":"https:\/\/eu.motorad.com\/pl\/wp-json\/wp\/v2\/pages\/5581","targetHints":{"allow":["GET"]}}],"collection":[{"href":"https:\/\/eu.motorad.com\/pl\/wp-json\/wp\/v2\/pages"}],"about":[{"href":"https:\/\/eu.motorad.com\/pl\/wp-json\/wp\/v2\/types\/page"}],"author":[{"embeddable":true,"href":"https:\/\/eu.motorad.com\/pl\/wp-json\/wp\/v2\/users\/1"}],"replies":[{"embeddable":true,"href":"https:\/\/eu.motorad.com\/pl\/wp-json\/wp\/v2\/comments?post=5581"}],"version-history":[{"count":8,"href":"https:\/\/eu.motorad.com\/pl\/wp-json\/wp\/v2\/pages\/5581\/revisions"}],"predecessor-version":[{"id":6745,"href":"https:\/\/eu.motorad.com\/pl\/wp-json\/wp\/v2\/pages\/5581\/revisions\/6745"}],"wp:attachment":[{"href":"https:\/\/eu.motorad.com\/pl\/wp-json\/wp\/v2\/media?parent=5581"}],"curies":[{"name":"wp","href":"https:\/\/api.w.org\/{rel}","templated":true}]}}