{"id":5625,"date":"2025-04-03T18:03:14","date_gmt":"2025-04-03T18:03:14","guid":{"rendered":"https:\/\/eu.motorad.com\/czujniki-nadajniki-temperatury-plynu-chlodzacego\/"},"modified":"2025-06-13T12:46:21","modified_gmt":"2025-06-13T12:46:21","slug":"czujniki-nadajniki-temperatury-plynu-chlodzacego","status":"publish","type":"page","link":"https:\/\/eu.motorad.com\/pl\/produkty\/elementy-sterujace-ukladu-napedowego\/czujniki-nadajniki-temperatury-plynu-chlodzacego\/","title":{"rendered":"CZUJNIKI\/NADAJNIKI TEMPERATURY P\u0141YNU CH\u0141ODZ\u0104CEGO"},"content":{"rendered":"<h1 style=\"margin-top:var(--wp--preset--spacing--60);margin-bottom:var(--wp--preset--spacing--60);\" class=\"wp-block-post-title\">CZUJNIKI\/NADAJNIKI TEMPERATURY P\u0141YNU CH\u0141ODZ\u0104CEGO<\/h1>\n<p>Czujniki temperatury p\u0142ynu ch\u0142odz\u0105cego MotoRad dostarczaj\u0105 dok\u0142adne dane do PCM, aby zapewni\u0107 prawid\u0142owe zarz\u0105dzanie uk\u0142adem wtrysku paliwa, zap\u0142onem i zmiennymi fazami rozrz\u0105du, zmian\u0105 bieg\u00f3w i nie tylko. Wyprodukowane przy u\u017cyciu najwy\u017cszej jako\u015bci materia\u0142\u00f3w zatwierdzonych przez OEM dla zwi\u0119kszenia trwa\u0142o\u015bci nawet w najbardziej ekstremalnych temperaturach. Wszystkie czujniki temperatury p\u0142ynu ch\u0142odz\u0105cego MotoRad s\u0105 zaprojektowane tak, aby spe\u0142nia\u0142y lub przekracza\u0142y specyfikacje OEM w naszych zak\u0142adach produkcyjnych ISO TS16949.  <\/p>\n\n<div class=\"wp-block-columns is-layout-flex wp-container-core-columns-is-layout-95393138 wp-block-columns-is-layout-flex\" style=\"margin-top:var(--wp--preset--spacing--60);margin-bottom:var(--wp--preset--spacing--60)\">\n<div class=\"wp-block-column is-layout-flow wp-block-column-is-layout-flow\">\n<figure class=\"wp-block-image size-full\"><img loading=\"lazy\" decoding=\"async\" width=\"500\" height=\"500\" src=\"https:\/\/eu.motorad.com\/wp-content\/uploads\/2025\/04\/1TS1001_Angle.jpg\" alt=\"\" class=\"wp-image-4072\" srcset=\"https:\/\/eu.motorad.com\/wp-content\/uploads\/2025\/04\/1TS1001_Angle.jpg 500w, https:\/\/eu.motorad.com\/wp-content\/uploads\/2025\/04\/1TS1001_Angle-300x300.jpg 300w, https:\/\/eu.motorad.com\/wp-content\/uploads\/2025\/04\/1TS1001_Angle-150x150.jpg 150w\" sizes=\"auto, (max-width: 500px) 100vw, 500px\" \/><\/figure>\n<\/div>\n\n\n\n<div class=\"wp-block-column is-layout-flow wp-block-column-is-layout-flow\">\n<figure class=\"wp-block-image size-full\"><img loading=\"lazy\" decoding=\"async\" width=\"500\" height=\"500\" src=\"https:\/\/eu.motorad.com\/wp-content\/uploads\/2025\/04\/1TS1008_Angle-1.jpg\" alt=\"\" class=\"wp-image-4079\" srcset=\"https:\/\/eu.motorad.com\/wp-content\/uploads\/2025\/04\/1TS1008_Angle-1.jpg 500w, https:\/\/eu.motorad.com\/wp-content\/uploads\/2025\/04\/1TS1008_Angle-1-300x300.jpg 300w, https:\/\/eu.motorad.com\/wp-content\/uploads\/2025\/04\/1TS1008_Angle-1-150x150.jpg 150w\" sizes=\"auto, (max-width: 500px) 100vw, 500px\" \/><\/figure>\n<\/div>\n\n\n\n<div class=\"wp-block-column is-layout-flow wp-block-column-is-layout-flow\">\n<figure class=\"wp-block-image size-full\"><img loading=\"lazy\" decoding=\"async\" width=\"500\" height=\"500\" src=\"https:\/\/eu.motorad.com\/wp-content\/uploads\/2025\/04\/1TS1031_Angle.jpg\" alt=\"\" class=\"wp-image-4086\" srcset=\"https:\/\/eu.motorad.com\/wp-content\/uploads\/2025\/04\/1TS1031_Angle.jpg 500w, https:\/\/eu.motorad.com\/wp-content\/uploads\/2025\/04\/1TS1031_Angle-300x300.jpg 300w, https:\/\/eu.motorad.com\/wp-content\/uploads\/2025\/04\/1TS1031_Angle-150x150.jpg 150w\" sizes=\"auto, (max-width: 500px) 100vw, 500px\" \/><\/figure>\n<\/div>\n\n\n\n<div class=\"wp-block-column is-layout-flow wp-block-column-is-layout-flow\">\n<figure class=\"wp-block-image size-full\"><img loading=\"lazy\" decoding=\"async\" width=\"500\" height=\"500\" src=\"https:\/\/eu.motorad.com\/wp-content\/uploads\/2025\/04\/1TS1037_Angle.jpg\" alt=\"\" class=\"wp-image-4093\" srcset=\"https:\/\/eu.motorad.com\/wp-content\/uploads\/2025\/04\/1TS1037_Angle.jpg 500w, https:\/\/eu.motorad.com\/wp-content\/uploads\/2025\/04\/1TS1037_Angle-300x300.jpg 300w, https:\/\/eu.motorad.com\/wp-content\/uploads\/2025\/04\/1TS1037_Angle-150x150.jpg 150w\" sizes=\"auto, (max-width: 500px) 100vw, 500px\" \/><\/figure>\n<\/div>\n\n\n\n<div class=\"wp-block-column is-layout-flow wp-block-column-is-layout-flow\">\n<figure class=\"wp-block-image size-full\"><img loading=\"lazy\" decoding=\"async\" width=\"500\" height=\"500\" src=\"https:\/\/eu.motorad.com\/wp-content\/uploads\/2025\/04\/1TS1055_Angle.jpg\" alt=\"\" class=\"wp-image-4100\" srcset=\"https:\/\/eu.motorad.com\/wp-content\/uploads\/2025\/04\/1TS1055_Angle.jpg 500w, https:\/\/eu.motorad.com\/wp-content\/uploads\/2025\/04\/1TS1055_Angle-300x300.jpg 300w, https:\/\/eu.motorad.com\/wp-content\/uploads\/2025\/04\/1TS1055_Angle-150x150.jpg 150w\" sizes=\"auto, (max-width: 500px) 100vw, 500px\" \/><\/figure>\n<\/div>\n\n\n\n<div class=\"wp-block-column is-layout-flow wp-block-column-is-layout-flow\">\n<figure class=\"wp-block-image size-full\"><img loading=\"lazy\" decoding=\"async\" width=\"500\" height=\"500\" src=\"https:\/\/eu.motorad.com\/wp-content\/uploads\/2025\/04\/1TS1068_Angle.jpg\" alt=\"\" class=\"wp-image-4107\" srcset=\"https:\/\/eu.motorad.com\/wp-content\/uploads\/2025\/04\/1TS1068_Angle.jpg 500w, https:\/\/eu.motorad.com\/wp-content\/uploads\/2025\/04\/1TS1068_Angle-300x300.jpg 300w, https:\/\/eu.motorad.com\/wp-content\/uploads\/2025\/04\/1TS1068_Angle-150x150.jpg 150w\" sizes=\"auto, (max-width: 500px) 100vw, 500px\" \/><\/figure>\n<\/div>\n<\/div>\n\n<ul class=\"wp-block-list\">\n<li>W 100% fabrycznie skalibrowana rezystancja w celu zapewnienia precyzyjnych tolerancji, co skutkuje niezwykle dok\u0142adn\u0105 temperatur\u0105 dla optymalnej wydajno\u015bci.<\/li>\n\n\n\n<li>Uszczelniacz gwint\u00f3w i\/lub o-ring wst\u0119pnie zainstalowany na wszystkich odpowiednich czujnikach w celu zapewnienia szczelno\u015bci.<\/li>\n\n\n\n<li>Precyzyjnie wykonana mosi\u0119\u017cna obudowa czujnika zapewnia doskona\u0142\u0105 odporno\u015b\u0107 na korozj\u01191.<\/li>\n\n\n\n<li>Precyzyjnie dopasowany termistor OE zapewnia, \u017ce czujniki Motorad odpowiadaj\u0105 rezystancji wyj\u015bciowej OE we wszystkich pozycjach temperatury.<\/li>\n\n\n\n<li>Szeroko zakrojone testy produkt\u00f3w obejmuj\u0105 m.in. mg\u0142\u0119 soln\u0105, uderzenia w wysokich i niskich temperaturach, wibracje termiczne, trwa\u0142o\u015b\u0107, elektryczno\u015b\u0107 statyczn\u0105 i mikronapi\u0119cia<br\/>, aby zapewni\u0107, \u017ce wszystkie czujniki spe\u0142niaj\u0105 lub przewy\u017cszaj\u0105 specyfikacje OEM.<\/li>\n<\/ul>\n\n<figure class=\"wp-block-image aligncenter size-full\" style=\"margin-top:var(--wp--preset--spacing--60);margin-bottom:var(--wp--preset--spacing--60)\"><img loading=\"lazy\" decoding=\"async\" width=\"1233\" height=\"679\" src=\"https:\/\/eu.motorad.com\/wp-content\/uploads\/2025\/04\/cts1-1.jpg\" alt=\"\" class=\"wp-image-4115\" srcset=\"https:\/\/eu.motorad.com\/wp-content\/uploads\/2025\/04\/cts1-1.jpg 1233w, https:\/\/eu.motorad.com\/wp-content\/uploads\/2025\/04\/cts1-1-300x165.jpg 300w, https:\/\/eu.motorad.com\/wp-content\/uploads\/2025\/04\/cts1-1-1024x564.jpg 1024w, https:\/\/eu.motorad.com\/wp-content\/uploads\/2025\/04\/cts1-1-768x423.jpg 768w\" sizes=\"auto, (max-width: 1233px) 100vw, 1233px\" \/><\/figure>\n\n<div class=\"wp-block-buttons is-layout-flex wp-block-buttons-is-layout-flex\" style=\"margin-top:var(--wp--preset--spacing--60);margin-bottom:var(--wp--preset--spacing--70)\">\n<div class=\"wp-block-button\"><a class=\"wp-block-button__link wp-element-button\" href=\"https:\/\/eu.motorad.com\/products\/\">Znajd\u017a czujniki do swojego zastosowania<\/a><\/div>\n<\/div>\n","protected":false},"excerpt":{"rendered":"<p>Czujniki temperatury p\u0142ynu ch\u0142odz\u0105cego MotoRad dostarczaj\u0105 dok\u0142adne dane do PCM, aby zapewni\u0107 prawid\u0142owe zarz\u0105dzanie uk\u0142adem wtrysku paliwa, zap\u0142onem i zmiennymi [&#8230;]<\/p>\n","protected":false},"author":1,"featured_media":0,"parent":5626,"menu_order":0,"comment_status":"closed","ping_status":"closed","template":"","meta":{"_acf_changed":false,"footnotes":""},"class_list":["post-5625","page","type-page","status-publish","hentry"],"acf":[],"yoast_head":"<!-- This site is optimized with the Yoast SEO Premium plugin v27.2 (Yoast SEO v27.2) - https:\/\/yoast.com\/product\/yoast-seo-premium-wordpress\/ -->\n<title>CZUJNIKI\/NADAJNIKI TEMPERATURY P\u0141YNU CH\u0141ODZ\u0104CEGO - MotoRad<\/title>\n<meta name=\"description\" content=\"MotoRad - CZUJNIKI\/NADAJNIKI TEMPERATURY P\u0141YNU CH\u0141ODZ\u0104CEGO %\" \/>\n<meta name=\"robots\" content=\"index, follow, max-snippet:-1, max-image-preview:large, max-video-preview:-1\" \/>\n<link rel=\"canonical\" href=\"https:\/\/eu.motorad.com\/pl\/produkty\/elementy-sterujace-ukladu-napedowego\/czujniki-nadajniki-temperatury-plynu-chlodzacego\/\" \/>\n<meta property=\"og:locale\" content=\"pl_PL\" \/>\n<meta property=\"og:type\" content=\"article\" \/>\n<meta property=\"og:title\" content=\"CZUJNIKI\/NADAJNIKI TEMPERATURY P\u0141YNU CH\u0141ODZ\u0104CEGO\" \/>\n<meta property=\"og:description\" content=\"MotoRad - CZUJNIKI\/NADAJNIKI TEMPERATURY P\u0141YNU CH\u0141ODZ\u0104CEGO %\" \/>\n<meta property=\"og:url\" content=\"https:\/\/eu.motorad.com\/pl\/produkty\/elementy-sterujace-ukladu-napedowego\/czujniki-nadajniki-temperatury-plynu-chlodzacego\/\" \/>\n<meta property=\"og:site_name\" content=\"MotoRad\" \/>\n<meta property=\"article:modified_time\" content=\"2025-06-13T12:46:21+00:00\" \/>\n<meta property=\"og:image\" content=\"https:\/\/eu.motorad.com\/wp-content\/uploads\/2025\/04\/1TS1001_Angle.jpg\" \/>\n\t<meta property=\"og:image:width\" content=\"500\" \/>\n\t<meta property=\"og:image:height\" content=\"500\" \/>\n\t<meta property=\"og:image:type\" content=\"image\/jpeg\" \/>\n<meta name=\"twitter:card\" content=\"summary_large_image\" \/>\n<meta name=\"twitter:label1\" content=\"Est. reading time\" \/>\n\t<meta name=\"twitter:data1\" content=\"1 minuta\" \/>\n<script type=\"application\/ld+json\" class=\"yoast-schema-graph\">{\"@context\":\"https:\/\/schema.org\",\"@graph\":[{\"@type\":\"WebPage\",\"@id\":\"https:\/\/eu.motorad.com\/pl\/produkty\/elementy-sterujace-ukladu-napedowego\/czujniki-nadajniki-temperatury-plynu-chlodzacego\/\",\"url\":\"https:\/\/eu.motorad.com\/pl\/produkty\/elementy-sterujace-ukladu-napedowego\/czujniki-nadajniki-temperatury-plynu-chlodzacego\/\",\"name\":\"CZUJNIKI\/NADAJNIKI TEMPERATURY P\u0141YNU CH\u0141ODZ\u0104CEGO - MotoRad\",\"isPartOf\":{\"@id\":\"https:\/\/eu.motorad.com\/pl\/#website\"},\"primaryImageOfPage\":{\"@id\":\"https:\/\/eu.motorad.com\/pl\/produkty\/elementy-sterujace-ukladu-napedowego\/czujniki-nadajniki-temperatury-plynu-chlodzacego\/#primaryimage\"},\"image\":{\"@id\":\"https:\/\/eu.motorad.com\/pl\/produkty\/elementy-sterujace-ukladu-napedowego\/czujniki-nadajniki-temperatury-plynu-chlodzacego\/#primaryimage\"},\"thumbnailUrl\":\"https:\/\/eu.motorad.com\/wp-content\/uploads\/2025\/04\/1TS1001_Angle.jpg\",\"datePublished\":\"2025-04-03T18:03:14+00:00\",\"dateModified\":\"2025-06-13T12:46:21+00:00\",\"description\":\"MotoRad - CZUJNIKI\/NADAJNIKI TEMPERATURY P\u0141YNU CH\u0141ODZ\u0104CEGO %\",\"breadcrumb\":{\"@id\":\"https:\/\/eu.motorad.com\/pl\/produkty\/elementy-sterujace-ukladu-napedowego\/czujniki-nadajniki-temperatury-plynu-chlodzacego\/#breadcrumb\"},\"inLanguage\":\"pl-PL\",\"potentialAction\":[{\"@type\":\"ReadAction\",\"target\":[\"https:\/\/eu.motorad.com\/pl\/produkty\/elementy-sterujace-ukladu-napedowego\/czujniki-nadajniki-temperatury-plynu-chlodzacego\/\"]}]},{\"@type\":\"ImageObject\",\"inLanguage\":\"pl-PL\",\"@id\":\"https:\/\/eu.motorad.com\/pl\/produkty\/elementy-sterujace-ukladu-napedowego\/czujniki-nadajniki-temperatury-plynu-chlodzacego\/#primaryimage\",\"url\":\"https:\/\/eu.motorad.com\/wp-content\/uploads\/2025\/04\/1TS1001_Angle.jpg\",\"contentUrl\":\"https:\/\/eu.motorad.com\/wp-content\/uploads\/2025\/04\/1TS1001_Angle.jpg\"},{\"@type\":\"BreadcrumbList\",\"@id\":\"https:\/\/eu.motorad.com\/pl\/produkty\/elementy-sterujace-ukladu-napedowego\/czujniki-nadajniki-temperatury-plynu-chlodzacego\/#breadcrumb\",\"itemListElement\":[{\"@type\":\"ListItem\",\"position\":1,\"name\":\"Home\",\"item\":\"https:\/\/motoradnew.test\/pl\/strona-glowna\/\"},{\"@type\":\"ListItem\",\"position\":2,\"name\":\"Produkty\",\"item\":\"https:\/\/motoradnew.test\/pl\/produkty\/\"},{\"@type\":\"ListItem\",\"position\":3,\"name\":\"Elementy steruj\u0105ce uk\u0142adu nap\u0119dowego\",\"item\":\"https:\/\/motoradnew.test\/pl\/produkty\/elementy-sterujace-ukladu-napedowego\/\"},{\"@type\":\"ListItem\",\"position\":4,\"name\":\"CZUJNIKI\/NADAJNIKI TEMPERATURY P\u0141YNU CH\u0141ODZ\u0104CEGO\"}]},{\"@type\":\"WebSite\",\"@id\":\"https:\/\/eu.motorad.com\/pl\/#website\",\"url\":\"https:\/\/eu.motorad.com\/pl\/\",\"name\":\"MotoRad\",\"description\":\"Trusted to Deliver Better - Thermal Management, Emissions, Powertrain Controls\",\"potentialAction\":[{\"@type\":\"SearchAction\",\"target\":{\"@type\":\"EntryPoint\",\"urlTemplate\":\"https:\/\/eu.motorad.com\/pl\/?s={search_term_string}\"},\"query-input\":{\"@type\":\"PropertyValueSpecification\",\"valueRequired\":true,\"valueName\":\"search_term_string\"}}],\"inLanguage\":\"pl-PL\"}]}<\/script>\n<!-- \/ Yoast SEO Premium plugin. -->","yoast_head_json":{"title":"CZUJNIKI\/NADAJNIKI TEMPERATURY P\u0141YNU CH\u0141ODZ\u0104CEGO - MotoRad","description":"MotoRad - CZUJNIKI\/NADAJNIKI TEMPERATURY P\u0141YNU CH\u0141ODZ\u0104CEGO %","robots":{"index":"index","follow":"follow","max-snippet":"max-snippet:-1","max-image-preview":"max-image-preview:large","max-video-preview":"max-video-preview:-1"},"canonical":"https:\/\/eu.motorad.com\/pl\/produkty\/elementy-sterujace-ukladu-napedowego\/czujniki-nadajniki-temperatury-plynu-chlodzacego\/","og_locale":"pl_PL","og_type":"article","og_title":"CZUJNIKI\/NADAJNIKI TEMPERATURY P\u0141YNU CH\u0141ODZ\u0104CEGO","og_description":"MotoRad - CZUJNIKI\/NADAJNIKI TEMPERATURY P\u0141YNU CH\u0141ODZ\u0104CEGO %","og_url":"https:\/\/eu.motorad.com\/pl\/produkty\/elementy-sterujace-ukladu-napedowego\/czujniki-nadajniki-temperatury-plynu-chlodzacego\/","og_site_name":"MotoRad","article_modified_time":"2025-06-13T12:46:21+00:00","og_image":[{"width":500,"height":500,"url":"https:\/\/eu.motorad.com\/wp-content\/uploads\/2025\/04\/1TS1001_Angle.jpg","type":"image\/jpeg"}],"twitter_card":"summary_large_image","twitter_misc":{"Est. reading time":"1 minuta"},"schema":{"@context":"https:\/\/schema.org","@graph":[{"@type":"WebPage","@id":"https:\/\/eu.motorad.com\/pl\/produkty\/elementy-sterujace-ukladu-napedowego\/czujniki-nadajniki-temperatury-plynu-chlodzacego\/","url":"https:\/\/eu.motorad.com\/pl\/produkty\/elementy-sterujace-ukladu-napedowego\/czujniki-nadajniki-temperatury-plynu-chlodzacego\/","name":"CZUJNIKI\/NADAJNIKI TEMPERATURY P\u0141YNU CH\u0141ODZ\u0104CEGO - MotoRad","isPartOf":{"@id":"https:\/\/eu.motorad.com\/pl\/#website"},"primaryImageOfPage":{"@id":"https:\/\/eu.motorad.com\/pl\/produkty\/elementy-sterujace-ukladu-napedowego\/czujniki-nadajniki-temperatury-plynu-chlodzacego\/#primaryimage"},"image":{"@id":"https:\/\/eu.motorad.com\/pl\/produkty\/elementy-sterujace-ukladu-napedowego\/czujniki-nadajniki-temperatury-plynu-chlodzacego\/#primaryimage"},"thumbnailUrl":"https:\/\/eu.motorad.com\/wp-content\/uploads\/2025\/04\/1TS1001_Angle.jpg","datePublished":"2025-04-03T18:03:14+00:00","dateModified":"2025-06-13T12:46:21+00:00","description":"MotoRad - CZUJNIKI\/NADAJNIKI TEMPERATURY P\u0141YNU CH\u0141ODZ\u0104CEGO %","breadcrumb":{"@id":"https:\/\/eu.motorad.com\/pl\/produkty\/elementy-sterujace-ukladu-napedowego\/czujniki-nadajniki-temperatury-plynu-chlodzacego\/#breadcrumb"},"inLanguage":"pl-PL","potentialAction":[{"@type":"ReadAction","target":["https:\/\/eu.motorad.com\/pl\/produkty\/elementy-sterujace-ukladu-napedowego\/czujniki-nadajniki-temperatury-plynu-chlodzacego\/"]}]},{"@type":"ImageObject","inLanguage":"pl-PL","@id":"https:\/\/eu.motorad.com\/pl\/produkty\/elementy-sterujace-ukladu-napedowego\/czujniki-nadajniki-temperatury-plynu-chlodzacego\/#primaryimage","url":"https:\/\/eu.motorad.com\/wp-content\/uploads\/2025\/04\/1TS1001_Angle.jpg","contentUrl":"https:\/\/eu.motorad.com\/wp-content\/uploads\/2025\/04\/1TS1001_Angle.jpg"},{"@type":"BreadcrumbList","@id":"https:\/\/eu.motorad.com\/pl\/produkty\/elementy-sterujace-ukladu-napedowego\/czujniki-nadajniki-temperatury-plynu-chlodzacego\/#breadcrumb","itemListElement":[{"@type":"ListItem","position":1,"name":"Home","item":"https:\/\/motoradnew.test\/pl\/strona-glowna\/"},{"@type":"ListItem","position":2,"name":"Produkty","item":"https:\/\/motoradnew.test\/pl\/produkty\/"},{"@type":"ListItem","position":3,"name":"Elementy steruj\u0105ce uk\u0142adu nap\u0119dowego","item":"https:\/\/motoradnew.test\/pl\/produkty\/elementy-sterujace-ukladu-napedowego\/"},{"@type":"ListItem","position":4,"name":"CZUJNIKI\/NADAJNIKI TEMPERATURY P\u0141YNU CH\u0141ODZ\u0104CEGO"}]},{"@type":"WebSite","@id":"https:\/\/eu.motorad.com\/pl\/#website","url":"https:\/\/eu.motorad.com\/pl\/","name":"MotoRad","description":"Trusted to Deliver Better - Thermal Management, Emissions, Powertrain Controls","potentialAction":[{"@type":"SearchAction","target":{"@type":"EntryPoint","urlTemplate":"https:\/\/eu.motorad.com\/pl\/?s={search_term_string}"},"query-input":{"@type":"PropertyValueSpecification","valueRequired":true,"valueName":"search_term_string"}}],"inLanguage":"pl-PL"}]}},"_links":{"self":[{"href":"https:\/\/eu.motorad.com\/pl\/wp-json\/wp\/v2\/pages\/5625","targetHints":{"allow":["GET"]}}],"collection":[{"href":"https:\/\/eu.motorad.com\/pl\/wp-json\/wp\/v2\/pages"}],"about":[{"href":"https:\/\/eu.motorad.com\/pl\/wp-json\/wp\/v2\/types\/page"}],"author":[{"embeddable":true,"href":"https:\/\/eu.motorad.com\/pl\/wp-json\/wp\/v2\/users\/1"}],"replies":[{"embeddable":true,"href":"https:\/\/eu.motorad.com\/pl\/wp-json\/wp\/v2\/comments?post=5625"}],"version-history":[{"count":1,"href":"https:\/\/eu.motorad.com\/pl\/wp-json\/wp\/v2\/pages\/5625\/revisions"}],"predecessor-version":[{"id":5627,"href":"https:\/\/eu.motorad.com\/pl\/wp-json\/wp\/v2\/pages\/5625\/revisions\/5627"}],"up":[{"embeddable":true,"href":"https:\/\/eu.motorad.com\/pl\/wp-json\/wp\/v2\/pages\/5626"}],"wp:attachment":[{"href":"https:\/\/eu.motorad.com\/pl\/wp-json\/wp\/v2\/media?parent=5625"}],"curies":[{"name":"wp","href":"https:\/\/api.w.org\/{rel}","templated":true}]}}