{"id":5645,"date":"2025-04-03T18:18:24","date_gmt":"2025-04-03T18:18:24","guid":{"rendered":"https:\/\/eu.motorad.com\/elementy-sterujace-ukladu-napedowego\/czujniki-stukow\/"},"modified":"2025-06-13T12:46:26","modified_gmt":"2025-06-13T12:46:26","slug":"czujniki-stukow","status":"publish","type":"page","link":"https:\/\/eu.motorad.com\/pl\/produkty\/elementy-sterujace-ukladu-napedowego\/czujniki-stukow\/","title":{"rendered":"Czujniki stuk\u00f3w"},"content":{"rendered":"<h1 style=\"margin-top:var(--wp--preset--spacing--60);margin-bottom:var(--wp--preset--spacing--60);\" class=\"wp-block-post-title\">Czujniki stuk\u00f3w<\/h1>\n<p>Czujniki spalania stukowego MotoRad reaguj\u0105 na szeroki zakres cz\u0119stotliwo\u015bci spalania stukowego, zapewniaj\u0105c dok\u0142adny stan silnika do ECM w celu uzyskania optymalnego czasu zap\u0142onu. Najwy\u017cszej jako\u015bci element piezoceramiczny wyprodukowany z zachowaniem \u015bcis\u0142ych tolerancji dla zwi\u0119kszenia trwa\u0142o\u015bci. Wszystkie czujniki stuk\u00f3w MotoRad s\u0105 zaprojektowane tak, aby spe\u0142nia\u0142y lub przekracza\u0142y specyfikacje OEM w naszych zak\u0142adach produkcyjnych ISO TS16949.  <\/p>\n\n<div class=\"wp-block-columns is-layout-flex wp-container-core-columns-is-layout-fc239cb1 wp-block-columns-is-layout-flex\" style=\"margin-top:var(--wp--preset--spacing--60);margin-bottom:var(--wp--preset--spacing--60)\">\n<div class=\"wp-block-column is-layout-flow wp-block-column-is-layout-flow\">\n<figure class=\"wp-block-image size-full\"><img loading=\"lazy\" decoding=\"async\" width=\"500\" height=\"500\" src=\"https:\/\/eu.motorad.com\/wp-content\/uploads\/2025\/04\/1KS1059_Angle.jpg\" alt=\"\" class=\"wp-image-4201\" srcset=\"https:\/\/eu.motorad.com\/wp-content\/uploads\/2025\/04\/1KS1059_Angle.jpg 500w, https:\/\/eu.motorad.com\/wp-content\/uploads\/2025\/04\/1KS1059_Angle-300x300.jpg 300w, https:\/\/eu.motorad.com\/wp-content\/uploads\/2025\/04\/1KS1059_Angle-150x150.jpg 150w\" sizes=\"auto, (max-width: 500px) 100vw, 500px\" \/><\/figure>\n<\/div>\n\n\n\n<div class=\"wp-block-column is-layout-flow wp-block-column-is-layout-flow\">\n<figure class=\"wp-block-image size-full\"><img loading=\"lazy\" decoding=\"async\" width=\"500\" height=\"500\" src=\"https:\/\/eu.motorad.com\/wp-content\/uploads\/2025\/04\/1KS1062_Angle.jpg\" alt=\"\" class=\"wp-image-4208\" srcset=\"https:\/\/eu.motorad.com\/wp-content\/uploads\/2025\/04\/1KS1062_Angle.jpg 500w, https:\/\/eu.motorad.com\/wp-content\/uploads\/2025\/04\/1KS1062_Angle-300x300.jpg 300w, https:\/\/eu.motorad.com\/wp-content\/uploads\/2025\/04\/1KS1062_Angle-150x150.jpg 150w\" sizes=\"auto, (max-width: 500px) 100vw, 500px\" \/><\/figure>\n<\/div>\n\n\n\n<div class=\"wp-block-column is-layout-flow wp-block-column-is-layout-flow\">\n<figure class=\"wp-block-image size-full\"><img loading=\"lazy\" decoding=\"async\" width=\"500\" height=\"500\" src=\"https:\/\/eu.motorad.com\/wp-content\/uploads\/2025\/04\/1KS1065_Angle-1.jpg\" alt=\"\" class=\"wp-image-4215\" srcset=\"https:\/\/eu.motorad.com\/wp-content\/uploads\/2025\/04\/1KS1065_Angle-1.jpg 500w, https:\/\/eu.motorad.com\/wp-content\/uploads\/2025\/04\/1KS1065_Angle-1-300x300.jpg 300w, https:\/\/eu.motorad.com\/wp-content\/uploads\/2025\/04\/1KS1065_Angle-1-150x150.jpg 150w\" sizes=\"auto, (max-width: 500px) 100vw, 500px\" \/><\/figure>\n<\/div>\n\n\n\n<div class=\"wp-block-column is-layout-flow wp-block-column-is-layout-flow\">\n<figure class=\"wp-block-image size-full\"><img loading=\"lazy\" decoding=\"async\" width=\"500\" height=\"500\" src=\"https:\/\/eu.motorad.com\/wp-content\/uploads\/2025\/04\/1KS1004_Angle.jpg\" alt=\"\" class=\"wp-image-4180\" srcset=\"https:\/\/eu.motorad.com\/wp-content\/uploads\/2025\/04\/1KS1004_Angle.jpg 500w, https:\/\/eu.motorad.com\/wp-content\/uploads\/2025\/04\/1KS1004_Angle-300x300.jpg 300w, https:\/\/eu.motorad.com\/wp-content\/uploads\/2025\/04\/1KS1004_Angle-150x150.jpg 150w\" sizes=\"auto, (max-width: 500px) 100vw, 500px\" \/><\/figure>\n<\/div>\n\n\n\n<div class=\"wp-block-column is-layout-flow wp-block-column-is-layout-flow\">\n<figure class=\"wp-block-image size-full\"><img loading=\"lazy\" decoding=\"async\" width=\"500\" height=\"500\" src=\"https:\/\/eu.motorad.com\/wp-content\/uploads\/2025\/04\/1KS1008_Angle.jpg\" alt=\"\" class=\"wp-image-4187\" srcset=\"https:\/\/eu.motorad.com\/wp-content\/uploads\/2025\/04\/1KS1008_Angle.jpg 500w, https:\/\/eu.motorad.com\/wp-content\/uploads\/2025\/04\/1KS1008_Angle-300x300.jpg 300w, https:\/\/eu.motorad.com\/wp-content\/uploads\/2025\/04\/1KS1008_Angle-150x150.jpg 150w\" sizes=\"auto, (max-width: 500px) 100vw, 500px\" \/><\/figure>\n<\/div>\n\n\n\n<div class=\"wp-block-column is-layout-flow wp-block-column-is-layout-flow\">\n<figure class=\"wp-block-image size-full\"><img loading=\"lazy\" decoding=\"async\" width=\"500\" height=\"500\" src=\"https:\/\/eu.motorad.com\/wp-content\/uploads\/2025\/04\/1KS1019_Angle.jpg\" alt=\"\" class=\"wp-image-4194\" srcset=\"https:\/\/eu.motorad.com\/wp-content\/uploads\/2025\/04\/1KS1019_Angle.jpg 500w, https:\/\/eu.motorad.com\/wp-content\/uploads\/2025\/04\/1KS1019_Angle-300x300.jpg 300w, https:\/\/eu.motorad.com\/wp-content\/uploads\/2025\/04\/1KS1019_Angle-150x150.jpg 150w\" sizes=\"auto, (max-width: 500px) 100vw, 500px\" \/><\/figure>\n<\/div>\n<\/div>\n\n<ul class=\"wp-block-list\">\n<li>Precyzyjny element piezoceramiczny zapewnia dok\u0142adn\u0105 reakcj\u0119 na szeroki zakres drga\u0144 silnika.<\/li>\n\n\n\n<li>Wyprodukowane z najwy\u017cszej jako\u015bci materia\u0142\u00f3w OEM, aby zapewni\u0107 optymaln\u0105 wydajno\u015b\u0107 i wytrzyma\u0142o\u015b\u0107.<\/li>\n\n\n\n<li>Zaprojektowany, aby spe\u0142nia\u0107 lub przewy\u017csza\u0107 wszystkie specyfikacje OEM w zakresie dopasowania, formy i funkcji.<\/li>\n\n\n\n<li>Szeroko zakrojone testy produkt\u00f3w obejmuj\u0105 mi\u0119dzy innymi mg\u0142\u0119 soln\u0105, uderzenia w wysokich i niskich temperaturach, cykle termiczne, wibracje i upadki, aby zapewni\u0107, \u017ce wszystkie czujniki spe\u0142niaj\u0105 lub przekraczaj\u0105 specyfikacje OEM.<\/li>\n<\/ul>\n\n<figure class=\"wp-block-image size-full\" style=\"margin-top:var(--wp--preset--spacing--60);margin-bottom:var(--wp--preset--spacing--60)\"><img loading=\"lazy\" decoding=\"async\" width=\"1233\" height=\"679\" src=\"https:\/\/eu.motorad.com\/wp-content\/uploads\/2025\/04\/cts2-1.jpg\" alt=\"\" class=\"wp-image-4222\" srcset=\"https:\/\/eu.motorad.com\/wp-content\/uploads\/2025\/04\/cts2-1.jpg 1233w, https:\/\/eu.motorad.com\/wp-content\/uploads\/2025\/04\/cts2-1-300x165.jpg 300w, https:\/\/eu.motorad.com\/wp-content\/uploads\/2025\/04\/cts2-1-1024x564.jpg 1024w, https:\/\/eu.motorad.com\/wp-content\/uploads\/2025\/04\/cts2-1-768x423.jpg 768w\" sizes=\"auto, (max-width: 1233px) 100vw, 1233px\" \/><\/figure>\n\n<div class=\"wp-block-buttons is-layout-flex wp-block-buttons-is-layout-flex\" style=\"margin-bottom:var(--wp--preset--spacing--70)\">\n<div class=\"wp-block-button\"><a class=\"wp-block-button__link wp-element-button\" href=\"https:\/\/eu.motorad.com\/products\/\">Znajd\u017a czujniki do swojego zastosowania<\/a><\/div>\n<\/div>\n","protected":false},"excerpt":{"rendered":"<p>Czujniki spalania stukowego MotoRad reaguj\u0105 na szeroki zakres cz\u0119stotliwo\u015bci spalania stukowego, zapewniaj\u0105c dok\u0142adny stan silnika do ECM w celu uzyskania [&#8230;]<\/p>\n","protected":false},"author":1,"featured_media":0,"parent":5626,"menu_order":0,"comment_status":"closed","ping_status":"closed","template":"","meta":{"_acf_changed":false,"footnotes":""},"class_list":["post-5645","page","type-page","status-publish","hentry"],"acf":[],"yoast_head":"<!-- This site is optimized with the Yoast SEO Premium plugin v27.2 (Yoast SEO v27.2) - https:\/\/yoast.com\/product\/yoast-seo-premium-wordpress\/ -->\n<title>Czujniki stuk\u00f3w - MotoRad<\/title>\n<meta name=\"description\" content=\"MotoRad - Czujniki stuk\u00f3w %\" \/>\n<meta name=\"robots\" content=\"index, follow, max-snippet:-1, max-image-preview:large, max-video-preview:-1\" \/>\n<link rel=\"canonical\" href=\"https:\/\/eu.motorad.com\/pl\/produkty\/elementy-sterujace-ukladu-napedowego\/czujniki-stukow\/\" \/>\n<meta property=\"og:locale\" content=\"pl_PL\" \/>\n<meta property=\"og:type\" content=\"article\" \/>\n<meta property=\"og:title\" content=\"Czujniki stuk\u00f3w\" \/>\n<meta property=\"og:description\" content=\"MotoRad - Czujniki stuk\u00f3w %\" \/>\n<meta property=\"og:url\" content=\"https:\/\/eu.motorad.com\/pl\/produkty\/elementy-sterujace-ukladu-napedowego\/czujniki-stukow\/\" \/>\n<meta property=\"og:site_name\" content=\"MotoRad\" \/>\n<meta property=\"article:modified_time\" content=\"2025-06-13T12:46:26+00:00\" \/>\n<meta property=\"og:image\" content=\"https:\/\/eu.motorad.com\/wp-content\/uploads\/2025\/04\/1KS1059_Angle.jpg\" \/>\n\t<meta property=\"og:image:width\" content=\"500\" \/>\n\t<meta property=\"og:image:height\" content=\"500\" \/>\n\t<meta property=\"og:image:type\" content=\"image\/jpeg\" \/>\n<meta name=\"twitter:card\" content=\"summary_large_image\" \/>\n<meta name=\"twitter:label1\" content=\"Est. reading time\" \/>\n\t<meta name=\"twitter:data1\" content=\"1 minuta\" \/>\n<script type=\"application\/ld+json\" class=\"yoast-schema-graph\">{\"@context\":\"https:\/\/schema.org\",\"@graph\":[{\"@type\":\"WebPage\",\"@id\":\"https:\/\/eu.motorad.com\/pl\/produkty\/elementy-sterujace-ukladu-napedowego\/czujniki-stukow\/\",\"url\":\"https:\/\/eu.motorad.com\/pl\/produkty\/elementy-sterujace-ukladu-napedowego\/czujniki-stukow\/\",\"name\":\"Czujniki stuk\u00f3w - MotoRad\",\"isPartOf\":{\"@id\":\"https:\/\/eu.motorad.com\/pl\/#website\"},\"primaryImageOfPage\":{\"@id\":\"https:\/\/eu.motorad.com\/pl\/produkty\/elementy-sterujace-ukladu-napedowego\/czujniki-stukow\/#primaryimage\"},\"image\":{\"@id\":\"https:\/\/eu.motorad.com\/pl\/produkty\/elementy-sterujace-ukladu-napedowego\/czujniki-stukow\/#primaryimage\"},\"thumbnailUrl\":\"https:\/\/eu.motorad.com\/wp-content\/uploads\/2025\/04\/1KS1059_Angle.jpg\",\"datePublished\":\"2025-04-03T18:18:24+00:00\",\"dateModified\":\"2025-06-13T12:46:26+00:00\",\"description\":\"MotoRad - Czujniki stuk\u00f3w %\",\"breadcrumb\":{\"@id\":\"https:\/\/eu.motorad.com\/pl\/produkty\/elementy-sterujace-ukladu-napedowego\/czujniki-stukow\/#breadcrumb\"},\"inLanguage\":\"pl-PL\",\"potentialAction\":[{\"@type\":\"ReadAction\",\"target\":[\"https:\/\/eu.motorad.com\/pl\/produkty\/elementy-sterujace-ukladu-napedowego\/czujniki-stukow\/\"]}]},{\"@type\":\"ImageObject\",\"inLanguage\":\"pl-PL\",\"@id\":\"https:\/\/eu.motorad.com\/pl\/produkty\/elementy-sterujace-ukladu-napedowego\/czujniki-stukow\/#primaryimage\",\"url\":\"https:\/\/eu.motorad.com\/wp-content\/uploads\/2025\/04\/1KS1059_Angle.jpg\",\"contentUrl\":\"https:\/\/eu.motorad.com\/wp-content\/uploads\/2025\/04\/1KS1059_Angle.jpg\"},{\"@type\":\"BreadcrumbList\",\"@id\":\"https:\/\/eu.motorad.com\/pl\/produkty\/elementy-sterujace-ukladu-napedowego\/czujniki-stukow\/#breadcrumb\",\"itemListElement\":[{\"@type\":\"ListItem\",\"position\":1,\"name\":\"Home\",\"item\":\"https:\/\/motoradnew.test\/pl\/strona-glowna\/\"},{\"@type\":\"ListItem\",\"position\":2,\"name\":\"Produkty\",\"item\":\"https:\/\/motoradnew.test\/pl\/produkty\/\"},{\"@type\":\"ListItem\",\"position\":3,\"name\":\"Elementy steruj\u0105ce uk\u0142adu nap\u0119dowego\",\"item\":\"https:\/\/motoradnew.test\/pl\/produkty\/elementy-sterujace-ukladu-napedowego\/\"},{\"@type\":\"ListItem\",\"position\":4,\"name\":\"Czujniki stuk\u00f3w\"}]},{\"@type\":\"WebSite\",\"@id\":\"https:\/\/eu.motorad.com\/pl\/#website\",\"url\":\"https:\/\/eu.motorad.com\/pl\/\",\"name\":\"MotoRad\",\"description\":\"Trusted to Deliver Better - Thermal Management, Emissions, Powertrain Controls\",\"potentialAction\":[{\"@type\":\"SearchAction\",\"target\":{\"@type\":\"EntryPoint\",\"urlTemplate\":\"https:\/\/eu.motorad.com\/pl\/?s={search_term_string}\"},\"query-input\":{\"@type\":\"PropertyValueSpecification\",\"valueRequired\":true,\"valueName\":\"search_term_string\"}}],\"inLanguage\":\"pl-PL\"}]}<\/script>\n<!-- \/ Yoast SEO Premium plugin. -->","yoast_head_json":{"title":"Czujniki stuk\u00f3w - MotoRad","description":"MotoRad - Czujniki stuk\u00f3w %","robots":{"index":"index","follow":"follow","max-snippet":"max-snippet:-1","max-image-preview":"max-image-preview:large","max-video-preview":"max-video-preview:-1"},"canonical":"https:\/\/eu.motorad.com\/pl\/produkty\/elementy-sterujace-ukladu-napedowego\/czujniki-stukow\/","og_locale":"pl_PL","og_type":"article","og_title":"Czujniki stuk\u00f3w","og_description":"MotoRad - Czujniki stuk\u00f3w %","og_url":"https:\/\/eu.motorad.com\/pl\/produkty\/elementy-sterujace-ukladu-napedowego\/czujniki-stukow\/","og_site_name":"MotoRad","article_modified_time":"2025-06-13T12:46:26+00:00","og_image":[{"width":500,"height":500,"url":"https:\/\/eu.motorad.com\/wp-content\/uploads\/2025\/04\/1KS1059_Angle.jpg","type":"image\/jpeg"}],"twitter_card":"summary_large_image","twitter_misc":{"Est. reading time":"1 minuta"},"schema":{"@context":"https:\/\/schema.org","@graph":[{"@type":"WebPage","@id":"https:\/\/eu.motorad.com\/pl\/produkty\/elementy-sterujace-ukladu-napedowego\/czujniki-stukow\/","url":"https:\/\/eu.motorad.com\/pl\/produkty\/elementy-sterujace-ukladu-napedowego\/czujniki-stukow\/","name":"Czujniki stuk\u00f3w - MotoRad","isPartOf":{"@id":"https:\/\/eu.motorad.com\/pl\/#website"},"primaryImageOfPage":{"@id":"https:\/\/eu.motorad.com\/pl\/produkty\/elementy-sterujace-ukladu-napedowego\/czujniki-stukow\/#primaryimage"},"image":{"@id":"https:\/\/eu.motorad.com\/pl\/produkty\/elementy-sterujace-ukladu-napedowego\/czujniki-stukow\/#primaryimage"},"thumbnailUrl":"https:\/\/eu.motorad.com\/wp-content\/uploads\/2025\/04\/1KS1059_Angle.jpg","datePublished":"2025-04-03T18:18:24+00:00","dateModified":"2025-06-13T12:46:26+00:00","description":"MotoRad - Czujniki stuk\u00f3w %","breadcrumb":{"@id":"https:\/\/eu.motorad.com\/pl\/produkty\/elementy-sterujace-ukladu-napedowego\/czujniki-stukow\/#breadcrumb"},"inLanguage":"pl-PL","potentialAction":[{"@type":"ReadAction","target":["https:\/\/eu.motorad.com\/pl\/produkty\/elementy-sterujace-ukladu-napedowego\/czujniki-stukow\/"]}]},{"@type":"ImageObject","inLanguage":"pl-PL","@id":"https:\/\/eu.motorad.com\/pl\/produkty\/elementy-sterujace-ukladu-napedowego\/czujniki-stukow\/#primaryimage","url":"https:\/\/eu.motorad.com\/wp-content\/uploads\/2025\/04\/1KS1059_Angle.jpg","contentUrl":"https:\/\/eu.motorad.com\/wp-content\/uploads\/2025\/04\/1KS1059_Angle.jpg"},{"@type":"BreadcrumbList","@id":"https:\/\/eu.motorad.com\/pl\/produkty\/elementy-sterujace-ukladu-napedowego\/czujniki-stukow\/#breadcrumb","itemListElement":[{"@type":"ListItem","position":1,"name":"Home","item":"https:\/\/motoradnew.test\/pl\/strona-glowna\/"},{"@type":"ListItem","position":2,"name":"Produkty","item":"https:\/\/motoradnew.test\/pl\/produkty\/"},{"@type":"ListItem","position":3,"name":"Elementy steruj\u0105ce uk\u0142adu nap\u0119dowego","item":"https:\/\/motoradnew.test\/pl\/produkty\/elementy-sterujace-ukladu-napedowego\/"},{"@type":"ListItem","position":4,"name":"Czujniki stuk\u00f3w"}]},{"@type":"WebSite","@id":"https:\/\/eu.motorad.com\/pl\/#website","url":"https:\/\/eu.motorad.com\/pl\/","name":"MotoRad","description":"Trusted to Deliver Better - Thermal Management, Emissions, Powertrain Controls","potentialAction":[{"@type":"SearchAction","target":{"@type":"EntryPoint","urlTemplate":"https:\/\/eu.motorad.com\/pl\/?s={search_term_string}"},"query-input":{"@type":"PropertyValueSpecification","valueRequired":true,"valueName":"search_term_string"}}],"inLanguage":"pl-PL"}]}},"_links":{"self":[{"href":"https:\/\/eu.motorad.com\/pl\/wp-json\/wp\/v2\/pages\/5645","targetHints":{"allow":["GET"]}}],"collection":[{"href":"https:\/\/eu.motorad.com\/pl\/wp-json\/wp\/v2\/pages"}],"about":[{"href":"https:\/\/eu.motorad.com\/pl\/wp-json\/wp\/v2\/types\/page"}],"author":[{"embeddable":true,"href":"https:\/\/eu.motorad.com\/pl\/wp-json\/wp\/v2\/users\/1"}],"replies":[{"embeddable":true,"href":"https:\/\/eu.motorad.com\/pl\/wp-json\/wp\/v2\/comments?post=5645"}],"version-history":[{"count":1,"href":"https:\/\/eu.motorad.com\/pl\/wp-json\/wp\/v2\/pages\/5645\/revisions"}],"predecessor-version":[{"id":5647,"href":"https:\/\/eu.motorad.com\/pl\/wp-json\/wp\/v2\/pages\/5645\/revisions\/5647"}],"up":[{"embeddable":true,"href":"https:\/\/eu.motorad.com\/pl\/wp-json\/wp\/v2\/pages\/5626"}],"wp:attachment":[{"href":"https:\/\/eu.motorad.com\/pl\/wp-json\/wp\/v2\/media?parent=5645"}],"curies":[{"name":"wp","href":"https:\/\/api.w.org\/{rel}","templated":true}]}}