{"id":5994,"date":"2025-04-03T16:02:00","date_gmt":"2025-04-03T16:02:00","guid":{"rendered":"https:\/\/eu.motorad.com\/zintegrowane-termostaty-obudowy-motorad\/"},"modified":"2025-07-17T13:56:53","modified_gmt":"2025-07-17T13:56:53","slug":"zintegrowane-termostaty-obudowy-motorad","status":"publish","type":"page","link":"https:\/\/eu.motorad.com\/pl\/produkty\/termostaty\/zintegrowane-termostaty-obudowy-motorad\/","title":{"rendered":"Zintegrowane termostaty obudowy MotoRad"},"content":{"rendered":"<h1 style=\"margin-top:var(--wp--preset--spacing--60);margin-bottom:var(--wp--preset--spacing--60);\" class=\"wp-block-post-title\">Zintegrowane termostaty obudowy MotoRad<\/h1>\n<div class=\"wp-block-columns is-layout-flex wp-container-core-columns-is-layout-14cf5ab5 wp-block-columns-is-layout-flex\">\n<div class=\"wp-block-column is-layout-flow wp-block-column-is-layout-flow\" style=\"flex-basis:33.33%\">\n<figure class=\"wp-block-image size-full\"><img loading=\"lazy\" decoding=\"async\" width=\"500\" height=\"500\" src=\"https:\/\/eu.motorad.com\/wp-content\/uploads\/2025\/04\/1050-180_Angle.jpg\" alt=\"\" class=\"wp-image-3539\" srcset=\"https:\/\/eu.motorad.com\/wp-content\/uploads\/2025\/04\/1050-180_Angle.jpg 500w, https:\/\/eu.motorad.com\/wp-content\/uploads\/2025\/04\/1050-180_Angle-300x300.jpg 300w, https:\/\/eu.motorad.com\/wp-content\/uploads\/2025\/04\/1050-180_Angle-150x150.jpg 150w\" sizes=\"auto, (max-width: 500px) 100vw, 500px\" \/><\/figure>\n<\/div>\n\n\n\n<div class=\"wp-block-column is-layout-flow wp-block-column-is-layout-flow\" style=\"flex-basis:66.66%\">\n<p style=\"margin-bottom:var(--wp--preset--spacing--20)\">MotoRad oferuje pe\u0142n\u0105 gam\u0119 termostat\u00f3w zast\u0119puj\u0105cych oryginalne termostaty.  <\/p>\n\n\n\n<p style=\"margin-bottom:var(--wp--preset--spacing--20)\">Zintegrowane termostaty MotoRad r\u00f3\u017cni\u0105 si\u0119 od tradycyjnych termostat\u00f3w. Oferuj\u0105 one kompleksowe, przykr\u0119cane rozwi\u0105zanie z termostatem i obudow\u0105 zintegrowanymi w jednym urz\u0105dzeniu. Jest to rosn\u0105cy segment termostat\u00f3w, z du\u017c\u0105 liczb\u0105 pojazd\u00f3w wchodz\u0105cych w okno wymiany.  <\/p>\n\n\n\n<ul style=\"margin-bottom:var(--wp--preset--spacing--20)\" class=\"wp-block-list\">\n<li>Termostat w pe\u0142ni zintegrowany z urz\u0105dzeniem<\/li>\n\n\n\n<li>Termostat nie mo\u017ce by\u0107 serwisowany oddzielnie<\/li>\n\n\n\n<li>Mo\u017ce zawiera\u0107 czujniki i\/lub sworze\u0144 sterowany MAP (w stosownych przypadkach).<\/li>\n<\/ul>\n\n\n\n<p>Cz\u0119\u015bci te s\u0105 produkowane tak, aby spe\u0142nia\u0142y lub przewy\u017csza\u0142y wszystkie wymagania producent\u00f3w oryginalnego sprz\u0119tu. MotoRad oferuje r\u00f3wnie\u017c standardowe termostaty dla wielu alternatywnych temperatur. <\/p>\n<\/div>\n<\/div>\n\n<h2 class=\"wp-block-heading\" id=\"h-integrated-housing-thermosats\" style=\"margin-bottom:var(--wp--preset--spacing--50)\">Termosaty ze zintegrowan\u0105 obudow\u0105:<\/h2>\n\n<div class=\"wp-block-columns is-layout-flex wp-container-core-columns-is-layout-baf23659 wp-block-columns-is-layout-flex\" style=\"margin-bottom:var(--wp--preset--spacing--60)\">\n<div class=\"wp-block-column is-layout-flow wp-block-column-is-layout-flow\">\n<figure class=\"wp-block-image size-full\"><img loading=\"lazy\" decoding=\"async\" width=\"500\" height=\"500\" src=\"https:\/\/eu.motorad.com\/wp-content\/uploads\/2025\/04\/1000-217_Angle-1.jpg\" alt=\"\" class=\"wp-image-3511\" srcset=\"https:\/\/eu.motorad.com\/wp-content\/uploads\/2025\/04\/1000-217_Angle-1.jpg 500w, https:\/\/eu.motorad.com\/wp-content\/uploads\/2025\/04\/1000-217_Angle-1-300x300.jpg 300w, https:\/\/eu.motorad.com\/wp-content\/uploads\/2025\/04\/1000-217_Angle-1-150x150.jpg 150w\" sizes=\"auto, (max-width: 500px) 100vw, 500px\" \/><\/figure>\n<\/div>\n\n\n\n<div class=\"wp-block-column is-layout-flow wp-block-column-is-layout-flow\">\n<figure class=\"wp-block-image size-full\"><img loading=\"lazy\" decoding=\"async\" width=\"500\" height=\"500\" src=\"https:\/\/eu.motorad.com\/wp-content\/uploads\/2025\/04\/1010-190_Angle.jpg\" alt=\"\" class=\"wp-image-3518\" srcset=\"https:\/\/eu.motorad.com\/wp-content\/uploads\/2025\/04\/1010-190_Angle.jpg 500w, https:\/\/eu.motorad.com\/wp-content\/uploads\/2025\/04\/1010-190_Angle-300x300.jpg 300w, https:\/\/eu.motorad.com\/wp-content\/uploads\/2025\/04\/1010-190_Angle-150x150.jpg 150w\" sizes=\"auto, (max-width: 500px) 100vw, 500px\" \/><\/figure>\n<\/div>\n\n\n\n<div class=\"wp-block-column is-layout-flow wp-block-column-is-layout-flow\">\n<figure class=\"wp-block-image size-full\"><img loading=\"lazy\" decoding=\"async\" width=\"500\" height=\"500\" src=\"https:\/\/eu.motorad.com\/wp-content\/uploads\/2025\/04\/1012-180_Angle.jpg\" alt=\"\" class=\"wp-image-3525\" srcset=\"https:\/\/eu.motorad.com\/wp-content\/uploads\/2025\/04\/1012-180_Angle.jpg 500w, https:\/\/eu.motorad.com\/wp-content\/uploads\/2025\/04\/1012-180_Angle-300x300.jpg 300w, https:\/\/eu.motorad.com\/wp-content\/uploads\/2025\/04\/1012-180_Angle-150x150.jpg 150w\" sizes=\"auto, (max-width: 500px) 100vw, 500px\" \/><\/figure>\n<\/div>\n\n\n\n<div class=\"wp-block-column is-layout-flow wp-block-column-is-layout-flow\">\n<figure class=\"wp-block-image size-full\"><img loading=\"lazy\" decoding=\"async\" width=\"500\" height=\"500\" src=\"https:\/\/eu.motorad.com\/wp-content\/uploads\/2025\/04\/1027-167_Angle.jpg\" alt=\"\" class=\"wp-image-3532\" srcset=\"https:\/\/eu.motorad.com\/wp-content\/uploads\/2025\/04\/1027-167_Angle.jpg 500w, https:\/\/eu.motorad.com\/wp-content\/uploads\/2025\/04\/1027-167_Angle-300x300.jpg 300w, https:\/\/eu.motorad.com\/wp-content\/uploads\/2025\/04\/1027-167_Angle-150x150.jpg 150w\" sizes=\"auto, (max-width: 500px) 100vw, 500px\" \/><\/figure>\n<\/div>\n\n\n\n<div class=\"wp-block-column is-layout-flow wp-block-column-is-layout-flow\">\n<figure class=\"wp-block-image size-full\"><img loading=\"lazy\" decoding=\"async\" width=\"500\" height=\"500\" src=\"https:\/\/eu.motorad.com\/wp-content\/uploads\/2025\/04\/1103-180_Angle.jpg\" alt=\"\" class=\"wp-image-3546\" srcset=\"https:\/\/eu.motorad.com\/wp-content\/uploads\/2025\/04\/1103-180_Angle.jpg 500w, https:\/\/eu.motorad.com\/wp-content\/uploads\/2025\/04\/1103-180_Angle-300x300.jpg 300w, https:\/\/eu.motorad.com\/wp-content\/uploads\/2025\/04\/1103-180_Angle-150x150.jpg 150w\" sizes=\"auto, (max-width: 500px) 100vw, 500px\" \/><\/figure>\n<\/div>\n<\/div>\n\n<p style=\"margin-bottom:var(--wp--preset--spacing--20)\">MotoRad oferuje najlepsz\u0105 na \u015bwiecie gam\u0119 termostat\u00f3w do niemal ka\u017cdego pojazdu i silnika na drodze lub poza ni\u0105. Termostaty MotoRad odgrywaj\u0105 kluczow\u0105 rol\u0119 w utrzymaniu temperatury roboczej silnika.   <\/p>\n\n<p style=\"margin-bottom:var(--wp--preset--spacing--20)\">Wp\u0142ywa to pozytywnie na efektywno\u015b\u0107 spalania i przenoszenia mocy, zu\u017cycie paliwa, emisj\u0119 zanieczyszcze\u0144 i \u017cywotno\u015b\u0107 silnika.<\/p>\n\n<p style=\"margin-bottom:var(--wp--preset--spacing--60)\">Chcesz szybko znale\u017a\u0107 kompatybiln\u0105 cz\u0119\u015b\u0107? Nasz kompleksowy system por\u00f3wnawczy upraszcza proces wyszukiwania, zapewniaj\u0105c bezproblemowe uzyskanie odpowiedniego termostatu do pojazdu. Zaufaj MotoRad w zakresie niezr\u00f3wnanej wiedzy, niezawodno\u015bci i innowacji w zarz\u0105dzaniu temperatur\u0105 w motoryzacji.  <\/p>\n\n<div class=\"wp-block-buttons is-layout-flex wp-block-buttons-is-layout-flex\" style=\"margin-bottom:var(--wp--preset--spacing--70)\">\n<div class=\"wp-block-button\"><a class=\"wp-block-button__link wp-element-button\" href=\"https:\/\/eu.motorad.com\/pl\/produkty\/\">Znajd\u017a sw\u00f3j termostat<\/a><\/div>\n<\/div>\n","protected":false},"excerpt":{"rendered":"<p>MotoRad oferuje pe\u0142n\u0105 gam\u0119 termostat\u00f3w zast\u0119puj\u0105cych oryginalne termostaty. Zintegrowane termostaty MotoRad r\u00f3\u017cni\u0105 si\u0119 od tradycyjnych termostat\u00f3w. Oferuj\u0105 one kompleksowe, przykr\u0119cane [&#8230;]<\/p>\n","protected":false},"author":1,"featured_media":0,"parent":6739,"menu_order":0,"comment_status":"closed","ping_status":"closed","template":"","meta":{"_acf_changed":false,"footnotes":""},"class_list":["post-5994","page","type-page","status-publish","hentry"],"acf":[],"yoast_head":"<!-- This site is optimized with the Yoast SEO Premium plugin v27.2 (Yoast SEO v27.2) - https:\/\/yoast.com\/product\/yoast-seo-premium-wordpress\/ -->\n<title>Zintegrowane termostaty obudowy MotoRad - MotoRad<\/title>\n<meta name=\"description\" content=\"MotoRad - Zintegrowane termostaty obudowy MotoRad %\" \/>\n<meta name=\"robots\" content=\"index, follow, max-snippet:-1, max-image-preview:large, max-video-preview:-1\" \/>\n<link rel=\"canonical\" href=\"https:\/\/eu.motorad.com\/pl\/produkty\/termostaty\/zintegrowane-termostaty-obudowy-motorad\/\" \/>\n<meta property=\"og:locale\" content=\"pl_PL\" \/>\n<meta property=\"og:type\" content=\"article\" \/>\n<meta property=\"og:title\" content=\"Zintegrowane termostaty obudowy MotoRad\" \/>\n<meta property=\"og:description\" content=\"MotoRad - Zintegrowane termostaty obudowy MotoRad %\" \/>\n<meta property=\"og:url\" content=\"https:\/\/eu.motorad.com\/pl\/produkty\/termostaty\/zintegrowane-termostaty-obudowy-motorad\/\" \/>\n<meta property=\"og:site_name\" content=\"MotoRad\" \/>\n<meta property=\"article:modified_time\" content=\"2025-07-17T13:56:53+00:00\" \/>\n<meta property=\"og:image\" content=\"https:\/\/eu.motorad.com\/wp-content\/uploads\/2025\/04\/1050-180_Angle.jpg\" \/>\n\t<meta property=\"og:image:width\" content=\"500\" \/>\n\t<meta property=\"og:image:height\" content=\"500\" \/>\n\t<meta property=\"og:image:type\" content=\"image\/jpeg\" \/>\n<meta name=\"twitter:card\" content=\"summary_large_image\" \/>\n<meta name=\"twitter:label1\" content=\"Est. reading time\" \/>\n\t<meta name=\"twitter:data1\" content=\"1 minuta\" \/>\n<script type=\"application\/ld+json\" class=\"yoast-schema-graph\">{\"@context\":\"https:\/\/schema.org\",\"@graph\":[{\"@type\":\"WebPage\",\"@id\":\"https:\/\/eu.motorad.com\/pl\/produkty\/termostaty\/zintegrowane-termostaty-obudowy-motorad\/\",\"url\":\"https:\/\/eu.motorad.com\/pl\/produkty\/termostaty\/zintegrowane-termostaty-obudowy-motorad\/\",\"name\":\"Zintegrowane termostaty obudowy MotoRad - MotoRad\",\"isPartOf\":{\"@id\":\"https:\/\/eu.motorad.com\/pl\/#website\"},\"primaryImageOfPage\":{\"@id\":\"https:\/\/eu.motorad.com\/pl\/produkty\/termostaty\/zintegrowane-termostaty-obudowy-motorad\/#primaryimage\"},\"image\":{\"@id\":\"https:\/\/eu.motorad.com\/pl\/produkty\/termostaty\/zintegrowane-termostaty-obudowy-motorad\/#primaryimage\"},\"thumbnailUrl\":\"https:\/\/eu.motorad.com\/wp-content\/uploads\/2025\/04\/1050-180_Angle.jpg\",\"datePublished\":\"2025-04-03T16:02:00+00:00\",\"dateModified\":\"2025-07-17T13:56:53+00:00\",\"description\":\"MotoRad - Zintegrowane termostaty obudowy MotoRad %\",\"breadcrumb\":{\"@id\":\"https:\/\/eu.motorad.com\/pl\/produkty\/termostaty\/zintegrowane-termostaty-obudowy-motorad\/#breadcrumb\"},\"inLanguage\":\"pl-PL\",\"potentialAction\":[{\"@type\":\"ReadAction\",\"target\":[\"https:\/\/eu.motorad.com\/pl\/produkty\/termostaty\/zintegrowane-termostaty-obudowy-motorad\/\"]}]},{\"@type\":\"ImageObject\",\"inLanguage\":\"pl-PL\",\"@id\":\"https:\/\/eu.motorad.com\/pl\/produkty\/termostaty\/zintegrowane-termostaty-obudowy-motorad\/#primaryimage\",\"url\":\"https:\/\/eu.motorad.com\/wp-content\/uploads\/2025\/04\/1050-180_Angle.jpg\",\"contentUrl\":\"https:\/\/eu.motorad.com\/wp-content\/uploads\/2025\/04\/1050-180_Angle.jpg\"},{\"@type\":\"BreadcrumbList\",\"@id\":\"https:\/\/eu.motorad.com\/pl\/produkty\/termostaty\/zintegrowane-termostaty-obudowy-motorad\/#breadcrumb\",\"itemListElement\":[{\"@type\":\"ListItem\",\"position\":1,\"name\":\"Home\",\"item\":\"https:\/\/motoradnew.test\/pl\/strona-glowna\/\"},{\"@type\":\"ListItem\",\"position\":2,\"name\":\"Produkty\",\"item\":\"https:\/\/motoradnew.test\/pl\/produkty\/\"},{\"@type\":\"ListItem\",\"position\":3,\"name\":\"Termostaty\",\"item\":\"https:\/\/motoradnew.test\/pl\/produkty\/termostaty\/\"},{\"@type\":\"ListItem\",\"position\":4,\"name\":\"Zintegrowane termostaty obudowy MotoRad\"}]},{\"@type\":\"WebSite\",\"@id\":\"https:\/\/eu.motorad.com\/pl\/#website\",\"url\":\"https:\/\/eu.motorad.com\/pl\/\",\"name\":\"MotoRad\",\"description\":\"Trusted to Deliver Better - Thermal Management, Emissions, Powertrain Controls\",\"potentialAction\":[{\"@type\":\"SearchAction\",\"target\":{\"@type\":\"EntryPoint\",\"urlTemplate\":\"https:\/\/eu.motorad.com\/pl\/?s={search_term_string}\"},\"query-input\":{\"@type\":\"PropertyValueSpecification\",\"valueRequired\":true,\"valueName\":\"search_term_string\"}}],\"inLanguage\":\"pl-PL\"}]}<\/script>\n<!-- \/ Yoast SEO Premium plugin. -->","yoast_head_json":{"title":"Zintegrowane termostaty obudowy MotoRad - MotoRad","description":"MotoRad - Zintegrowane termostaty obudowy MotoRad %","robots":{"index":"index","follow":"follow","max-snippet":"max-snippet:-1","max-image-preview":"max-image-preview:large","max-video-preview":"max-video-preview:-1"},"canonical":"https:\/\/eu.motorad.com\/pl\/produkty\/termostaty\/zintegrowane-termostaty-obudowy-motorad\/","og_locale":"pl_PL","og_type":"article","og_title":"Zintegrowane termostaty obudowy MotoRad","og_description":"MotoRad - Zintegrowane termostaty obudowy MotoRad %","og_url":"https:\/\/eu.motorad.com\/pl\/produkty\/termostaty\/zintegrowane-termostaty-obudowy-motorad\/","og_site_name":"MotoRad","article_modified_time":"2025-07-17T13:56:53+00:00","og_image":[{"width":500,"height":500,"url":"https:\/\/eu.motorad.com\/wp-content\/uploads\/2025\/04\/1050-180_Angle.jpg","type":"image\/jpeg"}],"twitter_card":"summary_large_image","twitter_misc":{"Est. reading time":"1 minuta"},"schema":{"@context":"https:\/\/schema.org","@graph":[{"@type":"WebPage","@id":"https:\/\/eu.motorad.com\/pl\/produkty\/termostaty\/zintegrowane-termostaty-obudowy-motorad\/","url":"https:\/\/eu.motorad.com\/pl\/produkty\/termostaty\/zintegrowane-termostaty-obudowy-motorad\/","name":"Zintegrowane termostaty obudowy MotoRad - MotoRad","isPartOf":{"@id":"https:\/\/eu.motorad.com\/pl\/#website"},"primaryImageOfPage":{"@id":"https:\/\/eu.motorad.com\/pl\/produkty\/termostaty\/zintegrowane-termostaty-obudowy-motorad\/#primaryimage"},"image":{"@id":"https:\/\/eu.motorad.com\/pl\/produkty\/termostaty\/zintegrowane-termostaty-obudowy-motorad\/#primaryimage"},"thumbnailUrl":"https:\/\/eu.motorad.com\/wp-content\/uploads\/2025\/04\/1050-180_Angle.jpg","datePublished":"2025-04-03T16:02:00+00:00","dateModified":"2025-07-17T13:56:53+00:00","description":"MotoRad - Zintegrowane termostaty obudowy MotoRad %","breadcrumb":{"@id":"https:\/\/eu.motorad.com\/pl\/produkty\/termostaty\/zintegrowane-termostaty-obudowy-motorad\/#breadcrumb"},"inLanguage":"pl-PL","potentialAction":[{"@type":"ReadAction","target":["https:\/\/eu.motorad.com\/pl\/produkty\/termostaty\/zintegrowane-termostaty-obudowy-motorad\/"]}]},{"@type":"ImageObject","inLanguage":"pl-PL","@id":"https:\/\/eu.motorad.com\/pl\/produkty\/termostaty\/zintegrowane-termostaty-obudowy-motorad\/#primaryimage","url":"https:\/\/eu.motorad.com\/wp-content\/uploads\/2025\/04\/1050-180_Angle.jpg","contentUrl":"https:\/\/eu.motorad.com\/wp-content\/uploads\/2025\/04\/1050-180_Angle.jpg"},{"@type":"BreadcrumbList","@id":"https:\/\/eu.motorad.com\/pl\/produkty\/termostaty\/zintegrowane-termostaty-obudowy-motorad\/#breadcrumb","itemListElement":[{"@type":"ListItem","position":1,"name":"Home","item":"https:\/\/motoradnew.test\/pl\/strona-glowna\/"},{"@type":"ListItem","position":2,"name":"Produkty","item":"https:\/\/motoradnew.test\/pl\/produkty\/"},{"@type":"ListItem","position":3,"name":"Termostaty","item":"https:\/\/motoradnew.test\/pl\/produkty\/termostaty\/"},{"@type":"ListItem","position":4,"name":"Zintegrowane termostaty obudowy MotoRad"}]},{"@type":"WebSite","@id":"https:\/\/eu.motorad.com\/pl\/#website","url":"https:\/\/eu.motorad.com\/pl\/","name":"MotoRad","description":"Trusted to Deliver Better - Thermal Management, Emissions, Powertrain Controls","potentialAction":[{"@type":"SearchAction","target":{"@type":"EntryPoint","urlTemplate":"https:\/\/eu.motorad.com\/pl\/?s={search_term_string}"},"query-input":{"@type":"PropertyValueSpecification","valueRequired":true,"valueName":"search_term_string"}}],"inLanguage":"pl-PL"}]}},"_links":{"self":[{"href":"https:\/\/eu.motorad.com\/pl\/wp-json\/wp\/v2\/pages\/5994","targetHints":{"allow":["GET"]}}],"collection":[{"href":"https:\/\/eu.motorad.com\/pl\/wp-json\/wp\/v2\/pages"}],"about":[{"href":"https:\/\/eu.motorad.com\/pl\/wp-json\/wp\/v2\/types\/page"}],"author":[{"embeddable":true,"href":"https:\/\/eu.motorad.com\/pl\/wp-json\/wp\/v2\/users\/1"}],"replies":[{"embeddable":true,"href":"https:\/\/eu.motorad.com\/pl\/wp-json\/wp\/v2\/comments?post=5994"}],"version-history":[{"count":2,"href":"https:\/\/eu.motorad.com\/pl\/wp-json\/wp\/v2\/pages\/5994\/revisions"}],"predecessor-version":[{"id":55774,"href":"https:\/\/eu.motorad.com\/pl\/wp-json\/wp\/v2\/pages\/5994\/revisions\/55774"}],"up":[{"embeddable":true,"href":"https:\/\/eu.motorad.com\/pl\/wp-json\/wp\/v2\/pages\/6739"}],"wp:attachment":[{"href":"https:\/\/eu.motorad.com\/pl\/wp-json\/wp\/v2\/media?parent=5994"}],"curies":[{"name":"wp","href":"https:\/\/api.w.org\/{rel}","templated":true}]}}