{"id":6722,"date":"2025-04-03T15:39:49","date_gmt":"2025-04-03T15:39:49","guid":{"rendered":"https:\/\/eu.motorad.com\/termostaty-samochodowe\/"},"modified":"2025-07-17T13:56:53","modified_gmt":"2025-07-17T13:56:53","slug":"termostaty-samochodowe","status":"publish","type":"page","link":"https:\/\/eu.motorad.com\/pl\/produkty\/termostaty\/termostaty-samochodowe\/","title":{"rendered":"Termostaty samochodowe"},"content":{"rendered":"<h1 style=\"padding-bottom:0;margin-top:var(--wp--preset--spacing--60);\" class=\"wp-block-post-title\">Termostaty samochodowe<\/h1>\n<div class=\"wp-block-columns is-layout-flex wp-container-core-columns-is-layout-b94da506 wp-block-columns-is-layout-flex\" style=\"margin-top:var(--wp--preset--spacing--60);margin-bottom:var(--wp--preset--spacing--70)\">\n<div class=\"wp-block-column is-layout-flow wp-block-column-is-layout-flow\" style=\"flex-basis:33.33%\">\n<figure class=\"wp-block-image aligncenter size-full\"><img loading=\"lazy\" decoding=\"async\" width=\"216\" height=\"216\" src=\"https:\/\/eu.motorad.com\/wp-content\/uploads\/2025\/04\/Motorad-04.svg\" alt=\"\" class=\"wp-image-3379\"\/><\/figure>\n<\/div>\n\n\n\n<div class=\"wp-block-column is-layout-flow wp-block-column-is-layout-flow\" style=\"flex-basis:66.66%\">\n<p style=\"margin-bottom:var(--wp--preset--spacing--30)\">MotoRad oferuje pe\u0142n\u0105 gam\u0119 termostat\u00f3w zast\u0119puj\u0105cych oryginalne termostaty. <\/p>\n\n\n\n<p style=\"margin-bottom:var(--wp--preset--spacing--30)\"><strong>Termostaty MotoRad s\u0105 dost\u0119pne w trzech r\u00f3\u017cnych poziomach jako\u015bci, aby sprosta\u0107 zr\u00f3\u017cnicowanym potrzebom konsument\u00f3w i profesjonalnych instalator\u00f3w.<\/strong><\/p>\n\n\n\n<div class=\"wp-block-columns is-layout-flex wp-container-core-columns-is-layout-cf69c365 wp-block-columns-is-layout-flex\" style=\"margin-bottom:var(--wp--preset--spacing--60)\">\n<div class=\"wp-block-column is-layout-flow wp-block-column-is-layout-flow\">\n<figure class=\"wp-block-image size-full\" style=\"margin-bottom:var(--wp--preset--spacing--40)\"><a href=\"https:\/\/eu.motorad.com\/pl\/termostaty\/termostaty-motorad-ultrastat\/\"><img loading=\"lazy\" decoding=\"async\" width=\"720\" height=\"347\" src=\"https:\/\/eu.motorad.com\/wp-content\/uploads\/2025\/04\/UltraStat_Image_web-1.jpg\" alt=\"\" class=\"wp-image-3415\" srcset=\"https:\/\/eu.motorad.com\/wp-content\/uploads\/2025\/04\/UltraStat_Image_web-1.jpg 720w, https:\/\/eu.motorad.com\/wp-content\/uploads\/2025\/04\/UltraStat_Image_web-1-300x145.jpg 300w\" sizes=\"auto, (max-width: 720px) 100vw, 720px\" \/><\/a><\/figure>\n\n\n\n<ul class=\"wp-block-list\">\n<li>Zaprojektowane, aby przewy\u017csza\u0107 specyfikacje oryginalnego wyposa\u017cenia<\/li>\n\n\n\n<li>Wysokiej jako\u015bci konstrukcja z potr\u00f3jnym mostkiem dla wytrzyma\u0142o\u015bci i stabilno\u015bci<\/li>\n\n\n\n<li>Powi\u0119kszony otw\u00f3r zapewniaj\u0105cy zwi\u0119kszony przep\u0142yw<\/li>\n\n\n\n<li>Doskona\u0142a reakcja na potrzeby ch\u0142odzenia<\/li>\n<\/ul>\n<\/div>\n\n\n\n<div class=\"wp-block-column is-layout-flow wp-block-column-is-layout-flow\">\n<figure class=\"wp-block-image size-full\" style=\"margin-bottom:var(--wp--preset--spacing--40)\"><img loading=\"lazy\" decoding=\"async\" width=\"457\" height=\"204\" src=\"https:\/\/eu.motorad.com\/wp-content\/uploads\/2025\/04\/Fail-Safe_Callout_web-1.jpg\" alt=\"\" class=\"wp-image-3401\" srcset=\"https:\/\/eu.motorad.com\/wp-content\/uploads\/2025\/04\/Fail-Safe_Callout_web-1.jpg 457w, https:\/\/eu.motorad.com\/wp-content\/uploads\/2025\/04\/Fail-Safe_Callout_web-1-300x134.jpg 300w\" sizes=\"auto, (max-width: 457px) 100vw, 457px\" \/><\/figure>\n\n\n\n<p><strong>Pomaga chroni\u0107 silnik przed przegrzaniem.<\/strong><\/p>\n\n\n\n<p>Gdy zu\u017cywaj\u0105ca si\u0119 cz\u0119\u015b\u0107 uk\u0142adu ch\u0142odzenia powoduje przegrzanie, system awaryjny uruchamia dodatkowy skok, aktywuj\u0105c precyzyjnie zaprojektowany t\u0142ok. Automatycznie blokuje on zaw\u00f3r w szeroko otwartej pozycji, umo\u017cliwiaj\u0105c swobodny obieg p\u0142ynu ch\u0142odz\u0105cego. <\/p>\n<\/div>\n\n\n\n<div class=\"wp-block-column is-layout-flow wp-block-column-is-layout-flow\">\n<figure class=\"wp-block-image aligncenter size-full is-resized\" style=\"margin-bottom:var(--wp--preset--spacing--40)\"><img loading=\"lazy\" decoding=\"async\" width=\"240\" height=\"248\" src=\"https:\/\/eu.motorad.com\/wp-content\/uploads\/2025\/04\/part.webp\" alt=\"\" class=\"wp-image-3408\" style=\"width:135px;height:139px\"\/><\/figure>\n\n\n\n<p>Standardowe termostaty samochodowe wykorzystuj\u0105 termicznie reaguj\u0105cy woskowy pellet zamkni\u0119ty w miedzianym kubku przewodz\u0105cym ciep\u0142o, zawieraj\u0105cym elastyczn\u0105 gumow\u0105 membran\u0119.<\/p>\n<\/div>\n<\/div>\n\n\n\n<p>Te cz\u0119\u015bci s\u0105 produkowane tak, aby spe\u0142nia\u0107 lub przewy\u017csza\u0107 wszystkie wymagania oryginalnego producenta. MotoRad oferuje r\u00f3wnie\u017c standardowe termostaty dla wielu alternatywnych temperatur. <\/p>\n<\/div>\n<\/div>\n\n<p style=\"margin-bottom:var(--wp--preset--spacing--30)\">MotoRad oferuje najlepszy na \u015bwiecie asortyment termostat\u00f3w do prawie ka\u017cdego pojazdu i silnika, zar\u00f3wno na drodze, jak i poza ni\u0105. Termostaty MotoRad odgrywaj\u0105 kluczow\u0105 rol\u0119 w utrzymaniu temperatury roboczej silnika.  <\/p>\n\n<p style=\"margin-bottom:var(--wp--preset--spacing--60)\">Ma to pozytywny wp\u0142yw na efektywno\u015b\u0107 spalania i przenoszenia mocy, zu\u017cycie paliwa, emisj\u0119 zanieczyszcze\u0144 oraz \u017cywotno\u015b\u0107 silnika.<\/p>\n\n<div class=\"wp-block-buttons is-layout-flex wp-block-buttons-is-layout-flex\" style=\"margin-bottom:var(--wp--preset--spacing--70)\">\n<div class=\"wp-block-button\"><a class=\"wp-block-button__link wp-element-button\" href=\"https:\/\/eu.motorad.com\/pl\/produkty\/\">Znajd\u017a sw\u00f3j termostat<\/a><\/div>\n<\/div>\n\n<p><\/p>\n","protected":false},"excerpt":{"rendered":"<p>MotoRad oferuje pe\u0142n\u0105 gam\u0119 termostat\u00f3w zast\u0119puj\u0105cych oryginalne termostaty. Termostaty MotoRad s\u0105 dost\u0119pne w trzech r\u00f3\u017cnych poziomach jako\u015bci, aby sprosta\u0107 zr\u00f3\u017cnicowanym [&#8230;]<\/p>\n","protected":false},"author":1,"featured_media":0,"parent":6739,"menu_order":0,"comment_status":"closed","ping_status":"closed","template":"","meta":{"_acf_changed":false,"footnotes":""},"class_list":["post-6722","page","type-page","status-publish","hentry"],"acf":[],"yoast_head":"<!-- This site is optimized with the Yoast SEO Premium plugin v27.2 (Yoast SEO v27.2) - https:\/\/yoast.com\/product\/yoast-seo-premium-wordpress\/ -->\n<title>Termostaty samochodowe - MotoRad<\/title>\n<meta name=\"description\" content=\"MotoRad - Termostaty samochodowe %\" \/>\n<meta name=\"robots\" content=\"index, follow, max-snippet:-1, max-image-preview:large, max-video-preview:-1\" \/>\n<link rel=\"canonical\" href=\"https:\/\/eu.motorad.com\/pl\/produkty\/termostaty\/termostaty-samochodowe\/\" \/>\n<meta property=\"og:locale\" content=\"pl_PL\" \/>\n<meta property=\"og:type\" content=\"article\" \/>\n<meta property=\"og:title\" content=\"Termostaty samochodowe\" \/>\n<meta property=\"og:description\" content=\"MotoRad - Termostaty samochodowe %\" \/>\n<meta property=\"og:url\" content=\"https:\/\/eu.motorad.com\/pl\/produkty\/termostaty\/termostaty-samochodowe\/\" \/>\n<meta property=\"og:site_name\" content=\"MotoRad\" \/>\n<meta property=\"article:modified_time\" content=\"2025-07-17T13:56:53+00:00\" \/>\n<meta name=\"twitter:card\" content=\"summary_large_image\" \/>\n<meta name=\"twitter:label1\" content=\"Est. reading time\" \/>\n\t<meta name=\"twitter:data1\" content=\"1 minuta\" \/>\n<script type=\"application\/ld+json\" class=\"yoast-schema-graph\">{\"@context\":\"https:\/\/schema.org\",\"@graph\":[{\"@type\":\"WebPage\",\"@id\":\"https:\/\/eu.motorad.com\/pl\/produkty\/termostaty\/termostaty-samochodowe\/\",\"url\":\"https:\/\/eu.motorad.com\/pl\/produkty\/termostaty\/termostaty-samochodowe\/\",\"name\":\"Termostaty samochodowe - MotoRad\",\"isPartOf\":{\"@id\":\"https:\/\/eu.motorad.com\/pl\/#website\"},\"primaryImageOfPage\":{\"@id\":\"https:\/\/eu.motorad.com\/pl\/produkty\/termostaty\/termostaty-samochodowe\/#primaryimage\"},\"image\":{\"@id\":\"https:\/\/eu.motorad.com\/pl\/produkty\/termostaty\/termostaty-samochodowe\/#primaryimage\"},\"thumbnailUrl\":\"https:\/\/eu.motorad.com\/wp-content\/uploads\/2025\/04\/Motorad-04.svg\",\"datePublished\":\"2025-04-03T15:39:49+00:00\",\"dateModified\":\"2025-07-17T13:56:53+00:00\",\"description\":\"MotoRad - Termostaty samochodowe %\",\"breadcrumb\":{\"@id\":\"https:\/\/eu.motorad.com\/pl\/produkty\/termostaty\/termostaty-samochodowe\/#breadcrumb\"},\"inLanguage\":\"pl-PL\",\"potentialAction\":[{\"@type\":\"ReadAction\",\"target\":[\"https:\/\/eu.motorad.com\/pl\/produkty\/termostaty\/termostaty-samochodowe\/\"]}]},{\"@type\":\"ImageObject\",\"inLanguage\":\"pl-PL\",\"@id\":\"https:\/\/eu.motorad.com\/pl\/produkty\/termostaty\/termostaty-samochodowe\/#primaryimage\",\"url\":\"https:\/\/eu.motorad.com\/wp-content\/uploads\/2025\/04\/Motorad-04.svg\",\"contentUrl\":\"https:\/\/eu.motorad.com\/wp-content\/uploads\/2025\/04\/Motorad-04.svg\"},{\"@type\":\"BreadcrumbList\",\"@id\":\"https:\/\/eu.motorad.com\/pl\/produkty\/termostaty\/termostaty-samochodowe\/#breadcrumb\",\"itemListElement\":[{\"@type\":\"ListItem\",\"position\":1,\"name\":\"Home\",\"item\":\"https:\/\/motoradnew.test\/pl\/strona-glowna\/\"},{\"@type\":\"ListItem\",\"position\":2,\"name\":\"Produkty\",\"item\":\"https:\/\/motoradnew.test\/pl\/produkty\/\"},{\"@type\":\"ListItem\",\"position\":3,\"name\":\"Termostaty\",\"item\":\"https:\/\/motoradnew.test\/pl\/produkty\/termostaty\/\"},{\"@type\":\"ListItem\",\"position\":4,\"name\":\"Termostaty samochodowe\"}]},{\"@type\":\"WebSite\",\"@id\":\"https:\/\/eu.motorad.com\/pl\/#website\",\"url\":\"https:\/\/eu.motorad.com\/pl\/\",\"name\":\"MotoRad\",\"description\":\"Trusted to Deliver Better - Thermal Management, Emissions, Powertrain Controls\",\"potentialAction\":[{\"@type\":\"SearchAction\",\"target\":{\"@type\":\"EntryPoint\",\"urlTemplate\":\"https:\/\/eu.motorad.com\/pl\/?s={search_term_string}\"},\"query-input\":{\"@type\":\"PropertyValueSpecification\",\"valueRequired\":true,\"valueName\":\"search_term_string\"}}],\"inLanguage\":\"pl-PL\"}]}<\/script>\n<!-- \/ Yoast SEO Premium plugin. -->","yoast_head_json":{"title":"Termostaty samochodowe - MotoRad","description":"MotoRad - Termostaty samochodowe %","robots":{"index":"index","follow":"follow","max-snippet":"max-snippet:-1","max-image-preview":"max-image-preview:large","max-video-preview":"max-video-preview:-1"},"canonical":"https:\/\/eu.motorad.com\/pl\/produkty\/termostaty\/termostaty-samochodowe\/","og_locale":"pl_PL","og_type":"article","og_title":"Termostaty samochodowe","og_description":"MotoRad - Termostaty samochodowe %","og_url":"https:\/\/eu.motorad.com\/pl\/produkty\/termostaty\/termostaty-samochodowe\/","og_site_name":"MotoRad","article_modified_time":"2025-07-17T13:56:53+00:00","twitter_card":"summary_large_image","twitter_misc":{"Est. reading time":"1 minuta"},"schema":{"@context":"https:\/\/schema.org","@graph":[{"@type":"WebPage","@id":"https:\/\/eu.motorad.com\/pl\/produkty\/termostaty\/termostaty-samochodowe\/","url":"https:\/\/eu.motorad.com\/pl\/produkty\/termostaty\/termostaty-samochodowe\/","name":"Termostaty samochodowe - MotoRad","isPartOf":{"@id":"https:\/\/eu.motorad.com\/pl\/#website"},"primaryImageOfPage":{"@id":"https:\/\/eu.motorad.com\/pl\/produkty\/termostaty\/termostaty-samochodowe\/#primaryimage"},"image":{"@id":"https:\/\/eu.motorad.com\/pl\/produkty\/termostaty\/termostaty-samochodowe\/#primaryimage"},"thumbnailUrl":"https:\/\/eu.motorad.com\/wp-content\/uploads\/2025\/04\/Motorad-04.svg","datePublished":"2025-04-03T15:39:49+00:00","dateModified":"2025-07-17T13:56:53+00:00","description":"MotoRad - Termostaty samochodowe %","breadcrumb":{"@id":"https:\/\/eu.motorad.com\/pl\/produkty\/termostaty\/termostaty-samochodowe\/#breadcrumb"},"inLanguage":"pl-PL","potentialAction":[{"@type":"ReadAction","target":["https:\/\/eu.motorad.com\/pl\/produkty\/termostaty\/termostaty-samochodowe\/"]}]},{"@type":"ImageObject","inLanguage":"pl-PL","@id":"https:\/\/eu.motorad.com\/pl\/produkty\/termostaty\/termostaty-samochodowe\/#primaryimage","url":"https:\/\/eu.motorad.com\/wp-content\/uploads\/2025\/04\/Motorad-04.svg","contentUrl":"https:\/\/eu.motorad.com\/wp-content\/uploads\/2025\/04\/Motorad-04.svg"},{"@type":"BreadcrumbList","@id":"https:\/\/eu.motorad.com\/pl\/produkty\/termostaty\/termostaty-samochodowe\/#breadcrumb","itemListElement":[{"@type":"ListItem","position":1,"name":"Home","item":"https:\/\/motoradnew.test\/pl\/strona-glowna\/"},{"@type":"ListItem","position":2,"name":"Produkty","item":"https:\/\/motoradnew.test\/pl\/produkty\/"},{"@type":"ListItem","position":3,"name":"Termostaty","item":"https:\/\/motoradnew.test\/pl\/produkty\/termostaty\/"},{"@type":"ListItem","position":4,"name":"Termostaty samochodowe"}]},{"@type":"WebSite","@id":"https:\/\/eu.motorad.com\/pl\/#website","url":"https:\/\/eu.motorad.com\/pl\/","name":"MotoRad","description":"Trusted to Deliver Better - Thermal Management, Emissions, Powertrain Controls","potentialAction":[{"@type":"SearchAction","target":{"@type":"EntryPoint","urlTemplate":"https:\/\/eu.motorad.com\/pl\/?s={search_term_string}"},"query-input":{"@type":"PropertyValueSpecification","valueRequired":true,"valueName":"search_term_string"}}],"inLanguage":"pl-PL"}]}},"_links":{"self":[{"href":"https:\/\/eu.motorad.com\/pl\/wp-json\/wp\/v2\/pages\/6722","targetHints":{"allow":["GET"]}}],"collection":[{"href":"https:\/\/eu.motorad.com\/pl\/wp-json\/wp\/v2\/pages"}],"about":[{"href":"https:\/\/eu.motorad.com\/pl\/wp-json\/wp\/v2\/types\/page"}],"author":[{"embeddable":true,"href":"https:\/\/eu.motorad.com\/pl\/wp-json\/wp\/v2\/users\/1"}],"replies":[{"embeddable":true,"href":"https:\/\/eu.motorad.com\/pl\/wp-json\/wp\/v2\/comments?post=6722"}],"version-history":[{"count":3,"href":"https:\/\/eu.motorad.com\/pl\/wp-json\/wp\/v2\/pages\/6722\/revisions"}],"predecessor-version":[{"id":55770,"href":"https:\/\/eu.motorad.com\/pl\/wp-json\/wp\/v2\/pages\/6722\/revisions\/55770"}],"up":[{"embeddable":true,"href":"https:\/\/eu.motorad.com\/pl\/wp-json\/wp\/v2\/pages\/6739"}],"wp:attachment":[{"href":"https:\/\/eu.motorad.com\/pl\/wp-json\/wp\/v2\/media?parent=6722"}],"curies":[{"name":"wp","href":"https:\/\/api.w.org\/{rel}","templated":true}]}}