{"id":6783,"date":"2025-04-03T14:52:36","date_gmt":"2025-04-03T14:52:36","guid":{"rendered":"https:\/\/eu.motorad.com\/zasoby\/certyfikaty\/"},"modified":"2025-06-30T18:29:48","modified_gmt":"2025-06-30T18:29:48","slug":"certyfikaty","status":"publish","type":"page","link":"https:\/\/eu.motorad.com\/pl\/zasoby\/certyfikaty\/","title":{"rendered":"Certyfikaty"},"content":{"rendered":"\n<div class=\"wp-block-cover alignfull is-light\" style=\"margin-bottom:var(--wp--preset--spacing--50);min-height:274px;aspect-ratio:unset;\"><span aria-hidden=\"true\" class=\"wp-block-cover__background has-background-dim-0 has-background-dim\" style=\"background-color:#cac9cd\"><\/span><img loading=\"lazy\" decoding=\"async\" width=\"1920\" height=\"1280\" class=\"wp-block-cover__image-background wp-image-2870\" alt=\"\" src=\"https:\/\/eu.motorad.com\/wp-content\/uploads\/2025\/04\/Road_into_Light_2-scaled-1.jpg\" style=\"object-position:50% 36%\" data-object-fit=\"cover\" data-object-position=\"50% 36%\" srcset=\"https:\/\/eu.motorad.com\/wp-content\/uploads\/2025\/04\/Road_into_Light_2-scaled-1.jpg 1920w, https:\/\/eu.motorad.com\/wp-content\/uploads\/2025\/04\/Road_into_Light_2-scaled-1-300x200.jpg 300w, https:\/\/eu.motorad.com\/wp-content\/uploads\/2025\/04\/Road_into_Light_2-scaled-1-1024x683.jpg 1024w, https:\/\/eu.motorad.com\/wp-content\/uploads\/2025\/04\/Road_into_Light_2-scaled-1-768x512.jpg 768w, https:\/\/eu.motorad.com\/wp-content\/uploads\/2025\/04\/Road_into_Light_2-scaled-1-1536x1024.jpg 1536w\" sizes=\"auto, (max-width: 1920px) 100vw, 1920px\" \/><div class=\"wp-block-cover__inner-container is-layout-flow wp-block-cover-is-layout-flow\">\n<h1 class=\"wp-block-heading has-palette-text-color has-text-color\" id=\"h-faq-s\" style=\"margin-bottom:0\"><em>Certyfikaty<\/em><\/h1>\n<\/div><\/div>\n\n<h3 class=\"wp-block-heading\" style=\"margin-right:0;margin-bottom:var(--wp--preset--spacing--40)\"><strong>Nasza obietnica: niezachwiana jako\u015b\u0107 i doskona\u0142o\u015b\u0107<\/strong><\/h3>\n\n<p>W MotoRad kierujemy si\u0119 nieustannym d\u0105\u017ceniem do jako\u015bci, precyzji i doskona\u0142o\u015bci. Nasze zaanga\u017cowanie w dostarczanie klientom produkt\u00f3w i us\u0142ug najwy\u017cszej jako\u015bci jest sercem wszystkiego, co robimy. Rozumiemy, \u017ce jako\u015b\u0107 to nie tylko standard; to obietnica, kt\u00f3r\u0105 sk\u0142adamy naszym klientom, partnerom i interesariuszom na ca\u0142ym \u015bwiecie.  <\/p>\n\n<hr class=\"wp-block-separator has-text-color has-palette-brand-3-color has-alpha-channel-opacity has-palette-brand-3-background-color has-background is-style-wide\" style=\"margin-top:var(--wp--preset--spacing--60);margin-bottom:var(--wp--preset--spacing--60)\"\/>\n\n<h3 class=\"wp-block-heading\" style=\"margin-bottom:var(--wp--preset--spacing--40)\"><strong>Certyfikacja: \u015bwiadectwo naszych standard\u00f3w<\/strong><\/h3>\n\n<p>Nasze zaanga\u017cowanie w jako\u015b\u0107 podkre\u015blaj\u0105 rygorystyczne procesy certyfikacji. MotoRad z dum\u0105 posiada r\u00f3\u017cne certyfikaty, kt\u00f3re potwierdzaj\u0105 nasze przestrzeganie mi\u0119dzynarodowych standard\u00f3w jako\u015bci i najlepszych praktyk. Te certyfikaty s\u0142u\u017c\u0105 jako \u015bwiadectwo naszego niezachwianego zaanga\u017cowania w doskona\u0142o\u015b\u0107 i ci\u0105g\u0142e doskonalenie.  <\/p>\n\n<p style=\"margin-bottom:var(--wp--preset--spacing--70)\">Explore our certifications <a href=\"https:\/\/eu.motorad.com\/pl\/zasoby\/certyfikaty\/\">here<\/a> to learn more about the high standards we uphold in every aspect of our business.<\/p>\n\n<h3 class=\"wp-block-heading\" style=\"margin-bottom:var(--wp--preset--spacing--50)\"><strong>Dlaczego warto wybra\u0107 MotoRad?<\/strong><\/h3>\n\n<ul class=\"wp-block-list\">\n<li><strong>Bezkompromisowa jako\u015b\u0107:<\/strong> Nasze produkty przechodz\u0105 rygorystyczne testy i kontrole, aby zapewni\u0107, \u017ce spe\u0142niaj\u0105 najwy\u017csze standardy jako\u015bci.<\/li>\n\n\n\n<li><strong>Ekspertyza:<\/strong> Dzi\u0119ki wieloletniemu do\u015bwiadczeniu w bran\u017cy, nasz zesp\u00f3\u0142 profesjonalist\u00f3w jest zaanga\u017cowany w dostarczanie innowacyjnych rozwi\u0105za\u0144, kt\u00f3re przewy\u017cszaj\u0105 oczekiwania klient\u00f3w.<\/li>\n\n\n\n<li><strong>Globalne uznanie:<\/strong> Nasze certyfikaty s\u0105 uznawane na ca\u0142ym \u015bwiecie, odzwierciedlaj\u0105c nasze zaanga\u017cowanie w jako\u015b\u0107 na skal\u0119 mi\u0119dzynarodow\u0105.<\/li>\n<\/ul>\n\n<hr class=\"wp-block-separator has-text-color has-palette-brand-3-color has-alpha-channel-opacity has-palette-brand-3-background-color has-background is-style-wide\" style=\"margin-top:var(--wp--preset--spacing--60);margin-bottom:var(--wp--preset--spacing--60)\"\/>\n\n<div class=\"wp-block-columns alignwide is-layout-flex wp-container-core-columns-is-layout-212ad063 wp-block-columns-is-layout-flex\" style=\"margin-bottom:var(--wp--preset--spacing--70)\">\n<div class=\"wp-block-column is-layout-flow wp-block-column-is-layout-flow\">\n<figure class=\"wp-block-image size-full\" style=\"margin-bottom:var(--wp--preset--spacing--40)\"><a href=\"https:\/\/eu.motorad.com\/wp-content\/uploads\/2025\/04\/MAP-14001.pdf\" target=\"_blank\" rel=\" noreferrer noopener\"><img loading=\"lazy\" decoding=\"async\" width=\"300\" height=\"214\" src=\"https:\/\/eu.motorad.com\/wp-content\/uploads\/2025\/04\/MAP-14001-1-1-300x214-1.jpg\" alt=\"\" class=\"wp-image-3244\" style=\"object-fit:cover\"\/><\/a><\/figure>\n\n\n\n<p class=\"has-text-align-center\" style=\"margin-bottom:var(--wp--preset--spacing--30)\">Niniejszym za\u015bwiadcza si\u0119, \u017ce System Zarz\u0105dzania \u015arodowiskowego<\/p>\n\n\n\n<p class=\"has-text-align-center\" style=\"margin-bottom:var(--wp--preset--spacing--30)\"><a href=\"https:\/\/eu.motorad.com\/wp-content\/uploads\/MAP-14001.pdf\"><strong>M.A.P. MOTORAD\u00a0<\/strong><br\/><strong>AUTOMOTIVE PARTS LTD<\/strong><\/a><br\/>Industrial Park Bar Lev , Misgav , Israel<\/p>\n\n\n\n<p class=\"has-text-align-center\" style=\"margin-bottom:var(--wp--preset--spacing--30)\">Zosta\u0142y ocenione i spe\u0142niaj\u0105 wymagania:<\/p>\n\n\n\n<p class=\"has-text-align-center\" style=\"margin-bottom:var(--wp--preset--spacing--30)\"><strong><a href=\"https:\/\/eu.motorad.com\/wp-content\/uploads\/MAP-14001.pdf\">ISO 14001:2015<\/a><\/strong><\/p>\n\n\n\n<p class=\"has-text-align-center\" style=\"margin-bottom:var(--wp--preset--spacing--30)\">Niniejszy certyfikat ma zastosowanie do<\/p>\n\n\n\n<p class=\"has-text-align-center\" style=\"margin-bottom:var(--wp--preset--spacing--30)\"><strong>Projektowania i produkcji termostat\u00f3w dla przemys\u0142u motoryzacyjnego.<\/strong><\/p>\n<\/div>\n\n\n\n<div class=\"wp-block-column is-layout-flow wp-block-column-is-layout-flow\">\n<figure class=\"wp-block-image size-full\" style=\"margin-bottom:var(--wp--preset--spacing--40)\"><a href=\"https:\/\/eu.motorad.com\/wp-content\/uploads\/2025\/04\/MAP-45001.pdf\" target=\"_blank\" rel=\" noreferrer noopener\"><img loading=\"lazy\" decoding=\"async\" width=\"300\" height=\"214\" src=\"https:\/\/eu.motorad.com\/wp-content\/uploads\/2025\/04\/MAP-45001-1-1-300x214-1.jpg\" alt=\"\" class=\"wp-image-3251\"\/><\/a><\/figure>\n\n\n\n<p class=\"has-text-align-center\" style=\"margin-bottom:var(--wp--preset--spacing--30)\">Niniejszym za\u015bwiadcza si\u0119, \u017ce Systemy Zarz\u0105dzania Bezpiecze\u0144stwem i Higien\u0105 Pracy<\/p>\n\n\n\n<p class=\"has-text-align-center\" style=\"margin-bottom:var(--wp--preset--spacing--30)\"><a href=\"https:\/\/eu.motorad.com\/wp-content\/uploads\/MAP-45001.pdf\"><strong>M.A.P. MOTORAD\u00a0<\/strong><br\/><strong>AUTOMOTIVE PARTS LTD<\/strong><\/a><br\/>Industrial Park Bar Lev , Misgav , Israel<\/p>\n\n\n\n<p class=\"has-text-align-center\" style=\"margin-bottom:var(--wp--preset--spacing--30)\">Zosta\u0142y ocenione i spe\u0142niaj\u0105 wymagania:<\/p>\n\n\n\n<p class=\"has-text-align-center\" style=\"margin-bottom:var(--wp--preset--spacing--30)\"><strong><a href=\"https:\/\/eu.motorad.com\/wp-content\/uploads\/MAP-45001.pdf\">ISO 45001:2018<\/a><\/strong><\/p>\n\n\n\n<p class=\"has-text-align-center\" style=\"margin-bottom:var(--wp--preset--spacing--30)\">Niniejszy certyfikat ma zastosowanie do<\/p>\n\n\n\n<p class=\"has-text-align-center\" style=\"margin-bottom:var(--wp--preset--spacing--30)\"><strong>Projektowania i produkcji termostat\u00f3w dla przemys\u0142u motoryzacyjnego.<\/strong><\/p>\n<\/div>\n\n\n\n<div class=\"wp-block-column is-layout-flow wp-block-column-is-layout-flow\">\n<figure class=\"wp-block-image size-full\" style=\"margin-bottom:var(--wp--preset--spacing--40)\"><a href=\"https:\/\/eu.motorad.com\/wp-content\/uploads\/2025\/04\/MotoRad-9001-Certificate-.pdf\" target=\"_blank\" rel=\" noreferrer noopener\"><img loading=\"lazy\" decoding=\"async\" width=\"300\" height=\"214\" src=\"https:\/\/eu.motorad.com\/wp-content\/uploads\/2025\/04\/cert2-300x214-1.jpg\" alt=\"\" class=\"wp-image-3258\"\/><\/a><\/figure>\n\n\n\n<p class=\"has-text-align-center\" style=\"margin-bottom:var(--wp--preset--spacing--30)\">Ten certyfikat zosta\u0142 przyznany<\/p>\n\n\n\n<p class=\"has-text-align-center\" style=\"margin-bottom:var(--wp--preset--spacing--30)\"><strong><a href=\"https:\/\/eu.motorad.com\/wp-content\/uploads\/MotoRad-9001-Certificate-.pdf\">M.A.P MotoRad Automotive Parts Ltd<\/a><\/strong><br\/>Bar-Lev Industrial Park, Misgav, 20179, Israel<\/p>\n\n\n\n<p class=\"has-text-align-center\" style=\"margin-bottom:var(--wp--preset--spacing--30)\">Recognition of the organization&#8217;s Quality Management System which complies with<br\/><strong><a href=\"https:\/\/eu.motorad.com\/wp-content\/uploads\/MOTORAD-9001-Cert-valit-till-2024.pdf\">ISO 9001:2015<\/a><\/strong><\/p>\n\n\n\n<p class=\"has-text-align-center\" style=\"margin-bottom:var(--wp--preset--spacing--30)\">Zakres dzia\u0142a\u0144 obj\u0119tych tym certyfikatem jest okre\u015blony poni\u017cej<\/p>\n\n\n\n<p class=\"has-text-align-center\" style=\"margin-bottom:var(--wp--preset--spacing--30)\"><strong>Projektowanie i produkcja termostat\u00f3w i kork\u00f3w<\/strong><\/p>\n<\/div>\n\n\n\n<div class=\"wp-block-column is-layout-flow wp-block-column-is-layout-flow\">\n<figure class=\"wp-block-image size-full\" style=\"margin-bottom:var(--wp--preset--spacing--40)\"><a href=\"https:\/\/eu.motorad.com\/wp-content\/uploads\/2025\/04\/MotoRad-IATF-Certificate-.pdf\" target=\"_blank\" rel=\" noreferrer noopener\"><img loading=\"lazy\" decoding=\"async\" width=\"300\" height=\"214\" src=\"https:\/\/eu.motorad.com\/wp-content\/uploads\/2025\/04\/cert1-300x214-1.jpg\" alt=\"\" class=\"wp-image-3265\"\/><\/a><\/figure>\n\n\n\n<p class=\"has-text-align-center\" style=\"margin-bottom:var(--wp--preset--spacing--30)\">Ten certyfikat zosta\u0142 przyznany<\/p>\n\n\n\n<p class=\"has-text-align-center\" style=\"margin-bottom:var(--wp--preset--spacing--30)\"><a href=\"https:\/\/eu.motorad.com\/wp-content\/uploads\/MotoRad-IATF-Certificate-.pdf\"><strong>M.A.P MotoRad Automotive Parts Ltd<\/strong><br\/><\/a>Bar-Lev Industrial Park, Misgav, 20179, Israel<\/p>\n\n\n\n<p class=\"has-text-align-center\" style=\"margin-bottom:var(--wp--preset--spacing--30)\">w uznaniu Systemu Zarz\u0105dzania Jako\u015bci\u0105 organizacji, kt\u00f3ry jest zgodny z<br\/><strong>IATF 16949:2016<\/strong><\/p>\n\n\n\n<p class=\"has-text-align-center\" style=\"margin-bottom:var(--wp--preset--spacing--30)\">Zakres dzia\u0142a\u0144 obj\u0119tych tym certyfikatem jest okre\u015blony poni\u017cej<\/p>\n\n\n\n<p class=\"has-text-align-center\" style=\"margin-bottom:var(--wp--preset--spacing--30)\"><strong>Projektowanie i produkcja termostat\u00f3w i kork\u00f3w<\/strong><\/p>\n<\/div>\n<\/div>\n\n<div class=\"wp-block-cover alignfull is-light\" style=\"padding-top:var(--wp--preset--spacing--60);padding-bottom:var(--wp--preset--spacing--60)\"><span aria-hidden=\"true\" class=\"wp-block-cover__background has-background-dim-0 has-background-dim\" style=\"background-color:#ece5d9\"><\/span><img loading=\"lazy\" decoding=\"async\" width=\"1505\" height=\"305\" class=\"wp-block-cover__image-background wp-image-223\" alt=\"\" src=\"https:\/\/eu.motorad.com\/wp-content\/uploads\/2025\/03\/FooterCTA.jpg\" data-object-fit=\"cover\" srcset=\"https:\/\/eu.motorad.com\/wp-content\/uploads\/2025\/03\/FooterCTA.jpg 1505w, https:\/\/eu.motorad.com\/wp-content\/uploads\/2025\/03\/FooterCTA-300x61.jpg 300w, https:\/\/eu.motorad.com\/wp-content\/uploads\/2025\/03\/FooterCTA-1024x208.jpg 1024w, https:\/\/eu.motorad.com\/wp-content\/uploads\/2025\/03\/FooterCTA-768x156.jpg 768w\" sizes=\"auto, (max-width: 1505px) 100vw, 1505px\" \/><div class=\"wp-block-cover__inner-container is-layout-flow wp-block-cover-is-layout-flow\">\n<div class=\"wp-block-columns are-vertically-aligned-center is-layout-flex wp-container-core-columns-is-layout-cbe57604 wp-block-columns-is-layout-flex\">\n<div class=\"wp-block-column is-vertically-aligned-center is-layout-flow wp-block-column-is-layout-flow\" style=\"flex-basis:45%\">\n<h2 class=\"wp-block-heading has-text-align-center has-palette-text-color has-text-color\" id=\"h-need-help-finding-the-right-product\" style=\"margin-bottom:var(--wp--preset--spacing--40)\">Potrzebujesz pomocy w znalezieniu odpowiedniego produktu?<\/h2>\n\n\n\n<p class=\"has-text-align-center has-palette-text-color has-text-color\" style=\"margin-bottom:var(--wp--preset--spacing--50)\">Nasz oddany zesp\u00f3\u0142 jest tutaj, aby poprowadzi\u0107 Ci\u0119 we w\u0142a\u015bciwym kierunku. Kliknij poni\u017cej i daj nam zna\u0107, jak mo\u017cemy Ci pom\u00f3c w znalezieniu idealnego produktu dla Twoich potrzeb. Twoja podr\u00f3\u017c do do\u015bwiadczania BETTER zaczyna si\u0119 tutaj.  <\/p>\n\n\n\n<div class=\"wp-block-buttons is-content-justification-center is-layout-flex wp-container-core-buttons-is-layout-a89b3969 wp-block-buttons-is-layout-flex\">\n<div class=\"wp-block-button\"><a class=\"wp-block-button__link has-text-align-center wp-element-button\" href=\"https:\/\/eu.motorad.com\/contact\/need-help-finding-something\/\">Porozmawiaj ze specjalist\u0105 MotoRad<\/a><\/div>\n<\/div>\n<\/div>\n\n\n\n<div class=\"wp-block-column is-layout-flow wp-block-column-is-layout-flow\" style=\"flex-basis:10%\"><\/div>\n\n\n\n<div class=\"wp-block-column is-layout-flow wp-block-column-is-layout-flow\" style=\"flex-basis:45%\">\n<h2 class=\"wp-block-heading has-text-align-center has-palette-text-color has-text-color\" id=\"h-looking-for-custom-development\" style=\"margin-bottom:var(--wp--preset--spacing--40)\">Szukasz niestandardowego oprogramowania?<\/h2>\n\n\n\n<p class=\"has-text-align-center has-palette-text-color has-text-color\" style=\"margin-bottom:var(--wp--preset--spacing--50)\">Nie chodzi nam tylko o produkty; tworzymy rozwi\u0105zania dostosowane do Twoich potrzeb. Czy jeste\u015b gotowy, aby o\u017cywi\u0107 sw\u00f3j nowy projekt? Kliknij poni\u017cej i wyruszmy razem w podr\u00f3\u017c tworzenia niestandardowych produkt\u00f3w.  <\/p>\n\n\n\n<div class=\"wp-block-buttons is-content-justification-center is-layout-flex wp-container-core-buttons-is-layout-a89b3969 wp-block-buttons-is-layout-flex\">\n<div class=\"wp-block-button is-style-fill\"><a class=\"wp-block-button__link has-palette-bg-color has-palette-text-background-color has-text-color has-background has-text-align-center wp-element-button\" href=\"https:\/\/eu.motorad.com\/contact\/do-you-need-custom-development\/\">Chcemy by\u0107 Twoim dostawc\u0105<\/a><\/div>\n<\/div>\n<\/div>\n<\/div>\n<\/div><\/div>\n","protected":false},"excerpt":{"rendered":"<p>Nasza obietnica: niezachwiana jako\u015b\u0107 i doskona\u0142o\u015b\u0107 W MotoRad kierujemy si\u0119 nieustannym d\u0105\u017ceniem do jako\u015bci, precyzji i doskona\u0142o\u015bci. Nasze zaanga\u017cowanie w [&#8230;]<\/p>\n","protected":false},"author":1,"featured_media":0,"parent":5993,"menu_order":0,"comment_status":"closed","ping_status":"closed","template":"","meta":{"_acf_changed":false,"footnotes":""},"class_list":["post-6783","page","type-page","status-publish","hentry"],"acf":[],"yoast_head":"<!-- This site is optimized with the Yoast SEO Premium plugin v27.2 (Yoast SEO v27.2) - https:\/\/yoast.com\/product\/yoast-seo-premium-wordpress\/ -->\n<title>Certyfikaty - MotoRad<\/title>\n<meta name=\"description\" content=\"Certyfikaty MotoRad, potwierdzaj\u0105ce nasze niezachwiane zaanga\u017cowanie w mi\u0119dzynarodowe standardy jako\u015bci i najlepsze praktyki w bran\u017cy motoryzacyjnej. Odkryj wysokie standardy, kt\u00f3rych przestrzegamy we wszystkich aspektach naszej dzia\u0142alno\u015bci.\" \/>\n<meta name=\"robots\" content=\"index, follow, max-snippet:-1, max-image-preview:large, max-video-preview:-1\" \/>\n<link rel=\"canonical\" href=\"https:\/\/eu.motorad.com\/pl\/zasoby\/certyfikaty\/\" \/>\n<meta property=\"og:locale\" content=\"pl_PL\" \/>\n<meta property=\"og:type\" content=\"article\" \/>\n<meta property=\"og:title\" content=\"Certyfikaty\" \/>\n<meta property=\"og:description\" content=\"Certyfikaty MotoRad, potwierdzaj\u0105ce nasze niezachwiane zaanga\u017cowanie w mi\u0119dzynarodowe standardy jako\u015bci i najlepsze praktyki w bran\u017cy motoryzacyjnej. Odkryj wysokie standardy, kt\u00f3rych przestrzegamy we wszystkich aspektach naszej dzia\u0142alno\u015bci.\" \/>\n<meta property=\"og:url\" content=\"https:\/\/eu.motorad.com\/pl\/zasoby\/certyfikaty\/\" \/>\n<meta property=\"og:site_name\" content=\"MotoRad\" \/>\n<meta property=\"article:modified_time\" content=\"2025-06-30T18:29:48+00:00\" \/>\n<meta property=\"og:image\" content=\"https:\/\/eu.motorad.com\/wp-content\/uploads\/2025\/04\/Road_into_Light_2-scaled-1.jpg\" \/>\n\t<meta property=\"og:image:width\" content=\"1920\" \/>\n\t<meta property=\"og:image:height\" content=\"1280\" \/>\n\t<meta property=\"og:image:type\" content=\"image\/jpeg\" \/>\n<meta name=\"twitter:card\" content=\"summary_large_image\" \/>\n<meta name=\"twitter:label1\" content=\"Est. reading time\" \/>\n\t<meta name=\"twitter:data1\" content=\"2 minuty\" \/>\n<script type=\"application\/ld+json\" class=\"yoast-schema-graph\">{\"@context\":\"https:\/\/schema.org\",\"@graph\":[{\"@type\":\"WebPage\",\"@id\":\"https:\/\/eu.motorad.com\/pl\/zasoby\/certyfikaty\/\",\"url\":\"https:\/\/eu.motorad.com\/pl\/zasoby\/certyfikaty\/\",\"name\":\"Certyfikaty - MotoRad\",\"isPartOf\":{\"@id\":\"https:\/\/eu.motorad.com\/pl\/#website\"},\"primaryImageOfPage\":{\"@id\":\"https:\/\/eu.motorad.com\/pl\/zasoby\/certyfikaty\/#primaryimage\"},\"image\":{\"@id\":\"https:\/\/eu.motorad.com\/pl\/zasoby\/certyfikaty\/#primaryimage\"},\"thumbnailUrl\":\"https:\/\/eu.motorad.com\/wp-content\/uploads\/2025\/04\/Road_into_Light_2-scaled-1.jpg\",\"datePublished\":\"2025-04-03T14:52:36+00:00\",\"dateModified\":\"2025-06-30T18:29:48+00:00\",\"description\":\"Certyfikaty MotoRad, potwierdzaj\u0105ce nasze niezachwiane zaanga\u017cowanie w mi\u0119dzynarodowe standardy jako\u015bci i najlepsze praktyki w bran\u017cy motoryzacyjnej. Odkryj wysokie standardy, kt\u00f3rych przestrzegamy we wszystkich aspektach naszej dzia\u0142alno\u015bci.\",\"breadcrumb\":{\"@id\":\"https:\/\/eu.motorad.com\/pl\/zasoby\/certyfikaty\/#breadcrumb\"},\"inLanguage\":\"pl-PL\",\"potentialAction\":[{\"@type\":\"ReadAction\",\"target\":[\"https:\/\/eu.motorad.com\/pl\/zasoby\/certyfikaty\/\"]}]},{\"@type\":\"ImageObject\",\"inLanguage\":\"pl-PL\",\"@id\":\"https:\/\/eu.motorad.com\/pl\/zasoby\/certyfikaty\/#primaryimage\",\"url\":\"https:\/\/eu.motorad.com\/wp-content\/uploads\/2025\/04\/Road_into_Light_2-scaled-1.jpg\",\"contentUrl\":\"https:\/\/eu.motorad.com\/wp-content\/uploads\/2025\/04\/Road_into_Light_2-scaled-1.jpg\"},{\"@type\":\"BreadcrumbList\",\"@id\":\"https:\/\/eu.motorad.com\/pl\/zasoby\/certyfikaty\/#breadcrumb\",\"itemListElement\":[{\"@type\":\"ListItem\",\"position\":1,\"name\":\"Home\",\"item\":\"https:\/\/motoradnew.test\/pl\/strona-glowna\/\"},{\"@type\":\"ListItem\",\"position\":2,\"name\":\"Zasoby\",\"item\":\"https:\/\/motoradnew.test\/zasoby\/\"},{\"@type\":\"ListItem\",\"position\":3,\"name\":\"Certyfikaty\"}]},{\"@type\":\"WebSite\",\"@id\":\"https:\/\/eu.motorad.com\/pl\/#website\",\"url\":\"https:\/\/eu.motorad.com\/pl\/\",\"name\":\"MotoRad\",\"description\":\"Trusted to Deliver Better - Thermal Management, Emissions, Powertrain Controls\",\"potentialAction\":[{\"@type\":\"SearchAction\",\"target\":{\"@type\":\"EntryPoint\",\"urlTemplate\":\"https:\/\/eu.motorad.com\/pl\/?s={search_term_string}\"},\"query-input\":{\"@type\":\"PropertyValueSpecification\",\"valueRequired\":true,\"valueName\":\"search_term_string\"}}],\"inLanguage\":\"pl-PL\"}]}<\/script>\n<!-- \/ Yoast SEO Premium plugin. -->","yoast_head_json":{"title":"Certyfikaty - MotoRad","description":"Certyfikaty MotoRad, potwierdzaj\u0105ce nasze niezachwiane zaanga\u017cowanie w mi\u0119dzynarodowe standardy jako\u015bci i najlepsze praktyki w bran\u017cy motoryzacyjnej. Odkryj wysokie standardy, kt\u00f3rych przestrzegamy we wszystkich aspektach naszej dzia\u0142alno\u015bci.","robots":{"index":"index","follow":"follow","max-snippet":"max-snippet:-1","max-image-preview":"max-image-preview:large","max-video-preview":"max-video-preview:-1"},"canonical":"https:\/\/eu.motorad.com\/pl\/zasoby\/certyfikaty\/","og_locale":"pl_PL","og_type":"article","og_title":"Certyfikaty","og_description":"Certyfikaty MotoRad, potwierdzaj\u0105ce nasze niezachwiane zaanga\u017cowanie w mi\u0119dzynarodowe standardy jako\u015bci i najlepsze praktyki w bran\u017cy motoryzacyjnej. Odkryj wysokie standardy, kt\u00f3rych przestrzegamy we wszystkich aspektach naszej dzia\u0142alno\u015bci.","og_url":"https:\/\/eu.motorad.com\/pl\/zasoby\/certyfikaty\/","og_site_name":"MotoRad","article_modified_time":"2025-06-30T18:29:48+00:00","og_image":[{"width":1920,"height":1280,"url":"https:\/\/eu.motorad.com\/wp-content\/uploads\/2025\/04\/Road_into_Light_2-scaled-1.jpg","type":"image\/jpeg"}],"twitter_card":"summary_large_image","twitter_misc":{"Est. reading time":"2 minuty"},"schema":{"@context":"https:\/\/schema.org","@graph":[{"@type":"WebPage","@id":"https:\/\/eu.motorad.com\/pl\/zasoby\/certyfikaty\/","url":"https:\/\/eu.motorad.com\/pl\/zasoby\/certyfikaty\/","name":"Certyfikaty - MotoRad","isPartOf":{"@id":"https:\/\/eu.motorad.com\/pl\/#website"},"primaryImageOfPage":{"@id":"https:\/\/eu.motorad.com\/pl\/zasoby\/certyfikaty\/#primaryimage"},"image":{"@id":"https:\/\/eu.motorad.com\/pl\/zasoby\/certyfikaty\/#primaryimage"},"thumbnailUrl":"https:\/\/eu.motorad.com\/wp-content\/uploads\/2025\/04\/Road_into_Light_2-scaled-1.jpg","datePublished":"2025-04-03T14:52:36+00:00","dateModified":"2025-06-30T18:29:48+00:00","description":"Certyfikaty MotoRad, potwierdzaj\u0105ce nasze niezachwiane zaanga\u017cowanie w mi\u0119dzynarodowe standardy jako\u015bci i najlepsze praktyki w bran\u017cy motoryzacyjnej. Odkryj wysokie standardy, kt\u00f3rych przestrzegamy we wszystkich aspektach naszej dzia\u0142alno\u015bci.","breadcrumb":{"@id":"https:\/\/eu.motorad.com\/pl\/zasoby\/certyfikaty\/#breadcrumb"},"inLanguage":"pl-PL","potentialAction":[{"@type":"ReadAction","target":["https:\/\/eu.motorad.com\/pl\/zasoby\/certyfikaty\/"]}]},{"@type":"ImageObject","inLanguage":"pl-PL","@id":"https:\/\/eu.motorad.com\/pl\/zasoby\/certyfikaty\/#primaryimage","url":"https:\/\/eu.motorad.com\/wp-content\/uploads\/2025\/04\/Road_into_Light_2-scaled-1.jpg","contentUrl":"https:\/\/eu.motorad.com\/wp-content\/uploads\/2025\/04\/Road_into_Light_2-scaled-1.jpg"},{"@type":"BreadcrumbList","@id":"https:\/\/eu.motorad.com\/pl\/zasoby\/certyfikaty\/#breadcrumb","itemListElement":[{"@type":"ListItem","position":1,"name":"Home","item":"https:\/\/motoradnew.test\/pl\/strona-glowna\/"},{"@type":"ListItem","position":2,"name":"Zasoby","item":"https:\/\/motoradnew.test\/zasoby\/"},{"@type":"ListItem","position":3,"name":"Certyfikaty"}]},{"@type":"WebSite","@id":"https:\/\/eu.motorad.com\/pl\/#website","url":"https:\/\/eu.motorad.com\/pl\/","name":"MotoRad","description":"Trusted to Deliver Better - Thermal Management, Emissions, Powertrain Controls","potentialAction":[{"@type":"SearchAction","target":{"@type":"EntryPoint","urlTemplate":"https:\/\/eu.motorad.com\/pl\/?s={search_term_string}"},"query-input":{"@type":"PropertyValueSpecification","valueRequired":true,"valueName":"search_term_string"}}],"inLanguage":"pl-PL"}]}},"_links":{"self":[{"href":"https:\/\/eu.motorad.com\/pl\/wp-json\/wp\/v2\/pages\/6783","targetHints":{"allow":["GET"]}}],"collection":[{"href":"https:\/\/eu.motorad.com\/pl\/wp-json\/wp\/v2\/pages"}],"about":[{"href":"https:\/\/eu.motorad.com\/pl\/wp-json\/wp\/v2\/types\/page"}],"author":[{"embeddable":true,"href":"https:\/\/eu.motorad.com\/pl\/wp-json\/wp\/v2\/users\/1"}],"replies":[{"embeddable":true,"href":"https:\/\/eu.motorad.com\/pl\/wp-json\/wp\/v2\/comments?post=6783"}],"version-history":[{"count":1,"href":"https:\/\/eu.motorad.com\/pl\/wp-json\/wp\/v2\/pages\/6783\/revisions"}],"predecessor-version":[{"id":6784,"href":"https:\/\/eu.motorad.com\/pl\/wp-json\/wp\/v2\/pages\/6783\/revisions\/6784"}],"up":[{"embeddable":true,"href":"https:\/\/eu.motorad.com\/pl\/wp-json\/wp\/v2\/pages\/5993"}],"wp:attachment":[{"href":"https:\/\/eu.motorad.com\/pl\/wp-json\/wp\/v2\/media?parent=6783"}],"curies":[{"name":"wp","href":"https:\/\/api.w.org\/{rel}","templated":true}]}}