{"id":87799,"date":"2026-02-10T18:21:12","date_gmt":"2026-02-10T18:21:12","guid":{"rendered":"https:\/\/eu.motorad.com\/polityka-zarzadzania-cyklem-zycia-produktu\/"},"modified":"2026-03-17T16:00:08","modified_gmt":"2026-03-17T16:00:08","slug":"polityka-zarzadzania-cyklem-zycia-produktu","status":"publish","type":"page","link":"https:\/\/eu.motorad.com\/pl\/polityka-zarzadzania-cyklem-zycia-produktu\/","title":{"rendered":"Polityka zarz\u0105dzania cyklem \u017cycia produktu"},"content":{"rendered":"\n<h2 class=\"wp-block-heading\" id=\"h-product-life-cycle-management-policy\" style=\"margin-top:var(--wp--preset--spacing--50);margin-right:var(--wp--preset--spacing--50);margin-bottom:var(--wp--preset--spacing--50);margin-left:var(--wp--preset--spacing--50)\">Polityka zarz\u0105dzania cyklem \u017cycia produktu<\/h2>\n\n<p>MotoRad zarz\u0105dza produktami z uwzgl\u0119dnieniem kwestii \u015brodowiskowych, spo\u0142ecznych i zwi\u0105zanych z zarz\u0105dzaniem (ESG) w ca\u0142ym cyklu \u017cycia produktu, od projektu i zaopatrzenia, poprzez produkcj\u0119, u\u017cytkowanie przez klienta i wycofanie z eksploatacji. Obejmuje to skupienie si\u0119 na zr\u00f3wnowa\u017conym rozwoju poprzez projektowanie, efektywne wykorzystanie zasob\u00f3w, praktyki gospodarki o obiegu zamkni\u0119tym oraz dostosowanie do obowi\u0105zuj\u0105cych norm i przepis\u00f3w. Aby uzyska\u0107 szczeg\u00f3\u0142owe informacje, zapoznaj si\u0119 z dokumentem PDF Polityka zarz\u0105dzania cyklem \u017cycia produktu.  <\/p>\n\n<div data-wp-interactive=\"core\/file\" class=\"wp-block-file\"><object data-wp-bind--hidden=\"!state.hasPdfPreview\" hidden class=\"wp-block-file__embed\" data=\"https:\/\/motorad.com\/wp-content\/uploads\/2026\/02\/A-5.0-E-Product-life-Cycle-Management-Policy-EN-1.pdf\" type=\"application\/pdf\" style=\"width:100%;height:600px\" aria-label=\"Osadzone z A 5.0-E  Product life-Cycle Management Policy EN.\"><\/object><a id=\"wp-block-file--media-5ed722a5-506d-499c-adab-4e4615ac1213\" href=\"https:\/\/motorad.com\/wp-content\/uploads\/2026\/02\/A-5.0-E-Product-life-Cycle-Management-Policy-EN-1.pdf\">A 5.0-E Polityka zarz\u0105dzania cyklem \u017cycia produktu PL<\/a><a href=\"https:\/\/motorad.com\/wp-content\/uploads\/2026\/02\/A-5.0-E-Product-life-Cycle-Management-Policy-EN-1.pdf\" class=\"wp-block-file__button wp-element-button\" download=\"\" aria-describedby=\"wp-block-file--media-5ed722a5-506d-499c-adab-4e4615ac1213\">Pobierz<\/a><\/div>\n","protected":false},"excerpt":{"rendered":"<p>Polityka zarz\u0105dzania cyklem \u017cycia produktu MotoRad zarz\u0105dza produktami z uwzgl\u0119dnieniem kwestii \u015brodowiskowych, spo\u0142ecznych i zwi\u0105zanych z zarz\u0105dzaniem (ESG) w ca\u0142ym [&#8230;]<\/p>\n","protected":false},"author":2,"featured_media":0,"parent":0,"menu_order":0,"comment_status":"closed","ping_status":"closed","template":"","meta":{"_acf_changed":false,"footnotes":""},"class_list":["post-87799","page","type-page","status-publish","hentry"],"acf":[],"yoast_head":"<!-- This site is optimized with the Yoast SEO Premium plugin v27.2 (Yoast SEO v27.5) - https:\/\/yoast.com\/product\/yoast-seo-premium-wordpress\/ -->\n<title>Polityka zarz\u0105dzania cyklem \u017cycia produktu - MotoRad<\/title>\n<meta name=\"description\" content=\"MotoRad uwzgl\u0119dnia kwestie ESG w ca\u0142ym cyklu \u017cycia produktu, od projektu i zaopatrzenia po wycofanie z eksploatacji. Pobierz Polityk\u0119 zarz\u0105dzania cyklem \u017cycia produktu PDF.Focus keyphrase: Polityka zarz\u0105dzania cyklem \u017cycia produktuSugerowany slug: product-life-cycle-management-policy\" \/>\n<meta name=\"robots\" content=\"index, follow, max-snippet:-1, max-image-preview:large, max-video-preview:-1\" \/>\n<link rel=\"canonical\" href=\"https:\/\/eu.motorad.com\/pl\/polityka-zarzadzania-cyklem-zycia-produktu\/\" \/>\n<meta property=\"og:locale\" content=\"pl_PL\" \/>\n<meta property=\"og:type\" content=\"article\" \/>\n<meta property=\"og:title\" content=\"Polityka zarz\u0105dzania cyklem \u017cycia produktu\" \/>\n<meta property=\"og:description\" content=\"MotoRad uwzgl\u0119dnia kwestie ESG w ca\u0142ym cyklu \u017cycia produktu, od projektu i zaopatrzenia po wycofanie z eksploatacji. Pobierz Polityk\u0119 zarz\u0105dzania cyklem \u017cycia produktu PDF.Focus keyphrase: Polityka zarz\u0105dzania cyklem \u017cycia produktuSugerowany slug: product-life-cycle-management-policy\" \/>\n<meta property=\"og:url\" content=\"https:\/\/eu.motorad.com\/pl\/polityka-zarzadzania-cyklem-zycia-produktu\/\" \/>\n<meta property=\"og:site_name\" content=\"MotoRad\" \/>\n<meta property=\"article:modified_time\" content=\"2026-03-17T16:00:08+00:00\" \/>\n<meta name=\"twitter:card\" content=\"summary_large_image\" \/>\n<meta name=\"twitter:label1\" content=\"Est. reading time\" \/>\n\t<meta name=\"twitter:data1\" content=\"1 minuta\" \/>\n<script type=\"application\/ld+json\" class=\"yoast-schema-graph\">{\"@context\":\"https:\\\/\\\/schema.org\",\"@graph\":[{\"@type\":\"WebPage\",\"@id\":\"https:\\\/\\\/eu.motorad.com\\\/pl\\\/polityka-zarzadzania-cyklem-zycia-produktu\\\/\",\"url\":\"https:\\\/\\\/eu.motorad.com\\\/pl\\\/polityka-zarzadzania-cyklem-zycia-produktu\\\/\",\"name\":\"Polityka zarz\u0105dzania cyklem \u017cycia produktu - MotoRad\",\"isPartOf\":{\"@id\":\"https:\\\/\\\/eu.motorad.com\\\/pl\\\/#website\"},\"datePublished\":\"2026-02-10T18:21:12+00:00\",\"dateModified\":\"2026-03-17T16:00:08+00:00\",\"description\":\"MotoRad uwzgl\u0119dnia kwestie ESG w ca\u0142ym cyklu \u017cycia produktu, od projektu i zaopatrzenia po wycofanie z eksploatacji. Pobierz Polityk\u0119 zarz\u0105dzania cyklem \u017cycia produktu PDF.Focus keyphrase: Polityka zarz\u0105dzania cyklem \u017cycia produktuSugerowany slug: product-life-cycle-management-policy\",\"breadcrumb\":{\"@id\":\"https:\\\/\\\/eu.motorad.com\\\/pl\\\/polityka-zarzadzania-cyklem-zycia-produktu\\\/#breadcrumb\"},\"inLanguage\":\"pl-PL\",\"potentialAction\":[{\"@type\":\"ReadAction\",\"target\":[\"https:\\\/\\\/eu.motorad.com\\\/pl\\\/polityka-zarzadzania-cyklem-zycia-produktu\\\/\"]}]},{\"@type\":\"BreadcrumbList\",\"@id\":\"https:\\\/\\\/eu.motorad.com\\\/pl\\\/polityka-zarzadzania-cyklem-zycia-produktu\\\/#breadcrumb\",\"itemListElement\":[{\"@type\":\"ListItem\",\"position\":1,\"name\":\"Home\",\"item\":\"https:\\\/\\\/motoradnew.test\\\/pl\\\/strona-glowna\\\/\"},{\"@type\":\"ListItem\",\"position\":2,\"name\":\"Polityka zarz\u0105dzania cyklem \u017cycia produktu\"}]},{\"@type\":\"WebSite\",\"@id\":\"https:\\\/\\\/eu.motorad.com\\\/pl\\\/#website\",\"url\":\"https:\\\/\\\/eu.motorad.com\\\/pl\\\/\",\"name\":\"MotoRad\",\"description\":\"Trusted to Deliver Better - Thermal Management, Emissions, Powertrain Controls\",\"potentialAction\":[{\"@type\":\"SearchAction\",\"target\":{\"@type\":\"EntryPoint\",\"urlTemplate\":\"https:\\\/\\\/eu.motorad.com\\\/pl\\\/?s={search_term_string}\"},\"query-input\":{\"@type\":\"PropertyValueSpecification\",\"valueRequired\":true,\"valueName\":\"search_term_string\"}}],\"inLanguage\":\"pl-PL\"}]}<\/script>\n<!-- \/ Yoast SEO Premium plugin. -->","yoast_head_json":{"title":"Polityka zarz\u0105dzania cyklem \u017cycia produktu - MotoRad","description":"MotoRad uwzgl\u0119dnia kwestie ESG w ca\u0142ym cyklu \u017cycia produktu, od projektu i zaopatrzenia po wycofanie z eksploatacji. Pobierz Polityk\u0119 zarz\u0105dzania cyklem \u017cycia produktu PDF.Focus keyphrase: Polityka zarz\u0105dzania cyklem \u017cycia produktuSugerowany slug: product-life-cycle-management-policy","robots":{"index":"index","follow":"follow","max-snippet":"max-snippet:-1","max-image-preview":"max-image-preview:large","max-video-preview":"max-video-preview:-1"},"canonical":"https:\/\/eu.motorad.com\/pl\/polityka-zarzadzania-cyklem-zycia-produktu\/","og_locale":"pl_PL","og_type":"article","og_title":"Polityka zarz\u0105dzania cyklem \u017cycia produktu","og_description":"MotoRad uwzgl\u0119dnia kwestie ESG w ca\u0142ym cyklu \u017cycia produktu, od projektu i zaopatrzenia po wycofanie z eksploatacji. Pobierz Polityk\u0119 zarz\u0105dzania cyklem \u017cycia produktu PDF.Focus keyphrase: Polityka zarz\u0105dzania cyklem \u017cycia produktuSugerowany slug: product-life-cycle-management-policy","og_url":"https:\/\/eu.motorad.com\/pl\/polityka-zarzadzania-cyklem-zycia-produktu\/","og_site_name":"MotoRad","article_modified_time":"2026-03-17T16:00:08+00:00","twitter_card":"summary_large_image","twitter_misc":{"Est. reading time":"1 minuta"},"schema":{"@context":"https:\/\/schema.org","@graph":[{"@type":"WebPage","@id":"https:\/\/eu.motorad.com\/pl\/polityka-zarzadzania-cyklem-zycia-produktu\/","url":"https:\/\/eu.motorad.com\/pl\/polityka-zarzadzania-cyklem-zycia-produktu\/","name":"Polityka zarz\u0105dzania cyklem \u017cycia produktu - MotoRad","isPartOf":{"@id":"https:\/\/eu.motorad.com\/pl\/#website"},"datePublished":"2026-02-10T18:21:12+00:00","dateModified":"2026-03-17T16:00:08+00:00","description":"MotoRad uwzgl\u0119dnia kwestie ESG w ca\u0142ym cyklu \u017cycia produktu, od projektu i zaopatrzenia po wycofanie z eksploatacji. Pobierz Polityk\u0119 zarz\u0105dzania cyklem \u017cycia produktu PDF.Focus keyphrase: Polityka zarz\u0105dzania cyklem \u017cycia produktuSugerowany slug: product-life-cycle-management-policy","breadcrumb":{"@id":"https:\/\/eu.motorad.com\/pl\/polityka-zarzadzania-cyklem-zycia-produktu\/#breadcrumb"},"inLanguage":"pl-PL","potentialAction":[{"@type":"ReadAction","target":["https:\/\/eu.motorad.com\/pl\/polityka-zarzadzania-cyklem-zycia-produktu\/"]}]},{"@type":"BreadcrumbList","@id":"https:\/\/eu.motorad.com\/pl\/polityka-zarzadzania-cyklem-zycia-produktu\/#breadcrumb","itemListElement":[{"@type":"ListItem","position":1,"name":"Home","item":"https:\/\/motoradnew.test\/pl\/strona-glowna\/"},{"@type":"ListItem","position":2,"name":"Polityka zarz\u0105dzania cyklem \u017cycia produktu"}]},{"@type":"WebSite","@id":"https:\/\/eu.motorad.com\/pl\/#website","url":"https:\/\/eu.motorad.com\/pl\/","name":"MotoRad","description":"Trusted to Deliver Better - Thermal Management, Emissions, Powertrain Controls","potentialAction":[{"@type":"SearchAction","target":{"@type":"EntryPoint","urlTemplate":"https:\/\/eu.motorad.com\/pl\/?s={search_term_string}"},"query-input":{"@type":"PropertyValueSpecification","valueRequired":true,"valueName":"search_term_string"}}],"inLanguage":"pl-PL"}]}},"_links":{"self":[{"href":"https:\/\/eu.motorad.com\/pl\/wp-json\/wp\/v2\/pages\/87799","targetHints":{"allow":["GET"]}}],"collection":[{"href":"https:\/\/eu.motorad.com\/pl\/wp-json\/wp\/v2\/pages"}],"about":[{"href":"https:\/\/eu.motorad.com\/pl\/wp-json\/wp\/v2\/types\/page"}],"author":[{"embeddable":true,"href":"https:\/\/eu.motorad.com\/pl\/wp-json\/wp\/v2\/users\/2"}],"replies":[{"embeddable":true,"href":"https:\/\/eu.motorad.com\/pl\/wp-json\/wp\/v2\/comments?post=87799"}],"version-history":[{"count":1,"href":"https:\/\/eu.motorad.com\/pl\/wp-json\/wp\/v2\/pages\/87799\/revisions"}],"predecessor-version":[{"id":87809,"href":"https:\/\/eu.motorad.com\/pl\/wp-json\/wp\/v2\/pages\/87799\/revisions\/87809"}],"wp:attachment":[{"href":"https:\/\/eu.motorad.com\/pl\/wp-json\/wp\/v2\/media?parent=87799"}],"curies":[{"name":"wp","href":"https:\/\/api.w.org\/{rel}","templated":true}]}}