{"id":87874,"date":"2026-01-15T21:03:52","date_gmt":"2026-01-15T21:03:52","guid":{"rendered":"https:\/\/eu.motorad.com\/instrukcje-bezpieczenstwa-i-instalacji\/"},"modified":"2026-03-17T16:16:29","modified_gmt":"2026-03-17T16:16:29","slug":"instrukcje-bezpieczenstwa-i-instalacji","status":"publish","type":"page","link":"https:\/\/eu.motorad.com\/pl\/instrukcje-bezpieczenstwa-i-instalacji\/","title":{"rendered":"Instrukcje bezpiecze\u0144stwa i instalacji"},"content":{"rendered":"\n<div class=\"wp-block-cover alignfull is-light\" style=\"min-height:350px;aspect-ratio:unset;\"><img decoding=\"async\" class=\"wp-block-cover__image-background wp-image-86608 size-full\" alt=\"\" src=\"https:\/\/motorad.com\/wp-content\/uploads\/safety.jpg\" data-object-fit=\"cover\"\/><span aria-hidden=\"true\" class=\"wp-block-cover__background has-background-dim-0 has-background-dim\" style=\"background-color:#f6d81c\"><\/span><div class=\"wp-block-cover__inner-container is-layout-flow wp-block-cover-is-layout-flow\">\n<h1 class=\"wp-block-heading\" id=\"h-safety-instructions\">Bezpiecze\u0144stwo<br\/>Instrukcje<\/h1>\n<\/div><\/div>\n\n<p style=\"margin-top:var(--wp--preset--spacing--50);margin-right:0;margin-bottom:var(--wp--preset--spacing--50);margin-left:0\">Instrukcje bezpiecze\u0144stwa i instalacji MotoRad s\u0105 przeznaczone dla profesjonalnych technik\u00f3w i \u015bwiadomych w\u0142a\u015bcicieli pojazd\u00f3w. Przed rozpocz\u0119ciem pracy nale\u017cy zawsze przeczyta\u0107 ca\u0142\u0105 instrukcj\u0119. Nale\u017cy stosowa\u0107 odpowiednie \u015brodki ochrony osobistej, przestrzega\u0107 wszystkich ostrze\u017ce\u0144 i lokalnych przepis\u00f3w. Poni\u017csze dokumenty s\u0105 najnowszymi wersjami; opakowania i starsze pliki do pobrania mog\u0105 zawiera\u0107 wcze\u015bniejsze wersje. Je\u015bli wytyczne s\u0105 sprzeczne, wersja online kontroluje    <\/p>\n\n<ul id=\"mr-safety-list\" class=\"wp-block-list\">\n<li><a href=\"https:\/\/images.motorad.com\/MotoRad-stills\/93-20301-0001_MotoRad_Temperature_Sensors_Safety_Instructions.pdf\" target=\"_blank\" rel=\"noreferrer noopener\">Czujniki temperatury &#8211; instrukcje bezpiecze\u0144stwa<\/a><\/li>\n\n\n\n<li><a href=\"https:\/\/images.motorad.com\/MotoRad-stills\/93-30501-0001_MotoRad_Fuel_and_Tethered_Fuel_Caps_Safety_Instructions.pdf\" target=\"_blank\" rel=\"noreferrer noopener\">Korek paliwa i korek paliwa na uwi\u0119zi &#8211; instrukcje bezpiecze\u0144stwa  <\/a><\/li>\n\n\n\n<li><a href=\"https:\/\/images.motorad.com\/MotoRad-stills\/93-30201-0001_MotoRad_Coolant_and_Oil_Caps_Safety_Instructions.pdf\" target=\"_blank\" rel=\"noreferrer noopener\">Korki p\u0142ynu ch\u0142odz\u0105cego i oleju &#8211; instrukcje bezpiecze\u0144stwa<\/a><\/li>\n\n\n\n<li><a href=\"https:\/\/images.motorad.com\/MotoRad-stills\/93-30801-0001_MotoRad_Leak_Detection_Pumps_and_Coolant_System_Tester_Safety_Instructions.pdf\" target=\"_blank\" rel=\"noreferrer noopener\">Pompy do wykrywania nieszczelno\u015bci i tester uk\u0142adu ch\u0142odzenia &#8211; instrukcje bezpiecze\u0144stwa  <\/a><\/li>\n\n\n\n<li><a href=\"https:\/\/images.motorad.com\/MotoRad-stills\/93-30901-0001_MotoRad_EVAP_Components_Safety_Instructions.pdf\" target=\"_blank\" rel=\"noreferrer noopener\">Elementy uk\u0142adu EVAP &#8211; instrukcje bezpiecze\u0144stwa  <\/a><\/li>\n\n\n\n<li><a href=\"https:\/\/images.motorad.com\/MotoRad-stills\/93-20501-0001_MotoRad_Mass_Air_Flow_MAF_Sensors_Safety_Instructions.pdf\" target=\"_blank\" rel=\"noreferrer noopener\">Czujniki masowego przep\u0142ywu powietrza (MAF) &#8211; instrukcje bezpiecze\u0144stwa  <\/a><\/li>\n\n\n\n<li><a href=\"https:\/\/images.motorad.com\/MotoRad-stills\/93-20701-0001_MotoRad_Position_Sensors_Safety_Instructions.pdf\" target=\"_blank\" rel=\"noreferrer noopener\">Czujniki po\u0142o\u017cenia &#8211; instrukcje bezpiecze\u0144stwa  <\/a><\/li>\n\n\n\n<li><a href=\"https:\/\/images.motorad.com\/MotoRad-stills\/93-20401-0001_MotoRad_VVT_Solenoids_Safety_Instructions.pdf\" target=\"_blank\" rel=\"noreferrer noopener\">Solenoidy VVT &#8211; instrukcje bezpiecze\u0144stwa  <\/a><\/li>\n\n\n\n<li><a href=\"https:\/\/images.motorad.com\/MotoRad-stills\/93-20602-0001_MotoRad_Ignition_Coils_Safety_Instructions.pdf\" target=\"_blank\" rel=\"noreferrer noopener\">Cewki zap\u0142onowe &#8211; instrukcje bezpiecze\u0144stwa  <\/a><\/li>\n\n\n\n<li><a href=\"https:\/\/images.motorad.com\/MotoRad-stills\/93-10701-0001_MotoRad_Thermostats_Safety_Instructions.pdf\" target=\"_blank\" rel=\"noreferrer noopener\">Termostaty &#8211; instrukcje bezpiecze\u0144stwa<\/a><\/li>\n<\/ul>\n\n<p style=\"margin-top:var(--wp--preset--spacing--50);margin-right:0;margin-bottom:var(--wp--preset--spacing--50);margin-left:0\">Aby uzyska\u0107 pomoc techniczn\u0105 lub zg\u0142osi\u0107 problem dotycz\u0105cy bezpiecze\u0144stwa, skontaktuj si\u0119 z <a href=\"mailto:info@motorad.com\">MotoRad<\/a>.<\/p>\n","protected":false},"excerpt":{"rendered":"<p>Instrukcje bezpiecze\u0144stwa i instalacji MotoRad s\u0105 przeznaczone dla profesjonalnych technik\u00f3w i \u015bwiadomych w\u0142a\u015bcicieli pojazd\u00f3w. Przed rozpocz\u0119ciem pracy nale\u017cy zawsze przeczyta\u0107 [&#8230;]<\/p>\n","protected":false},"author":2,"featured_media":0,"parent":0,"menu_order":0,"comment_status":"closed","ping_status":"closed","template":"","meta":{"_acf_changed":false,"footnotes":""},"class_list":["post-87874","page","type-page","status-publish","hentry"],"acf":[],"yoast_head":"<!-- This site is optimized with the Yoast SEO Premium plugin v27.2 (Yoast SEO v27.5) - https:\/\/yoast.com\/product\/yoast-seo-premium-wordpress\/ -->\n<title>Instrukcje bezpiecze\u0144stwa i instalacji - MotoRad<\/title>\n<meta name=\"description\" content=\"MotoRad - Instrukcje bezpiecze\u0144stwa i instalacji %\" \/>\n<meta name=\"robots\" content=\"index, follow, max-snippet:-1, max-image-preview:large, max-video-preview:-1\" \/>\n<link rel=\"canonical\" href=\"https:\/\/eu.motorad.com\/pl\/instrukcje-bezpieczenstwa-i-instalacji\/\" \/>\n<meta property=\"og:locale\" content=\"pl_PL\" \/>\n<meta property=\"og:type\" content=\"article\" \/>\n<meta property=\"og:title\" content=\"Instrukcje bezpiecze\u0144stwa i instalacji\" \/>\n<meta property=\"og:description\" content=\"MotoRad - Instrukcje bezpiecze\u0144stwa i instalacji %\" \/>\n<meta property=\"og:url\" content=\"https:\/\/eu.motorad.com\/pl\/instrukcje-bezpieczenstwa-i-instalacji\/\" \/>\n<meta property=\"og:site_name\" content=\"MotoRad\" \/>\n<meta property=\"article:modified_time\" content=\"2026-03-17T16:16:29+00:00\" \/>\n<meta name=\"twitter:card\" content=\"summary_large_image\" \/>\n<meta name=\"twitter:label1\" content=\"Est. reading time\" \/>\n\t<meta name=\"twitter:data1\" content=\"1 minuta\" \/>\n<script type=\"application\/ld+json\" class=\"yoast-schema-graph\">{\"@context\":\"https:\\\/\\\/schema.org\",\"@graph\":[{\"@type\":\"WebPage\",\"@id\":\"https:\\\/\\\/eu.motorad.com\\\/pl\\\/instrukcje-bezpieczenstwa-i-instalacji\\\/\",\"url\":\"https:\\\/\\\/eu.motorad.com\\\/pl\\\/instrukcje-bezpieczenstwa-i-instalacji\\\/\",\"name\":\"Instrukcje bezpiecze\u0144stwa i instalacji - MotoRad\",\"isPartOf\":{\"@id\":\"https:\\\/\\\/eu.motorad.com\\\/pl\\\/#website\"},\"primaryImageOfPage\":{\"@id\":\"https:\\\/\\\/eu.motorad.com\\\/pl\\\/instrukcje-bezpieczenstwa-i-instalacji\\\/#primaryimage\"},\"image\":{\"@id\":\"https:\\\/\\\/eu.motorad.com\\\/pl\\\/instrukcje-bezpieczenstwa-i-instalacji\\\/#primaryimage\"},\"thumbnailUrl\":\"https:\\\/\\\/motorad.com\\\/wp-content\\\/uploads\\\/safety.jpg\",\"datePublished\":\"2026-01-15T21:03:52+00:00\",\"dateModified\":\"2026-03-17T16:16:29+00:00\",\"description\":\"MotoRad - Instrukcje bezpiecze\u0144stwa i instalacji %\",\"breadcrumb\":{\"@id\":\"https:\\\/\\\/eu.motorad.com\\\/pl\\\/instrukcje-bezpieczenstwa-i-instalacji\\\/#breadcrumb\"},\"inLanguage\":\"pl-PL\",\"potentialAction\":[{\"@type\":\"ReadAction\",\"target\":[\"https:\\\/\\\/eu.motorad.com\\\/pl\\\/instrukcje-bezpieczenstwa-i-instalacji\\\/\"]}]},{\"@type\":\"ImageObject\",\"inLanguage\":\"pl-PL\",\"@id\":\"https:\\\/\\\/eu.motorad.com\\\/pl\\\/instrukcje-bezpieczenstwa-i-instalacji\\\/#primaryimage\",\"url\":\"https:\\\/\\\/motorad.com\\\/wp-content\\\/uploads\\\/safety.jpg\",\"contentUrl\":\"https:\\\/\\\/motorad.com\\\/wp-content\\\/uploads\\\/safety.jpg\"},{\"@type\":\"BreadcrumbList\",\"@id\":\"https:\\\/\\\/eu.motorad.com\\\/pl\\\/instrukcje-bezpieczenstwa-i-instalacji\\\/#breadcrumb\",\"itemListElement\":[{\"@type\":\"ListItem\",\"position\":1,\"name\":\"Home\",\"item\":\"https:\\\/\\\/motoradnew.test\\\/pl\\\/strona-glowna\\\/\"},{\"@type\":\"ListItem\",\"position\":2,\"name\":\"Instrukcje bezpiecze\u0144stwa i instalacji\"}]},{\"@type\":\"WebSite\",\"@id\":\"https:\\\/\\\/eu.motorad.com\\\/pl\\\/#website\",\"url\":\"https:\\\/\\\/eu.motorad.com\\\/pl\\\/\",\"name\":\"MotoRad\",\"description\":\"Trusted to Deliver Better - Thermal Management, Emissions, Powertrain Controls\",\"potentialAction\":[{\"@type\":\"SearchAction\",\"target\":{\"@type\":\"EntryPoint\",\"urlTemplate\":\"https:\\\/\\\/eu.motorad.com\\\/pl\\\/?s={search_term_string}\"},\"query-input\":{\"@type\":\"PropertyValueSpecification\",\"valueRequired\":true,\"valueName\":\"search_term_string\"}}],\"inLanguage\":\"pl-PL\"}]}<\/script>\n<!-- \/ Yoast SEO Premium plugin. -->","yoast_head_json":{"title":"Instrukcje bezpiecze\u0144stwa i instalacji - MotoRad","description":"MotoRad - Instrukcje bezpiecze\u0144stwa i instalacji %","robots":{"index":"index","follow":"follow","max-snippet":"max-snippet:-1","max-image-preview":"max-image-preview:large","max-video-preview":"max-video-preview:-1"},"canonical":"https:\/\/eu.motorad.com\/pl\/instrukcje-bezpieczenstwa-i-instalacji\/","og_locale":"pl_PL","og_type":"article","og_title":"Instrukcje bezpiecze\u0144stwa i instalacji","og_description":"MotoRad - Instrukcje bezpiecze\u0144stwa i instalacji %","og_url":"https:\/\/eu.motorad.com\/pl\/instrukcje-bezpieczenstwa-i-instalacji\/","og_site_name":"MotoRad","article_modified_time":"2026-03-17T16:16:29+00:00","twitter_card":"summary_large_image","twitter_misc":{"Est. reading time":"1 minuta"},"schema":{"@context":"https:\/\/schema.org","@graph":[{"@type":"WebPage","@id":"https:\/\/eu.motorad.com\/pl\/instrukcje-bezpieczenstwa-i-instalacji\/","url":"https:\/\/eu.motorad.com\/pl\/instrukcje-bezpieczenstwa-i-instalacji\/","name":"Instrukcje bezpiecze\u0144stwa i instalacji - MotoRad","isPartOf":{"@id":"https:\/\/eu.motorad.com\/pl\/#website"},"primaryImageOfPage":{"@id":"https:\/\/eu.motorad.com\/pl\/instrukcje-bezpieczenstwa-i-instalacji\/#primaryimage"},"image":{"@id":"https:\/\/eu.motorad.com\/pl\/instrukcje-bezpieczenstwa-i-instalacji\/#primaryimage"},"thumbnailUrl":"https:\/\/motorad.com\/wp-content\/uploads\/safety.jpg","datePublished":"2026-01-15T21:03:52+00:00","dateModified":"2026-03-17T16:16:29+00:00","description":"MotoRad - Instrukcje bezpiecze\u0144stwa i instalacji %","breadcrumb":{"@id":"https:\/\/eu.motorad.com\/pl\/instrukcje-bezpieczenstwa-i-instalacji\/#breadcrumb"},"inLanguage":"pl-PL","potentialAction":[{"@type":"ReadAction","target":["https:\/\/eu.motorad.com\/pl\/instrukcje-bezpieczenstwa-i-instalacji\/"]}]},{"@type":"ImageObject","inLanguage":"pl-PL","@id":"https:\/\/eu.motorad.com\/pl\/instrukcje-bezpieczenstwa-i-instalacji\/#primaryimage","url":"https:\/\/motorad.com\/wp-content\/uploads\/safety.jpg","contentUrl":"https:\/\/motorad.com\/wp-content\/uploads\/safety.jpg"},{"@type":"BreadcrumbList","@id":"https:\/\/eu.motorad.com\/pl\/instrukcje-bezpieczenstwa-i-instalacji\/#breadcrumb","itemListElement":[{"@type":"ListItem","position":1,"name":"Home","item":"https:\/\/motoradnew.test\/pl\/strona-glowna\/"},{"@type":"ListItem","position":2,"name":"Instrukcje bezpiecze\u0144stwa i instalacji"}]},{"@type":"WebSite","@id":"https:\/\/eu.motorad.com\/pl\/#website","url":"https:\/\/eu.motorad.com\/pl\/","name":"MotoRad","description":"Trusted to Deliver Better - Thermal Management, Emissions, Powertrain Controls","potentialAction":[{"@type":"SearchAction","target":{"@type":"EntryPoint","urlTemplate":"https:\/\/eu.motorad.com\/pl\/?s={search_term_string}"},"query-input":{"@type":"PropertyValueSpecification","valueRequired":true,"valueName":"search_term_string"}}],"inLanguage":"pl-PL"}]}},"_links":{"self":[{"href":"https:\/\/eu.motorad.com\/pl\/wp-json\/wp\/v2\/pages\/87874","targetHints":{"allow":["GET"]}}],"collection":[{"href":"https:\/\/eu.motorad.com\/pl\/wp-json\/wp\/v2\/pages"}],"about":[{"href":"https:\/\/eu.motorad.com\/pl\/wp-json\/wp\/v2\/types\/page"}],"author":[{"embeddable":true,"href":"https:\/\/eu.motorad.com\/pl\/wp-json\/wp\/v2\/users\/2"}],"replies":[{"embeddable":true,"href":"https:\/\/eu.motorad.com\/pl\/wp-json\/wp\/v2\/comments?post=87874"}],"version-history":[{"count":1,"href":"https:\/\/eu.motorad.com\/pl\/wp-json\/wp\/v2\/pages\/87874\/revisions"}],"predecessor-version":[{"id":87887,"href":"https:\/\/eu.motorad.com\/pl\/wp-json\/wp\/v2\/pages\/87874\/revisions\/87887"}],"wp:attachment":[{"href":"https:\/\/eu.motorad.com\/pl\/wp-json\/wp\/v2\/media?parent=87874"}],"curies":[{"name":"wp","href":"https:\/\/api.w.org\/{rel}","templated":true}]}}