{"id":5637,"date":"2025-04-03T18:18:24","date_gmt":"2025-04-03T18:18:24","guid":{"rendered":"https:\/\/eu.motorad.com\/sensores-de-detonacao\/"},"modified":"2025-06-13T12:48:25","modified_gmt":"2025-06-13T12:48:25","slug":"sensores-de-detonacao","status":"publish","type":"page","link":"https:\/\/eu.motorad.com\/pt-br\/produtos\/controles-de-powertrain\/sensores-de-detonacao\/","title":{"rendered":"Sensores de detona\u00e7\u00e3o"},"content":{"rendered":"<h1 style=\"margin-top:var(--wp--preset--spacing--60);margin-bottom:var(--wp--preset--spacing--60);\" class=\"wp-block-post-title\">Sensores de detona\u00e7\u00e3o<\/h1>\n<p>Os sensores de detona\u00e7\u00e3o MotoRad respondem a uma ampla gama de frequ\u00eancias de detona\u00e7\u00e3o do motor, fornecendo condi\u00e7\u00f5es precisas do motor para a ECM para um \u00f3timo ajuste de igni\u00e7\u00e3o. Elemento piezocer\u00e2mico da mais alta qualidade fabricado com toler\u00e2ncias rigorosas para maior durabilidade. Todos os sensores de detona\u00e7\u00e3o MotoRad s\u00e3o projetados para atender ou exceder as especifica\u00e7\u00f5es OEM em nossas instala\u00e7\u00f5es de fabrica\u00e7\u00e3o ISO TS16949.  <\/p>\n\n<div class=\"wp-block-columns is-layout-flex wp-container-core-columns-is-layout-fc239cb1 wp-block-columns-is-layout-flex\" style=\"margin-top:var(--wp--preset--spacing--60);margin-bottom:var(--wp--preset--spacing--60)\">\n<div class=\"wp-block-column is-layout-flow wp-block-column-is-layout-flow\">\n<figure class=\"wp-block-image size-full\"><img loading=\"lazy\" decoding=\"async\" width=\"500\" height=\"500\" src=\"https:\/\/eu.motorad.com\/wp-content\/uploads\/2025\/04\/1KS1059_Angle.jpg\" alt=\"\" class=\"wp-image-4201\" srcset=\"https:\/\/eu.motorad.com\/wp-content\/uploads\/2025\/04\/1KS1059_Angle.jpg 500w, https:\/\/eu.motorad.com\/wp-content\/uploads\/2025\/04\/1KS1059_Angle-300x300.jpg 300w, https:\/\/eu.motorad.com\/wp-content\/uploads\/2025\/04\/1KS1059_Angle-150x150.jpg 150w\" sizes=\"auto, (max-width: 500px) 100vw, 500px\" \/><\/figure>\n<\/div>\n\n\n\n<div class=\"wp-block-column is-layout-flow wp-block-column-is-layout-flow\">\n<figure class=\"wp-block-image size-full\"><img loading=\"lazy\" decoding=\"async\" width=\"500\" height=\"500\" src=\"https:\/\/eu.motorad.com\/wp-content\/uploads\/2025\/04\/1KS1062_Angle.jpg\" alt=\"\" class=\"wp-image-4208\" srcset=\"https:\/\/eu.motorad.com\/wp-content\/uploads\/2025\/04\/1KS1062_Angle.jpg 500w, https:\/\/eu.motorad.com\/wp-content\/uploads\/2025\/04\/1KS1062_Angle-300x300.jpg 300w, https:\/\/eu.motorad.com\/wp-content\/uploads\/2025\/04\/1KS1062_Angle-150x150.jpg 150w\" sizes=\"auto, (max-width: 500px) 100vw, 500px\" \/><\/figure>\n<\/div>\n\n\n\n<div class=\"wp-block-column is-layout-flow wp-block-column-is-layout-flow\">\n<figure class=\"wp-block-image size-full\"><img loading=\"lazy\" decoding=\"async\" width=\"500\" height=\"500\" src=\"https:\/\/eu.motorad.com\/wp-content\/uploads\/2025\/04\/1KS1065_Angle-1.jpg\" alt=\"\" class=\"wp-image-4215\" srcset=\"https:\/\/eu.motorad.com\/wp-content\/uploads\/2025\/04\/1KS1065_Angle-1.jpg 500w, https:\/\/eu.motorad.com\/wp-content\/uploads\/2025\/04\/1KS1065_Angle-1-300x300.jpg 300w, https:\/\/eu.motorad.com\/wp-content\/uploads\/2025\/04\/1KS1065_Angle-1-150x150.jpg 150w\" sizes=\"auto, (max-width: 500px) 100vw, 500px\" \/><\/figure>\n<\/div>\n\n\n\n<div class=\"wp-block-column is-layout-flow wp-block-column-is-layout-flow\">\n<figure class=\"wp-block-image size-full\"><img loading=\"lazy\" decoding=\"async\" width=\"500\" height=\"500\" src=\"https:\/\/eu.motorad.com\/wp-content\/uploads\/2025\/04\/1KS1004_Angle.jpg\" alt=\"\" class=\"wp-image-4180\" srcset=\"https:\/\/eu.motorad.com\/wp-content\/uploads\/2025\/04\/1KS1004_Angle.jpg 500w, https:\/\/eu.motorad.com\/wp-content\/uploads\/2025\/04\/1KS1004_Angle-300x300.jpg 300w, https:\/\/eu.motorad.com\/wp-content\/uploads\/2025\/04\/1KS1004_Angle-150x150.jpg 150w\" sizes=\"auto, (max-width: 500px) 100vw, 500px\" \/><\/figure>\n<\/div>\n\n\n\n<div class=\"wp-block-column is-layout-flow wp-block-column-is-layout-flow\">\n<figure class=\"wp-block-image size-full\"><img loading=\"lazy\" decoding=\"async\" width=\"500\" height=\"500\" src=\"https:\/\/eu.motorad.com\/wp-content\/uploads\/2025\/04\/1KS1008_Angle.jpg\" alt=\"\" class=\"wp-image-4187\" srcset=\"https:\/\/eu.motorad.com\/wp-content\/uploads\/2025\/04\/1KS1008_Angle.jpg 500w, https:\/\/eu.motorad.com\/wp-content\/uploads\/2025\/04\/1KS1008_Angle-300x300.jpg 300w, https:\/\/eu.motorad.com\/wp-content\/uploads\/2025\/04\/1KS1008_Angle-150x150.jpg 150w\" sizes=\"auto, (max-width: 500px) 100vw, 500px\" \/><\/figure>\n<\/div>\n\n\n\n<div class=\"wp-block-column is-layout-flow wp-block-column-is-layout-flow\">\n<figure class=\"wp-block-image size-full\"><img loading=\"lazy\" decoding=\"async\" width=\"500\" height=\"500\" src=\"https:\/\/eu.motorad.com\/wp-content\/uploads\/2025\/04\/1KS1019_Angle.jpg\" alt=\"\" class=\"wp-image-4194\" srcset=\"https:\/\/eu.motorad.com\/wp-content\/uploads\/2025\/04\/1KS1019_Angle.jpg 500w, https:\/\/eu.motorad.com\/wp-content\/uploads\/2025\/04\/1KS1019_Angle-300x300.jpg 300w, https:\/\/eu.motorad.com\/wp-content\/uploads\/2025\/04\/1KS1019_Angle-150x150.jpg 150w\" sizes=\"auto, (max-width: 500px) 100vw, 500px\" \/><\/figure>\n<\/div>\n<\/div>\n\n<ul class=\"wp-block-list\">\n<li>O elemento piezocer\u00e2mico de precis\u00e3o garante uma resposta precisa a uma ampla gama de vibra\u00e7\u00f5es do motor.<\/li>\n\n\n\n<li>Fabricado utilizando materiais OEM da mais alta qualidade para garantir desempenho ideal e durabilidade robusta.<\/li>\n\n\n\n<li>Projetado para atender ou exceder todas as especifica\u00e7\u00f5es OEM em ajuste, forma &amp; fun\u00e7\u00e3o.<\/li>\n\n\n\n<li>Testes extensivos do produto incluem spray de sal, impacto em alta\/baixa temperatura, ciclos t\u00e9rmicos, vibra\u00e7\u00e3o, queda, entre outros testes, para garantir que todos os sensores atendam ou excedam as especifica\u00e7\u00f5es OEM.<\/li>\n<\/ul>\n\n<figure class=\"wp-block-image size-full\" style=\"margin-top:var(--wp--preset--spacing--60);margin-bottom:var(--wp--preset--spacing--60)\"><img loading=\"lazy\" decoding=\"async\" width=\"1233\" height=\"679\" src=\"https:\/\/eu.motorad.com\/wp-content\/uploads\/2025\/04\/cts2-1.jpg\" alt=\"\" class=\"wp-image-4222\" srcset=\"https:\/\/eu.motorad.com\/wp-content\/uploads\/2025\/04\/cts2-1.jpg 1233w, https:\/\/eu.motorad.com\/wp-content\/uploads\/2025\/04\/cts2-1-300x165.jpg 300w, https:\/\/eu.motorad.com\/wp-content\/uploads\/2025\/04\/cts2-1-1024x564.jpg 1024w, https:\/\/eu.motorad.com\/wp-content\/uploads\/2025\/04\/cts2-1-768x423.jpg 768w\" sizes=\"auto, (max-width: 1233px) 100vw, 1233px\" \/><\/figure>\n\n<div class=\"wp-block-buttons is-layout-flex wp-block-buttons-is-layout-flex\" style=\"margin-bottom:var(--wp--preset--spacing--70)\">\n<div class=\"wp-block-button\"><a class=\"wp-block-button__link wp-element-button\" href=\"https:\/\/eu.motorad.com\/products\/\">Encontre sensores para sua aplica\u00e7\u00e3o<\/a><\/div>\n<\/div>\n","protected":false},"excerpt":{"rendered":"<p>Os sensores de detona\u00e7\u00e3o MotoRad respondem a uma ampla gama de frequ\u00eancias de detona\u00e7\u00e3o do motor, fornecendo condi\u00e7\u00f5es precisas do [&#8230;]<\/p>\n","protected":false},"author":1,"featured_media":0,"parent":5857,"menu_order":0,"comment_status":"closed","ping_status":"closed","template":"","meta":{"_acf_changed":false,"footnotes":""},"class_list":["post-5637","page","type-page","status-publish","hentry"],"acf":[],"yoast_head":"<!-- This site is optimized with the Yoast SEO Premium plugin v27.2 (Yoast SEO v27.5) - https:\/\/yoast.com\/product\/yoast-seo-premium-wordpress\/ -->\n<title>Sensores de detona\u00e7\u00e3o - MotoRad<\/title>\n<meta name=\"description\" content=\"MotoRad - Sensores de detona\u00e7\u00e3o %\" \/>\n<meta name=\"robots\" content=\"index, follow, max-snippet:-1, max-image-preview:large, max-video-preview:-1\" \/>\n<link rel=\"canonical\" href=\"https:\/\/eu.motorad.com\/pt-br\/produtos\/controles-de-powertrain\/sensores-de-detonacao\/\" \/>\n<meta property=\"og:locale\" content=\"pt_BR\" \/>\n<meta property=\"og:type\" content=\"article\" \/>\n<meta property=\"og:title\" content=\"Sensores de detona\u00e7\u00e3o\" \/>\n<meta property=\"og:description\" content=\"MotoRad - Sensores de detona\u00e7\u00e3o %\" \/>\n<meta property=\"og:url\" content=\"https:\/\/eu.motorad.com\/pt-br\/produtos\/controles-de-powertrain\/sensores-de-detonacao\/\" \/>\n<meta property=\"og:site_name\" content=\"MotoRad\" \/>\n<meta property=\"article:modified_time\" content=\"2025-06-13T12:48:25+00:00\" \/>\n<meta property=\"og:image\" content=\"https:\/\/eu.motorad.com\/wp-content\/uploads\/2025\/04\/1KS1059_Angle.jpg\" \/>\n\t<meta property=\"og:image:width\" content=\"500\" \/>\n\t<meta property=\"og:image:height\" content=\"500\" \/>\n\t<meta property=\"og:image:type\" content=\"image\/jpeg\" \/>\n<meta name=\"twitter:card\" content=\"summary_large_image\" \/>\n<meta name=\"twitter:label1\" content=\"Est. reading time\" \/>\n\t<meta name=\"twitter:data1\" content=\"1 minuto\" \/>\n<script type=\"application\/ld+json\" class=\"yoast-schema-graph\">{\"@context\":\"https:\\\/\\\/schema.org\",\"@graph\":[{\"@type\":\"WebPage\",\"@id\":\"https:\\\/\\\/eu.motorad.com\\\/pt-br\\\/produtos\\\/controles-de-powertrain\\\/sensores-de-detonacao\\\/\",\"url\":\"https:\\\/\\\/eu.motorad.com\\\/pt-br\\\/produtos\\\/controles-de-powertrain\\\/sensores-de-detonacao\\\/\",\"name\":\"Sensores de detona\u00e7\u00e3o - MotoRad\",\"isPartOf\":{\"@id\":\"https:\\\/\\\/eu.motorad.com\\\/pt-br\\\/#website\"},\"primaryImageOfPage\":{\"@id\":\"https:\\\/\\\/eu.motorad.com\\\/pt-br\\\/produtos\\\/controles-de-powertrain\\\/sensores-de-detonacao\\\/#primaryimage\"},\"image\":{\"@id\":\"https:\\\/\\\/eu.motorad.com\\\/pt-br\\\/produtos\\\/controles-de-powertrain\\\/sensores-de-detonacao\\\/#primaryimage\"},\"thumbnailUrl\":\"https:\\\/\\\/eu.motorad.com\\\/wp-content\\\/uploads\\\/2025\\\/04\\\/1KS1059_Angle.jpg\",\"datePublished\":\"2025-04-03T18:18:24+00:00\",\"dateModified\":\"2025-06-13T12:48:25+00:00\",\"description\":\"MotoRad - Sensores de detona\u00e7\u00e3o %\",\"breadcrumb\":{\"@id\":\"https:\\\/\\\/eu.motorad.com\\\/pt-br\\\/produtos\\\/controles-de-powertrain\\\/sensores-de-detonacao\\\/#breadcrumb\"},\"inLanguage\":\"pt-BR\",\"potentialAction\":[{\"@type\":\"ReadAction\",\"target\":[\"https:\\\/\\\/eu.motorad.com\\\/pt-br\\\/produtos\\\/controles-de-powertrain\\\/sensores-de-detonacao\\\/\"]}]},{\"@type\":\"ImageObject\",\"inLanguage\":\"pt-BR\",\"@id\":\"https:\\\/\\\/eu.motorad.com\\\/pt-br\\\/produtos\\\/controles-de-powertrain\\\/sensores-de-detonacao\\\/#primaryimage\",\"url\":\"https:\\\/\\\/eu.motorad.com\\\/wp-content\\\/uploads\\\/2025\\\/04\\\/1KS1059_Angle.jpg\",\"contentUrl\":\"https:\\\/\\\/eu.motorad.com\\\/wp-content\\\/uploads\\\/2025\\\/04\\\/1KS1059_Angle.jpg\"},{\"@type\":\"BreadcrumbList\",\"@id\":\"https:\\\/\\\/eu.motorad.com\\\/pt-br\\\/produtos\\\/controles-de-powertrain\\\/sensores-de-detonacao\\\/#breadcrumb\",\"itemListElement\":[{\"@type\":\"ListItem\",\"position\":1,\"name\":\"Home\",\"item\":\"https:\\\/\\\/motoradnew.test\\\/pt-br\\\/pagina-inicial\\\/\"},{\"@type\":\"ListItem\",\"position\":2,\"name\":\"Produtos\",\"item\":\"https:\\\/\\\/motoradnew.test\\\/pt-br\\\/produtos\\\/\"},{\"@type\":\"ListItem\",\"position\":3,\"name\":\"Controles de powertrain\",\"item\":\"https:\\\/\\\/motoradnew.test\\\/pt-br\\\/produtos\\\/controles-de-powertrain\\\/\"},{\"@type\":\"ListItem\",\"position\":4,\"name\":\"Sensores de detona\u00e7\u00e3o\"}]},{\"@type\":\"WebSite\",\"@id\":\"https:\\\/\\\/eu.motorad.com\\\/pt-br\\\/#website\",\"url\":\"https:\\\/\\\/eu.motorad.com\\\/pt-br\\\/\",\"name\":\"MotoRad\",\"description\":\"Trusted to Deliver Better - Thermal Management, Emissions, Powertrain Controls\",\"potentialAction\":[{\"@type\":\"SearchAction\",\"target\":{\"@type\":\"EntryPoint\",\"urlTemplate\":\"https:\\\/\\\/eu.motorad.com\\\/pt-br\\\/?s={search_term_string}\"},\"query-input\":{\"@type\":\"PropertyValueSpecification\",\"valueRequired\":true,\"valueName\":\"search_term_string\"}}],\"inLanguage\":\"pt-BR\"}]}<\/script>\n<!-- \/ Yoast SEO Premium plugin. -->","yoast_head_json":{"title":"Sensores de detona\u00e7\u00e3o - MotoRad","description":"MotoRad - Sensores de detona\u00e7\u00e3o %","robots":{"index":"index","follow":"follow","max-snippet":"max-snippet:-1","max-image-preview":"max-image-preview:large","max-video-preview":"max-video-preview:-1"},"canonical":"https:\/\/eu.motorad.com\/pt-br\/produtos\/controles-de-powertrain\/sensores-de-detonacao\/","og_locale":"pt_BR","og_type":"article","og_title":"Sensores de detona\u00e7\u00e3o","og_description":"MotoRad - Sensores de detona\u00e7\u00e3o %","og_url":"https:\/\/eu.motorad.com\/pt-br\/produtos\/controles-de-powertrain\/sensores-de-detonacao\/","og_site_name":"MotoRad","article_modified_time":"2025-06-13T12:48:25+00:00","og_image":[{"width":500,"height":500,"url":"https:\/\/eu.motorad.com\/wp-content\/uploads\/2025\/04\/1KS1059_Angle.jpg","type":"image\/jpeg"}],"twitter_card":"summary_large_image","twitter_misc":{"Est. reading time":"1 minuto"},"schema":{"@context":"https:\/\/schema.org","@graph":[{"@type":"WebPage","@id":"https:\/\/eu.motorad.com\/pt-br\/produtos\/controles-de-powertrain\/sensores-de-detonacao\/","url":"https:\/\/eu.motorad.com\/pt-br\/produtos\/controles-de-powertrain\/sensores-de-detonacao\/","name":"Sensores de detona\u00e7\u00e3o - MotoRad","isPartOf":{"@id":"https:\/\/eu.motorad.com\/pt-br\/#website"},"primaryImageOfPage":{"@id":"https:\/\/eu.motorad.com\/pt-br\/produtos\/controles-de-powertrain\/sensores-de-detonacao\/#primaryimage"},"image":{"@id":"https:\/\/eu.motorad.com\/pt-br\/produtos\/controles-de-powertrain\/sensores-de-detonacao\/#primaryimage"},"thumbnailUrl":"https:\/\/eu.motorad.com\/wp-content\/uploads\/2025\/04\/1KS1059_Angle.jpg","datePublished":"2025-04-03T18:18:24+00:00","dateModified":"2025-06-13T12:48:25+00:00","description":"MotoRad - Sensores de detona\u00e7\u00e3o %","breadcrumb":{"@id":"https:\/\/eu.motorad.com\/pt-br\/produtos\/controles-de-powertrain\/sensores-de-detonacao\/#breadcrumb"},"inLanguage":"pt-BR","potentialAction":[{"@type":"ReadAction","target":["https:\/\/eu.motorad.com\/pt-br\/produtos\/controles-de-powertrain\/sensores-de-detonacao\/"]}]},{"@type":"ImageObject","inLanguage":"pt-BR","@id":"https:\/\/eu.motorad.com\/pt-br\/produtos\/controles-de-powertrain\/sensores-de-detonacao\/#primaryimage","url":"https:\/\/eu.motorad.com\/wp-content\/uploads\/2025\/04\/1KS1059_Angle.jpg","contentUrl":"https:\/\/eu.motorad.com\/wp-content\/uploads\/2025\/04\/1KS1059_Angle.jpg"},{"@type":"BreadcrumbList","@id":"https:\/\/eu.motorad.com\/pt-br\/produtos\/controles-de-powertrain\/sensores-de-detonacao\/#breadcrumb","itemListElement":[{"@type":"ListItem","position":1,"name":"Home","item":"https:\/\/motoradnew.test\/pt-br\/pagina-inicial\/"},{"@type":"ListItem","position":2,"name":"Produtos","item":"https:\/\/motoradnew.test\/pt-br\/produtos\/"},{"@type":"ListItem","position":3,"name":"Controles de powertrain","item":"https:\/\/motoradnew.test\/pt-br\/produtos\/controles-de-powertrain\/"},{"@type":"ListItem","position":4,"name":"Sensores de detona\u00e7\u00e3o"}]},{"@type":"WebSite","@id":"https:\/\/eu.motorad.com\/pt-br\/#website","url":"https:\/\/eu.motorad.com\/pt-br\/","name":"MotoRad","description":"Trusted to Deliver Better - Thermal Management, Emissions, Powertrain Controls","potentialAction":[{"@type":"SearchAction","target":{"@type":"EntryPoint","urlTemplate":"https:\/\/eu.motorad.com\/pt-br\/?s={search_term_string}"},"query-input":{"@type":"PropertyValueSpecification","valueRequired":true,"valueName":"search_term_string"}}],"inLanguage":"pt-BR"}]}},"_links":{"self":[{"href":"https:\/\/eu.motorad.com\/pt-br\/wp-json\/wp\/v2\/pages\/5637","targetHints":{"allow":["GET"]}}],"collection":[{"href":"https:\/\/eu.motorad.com\/pt-br\/wp-json\/wp\/v2\/pages"}],"about":[{"href":"https:\/\/eu.motorad.com\/pt-br\/wp-json\/wp\/v2\/types\/page"}],"author":[{"embeddable":true,"href":"https:\/\/eu.motorad.com\/pt-br\/wp-json\/wp\/v2\/users\/1"}],"replies":[{"embeddable":true,"href":"https:\/\/eu.motorad.com\/pt-br\/wp-json\/wp\/v2\/comments?post=5637"}],"version-history":[{"count":1,"href":"https:\/\/eu.motorad.com\/pt-br\/wp-json\/wp\/v2\/pages\/5637\/revisions"}],"predecessor-version":[{"id":5638,"href":"https:\/\/eu.motorad.com\/pt-br\/wp-json\/wp\/v2\/pages\/5637\/revisions\/5638"}],"up":[{"embeddable":true,"href":"https:\/\/eu.motorad.com\/pt-br\/wp-json\/wp\/v2\/pages\/5857"}],"wp:attachment":[{"href":"https:\/\/eu.motorad.com\/pt-br\/wp-json\/wp\/v2\/media?parent=5637"}],"curies":[{"name":"wp","href":"https:\/\/api.w.org\/{rel}","templated":true}]}}