{"id":5725,"date":"2025-04-03T18:03:14","date_gmt":"2025-04-03T18:03:14","guid":{"rendered":"https:\/\/eu.motorad.com\/sensores-emissores-de-temperatura-do-liquido-de-arrefecimento\/"},"modified":"2025-06-13T12:48:25","modified_gmt":"2025-06-13T12:48:25","slug":"sensores-emissores-de-temperatura-do-liquido-de-arrefecimento","status":"publish","type":"page","link":"https:\/\/eu.motorad.com\/pt-br\/produtos\/controles-de-powertrain\/sensores-emissores-de-temperatura-do-liquido-de-arrefecimento\/","title":{"rendered":"SENSORES\/EMISSORES DE TEMPERATURA DO L\u00cdQUIDO DE ARREFECIMENTO"},"content":{"rendered":"<h1 style=\"margin-top:var(--wp--preset--spacing--60);margin-bottom:var(--wp--preset--spacing--60);\" class=\"wp-block-post-title\">SENSORES\/EMISSORES DE TEMPERATURA DO L\u00cdQUIDO DE ARREFECIMENTO<\/h1>\n<p>Os Sensores de Temperatura do L\u00edquido de Arrefecimento MotoRad fornecem dados precisos para o M\u00f3dulo de Controle do Trem de For\u00e7a (PCM) a fim de assegurar o gerenciamento adequado do sistema de inje\u00e7\u00e3o de combust\u00edvel, igni\u00e7\u00e3o e sincroniza\u00e7\u00e3o vari\u00e1vel das v\u00e1lvulas, mudan\u00e7a de marcha da transmiss\u00e3o e mais. Fabricados utilizando materiais aprovados pelo Fabricante de Equipamento Original (OEM) da mais alta qualidade para maior durabilidade, mesmo nas temperaturas mais extremas. Todos os Sensores de Temperatura do L\u00edquido de Arrefecimento MotoRad s\u00e3o projetados para atender ou exceder as especifica\u00e7\u00f5es OEM em nossas instala\u00e7\u00f5es de fabrica\u00e7\u00e3o ISO TS16949.  <\/p>\n\n<div class=\"wp-block-columns is-layout-flex wp-container-core-columns-is-layout-95393138 wp-block-columns-is-layout-flex\" style=\"margin-top:var(--wp--preset--spacing--60);margin-bottom:var(--wp--preset--spacing--60)\">\n<div class=\"wp-block-column is-layout-flow wp-block-column-is-layout-flow\">\n<figure class=\"wp-block-image size-full\"><img loading=\"lazy\" decoding=\"async\" width=\"500\" height=\"500\" src=\"https:\/\/eu.motorad.com\/wp-content\/uploads\/2025\/04\/1TS1001_Angle.jpg\" alt=\"\" class=\"wp-image-4072\" srcset=\"https:\/\/eu.motorad.com\/wp-content\/uploads\/2025\/04\/1TS1001_Angle.jpg 500w, https:\/\/eu.motorad.com\/wp-content\/uploads\/2025\/04\/1TS1001_Angle-300x300.jpg 300w, https:\/\/eu.motorad.com\/wp-content\/uploads\/2025\/04\/1TS1001_Angle-150x150.jpg 150w\" sizes=\"auto, (max-width: 500px) 100vw, 500px\" \/><\/figure>\n<\/div>\n\n\n\n<div class=\"wp-block-column is-layout-flow wp-block-column-is-layout-flow\">\n<figure class=\"wp-block-image size-full\"><img loading=\"lazy\" decoding=\"async\" width=\"500\" height=\"500\" src=\"https:\/\/eu.motorad.com\/wp-content\/uploads\/2025\/04\/1TS1008_Angle-1.jpg\" alt=\"\" class=\"wp-image-4079\" srcset=\"https:\/\/eu.motorad.com\/wp-content\/uploads\/2025\/04\/1TS1008_Angle-1.jpg 500w, https:\/\/eu.motorad.com\/wp-content\/uploads\/2025\/04\/1TS1008_Angle-1-300x300.jpg 300w, https:\/\/eu.motorad.com\/wp-content\/uploads\/2025\/04\/1TS1008_Angle-1-150x150.jpg 150w\" sizes=\"auto, (max-width: 500px) 100vw, 500px\" \/><\/figure>\n<\/div>\n\n\n\n<div class=\"wp-block-column is-layout-flow wp-block-column-is-layout-flow\">\n<figure class=\"wp-block-image size-full\"><img loading=\"lazy\" decoding=\"async\" width=\"500\" height=\"500\" src=\"https:\/\/eu.motorad.com\/wp-content\/uploads\/2025\/04\/1TS1031_Angle.jpg\" alt=\"\" class=\"wp-image-4086\" srcset=\"https:\/\/eu.motorad.com\/wp-content\/uploads\/2025\/04\/1TS1031_Angle.jpg 500w, https:\/\/eu.motorad.com\/wp-content\/uploads\/2025\/04\/1TS1031_Angle-300x300.jpg 300w, https:\/\/eu.motorad.com\/wp-content\/uploads\/2025\/04\/1TS1031_Angle-150x150.jpg 150w\" sizes=\"auto, (max-width: 500px) 100vw, 500px\" \/><\/figure>\n<\/div>\n\n\n\n<div class=\"wp-block-column is-layout-flow wp-block-column-is-layout-flow\">\n<figure class=\"wp-block-image size-full\"><img loading=\"lazy\" decoding=\"async\" width=\"500\" height=\"500\" src=\"https:\/\/eu.motorad.com\/wp-content\/uploads\/2025\/04\/1TS1037_Angle.jpg\" alt=\"\" class=\"wp-image-4093\" srcset=\"https:\/\/eu.motorad.com\/wp-content\/uploads\/2025\/04\/1TS1037_Angle.jpg 500w, https:\/\/eu.motorad.com\/wp-content\/uploads\/2025\/04\/1TS1037_Angle-300x300.jpg 300w, https:\/\/eu.motorad.com\/wp-content\/uploads\/2025\/04\/1TS1037_Angle-150x150.jpg 150w\" sizes=\"auto, (max-width: 500px) 100vw, 500px\" \/><\/figure>\n<\/div>\n\n\n\n<div class=\"wp-block-column is-layout-flow wp-block-column-is-layout-flow\">\n<figure class=\"wp-block-image size-full\"><img loading=\"lazy\" decoding=\"async\" width=\"500\" height=\"500\" src=\"https:\/\/eu.motorad.com\/wp-content\/uploads\/2025\/04\/1TS1055_Angle.jpg\" alt=\"\" class=\"wp-image-4100\" srcset=\"https:\/\/eu.motorad.com\/wp-content\/uploads\/2025\/04\/1TS1055_Angle.jpg 500w, https:\/\/eu.motorad.com\/wp-content\/uploads\/2025\/04\/1TS1055_Angle-300x300.jpg 300w, https:\/\/eu.motorad.com\/wp-content\/uploads\/2025\/04\/1TS1055_Angle-150x150.jpg 150w\" sizes=\"auto, (max-width: 500px) 100vw, 500px\" \/><\/figure>\n<\/div>\n\n\n\n<div class=\"wp-block-column is-layout-flow wp-block-column-is-layout-flow\">\n<figure class=\"wp-block-image size-full\"><img loading=\"lazy\" decoding=\"async\" width=\"500\" height=\"500\" src=\"https:\/\/eu.motorad.com\/wp-content\/uploads\/2025\/04\/1TS1068_Angle.jpg\" alt=\"\" class=\"wp-image-4107\" srcset=\"https:\/\/eu.motorad.com\/wp-content\/uploads\/2025\/04\/1TS1068_Angle.jpg 500w, https:\/\/eu.motorad.com\/wp-content\/uploads\/2025\/04\/1TS1068_Angle-300x300.jpg 300w, https:\/\/eu.motorad.com\/wp-content\/uploads\/2025\/04\/1TS1068_Angle-150x150.jpg 150w\" sizes=\"auto, (max-width: 500px) 100vw, 500px\" \/><\/figure>\n<\/div>\n<\/div>\n\n<ul class=\"wp-block-list\">\n<li>100% calibrados em f\u00e1brica quanto \u00e0 resist\u00eancia para garantir toler\u00e2ncias de precis\u00e3o, resultando em temperatura extremamente precisa para desempenho ideal.<\/li>\n\n\n\n<li>Vedante de rosca e\/ou O-ring pr\u00e9-instalados em todos os sensores aplic\u00e1veis para garantir desempenho livre de vazamentos.<\/li>\n\n\n\n<li>Alojamento do sensor em lat\u00e3o usinado com precis\u00e3o para superior resist\u00eancia \u00e0 corros\u00e3o.<\/li>\n\n\n\n<li>Termistor de precis\u00e3o compat\u00edvel com OE, garantindo que os sensores MotoRad correspondam \u00e0s resist\u00eancias de sa\u00edda OE em todas as posi\u00e7\u00f5es de temperatura.<\/li>\n\n\n\n<li>Testes extensivos de produtos incluem n\u00e9voa salina, impacto em alta\/baixa temperatura, vibra\u00e7\u00e3o t\u00e9rmica, durabilidade, eletricidade est\u00e1tica e microtens\u00e3o, entre outros<br\/>testes, para assegurar que todos os sensores atendam ou excedam as especifica\u00e7\u00f5es OEM.<\/li>\n<\/ul>\n\n<figure class=\"wp-block-image aligncenter size-full\" style=\"margin-top:var(--wp--preset--spacing--60);margin-bottom:var(--wp--preset--spacing--60)\"><img loading=\"lazy\" decoding=\"async\" width=\"1233\" height=\"679\" src=\"https:\/\/eu.motorad.com\/wp-content\/uploads\/2025\/04\/cts1-1.jpg\" alt=\"\" class=\"wp-image-4115\" srcset=\"https:\/\/eu.motorad.com\/wp-content\/uploads\/2025\/04\/cts1-1.jpg 1233w, https:\/\/eu.motorad.com\/wp-content\/uploads\/2025\/04\/cts1-1-300x165.jpg 300w, https:\/\/eu.motorad.com\/wp-content\/uploads\/2025\/04\/cts1-1-1024x564.jpg 1024w, https:\/\/eu.motorad.com\/wp-content\/uploads\/2025\/04\/cts1-1-768x423.jpg 768w\" sizes=\"auto, (max-width: 1233px) 100vw, 1233px\" \/><\/figure>\n\n<div class=\"wp-block-buttons is-layout-flex wp-block-buttons-is-layout-flex\" style=\"margin-top:var(--wp--preset--spacing--60);margin-bottom:var(--wp--preset--spacing--70)\">\n<div class=\"wp-block-button\"><a class=\"wp-block-button__link wp-element-button\" href=\"https:\/\/eu.motorad.com\/products\/\">Encontre sensores para sua aplica\u00e7\u00e3o<\/a><\/div>\n<\/div>\n","protected":false},"excerpt":{"rendered":"<p>Os Sensores de Temperatura do L\u00edquido de Arrefecimento MotoRad fornecem dados precisos para o M\u00f3dulo de Controle do Trem de [&#8230;]<\/p>\n","protected":false},"author":1,"featured_media":0,"parent":5857,"menu_order":0,"comment_status":"closed","ping_status":"closed","template":"","meta":{"_acf_changed":false,"footnotes":""},"class_list":["post-5725","page","type-page","status-publish","hentry"],"acf":[],"yoast_head":"<!-- This site is optimized with the Yoast SEO Premium plugin v27.2 (Yoast SEO v27.5) - https:\/\/yoast.com\/product\/yoast-seo-premium-wordpress\/ -->\n<title>SENSORES\/EMISSORES DE TEMPERATURA DO L\u00cdQUIDO DE ARREFECIMENTO - MotoRad<\/title>\n<meta name=\"description\" content=\"MotoRad - SENSORES\/EMISSORES DE TEMPERATURA DO L\u00cdQUIDO DE ARREFECIMENTO %\" \/>\n<meta name=\"robots\" content=\"index, follow, max-snippet:-1, max-image-preview:large, max-video-preview:-1\" \/>\n<link rel=\"canonical\" href=\"https:\/\/eu.motorad.com\/pt-br\/produtos\/controles-de-powertrain\/sensores-emissores-de-temperatura-do-liquido-de-arrefecimento\/\" \/>\n<meta property=\"og:locale\" content=\"pt_BR\" \/>\n<meta property=\"og:type\" content=\"article\" \/>\n<meta property=\"og:title\" content=\"SENSORES\/EMISSORES DE TEMPERATURA DO L\u00cdQUIDO DE ARREFECIMENTO\" \/>\n<meta property=\"og:description\" content=\"MotoRad - SENSORES\/EMISSORES DE TEMPERATURA DO L\u00cdQUIDO DE ARREFECIMENTO %\" \/>\n<meta property=\"og:url\" content=\"https:\/\/eu.motorad.com\/pt-br\/produtos\/controles-de-powertrain\/sensores-emissores-de-temperatura-do-liquido-de-arrefecimento\/\" \/>\n<meta property=\"og:site_name\" content=\"MotoRad\" \/>\n<meta property=\"article:modified_time\" content=\"2025-06-13T12:48:25+00:00\" \/>\n<meta property=\"og:image\" content=\"https:\/\/eu.motorad.com\/wp-content\/uploads\/2025\/04\/1TS1001_Angle.jpg\" \/>\n\t<meta property=\"og:image:width\" content=\"500\" \/>\n\t<meta property=\"og:image:height\" content=\"500\" \/>\n\t<meta property=\"og:image:type\" content=\"image\/jpeg\" \/>\n<meta name=\"twitter:card\" content=\"summary_large_image\" \/>\n<meta name=\"twitter:label1\" content=\"Est. reading time\" \/>\n\t<meta name=\"twitter:data1\" content=\"1 minuto\" \/>\n<script type=\"application\/ld+json\" class=\"yoast-schema-graph\">{\"@context\":\"https:\\\/\\\/schema.org\",\"@graph\":[{\"@type\":\"WebPage\",\"@id\":\"https:\\\/\\\/eu.motorad.com\\\/pt-br\\\/produtos\\\/controles-de-powertrain\\\/sensores-emissores-de-temperatura-do-liquido-de-arrefecimento\\\/\",\"url\":\"https:\\\/\\\/eu.motorad.com\\\/pt-br\\\/produtos\\\/controles-de-powertrain\\\/sensores-emissores-de-temperatura-do-liquido-de-arrefecimento\\\/\",\"name\":\"SENSORES\\\/EMISSORES DE TEMPERATURA DO L\u00cdQUIDO DE ARREFECIMENTO - MotoRad\",\"isPartOf\":{\"@id\":\"https:\\\/\\\/eu.motorad.com\\\/pt-br\\\/#website\"},\"primaryImageOfPage\":{\"@id\":\"https:\\\/\\\/eu.motorad.com\\\/pt-br\\\/produtos\\\/controles-de-powertrain\\\/sensores-emissores-de-temperatura-do-liquido-de-arrefecimento\\\/#primaryimage\"},\"image\":{\"@id\":\"https:\\\/\\\/eu.motorad.com\\\/pt-br\\\/produtos\\\/controles-de-powertrain\\\/sensores-emissores-de-temperatura-do-liquido-de-arrefecimento\\\/#primaryimage\"},\"thumbnailUrl\":\"https:\\\/\\\/eu.motorad.com\\\/wp-content\\\/uploads\\\/2025\\\/04\\\/1TS1001_Angle.jpg\",\"datePublished\":\"2025-04-03T18:03:14+00:00\",\"dateModified\":\"2025-06-13T12:48:25+00:00\",\"description\":\"MotoRad - SENSORES\\\/EMISSORES DE TEMPERATURA DO L\u00cdQUIDO DE ARREFECIMENTO %\",\"breadcrumb\":{\"@id\":\"https:\\\/\\\/eu.motorad.com\\\/pt-br\\\/produtos\\\/controles-de-powertrain\\\/sensores-emissores-de-temperatura-do-liquido-de-arrefecimento\\\/#breadcrumb\"},\"inLanguage\":\"pt-BR\",\"potentialAction\":[{\"@type\":\"ReadAction\",\"target\":[\"https:\\\/\\\/eu.motorad.com\\\/pt-br\\\/produtos\\\/controles-de-powertrain\\\/sensores-emissores-de-temperatura-do-liquido-de-arrefecimento\\\/\"]}]},{\"@type\":\"ImageObject\",\"inLanguage\":\"pt-BR\",\"@id\":\"https:\\\/\\\/eu.motorad.com\\\/pt-br\\\/produtos\\\/controles-de-powertrain\\\/sensores-emissores-de-temperatura-do-liquido-de-arrefecimento\\\/#primaryimage\",\"url\":\"https:\\\/\\\/eu.motorad.com\\\/wp-content\\\/uploads\\\/2025\\\/04\\\/1TS1001_Angle.jpg\",\"contentUrl\":\"https:\\\/\\\/eu.motorad.com\\\/wp-content\\\/uploads\\\/2025\\\/04\\\/1TS1001_Angle.jpg\"},{\"@type\":\"BreadcrumbList\",\"@id\":\"https:\\\/\\\/eu.motorad.com\\\/pt-br\\\/produtos\\\/controles-de-powertrain\\\/sensores-emissores-de-temperatura-do-liquido-de-arrefecimento\\\/#breadcrumb\",\"itemListElement\":[{\"@type\":\"ListItem\",\"position\":1,\"name\":\"Home\",\"item\":\"https:\\\/\\\/motoradnew.test\\\/pt-br\\\/pagina-inicial\\\/\"},{\"@type\":\"ListItem\",\"position\":2,\"name\":\"Produtos\",\"item\":\"https:\\\/\\\/motoradnew.test\\\/pt-br\\\/produtos\\\/\"},{\"@type\":\"ListItem\",\"position\":3,\"name\":\"Controles de powertrain\",\"item\":\"https:\\\/\\\/motoradnew.test\\\/pt-br\\\/produtos\\\/controles-de-powertrain\\\/\"},{\"@type\":\"ListItem\",\"position\":4,\"name\":\"SENSORES\\\/EMISSORES DE TEMPERATURA DO L\u00cdQUIDO DE ARREFECIMENTO\"}]},{\"@type\":\"WebSite\",\"@id\":\"https:\\\/\\\/eu.motorad.com\\\/pt-br\\\/#website\",\"url\":\"https:\\\/\\\/eu.motorad.com\\\/pt-br\\\/\",\"name\":\"MotoRad\",\"description\":\"Trusted to Deliver Better - Thermal Management, Emissions, Powertrain Controls\",\"potentialAction\":[{\"@type\":\"SearchAction\",\"target\":{\"@type\":\"EntryPoint\",\"urlTemplate\":\"https:\\\/\\\/eu.motorad.com\\\/pt-br\\\/?s={search_term_string}\"},\"query-input\":{\"@type\":\"PropertyValueSpecification\",\"valueRequired\":true,\"valueName\":\"search_term_string\"}}],\"inLanguage\":\"pt-BR\"}]}<\/script>\n<!-- \/ Yoast SEO Premium plugin. -->","yoast_head_json":{"title":"SENSORES\/EMISSORES DE TEMPERATURA DO L\u00cdQUIDO DE ARREFECIMENTO - MotoRad","description":"MotoRad - SENSORES\/EMISSORES DE TEMPERATURA DO L\u00cdQUIDO DE ARREFECIMENTO %","robots":{"index":"index","follow":"follow","max-snippet":"max-snippet:-1","max-image-preview":"max-image-preview:large","max-video-preview":"max-video-preview:-1"},"canonical":"https:\/\/eu.motorad.com\/pt-br\/produtos\/controles-de-powertrain\/sensores-emissores-de-temperatura-do-liquido-de-arrefecimento\/","og_locale":"pt_BR","og_type":"article","og_title":"SENSORES\/EMISSORES DE TEMPERATURA DO L\u00cdQUIDO DE ARREFECIMENTO","og_description":"MotoRad - SENSORES\/EMISSORES DE TEMPERATURA DO L\u00cdQUIDO DE ARREFECIMENTO %","og_url":"https:\/\/eu.motorad.com\/pt-br\/produtos\/controles-de-powertrain\/sensores-emissores-de-temperatura-do-liquido-de-arrefecimento\/","og_site_name":"MotoRad","article_modified_time":"2025-06-13T12:48:25+00:00","og_image":[{"width":500,"height":500,"url":"https:\/\/eu.motorad.com\/wp-content\/uploads\/2025\/04\/1TS1001_Angle.jpg","type":"image\/jpeg"}],"twitter_card":"summary_large_image","twitter_misc":{"Est. reading time":"1 minuto"},"schema":{"@context":"https:\/\/schema.org","@graph":[{"@type":"WebPage","@id":"https:\/\/eu.motorad.com\/pt-br\/produtos\/controles-de-powertrain\/sensores-emissores-de-temperatura-do-liquido-de-arrefecimento\/","url":"https:\/\/eu.motorad.com\/pt-br\/produtos\/controles-de-powertrain\/sensores-emissores-de-temperatura-do-liquido-de-arrefecimento\/","name":"SENSORES\/EMISSORES DE TEMPERATURA DO L\u00cdQUIDO DE ARREFECIMENTO - MotoRad","isPartOf":{"@id":"https:\/\/eu.motorad.com\/pt-br\/#website"},"primaryImageOfPage":{"@id":"https:\/\/eu.motorad.com\/pt-br\/produtos\/controles-de-powertrain\/sensores-emissores-de-temperatura-do-liquido-de-arrefecimento\/#primaryimage"},"image":{"@id":"https:\/\/eu.motorad.com\/pt-br\/produtos\/controles-de-powertrain\/sensores-emissores-de-temperatura-do-liquido-de-arrefecimento\/#primaryimage"},"thumbnailUrl":"https:\/\/eu.motorad.com\/wp-content\/uploads\/2025\/04\/1TS1001_Angle.jpg","datePublished":"2025-04-03T18:03:14+00:00","dateModified":"2025-06-13T12:48:25+00:00","description":"MotoRad - SENSORES\/EMISSORES DE TEMPERATURA DO L\u00cdQUIDO DE ARREFECIMENTO %","breadcrumb":{"@id":"https:\/\/eu.motorad.com\/pt-br\/produtos\/controles-de-powertrain\/sensores-emissores-de-temperatura-do-liquido-de-arrefecimento\/#breadcrumb"},"inLanguage":"pt-BR","potentialAction":[{"@type":"ReadAction","target":["https:\/\/eu.motorad.com\/pt-br\/produtos\/controles-de-powertrain\/sensores-emissores-de-temperatura-do-liquido-de-arrefecimento\/"]}]},{"@type":"ImageObject","inLanguage":"pt-BR","@id":"https:\/\/eu.motorad.com\/pt-br\/produtos\/controles-de-powertrain\/sensores-emissores-de-temperatura-do-liquido-de-arrefecimento\/#primaryimage","url":"https:\/\/eu.motorad.com\/wp-content\/uploads\/2025\/04\/1TS1001_Angle.jpg","contentUrl":"https:\/\/eu.motorad.com\/wp-content\/uploads\/2025\/04\/1TS1001_Angle.jpg"},{"@type":"BreadcrumbList","@id":"https:\/\/eu.motorad.com\/pt-br\/produtos\/controles-de-powertrain\/sensores-emissores-de-temperatura-do-liquido-de-arrefecimento\/#breadcrumb","itemListElement":[{"@type":"ListItem","position":1,"name":"Home","item":"https:\/\/motoradnew.test\/pt-br\/pagina-inicial\/"},{"@type":"ListItem","position":2,"name":"Produtos","item":"https:\/\/motoradnew.test\/pt-br\/produtos\/"},{"@type":"ListItem","position":3,"name":"Controles de powertrain","item":"https:\/\/motoradnew.test\/pt-br\/produtos\/controles-de-powertrain\/"},{"@type":"ListItem","position":4,"name":"SENSORES\/EMISSORES DE TEMPERATURA DO L\u00cdQUIDO DE ARREFECIMENTO"}]},{"@type":"WebSite","@id":"https:\/\/eu.motorad.com\/pt-br\/#website","url":"https:\/\/eu.motorad.com\/pt-br\/","name":"MotoRad","description":"Trusted to Deliver Better - Thermal Management, Emissions, Powertrain Controls","potentialAction":[{"@type":"SearchAction","target":{"@type":"EntryPoint","urlTemplate":"https:\/\/eu.motorad.com\/pt-br\/?s={search_term_string}"},"query-input":{"@type":"PropertyValueSpecification","valueRequired":true,"valueName":"search_term_string"}}],"inLanguage":"pt-BR"}]}},"_links":{"self":[{"href":"https:\/\/eu.motorad.com\/pt-br\/wp-json\/wp\/v2\/pages\/5725","targetHints":{"allow":["GET"]}}],"collection":[{"href":"https:\/\/eu.motorad.com\/pt-br\/wp-json\/wp\/v2\/pages"}],"about":[{"href":"https:\/\/eu.motorad.com\/pt-br\/wp-json\/wp\/v2\/types\/page"}],"author":[{"embeddable":true,"href":"https:\/\/eu.motorad.com\/pt-br\/wp-json\/wp\/v2\/users\/1"}],"replies":[{"embeddable":true,"href":"https:\/\/eu.motorad.com\/pt-br\/wp-json\/wp\/v2\/comments?post=5725"}],"version-history":[{"count":1,"href":"https:\/\/eu.motorad.com\/pt-br\/wp-json\/wp\/v2\/pages\/5725\/revisions"}],"predecessor-version":[{"id":5726,"href":"https:\/\/eu.motorad.com\/pt-br\/wp-json\/wp\/v2\/pages\/5725\/revisions\/5726"}],"up":[{"embeddable":true,"href":"https:\/\/eu.motorad.com\/pt-br\/wp-json\/wp\/v2\/pages\/5857"}],"wp:attachment":[{"href":"https:\/\/eu.motorad.com\/pt-br\/wp-json\/wp\/v2\/media?parent=5725"}],"curies":[{"name":"wp","href":"https:\/\/api.w.org\/{rel}","templated":true}]}}