{"id":5801,"date":"2025-04-03T18:00:34","date_gmt":"2025-04-03T18:00:34","guid":{"rendered":"https:\/\/eu.motorad.com\/solenoides-vvt\/"},"modified":"2025-06-13T12:48:25","modified_gmt":"2025-06-13T12:48:25","slug":"solenoides-vvt","status":"publish","type":"page","link":"https:\/\/eu.motorad.com\/pt-br\/produtos\/controles-de-powertrain\/solenoides-vvt\/","title":{"rendered":"SOLENOIDES VVT"},"content":{"rendered":"<h1 style=\"margin-top:var(--wp--preset--spacing--60);margin-bottom:var(--wp--preset--spacing--60);\" class=\"wp-block-post-title\">SOLENOIDES VVT<\/h1>\n<p>Os Solenoides VVT da MotoRad operam sob condi\u00e7\u00f5es extremas de funcionamento, ao mesmo tempo em que restabelecem a economia de combust\u00edvel e reduzem as emiss\u00f5es. Projetados para suportar m\u00faltiplas f\u00f3rmulas de \u00f3leo e contamina\u00e7\u00e3o. Todos os Solenoides VVT da MotoRad s\u00e3o concebidos para atender ou superar as especifica\u00e7\u00f5es OEM em nossas instala\u00e7\u00f5es de fabrica\u00e7\u00e3o certificadas ISO TS76949.  <\/p>\n\n<div class=\"wp-block-columns is-layout-flex wp-container-core-columns-is-layout-45c10ec9 wp-block-columns-is-layout-flex\" style=\"margin-top:var(--wp--preset--spacing--60);margin-bottom:var(--wp--preset--spacing--60)\">\n<div class=\"wp-block-column is-layout-flow wp-block-column-is-layout-flow\">\n<figure class=\"wp-block-image size-full\"><img loading=\"lazy\" decoding=\"async\" width=\"500\" height=\"500\" src=\"https:\/\/eu.motorad.com\/wp-content\/uploads\/2025\/04\/1VS104_Angle.jpg\" alt=\"\" class=\"wp-image-4025\" srcset=\"https:\/\/eu.motorad.com\/wp-content\/uploads\/2025\/04\/1VS104_Angle.jpg 500w, https:\/\/eu.motorad.com\/wp-content\/uploads\/2025\/04\/1VS104_Angle-300x300.jpg 300w, https:\/\/eu.motorad.com\/wp-content\/uploads\/2025\/04\/1VS104_Angle-150x150.jpg 150w\" sizes=\"auto, (max-width: 500px) 100vw, 500px\" \/><\/figure>\n<\/div>\n\n\n\n<div class=\"wp-block-column is-layout-flow wp-block-column-is-layout-flow\">\n<figure class=\"wp-block-image size-full\"><img loading=\"lazy\" decoding=\"async\" width=\"500\" height=\"500\" src=\"https:\/\/eu.motorad.com\/wp-content\/uploads\/2025\/04\/1VS109_Angle.jpg\" alt=\"\" class=\"wp-image-4032\" srcset=\"https:\/\/eu.motorad.com\/wp-content\/uploads\/2025\/04\/1VS109_Angle.jpg 500w, https:\/\/eu.motorad.com\/wp-content\/uploads\/2025\/04\/1VS109_Angle-300x300.jpg 300w, https:\/\/eu.motorad.com\/wp-content\/uploads\/2025\/04\/1VS109_Angle-150x150.jpg 150w\" sizes=\"auto, (max-width: 500px) 100vw, 500px\" \/><\/figure>\n<\/div>\n\n\n\n<div class=\"wp-block-column is-layout-flow wp-block-column-is-layout-flow\">\n<figure class=\"wp-block-image size-full\"><img loading=\"lazy\" decoding=\"async\" width=\"500\" height=\"500\" src=\"https:\/\/eu.motorad.com\/wp-content\/uploads\/2025\/04\/1VS130_Angle.jpg\" alt=\"\" class=\"wp-image-4039\" srcset=\"https:\/\/eu.motorad.com\/wp-content\/uploads\/2025\/04\/1VS130_Angle.jpg 500w, https:\/\/eu.motorad.com\/wp-content\/uploads\/2025\/04\/1VS130_Angle-300x300.jpg 300w, https:\/\/eu.motorad.com\/wp-content\/uploads\/2025\/04\/1VS130_Angle-150x150.jpg 150w\" sizes=\"auto, (max-width: 500px) 100vw, 500px\" \/><\/figure>\n<\/div>\n\n\n\n<div class=\"wp-block-column is-layout-flow wp-block-column-is-layout-flow\">\n<figure class=\"wp-block-image size-full\"><img loading=\"lazy\" decoding=\"async\" width=\"500\" height=\"500\" src=\"https:\/\/eu.motorad.com\/wp-content\/uploads\/2025\/04\/1VS139_Angle.jpg\" alt=\"\" class=\"wp-image-4046\" srcset=\"https:\/\/eu.motorad.com\/wp-content\/uploads\/2025\/04\/1VS139_Angle.jpg 500w, https:\/\/eu.motorad.com\/wp-content\/uploads\/2025\/04\/1VS139_Angle-300x300.jpg 300w, https:\/\/eu.motorad.com\/wp-content\/uploads\/2025\/04\/1VS139_Angle-150x150.jpg 150w\" sizes=\"auto, (max-width: 500px) 100vw, 500px\" \/><\/figure>\n<\/div>\n\n\n\n<div class=\"wp-block-column is-layout-flow wp-block-column-is-layout-flow\">\n<figure class=\"wp-block-image size-full\"><img loading=\"lazy\" decoding=\"async\" width=\"500\" height=\"500\" src=\"https:\/\/eu.motorad.com\/wp-content\/uploads\/2025\/04\/1VS141_Angle-1.jpg\" alt=\"\" class=\"wp-image-4053\" srcset=\"https:\/\/eu.motorad.com\/wp-content\/uploads\/2025\/04\/1VS141_Angle-1.jpg 500w, https:\/\/eu.motorad.com\/wp-content\/uploads\/2025\/04\/1VS141_Angle-1-300x300.jpg 300w, https:\/\/eu.motorad.com\/wp-content\/uploads\/2025\/04\/1VS141_Angle-1-150x150.jpg 150w\" sizes=\"auto, (max-width: 500px) 100vw, 500px\" \/><\/figure>\n<\/div>\n\n\n\n<div class=\"wp-block-column is-layout-flow wp-block-column-is-layout-flow\">\n<figure class=\"wp-block-image size-full\"><img loading=\"lazy\" decoding=\"async\" width=\"500\" height=\"500\" src=\"https:\/\/eu.motorad.com\/wp-content\/uploads\/2025\/04\/1VS180_Angle.jpg\" alt=\"\" class=\"wp-image-4060\" srcset=\"https:\/\/eu.motorad.com\/wp-content\/uploads\/2025\/04\/1VS180_Angle.jpg 500w, https:\/\/eu.motorad.com\/wp-content\/uploads\/2025\/04\/1VS180_Angle-300x300.jpg 300w, https:\/\/eu.motorad.com\/wp-content\/uploads\/2025\/04\/1VS180_Angle-150x150.jpg 150w\" sizes=\"auto, (max-width: 500px) 100vw, 500px\" \/><\/figure>\n<\/div>\n<\/div>\n\n<ul class=\"wp-block-list\">\n<li style=\"margin-bottom:var(--wp--preset--spacing--20)\">Corpos de v\u00e1lvula polidos \u00e0 m\u00e1quina reduzem significativamente o atrito e o desgaste ao longo do tempo.<\/li>\n\n\n\n<li style=\"margin-bottom:var(--wp--preset--spacing--20)\">Solu\u00e7\u00e3o completa que inclui gaxetas e an\u00e9is O-ring de qualidade superior.<\/li>\n\n\n\n<li style=\"margin-bottom:var(--wp--preset--spacing--20)\">Projetados para otimizar a economia de combust\u00edvel e reduzir as emiss\u00f5es.<\/li>\n\n\n\n<li style=\"margin-bottom:var(--wp--preset--spacing--20)\">Testes extensivos de durabilidade do produto incluem resist\u00eancia a temperaturas extremas, vibra\u00e7\u00e3o, press\u00e3o, umidade e corros\u00e3o, entre outros testes, para assegurar que todos os Solenoides VVT atendam ou superem as especifica\u00e7\u00f5es OEM.<\/li>\n\n\n\n<li style=\"margin-bottom:var(--wp--preset--spacing--20)\">Tela de filtra\u00e7\u00e3o compat\u00edvel com OE para reduzir contaminantes.<\/li>\n<\/ul>\n\n<div class=\"wp-block-buttons is-layout-flex wp-block-buttons-is-layout-flex\" style=\"margin-top:var(--wp--preset--spacing--60);margin-bottom:var(--wp--preset--spacing--70)\">\n<div class=\"wp-block-button\"><a class=\"wp-block-button__link wp-element-button\" href=\"https:\/\/eu.motorad.com\/products\/\">Encontre o solenoide VVT para sua aplica\u00e7\u00e3o<\/a><\/div>\n<\/div>\n","protected":false},"excerpt":{"rendered":"<p>Os Solenoides VVT da MotoRad operam sob condi\u00e7\u00f5es extremas de funcionamento, ao mesmo tempo em que restabelecem a economia de [&#8230;]<\/p>\n","protected":false},"author":1,"featured_media":0,"parent":5857,"menu_order":0,"comment_status":"closed","ping_status":"closed","template":"","meta":{"_acf_changed":false,"footnotes":""},"class_list":["post-5801","page","type-page","status-publish","hentry"],"acf":[],"yoast_head":"<!-- This site is optimized with the Yoast SEO Premium plugin v27.2 (Yoast SEO v27.5) - https:\/\/yoast.com\/product\/yoast-seo-premium-wordpress\/ -->\n<title>SOLENOIDES VVT - MotoRad<\/title>\n<meta name=\"description\" content=\"MotoRad - SOLENOIDES VVT %\" \/>\n<meta name=\"robots\" content=\"index, follow, max-snippet:-1, max-image-preview:large, max-video-preview:-1\" \/>\n<link rel=\"canonical\" href=\"https:\/\/eu.motorad.com\/pt-br\/produtos\/controles-de-powertrain\/solenoides-vvt\/\" \/>\n<meta property=\"og:locale\" content=\"pt_BR\" \/>\n<meta property=\"og:type\" content=\"article\" \/>\n<meta property=\"og:title\" content=\"SOLENOIDES VVT\" \/>\n<meta property=\"og:description\" content=\"MotoRad - SOLENOIDES VVT %\" \/>\n<meta property=\"og:url\" content=\"https:\/\/eu.motorad.com\/pt-br\/produtos\/controles-de-powertrain\/solenoides-vvt\/\" \/>\n<meta property=\"og:site_name\" content=\"MotoRad\" \/>\n<meta property=\"article:modified_time\" content=\"2025-06-13T12:48:25+00:00\" \/>\n<meta property=\"og:image\" content=\"https:\/\/eu.motorad.com\/wp-content\/uploads\/2025\/04\/1VS104_Angle.jpg\" \/>\n\t<meta property=\"og:image:width\" content=\"500\" \/>\n\t<meta property=\"og:image:height\" content=\"500\" \/>\n\t<meta property=\"og:image:type\" content=\"image\/jpeg\" \/>\n<meta name=\"twitter:card\" content=\"summary_large_image\" \/>\n<meta name=\"twitter:label1\" content=\"Est. reading time\" \/>\n\t<meta name=\"twitter:data1\" content=\"1 minuto\" \/>\n<script type=\"application\/ld+json\" class=\"yoast-schema-graph\">{\"@context\":\"https:\\\/\\\/schema.org\",\"@graph\":[{\"@type\":\"WebPage\",\"@id\":\"https:\\\/\\\/eu.motorad.com\\\/pt-br\\\/produtos\\\/controles-de-powertrain\\\/solenoides-vvt\\\/\",\"url\":\"https:\\\/\\\/eu.motorad.com\\\/pt-br\\\/produtos\\\/controles-de-powertrain\\\/solenoides-vvt\\\/\",\"name\":\"SOLENOIDES VVT - MotoRad\",\"isPartOf\":{\"@id\":\"https:\\\/\\\/eu.motorad.com\\\/pt-br\\\/#website\"},\"primaryImageOfPage\":{\"@id\":\"https:\\\/\\\/eu.motorad.com\\\/pt-br\\\/produtos\\\/controles-de-powertrain\\\/solenoides-vvt\\\/#primaryimage\"},\"image\":{\"@id\":\"https:\\\/\\\/eu.motorad.com\\\/pt-br\\\/produtos\\\/controles-de-powertrain\\\/solenoides-vvt\\\/#primaryimage\"},\"thumbnailUrl\":\"https:\\\/\\\/eu.motorad.com\\\/wp-content\\\/uploads\\\/2025\\\/04\\\/1VS104_Angle.jpg\",\"datePublished\":\"2025-04-03T18:00:34+00:00\",\"dateModified\":\"2025-06-13T12:48:25+00:00\",\"description\":\"MotoRad - SOLENOIDES VVT %\",\"breadcrumb\":{\"@id\":\"https:\\\/\\\/eu.motorad.com\\\/pt-br\\\/produtos\\\/controles-de-powertrain\\\/solenoides-vvt\\\/#breadcrumb\"},\"inLanguage\":\"pt-BR\",\"potentialAction\":[{\"@type\":\"ReadAction\",\"target\":[\"https:\\\/\\\/eu.motorad.com\\\/pt-br\\\/produtos\\\/controles-de-powertrain\\\/solenoides-vvt\\\/\"]}]},{\"@type\":\"ImageObject\",\"inLanguage\":\"pt-BR\",\"@id\":\"https:\\\/\\\/eu.motorad.com\\\/pt-br\\\/produtos\\\/controles-de-powertrain\\\/solenoides-vvt\\\/#primaryimage\",\"url\":\"https:\\\/\\\/eu.motorad.com\\\/wp-content\\\/uploads\\\/2025\\\/04\\\/1VS104_Angle.jpg\",\"contentUrl\":\"https:\\\/\\\/eu.motorad.com\\\/wp-content\\\/uploads\\\/2025\\\/04\\\/1VS104_Angle.jpg\"},{\"@type\":\"BreadcrumbList\",\"@id\":\"https:\\\/\\\/eu.motorad.com\\\/pt-br\\\/produtos\\\/controles-de-powertrain\\\/solenoides-vvt\\\/#breadcrumb\",\"itemListElement\":[{\"@type\":\"ListItem\",\"position\":1,\"name\":\"Home\",\"item\":\"https:\\\/\\\/motoradnew.test\\\/pt-br\\\/pagina-inicial\\\/\"},{\"@type\":\"ListItem\",\"position\":2,\"name\":\"Produtos\",\"item\":\"https:\\\/\\\/motoradnew.test\\\/pt-br\\\/produtos\\\/\"},{\"@type\":\"ListItem\",\"position\":3,\"name\":\"Controles de powertrain\",\"item\":\"https:\\\/\\\/motoradnew.test\\\/pt-br\\\/produtos\\\/controles-de-powertrain\\\/\"},{\"@type\":\"ListItem\",\"position\":4,\"name\":\"SOLENOIDES VVT\"}]},{\"@type\":\"WebSite\",\"@id\":\"https:\\\/\\\/eu.motorad.com\\\/pt-br\\\/#website\",\"url\":\"https:\\\/\\\/eu.motorad.com\\\/pt-br\\\/\",\"name\":\"MotoRad\",\"description\":\"Trusted to Deliver Better - Thermal Management, Emissions, Powertrain Controls\",\"potentialAction\":[{\"@type\":\"SearchAction\",\"target\":{\"@type\":\"EntryPoint\",\"urlTemplate\":\"https:\\\/\\\/eu.motorad.com\\\/pt-br\\\/?s={search_term_string}\"},\"query-input\":{\"@type\":\"PropertyValueSpecification\",\"valueRequired\":true,\"valueName\":\"search_term_string\"}}],\"inLanguage\":\"pt-BR\"}]}<\/script>\n<!-- \/ Yoast SEO Premium plugin. -->","yoast_head_json":{"title":"SOLENOIDES VVT - MotoRad","description":"MotoRad - SOLENOIDES VVT %","robots":{"index":"index","follow":"follow","max-snippet":"max-snippet:-1","max-image-preview":"max-image-preview:large","max-video-preview":"max-video-preview:-1"},"canonical":"https:\/\/eu.motorad.com\/pt-br\/produtos\/controles-de-powertrain\/solenoides-vvt\/","og_locale":"pt_BR","og_type":"article","og_title":"SOLENOIDES VVT","og_description":"MotoRad - SOLENOIDES VVT %","og_url":"https:\/\/eu.motorad.com\/pt-br\/produtos\/controles-de-powertrain\/solenoides-vvt\/","og_site_name":"MotoRad","article_modified_time":"2025-06-13T12:48:25+00:00","og_image":[{"width":500,"height":500,"url":"https:\/\/eu.motorad.com\/wp-content\/uploads\/2025\/04\/1VS104_Angle.jpg","type":"image\/jpeg"}],"twitter_card":"summary_large_image","twitter_misc":{"Est. reading time":"1 minuto"},"schema":{"@context":"https:\/\/schema.org","@graph":[{"@type":"WebPage","@id":"https:\/\/eu.motorad.com\/pt-br\/produtos\/controles-de-powertrain\/solenoides-vvt\/","url":"https:\/\/eu.motorad.com\/pt-br\/produtos\/controles-de-powertrain\/solenoides-vvt\/","name":"SOLENOIDES VVT - MotoRad","isPartOf":{"@id":"https:\/\/eu.motorad.com\/pt-br\/#website"},"primaryImageOfPage":{"@id":"https:\/\/eu.motorad.com\/pt-br\/produtos\/controles-de-powertrain\/solenoides-vvt\/#primaryimage"},"image":{"@id":"https:\/\/eu.motorad.com\/pt-br\/produtos\/controles-de-powertrain\/solenoides-vvt\/#primaryimage"},"thumbnailUrl":"https:\/\/eu.motorad.com\/wp-content\/uploads\/2025\/04\/1VS104_Angle.jpg","datePublished":"2025-04-03T18:00:34+00:00","dateModified":"2025-06-13T12:48:25+00:00","description":"MotoRad - SOLENOIDES VVT %","breadcrumb":{"@id":"https:\/\/eu.motorad.com\/pt-br\/produtos\/controles-de-powertrain\/solenoides-vvt\/#breadcrumb"},"inLanguage":"pt-BR","potentialAction":[{"@type":"ReadAction","target":["https:\/\/eu.motorad.com\/pt-br\/produtos\/controles-de-powertrain\/solenoides-vvt\/"]}]},{"@type":"ImageObject","inLanguage":"pt-BR","@id":"https:\/\/eu.motorad.com\/pt-br\/produtos\/controles-de-powertrain\/solenoides-vvt\/#primaryimage","url":"https:\/\/eu.motorad.com\/wp-content\/uploads\/2025\/04\/1VS104_Angle.jpg","contentUrl":"https:\/\/eu.motorad.com\/wp-content\/uploads\/2025\/04\/1VS104_Angle.jpg"},{"@type":"BreadcrumbList","@id":"https:\/\/eu.motorad.com\/pt-br\/produtos\/controles-de-powertrain\/solenoides-vvt\/#breadcrumb","itemListElement":[{"@type":"ListItem","position":1,"name":"Home","item":"https:\/\/motoradnew.test\/pt-br\/pagina-inicial\/"},{"@type":"ListItem","position":2,"name":"Produtos","item":"https:\/\/motoradnew.test\/pt-br\/produtos\/"},{"@type":"ListItem","position":3,"name":"Controles de powertrain","item":"https:\/\/motoradnew.test\/pt-br\/produtos\/controles-de-powertrain\/"},{"@type":"ListItem","position":4,"name":"SOLENOIDES VVT"}]},{"@type":"WebSite","@id":"https:\/\/eu.motorad.com\/pt-br\/#website","url":"https:\/\/eu.motorad.com\/pt-br\/","name":"MotoRad","description":"Trusted to Deliver Better - Thermal Management, Emissions, Powertrain Controls","potentialAction":[{"@type":"SearchAction","target":{"@type":"EntryPoint","urlTemplate":"https:\/\/eu.motorad.com\/pt-br\/?s={search_term_string}"},"query-input":{"@type":"PropertyValueSpecification","valueRequired":true,"valueName":"search_term_string"}}],"inLanguage":"pt-BR"}]}},"_links":{"self":[{"href":"https:\/\/eu.motorad.com\/pt-br\/wp-json\/wp\/v2\/pages\/5801","targetHints":{"allow":["GET"]}}],"collection":[{"href":"https:\/\/eu.motorad.com\/pt-br\/wp-json\/wp\/v2\/pages"}],"about":[{"href":"https:\/\/eu.motorad.com\/pt-br\/wp-json\/wp\/v2\/types\/page"}],"author":[{"embeddable":true,"href":"https:\/\/eu.motorad.com\/pt-br\/wp-json\/wp\/v2\/users\/1"}],"replies":[{"embeddable":true,"href":"https:\/\/eu.motorad.com\/pt-br\/wp-json\/wp\/v2\/comments?post=5801"}],"version-history":[{"count":1,"href":"https:\/\/eu.motorad.com\/pt-br\/wp-json\/wp\/v2\/pages\/5801\/revisions"}],"predecessor-version":[{"id":5802,"href":"https:\/\/eu.motorad.com\/pt-br\/wp-json\/wp\/v2\/pages\/5801\/revisions\/5802"}],"up":[{"embeddable":true,"href":"https:\/\/eu.motorad.com\/pt-br\/wp-json\/wp\/v2\/pages\/5857"}],"wp:attachment":[{"href":"https:\/\/eu.motorad.com\/pt-br\/wp-json\/wp\/v2\/media?parent=5801"}],"curies":[{"name":"wp","href":"https:\/\/api.w.org\/{rel}","templated":true}]}}