{"id":6781,"date":"2025-04-03T14:52:36","date_gmt":"2025-04-03T14:52:36","guid":{"rendered":"https:\/\/eu.motorad.com\/recursos\/certificados\/"},"modified":"2025-06-30T18:29:48","modified_gmt":"2025-06-30T18:29:48","slug":"certificados","status":"publish","type":"page","link":"https:\/\/eu.motorad.com\/pt-br\/recursos\/certificados\/","title":{"rendered":"Certificados"},"content":{"rendered":"\n<div class=\"wp-block-cover alignfull is-light\" style=\"margin-bottom:var(--wp--preset--spacing--50);min-height:274px;aspect-ratio:unset;\"><span aria-hidden=\"true\" class=\"wp-block-cover__background has-background-dim-0 has-background-dim\" style=\"background-color:#cac9cd\"><\/span><img loading=\"lazy\" decoding=\"async\" width=\"1920\" height=\"1280\" class=\"wp-block-cover__image-background wp-image-2870\" alt=\"\" src=\"https:\/\/eu.motorad.com\/wp-content\/uploads\/2025\/04\/Road_into_Light_2-scaled-1.jpg\" style=\"object-position:50% 36%\" data-object-fit=\"cover\" data-object-position=\"50% 36%\" srcset=\"https:\/\/eu.motorad.com\/wp-content\/uploads\/2025\/04\/Road_into_Light_2-scaled-1.jpg 1920w, https:\/\/eu.motorad.com\/wp-content\/uploads\/2025\/04\/Road_into_Light_2-scaled-1-300x200.jpg 300w, https:\/\/eu.motorad.com\/wp-content\/uploads\/2025\/04\/Road_into_Light_2-scaled-1-1024x683.jpg 1024w, https:\/\/eu.motorad.com\/wp-content\/uploads\/2025\/04\/Road_into_Light_2-scaled-1-768x512.jpg 768w, https:\/\/eu.motorad.com\/wp-content\/uploads\/2025\/04\/Road_into_Light_2-scaled-1-1536x1024.jpg 1536w\" sizes=\"auto, (max-width: 1920px) 100vw, 1920px\" \/><div class=\"wp-block-cover__inner-container is-layout-flow wp-block-cover-is-layout-flow\">\n<h1 class=\"wp-block-heading has-palette-text-color has-text-color\" id=\"h-faq-s\" style=\"margin-bottom:0\"><em>Certificados<\/em><\/h1>\n<\/div><\/div>\n\n<h3 class=\"wp-block-heading\" style=\"margin-right:0;margin-bottom:var(--wp--preset--spacing--40)\"><strong>Nossa Promessa: qualidade e excel\u00eancia inabal\u00e1veis<\/strong><\/h3>\n\n<p>Na MotoRad, somos impulsionados por um compromisso incans\u00e1vel com a qualidade, precis\u00e3o e excel\u00eancia. Nossa dedica\u00e7\u00e3o em entregar produtos e servi\u00e7os superiores aos nossos clientes est\u00e1 no centro de tudo o que fazemos. Entendemos que a qualidade n\u00e3o \u00e9 apenas um padr\u00e3o; \u00e9 uma promessa que fazemos aos nossos clientes, parceiros e partes interessadas em todo o mundo.  <\/p>\n\n<hr class=\"wp-block-separator has-text-color has-palette-brand-3-color has-alpha-channel-opacity has-palette-brand-3-background-color has-background is-style-wide\" style=\"margin-top:var(--wp--preset--spacing--60);margin-bottom:var(--wp--preset--spacing--60)\"\/>\n\n<h3 class=\"wp-block-heading\" style=\"margin-bottom:var(--wp--preset--spacing--40)\"><strong>Certifica\u00e7\u00e3o: um testemunho dos nossos padr\u00f5es<\/strong><\/h3>\n\n<p>Nosso compromisso com a qualidade \u00e9 refor\u00e7ado por nossos rigorosos processos de certifica\u00e7\u00e3o. A MotoRad tem orgulho de possuir v\u00e1rias certifica\u00e7\u00f5es que validam nossa ades\u00e3o aos padr\u00f5es internacionais de qualidade e melhores pr\u00e1ticas. Essas certifica\u00e7\u00f5es servem como um testemunho do nosso compromisso inabal\u00e1vel com a excel\u00eancia e a melhoria cont\u00ednua.  <\/p>\n\n<p style=\"margin-bottom:var(--wp--preset--spacing--70)\">Explore our certifications <a href=\"https:\/\/eu.motorad.com\/pt-br\/recursos\/certificados\/\">here<\/a> to learn more about the high standards we uphold in every aspect of our business.<\/p>\n\n<h3 class=\"wp-block-heading\" style=\"margin-bottom:var(--wp--preset--spacing--50)\"><strong>Por que escolher a MotoRad?<\/strong><\/h3>\n\n<ul class=\"wp-block-list\">\n<li><strong>Qualidade Inegoci\u00e1vel:<\/strong> Nossos produtos passam por testes e inspe\u00e7\u00f5es rigorosos para garantir que atendam aos mais altos padr\u00f5es de qualidade.<\/li>\n\n\n\n<li><strong>Expertise:<\/strong> Com anos de experi\u00eancia na ind\u00fastria, nossa equipe de profissionais \u00e9 dedicada a entregar solu\u00e7\u00f5es inovadoras que excedem as expectativas dos clientes.<\/li>\n\n\n\n<li><strong>Reconhecimento Global:<\/strong> Nossas certifica\u00e7\u00f5es s\u00e3o reconhecidas globalmente, refletindo nosso compromisso com a qualidade em escala internacional.<\/li>\n<\/ul>\n\n<hr class=\"wp-block-separator has-text-color has-palette-brand-3-color has-alpha-channel-opacity has-palette-brand-3-background-color has-background is-style-wide\" style=\"margin-top:var(--wp--preset--spacing--60);margin-bottom:var(--wp--preset--spacing--60)\"\/>\n\n<div class=\"wp-block-columns alignwide is-layout-flex wp-container-core-columns-is-layout-212ad063 wp-block-columns-is-layout-flex\" style=\"margin-bottom:var(--wp--preset--spacing--70)\">\n<div class=\"wp-block-column is-layout-flow wp-block-column-is-layout-flow\">\n<figure class=\"wp-block-image size-full\" style=\"margin-bottom:var(--wp--preset--spacing--40)\"><a href=\"https:\/\/eu.motorad.com\/wp-content\/uploads\/2025\/04\/MAP-14001.pdf\" target=\"_blank\" rel=\" noreferrer noopener\"><img loading=\"lazy\" decoding=\"async\" width=\"300\" height=\"214\" src=\"https:\/\/eu.motorad.com\/wp-content\/uploads\/2025\/04\/MAP-14001-1-1-300x214-1.jpg\" alt=\"\" class=\"wp-image-3244\" style=\"object-fit:cover\"\/><\/a><\/figure>\n\n\n\n<p class=\"has-text-align-center\" style=\"margin-bottom:var(--wp--preset--spacing--30)\">Isto certifica que o Sistema de Gest\u00e3o Ambiental da<\/p>\n\n\n\n<p class=\"has-text-align-center\" style=\"margin-bottom:var(--wp--preset--spacing--30)\"><a href=\"https:\/\/eu.motorad.com\/wp-content\/uploads\/MAP-14001.pdf\"><strong>M.A.P. MOTORAD\u00a0<\/strong><br\/><strong>AUTOMOTIVE PARTS LTD<\/strong><\/a><br\/>Industrial Park Bar Lev , Misgav , Israel<\/p>\n\n\n\n<p class=\"has-text-align-center\" style=\"margin-bottom:var(--wp--preset--spacing--30)\">Foi avaliado e est\u00e1 em conformidade com os requisitos de:<\/p>\n\n\n\n<p class=\"has-text-align-center\" style=\"margin-bottom:var(--wp--preset--spacing--30)\"><strong><a href=\"https:\/\/eu.motorad.com\/wp-content\/uploads\/MAP-14001.pdf\">ISO 14001:2015<\/a><\/strong><\/p>\n\n\n\n<p class=\"has-text-align-center\" style=\"margin-bottom:var(--wp--preset--spacing--30)\">Este certificado \u00e9 aplic\u00e1vel a<\/p>\n\n\n\n<p class=\"has-text-align-center\" style=\"margin-bottom:var(--wp--preset--spacing--30)\"><strong>Projeto e fabrica\u00e7\u00e3o de termostatos para a ind\u00fastria automotiva.<\/strong><\/p>\n<\/div>\n\n\n\n<div class=\"wp-block-column is-layout-flow wp-block-column-is-layout-flow\">\n<figure class=\"wp-block-image size-full\" style=\"margin-bottom:var(--wp--preset--spacing--40)\"><a href=\"https:\/\/eu.motorad.com\/wp-content\/uploads\/2025\/04\/MAP-45001.pdf\" target=\"_blank\" rel=\" noreferrer noopener\"><img loading=\"lazy\" decoding=\"async\" width=\"300\" height=\"214\" src=\"https:\/\/eu.motorad.com\/wp-content\/uploads\/2025\/04\/MAP-45001-1-1-300x214-1.jpg\" alt=\"\" class=\"wp-image-3251\"\/><\/a><\/figure>\n\n\n\n<p class=\"has-text-align-center\" style=\"margin-bottom:var(--wp--preset--spacing--30)\">Isto certifica que os Sistemas de Gest\u00e3o de Sa\u00fade e Seguran\u00e7a Ocupacional da<\/p>\n\n\n\n<p class=\"has-text-align-center\" style=\"margin-bottom:var(--wp--preset--spacing--30)\"><a href=\"https:\/\/eu.motorad.com\/wp-content\/uploads\/MAP-45001.pdf\"><strong>M.A.P. MOTORAD\u00a0<\/strong><br\/><strong>AUTOMOTIVE PARTS LTD<\/strong><\/a><br\/>Industrial Park Bar Lev , Misgav , Israel<\/p>\n\n\n\n<p class=\"has-text-align-center\" style=\"margin-bottom:var(--wp--preset--spacing--30)\">Foi avaliado e est\u00e1 em conformidade com os requisitos de:<\/p>\n\n\n\n<p class=\"has-text-align-center\" style=\"margin-bottom:var(--wp--preset--spacing--30)\"><strong><a href=\"https:\/\/eu.motorad.com\/wp-content\/uploads\/MAP-45001.pdf\">ISO 45001:2018<\/a><\/strong><\/p>\n\n\n\n<p class=\"has-text-align-center\" style=\"margin-bottom:var(--wp--preset--spacing--30)\">Este certificado \u00e9 aplic\u00e1vel a<\/p>\n\n\n\n<p class=\"has-text-align-center\" style=\"margin-bottom:var(--wp--preset--spacing--30)\"><strong>Projeto e fabrica\u00e7\u00e3o de termostatos para a ind\u00fastria automotiva.<\/strong><\/p>\n<\/div>\n\n\n\n<div class=\"wp-block-column is-layout-flow wp-block-column-is-layout-flow\">\n<figure class=\"wp-block-image size-full\" style=\"margin-bottom:var(--wp--preset--spacing--40)\"><a href=\"https:\/\/eu.motorad.com\/wp-content\/uploads\/2025\/04\/MotoRad-9001-Certificate-.pdf\" target=\"_blank\" rel=\" noreferrer noopener\"><img loading=\"lazy\" decoding=\"async\" width=\"300\" height=\"214\" src=\"https:\/\/eu.motorad.com\/wp-content\/uploads\/2025\/04\/cert2-300x214-1.jpg\" alt=\"\" class=\"wp-image-3258\"\/><\/a><\/figure>\n\n\n\n<p class=\"has-text-align-center\" style=\"margin-bottom:var(--wp--preset--spacing--30)\">Este certificado foi concedido a<\/p>\n\n\n\n<p class=\"has-text-align-center\" style=\"margin-bottom:var(--wp--preset--spacing--30)\"><strong><a href=\"https:\/\/eu.motorad.com\/wp-content\/uploads\/MotoRad-9001-Certificate-.pdf\">M.A.P MotoRad Automotive Parts Ltd<\/a><\/strong><br\/>Bar-Lev Industrial Park, Misgav, 20179, Israel<\/p>\n\n\n\n<p class=\"has-text-align-center\" style=\"margin-bottom:var(--wp--preset--spacing--30)\">Recognition of the organization&#8217;s Quality Management System which complies with<br\/><strong><a href=\"https:\/\/eu.motorad.com\/wp-content\/uploads\/MOTORAD-9001-Cert-valit-till-2024.pdf\">ISO 9001:2015<\/a><\/strong><\/p>\n\n\n\n<p class=\"has-text-align-center\" style=\"margin-bottom:var(--wp--preset--spacing--30)\">O escopo das atividades cobertas por este certificado est\u00e1 definido abaixo<\/p>\n\n\n\n<p class=\"has-text-align-center\" style=\"margin-bottom:var(--wp--preset--spacing--30)\"><strong>Projeto e fabrica\u00e7\u00e3o de termostatos e tampas<\/strong><\/p>\n<\/div>\n\n\n\n<div class=\"wp-block-column is-layout-flow wp-block-column-is-layout-flow\">\n<figure class=\"wp-block-image size-full\" style=\"margin-bottom:var(--wp--preset--spacing--40)\"><a href=\"https:\/\/eu.motorad.com\/wp-content\/uploads\/2025\/04\/MotoRad-IATF-Certificate-.pdf\" target=\"_blank\" rel=\" noreferrer noopener\"><img loading=\"lazy\" decoding=\"async\" width=\"300\" height=\"214\" src=\"https:\/\/eu.motorad.com\/wp-content\/uploads\/2025\/04\/cert1-300x214-1.jpg\" alt=\"\" class=\"wp-image-3265\"\/><\/a><\/figure>\n\n\n\n<p class=\"has-text-align-center\" style=\"margin-bottom:var(--wp--preset--spacing--30)\">Este certificado foi concedido a<\/p>\n\n\n\n<p class=\"has-text-align-center\" style=\"margin-bottom:var(--wp--preset--spacing--30)\"><a href=\"https:\/\/eu.motorad.com\/wp-content\/uploads\/MotoRad-IATF-Certificate-.pdf\"><strong>M.A.P MotoRad Automotive Parts Ltd<\/strong><br\/><\/a>Bar-Lev Industrial Park, Misgav, 20179, Israel<\/p>\n\n\n\n<p class=\"has-text-align-center\" style=\"margin-bottom:var(--wp--preset--spacing--30)\">em reconhecimento ao Sistema de Gest\u00e3o da Qualidade da organiza\u00e7\u00e3o que est\u00e1 em conformidade com<br\/><strong>IATF 16949:2016<\/strong><\/p>\n\n\n\n<p class=\"has-text-align-center\" style=\"margin-bottom:var(--wp--preset--spacing--30)\">O escopo das atividades cobertas por este certificado est\u00e1 definido abaixo<\/p>\n\n\n\n<p class=\"has-text-align-center\" style=\"margin-bottom:var(--wp--preset--spacing--30)\"><strong>Projeto e fabrica\u00e7\u00e3o de termostatos e tampas<\/strong><\/p>\n<\/div>\n<\/div>\n\n<div class=\"wp-block-cover alignfull is-light\" style=\"padding-top:var(--wp--preset--spacing--60);padding-bottom:var(--wp--preset--spacing--60)\"><span aria-hidden=\"true\" class=\"wp-block-cover__background has-background-dim-0 has-background-dim\" style=\"background-color:#ece5d9\"><\/span><img loading=\"lazy\" decoding=\"async\" width=\"1505\" height=\"305\" class=\"wp-block-cover__image-background wp-image-223\" alt=\"\" src=\"https:\/\/eu.motorad.com\/wp-content\/uploads\/2025\/03\/FooterCTA.jpg\" data-object-fit=\"cover\" srcset=\"https:\/\/eu.motorad.com\/wp-content\/uploads\/2025\/03\/FooterCTA.jpg 1505w, https:\/\/eu.motorad.com\/wp-content\/uploads\/2025\/03\/FooterCTA-300x61.jpg 300w, https:\/\/eu.motorad.com\/wp-content\/uploads\/2025\/03\/FooterCTA-1024x208.jpg 1024w, https:\/\/eu.motorad.com\/wp-content\/uploads\/2025\/03\/FooterCTA-768x156.jpg 768w\" sizes=\"auto, (max-width: 1505px) 100vw, 1505px\" \/><div class=\"wp-block-cover__inner-container is-layout-flow wp-block-cover-is-layout-flow\">\n<div class=\"wp-block-columns are-vertically-aligned-center is-layout-flex wp-container-core-columns-is-layout-cbe57604 wp-block-columns-is-layout-flex\">\n<div class=\"wp-block-column is-vertically-aligned-center is-layout-flow wp-block-column-is-layout-flow\" style=\"flex-basis:45%\">\n<h2 class=\"wp-block-heading has-text-align-center has-palette-text-color has-text-color\" id=\"h-need-help-finding-the-right-product\" style=\"margin-bottom:var(--wp--preset--spacing--40)\">Voc\u00ea precisa de ajuda para encontrar o produto certo?<\/h2>\n\n\n\n<p class=\"has-text-align-center has-palette-text-color has-text-color\" style=\"margin-bottom:var(--wp--preset--spacing--50)\">Nossa equipe dedicada est\u00e1 aqui para orientar voc\u00ea na dire\u00e7\u00e3o certa. Clique abaixo e diga-nos como podemos ajudar voc\u00ea a encontrar o produto ideal para a sua necessidade. Sua jornada para experimentar MELHOR come\u00e7a aqui.  <\/p>\n\n\n\n<div class=\"wp-block-buttons is-content-justification-center is-layout-flex wp-container-core-buttons-is-layout-a89b3969 wp-block-buttons-is-layout-flex\">\n<div class=\"wp-block-button\"><a class=\"wp-block-button__link has-text-align-center wp-element-button\" href=\"https:\/\/eu.motorad.com\/contact\/need-help-finding-something\/\">Fale com um especialista da MotoRad<\/a><\/div>\n<\/div>\n<\/div>\n\n\n\n<div class=\"wp-block-column is-layout-flow wp-block-column-is-layout-flow\" style=\"flex-basis:10%\"><\/div>\n\n\n\n<div class=\"wp-block-column is-layout-flow wp-block-column-is-layout-flow\" style=\"flex-basis:45%\">\n<h2 class=\"wp-block-heading has-text-align-center has-palette-text-color has-text-color\" id=\"h-looking-for-custom-development\" style=\"margin-bottom:var(--wp--preset--spacing--40)\">Voc\u00ea est\u00e1 procurando desenvolvimento personalizado?<\/h2>\n\n\n\n<p class=\"has-text-align-center has-palette-text-color has-text-color\" style=\"margin-bottom:var(--wp--preset--spacing--50)\">N\u00e3o se trata apenas de produtos; trata-se de criar solu\u00e7\u00f5es personalizadas que atendam \u00e0s suas necessidades. Voc\u00ea est\u00e1 pronto para dar vida ao seu novo projeto? Clique abaixo e vamos embarcar juntos na jornada de desenvolvimento de produtos personalizados.  <\/p>\n\n\n\n<div class=\"wp-block-buttons is-content-justification-center is-layout-flex wp-container-core-buttons-is-layout-a89b3969 wp-block-buttons-is-layout-flex\">\n<div class=\"wp-block-button is-style-fill\"><a class=\"wp-block-button__link has-palette-bg-color has-palette-text-background-color has-text-color has-background has-text-align-center wp-element-button\" href=\"https:\/\/eu.motorad.com\/contact\/do-you-need-custom-development\/\">Queremos ser seu fornecedor<\/a><\/div>\n<\/div>\n<\/div>\n<\/div>\n<\/div><\/div>\n","protected":false},"excerpt":{"rendered":"<p>Nossa Promessa: qualidade e excel\u00eancia inabal\u00e1veis Na MotoRad, somos impulsionados por um compromisso incans\u00e1vel com a qualidade, precis\u00e3o e excel\u00eancia. [&#8230;]<\/p>\n","protected":false},"author":1,"featured_media":0,"parent":6060,"menu_order":0,"comment_status":"closed","ping_status":"closed","template":"","meta":{"_acf_changed":false,"footnotes":""},"class_list":["post-6781","page","type-page","status-publish","hentry"],"acf":[],"yoast_head":"<!-- This site is optimized with the Yoast SEO Premium plugin v27.2 (Yoast SEO v27.5) - https:\/\/yoast.com\/product\/yoast-seo-premium-wordpress\/ -->\n<title>Certificados - MotoRad<\/title>\n<meta name=\"description\" content=\"Certifica\u00e7\u00f5es da MotoRad, validando nosso compromisso inabal\u00e1vel com os padr\u00f5es internacionais de qualidade e as melhores pr\u00e1ticas na ind\u00fastria automotiva. Descubra os altos padr\u00f5es que mantemos em todos os aspectos do nosso neg\u00f3cio.\" \/>\n<meta name=\"robots\" content=\"index, follow, max-snippet:-1, max-image-preview:large, max-video-preview:-1\" \/>\n<link rel=\"canonical\" href=\"https:\/\/eu.motorad.com\/pt-br\/recursos\/certificados\/\" \/>\n<meta property=\"og:locale\" content=\"pt_BR\" \/>\n<meta property=\"og:type\" content=\"article\" \/>\n<meta property=\"og:title\" content=\"Certificados\" \/>\n<meta property=\"og:description\" content=\"Certifica\u00e7\u00f5es da MotoRad, validando nosso compromisso inabal\u00e1vel com os padr\u00f5es internacionais de qualidade e as melhores pr\u00e1ticas na ind\u00fastria automotiva. Descubra os altos padr\u00f5es que mantemos em todos os aspectos do nosso neg\u00f3cio.\" \/>\n<meta property=\"og:url\" content=\"https:\/\/eu.motorad.com\/pt-br\/recursos\/certificados\/\" \/>\n<meta property=\"og:site_name\" content=\"MotoRad\" \/>\n<meta property=\"article:modified_time\" content=\"2025-06-30T18:29:48+00:00\" \/>\n<meta property=\"og:image\" content=\"https:\/\/eu.motorad.com\/wp-content\/uploads\/2025\/04\/Road_into_Light_2-scaled-1.jpg\" \/>\n\t<meta property=\"og:image:width\" content=\"1920\" \/>\n\t<meta property=\"og:image:height\" content=\"1280\" \/>\n\t<meta property=\"og:image:type\" content=\"image\/jpeg\" \/>\n<meta name=\"twitter:card\" content=\"summary_large_image\" \/>\n<meta name=\"twitter:label1\" content=\"Est. reading time\" \/>\n\t<meta name=\"twitter:data1\" content=\"2 minutos\" \/>\n<script type=\"application\/ld+json\" class=\"yoast-schema-graph\">{\"@context\":\"https:\\\/\\\/schema.org\",\"@graph\":[{\"@type\":\"WebPage\",\"@id\":\"https:\\\/\\\/eu.motorad.com\\\/pt-br\\\/recursos\\\/certificados\\\/\",\"url\":\"https:\\\/\\\/eu.motorad.com\\\/pt-br\\\/recursos\\\/certificados\\\/\",\"name\":\"Certificados - MotoRad\",\"isPartOf\":{\"@id\":\"https:\\\/\\\/eu.motorad.com\\\/pt-br\\\/#website\"},\"primaryImageOfPage\":{\"@id\":\"https:\\\/\\\/eu.motorad.com\\\/pt-br\\\/recursos\\\/certificados\\\/#primaryimage\"},\"image\":{\"@id\":\"https:\\\/\\\/eu.motorad.com\\\/pt-br\\\/recursos\\\/certificados\\\/#primaryimage\"},\"thumbnailUrl\":\"https:\\\/\\\/eu.motorad.com\\\/wp-content\\\/uploads\\\/2025\\\/04\\\/Road_into_Light_2-scaled-1.jpg\",\"datePublished\":\"2025-04-03T14:52:36+00:00\",\"dateModified\":\"2025-06-30T18:29:48+00:00\",\"description\":\"Certifica\u00e7\u00f5es da MotoRad, validando nosso compromisso inabal\u00e1vel com os padr\u00f5es internacionais de qualidade e as melhores pr\u00e1ticas na ind\u00fastria automotiva. Descubra os altos padr\u00f5es que mantemos em todos os aspectos do nosso neg\u00f3cio.\",\"breadcrumb\":{\"@id\":\"https:\\\/\\\/eu.motorad.com\\\/pt-br\\\/recursos\\\/certificados\\\/#breadcrumb\"},\"inLanguage\":\"pt-BR\",\"potentialAction\":[{\"@type\":\"ReadAction\",\"target\":[\"https:\\\/\\\/eu.motorad.com\\\/pt-br\\\/recursos\\\/certificados\\\/\"]}]},{\"@type\":\"ImageObject\",\"inLanguage\":\"pt-BR\",\"@id\":\"https:\\\/\\\/eu.motorad.com\\\/pt-br\\\/recursos\\\/certificados\\\/#primaryimage\",\"url\":\"https:\\\/\\\/eu.motorad.com\\\/wp-content\\\/uploads\\\/2025\\\/04\\\/Road_into_Light_2-scaled-1.jpg\",\"contentUrl\":\"https:\\\/\\\/eu.motorad.com\\\/wp-content\\\/uploads\\\/2025\\\/04\\\/Road_into_Light_2-scaled-1.jpg\"},{\"@type\":\"BreadcrumbList\",\"@id\":\"https:\\\/\\\/eu.motorad.com\\\/pt-br\\\/recursos\\\/certificados\\\/#breadcrumb\",\"itemListElement\":[{\"@type\":\"ListItem\",\"position\":1,\"name\":\"Home\",\"item\":\"https:\\\/\\\/motoradnew.test\\\/pt-br\\\/pagina-inicial\\\/\"},{\"@type\":\"ListItem\",\"position\":2,\"name\":\"Recursos\",\"item\":\"https:\\\/\\\/motoradnew.test\\\/recursos\\\/\"},{\"@type\":\"ListItem\",\"position\":3,\"name\":\"Certificados\"}]},{\"@type\":\"WebSite\",\"@id\":\"https:\\\/\\\/eu.motorad.com\\\/pt-br\\\/#website\",\"url\":\"https:\\\/\\\/eu.motorad.com\\\/pt-br\\\/\",\"name\":\"MotoRad\",\"description\":\"Trusted to Deliver Better - Thermal Management, Emissions, Powertrain Controls\",\"potentialAction\":[{\"@type\":\"SearchAction\",\"target\":{\"@type\":\"EntryPoint\",\"urlTemplate\":\"https:\\\/\\\/eu.motorad.com\\\/pt-br\\\/?s={search_term_string}\"},\"query-input\":{\"@type\":\"PropertyValueSpecification\",\"valueRequired\":true,\"valueName\":\"search_term_string\"}}],\"inLanguage\":\"pt-BR\"}]}<\/script>\n<!-- \/ Yoast SEO Premium plugin. -->","yoast_head_json":{"title":"Certificados - MotoRad","description":"Certifica\u00e7\u00f5es da MotoRad, validando nosso compromisso inabal\u00e1vel com os padr\u00f5es internacionais de qualidade e as melhores pr\u00e1ticas na ind\u00fastria automotiva. Descubra os altos padr\u00f5es que mantemos em todos os aspectos do nosso neg\u00f3cio.","robots":{"index":"index","follow":"follow","max-snippet":"max-snippet:-1","max-image-preview":"max-image-preview:large","max-video-preview":"max-video-preview:-1"},"canonical":"https:\/\/eu.motorad.com\/pt-br\/recursos\/certificados\/","og_locale":"pt_BR","og_type":"article","og_title":"Certificados","og_description":"Certifica\u00e7\u00f5es da MotoRad, validando nosso compromisso inabal\u00e1vel com os padr\u00f5es internacionais de qualidade e as melhores pr\u00e1ticas na ind\u00fastria automotiva. Descubra os altos padr\u00f5es que mantemos em todos os aspectos do nosso neg\u00f3cio.","og_url":"https:\/\/eu.motorad.com\/pt-br\/recursos\/certificados\/","og_site_name":"MotoRad","article_modified_time":"2025-06-30T18:29:48+00:00","og_image":[{"width":1920,"height":1280,"url":"https:\/\/eu.motorad.com\/wp-content\/uploads\/2025\/04\/Road_into_Light_2-scaled-1.jpg","type":"image\/jpeg"}],"twitter_card":"summary_large_image","twitter_misc":{"Est. reading time":"2 minutos"},"schema":{"@context":"https:\/\/schema.org","@graph":[{"@type":"WebPage","@id":"https:\/\/eu.motorad.com\/pt-br\/recursos\/certificados\/","url":"https:\/\/eu.motorad.com\/pt-br\/recursos\/certificados\/","name":"Certificados - MotoRad","isPartOf":{"@id":"https:\/\/eu.motorad.com\/pt-br\/#website"},"primaryImageOfPage":{"@id":"https:\/\/eu.motorad.com\/pt-br\/recursos\/certificados\/#primaryimage"},"image":{"@id":"https:\/\/eu.motorad.com\/pt-br\/recursos\/certificados\/#primaryimage"},"thumbnailUrl":"https:\/\/eu.motorad.com\/wp-content\/uploads\/2025\/04\/Road_into_Light_2-scaled-1.jpg","datePublished":"2025-04-03T14:52:36+00:00","dateModified":"2025-06-30T18:29:48+00:00","description":"Certifica\u00e7\u00f5es da MotoRad, validando nosso compromisso inabal\u00e1vel com os padr\u00f5es internacionais de qualidade e as melhores pr\u00e1ticas na ind\u00fastria automotiva. Descubra os altos padr\u00f5es que mantemos em todos os aspectos do nosso neg\u00f3cio.","breadcrumb":{"@id":"https:\/\/eu.motorad.com\/pt-br\/recursos\/certificados\/#breadcrumb"},"inLanguage":"pt-BR","potentialAction":[{"@type":"ReadAction","target":["https:\/\/eu.motorad.com\/pt-br\/recursos\/certificados\/"]}]},{"@type":"ImageObject","inLanguage":"pt-BR","@id":"https:\/\/eu.motorad.com\/pt-br\/recursos\/certificados\/#primaryimage","url":"https:\/\/eu.motorad.com\/wp-content\/uploads\/2025\/04\/Road_into_Light_2-scaled-1.jpg","contentUrl":"https:\/\/eu.motorad.com\/wp-content\/uploads\/2025\/04\/Road_into_Light_2-scaled-1.jpg"},{"@type":"BreadcrumbList","@id":"https:\/\/eu.motorad.com\/pt-br\/recursos\/certificados\/#breadcrumb","itemListElement":[{"@type":"ListItem","position":1,"name":"Home","item":"https:\/\/motoradnew.test\/pt-br\/pagina-inicial\/"},{"@type":"ListItem","position":2,"name":"Recursos","item":"https:\/\/motoradnew.test\/recursos\/"},{"@type":"ListItem","position":3,"name":"Certificados"}]},{"@type":"WebSite","@id":"https:\/\/eu.motorad.com\/pt-br\/#website","url":"https:\/\/eu.motorad.com\/pt-br\/","name":"MotoRad","description":"Trusted to Deliver Better - Thermal Management, Emissions, Powertrain Controls","potentialAction":[{"@type":"SearchAction","target":{"@type":"EntryPoint","urlTemplate":"https:\/\/eu.motorad.com\/pt-br\/?s={search_term_string}"},"query-input":{"@type":"PropertyValueSpecification","valueRequired":true,"valueName":"search_term_string"}}],"inLanguage":"pt-BR"}]}},"_links":{"self":[{"href":"https:\/\/eu.motorad.com\/pt-br\/wp-json\/wp\/v2\/pages\/6781","targetHints":{"allow":["GET"]}}],"collection":[{"href":"https:\/\/eu.motorad.com\/pt-br\/wp-json\/wp\/v2\/pages"}],"about":[{"href":"https:\/\/eu.motorad.com\/pt-br\/wp-json\/wp\/v2\/types\/page"}],"author":[{"embeddable":true,"href":"https:\/\/eu.motorad.com\/pt-br\/wp-json\/wp\/v2\/users\/1"}],"replies":[{"embeddable":true,"href":"https:\/\/eu.motorad.com\/pt-br\/wp-json\/wp\/v2\/comments?post=6781"}],"version-history":[{"count":1,"href":"https:\/\/eu.motorad.com\/pt-br\/wp-json\/wp\/v2\/pages\/6781\/revisions"}],"predecessor-version":[{"id":6782,"href":"https:\/\/eu.motorad.com\/pt-br\/wp-json\/wp\/v2\/pages\/6781\/revisions\/6782"}],"up":[{"embeddable":true,"href":"https:\/\/eu.motorad.com\/pt-br\/wp-json\/wp\/v2\/pages\/6060"}],"wp:attachment":[{"href":"https:\/\/eu.motorad.com\/pt-br\/wp-json\/wp\/v2\/media?parent=6781"}],"curies":[{"name":"wp","href":"https:\/\/api.w.org\/{rel}","templated":true}]}}