{"id":87862,"date":"2026-01-15T21:03:52","date_gmt":"2026-01-15T21:03:52","guid":{"rendered":"https:\/\/eu.motorad.com\/instrucoes-de-seguranca-e-instalacao\/"},"modified":"2026-03-17T16:15:52","modified_gmt":"2026-03-17T16:15:52","slug":"instrucoes-de-seguranca-e-instalacao","status":"publish","type":"page","link":"https:\/\/eu.motorad.com\/pt-br\/instrucoes-de-seguranca-e-instalacao\/","title":{"rendered":"Instru\u00e7\u00f5es de seguran\u00e7a e instala\u00e7\u00e3o"},"content":{"rendered":"\n<div class=\"wp-block-cover alignfull is-light\" style=\"min-height:350px;aspect-ratio:unset;\"><img decoding=\"async\" class=\"wp-block-cover__image-background wp-image-86608 size-full\" alt=\"\" src=\"https:\/\/motorad.com\/wp-content\/uploads\/safety.jpg\" data-object-fit=\"cover\"\/><span aria-hidden=\"true\" class=\"wp-block-cover__background has-background-dim-0 has-background-dim\" style=\"background-color:#f6d81c\"><\/span><div class=\"wp-block-cover__inner-container is-layout-flow wp-block-cover-is-layout-flow\">\n<h1 class=\"wp-block-heading\" id=\"h-safety-instructions\">Seguran\u00e7a<br\/>Instru\u00e7\u00f5es<\/h1>\n<\/div><\/div>\n\n<p style=\"margin-top:var(--wp--preset--spacing--50);margin-right:0;margin-bottom:var(--wp--preset--spacing--50);margin-left:0\">As instru\u00e7\u00f5es de seguran\u00e7a e instala\u00e7\u00e3o da MotoRad s\u00e3o fornecidas para t\u00e9cnicos profissionais e propriet\u00e1rios de ve\u00edculos informados. Sempre leia a folha de instru\u00e7\u00f5es completa antes de come\u00e7ar a trabalhar. Use equipamentos de prote\u00e7\u00e3o individual adequados, siga todos os avisos e cumpra os regulamentos locais. Os documentos abaixo s\u00e3o as vers\u00f5es mais recentes; embalagens e downloads mais antigos podem conter revis\u00f5es anteriores. Em caso de conflito de orienta\u00e7\u00f5es, a vers\u00e3o on-line controla    <\/p>\n\n<ul id=\"mr-safety-list\" class=\"wp-block-list\">\n<li><a href=\"https:\/\/images.motorad.com\/MotoRad-stills\/93-20301-0001_MotoRad_Temperature_Sensors_Safety_Instructions.pdf\" target=\"_blank\" rel=\"noreferrer noopener\">Sensores de temperatura &#8211; Instru\u00e7\u00f5es de seguran\u00e7a<\/a><\/li>\n\n\n\n<li><a href=\"https:\/\/images.motorad.com\/MotoRad-stills\/93-30501-0001_MotoRad_Fuel_and_Tethered_Fuel_Caps_Safety_Instructions.pdf\" target=\"_blank\" rel=\"noreferrer noopener\">Tampas de combust\u00edvel e de combust\u00edvel com fio &#8211; Instru\u00e7\u00f5es de seguran\u00e7a  <\/a><\/li>\n\n\n\n<li><a href=\"https:\/\/images.motorad.com\/MotoRad-stills\/93-30201-0001_MotoRad_Coolant_and_Oil_Caps_Safety_Instructions.pdf\" target=\"_blank\" rel=\"noreferrer noopener\">Tampas do l\u00edquido de arrefecimento e do \u00f3leo &#8211; Instru\u00e7\u00f5es de seguran\u00e7a<\/a><\/li>\n\n\n\n<li><a href=\"https:\/\/images.motorad.com\/MotoRad-stills\/93-30801-0001_MotoRad_Leak_Detection_Pumps_and_Coolant_System_Tester_Safety_Instructions.pdf\" target=\"_blank\" rel=\"noreferrer noopener\">Bombas de detec\u00e7\u00e3o de vazamento e testador do sistema de arrefecimento &#8211; Instru\u00e7\u00f5es de seguran\u00e7a  <\/a><\/li>\n\n\n\n<li><a href=\"https:\/\/images.motorad.com\/MotoRad-stills\/93-30901-0001_MotoRad_EVAP_Components_Safety_Instructions.pdf\" target=\"_blank\" rel=\"noreferrer noopener\">Componentes do EVAP &#8211; Instru\u00e7\u00f5es de seguran\u00e7a  <\/a><\/li>\n\n\n\n<li><a href=\"https:\/\/images.motorad.com\/MotoRad-stills\/93-20501-0001_MotoRad_Mass_Air_Flow_MAF_Sensors_Safety_Instructions.pdf\" target=\"_blank\" rel=\"noreferrer noopener\">Sensores de fluxo de ar de massa (MAF) &#8211; Instru\u00e7\u00f5es de seguran\u00e7a  <\/a><\/li>\n\n\n\n<li><a href=\"https:\/\/images.motorad.com\/MotoRad-stills\/93-20701-0001_MotoRad_Position_Sensors_Safety_Instructions.pdf\" target=\"_blank\" rel=\"noreferrer noopener\">Sensores de posi\u00e7\u00e3o &#8211; Instru\u00e7\u00f5es de seguran\u00e7a  <\/a><\/li>\n\n\n\n<li><a href=\"https:\/\/images.motorad.com\/MotoRad-stills\/93-20401-0001_MotoRad_VVT_Solenoids_Safety_Instructions.pdf\" target=\"_blank\" rel=\"noreferrer noopener\">Solenoides VVT &#8211; Instru\u00e7\u00f5es de seguran\u00e7a  <\/a><\/li>\n\n\n\n<li><a href=\"https:\/\/images.motorad.com\/MotoRad-stills\/93-20602-0001_MotoRad_Ignition_Coils_Safety_Instructions.pdf\" target=\"_blank\" rel=\"noreferrer noopener\">Bobinas de igni\u00e7\u00e3o &#8211; Instru\u00e7\u00f5es de seguran\u00e7a  <\/a><\/li>\n\n\n\n<li><a href=\"https:\/\/images.motorad.com\/MotoRad-stills\/93-10701-0001_MotoRad_Thermostats_Safety_Instructions.pdf\" target=\"_blank\" rel=\"noreferrer noopener\">Termostatos &#8211; Instru\u00e7\u00f5es de seguran\u00e7a<\/a><\/li>\n<\/ul>\n\n<p style=\"margin-top:var(--wp--preset--spacing--50);margin-right:0;margin-bottom:var(--wp--preset--spacing--50);margin-left:0\">Para obter suporte t\u00e9cnico ou relatar um problema de seguran\u00e7a, entre em contato com <a href=\"mailto:info@motorad.com\">a MotoRad<\/a>.<\/p>\n","protected":false},"excerpt":{"rendered":"<p>As instru\u00e7\u00f5es de seguran\u00e7a e instala\u00e7\u00e3o da MotoRad s\u00e3o fornecidas para t\u00e9cnicos profissionais e propriet\u00e1rios de ve\u00edculos informados. Sempre leia [&#8230;]<\/p>\n","protected":false},"author":2,"featured_media":0,"parent":0,"menu_order":0,"comment_status":"closed","ping_status":"closed","template":"","meta":{"_acf_changed":false,"footnotes":""},"class_list":["post-87862","page","type-page","status-publish","hentry"],"acf":[],"yoast_head":"<!-- This site is optimized with the Yoast SEO Premium plugin v27.2 (Yoast SEO v27.5) - https:\/\/yoast.com\/product\/yoast-seo-premium-wordpress\/ -->\n<title>Instru\u00e7\u00f5es de seguran\u00e7a e instala\u00e7\u00e3o - MotoRad<\/title>\n<meta name=\"description\" content=\"MotoRad - Instru\u00e7\u00f5es de seguran\u00e7a e instala\u00e7\u00e3o %\" \/>\n<meta name=\"robots\" content=\"index, follow, max-snippet:-1, max-image-preview:large, max-video-preview:-1\" \/>\n<link rel=\"canonical\" href=\"https:\/\/eu.motorad.com\/pt-br\/instrucoes-de-seguranca-e-instalacao\/\" \/>\n<meta property=\"og:locale\" content=\"pt_BR\" \/>\n<meta property=\"og:type\" content=\"article\" \/>\n<meta property=\"og:title\" content=\"Instru\u00e7\u00f5es de seguran\u00e7a e instala\u00e7\u00e3o\" \/>\n<meta property=\"og:description\" content=\"MotoRad - Instru\u00e7\u00f5es de seguran\u00e7a e instala\u00e7\u00e3o %\" \/>\n<meta property=\"og:url\" content=\"https:\/\/eu.motorad.com\/pt-br\/instrucoes-de-seguranca-e-instalacao\/\" \/>\n<meta property=\"og:site_name\" content=\"MotoRad\" \/>\n<meta property=\"article:modified_time\" content=\"2026-03-17T16:15:52+00:00\" \/>\n<meta name=\"twitter:card\" content=\"summary_large_image\" \/>\n<meta name=\"twitter:label1\" content=\"Est. reading time\" \/>\n\t<meta name=\"twitter:data1\" content=\"1 minuto\" \/>\n<script type=\"application\/ld+json\" class=\"yoast-schema-graph\">{\"@context\":\"https:\\\/\\\/schema.org\",\"@graph\":[{\"@type\":\"WebPage\",\"@id\":\"https:\\\/\\\/eu.motorad.com\\\/pt-br\\\/instrucoes-de-seguranca-e-instalacao\\\/\",\"url\":\"https:\\\/\\\/eu.motorad.com\\\/pt-br\\\/instrucoes-de-seguranca-e-instalacao\\\/\",\"name\":\"Instru\u00e7\u00f5es de seguran\u00e7a e instala\u00e7\u00e3o - MotoRad\",\"isPartOf\":{\"@id\":\"https:\\\/\\\/eu.motorad.com\\\/pt-br\\\/#website\"},\"primaryImageOfPage\":{\"@id\":\"https:\\\/\\\/eu.motorad.com\\\/pt-br\\\/instrucoes-de-seguranca-e-instalacao\\\/#primaryimage\"},\"image\":{\"@id\":\"https:\\\/\\\/eu.motorad.com\\\/pt-br\\\/instrucoes-de-seguranca-e-instalacao\\\/#primaryimage\"},\"thumbnailUrl\":\"https:\\\/\\\/motorad.com\\\/wp-content\\\/uploads\\\/safety.jpg\",\"datePublished\":\"2026-01-15T21:03:52+00:00\",\"dateModified\":\"2026-03-17T16:15:52+00:00\",\"description\":\"MotoRad - Instru\u00e7\u00f5es de seguran\u00e7a e instala\u00e7\u00e3o %\",\"breadcrumb\":{\"@id\":\"https:\\\/\\\/eu.motorad.com\\\/pt-br\\\/instrucoes-de-seguranca-e-instalacao\\\/#breadcrumb\"},\"inLanguage\":\"pt-BR\",\"potentialAction\":[{\"@type\":\"ReadAction\",\"target\":[\"https:\\\/\\\/eu.motorad.com\\\/pt-br\\\/instrucoes-de-seguranca-e-instalacao\\\/\"]}]},{\"@type\":\"ImageObject\",\"inLanguage\":\"pt-BR\",\"@id\":\"https:\\\/\\\/eu.motorad.com\\\/pt-br\\\/instrucoes-de-seguranca-e-instalacao\\\/#primaryimage\",\"url\":\"https:\\\/\\\/motorad.com\\\/wp-content\\\/uploads\\\/safety.jpg\",\"contentUrl\":\"https:\\\/\\\/motorad.com\\\/wp-content\\\/uploads\\\/safety.jpg\"},{\"@type\":\"BreadcrumbList\",\"@id\":\"https:\\\/\\\/eu.motorad.com\\\/pt-br\\\/instrucoes-de-seguranca-e-instalacao\\\/#breadcrumb\",\"itemListElement\":[{\"@type\":\"ListItem\",\"position\":1,\"name\":\"Home\",\"item\":\"https:\\\/\\\/motoradnew.test\\\/pt-br\\\/pagina-inicial\\\/\"},{\"@type\":\"ListItem\",\"position\":2,\"name\":\"Instru\u00e7\u00f5es de seguran\u00e7a e instala\u00e7\u00e3o\"}]},{\"@type\":\"WebSite\",\"@id\":\"https:\\\/\\\/eu.motorad.com\\\/pt-br\\\/#website\",\"url\":\"https:\\\/\\\/eu.motorad.com\\\/pt-br\\\/\",\"name\":\"MotoRad\",\"description\":\"Trusted to Deliver Better - Thermal Management, Emissions, Powertrain Controls\",\"potentialAction\":[{\"@type\":\"SearchAction\",\"target\":{\"@type\":\"EntryPoint\",\"urlTemplate\":\"https:\\\/\\\/eu.motorad.com\\\/pt-br\\\/?s={search_term_string}\"},\"query-input\":{\"@type\":\"PropertyValueSpecification\",\"valueRequired\":true,\"valueName\":\"search_term_string\"}}],\"inLanguage\":\"pt-BR\"}]}<\/script>\n<!-- \/ Yoast SEO Premium plugin. -->","yoast_head_json":{"title":"Instru\u00e7\u00f5es de seguran\u00e7a e instala\u00e7\u00e3o - MotoRad","description":"MotoRad - Instru\u00e7\u00f5es de seguran\u00e7a e instala\u00e7\u00e3o %","robots":{"index":"index","follow":"follow","max-snippet":"max-snippet:-1","max-image-preview":"max-image-preview:large","max-video-preview":"max-video-preview:-1"},"canonical":"https:\/\/eu.motorad.com\/pt-br\/instrucoes-de-seguranca-e-instalacao\/","og_locale":"pt_BR","og_type":"article","og_title":"Instru\u00e7\u00f5es de seguran\u00e7a e instala\u00e7\u00e3o","og_description":"MotoRad - Instru\u00e7\u00f5es de seguran\u00e7a e instala\u00e7\u00e3o %","og_url":"https:\/\/eu.motorad.com\/pt-br\/instrucoes-de-seguranca-e-instalacao\/","og_site_name":"MotoRad","article_modified_time":"2026-03-17T16:15:52+00:00","twitter_card":"summary_large_image","twitter_misc":{"Est. reading time":"1 minuto"},"schema":{"@context":"https:\/\/schema.org","@graph":[{"@type":"WebPage","@id":"https:\/\/eu.motorad.com\/pt-br\/instrucoes-de-seguranca-e-instalacao\/","url":"https:\/\/eu.motorad.com\/pt-br\/instrucoes-de-seguranca-e-instalacao\/","name":"Instru\u00e7\u00f5es de seguran\u00e7a e instala\u00e7\u00e3o - MotoRad","isPartOf":{"@id":"https:\/\/eu.motorad.com\/pt-br\/#website"},"primaryImageOfPage":{"@id":"https:\/\/eu.motorad.com\/pt-br\/instrucoes-de-seguranca-e-instalacao\/#primaryimage"},"image":{"@id":"https:\/\/eu.motorad.com\/pt-br\/instrucoes-de-seguranca-e-instalacao\/#primaryimage"},"thumbnailUrl":"https:\/\/motorad.com\/wp-content\/uploads\/safety.jpg","datePublished":"2026-01-15T21:03:52+00:00","dateModified":"2026-03-17T16:15:52+00:00","description":"MotoRad - Instru\u00e7\u00f5es de seguran\u00e7a e instala\u00e7\u00e3o %","breadcrumb":{"@id":"https:\/\/eu.motorad.com\/pt-br\/instrucoes-de-seguranca-e-instalacao\/#breadcrumb"},"inLanguage":"pt-BR","potentialAction":[{"@type":"ReadAction","target":["https:\/\/eu.motorad.com\/pt-br\/instrucoes-de-seguranca-e-instalacao\/"]}]},{"@type":"ImageObject","inLanguage":"pt-BR","@id":"https:\/\/eu.motorad.com\/pt-br\/instrucoes-de-seguranca-e-instalacao\/#primaryimage","url":"https:\/\/motorad.com\/wp-content\/uploads\/safety.jpg","contentUrl":"https:\/\/motorad.com\/wp-content\/uploads\/safety.jpg"},{"@type":"BreadcrumbList","@id":"https:\/\/eu.motorad.com\/pt-br\/instrucoes-de-seguranca-e-instalacao\/#breadcrumb","itemListElement":[{"@type":"ListItem","position":1,"name":"Home","item":"https:\/\/motoradnew.test\/pt-br\/pagina-inicial\/"},{"@type":"ListItem","position":2,"name":"Instru\u00e7\u00f5es de seguran\u00e7a e instala\u00e7\u00e3o"}]},{"@type":"WebSite","@id":"https:\/\/eu.motorad.com\/pt-br\/#website","url":"https:\/\/eu.motorad.com\/pt-br\/","name":"MotoRad","description":"Trusted to Deliver Better - Thermal Management, Emissions, Powertrain Controls","potentialAction":[{"@type":"SearchAction","target":{"@type":"EntryPoint","urlTemplate":"https:\/\/eu.motorad.com\/pt-br\/?s={search_term_string}"},"query-input":{"@type":"PropertyValueSpecification","valueRequired":true,"valueName":"search_term_string"}}],"inLanguage":"pt-BR"}]}},"_links":{"self":[{"href":"https:\/\/eu.motorad.com\/pt-br\/wp-json\/wp\/v2\/pages\/87862","targetHints":{"allow":["GET"]}}],"collection":[{"href":"https:\/\/eu.motorad.com\/pt-br\/wp-json\/wp\/v2\/pages"}],"about":[{"href":"https:\/\/eu.motorad.com\/pt-br\/wp-json\/wp\/v2\/types\/page"}],"author":[{"embeddable":true,"href":"https:\/\/eu.motorad.com\/pt-br\/wp-json\/wp\/v2\/users\/2"}],"replies":[{"embeddable":true,"href":"https:\/\/eu.motorad.com\/pt-br\/wp-json\/wp\/v2\/comments?post=87862"}],"version-history":[{"count":1,"href":"https:\/\/eu.motorad.com\/pt-br\/wp-json\/wp\/v2\/pages\/87862\/revisions"}],"predecessor-version":[{"id":87870,"href":"https:\/\/eu.motorad.com\/pt-br\/wp-json\/wp\/v2\/pages\/87862\/revisions\/87870"}],"wp:attachment":[{"href":"https:\/\/eu.motorad.com\/pt-br\/wp-json\/wp\/v2\/media?parent=87862"}],"curies":[{"name":"wp","href":"https:\/\/api.w.org\/{rel}","templated":true}]}}